{"id":310064,"date":"2019-04-30T08:05:03","date_gmt":"2019-04-30T07:05:03","guid":{"rendered":"https:\/\/www.purejewels.com\/?post_type=product&#038;p=310064"},"modified":"2026-03-26T08:10:47","modified_gmt":"2026-03-26T08:10:47","slug":"filigraner-anhanger-aus-22-karat-gold-6","status":"publish","type":"product","link":"https:\/\/www.purejewels.com\/de\/product\/22ct-gold-filigree-pendant-6\/","title":{"rendered":"22ct Gold Petal Crest-Anh\u00e4nger"},"content":{"rendered":"<ul><\/br><\/p>\n<li>22ct Gold Filigraner Anh\u00e4nger<\/li>\n<p><\/br><\/p>\n<li>Geeignet f\u00fcr Alltagskleidung<\/li>\n<p><\/br><\/p>\n<li>Wt. 1.7 g<\/li>\n<p><\/br><\/p>\n<li>SKU. 30348<\/li>\n<p><\/br><\/p>\n<li>Kette nicht im Preis enthalten<\/li>\n<p><\/br><\/p>\n<li>Alle Preise inklusive Mehrwertsteuer<\/li>\n<p><\/br><\/p>\n<li>Alle unsere Produkte sind vom London Assay Office gestempelt.<\/li>\n<p><\/br><\/p>\n<li>Alle Sets werden mit Pr\u00e4sentationsbox geliefert<\/li>\n<p><\/br><\/p>\n<li>Kostenlose Lieferung in ganz UK<\/li>\n<p><\/br><\/p>\n<li>Kontaktieren Sie uns \/ chatten Sie mit uns f\u00fcr das Video des Produkts<\/li>\n<p><\/br><\/ul>\n<p><\/br><\/p>","protected":false},"excerpt":{"rendered":"<p>Der Anh\u00e4nger hat eine weiche, an Bl\u00fctenbl\u00e4tter erinnernde Silhouette mit einem erhabenen zentralen Motiv, das von einer strukturierten Form eingerahmt wird. Die diamantgeschliffene Oberfl\u00e4che verst\u00e4rkt die Lichtreflexion und schafft eine subtile, aber auff\u00e4llige Textur.<\/p>","protected":false},"featured_media":310069,"comment_status":"closed","ping_status":"closed","template":"","meta":{"_eb_attr":"","_crsspst_to_jayantr4sg-hostcom":false},"product_brand":[],"product_cat":[1229,1255,1574],"product_tag":[],"class_list":{"0":"post-310064","1":"product","2":"type-product","3":"status-publish","4":"has-post-thumbnail","6":"product_cat-22ct-gold-jewellery","7":"product_cat-gold-pendants","8":"product_cat-womens-jewellery","10":"first","11":"outofstock","12":"sale","13":"taxable","14":"shipping-taxable","15":"product-type-simple","16":"add-to-wishlist-before_image"},"yoast_head":"<!-- This site is optimized with the Yoast SEO plugin v27.3 - https:\/\/yoast.com\/product\/yoast-seo-wordpress\/ -->\n<title>22ct Gold Petal Crest Pendant Diamond Cut | Online at PureJewels<\/title>\n<meta name=\"description\" content=\"Shop 22ct gold petal crest pendant with diamond cut texture and raised centre detail. A refined everyday gold piece. PureJewels\" \/>\n<meta name=\"robots\" content=\"index, follow, max-snippet:-1, max-image-preview:large, max-video-preview:-1\" \/>\n<link rel=\"canonical\" href=\"https:\/\/www.purejewels.com\/de\/produkt-2\/filigraner-anhanger-aus-22-karat-gold-6\/\" \/>\n<meta property=\"og:locale\" content=\"de_DE\" \/>\n<meta property=\"og:type\" content=\"article\" \/>\n<meta property=\"og:title\" content=\"22ct Gold Petal Crest Pendant Diamond Cut | Online at PureJewels\" \/>\n<meta property=\"og:description\" content=\"Shop 22ct gold petal crest pendant with diamond cut texture and raised centre detail. A refined everyday gold piece. PureJewels\" \/>\n<meta property=\"og:url\" content=\"https:\/\/www.purejewels.com\/de\/produkt-2\/filigraner-anhanger-aus-22-karat-gold-6\/\" \/>\n<meta property=\"og:site_name\" content=\"PureJewels UK\" \/>\n<meta property=\"article:modified_time\" content=\"2026-03-26T08:10:47+00:00\" \/>\n<meta property=\"og:image\" content=\"https:\/\/static.purejewels.com\/wp-content\/uploads\/2019\/04\/NO-ID-11.jpg\" \/>\n\t<meta property=\"og:image:width\" content=\"1000\" \/>\n\t<meta property=\"og:image:height\" content=\"1000\" \/>\n\t<meta property=\"og:image:type\" content=\"image\/jpeg\" \/>\n<meta name=\"twitter:card\" content=\"summary_large_image\" \/>\n<meta name=\"twitter:label1\" content=\"Gesch\u00e4tzte Lesezeit\" \/>\n\t<meta name=\"twitter:data1\" content=\"1\u00a0Minute\" \/>\n<script type=\"application\/ld+json\" class=\"yoast-schema-graph\">{\"@context\":\"https:\\\/\\\/schema.org\",\"@graph\":[{\"@type\":[\"WebPage\",\"ItemPage\"],\"@id\":\"https:\\\/\\\/www.purejewels.com\\\/product\\\/22ct-gold-filigree-pendant-6\\\/\",\"url\":\"https:\\\/\\\/www.purejewels.com\\\/product\\\/22ct-gold-filigree-pendant-6\\\/\",\"name\":\"22ct Gold Petal Crest Pendant Diamond Cut | Online at PureJewels\",\"isPartOf\":{\"@id\":\"https:\\\/\\\/www.purejewels.com\\\/#website\"},\"primaryImageOfPage\":{\"@id\":\"https:\\\/\\\/www.purejewels.com\\\/product\\\/22ct-gold-filigree-pendant-6\\\/#primaryimage\"},\"image\":{\"@id\":\"https:\\\/\\\/www.purejewels.com\\\/product\\\/22ct-gold-filigree-pendant-6\\\/#primaryimage\"},\"thumbnailUrl\":\"https:\\\/\\\/static.purejewels.com\\\/wp-content\\\/uploads\\\/2019\\\/04\\\/NO-ID-11.jpg\",\"datePublished\":\"2019-04-30T07:05:03+00:00\",\"dateModified\":\"2026-03-26T08:10:47+00:00\",\"description\":\"Shop 22ct gold petal crest pendant with diamond cut texture and raised centre detail. A refined everyday gold piece. PureJewels\",\"breadcrumb\":{\"@id\":\"https:\\\/\\\/www.purejewels.com\\\/product\\\/22ct-gold-filigree-pendant-6\\\/#breadcrumb\"},\"inLanguage\":\"de\",\"potentialAction\":[{\"@type\":\"ReadAction\",\"target\":[\"https:\\\/\\\/www.purejewels.com\\\/product\\\/22ct-gold-filigree-pendant-6\\\/\"]}]},{\"@type\":\"ImageObject\",\"inLanguage\":\"de\",\"@id\":\"https:\\\/\\\/www.purejewels.com\\\/product\\\/22ct-gold-filigree-pendant-6\\\/#primaryimage\",\"url\":\"https:\\\/\\\/static.purejewels.com\\\/wp-content\\\/uploads\\\/2019\\\/04\\\/NO-ID-11.jpg\",\"contentUrl\":\"https:\\\/\\\/static.purejewels.com\\\/wp-content\\\/uploads\\\/2019\\\/04\\\/NO-ID-11.jpg\",\"width\":1000,\"height\":1000,\"caption\":\"NO-ID-11\"},{\"@type\":\"BreadcrumbList\",\"@id\":\"https:\\\/\\\/www.purejewels.com\\\/product\\\/22ct-gold-filigree-pendant-6\\\/#breadcrumb\",\"itemListElement\":[{\"@type\":\"ListItem\",\"position\":1,\"name\":\"Home\",\"item\":\"https:\\\/\\\/www.purejewels.com\\\/\"},{\"@type\":\"ListItem\",\"position\":2,\"name\":\"Shop\",\"item\":\"https:\\\/\\\/www.purejewels.com\\\/shop\\\/\"},{\"@type\":\"ListItem\",\"position\":3,\"name\":\"22ct Gold Petal Crest Pendant\"}]},{\"@type\":\"WebSite\",\"@id\":\"https:\\\/\\\/www.purejewels.com\\\/#website\",\"url\":\"https:\\\/\\\/www.purejewels.com\\\/\",\"name\":\"PureJewels UK\",\"description\":\"Share the Love\",\"publisher\":{\"@id\":\"https:\\\/\\\/www.purejewels.com\\\/#organization\"},\"potentialAction\":[{\"@type\":\"SearchAction\",\"target\":{\"@type\":\"EntryPoint\",\"urlTemplate\":\"https:\\\/\\\/www.purejewels.com\\\/?s={search_term_string}\"},\"query-input\":{\"@type\":\"PropertyValueSpecification\",\"valueRequired\":true,\"valueName\":\"search_term_string\"}}],\"inLanguage\":\"de\"},{\"@type\":\"Organization\",\"@id\":\"https:\\\/\\\/www.purejewels.com\\\/#organization\",\"name\":\"PureJewels UK\",\"url\":\"https:\\\/\\\/www.purejewels.com\\\/\",\"logo\":{\"@type\":\"ImageObject\",\"inLanguage\":\"de\",\"@id\":\"https:\\\/\\\/www.purejewels.com\\\/#\\\/schema\\\/logo\\\/image\\\/\",\"url\":\"https:\\\/\\\/static.purejewels.com\\\/wp-content\\\/uploads\\\/2020\\\/11\\\/Logo-PJ-New-1.png\",\"contentUrl\":\"https:\\\/\\\/static.purejewels.com\\\/wp-content\\\/uploads\\\/2020\\\/11\\\/Logo-PJ-New-1.png\",\"width\":150,\"height\":80,\"caption\":\"PureJewels UK\"},\"image\":{\"@id\":\"https:\\\/\\\/www.purejewels.com\\\/#\\\/schema\\\/logo\\\/image\\\/\"}}]}<\/script>\n<!-- \/ Yoast SEO plugin. -->","yoast_head_json":{"title":"22ct Gold Petal Crest Anh\u00e4nger Diamantschliff | Online bei PureJewels","description":"Shop 22ct Gold Petal Crest Anh\u00e4nger mit diamantgeschliffener Textur und erh\u00f6htem Mittelteil. Ein raffiniertes Alltagsst\u00fcck aus Gold. PureJewels","robots":{"index":"index","follow":"follow","max-snippet":"max-snippet:-1","max-image-preview":"max-image-preview:large","max-video-preview":"max-video-preview:-1"},"canonical":"https:\/\/www.purejewels.com\/de\/produkt-2\/filigraner-anhanger-aus-22-karat-gold-6\/","og_locale":"de_DE","og_type":"article","og_title":"22ct Gold Petal Crest Pendant Diamond Cut | Online at PureJewels","og_description":"Shop 22ct gold petal crest pendant with diamond cut texture and raised centre detail. A refined everyday gold piece. PureJewels","og_url":"https:\/\/www.purejewels.com\/de\/produkt-2\/filigraner-anhanger-aus-22-karat-gold-6\/","og_site_name":"PureJewels UK","article_modified_time":"2026-03-26T08:10:47+00:00","og_image":[{"width":1000,"height":1000,"url":"https:\/\/static.purejewels.com\/wp-content\/uploads\/2019\/04\/NO-ID-11.jpg","type":"image\/jpeg"}],"twitter_card":"summary_large_image","twitter_misc":{"Gesch\u00e4tzte Lesezeit":"1\u00a0Minute"},"schema":{"@context":"https:\/\/schema.org","@graph":[{"@type":["WebPage","ItemPage"],"@id":"https:\/\/www.purejewels.com\/product\/22ct-gold-filigree-pendant-6\/","url":"https:\/\/www.purejewels.com\/product\/22ct-gold-filigree-pendant-6\/","name":"22ct Gold Petal Crest Anh\u00e4nger Diamantschliff | Online bei PureJewels","isPartOf":{"@id":"https:\/\/www.purejewels.com\/#website"},"primaryImageOfPage":{"@id":"https:\/\/www.purejewels.com\/product\/22ct-gold-filigree-pendant-6\/#primaryimage"},"image":{"@id":"https:\/\/www.purejewels.com\/product\/22ct-gold-filigree-pendant-6\/#primaryimage"},"thumbnailUrl":"https:\/\/static.purejewels.com\/wp-content\/uploads\/2019\/04\/NO-ID-11.jpg","datePublished":"2019-04-30T07:05:03+00:00","dateModified":"2026-03-26T08:10:47+00:00","description":"Shop 22ct Gold Petal Crest Anh\u00e4nger mit diamantgeschliffener Textur und erh\u00f6htem Mittelteil. Ein raffiniertes Alltagsst\u00fcck aus Gold. PureJewels","breadcrumb":{"@id":"https:\/\/www.purejewels.com\/product\/22ct-gold-filigree-pendant-6\/#breadcrumb"},"inLanguage":"de","potentialAction":[{"@type":"ReadAction","target":["https:\/\/www.purejewels.com\/product\/22ct-gold-filigree-pendant-6\/"]}]},{"@type":"ImageObject","inLanguage":"de","@id":"https:\/\/www.purejewels.com\/product\/22ct-gold-filigree-pendant-6\/#primaryimage","url":"https:\/\/static.purejewels.com\/wp-content\/uploads\/2019\/04\/NO-ID-11.jpg","contentUrl":"https:\/\/static.purejewels.com\/wp-content\/uploads\/2019\/04\/NO-ID-11.jpg","width":1000,"height":1000,"caption":"NO-ID-11"},{"@type":"BreadcrumbList","@id":"https:\/\/www.purejewels.com\/product\/22ct-gold-filigree-pendant-6\/#breadcrumb","itemListElement":[{"@type":"ListItem","position":1,"name":"Home","item":"https:\/\/www.purejewels.com\/"},{"@type":"ListItem","position":2,"name":"Shop","item":"https:\/\/www.purejewels.com\/shop\/"},{"@type":"ListItem","position":3,"name":"22ct Gold Petal Crest Pendant"}]},{"@type":"WebSite","@id":"https:\/\/www.purejewels.com\/#website","url":"https:\/\/www.purejewels.com\/","name":"PureJewels UK","description":"Teile die Liebe","publisher":{"@id":"https:\/\/www.purejewels.com\/#organization"},"potentialAction":[{"@type":"SearchAction","target":{"@type":"EntryPoint","urlTemplate":"https:\/\/www.purejewels.com\/?s={search_term_string}"},"query-input":{"@type":"PropertyValueSpecification","valueRequired":true,"valueName":"search_term_string"}}],"inLanguage":"de"},{"@type":"Organization","@id":"https:\/\/www.purejewels.com\/#organization","name":"PureJewels UK","url":"https:\/\/www.purejewels.com\/","logo":{"@type":"ImageObject","inLanguage":"de","@id":"https:\/\/www.purejewels.com\/#\/schema\/logo\/image\/","url":"https:\/\/static.purejewels.com\/wp-content\/uploads\/2020\/11\/Logo-PJ-New-1.png","contentUrl":"https:\/\/static.purejewels.com\/wp-content\/uploads\/2020\/11\/Logo-PJ-New-1.png","width":150,"height":80,"caption":"PureJewels UK"},"image":{"@id":"https:\/\/www.purejewels.com\/#\/schema\/logo\/image\/"}}]}},"_links":{"self":[{"href":"https:\/\/www.purejewels.com\/de\/wp-json\/wp\/v2\/product\/310064","targetHints":{"allow":["GET"]}}],"collection":[{"href":"https:\/\/www.purejewels.com\/de\/wp-json\/wp\/v2\/product"}],"about":[{"href":"https:\/\/www.purejewels.com\/de\/wp-json\/wp\/v2\/types\/product"}],"replies":[{"embeddable":true,"href":"https:\/\/www.purejewels.com\/de\/wp-json\/wp\/v2\/comments?post=310064"}],"version-history":[{"count":1,"href":"https:\/\/www.purejewels.com\/de\/wp-json\/wp\/v2\/product\/310064\/revisions"}],"predecessor-version":[{"id":427679,"href":"https:\/\/www.purejewels.com\/de\/wp-json\/wp\/v2\/product\/310064\/revisions\/427679"}],"wp:featuredmedia":[{"embeddable":true,"href":"https:\/\/www.purejewels.com\/de\/wp-json\/wp\/v2\/media\/310069"}],"wp:attachment":[{"href":"https:\/\/www.purejewels.com\/de\/wp-json\/wp\/v2\/media?parent=310064"}],"wp:term":[{"taxonomy":"product_brand","embeddable":true,"href":"https:\/\/www.purejewels.com\/de\/wp-json\/wp\/v2\/product_brand?post=310064"},{"taxonomy":"product_cat","embeddable":true,"href":"https:\/\/www.purejewels.com\/de\/wp-json\/wp\/v2\/product_cat?post=310064"},{"taxonomy":"product_tag","embeddable":true,"href":"https:\/\/www.purejewels.com\/de\/wp-json\/wp\/v2\/product_tag?post=310064"}],"curies":[{"name":"wp","href":"https:\/\/api.w.org\/{rel}","templated":true}]}}