{"id":310066,"date":"2019-04-30T07:55:44","date_gmt":"2019-04-30T06:55:44","guid":{"rendered":"https:\/\/www.purejewels.com\/?post_type=product&#038;p=310066"},"modified":"2026-03-16T11:00:03","modified_gmt":"2026-03-16T11:00:03","slug":"filigraner-anhanger-aus-22-karat-gelbgold","status":"publish","type":"product","link":"https:\/\/www.purejewels.com\/de\/product\/22ct-yellow-gold-filigree-pendant\/","title":{"rendered":"22ct Gold Floral Disc-Anh\u00e4nger"},"content":{"rendered":"<p>Gestaltung<\/p>\n<p>Der Floral Disc Anh\u00e4nger zeigt eine zeitlose, kreisf\u00f6rmige Silhouette, in deren Mittelpunkt ein sanft geformtes florales Motiv steht. Die erhabene Bl\u00fcte sitzt in einer polierten Goldscheibe, die ein Gef\u00fchl von Tiefe und Dimension vermittelt, w\u00e4hrend der diamantgeschliffene Rand, der den Anh\u00e4nger umgibt, das Licht mit subtilem Glanz reflektiert. Das harmonische Gleichgewicht zwischen dem floralen Zentrum und dem strukturierten Rand verleiht dem Anh\u00e4nger einen raffinierten und ausdrucksstarken Charakter.<\/p>\n<p>Handwerkliches K\u00f6nnen<\/p>\n<p>In reichhaltiger Ausf\u00fchrung <a href=\"https:\/\/www.purejewels.com\/de\/product\/22ct-gold-jali-filigree-ring-jali-collection-31926\/\">22ct<\/a> Gold ist der Anh\u00e4nger sorgf\u00e4ltig geformt, um eine glatte, polierte Mitte zu erhalten, die die skulpturale Blumenform hervorhebt. Die \u00e4u\u00dfere Umrandung ist mit einem Pr\u00e4zisionsdiamantschliff versehen, der die Lichtreflexion verst\u00e4rkt und der Oberfl\u00e4che Textur verleiht. Jeder Anh\u00e4nger wird von erfahrenen Goldschmieden gefertigt und im Vereinigten K\u00f6nigreich gestempelt, wodurch die Reinheit des Goldes best\u00e4tigt wird.<\/p>\n<p>Styling &amp; Geschenkartikel<\/p>\n<p>Dieser Anh\u00e4nger ist ein vielseitiges Alltagsst\u00fcck, das sich m\u00fchelos mit zarten Goldketten und einer Vielzahl von Outfits kombinieren l\u00e4sst. Sein klassisches Blumenmotiv macht ihn sowohl f\u00fcr Freizeitkleidung als auch f\u00fcr besondere Anl\u00e4sse geeignet, w\u00e4hrend er eine elegante, zur\u00fcckhaltende Pr\u00e4senz beibeh\u00e4lt. Als Geschenk symbolisiert er Sch\u00f6nheit, W\u00e4rme und Feierlichkeit und ist damit eine gute Wahl f\u00fcr Geburtstage, Jubil\u00e4en, Feste und bedeutende Meilensteine.<\/p>","protected":false},"excerpt":{"rendered":"<ul>\n<li>Filigraner Anh\u00e4nger aus 22 Karat Gelbgold<\/li>\n<li>Geeignet f\u00fcr Alltagskleidung<\/li>\n<li>Wt. 1.6 g<\/li>\n<li>SKU. 30346<\/li>\n<li>Kette nicht im Preis enthalten<\/li>\n<li>Alle Preise inklusive Mehrwertsteuer<\/li>\n<li>Alle unsere Produkte sind vom London Assay Office gestempelt.<\/li>\n<li>Alle Sets werden mit Pr\u00e4sentationsbox geliefert<\/li>\n<li>Kostenlose Lieferung in ganz UK<\/li>\n<li>Kontaktieren Sie uns \/ chatten Sie mit uns f\u00fcr das Video des Produkts<\/li>\n<li><\/li>\n<\/ul>","protected":false},"featured_media":310068,"comment_status":"closed","ping_status":"closed","template":"","meta":{"_eb_attr":"","_crsspst_to_jayantr4sg-hostcom":false},"product_brand":[],"product_cat":[1559,1576,1769,1767,1575,1573,1574],"product_tag":[1546],"class_list":{"0":"post-310066","1":"product","2":"type-product","3":"status-publish","4":"has-post-thumbnail","6":"product_cat-birthday-gifts","7":"product_cat-childrens-jewellery","8":"product_cat-kids-pendants","9":"product_cat-ladies-pendants","10":"product_cat-teenage-jewellery","11":"product_cat-wedding-gifts","12":"product_cat-womens-jewellery","13":"product_tag-children","15":"first","16":"outofstock","17":"sale","18":"featured","19":"taxable","20":"shipping-taxable","21":"product-type-simple","22":"add-to-wishlist-before_image"},"yoast_head":"<!-- This site is optimized with the Yoast SEO plugin v27.3 - https:\/\/yoast.com\/product\/yoast-seo-wordpress\/ -->\n<title>Shop 22ct Gold Floral Disc Pendant with Rhodium | PureJewels<\/title>\n<meta name=\"description\" content=\"Shop the 22ct Gold Floral Disc Pendant from PureJewels. Featuring a sculpted floral motif and diamond cut border crafted in hallmarked 22ct gold.\" \/>\n<meta name=\"robots\" content=\"index, follow, max-snippet:-1, max-image-preview:large, max-video-preview:-1\" \/>\n<link rel=\"canonical\" href=\"https:\/\/www.purejewels.com\/de\/produkt-2\/filigraner-anhanger-aus-22-karat-gelbgold\/\" \/>\n<meta property=\"og:locale\" content=\"de_DE\" \/>\n<meta property=\"og:type\" content=\"article\" \/>\n<meta property=\"og:title\" content=\"Shop 22ct Gold Floral Disc Pendant with Rhodium | PureJewels\" \/>\n<meta property=\"og:description\" content=\"Shop the 22ct Gold Floral Disc Pendant from PureJewels. Featuring a sculpted floral motif and diamond cut border crafted in hallmarked 22ct gold.\" \/>\n<meta property=\"og:url\" content=\"https:\/\/www.purejewels.com\/de\/produkt-2\/filigraner-anhanger-aus-22-karat-gelbgold\/\" \/>\n<meta property=\"og:site_name\" content=\"PureJewels UK\" \/>\n<meta property=\"article:modified_time\" content=\"2026-03-16T11:00:03+00:00\" \/>\n<meta property=\"og:image\" content=\"https:\/\/static.purejewels.com\/wp-content\/uploads\/2019\/04\/NO-ID-9.jpg\" \/>\n\t<meta property=\"og:image:width\" content=\"1000\" \/>\n\t<meta property=\"og:image:height\" content=\"1000\" \/>\n\t<meta property=\"og:image:type\" content=\"image\/jpeg\" \/>\n<meta name=\"twitter:card\" content=\"summary_large_image\" \/>\n<meta name=\"twitter:label1\" content=\"Gesch\u00e4tzte Lesezeit\" \/>\n\t<meta name=\"twitter:data1\" content=\"1\u00a0Minute\" \/>\n<script type=\"application\/ld+json\" class=\"yoast-schema-graph\">{\"@context\":\"https:\\\/\\\/schema.org\",\"@graph\":[{\"@type\":[\"WebPage\",\"ItemPage\"],\"@id\":\"https:\\\/\\\/www.purejewels.com\\\/product\\\/22ct-yellow-gold-filigree-pendant\\\/\",\"url\":\"https:\\\/\\\/www.purejewels.com\\\/product\\\/22ct-yellow-gold-filigree-pendant\\\/\",\"name\":\"Shop 22ct Gold Floral Disc Pendant with Rhodium | PureJewels\",\"isPartOf\":{\"@id\":\"https:\\\/\\\/www.purejewels.com\\\/#website\"},\"primaryImageOfPage\":{\"@id\":\"https:\\\/\\\/www.purejewels.com\\\/product\\\/22ct-yellow-gold-filigree-pendant\\\/#primaryimage\"},\"image\":{\"@id\":\"https:\\\/\\\/www.purejewels.com\\\/product\\\/22ct-yellow-gold-filigree-pendant\\\/#primaryimage\"},\"thumbnailUrl\":\"https:\\\/\\\/static.purejewels.com\\\/wp-content\\\/uploads\\\/2019\\\/04\\\/NO-ID-9.jpg\",\"datePublished\":\"2019-04-30T06:55:44+00:00\",\"dateModified\":\"2026-03-16T11:00:03+00:00\",\"description\":\"Shop the 22ct Gold Floral Disc Pendant from PureJewels. Featuring a sculpted floral motif and diamond cut border crafted in hallmarked 22ct gold.\",\"breadcrumb\":{\"@id\":\"https:\\\/\\\/www.purejewels.com\\\/product\\\/22ct-yellow-gold-filigree-pendant\\\/#breadcrumb\"},\"inLanguage\":\"de\",\"potentialAction\":[{\"@type\":\"ReadAction\",\"target\":[\"https:\\\/\\\/www.purejewels.com\\\/product\\\/22ct-yellow-gold-filigree-pendant\\\/\"]}]},{\"@type\":\"ImageObject\",\"inLanguage\":\"de\",\"@id\":\"https:\\\/\\\/www.purejewels.com\\\/product\\\/22ct-yellow-gold-filigree-pendant\\\/#primaryimage\",\"url\":\"https:\\\/\\\/static.purejewels.com\\\/wp-content\\\/uploads\\\/2019\\\/04\\\/NO-ID-9.jpg\",\"contentUrl\":\"https:\\\/\\\/static.purejewels.com\\\/wp-content\\\/uploads\\\/2019\\\/04\\\/NO-ID-9.jpg\",\"width\":1000,\"height\":1000,\"caption\":\"NO-ID-9\"},{\"@type\":\"BreadcrumbList\",\"@id\":\"https:\\\/\\\/www.purejewels.com\\\/product\\\/22ct-yellow-gold-filigree-pendant\\\/#breadcrumb\",\"itemListElement\":[{\"@type\":\"ListItem\",\"position\":1,\"name\":\"Home\",\"item\":\"https:\\\/\\\/www.purejewels.com\\\/\"},{\"@type\":\"ListItem\",\"position\":2,\"name\":\"Shop\",\"item\":\"https:\\\/\\\/www.purejewels.com\\\/shop\\\/\"},{\"@type\":\"ListItem\",\"position\":3,\"name\":\"22ct Gold Floral Disc Pendant\"}]},{\"@type\":\"WebSite\",\"@id\":\"https:\\\/\\\/www.purejewels.com\\\/#website\",\"url\":\"https:\\\/\\\/www.purejewels.com\\\/\",\"name\":\"PureJewels UK\",\"description\":\"Share the Love\",\"publisher\":{\"@id\":\"https:\\\/\\\/www.purejewels.com\\\/#organization\"},\"potentialAction\":[{\"@type\":\"SearchAction\",\"target\":{\"@type\":\"EntryPoint\",\"urlTemplate\":\"https:\\\/\\\/www.purejewels.com\\\/?s={search_term_string}\"},\"query-input\":{\"@type\":\"PropertyValueSpecification\",\"valueRequired\":true,\"valueName\":\"search_term_string\"}}],\"inLanguage\":\"de\"},{\"@type\":\"Organization\",\"@id\":\"https:\\\/\\\/www.purejewels.com\\\/#organization\",\"name\":\"PureJewels UK\",\"url\":\"https:\\\/\\\/www.purejewels.com\\\/\",\"logo\":{\"@type\":\"ImageObject\",\"inLanguage\":\"de\",\"@id\":\"https:\\\/\\\/www.purejewels.com\\\/#\\\/schema\\\/logo\\\/image\\\/\",\"url\":\"https:\\\/\\\/static.purejewels.com\\\/wp-content\\\/uploads\\\/2020\\\/11\\\/Logo-PJ-New-1.png\",\"contentUrl\":\"https:\\\/\\\/static.purejewels.com\\\/wp-content\\\/uploads\\\/2020\\\/11\\\/Logo-PJ-New-1.png\",\"width\":150,\"height\":80,\"caption\":\"PureJewels UK\"},\"image\":{\"@id\":\"https:\\\/\\\/www.purejewels.com\\\/#\\\/schema\\\/logo\\\/image\\\/\"}}]}<\/script>\n<!-- \/ Yoast SEO plugin. -->","yoast_head_json":{"title":"Shop 22ct Gold Floral Disc Anh\u00e4nger mit Rhodium | PureJewels","description":"Kaufen Sie den 22ct Gold Floral Disc Anh\u00e4nger von PureJewels. Mit einem skulpturalen Blumenmotiv und Diamantschliff Grenze in Handarbeit gemacht, gestempelt 22ct Gold.","robots":{"index":"index","follow":"follow","max-snippet":"max-snippet:-1","max-image-preview":"max-image-preview:large","max-video-preview":"max-video-preview:-1"},"canonical":"https:\/\/www.purejewels.com\/de\/produkt-2\/filigraner-anhanger-aus-22-karat-gelbgold\/","og_locale":"de_DE","og_type":"article","og_title":"Shop 22ct Gold Floral Disc Pendant with Rhodium | PureJewels","og_description":"Shop the 22ct Gold Floral Disc Pendant from PureJewels. Featuring a sculpted floral motif and diamond cut border crafted in hallmarked 22ct gold.","og_url":"https:\/\/www.purejewels.com\/de\/produkt-2\/filigraner-anhanger-aus-22-karat-gelbgold\/","og_site_name":"PureJewels UK","article_modified_time":"2026-03-16T11:00:03+00:00","og_image":[{"width":1000,"height":1000,"url":"https:\/\/static.purejewels.com\/wp-content\/uploads\/2019\/04\/NO-ID-9.jpg","type":"image\/jpeg"}],"twitter_card":"summary_large_image","twitter_misc":{"Gesch\u00e4tzte Lesezeit":"1\u00a0Minute"},"schema":{"@context":"https:\/\/schema.org","@graph":[{"@type":["WebPage","ItemPage"],"@id":"https:\/\/www.purejewels.com\/product\/22ct-yellow-gold-filigree-pendant\/","url":"https:\/\/www.purejewels.com\/product\/22ct-yellow-gold-filigree-pendant\/","name":"Shop 22ct Gold Floral Disc Anh\u00e4nger mit Rhodium | PureJewels","isPartOf":{"@id":"https:\/\/www.purejewels.com\/#website"},"primaryImageOfPage":{"@id":"https:\/\/www.purejewels.com\/product\/22ct-yellow-gold-filigree-pendant\/#primaryimage"},"image":{"@id":"https:\/\/www.purejewels.com\/product\/22ct-yellow-gold-filigree-pendant\/#primaryimage"},"thumbnailUrl":"https:\/\/static.purejewels.com\/wp-content\/uploads\/2019\/04\/NO-ID-9.jpg","datePublished":"2019-04-30T06:55:44+00:00","dateModified":"2026-03-16T11:00:03+00:00","description":"Kaufen Sie den 22ct Gold Floral Disc Anh\u00e4nger von PureJewels. Mit einem skulpturalen Blumenmotiv und Diamantschliff Grenze in Handarbeit gemacht, gestempelt 22ct Gold.","breadcrumb":{"@id":"https:\/\/www.purejewels.com\/product\/22ct-yellow-gold-filigree-pendant\/#breadcrumb"},"inLanguage":"de","potentialAction":[{"@type":"ReadAction","target":["https:\/\/www.purejewels.com\/product\/22ct-yellow-gold-filigree-pendant\/"]}]},{"@type":"ImageObject","inLanguage":"de","@id":"https:\/\/www.purejewels.com\/product\/22ct-yellow-gold-filigree-pendant\/#primaryimage","url":"https:\/\/static.purejewels.com\/wp-content\/uploads\/2019\/04\/NO-ID-9.jpg","contentUrl":"https:\/\/static.purejewels.com\/wp-content\/uploads\/2019\/04\/NO-ID-9.jpg","width":1000,"height":1000,"caption":"NO-ID-9"},{"@type":"BreadcrumbList","@id":"https:\/\/www.purejewels.com\/product\/22ct-yellow-gold-filigree-pendant\/#breadcrumb","itemListElement":[{"@type":"ListItem","position":1,"name":"Home","item":"https:\/\/www.purejewels.com\/"},{"@type":"ListItem","position":2,"name":"Shop","item":"https:\/\/www.purejewels.com\/shop\/"},{"@type":"ListItem","position":3,"name":"22ct Gold Floral Disc Pendant"}]},{"@type":"WebSite","@id":"https:\/\/www.purejewels.com\/#website","url":"https:\/\/www.purejewels.com\/","name":"PureJewels UK","description":"Teile die Liebe","publisher":{"@id":"https:\/\/www.purejewels.com\/#organization"},"potentialAction":[{"@type":"SearchAction","target":{"@type":"EntryPoint","urlTemplate":"https:\/\/www.purejewels.com\/?s={search_term_string}"},"query-input":{"@type":"PropertyValueSpecification","valueRequired":true,"valueName":"search_term_string"}}],"inLanguage":"de"},{"@type":"Organization","@id":"https:\/\/www.purejewels.com\/#organization","name":"PureJewels UK","url":"https:\/\/www.purejewels.com\/","logo":{"@type":"ImageObject","inLanguage":"de","@id":"https:\/\/www.purejewels.com\/#\/schema\/logo\/image\/","url":"https:\/\/static.purejewels.com\/wp-content\/uploads\/2020\/11\/Logo-PJ-New-1.png","contentUrl":"https:\/\/static.purejewels.com\/wp-content\/uploads\/2020\/11\/Logo-PJ-New-1.png","width":150,"height":80,"caption":"PureJewels UK"},"image":{"@id":"https:\/\/www.purejewels.com\/#\/schema\/logo\/image\/"}}]}},"_links":{"self":[{"href":"https:\/\/www.purejewels.com\/de\/wp-json\/wp\/v2\/product\/310066","targetHints":{"allow":["GET"]}}],"collection":[{"href":"https:\/\/www.purejewels.com\/de\/wp-json\/wp\/v2\/product"}],"about":[{"href":"https:\/\/www.purejewels.com\/de\/wp-json\/wp\/v2\/types\/product"}],"replies":[{"embeddable":true,"href":"https:\/\/www.purejewels.com\/de\/wp-json\/wp\/v2\/comments?post=310066"}],"version-history":[{"count":2,"href":"https:\/\/www.purejewels.com\/de\/wp-json\/wp\/v2\/product\/310066\/revisions"}],"predecessor-version":[{"id":427180,"href":"https:\/\/www.purejewels.com\/de\/wp-json\/wp\/v2\/product\/310066\/revisions\/427180"}],"wp:featuredmedia":[{"embeddable":true,"href":"https:\/\/www.purejewels.com\/de\/wp-json\/wp\/v2\/media\/310068"}],"wp:attachment":[{"href":"https:\/\/www.purejewels.com\/de\/wp-json\/wp\/v2\/media?parent=310066"}],"wp:term":[{"taxonomy":"product_brand","embeddable":true,"href":"https:\/\/www.purejewels.com\/de\/wp-json\/wp\/v2\/product_brand?post=310066"},{"taxonomy":"product_cat","embeddable":true,"href":"https:\/\/www.purejewels.com\/de\/wp-json\/wp\/v2\/product_cat?post=310066"},{"taxonomy":"product_tag","embeddable":true,"href":"https:\/\/www.purejewels.com\/de\/wp-json\/wp\/v2\/product_tag?post=310066"}],"curies":[{"name":"wp","href":"https:\/\/api.w.org\/{rel}","templated":true}]}}