{"id":310093,"date":"2019-04-30T11:21:47","date_gmt":"2019-04-30T10:21:47","guid":{"rendered":"https:\/\/www.purejewels.com\/?post_type=product&#038;p=310093"},"modified":"2026-01-06T09:43:41","modified_gmt":"2026-01-06T09:43:41","slug":"sparkel-bead-damenarmband","status":"publish","type":"product","link":"https:\/\/www.purejewels.com\/de\/product\/sparkel-bead-ladies-bracelet\/","title":{"rendered":"Glitzerperle Damenarmband"},"content":{"rendered":"<ul>\n<li>Gewicht 7,2 g<\/li>\n<li>Artikelnummer 28597, 30393<\/li>\n<\/ul>","protected":false},"excerpt":{"rendered":"<ul>\n<li>Glitzerperle Damenarmband<\/li>\n<li>Mit Rhodium-Politur<\/li>\n<li>Aus unserer Sparkle-Kollektion<\/li>\n<li>Aus 22 Karat Gelbgold<\/li>\n<li>Gewicht 7,2 g<\/li>\n<li>Artikelnummer 28597, 30393<\/li>\n<li>Alle Preise inklusive Mehrwertsteuer<\/li>\n<li>Alle unsere Produkte sind vom London Assay Office gestempelt.<\/li>\n<li>Mit Pr\u00e4sentationsbox<\/li>\n<li>Lieferung inbegriffen<\/li>\n<li>Live-Chat mit uns f\u00fcr die Verf\u00fcgbarkeit und mehr Bilder von \u00e4hnlichen Designs derzeit auf Lager<\/li>\n<\/ul>","protected":false},"featured_media":312363,"comment_status":"closed","ping_status":"closed","template":"","meta":{"_eb_attr":"","_crsspst_to_jayantr4sg-hostcom":false},"product_brand":[],"product_cat":[1559,236,1324,1627,248,1575,1573,1574],"product_tag":[],"class_list":{"0":"post-310093","1":"product","2":"type-product","3":"status-publish","4":"has-post-thumbnail","6":"product_cat-birthday-gifts","7":"product_cat-collections","8":"product_cat-gold-bracelet","9":"product_cat-ladies-bracelet","10":"product_cat-sparkle-collections","11":"product_cat-teenage-jewellery","12":"product_cat-wedding-gifts","13":"product_cat-womens-jewellery","15":"first","16":"outofstock","17":"taxable","18":"shipping-taxable","19":"product-type-simple","20":"add-to-wishlist-before_image"},"yoast_head":"<!-- This site is optimized with the Yoast SEO plugin v27.3 - https:\/\/yoast.com\/product\/yoast-seo-wordpress\/ -->\n<title>22ct Gold Sparkle Bead Ladies Bracelet | PureJewels<\/title>\n<meta name=\"description\" content=\"Shop the 22ct Gold Sparkle Bead Ladies Bracelet at PureJewels. Textured two-tone beads add subtle shimmer, beautifully handcrafted and UK hallmarked for daily wear.\" \/>\n<meta name=\"robots\" content=\"index, follow, max-snippet:-1, max-image-preview:large, max-video-preview:-1\" \/>\n<link rel=\"canonical\" href=\"https:\/\/www.purejewels.com\/de\/produkt-2\/sparkel-bead-damenarmband\/\" \/>\n<meta property=\"og:locale\" content=\"de_DE\" \/>\n<meta property=\"og:type\" content=\"article\" \/>\n<meta property=\"og:title\" content=\"22ct Gold Sparkle Bead Ladies Bracelet | PureJewels\" \/>\n<meta property=\"og:description\" content=\"Shop the 22ct Gold Sparkle Bead Ladies Bracelet at PureJewels. Textured two-tone beads add subtle shimmer, beautifully handcrafted and UK hallmarked for daily wear.\" \/>\n<meta property=\"og:url\" content=\"https:\/\/www.purejewels.com\/de\/produkt-2\/sparkel-bead-damenarmband\/\" \/>\n<meta property=\"og:site_name\" content=\"PureJewels UK\" \/>\n<meta property=\"article:modified_time\" content=\"2026-01-06T09:43:41+00:00\" \/>\n<meta property=\"og:image\" content=\"https:\/\/www.purejewels.com\/wp-content\/uploads\/2020\/01\/136814680.jpg\" \/>\n\t<meta property=\"og:image:width\" content=\"1000\" \/>\n\t<meta property=\"og:image:height\" content=\"1000\" \/>\n\t<meta property=\"og:image:type\" content=\"image\/jpeg\" \/>\n<meta name=\"twitter:card\" content=\"summary_large_image\" \/>\n<meta name=\"twitter:label1\" content=\"Gesch\u00e4tzte Lesezeit\" \/>\n\t<meta name=\"twitter:data1\" content=\"1\u00a0Minute\" \/>\n<script type=\"application\/ld+json\" class=\"yoast-schema-graph\">{\"@context\":\"https:\\\/\\\/schema.org\",\"@graph\":[{\"@type\":[\"WebPage\",\"ItemPage\"],\"@id\":\"https:\\\/\\\/www.purejewels.com\\\/product\\\/sparkel-bead-ladies-bracelet\\\/\",\"url\":\"https:\\\/\\\/www.purejewels.com\\\/product\\\/sparkel-bead-ladies-bracelet\\\/\",\"name\":\"22ct Gold Sparkle Bead Ladies Bracelet | PureJewels\",\"isPartOf\":{\"@id\":\"https:\\\/\\\/www.purejewels.com\\\/#website\"},\"primaryImageOfPage\":{\"@id\":\"https:\\\/\\\/www.purejewels.com\\\/product\\\/sparkel-bead-ladies-bracelet\\\/#primaryimage\"},\"image\":{\"@id\":\"https:\\\/\\\/www.purejewels.com\\\/product\\\/sparkel-bead-ladies-bracelet\\\/#primaryimage\"},\"thumbnailUrl\":\"https:\\\/\\\/static.purejewels.com\\\/wp-content\\\/uploads\\\/2020\\\/01\\\/136814680.jpg\",\"datePublished\":\"2019-04-30T10:21:47+00:00\",\"dateModified\":\"2026-01-06T09:43:41+00:00\",\"description\":\"Shop the 22ct Gold Sparkle Bead Ladies Bracelet at PureJewels. Textured two-tone beads add subtle shimmer, beautifully handcrafted and UK hallmarked for daily wear.\",\"breadcrumb\":{\"@id\":\"https:\\\/\\\/www.purejewels.com\\\/product\\\/sparkel-bead-ladies-bracelet\\\/#breadcrumb\"},\"inLanguage\":\"de\",\"potentialAction\":[{\"@type\":\"ReadAction\",\"target\":[\"https:\\\/\\\/www.purejewels.com\\\/product\\\/sparkel-bead-ladies-bracelet\\\/\"]}]},{\"@type\":\"ImageObject\",\"inLanguage\":\"de\",\"@id\":\"https:\\\/\\\/www.purejewels.com\\\/product\\\/sparkel-bead-ladies-bracelet\\\/#primaryimage\",\"url\":\"https:\\\/\\\/static.purejewels.com\\\/wp-content\\\/uploads\\\/2020\\\/01\\\/136814680.jpg\",\"contentUrl\":\"https:\\\/\\\/static.purejewels.com\\\/wp-content\\\/uploads\\\/2020\\\/01\\\/136814680.jpg\",\"width\":1000,\"height\":1000,\"caption\":\"33565\"},{\"@type\":\"BreadcrumbList\",\"@id\":\"https:\\\/\\\/www.purejewels.com\\\/product\\\/sparkel-bead-ladies-bracelet\\\/#breadcrumb\",\"itemListElement\":[{\"@type\":\"ListItem\",\"position\":1,\"name\":\"Home\",\"item\":\"https:\\\/\\\/www.purejewels.com\\\/\"},{\"@type\":\"ListItem\",\"position\":2,\"name\":\"Shop\",\"item\":\"https:\\\/\\\/www.purejewels.com\\\/shop\\\/\"},{\"@type\":\"ListItem\",\"position\":3,\"name\":\"Sparkle bead Ladies bracelet\"}]},{\"@type\":\"WebSite\",\"@id\":\"https:\\\/\\\/www.purejewels.com\\\/#website\",\"url\":\"https:\\\/\\\/www.purejewels.com\\\/\",\"name\":\"PureJewels UK\",\"description\":\"Share the Love\",\"publisher\":{\"@id\":\"https:\\\/\\\/www.purejewels.com\\\/#organization\"},\"potentialAction\":[{\"@type\":\"SearchAction\",\"target\":{\"@type\":\"EntryPoint\",\"urlTemplate\":\"https:\\\/\\\/www.purejewels.com\\\/?s={search_term_string}\"},\"query-input\":{\"@type\":\"PropertyValueSpecification\",\"valueRequired\":true,\"valueName\":\"search_term_string\"}}],\"inLanguage\":\"de\"},{\"@type\":\"Organization\",\"@id\":\"https:\\\/\\\/www.purejewels.com\\\/#organization\",\"name\":\"PureJewels UK\",\"url\":\"https:\\\/\\\/www.purejewels.com\\\/\",\"logo\":{\"@type\":\"ImageObject\",\"inLanguage\":\"de\",\"@id\":\"https:\\\/\\\/www.purejewels.com\\\/#\\\/schema\\\/logo\\\/image\\\/\",\"url\":\"https:\\\/\\\/static.purejewels.com\\\/wp-content\\\/uploads\\\/2020\\\/11\\\/Logo-PJ-New-1.png\",\"contentUrl\":\"https:\\\/\\\/static.purejewels.com\\\/wp-content\\\/uploads\\\/2020\\\/11\\\/Logo-PJ-New-1.png\",\"width\":150,\"height\":80,\"caption\":\"PureJewels UK\"},\"image\":{\"@id\":\"https:\\\/\\\/www.purejewels.com\\\/#\\\/schema\\\/logo\\\/image\\\/\"}}]}<\/script>\n<!-- \/ Yoast SEO plugin. -->","yoast_head_json":{"title":"22 Karat Gold Sparkle Bead Damenarmband | PureJewels","description":"Kaufen Sie das Damenarmband mit funkelnden 22-kar\u00e4tigen Goldperlen bei PureJewels. Strukturierte zweifarbige Perlen sorgen f\u00fcr einen dezenten Schimmer. Das Armband ist wundersch\u00f6n handgefertigt und mit einem britischen Feingehaltsstempel versehen, sodass es sich ideal f\u00fcr den Alltag eignet.","robots":{"index":"index","follow":"follow","max-snippet":"max-snippet:-1","max-image-preview":"max-image-preview:large","max-video-preview":"max-video-preview:-1"},"canonical":"https:\/\/www.purejewels.com\/de\/produkt-2\/sparkel-bead-damenarmband\/","og_locale":"de_DE","og_type":"article","og_title":"22ct Gold Sparkle Bead Ladies Bracelet | PureJewels","og_description":"Shop the 22ct Gold Sparkle Bead Ladies Bracelet at PureJewels. Textured two-tone beads add subtle shimmer, beautifully handcrafted and UK hallmarked for daily wear.","og_url":"https:\/\/www.purejewels.com\/de\/produkt-2\/sparkel-bead-damenarmband\/","og_site_name":"PureJewels UK","article_modified_time":"2026-01-06T09:43:41+00:00","og_image":[{"width":1000,"height":1000,"url":"https:\/\/www.purejewels.com\/wp-content\/uploads\/2020\/01\/136814680.jpg","type":"image\/jpeg"}],"twitter_card":"summary_large_image","twitter_misc":{"Gesch\u00e4tzte Lesezeit":"1\u00a0Minute"},"schema":{"@context":"https:\/\/schema.org","@graph":[{"@type":["WebPage","ItemPage"],"@id":"https:\/\/www.purejewels.com\/product\/sparkel-bead-ladies-bracelet\/","url":"https:\/\/www.purejewels.com\/product\/sparkel-bead-ladies-bracelet\/","name":"22 Karat Gold Sparkle Bead Damenarmband | PureJewels","isPartOf":{"@id":"https:\/\/www.purejewels.com\/#website"},"primaryImageOfPage":{"@id":"https:\/\/www.purejewels.com\/product\/sparkel-bead-ladies-bracelet\/#primaryimage"},"image":{"@id":"https:\/\/www.purejewels.com\/product\/sparkel-bead-ladies-bracelet\/#primaryimage"},"thumbnailUrl":"https:\/\/static.purejewels.com\/wp-content\/uploads\/2020\/01\/136814680.jpg","datePublished":"2019-04-30T10:21:47+00:00","dateModified":"2026-01-06T09:43:41+00:00","description":"Kaufen Sie das Damenarmband mit funkelnden 22-kar\u00e4tigen Goldperlen bei PureJewels. Strukturierte zweifarbige Perlen sorgen f\u00fcr einen dezenten Schimmer. Das Armband ist wundersch\u00f6n handgefertigt und mit einem britischen Feingehaltsstempel versehen, sodass es sich ideal f\u00fcr den Alltag eignet.","breadcrumb":{"@id":"https:\/\/www.purejewels.com\/product\/sparkel-bead-ladies-bracelet\/#breadcrumb"},"inLanguage":"de","potentialAction":[{"@type":"ReadAction","target":["https:\/\/www.purejewels.com\/product\/sparkel-bead-ladies-bracelet\/"]}]},{"@type":"ImageObject","inLanguage":"de","@id":"https:\/\/www.purejewels.com\/product\/sparkel-bead-ladies-bracelet\/#primaryimage","url":"https:\/\/static.purejewels.com\/wp-content\/uploads\/2020\/01\/136814680.jpg","contentUrl":"https:\/\/static.purejewels.com\/wp-content\/uploads\/2020\/01\/136814680.jpg","width":1000,"height":1000,"caption":"33565"},{"@type":"BreadcrumbList","@id":"https:\/\/www.purejewels.com\/product\/sparkel-bead-ladies-bracelet\/#breadcrumb","itemListElement":[{"@type":"ListItem","position":1,"name":"Home","item":"https:\/\/www.purejewels.com\/"},{"@type":"ListItem","position":2,"name":"Shop","item":"https:\/\/www.purejewels.com\/shop\/"},{"@type":"ListItem","position":3,"name":"Sparkle bead Ladies bracelet"}]},{"@type":"WebSite","@id":"https:\/\/www.purejewels.com\/#website","url":"https:\/\/www.purejewels.com\/","name":"PureJewels UK","description":"Teile die Liebe","publisher":{"@id":"https:\/\/www.purejewels.com\/#organization"},"potentialAction":[{"@type":"SearchAction","target":{"@type":"EntryPoint","urlTemplate":"https:\/\/www.purejewels.com\/?s={search_term_string}"},"query-input":{"@type":"PropertyValueSpecification","valueRequired":true,"valueName":"search_term_string"}}],"inLanguage":"de"},{"@type":"Organization","@id":"https:\/\/www.purejewels.com\/#organization","name":"PureJewels UK","url":"https:\/\/www.purejewels.com\/","logo":{"@type":"ImageObject","inLanguage":"de","@id":"https:\/\/www.purejewels.com\/#\/schema\/logo\/image\/","url":"https:\/\/static.purejewels.com\/wp-content\/uploads\/2020\/11\/Logo-PJ-New-1.png","contentUrl":"https:\/\/static.purejewels.com\/wp-content\/uploads\/2020\/11\/Logo-PJ-New-1.png","width":150,"height":80,"caption":"PureJewels UK"},"image":{"@id":"https:\/\/www.purejewels.com\/#\/schema\/logo\/image\/"}}]}},"_links":{"self":[{"href":"https:\/\/www.purejewels.com\/de\/wp-json\/wp\/v2\/product\/310093","targetHints":{"allow":["GET"]}}],"collection":[{"href":"https:\/\/www.purejewels.com\/de\/wp-json\/wp\/v2\/product"}],"about":[{"href":"https:\/\/www.purejewels.com\/de\/wp-json\/wp\/v2\/types\/product"}],"replies":[{"embeddable":true,"href":"https:\/\/www.purejewels.com\/de\/wp-json\/wp\/v2\/comments?post=310093"}],"version-history":[{"count":1,"href":"https:\/\/www.purejewels.com\/de\/wp-json\/wp\/v2\/product\/310093\/revisions"}],"predecessor-version":[{"id":421126,"href":"https:\/\/www.purejewels.com\/de\/wp-json\/wp\/v2\/product\/310093\/revisions\/421126"}],"wp:featuredmedia":[{"embeddable":true,"href":"https:\/\/www.purejewels.com\/de\/wp-json\/wp\/v2\/media\/312363"}],"wp:attachment":[{"href":"https:\/\/www.purejewels.com\/de\/wp-json\/wp\/v2\/media?parent=310093"}],"wp:term":[{"taxonomy":"product_brand","embeddable":true,"href":"https:\/\/www.purejewels.com\/de\/wp-json\/wp\/v2\/product_brand?post=310093"},{"taxonomy":"product_cat","embeddable":true,"href":"https:\/\/www.purejewels.com\/de\/wp-json\/wp\/v2\/product_cat?post=310093"},{"taxonomy":"product_tag","embeddable":true,"href":"https:\/\/www.purejewels.com\/de\/wp-json\/wp\/v2\/product_tag?post=310093"}],"curies":[{"name":"wp","href":"https:\/\/api.w.org\/{rel}","templated":true}]}}