{"id":310115,"date":"2019-05-02T10:57:05","date_gmt":"2019-05-02T09:57:05","guid":{"rendered":"https:\/\/www.purejewels.com\/?post_type=product&#038;p=310115"},"modified":"2026-01-06T06:58:43","modified_gmt":"2026-01-06T06:58:43","slug":"goldene-tropfenohrringe-fur-braute","status":"publish","type":"product","link":"https:\/\/www.purejewels.com\/de\/product\/gold-bridal-drop-earrings\/","title":{"rendered":"Gold-Braut-Tropfen-Ohrringe"},"content":{"rendered":"<p><span data-sheets-root=\"1\">Diese exquisiten Gold <a href=\"https:\/\/www.purejewels.com\/de\/product\/22kt-yellow-gold-bridal-drop-earrings-34221\/\">Tropfen-Ohrringe f\u00fcr Br\u00e4ute<\/a> von PureJewels UK sind eine atemberaubende Wahl f\u00fcr jede Braut, die ihrem Hochzeitsensemble einen Hauch von Eleganz verleihen m\u00f6chte. Aus 22 Karat Gold gefertigt, verf\u00fcgen diese Ohrringe \u00fcber ein wundersch\u00f6nes Jali-Filigran-Design, das dem Gesamtbild einen zarten und komplizierten Touch verleiht. Mit einem Gewicht von 7,2 g sind diese Ohrringe leicht und angenehm zu tragen, sowohl tags\u00fcber als auch abends.<\/p>\n<p>Diese Ohrringe sind Teil unserer Jali Filigree Collection, zu der auch eine passende <a href=\"https:\/\/www.purejewels.com\/de\/product-category\/22ct-gold-jewellery\/gold-necklaces\/\">Halsketten-Set<\/a> um Ihren Brautlook zu vervollst\u00e4ndigen. Jedes St\u00fcck ist vom London Assay Office gepunzt, um seine Qualit\u00e4t und Echtheit zu gew\u00e4hrleisten. In einer Pr\u00e4sentationsbox verpackt, sind diese Ohrringe ein perfektes Geschenk f\u00fcr Sie selbst oder einen lieben Menschen.<br \/>\n<\/span><\/p>","protected":false},"excerpt":{"rendered":"<ul>\n<li>Gold-Braut-Tropfen-Ohrringe<\/li>\n<li>22ct Gold Jali Ohrring mit feinem Filigran Design<\/li>\n<li>Wt. 7.2 g<\/li>\n<li>SKU. 30480<\/li>\n<li>Passende Halskette Set ist auch auf bestimmte Thema verf\u00fcgbar<\/li>\n<li>Alle Preise inklusive Mehrwertsteuer<\/li>\n<li>Alle unsere Produkte sind vom London Assay Office gestempelt.<\/li>\n<li>Kommt mit Pr\u00e4sentation Box<\/li>\n<li>Lieferung inbegriffen<\/li>\n<li>Entdecken Sie unsere Kollektion\u00a0<strong>Ohrringe f\u00fcr Braut und Hochzeit<\/strong><\/li>\n<li>Kontaktieren Sie uns \/ Chatten Sie mit uns, um ein Video des Produkts zu sehen<\/li>\n<\/ul>","protected":false},"featured_media":310117,"comment_status":"closed","ping_status":"closed","template":"","meta":{"_eb_attr":"","_crsspst_to_jayantr4sg-hostcom":true},"product_brand":[],"product_cat":[236,1685,1229,252,1574],"product_tag":[],"class_list":{"0":"post-310115","1":"product","2":"type-product","3":"status-publish","4":"has-post-thumbnail","6":"product_cat-collections","7":"product_cat-drop-earrings","8":"product_cat-22ct-gold-jewellery","9":"product_cat-jali-collections","10":"product_cat-womens-jewellery","12":"first","13":"outofstock","14":"taxable","15":"shipping-taxable","16":"product-type-simple","17":"add-to-wishlist-before_image"},"yoast_head":"<!-- This site is optimized with the Yoast SEO plugin v27.3 - https:\/\/yoast.com\/product\/yoast-seo-wordpress\/ -->\n<title>Gold Bridal Drop Earrings - PureJewels UK<\/title>\n<meta name=\"robots\" content=\"index, follow, max-snippet:-1, max-image-preview:large, max-video-preview:-1\" \/>\n<link rel=\"canonical\" href=\"https:\/\/www.purejewels.com\/de\/produkt-2\/goldene-tropfenohrringe-fur-braute\/\" \/>\n<meta property=\"og:locale\" content=\"de_DE\" \/>\n<meta property=\"og:type\" content=\"article\" \/>\n<meta property=\"og:title\" content=\"Gold Bridal Drop Earrings - PureJewels UK\" \/>\n<meta property=\"og:description\" content=\"Gold Bridal Drop Earrings  22ct Gold Jali Earring with Fine Filigree Design  Wt. 7.2 g  SKU. 30480  Matching Necklace set is also available on particular theme  All prices include VAT  All our products are hallmarked by London Assay Office  Comes with presentation Box  Delivery Included  Explore our collection\u00a0bridal and wedding earrings  Contact us \/ Chat with us to see video of Product\" \/>\n<meta property=\"og:url\" content=\"https:\/\/www.purejewels.com\/de\/produkt-2\/goldene-tropfenohrringe-fur-braute\/\" \/>\n<meta property=\"og:site_name\" content=\"PureJewels UK\" \/>\n<meta property=\"article:modified_time\" content=\"2026-01-06T06:58:43+00:00\" \/>\n<meta property=\"og:image\" content=\"https:\/\/www.purejewels.com\/wp-content\/uploads\/2019\/05\/30480.jpg\" \/>\n\t<meta property=\"og:image:width\" content=\"1000\" \/>\n\t<meta property=\"og:image:height\" content=\"1000\" \/>\n\t<meta property=\"og:image:type\" content=\"image\/jpeg\" \/>\n<meta name=\"twitter:card\" content=\"summary_large_image\" \/>\n<meta name=\"twitter:label1\" content=\"Gesch\u00e4tzte Lesezeit\" \/>\n\t<meta name=\"twitter:data1\" content=\"1\u00a0Minute\" \/>\n<script type=\"application\/ld+json\" class=\"yoast-schema-graph\">{\"@context\":\"https:\\\/\\\/schema.org\",\"@graph\":[{\"@type\":[\"WebPage\",\"ItemPage\"],\"@id\":\"https:\\\/\\\/www.purejewels.com\\\/product\\\/gold-bridal-drop-earrings\\\/\",\"url\":\"https:\\\/\\\/www.purejewels.com\\\/product\\\/gold-bridal-drop-earrings\\\/\",\"name\":\"Gold Bridal Drop Earrings - PureJewels UK\",\"isPartOf\":{\"@id\":\"https:\\\/\\\/www.purejewels.com\\\/#website\"},\"primaryImageOfPage\":{\"@id\":\"https:\\\/\\\/www.purejewels.com\\\/product\\\/gold-bridal-drop-earrings\\\/#primaryimage\"},\"image\":{\"@id\":\"https:\\\/\\\/www.purejewels.com\\\/product\\\/gold-bridal-drop-earrings\\\/#primaryimage\"},\"thumbnailUrl\":\"https:\\\/\\\/static.purejewels.com\\\/wp-content\\\/uploads\\\/2019\\\/05\\\/30480.jpg\",\"datePublished\":\"2019-05-02T09:57:05+00:00\",\"dateModified\":\"2026-01-06T06:58:43+00:00\",\"breadcrumb\":{\"@id\":\"https:\\\/\\\/www.purejewels.com\\\/product\\\/gold-bridal-drop-earrings\\\/#breadcrumb\"},\"inLanguage\":\"de\",\"potentialAction\":[{\"@type\":\"ReadAction\",\"target\":[\"https:\\\/\\\/www.purejewels.com\\\/product\\\/gold-bridal-drop-earrings\\\/\"]}]},{\"@type\":\"ImageObject\",\"inLanguage\":\"de\",\"@id\":\"https:\\\/\\\/www.purejewels.com\\\/product\\\/gold-bridal-drop-earrings\\\/#primaryimage\",\"url\":\"https:\\\/\\\/static.purejewels.com\\\/wp-content\\\/uploads\\\/2019\\\/05\\\/30480.jpg\",\"contentUrl\":\"https:\\\/\\\/static.purejewels.com\\\/wp-content\\\/uploads\\\/2019\\\/05\\\/30480.jpg\",\"width\":1000,\"height\":1000,\"caption\":\"30480\"},{\"@type\":\"BreadcrumbList\",\"@id\":\"https:\\\/\\\/www.purejewels.com\\\/product\\\/gold-bridal-drop-earrings\\\/#breadcrumb\",\"itemListElement\":[{\"@type\":\"ListItem\",\"position\":1,\"name\":\"Home\",\"item\":\"https:\\\/\\\/www.purejewels.com\\\/\"},{\"@type\":\"ListItem\",\"position\":2,\"name\":\"Shop\",\"item\":\"https:\\\/\\\/www.purejewels.com\\\/shop\\\/\"},{\"@type\":\"ListItem\",\"position\":3,\"name\":\"Gold Bridal Drop Earrings\"}]},{\"@type\":\"WebSite\",\"@id\":\"https:\\\/\\\/www.purejewels.com\\\/#website\",\"url\":\"https:\\\/\\\/www.purejewels.com\\\/\",\"name\":\"PureJewels UK\",\"description\":\"Share the Love\",\"publisher\":{\"@id\":\"https:\\\/\\\/www.purejewels.com\\\/#organization\"},\"potentialAction\":[{\"@type\":\"SearchAction\",\"target\":{\"@type\":\"EntryPoint\",\"urlTemplate\":\"https:\\\/\\\/www.purejewels.com\\\/?s={search_term_string}\"},\"query-input\":{\"@type\":\"PropertyValueSpecification\",\"valueRequired\":true,\"valueName\":\"search_term_string\"}}],\"inLanguage\":\"de\"},{\"@type\":\"Organization\",\"@id\":\"https:\\\/\\\/www.purejewels.com\\\/#organization\",\"name\":\"PureJewels UK\",\"url\":\"https:\\\/\\\/www.purejewels.com\\\/\",\"logo\":{\"@type\":\"ImageObject\",\"inLanguage\":\"de\",\"@id\":\"https:\\\/\\\/www.purejewels.com\\\/#\\\/schema\\\/logo\\\/image\\\/\",\"url\":\"https:\\\/\\\/static.purejewels.com\\\/wp-content\\\/uploads\\\/2020\\\/11\\\/Logo-PJ-New-1.png\",\"contentUrl\":\"https:\\\/\\\/static.purejewels.com\\\/wp-content\\\/uploads\\\/2020\\\/11\\\/Logo-PJ-New-1.png\",\"width\":150,\"height\":80,\"caption\":\"PureJewels UK\"},\"image\":{\"@id\":\"https:\\\/\\\/www.purejewels.com\\\/#\\\/schema\\\/logo\\\/image\\\/\"}}]}<\/script>\n<!-- \/ Yoast SEO plugin. -->","yoast_head_json":{"title":"Gold Brauttropfenohrringe - PureJewels UK","robots":{"index":"index","follow":"follow","max-snippet":"max-snippet:-1","max-image-preview":"max-image-preview:large","max-video-preview":"max-video-preview:-1"},"canonical":"https:\/\/www.purejewels.com\/de\/produkt-2\/goldene-tropfenohrringe-fur-braute\/","og_locale":"de_DE","og_type":"article","og_title":"Gold Bridal Drop Earrings - PureJewels UK","og_description":"Gold Bridal Drop Earrings  22ct Gold Jali Earring with Fine Filigree Design  Wt. 7.2 g  SKU. 30480  Matching Necklace set is also available on particular theme  All prices include VAT  All our products are hallmarked by London Assay Office  Comes with presentation Box  Delivery Included  Explore our collection\u00a0bridal and wedding earrings  Contact us \/ Chat with us to see video of Product","og_url":"https:\/\/www.purejewels.com\/de\/produkt-2\/goldene-tropfenohrringe-fur-braute\/","og_site_name":"PureJewels UK","article_modified_time":"2026-01-06T06:58:43+00:00","og_image":[{"width":1000,"height":1000,"url":"https:\/\/www.purejewels.com\/wp-content\/uploads\/2019\/05\/30480.jpg","type":"image\/jpeg"}],"twitter_card":"summary_large_image","twitter_misc":{"Gesch\u00e4tzte Lesezeit":"1\u00a0Minute"},"schema":{"@context":"https:\/\/schema.org","@graph":[{"@type":["WebPage","ItemPage"],"@id":"https:\/\/www.purejewels.com\/product\/gold-bridal-drop-earrings\/","url":"https:\/\/www.purejewels.com\/product\/gold-bridal-drop-earrings\/","name":"Gold Brauttropfenohrringe - PureJewels UK","isPartOf":{"@id":"https:\/\/www.purejewels.com\/#website"},"primaryImageOfPage":{"@id":"https:\/\/www.purejewels.com\/product\/gold-bridal-drop-earrings\/#primaryimage"},"image":{"@id":"https:\/\/www.purejewels.com\/product\/gold-bridal-drop-earrings\/#primaryimage"},"thumbnailUrl":"https:\/\/static.purejewels.com\/wp-content\/uploads\/2019\/05\/30480.jpg","datePublished":"2019-05-02T09:57:05+00:00","dateModified":"2026-01-06T06:58:43+00:00","breadcrumb":{"@id":"https:\/\/www.purejewels.com\/product\/gold-bridal-drop-earrings\/#breadcrumb"},"inLanguage":"de","potentialAction":[{"@type":"ReadAction","target":["https:\/\/www.purejewels.com\/product\/gold-bridal-drop-earrings\/"]}]},{"@type":"ImageObject","inLanguage":"de","@id":"https:\/\/www.purejewels.com\/product\/gold-bridal-drop-earrings\/#primaryimage","url":"https:\/\/static.purejewels.com\/wp-content\/uploads\/2019\/05\/30480.jpg","contentUrl":"https:\/\/static.purejewels.com\/wp-content\/uploads\/2019\/05\/30480.jpg","width":1000,"height":1000,"caption":"30480"},{"@type":"BreadcrumbList","@id":"https:\/\/www.purejewels.com\/product\/gold-bridal-drop-earrings\/#breadcrumb","itemListElement":[{"@type":"ListItem","position":1,"name":"Home","item":"https:\/\/www.purejewels.com\/"},{"@type":"ListItem","position":2,"name":"Shop","item":"https:\/\/www.purejewels.com\/shop\/"},{"@type":"ListItem","position":3,"name":"Gold Bridal Drop Earrings"}]},{"@type":"WebSite","@id":"https:\/\/www.purejewels.com\/#website","url":"https:\/\/www.purejewels.com\/","name":"PureJewels UK","description":"Teile die Liebe","publisher":{"@id":"https:\/\/www.purejewels.com\/#organization"},"potentialAction":[{"@type":"SearchAction","target":{"@type":"EntryPoint","urlTemplate":"https:\/\/www.purejewels.com\/?s={search_term_string}"},"query-input":{"@type":"PropertyValueSpecification","valueRequired":true,"valueName":"search_term_string"}}],"inLanguage":"de"},{"@type":"Organization","@id":"https:\/\/www.purejewels.com\/#organization","name":"PureJewels UK","url":"https:\/\/www.purejewels.com\/","logo":{"@type":"ImageObject","inLanguage":"de","@id":"https:\/\/www.purejewels.com\/#\/schema\/logo\/image\/","url":"https:\/\/static.purejewels.com\/wp-content\/uploads\/2020\/11\/Logo-PJ-New-1.png","contentUrl":"https:\/\/static.purejewels.com\/wp-content\/uploads\/2020\/11\/Logo-PJ-New-1.png","width":150,"height":80,"caption":"PureJewels UK"},"image":{"@id":"https:\/\/www.purejewels.com\/#\/schema\/logo\/image\/"}}]}},"_links":{"self":[{"href":"https:\/\/www.purejewels.com\/de\/wp-json\/wp\/v2\/product\/310115","targetHints":{"allow":["GET"]}}],"collection":[{"href":"https:\/\/www.purejewels.com\/de\/wp-json\/wp\/v2\/product"}],"about":[{"href":"https:\/\/www.purejewels.com\/de\/wp-json\/wp\/v2\/types\/product"}],"replies":[{"embeddable":true,"href":"https:\/\/www.purejewels.com\/de\/wp-json\/wp\/v2\/comments?post=310115"}],"version-history":[{"count":3,"href":"https:\/\/www.purejewels.com\/de\/wp-json\/wp\/v2\/product\/310115\/revisions"}],"predecessor-version":[{"id":420351,"href":"https:\/\/www.purejewels.com\/de\/wp-json\/wp\/v2\/product\/310115\/revisions\/420351"}],"wp:featuredmedia":[{"embeddable":true,"href":"https:\/\/www.purejewels.com\/de\/wp-json\/wp\/v2\/media\/310117"}],"wp:attachment":[{"href":"https:\/\/www.purejewels.com\/de\/wp-json\/wp\/v2\/media?parent=310115"}],"wp:term":[{"taxonomy":"product_brand","embeddable":true,"href":"https:\/\/www.purejewels.com\/de\/wp-json\/wp\/v2\/product_brand?post=310115"},{"taxonomy":"product_cat","embeddable":true,"href":"https:\/\/www.purejewels.com\/de\/wp-json\/wp\/v2\/product_cat?post=310115"},{"taxonomy":"product_tag","embeddable":true,"href":"https:\/\/www.purejewels.com\/de\/wp-json\/wp\/v2\/product_tag?post=310115"}],"curies":[{"name":"wp","href":"https:\/\/api.w.org\/{rel}","templated":true}]}}