{"id":310200,"date":"2019-05-06T12:33:24","date_gmt":"2019-05-06T11:33:24","guid":{"rendered":"https:\/\/www.purejewels.com\/?post_type=product&#038;p=310200"},"modified":"2025-01-17T07:23:10","modified_gmt":"2025-01-17T07:23:10","slug":"22-karat-antiker-bolzen-30507","status":"publish","type":"product","link":"https:\/\/www.purejewels.com\/de\/product\/22ct-antique-stud-30507\/","title":{"rendered":"22ct Antiker Ohrstecker"},"content":{"rendered":"<h3><strong>Vintage, roh und k\u00fchn.<\/strong><\/h3>\n<p>Dieses majest\u00e4tische Paar antiker Ohrstecker sieht rau und sch\u00f6n aus. Ohrstecker sind m\u00fchelos, frech und wundersch\u00f6n. Sie sind im Grunde kleinere Versionen von l\u00e4ngeren <a href=\"https:\/\/www.purejewels.com\/de\/product-category\/22ct-gold-jewellery\/gold-earrings\/\">Ohrringe<\/a> die unter die Ohrl\u00e4ppchen fallen. Sie sind so gestaltet, dass sie Ihre Ohrl\u00e4ppchen m\u00fchelos bedecken, ohne zu viel Aufsehen zu erregen. Ohrstecker haben heutzutage auch eine kleine zus\u00e4tzliche L\u00e4nge in Form eines Anh\u00e4ngers oder eines Steintropfens.<\/p>\n<h3>Inspiration<\/h3>\n<p>Diese klassischen indischen <a href=\"https:\/\/www.purejewels.com\/de\/product-category\/22ct-gold-jewellery\/\">22 Karat<\/a> Goldohrringe sind rau, majest\u00e4tisch und elegant. Diese Goldohrringe <strong>Stollen<\/strong> sind von den reichen Kulturen der Vergangenheit inspiriert und vereinen sich mit dem Schimmer des Goldes. Sie sind Teil unserer Armari-Kollektion und wurden von Hand aus 22-kar\u00e4tigem Gold mit Techniken wie Filigranit\u00e4t, Gravur und Pr\u00e4gung gefertigt. Das Design beginnt mit einer \u00fcppigen Polki-Spange in der Mitte, die von weiteren Miniatur-Polki-Elementen umgeben ist.<\/p>\n<h3>Gestaltung<\/h3>\n<p>Diese Polkis sind von bl\u00fchenden Bl\u00fctenbl\u00e4ttern umgeben, die wundersch\u00f6n aussehen. Der Ohrstecker endet mit einem sauberen und filigranen Muster, das diesem gewagten Ohrstecker genau die richtige Menge an Zartheit verleiht.<\/p>\n<h3>Glam Up<\/h3>\n<p>Diese Ohrringe aus 22 Karat Gold sind ein Evergreen, sie haben die Herzen der indischen Frauen ber\u00fchrt und fasziniert und werden nun von immer mehr Frauen auf der ganzen Welt geliebt. Diese traditionellen indischen Kugeln, einmal nach Hause gebracht, werden ein Teil Ihrer Familie Erbst\u00fcck Sammlung, w\u00e4hrend Sie schm\u00fccken sie auf wichtige und sch\u00f6ne Momente. St\u00f6bern Sie auf unserer Website und entdecken Sie weitere Ohrringe aus 22-kar\u00e4tigem Gold mit Preis und bringen Sie Ihre Favoriten mit nach Hause.<\/p>","protected":false},"excerpt":{"rendered":"<p>&nbsp;<\/p>\n<ul>\n<li>Antiker 22-kar\u00e4tiger Ohrstecker mit synthetischen Polki-Steinen<\/li>\n<li>Feines filigranes Design aus 22 Karat Gelbgold<\/li>\n<li>Gewicht : 11.9 g<\/li>\n<li>Sku 30507<\/li>\n<li>22ct Gold gestempelt von London Assay Office<\/li>\n<li>Mit Pr\u00e4sentationsbox<\/li>\n<li>Lieferung inbegriffen<\/li>\n<li>Alle Preise inklusive Mehrwertsteuer<\/li>\n<li>Live-Chat mit uns f\u00fcr die Verf\u00fcgbarkeit und mehr Bilder von \u00e4hnlichen Designs derzeit auf Lager<\/li>\n<\/ul>","protected":false},"featured_media":313162,"comment_status":"closed","ping_status":"closed","template":"","meta":{"_eb_attr":"","_crsspst_to_jayantr4sg-hostcom":false},"product_brand":[],"product_cat":[245,1559,5315,1793,1254,1570,1577,1573,1574],"product_tag":[4122],"class_list":{"0":"post-310200","1":"product","2":"type-product","3":"status-publish","4":"has-post-thumbnail","6":"product_cat-armari-collections","7":"product_cat-birthday-gifts","8":"product_cat-bridal-and-wedding-earrings","9":"product_cat-diwali-gifts","10":"product_cat-gold-earrings","11":"product_cat-mothers-day-gifts","12":"product_cat-stud-earrings","13":"product_cat-wedding-gifts","14":"product_cat-womens-jewellery","15":"product_tag-earrings-for-sale","17":"first","18":"outofstock","19":"sale","20":"taxable","21":"shipping-taxable","22":"product-type-simple","23":"add-to-wishlist-before_image"},"yoast_head":"<!-- This site is optimized with the Yoast SEO plugin v27.3 - https:\/\/yoast.com\/product\/yoast-seo-wordpress\/ -->\n<title>22ct Antique Stud - PureJewels UK<\/title>\n<meta name=\"robots\" content=\"index, follow, max-snippet:-1, max-image-preview:large, max-video-preview:-1\" \/>\n<link rel=\"canonical\" href=\"https:\/\/www.purejewels.com\/de\/produkt-2\/22-karat-antiker-bolzen-30507\/\" \/>\n<meta property=\"og:locale\" content=\"de_DE\" \/>\n<meta property=\"og:type\" content=\"article\" \/>\n<meta property=\"og:title\" content=\"22ct Antique Stud - PureJewels UK\" \/>\n<meta property=\"og:description\" content=\"&nbsp;   22ct Antique Stud with Synthetic Polki Stones  Fine filigree Design in 22ct yellow gold  Wt : 11.9 gms  Sku 30507  22ct Gold\u00a0Hallmarked by London Assay Office  Comes With Presentation Box  Delivery Included  All prices include VAT  Live chat with us for availability and more images of similar designs currently in stock\" \/>\n<meta property=\"og:url\" content=\"https:\/\/www.purejewels.com\/de\/produkt-2\/22-karat-antiker-bolzen-30507\/\" \/>\n<meta property=\"og:site_name\" content=\"PureJewels UK\" \/>\n<meta property=\"article:modified_time\" content=\"2025-01-17T07:23:10+00:00\" \/>\n<meta property=\"og:image\" content=\"https:\/\/www.purejewels.com\/wp-content\/uploads\/2020\/03\/133389589.jpg\" \/>\n\t<meta property=\"og:image:width\" content=\"1000\" \/>\n\t<meta property=\"og:image:height\" content=\"1000\" \/>\n\t<meta property=\"og:image:type\" content=\"image\/jpeg\" \/>\n<meta name=\"twitter:card\" content=\"summary_large_image\" \/>\n<meta name=\"twitter:label1\" content=\"Gesch\u00e4tzte Lesezeit\" \/>\n\t<meta name=\"twitter:data1\" content=\"1\u00a0Minute\" \/>\n<script type=\"application\/ld+json\" class=\"yoast-schema-graph\">{\"@context\":\"https:\\\/\\\/schema.org\",\"@graph\":[{\"@type\":[\"WebPage\",\"ItemPage\"],\"@id\":\"https:\\\/\\\/www.purejewels.com\\\/product\\\/22ct-antique-stud-30507\\\/\",\"url\":\"https:\\\/\\\/www.purejewels.com\\\/product\\\/22ct-antique-stud-30507\\\/\",\"name\":\"22ct Antique Stud - PureJewels UK\",\"isPartOf\":{\"@id\":\"https:\\\/\\\/www.purejewels.com\\\/#website\"},\"primaryImageOfPage\":{\"@id\":\"https:\\\/\\\/www.purejewels.com\\\/product\\\/22ct-antique-stud-30507\\\/#primaryimage\"},\"image\":{\"@id\":\"https:\\\/\\\/www.purejewels.com\\\/product\\\/22ct-antique-stud-30507\\\/#primaryimage\"},\"thumbnailUrl\":\"https:\\\/\\\/static.purejewels.com\\\/wp-content\\\/uploads\\\/2020\\\/03\\\/133389589.jpg\",\"datePublished\":\"2019-05-06T11:33:24+00:00\",\"dateModified\":\"2025-01-17T07:23:10+00:00\",\"breadcrumb\":{\"@id\":\"https:\\\/\\\/www.purejewels.com\\\/product\\\/22ct-antique-stud-30507\\\/#breadcrumb\"},\"inLanguage\":\"de\",\"potentialAction\":[{\"@type\":\"ReadAction\",\"target\":[\"https:\\\/\\\/www.purejewels.com\\\/product\\\/22ct-antique-stud-30507\\\/\"]}]},{\"@type\":\"ImageObject\",\"inLanguage\":\"de\",\"@id\":\"https:\\\/\\\/www.purejewels.com\\\/product\\\/22ct-antique-stud-30507\\\/#primaryimage\",\"url\":\"https:\\\/\\\/static.purejewels.com\\\/wp-content\\\/uploads\\\/2020\\\/03\\\/133389589.jpg\",\"contentUrl\":\"https:\\\/\\\/static.purejewels.com\\\/wp-content\\\/uploads\\\/2020\\\/03\\\/133389589.jpg\",\"width\":1000,\"height\":1000,\"caption\":\"&nbsp;22ct Antique StudFine filigree Design in 22ct yellow goldWt : 11.9 gSku 3050722ct Gold\u00a0Hallmarked by London Assay OfficeComes With Presentation BoxDelivery IncludedAll prices include VATLive chat with us for availability and more images of similar designs currently in stock\"},{\"@type\":\"BreadcrumbList\",\"@id\":\"https:\\\/\\\/www.purejewels.com\\\/product\\\/22ct-antique-stud-30507\\\/#breadcrumb\",\"itemListElement\":[{\"@type\":\"ListItem\",\"position\":1,\"name\":\"Home\",\"item\":\"https:\\\/\\\/www.purejewels.com\\\/\"},{\"@type\":\"ListItem\",\"position\":2,\"name\":\"Shop\",\"item\":\"https:\\\/\\\/www.purejewels.com\\\/shop\\\/\"},{\"@type\":\"ListItem\",\"position\":3,\"name\":\"22ct Antique Stud\"}]},{\"@type\":\"WebSite\",\"@id\":\"https:\\\/\\\/www.purejewels.com\\\/#website\",\"url\":\"https:\\\/\\\/www.purejewels.com\\\/\",\"name\":\"PureJewels UK\",\"description\":\"Share the Love\",\"publisher\":{\"@id\":\"https:\\\/\\\/www.purejewels.com\\\/#organization\"},\"potentialAction\":[{\"@type\":\"SearchAction\",\"target\":{\"@type\":\"EntryPoint\",\"urlTemplate\":\"https:\\\/\\\/www.purejewels.com\\\/?s={search_term_string}\"},\"query-input\":{\"@type\":\"PropertyValueSpecification\",\"valueRequired\":true,\"valueName\":\"search_term_string\"}}],\"inLanguage\":\"de\"},{\"@type\":\"Organization\",\"@id\":\"https:\\\/\\\/www.purejewels.com\\\/#organization\",\"name\":\"PureJewels UK\",\"url\":\"https:\\\/\\\/www.purejewels.com\\\/\",\"logo\":{\"@type\":\"ImageObject\",\"inLanguage\":\"de\",\"@id\":\"https:\\\/\\\/www.purejewels.com\\\/#\\\/schema\\\/logo\\\/image\\\/\",\"url\":\"https:\\\/\\\/static.purejewels.com\\\/wp-content\\\/uploads\\\/2020\\\/11\\\/Logo-PJ-New-1.png\",\"contentUrl\":\"https:\\\/\\\/static.purejewels.com\\\/wp-content\\\/uploads\\\/2020\\\/11\\\/Logo-PJ-New-1.png\",\"width\":150,\"height\":80,\"caption\":\"PureJewels UK\"},\"image\":{\"@id\":\"https:\\\/\\\/www.purejewels.com\\\/#\\\/schema\\\/logo\\\/image\\\/\"}}]}<\/script>\n<!-- \/ Yoast SEO plugin. -->","yoast_head_json":{"title":"22ct Antiker Ohrstecker - PureJewels UK","robots":{"index":"index","follow":"follow","max-snippet":"max-snippet:-1","max-image-preview":"max-image-preview:large","max-video-preview":"max-video-preview:-1"},"canonical":"https:\/\/www.purejewels.com\/de\/produkt-2\/22-karat-antiker-bolzen-30507\/","og_locale":"de_DE","og_type":"article","og_title":"22ct Antique Stud - PureJewels UK","og_description":"&nbsp;   22ct Antique Stud with Synthetic Polki Stones  Fine filigree Design in 22ct yellow gold  Wt : 11.9 gms  Sku 30507  22ct Gold\u00a0Hallmarked by London Assay Office  Comes With Presentation Box  Delivery Included  All prices include VAT  Live chat with us for availability and more images of similar designs currently in stock","og_url":"https:\/\/www.purejewels.com\/de\/produkt-2\/22-karat-antiker-bolzen-30507\/","og_site_name":"PureJewels UK","article_modified_time":"2025-01-17T07:23:10+00:00","og_image":[{"width":1000,"height":1000,"url":"https:\/\/www.purejewels.com\/wp-content\/uploads\/2020\/03\/133389589.jpg","type":"image\/jpeg"}],"twitter_card":"summary_large_image","twitter_misc":{"Gesch\u00e4tzte Lesezeit":"1\u00a0Minute"},"schema":{"@context":"https:\/\/schema.org","@graph":[{"@type":["WebPage","ItemPage"],"@id":"https:\/\/www.purejewels.com\/product\/22ct-antique-stud-30507\/","url":"https:\/\/www.purejewels.com\/product\/22ct-antique-stud-30507\/","name":"22ct Antiker Ohrstecker - PureJewels UK","isPartOf":{"@id":"https:\/\/www.purejewels.com\/#website"},"primaryImageOfPage":{"@id":"https:\/\/www.purejewels.com\/product\/22ct-antique-stud-30507\/#primaryimage"},"image":{"@id":"https:\/\/www.purejewels.com\/product\/22ct-antique-stud-30507\/#primaryimage"},"thumbnailUrl":"https:\/\/static.purejewels.com\/wp-content\/uploads\/2020\/03\/133389589.jpg","datePublished":"2019-05-06T11:33:24+00:00","dateModified":"2025-01-17T07:23:10+00:00","breadcrumb":{"@id":"https:\/\/www.purejewels.com\/product\/22ct-antique-stud-30507\/#breadcrumb"},"inLanguage":"de","potentialAction":[{"@type":"ReadAction","target":["https:\/\/www.purejewels.com\/product\/22ct-antique-stud-30507\/"]}]},{"@type":"ImageObject","inLanguage":"de","@id":"https:\/\/www.purejewels.com\/product\/22ct-antique-stud-30507\/#primaryimage","url":"https:\/\/static.purejewels.com\/wp-content\/uploads\/2020\/03\/133389589.jpg","contentUrl":"https:\/\/static.purejewels.com\/wp-content\/uploads\/2020\/03\/133389589.jpg","width":1000,"height":1000,"caption":"&nbsp;22ct Antique StudFine filigree Design in 22ct yellow goldWt : 11.9 gSku 3050722ct Gold\u00a0Hallmarked by London Assay OfficeComes With Presentation BoxDelivery IncludedAll prices include VATLive chat with us for availability and more images of similar designs currently in stock"},{"@type":"BreadcrumbList","@id":"https:\/\/www.purejewels.com\/product\/22ct-antique-stud-30507\/#breadcrumb","itemListElement":[{"@type":"ListItem","position":1,"name":"Home","item":"https:\/\/www.purejewels.com\/"},{"@type":"ListItem","position":2,"name":"Shop","item":"https:\/\/www.purejewels.com\/shop\/"},{"@type":"ListItem","position":3,"name":"22ct Antique Stud"}]},{"@type":"WebSite","@id":"https:\/\/www.purejewels.com\/#website","url":"https:\/\/www.purejewels.com\/","name":"PureJewels UK","description":"Teile die Liebe","publisher":{"@id":"https:\/\/www.purejewels.com\/#organization"},"potentialAction":[{"@type":"SearchAction","target":{"@type":"EntryPoint","urlTemplate":"https:\/\/www.purejewels.com\/?s={search_term_string}"},"query-input":{"@type":"PropertyValueSpecification","valueRequired":true,"valueName":"search_term_string"}}],"inLanguage":"de"},{"@type":"Organization","@id":"https:\/\/www.purejewels.com\/#organization","name":"PureJewels UK","url":"https:\/\/www.purejewels.com\/","logo":{"@type":"ImageObject","inLanguage":"de","@id":"https:\/\/www.purejewels.com\/#\/schema\/logo\/image\/","url":"https:\/\/static.purejewels.com\/wp-content\/uploads\/2020\/11\/Logo-PJ-New-1.png","contentUrl":"https:\/\/static.purejewels.com\/wp-content\/uploads\/2020\/11\/Logo-PJ-New-1.png","width":150,"height":80,"caption":"PureJewels UK"},"image":{"@id":"https:\/\/www.purejewels.com\/#\/schema\/logo\/image\/"}}]}},"_links":{"self":[{"href":"https:\/\/www.purejewels.com\/de\/wp-json\/wp\/v2\/product\/310200","targetHints":{"allow":["GET"]}}],"collection":[{"href":"https:\/\/www.purejewels.com\/de\/wp-json\/wp\/v2\/product"}],"about":[{"href":"https:\/\/www.purejewels.com\/de\/wp-json\/wp\/v2\/types\/product"}],"replies":[{"embeddable":true,"href":"https:\/\/www.purejewels.com\/de\/wp-json\/wp\/v2\/comments?post=310200"}],"version-history":[{"count":1,"href":"https:\/\/www.purejewels.com\/de\/wp-json\/wp\/v2\/product\/310200\/revisions"}],"predecessor-version":[{"id":383928,"href":"https:\/\/www.purejewels.com\/de\/wp-json\/wp\/v2\/product\/310200\/revisions\/383928"}],"wp:featuredmedia":[{"embeddable":true,"href":"https:\/\/www.purejewels.com\/de\/wp-json\/wp\/v2\/media\/313162"}],"wp:attachment":[{"href":"https:\/\/www.purejewels.com\/de\/wp-json\/wp\/v2\/media?parent=310200"}],"wp:term":[{"taxonomy":"product_brand","embeddable":true,"href":"https:\/\/www.purejewels.com\/de\/wp-json\/wp\/v2\/product_brand?post=310200"},{"taxonomy":"product_cat","embeddable":true,"href":"https:\/\/www.purejewels.com\/de\/wp-json\/wp\/v2\/product_cat?post=310200"},{"taxonomy":"product_tag","embeddable":true,"href":"https:\/\/www.purejewels.com\/de\/wp-json\/wp\/v2\/product_tag?post=310200"}],"curies":[{"name":"wp","href":"https:\/\/api.w.org\/{rel}","templated":true}]}}