{"id":310222,"date":"2019-05-07T08:01:18","date_gmt":"2019-05-07T07:01:18","guid":{"rendered":"https:\/\/www.purejewels.com\/?post_type=product&#038;p=310222"},"modified":"2026-02-03T07:37:18","modified_gmt":"2026-02-03T07:37:18","slug":"22ct-gold-baby-armband-30513","status":"publish","type":"product","link":"https:\/\/www.purejewels.com\/de\/product\/22ct-gold-baby-bracelet-30513\/","title":{"rendered":"22ct Gold Schwarzes Perlenarmband mit floralen Scheibenmotiven"},"content":{"rendered":"<p>Gestaltung<\/p>\n<p>Dieses elegante Armband vereint klassische schwarze Perlendetails mit zwei zart gearbeiteten goldenen Scheibenmotiven in der Mitte. Die Scheiben weisen ein kompliziertes florales Muster auf, das Textur und Tiefe verleiht, w\u00e4hrend die abwechselnden goldenen und schwarzen Perlen ein ausgewogenes, rhythmisches Design schaffen, das in der Tradition verwurzelt ist und sich dennoch leicht im Alltag tragen l\u00e4sst.<\/p>\n<p>Handwerkliches K\u00f6nnen<\/p>\n<p>Das aus massivem 22-kar\u00e4tigem Gold handgefertigte Armband wurde mit Pr\u00e4zision zusammengesetzt, um Flexibilit\u00e4t, Komfort und Haltbarkeit zu gew\u00e4hrleisten. Jede Goldscheibe wurde sorgf\u00e4ltig geformt und bearbeitet, um ihre detaillierte Oberfl\u00e4che hervorzuheben, die durch polierte Goldglieder und glatte schwarze Perlen erg\u00e4nzt wird. Das Armband ist in Gro\u00dfbritannien gepunzt, was die Reinheit und Qualit\u00e4t des Goldes best\u00e4tigt.<\/p>\n<p>Styling &amp; Geschenkartikel<\/p>\n<p>Dieses Armband eignet sich perfekt f\u00fcr den t\u00e4glichen Gebrauch, f\u00fcr kulturelle Anl\u00e4sse oder als bedeutungsvolles Geschenk. Es l\u00e4sst sich wunderbar mit anderen goldenen Armreifen kombinieren oder als Einzelst\u00fcck tragen, was f\u00fcr subtile Eleganz sorgt. Ein durchdachtes Geschenk f\u00fcr Meilensteine, Feiern oder pers\u00f6nliche Andenken, das zeitlosen Stil mit kultureller Resonanz bietet.<\/p>","protected":false},"excerpt":{"rendered":"<p>Ein raffiniertes Armband aus 22-kar\u00e4tigem Gold mit schwarzer Perlenverzierung und handgefertigten floralen Goldscheibenmotiven.<\/p>\n<ul>\n<li>22ct Gold Baby-Armband.<\/li>\n<li>Mit schwarzen Perlen.<\/li>\n<li>Geeignet f\u00fcr Kinder, Kinder, Kind, Kleinkind, Neugeborene.<\/li>\n<li>22 Karat Goldschmuck mit Punzierung f\u00fcr Kinder.<\/li>\n<li>Ungef\u00e4hre L\u00e4nge: 5,5 Zoll oder 14 cm.<\/li>\n<li>Gewicht : 6.1g<\/li>\n<li>sku 30513<\/li>\n<li>Alle Preise inklusive Mehrwertsteuer<\/li>\n<li>22ct Gold gestempelt von London Assay Office<\/li>\n<li>Mit Pr\u00e4sentationsbox<\/li>\n<li>Lieferung inbegriffen<\/li>\n<li>Live-Chat mit uns f\u00fcr die Verf\u00fcgbarkeit und mehr Bilder von \u00e4hnlichen schwarzen Perlen Armband f\u00fcr Babys.<\/li>\n<\/ul>","protected":false},"featured_media":315475,"comment_status":"closed","ping_status":"closed","template":"","meta":{"_eb_attr":"","_crsspst_to_jayantr4sg-hostcom":true},"product_brand":[],"product_cat":[1576,1324,1229],"product_tag":[],"class_list":{"0":"post-310222","1":"product","2":"type-product","3":"status-publish","4":"has-post-thumbnail","6":"product_cat-childrens-jewellery","7":"product_cat-gold-bracelet","8":"product_cat-22ct-gold-jewellery","10":"first","11":"outofstock","12":"taxable","13":"shipping-taxable","14":"product-type-simple","15":"add-to-wishlist-before_image"},"yoast_head":"<!-- This site is optimized with the Yoast SEO plugin v27.3 - https:\/\/yoast.com\/product\/yoast-seo-wordpress\/ -->\n<title>22ct Black Bead Bracelet with Floral Disc Motifs in PureJewels UK<\/title>\n<meta name=\"description\" content=\"Discover a 22ct Gold Black Bead Bracelet from PureJewels. Featuring handcrafted gold discs and traditional black bead detailing, hallmarked in the UK.\" \/>\n<meta name=\"robots\" content=\"index, follow, max-snippet:-1, max-image-preview:large, max-video-preview:-1\" \/>\n<link rel=\"canonical\" href=\"https:\/\/www.purejewels.com\/de\/produkt-2\/22ct-gold-baby-armband-30513\/\" \/>\n<meta property=\"og:locale\" content=\"de_DE\" \/>\n<meta property=\"og:type\" content=\"article\" \/>\n<meta property=\"og:title\" content=\"22ct Black Bead Bracelet with Floral Disc Motifs in PureJewels UK\" \/>\n<meta property=\"og:description\" content=\"Discover a 22ct Gold Black Bead Bracelet from PureJewels. Featuring handcrafted gold discs and traditional black bead detailing, hallmarked in the UK.\" \/>\n<meta property=\"og:url\" content=\"https:\/\/www.purejewels.com\/de\/produkt-2\/22ct-gold-baby-armband-30513\/\" \/>\n<meta property=\"og:site_name\" content=\"PureJewels UK\" \/>\n<meta property=\"article:modified_time\" content=\"2026-02-03T07:37:18+00:00\" \/>\n<meta property=\"og:image\" content=\"https:\/\/static.purejewels.com\/wp-content\/uploads\/2020\/06\/135707046.jpg\" \/>\n\t<meta property=\"og:image:width\" content=\"1000\" \/>\n\t<meta property=\"og:image:height\" content=\"1000\" \/>\n\t<meta property=\"og:image:type\" content=\"image\/jpeg\" \/>\n<meta name=\"twitter:card\" content=\"summary_large_image\" \/>\n<meta name=\"twitter:label1\" content=\"Gesch\u00e4tzte Lesezeit\" \/>\n\t<meta name=\"twitter:data1\" content=\"1\u00a0Minute\" \/>\n<script type=\"application\/ld+json\" class=\"yoast-schema-graph\">{\"@context\":\"https:\\\/\\\/schema.org\",\"@graph\":[{\"@type\":[\"WebPage\",\"ItemPage\"],\"@id\":\"https:\\\/\\\/www.purejewels.com\\\/product\\\/22ct-gold-baby-bracelet-30513\\\/\",\"url\":\"https:\\\/\\\/www.purejewels.com\\\/product\\\/22ct-gold-baby-bracelet-30513\\\/\",\"name\":\"22ct Black Bead Bracelet with Floral Disc Motifs in PureJewels UK\",\"isPartOf\":{\"@id\":\"https:\\\/\\\/www.purejewels.com\\\/#website\"},\"primaryImageOfPage\":{\"@id\":\"https:\\\/\\\/www.purejewels.com\\\/product\\\/22ct-gold-baby-bracelet-30513\\\/#primaryimage\"},\"image\":{\"@id\":\"https:\\\/\\\/www.purejewels.com\\\/product\\\/22ct-gold-baby-bracelet-30513\\\/#primaryimage\"},\"thumbnailUrl\":\"https:\\\/\\\/static.purejewels.com\\\/wp-content\\\/uploads\\\/2020\\\/06\\\/135707046.jpg\",\"datePublished\":\"2019-05-07T07:01:18+00:00\",\"dateModified\":\"2026-02-03T07:37:18+00:00\",\"description\":\"Discover a 22ct Gold Black Bead Bracelet from PureJewels. Featuring handcrafted gold discs and traditional black bead detailing, hallmarked in the UK.\",\"breadcrumb\":{\"@id\":\"https:\\\/\\\/www.purejewels.com\\\/product\\\/22ct-gold-baby-bracelet-30513\\\/#breadcrumb\"},\"inLanguage\":\"de\",\"potentialAction\":[{\"@type\":\"ReadAction\",\"target\":[\"https:\\\/\\\/www.purejewels.com\\\/product\\\/22ct-gold-baby-bracelet-30513\\\/\"]}]},{\"@type\":\"ImageObject\",\"inLanguage\":\"de\",\"@id\":\"https:\\\/\\\/www.purejewels.com\\\/product\\\/22ct-gold-baby-bracelet-30513\\\/#primaryimage\",\"url\":\"https:\\\/\\\/static.purejewels.com\\\/wp-content\\\/uploads\\\/2020\\\/06\\\/135707046.jpg\",\"contentUrl\":\"https:\\\/\\\/static.purejewels.com\\\/wp-content\\\/uploads\\\/2020\\\/06\\\/135707046.jpg\",\"width\":1000,\"height\":1000,\"caption\":\"22ct Gold Baby bracelet.With black beads.Suitable for kids, Children, Child, Infant, New Born.22ct Hallmarked Kids gold jewellery.Approximate Length : 5.5 Inches or 14cm.Wt : 6.1gsku 30513All prices include VAT22ct Gold\u00a0Hallmarked by London Assay OfficeComes With Presentation BoxDelivery IncludedLive chat with us for availability and more images of similar black beads bracelet for babies.\"},{\"@type\":\"BreadcrumbList\",\"@id\":\"https:\\\/\\\/www.purejewels.com\\\/product\\\/22ct-gold-baby-bracelet-30513\\\/#breadcrumb\",\"itemListElement\":[{\"@type\":\"ListItem\",\"position\":1,\"name\":\"Home\",\"item\":\"https:\\\/\\\/www.purejewels.com\\\/\"},{\"@type\":\"ListItem\",\"position\":2,\"name\":\"Shop\",\"item\":\"https:\\\/\\\/www.purejewels.com\\\/shop\\\/\"},{\"@type\":\"ListItem\",\"position\":3,\"name\":\"22ct Gold Black Bead Bracelet with Floral Disc Motifs\"}]},{\"@type\":\"WebSite\",\"@id\":\"https:\\\/\\\/www.purejewels.com\\\/#website\",\"url\":\"https:\\\/\\\/www.purejewels.com\\\/\",\"name\":\"PureJewels UK\",\"description\":\"Share the Love\",\"publisher\":{\"@id\":\"https:\\\/\\\/www.purejewels.com\\\/#organization\"},\"potentialAction\":[{\"@type\":\"SearchAction\",\"target\":{\"@type\":\"EntryPoint\",\"urlTemplate\":\"https:\\\/\\\/www.purejewels.com\\\/?s={search_term_string}\"},\"query-input\":{\"@type\":\"PropertyValueSpecification\",\"valueRequired\":true,\"valueName\":\"search_term_string\"}}],\"inLanguage\":\"de\"},{\"@type\":\"Organization\",\"@id\":\"https:\\\/\\\/www.purejewels.com\\\/#organization\",\"name\":\"PureJewels UK\",\"url\":\"https:\\\/\\\/www.purejewels.com\\\/\",\"logo\":{\"@type\":\"ImageObject\",\"inLanguage\":\"de\",\"@id\":\"https:\\\/\\\/www.purejewels.com\\\/#\\\/schema\\\/logo\\\/image\\\/\",\"url\":\"https:\\\/\\\/static.purejewels.com\\\/wp-content\\\/uploads\\\/2020\\\/11\\\/Logo-PJ-New-1.png\",\"contentUrl\":\"https:\\\/\\\/static.purejewels.com\\\/wp-content\\\/uploads\\\/2020\\\/11\\\/Logo-PJ-New-1.png\",\"width\":150,\"height\":80,\"caption\":\"PureJewels UK\"},\"image\":{\"@id\":\"https:\\\/\\\/www.purejewels.com\\\/#\\\/schema\\\/logo\\\/image\\\/\"}}]}<\/script>\n<!-- \/ Yoast SEO plugin. -->","yoast_head_json":{"title":"22ct Schwarzes Perlenarmband mit floralen Scheibenmotiven in PureJewels UK","description":"Entdecken Sie ein 22ct Gold Black Bead Bracelet von PureJewels. Mit handgefertigten Goldscheiben und traditionellen schwarzen Perlen Details, gestempelt in Gro\u00dfbritannien.","robots":{"index":"index","follow":"follow","max-snippet":"max-snippet:-1","max-image-preview":"max-image-preview:large","max-video-preview":"max-video-preview:-1"},"canonical":"https:\/\/www.purejewels.com\/de\/produkt-2\/22ct-gold-baby-armband-30513\/","og_locale":"de_DE","og_type":"article","og_title":"22ct Black Bead Bracelet with Floral Disc Motifs in PureJewels UK","og_description":"Discover a 22ct Gold Black Bead Bracelet from PureJewels. Featuring handcrafted gold discs and traditional black bead detailing, hallmarked in the UK.","og_url":"https:\/\/www.purejewels.com\/de\/produkt-2\/22ct-gold-baby-armband-30513\/","og_site_name":"PureJewels UK","article_modified_time":"2026-02-03T07:37:18+00:00","og_image":[{"width":1000,"height":1000,"url":"https:\/\/static.purejewels.com\/wp-content\/uploads\/2020\/06\/135707046.jpg","type":"image\/jpeg"}],"twitter_card":"summary_large_image","twitter_misc":{"Gesch\u00e4tzte Lesezeit":"1\u00a0Minute"},"schema":{"@context":"https:\/\/schema.org","@graph":[{"@type":["WebPage","ItemPage"],"@id":"https:\/\/www.purejewels.com\/product\/22ct-gold-baby-bracelet-30513\/","url":"https:\/\/www.purejewels.com\/product\/22ct-gold-baby-bracelet-30513\/","name":"22ct Schwarzes Perlenarmband mit floralen Scheibenmotiven in PureJewels UK","isPartOf":{"@id":"https:\/\/www.purejewels.com\/#website"},"primaryImageOfPage":{"@id":"https:\/\/www.purejewels.com\/product\/22ct-gold-baby-bracelet-30513\/#primaryimage"},"image":{"@id":"https:\/\/www.purejewels.com\/product\/22ct-gold-baby-bracelet-30513\/#primaryimage"},"thumbnailUrl":"https:\/\/static.purejewels.com\/wp-content\/uploads\/2020\/06\/135707046.jpg","datePublished":"2019-05-07T07:01:18+00:00","dateModified":"2026-02-03T07:37:18+00:00","description":"Entdecken Sie ein 22ct Gold Black Bead Bracelet von PureJewels. Mit handgefertigten Goldscheiben und traditionellen schwarzen Perlen Details, gestempelt in Gro\u00dfbritannien.","breadcrumb":{"@id":"https:\/\/www.purejewels.com\/product\/22ct-gold-baby-bracelet-30513\/#breadcrumb"},"inLanguage":"de","potentialAction":[{"@type":"ReadAction","target":["https:\/\/www.purejewels.com\/product\/22ct-gold-baby-bracelet-30513\/"]}]},{"@type":"ImageObject","inLanguage":"de","@id":"https:\/\/www.purejewels.com\/product\/22ct-gold-baby-bracelet-30513\/#primaryimage","url":"https:\/\/static.purejewels.com\/wp-content\/uploads\/2020\/06\/135707046.jpg","contentUrl":"https:\/\/static.purejewels.com\/wp-content\/uploads\/2020\/06\/135707046.jpg","width":1000,"height":1000,"caption":"22ct Gold Baby bracelet.With black beads.Suitable for kids, Children, Child, Infant, New Born.22ct Hallmarked Kids gold jewellery.Approximate Length : 5.5 Inches or 14cm.Wt : 6.1gsku 30513All prices include VAT22ct Gold\u00a0Hallmarked by London Assay OfficeComes With Presentation BoxDelivery IncludedLive chat with us for availability and more images of similar black beads bracelet for babies."},{"@type":"BreadcrumbList","@id":"https:\/\/www.purejewels.com\/product\/22ct-gold-baby-bracelet-30513\/#breadcrumb","itemListElement":[{"@type":"ListItem","position":1,"name":"Home","item":"https:\/\/www.purejewels.com\/"},{"@type":"ListItem","position":2,"name":"Shop","item":"https:\/\/www.purejewels.com\/shop\/"},{"@type":"ListItem","position":3,"name":"22ct Gold Black Bead Bracelet with Floral Disc Motifs"}]},{"@type":"WebSite","@id":"https:\/\/www.purejewels.com\/#website","url":"https:\/\/www.purejewels.com\/","name":"PureJewels UK","description":"Teile die Liebe","publisher":{"@id":"https:\/\/www.purejewels.com\/#organization"},"potentialAction":[{"@type":"SearchAction","target":{"@type":"EntryPoint","urlTemplate":"https:\/\/www.purejewels.com\/?s={search_term_string}"},"query-input":{"@type":"PropertyValueSpecification","valueRequired":true,"valueName":"search_term_string"}}],"inLanguage":"de"},{"@type":"Organization","@id":"https:\/\/www.purejewels.com\/#organization","name":"PureJewels UK","url":"https:\/\/www.purejewels.com\/","logo":{"@type":"ImageObject","inLanguage":"de","@id":"https:\/\/www.purejewels.com\/#\/schema\/logo\/image\/","url":"https:\/\/static.purejewels.com\/wp-content\/uploads\/2020\/11\/Logo-PJ-New-1.png","contentUrl":"https:\/\/static.purejewels.com\/wp-content\/uploads\/2020\/11\/Logo-PJ-New-1.png","width":150,"height":80,"caption":"PureJewels UK"},"image":{"@id":"https:\/\/www.purejewels.com\/#\/schema\/logo\/image\/"}}]}},"_links":{"self":[{"href":"https:\/\/www.purejewels.com\/de\/wp-json\/wp\/v2\/product\/310222","targetHints":{"allow":["GET"]}}],"collection":[{"href":"https:\/\/www.purejewels.com\/de\/wp-json\/wp\/v2\/product"}],"about":[{"href":"https:\/\/www.purejewels.com\/de\/wp-json\/wp\/v2\/types\/product"}],"replies":[{"embeddable":true,"href":"https:\/\/www.purejewels.com\/de\/wp-json\/wp\/v2\/comments?post=310222"}],"version-history":[{"count":3,"href":"https:\/\/www.purejewels.com\/de\/wp-json\/wp\/v2\/product\/310222\/revisions"}],"predecessor-version":[{"id":425557,"href":"https:\/\/www.purejewels.com\/de\/wp-json\/wp\/v2\/product\/310222\/revisions\/425557"}],"wp:featuredmedia":[{"embeddable":true,"href":"https:\/\/www.purejewels.com\/de\/wp-json\/wp\/v2\/media\/315475"}],"wp:attachment":[{"href":"https:\/\/www.purejewels.com\/de\/wp-json\/wp\/v2\/media?parent=310222"}],"wp:term":[{"taxonomy":"product_brand","embeddable":true,"href":"https:\/\/www.purejewels.com\/de\/wp-json\/wp\/v2\/product_brand?post=310222"},{"taxonomy":"product_cat","embeddable":true,"href":"https:\/\/www.purejewels.com\/de\/wp-json\/wp\/v2\/product_cat?post=310222"},{"taxonomy":"product_tag","embeddable":true,"href":"https:\/\/www.purejewels.com\/de\/wp-json\/wp\/v2\/product_tag?post=310222"}],"curies":[{"name":"wp","href":"https:\/\/api.w.org\/{rel}","templated":true}]}}