{"id":310431,"date":"2019-05-30T09:15:12","date_gmt":"2019-05-30T08:15:12","guid":{"rendered":"https:\/\/www.purejewels.com\/?post_type=product&#038;p=310431"},"modified":"2026-01-06T07:29:45","modified_gmt":"2026-01-06T07:29:45","slug":"ganesh-ji-gold-anhanger","status":"publish","type":"product","link":"https:\/\/www.purejewels.com\/de\/product\/ganesh-ji-gold-pendant\/","title":{"rendered":"22 Karat Gold Ganesh Dreifach-R\u00fcssel-Anh\u00e4nger"},"content":{"rendered":"<p>Umfassen Sie Spiritualit\u00e4t und Tradition mit diesem aufwendig gestalteten Anh\u00e4nger aus 22 Karat Gold mit dreifachem R\u00fcssel von Ganesh. Der Anh\u00e4nger aus strahlendem 22 Karat Gold zeigt Lord Ganesha \u2013 den Beseitiger von Hindernissen \u2013 in einer einzigartigen und gl\u00fccksverhei\u00dfenden Form mit dreifachem R\u00fcssel, die St\u00e4rke, Weisheit und g\u00f6ttlichen Segen symbolisiert. Dieser Anh\u00e4nger eignet sich ideal f\u00fcr den t\u00e4glichen Gebrauch oder als liebevolles Geschenk zu religi\u00f6sen Festen und besonderen Anl\u00e4ssen und verleiht Ihrer Goldschmuckkollektion sowohl Bedeutung als auch Eleganz. Kombinieren Sie ihn mit einer feinen Goldkette f\u00fcr einen kompletten Look, der von Tradition und Schutz gepr\u00e4gt ist.<\/p>","protected":false},"excerpt":{"rendered":"<ul>\n<li>Ganesh Ji Gold-Anh\u00e4nger<\/li>\n<li>Aus 22 Karat Gelbgold<\/li>\n<li>Gewicht. 2,9 Gramm<\/li>\n<li>SKU.  6026<\/li>\n<li>Kette nicht enthalten<\/li>\n<li>Die auf dem Bild gezeigte Kette ist eine <strong>Ackerfuchsschwanzkette<\/strong><\/li>\n<li>Alle unsere Produkte sind vom London Assay Office gestempelt.<\/li>\n<li>Mit Pr\u00e4sentationsbox<\/li>\n<li>Lieferung inbegriffen<\/li>\n<li>Alle Preise inklusive Mehrwertsteuer<\/li>\n<li>Sehen Sie sich unsere Sammlung von\u00a0<strong>Anh\u00e4nger f\u00fcr M\u00e4nner<\/strong><\/li>\n<li>Live-Chat mit uns f\u00fcr die Verf\u00fcgbarkeit und mehr Bilder von Hindu Religi\u00f6se Anh\u00e4nger derzeit auf Lager<\/li>\n<\/ul>","protected":false},"featured_media":310443,"comment_status":"closed","ping_status":"closed","template":"","meta":{"_eb_attr":"","_crsspst_to_jayantr4sg-hostcom":true},"product_brand":[],"product_cat":[1255,5344,1768,1701],"product_tag":[],"class_list":{"0":"post-310431","1":"product","2":"type-product","3":"status-publish","4":"has-post-thumbnail","6":"product_cat-gold-pendants","7":"product_cat-jewellery-under-750","8":"product_cat-mens-pendants","9":"product_cat-religious-pendants","11":"first","12":"outofstock","13":"taxable","14":"shipping-taxable","15":"product-type-simple","16":"add-to-wishlist-before_image"},"yoast_head":"<!-- This site is optimized with the Yoast SEO plugin v27.3 - https:\/\/yoast.com\/product\/yoast-seo-wordpress\/ -->\n<title>22ct Gold Ganesh Ji Pendant | Triple Trunk Hindu Pendant<\/title>\n<meta name=\"description\" content=\"Discover divine protection with this 22ct Gold Ganesh Ji Pendant featuring a unique triple trunk design. Perfect for spiritual gifting and everyday blessings.\" \/>\n<meta name=\"robots\" content=\"index, follow, max-snippet:-1, max-image-preview:large, max-video-preview:-1\" \/>\n<link rel=\"canonical\" href=\"https:\/\/www.purejewels.com\/de\/produkt-2\/ganesh-ji-gold-anhanger\/\" \/>\n<meta property=\"og:locale\" content=\"de_DE\" \/>\n<meta property=\"og:type\" content=\"article\" \/>\n<meta property=\"og:title\" content=\"22ct Gold Ganesh Ji Pendant | Triple Trunk Hindu Pendant\" \/>\n<meta property=\"og:description\" content=\"Discover divine protection with this 22ct Gold Ganesh Ji Pendant featuring a unique triple trunk design. Perfect for spiritual gifting and everyday blessings.\" \/>\n<meta property=\"og:url\" content=\"https:\/\/www.purejewels.com\/de\/produkt-2\/ganesh-ji-gold-anhanger\/\" \/>\n<meta property=\"og:site_name\" content=\"PureJewels UK\" \/>\n<meta property=\"article:modified_time\" content=\"2026-01-06T07:29:45+00:00\" \/>\n<meta property=\"og:image\" content=\"https:\/\/www.purejewels.com\/wp-content\/uploads\/2019\/05\/6026.jpg\" \/>\n\t<meta property=\"og:image:width\" content=\"1366\" \/>\n\t<meta property=\"og:image:height\" content=\"2048\" \/>\n\t<meta property=\"og:image:type\" content=\"image\/jpeg\" \/>\n<meta name=\"twitter:card\" content=\"summary_large_image\" \/>\n<meta name=\"twitter:label1\" content=\"Gesch\u00e4tzte Lesezeit\" \/>\n\t<meta name=\"twitter:data1\" content=\"1\u00a0Minute\" \/>\n<script type=\"application\/ld+json\" class=\"yoast-schema-graph\">{\"@context\":\"https:\\\/\\\/schema.org\",\"@graph\":[{\"@type\":[\"WebPage\",\"ItemPage\"],\"@id\":\"https:\\\/\\\/www.purejewels.com\\\/product\\\/ganesh-ji-gold-pendant\\\/\",\"url\":\"https:\\\/\\\/www.purejewels.com\\\/product\\\/ganesh-ji-gold-pendant\\\/\",\"name\":\"22ct Gold Ganesh Ji Pendant | Triple Trunk Hindu Pendant\",\"isPartOf\":{\"@id\":\"https:\\\/\\\/www.purejewels.com\\\/#website\"},\"primaryImageOfPage\":{\"@id\":\"https:\\\/\\\/www.purejewels.com\\\/product\\\/ganesh-ji-gold-pendant\\\/#primaryimage\"},\"image\":{\"@id\":\"https:\\\/\\\/www.purejewels.com\\\/product\\\/ganesh-ji-gold-pendant\\\/#primaryimage\"},\"thumbnailUrl\":\"https:\\\/\\\/static.purejewels.com\\\/wp-content\\\/uploads\\\/2019\\\/05\\\/6026.jpg\",\"datePublished\":\"2019-05-30T08:15:12+00:00\",\"dateModified\":\"2026-01-06T07:29:45+00:00\",\"description\":\"Discover divine protection with this 22ct Gold Ganesh Ji Pendant featuring a unique triple trunk design. Perfect for spiritual gifting and everyday blessings.\",\"breadcrumb\":{\"@id\":\"https:\\\/\\\/www.purejewels.com\\\/product\\\/ganesh-ji-gold-pendant\\\/#breadcrumb\"},\"inLanguage\":\"de\",\"potentialAction\":[{\"@type\":\"ReadAction\",\"target\":[\"https:\\\/\\\/www.purejewels.com\\\/product\\\/ganesh-ji-gold-pendant\\\/\"]}]},{\"@type\":\"ImageObject\",\"inLanguage\":\"de\",\"@id\":\"https:\\\/\\\/www.purejewels.com\\\/product\\\/ganesh-ji-gold-pendant\\\/#primaryimage\",\"url\":\"https:\\\/\\\/static.purejewels.com\\\/wp-content\\\/uploads\\\/2019\\\/05\\\/6026.jpg\",\"contentUrl\":\"https:\\\/\\\/static.purejewels.com\\\/wp-content\\\/uploads\\\/2019\\\/05\\\/6026.jpg\",\"width\":1366,\"height\":2048,\"caption\":\"6026\"},{\"@type\":\"BreadcrumbList\",\"@id\":\"https:\\\/\\\/www.purejewels.com\\\/product\\\/ganesh-ji-gold-pendant\\\/#breadcrumb\",\"itemListElement\":[{\"@type\":\"ListItem\",\"position\":1,\"name\":\"Home\",\"item\":\"https:\\\/\\\/www.purejewels.com\\\/\"},{\"@type\":\"ListItem\",\"position\":2,\"name\":\"Shop\",\"item\":\"https:\\\/\\\/www.purejewels.com\\\/shop\\\/\"},{\"@type\":\"ListItem\",\"position\":3,\"name\":\"22ct Gold Ganesh Triple Trunk Pendant\"}]},{\"@type\":\"WebSite\",\"@id\":\"https:\\\/\\\/www.purejewels.com\\\/#website\",\"url\":\"https:\\\/\\\/www.purejewels.com\\\/\",\"name\":\"PureJewels UK\",\"description\":\"Share the Love\",\"publisher\":{\"@id\":\"https:\\\/\\\/www.purejewels.com\\\/#organization\"},\"potentialAction\":[{\"@type\":\"SearchAction\",\"target\":{\"@type\":\"EntryPoint\",\"urlTemplate\":\"https:\\\/\\\/www.purejewels.com\\\/?s={search_term_string}\"},\"query-input\":{\"@type\":\"PropertyValueSpecification\",\"valueRequired\":true,\"valueName\":\"search_term_string\"}}],\"inLanguage\":\"de\"},{\"@type\":\"Organization\",\"@id\":\"https:\\\/\\\/www.purejewels.com\\\/#organization\",\"name\":\"PureJewels UK\",\"url\":\"https:\\\/\\\/www.purejewels.com\\\/\",\"logo\":{\"@type\":\"ImageObject\",\"inLanguage\":\"de\",\"@id\":\"https:\\\/\\\/www.purejewels.com\\\/#\\\/schema\\\/logo\\\/image\\\/\",\"url\":\"https:\\\/\\\/static.purejewels.com\\\/wp-content\\\/uploads\\\/2020\\\/11\\\/Logo-PJ-New-1.png\",\"contentUrl\":\"https:\\\/\\\/static.purejewels.com\\\/wp-content\\\/uploads\\\/2020\\\/11\\\/Logo-PJ-New-1.png\",\"width\":150,\"height\":80,\"caption\":\"PureJewels UK\"},\"image\":{\"@id\":\"https:\\\/\\\/www.purejewels.com\\\/#\\\/schema\\\/logo\\\/image\\\/\"}}]}<\/script>\n<!-- \/ Yoast SEO plugin. -->","yoast_head_json":{"title":"22 Karat Gold Ganesh Ji Anh\u00e4nger | Dreifacher R\u00fcssel Hindu Anh\u00e4nger","description":"Entdecken Sie g\u00f6ttlichen Schutz mit diesem Ganesh Ji-Anh\u00e4nger aus 22 Karat Gold mit einzigartigem Dreifach-R\u00fcssel-Design. Perfekt als spirituelles Geschenk und f\u00fcr den t\u00e4glichen Segen.","robots":{"index":"index","follow":"follow","max-snippet":"max-snippet:-1","max-image-preview":"max-image-preview:large","max-video-preview":"max-video-preview:-1"},"canonical":"https:\/\/www.purejewels.com\/de\/produkt-2\/ganesh-ji-gold-anhanger\/","og_locale":"de_DE","og_type":"article","og_title":"22ct Gold Ganesh Ji Pendant | Triple Trunk Hindu Pendant","og_description":"Discover divine protection with this 22ct Gold Ganesh Ji Pendant featuring a unique triple trunk design. Perfect for spiritual gifting and everyday blessings.","og_url":"https:\/\/www.purejewels.com\/de\/produkt-2\/ganesh-ji-gold-anhanger\/","og_site_name":"PureJewels UK","article_modified_time":"2026-01-06T07:29:45+00:00","og_image":[{"width":1366,"height":2048,"url":"https:\/\/www.purejewels.com\/wp-content\/uploads\/2019\/05\/6026.jpg","type":"image\/jpeg"}],"twitter_card":"summary_large_image","twitter_misc":{"Gesch\u00e4tzte Lesezeit":"1\u00a0Minute"},"schema":{"@context":"https:\/\/schema.org","@graph":[{"@type":["WebPage","ItemPage"],"@id":"https:\/\/www.purejewels.com\/product\/ganesh-ji-gold-pendant\/","url":"https:\/\/www.purejewels.com\/product\/ganesh-ji-gold-pendant\/","name":"22 Karat Gold Ganesh Ji Anh\u00e4nger | Dreifacher R\u00fcssel Hindu Anh\u00e4nger","isPartOf":{"@id":"https:\/\/www.purejewels.com\/#website"},"primaryImageOfPage":{"@id":"https:\/\/www.purejewels.com\/product\/ganesh-ji-gold-pendant\/#primaryimage"},"image":{"@id":"https:\/\/www.purejewels.com\/product\/ganesh-ji-gold-pendant\/#primaryimage"},"thumbnailUrl":"https:\/\/static.purejewels.com\/wp-content\/uploads\/2019\/05\/6026.jpg","datePublished":"2019-05-30T08:15:12+00:00","dateModified":"2026-01-06T07:29:45+00:00","description":"Entdecken Sie g\u00f6ttlichen Schutz mit diesem Ganesh Ji-Anh\u00e4nger aus 22 Karat Gold mit einzigartigem Dreifach-R\u00fcssel-Design. Perfekt als spirituelles Geschenk und f\u00fcr den t\u00e4glichen Segen.","breadcrumb":{"@id":"https:\/\/www.purejewels.com\/product\/ganesh-ji-gold-pendant\/#breadcrumb"},"inLanguage":"de","potentialAction":[{"@type":"ReadAction","target":["https:\/\/www.purejewels.com\/product\/ganesh-ji-gold-pendant\/"]}]},{"@type":"ImageObject","inLanguage":"de","@id":"https:\/\/www.purejewels.com\/product\/ganesh-ji-gold-pendant\/#primaryimage","url":"https:\/\/static.purejewels.com\/wp-content\/uploads\/2019\/05\/6026.jpg","contentUrl":"https:\/\/static.purejewels.com\/wp-content\/uploads\/2019\/05\/6026.jpg","width":1366,"height":2048,"caption":"6026"},{"@type":"BreadcrumbList","@id":"https:\/\/www.purejewels.com\/product\/ganesh-ji-gold-pendant\/#breadcrumb","itemListElement":[{"@type":"ListItem","position":1,"name":"Home","item":"https:\/\/www.purejewels.com\/"},{"@type":"ListItem","position":2,"name":"Shop","item":"https:\/\/www.purejewels.com\/shop\/"},{"@type":"ListItem","position":3,"name":"22ct Gold Ganesh Triple Trunk Pendant"}]},{"@type":"WebSite","@id":"https:\/\/www.purejewels.com\/#website","url":"https:\/\/www.purejewels.com\/","name":"PureJewels UK","description":"Teile die Liebe","publisher":{"@id":"https:\/\/www.purejewels.com\/#organization"},"potentialAction":[{"@type":"SearchAction","target":{"@type":"EntryPoint","urlTemplate":"https:\/\/www.purejewels.com\/?s={search_term_string}"},"query-input":{"@type":"PropertyValueSpecification","valueRequired":true,"valueName":"search_term_string"}}],"inLanguage":"de"},{"@type":"Organization","@id":"https:\/\/www.purejewels.com\/#organization","name":"PureJewels UK","url":"https:\/\/www.purejewels.com\/","logo":{"@type":"ImageObject","inLanguage":"de","@id":"https:\/\/www.purejewels.com\/#\/schema\/logo\/image\/","url":"https:\/\/static.purejewels.com\/wp-content\/uploads\/2020\/11\/Logo-PJ-New-1.png","contentUrl":"https:\/\/static.purejewels.com\/wp-content\/uploads\/2020\/11\/Logo-PJ-New-1.png","width":150,"height":80,"caption":"PureJewels UK"},"image":{"@id":"https:\/\/www.purejewels.com\/#\/schema\/logo\/image\/"}}]}},"_links":{"self":[{"href":"https:\/\/www.purejewels.com\/de\/wp-json\/wp\/v2\/product\/310431","targetHints":{"allow":["GET"]}}],"collection":[{"href":"https:\/\/www.purejewels.com\/de\/wp-json\/wp\/v2\/product"}],"about":[{"href":"https:\/\/www.purejewels.com\/de\/wp-json\/wp\/v2\/types\/product"}],"replies":[{"embeddable":true,"href":"https:\/\/www.purejewels.com\/de\/wp-json\/wp\/v2\/comments?post=310431"}],"version-history":[{"count":3,"href":"https:\/\/www.purejewels.com\/de\/wp-json\/wp\/v2\/product\/310431\/revisions"}],"predecessor-version":[{"id":421521,"href":"https:\/\/www.purejewels.com\/de\/wp-json\/wp\/v2\/product\/310431\/revisions\/421521"}],"wp:featuredmedia":[{"embeddable":true,"href":"https:\/\/www.purejewels.com\/de\/wp-json\/wp\/v2\/media\/310443"}],"wp:attachment":[{"href":"https:\/\/www.purejewels.com\/de\/wp-json\/wp\/v2\/media?parent=310431"}],"wp:term":[{"taxonomy":"product_brand","embeddable":true,"href":"https:\/\/www.purejewels.com\/de\/wp-json\/wp\/v2\/product_brand?post=310431"},{"taxonomy":"product_cat","embeddable":true,"href":"https:\/\/www.purejewels.com\/de\/wp-json\/wp\/v2\/product_cat?post=310431"},{"taxonomy":"product_tag","embeddable":true,"href":"https:\/\/www.purejewels.com\/de\/wp-json\/wp\/v2\/product_tag?post=310431"}],"curies":[{"name":"wp","href":"https:\/\/api.w.org\/{rel}","templated":true}]}}