{"id":310652,"date":"2023-06-28T06:37:52","date_gmt":"2023-06-28T05:37:52","guid":{"rendered":"https:\/\/www.purejewels.com\/?post_type=product&#038;p=310652"},"modified":"2026-01-06T06:53:27","modified_gmt":"2026-01-06T06:53:27","slug":"22-kt-gold-jhumka-ohrring-de","status":"publish","type":"product","link":"https:\/\/www.purejewels.com\/de\/product\/22-ct-gold-jhumka-earring-uk\/","title":{"rendered":"22 Karat Gold Jhumka-Ohrring Uk"},"content":{"rendered":"<p data-start=\"0\" data-end=\"377\"><strong data-start=\"0\" data-end=\"10\">Gestaltung<\/strong><br data-start=\"10\" data-end=\"13\" \/>Diese <a href=\"https:\/\/www.purejewels.com\/de\/product\/22ct-gold-jali-filigree-ring-jali-collection-31926\/\">22ct<\/a> <a href=\"https:\/\/www.purejewels.com\/de\/product\/gold-jhumka-earrings-41703\/\">goldene Jhumka-Ohrringe<\/a> aus der Jali Filigree Collection zelebrieren klassische indische Formen mit einem raffinierten, skulpturalen Charakter. Ein detailliertes florales oder geometrisches Oberteil geht in eine sanft ausgestellte Kuppel \u00fcber, die mit einem offenen Jali-Muster versehen ist, das das Licht wie zarte Spitze durchl\u00e4sst. Sie sind elegant und ausdrucksstark und verleihen jedem Look einen Hauch traditioneller indischer Erhabenheit.<\/p>\n<p data-start=\"379\" data-end=\"745\"><strong data-start=\"379\" data-end=\"396\"><a href=\"https:\/\/www.purejewels.com\/de\/a-guide-to-die-stamping\/\">Handwerkliches K\u00f6nnen<\/a><\/strong><br data-start=\"396\" data-end=\"399\" \/>Mit einem Gewicht von etwa 8,9 Gramm ist jedes <a href=\"https:\/\/www.purejewels.com\/de\/product\/22ct-gold-sui-dhaga-earring\/\">jhumka<\/a> ist aus reichhaltigem 22-kar\u00e4tigem Gelbgold gefertigt und mit feinen Filigran- und Schliffarbeiten versehen, die das K\u00f6nnen unserer Goldschmiede unter Beweis stellen. Die Kuppeln sind pr\u00e4zise ausbalanciert, um eine anmutige Bewegung zu erzeugen und gleichzeitig bequem am Ohr zu sitzen. Jedes Paar wird in Gro\u00dfbritannien gestempelt, um die Reinheit und Echtheit des Goldes zu best\u00e4tigen.<\/p>\n<p data-start=\"747\" data-end=\"1167\" data-is-last-node=\"\" data-is-only-node=\"\"><strong data-start=\"747\" data-end=\"768\">Styling &amp; Geschenkartikel<\/strong><br data-start=\"768\" data-end=\"771\" \/>Diese Ohrringe sind perfekt f\u00fcr Hochzeiten, Empf\u00e4nge und festliche Anl\u00e4sse und passen wunderbar zu Seidensaris, Lehengas und bestickten Anz\u00fcgen. Sie werten auch eine schlichte Kurta oder ein Kleid auf, wenn Sie Ihren Schmuck in den Mittelpunkt stellen m\u00f6chten. In einer Geschenkbox verpackt, sind sie eine denkw\u00fcrdige Wahl f\u00fcr Brautausfl\u00fcge, Jubil\u00e4en oder als besonderes Geschenk f\u00fcr jemanden, der Kompliziertes liebt. <a href=\"https:\/\/www.purejewels.com\/de\/product\/22carat-gold-indian-pendant-23635\/\">Indischer Goldschmuck<\/a>.<\/p>","protected":false},"excerpt":{"rendered":"<table class=\"sh_desc\">\n<tbody>\n<tr>\n<td>Art des Ohrrings<\/td>\n<td>Jumkha-Ohrring<\/td>\n<\/tr>\n<tr>\n<td>SKU<\/td>\n<td>46016<\/td>\n<\/tr>\n<tr>\n<td>Gewicht<\/td>\n<td>8.9 Gms<\/td>\n<\/tr>\n<tr>\n<td>Geschlecht<\/td>\n<td>Damen<\/td>\n<\/tr>\n<tr>\n<td>Sammlung<\/td>\n<td>Jali Filigree Kollektion<\/td>\n<\/tr>\n<tr>\n<td>Metall<\/td>\n<td>22ct Gold<\/td>\n<\/tr>\n<tr>\n<td>Entgelte<\/td>\n<td>Lieferung und Mehrwertsteuer inbegriffen<\/td>\n<\/tr>\n<tr>\n<td>Verpackung<\/td>\n<td>Mit Pr\u00e4sentationsbox<\/td>\n<\/tr>\n<tr>\n<td>Mehr Informationen<\/td>\n<td>Live-Chat mit uns f\u00fcr Verf\u00fcgbarkeit und mehr Bilder<\/td>\n<\/tr>\n<\/tbody>\n<\/table>","protected":false},"featured_media":356534,"comment_status":"closed","ping_status":"closed","template":"","meta":{"_eb_attr":"","_crsspst_to_jayantr4sg-hostcom":true},"product_brand":[],"product_cat":[5315,236,1229,252,5611,1578,1573,1574,5349],"product_tag":[],"class_list":{"0":"post-310652","1":"product","2":"type-product","3":"status-publish","4":"has-post-thumbnail","6":"product_cat-bridal-and-wedding-earrings","7":"product_cat-collections","8":"product_cat-22ct-gold-jewellery","9":"product_cat-jali-collections","10":"product_cat-jali-earrings","11":"product_cat-jhumkha-earrings","12":"product_cat-wedding-gifts","13":"product_cat-womens-jewellery","14":"product_cat-yellow-gold-jewellery","16":"first","17":"outofstock","18":"sale","19":"taxable","20":"shipping-taxable","21":"product-type-simple","22":"add-to-wishlist-before_image"},"yoast_head":"<!-- This site is optimized with the Yoast SEO plugin v27.5 - https:\/\/yoast.com\/product\/yoast-seo-wordpress\/ -->\n<title>Indian jhumka earrings available online at PureJewels London<\/title>\n<meta name=\"description\" content=\"Buy online beautiful Jhumka earrings in 22ct gold. This Indian Jhumka earring is suitable for brides and for special functions.\" \/>\n<meta name=\"robots\" content=\"index, follow, max-snippet:-1, max-image-preview:large, max-video-preview:-1\" \/>\n<link rel=\"canonical\" href=\"https:\/\/www.purejewels.com\/de\/produkt-2\/22-kt-gold-jhumka-ohrring-de\/\" \/>\n<meta property=\"og:locale\" content=\"de_DE\" \/>\n<meta property=\"og:type\" content=\"article\" \/>\n<meta property=\"og:title\" content=\"Indian jhumka earrings available online at PureJewels London\" \/>\n<meta property=\"og:description\" content=\"Buy online beautiful Jhumka earrings in 22ct gold. This Indian Jhumka earring is suitable for brides and for special functions.\" \/>\n<meta property=\"og:url\" content=\"https:\/\/www.purejewels.com\/de\/produkt-2\/22-kt-gold-jhumka-ohrring-de\/\" \/>\n<meta property=\"og:site_name\" content=\"PureJewels UK\" \/>\n<meta property=\"article:modified_time\" content=\"2026-01-06T06:53:27+00:00\" \/>\n<meta property=\"og:image\" content=\"https:\/\/www.purejewels.com\/wp-content\/uploads\/2023\/06\/46016.jpg\" \/>\n\t<meta property=\"og:image:width\" content=\"1000\" \/>\n\t<meta property=\"og:image:height\" content=\"1000\" \/>\n\t<meta property=\"og:image:type\" content=\"image\/jpeg\" \/>\n<meta name=\"twitter:card\" content=\"summary_large_image\" \/>\n<meta name=\"twitter:label1\" content=\"Gesch\u00e4tzte Lesezeit\" \/>\n\t<meta name=\"twitter:data1\" content=\"1\u00a0Minute\" \/>\n<script type=\"application\/ld+json\" class=\"yoast-schema-graph\">{\"@context\":\"https:\\\/\\\/schema.org\",\"@graph\":[{\"@type\":[\"WebPage\",\"ItemPage\"],\"@id\":\"https:\\\/\\\/www.purejewels.com\\\/product\\\/22-ct-gold-jhumka-earring-uk\\\/\",\"url\":\"https:\\\/\\\/www.purejewels.com\\\/product\\\/22-ct-gold-jhumka-earring-uk\\\/\",\"name\":\"Indian jhumka earrings available online at PureJewels London\",\"isPartOf\":{\"@id\":\"https:\\\/\\\/www.purejewels.com\\\/#website\"},\"primaryImageOfPage\":{\"@id\":\"https:\\\/\\\/www.purejewels.com\\\/product\\\/22-ct-gold-jhumka-earring-uk\\\/#primaryimage\"},\"image\":{\"@id\":\"https:\\\/\\\/www.purejewels.com\\\/product\\\/22-ct-gold-jhumka-earring-uk\\\/#primaryimage\"},\"thumbnailUrl\":\"https:\\\/\\\/static.purejewels.com\\\/wp-content\\\/uploads\\\/2023\\\/06\\\/46016.jpg\",\"datePublished\":\"2023-06-28T05:37:52+00:00\",\"dateModified\":\"2026-01-06T06:53:27+00:00\",\"description\":\"Buy online beautiful Jhumka earrings in 22ct gold. This Indian Jhumka earring is suitable for brides and for special functions.\",\"breadcrumb\":{\"@id\":\"https:\\\/\\\/www.purejewels.com\\\/product\\\/22-ct-gold-jhumka-earring-uk\\\/#breadcrumb\"},\"inLanguage\":\"de\",\"potentialAction\":[{\"@type\":\"ReadAction\",\"target\":[\"https:\\\/\\\/www.purejewels.com\\\/product\\\/22-ct-gold-jhumka-earring-uk\\\/\"]}]},{\"@type\":\"ImageObject\",\"inLanguage\":\"de\",\"@id\":\"https:\\\/\\\/www.purejewels.com\\\/product\\\/22-ct-gold-jhumka-earring-uk\\\/#primaryimage\",\"url\":\"https:\\\/\\\/static.purejewels.com\\\/wp-content\\\/uploads\\\/2023\\\/06\\\/46016.jpg\",\"contentUrl\":\"https:\\\/\\\/static.purejewels.com\\\/wp-content\\\/uploads\\\/2023\\\/06\\\/46016.jpg\",\"width\":1000,\"height\":1000,\"caption\":\"22ct Gold Earring\"},{\"@type\":\"BreadcrumbList\",\"@id\":\"https:\\\/\\\/www.purejewels.com\\\/product\\\/22-ct-gold-jhumka-earring-uk\\\/#breadcrumb\",\"itemListElement\":[{\"@type\":\"ListItem\",\"position\":1,\"name\":\"Home\",\"item\":\"https:\\\/\\\/www.purejewels.com\\\/\"},{\"@type\":\"ListItem\",\"position\":2,\"name\":\"Shop\",\"item\":\"https:\\\/\\\/www.purejewels.com\\\/shop\\\/\"},{\"@type\":\"ListItem\",\"position\":3,\"name\":\"22 Ct Gold Jhumka Earring Uk\"}]},{\"@type\":\"WebSite\",\"@id\":\"https:\\\/\\\/www.purejewels.com\\\/#website\",\"url\":\"https:\\\/\\\/www.purejewels.com\\\/\",\"name\":\"PureJewels UK\",\"description\":\"Share the Love\",\"publisher\":{\"@id\":\"https:\\\/\\\/www.purejewels.com\\\/#organization\"},\"potentialAction\":[{\"@type\":\"SearchAction\",\"target\":{\"@type\":\"EntryPoint\",\"urlTemplate\":\"https:\\\/\\\/www.purejewels.com\\\/?s={search_term_string}\"},\"query-input\":{\"@type\":\"PropertyValueSpecification\",\"valueRequired\":true,\"valueName\":\"search_term_string\"}}],\"inLanguage\":\"de\"},{\"@type\":\"Organization\",\"@id\":\"https:\\\/\\\/www.purejewels.com\\\/#organization\",\"name\":\"PureJewels UK\",\"url\":\"https:\\\/\\\/www.purejewels.com\\\/\",\"logo\":{\"@type\":\"ImageObject\",\"inLanguage\":\"de\",\"@id\":\"https:\\\/\\\/www.purejewels.com\\\/#\\\/schema\\\/logo\\\/image\\\/\",\"url\":\"https:\\\/\\\/static.purejewels.com\\\/wp-content\\\/uploads\\\/2020\\\/11\\\/Logo-PJ-New-1.png\",\"contentUrl\":\"https:\\\/\\\/static.purejewels.com\\\/wp-content\\\/uploads\\\/2020\\\/11\\\/Logo-PJ-New-1.png\",\"width\":150,\"height\":80,\"caption\":\"PureJewels UK\"},\"image\":{\"@id\":\"https:\\\/\\\/www.purejewels.com\\\/#\\\/schema\\\/logo\\\/image\\\/\"}}]}<\/script>\n<!-- \/ Yoast SEO plugin. -->","yoast_head_json":{"title":"Indische Jhumka-Ohrringe online erh\u00e4ltlich bei PureJewels London","description":"Kaufen Sie online sch\u00f6ne Jhumka-Ohrringe aus 22 Karat Gold. Dieser indische Jhumka-Ohrring ist f\u00fcr Br\u00e4ute und f\u00fcr besondere Anl\u00e4sse geeignet.","robots":{"index":"index","follow":"follow","max-snippet":"max-snippet:-1","max-image-preview":"max-image-preview:large","max-video-preview":"max-video-preview:-1"},"canonical":"https:\/\/www.purejewels.com\/de\/produkt-2\/22-kt-gold-jhumka-ohrring-de\/","og_locale":"de_DE","og_type":"article","og_title":"Indian jhumka earrings available online at PureJewels London","og_description":"Buy online beautiful Jhumka earrings in 22ct gold. This Indian Jhumka earring is suitable for brides and for special functions.","og_url":"https:\/\/www.purejewels.com\/de\/produkt-2\/22-kt-gold-jhumka-ohrring-de\/","og_site_name":"PureJewels UK","article_modified_time":"2026-01-06T06:53:27+00:00","og_image":[{"width":1000,"height":1000,"url":"https:\/\/www.purejewels.com\/wp-content\/uploads\/2023\/06\/46016.jpg","type":"image\/jpeg"}],"twitter_card":"summary_large_image","twitter_misc":{"Gesch\u00e4tzte Lesezeit":"1\u00a0Minute"},"schema":{"@context":"https:\/\/schema.org","@graph":[{"@type":["WebPage","ItemPage"],"@id":"https:\/\/www.purejewels.com\/product\/22-ct-gold-jhumka-earring-uk\/","url":"https:\/\/www.purejewels.com\/product\/22-ct-gold-jhumka-earring-uk\/","name":"Indische Jhumka-Ohrringe online erh\u00e4ltlich bei PureJewels London","isPartOf":{"@id":"https:\/\/www.purejewels.com\/#website"},"primaryImageOfPage":{"@id":"https:\/\/www.purejewels.com\/product\/22-ct-gold-jhumka-earring-uk\/#primaryimage"},"image":{"@id":"https:\/\/www.purejewels.com\/product\/22-ct-gold-jhumka-earring-uk\/#primaryimage"},"thumbnailUrl":"https:\/\/static.purejewels.com\/wp-content\/uploads\/2023\/06\/46016.jpg","datePublished":"2023-06-28T05:37:52+00:00","dateModified":"2026-01-06T06:53:27+00:00","description":"Kaufen Sie online sch\u00f6ne Jhumka-Ohrringe aus 22 Karat Gold. Dieser indische Jhumka-Ohrring ist f\u00fcr Br\u00e4ute und f\u00fcr besondere Anl\u00e4sse geeignet.","breadcrumb":{"@id":"https:\/\/www.purejewels.com\/product\/22-ct-gold-jhumka-earring-uk\/#breadcrumb"},"inLanguage":"de","potentialAction":[{"@type":"ReadAction","target":["https:\/\/www.purejewels.com\/product\/22-ct-gold-jhumka-earring-uk\/"]}]},{"@type":"ImageObject","inLanguage":"de","@id":"https:\/\/www.purejewels.com\/product\/22-ct-gold-jhumka-earring-uk\/#primaryimage","url":"https:\/\/static.purejewels.com\/wp-content\/uploads\/2023\/06\/46016.jpg","contentUrl":"https:\/\/static.purejewels.com\/wp-content\/uploads\/2023\/06\/46016.jpg","width":1000,"height":1000,"caption":"22ct Gold Earring"},{"@type":"BreadcrumbList","@id":"https:\/\/www.purejewels.com\/product\/22-ct-gold-jhumka-earring-uk\/#breadcrumb","itemListElement":[{"@type":"ListItem","position":1,"name":"Home","item":"https:\/\/www.purejewels.com\/"},{"@type":"ListItem","position":2,"name":"Shop","item":"https:\/\/www.purejewels.com\/shop\/"},{"@type":"ListItem","position":3,"name":"22 Ct Gold Jhumka Earring Uk"}]},{"@type":"WebSite","@id":"https:\/\/www.purejewels.com\/#website","url":"https:\/\/www.purejewels.com\/","name":"PureJewels UK","description":"Teile die Liebe","publisher":{"@id":"https:\/\/www.purejewels.com\/#organization"},"potentialAction":[{"@type":"SearchAction","target":{"@type":"EntryPoint","urlTemplate":"https:\/\/www.purejewels.com\/?s={search_term_string}"},"query-input":{"@type":"PropertyValueSpecification","valueRequired":true,"valueName":"search_term_string"}}],"inLanguage":"de"},{"@type":"Organization","@id":"https:\/\/www.purejewels.com\/#organization","name":"PureJewels UK","url":"https:\/\/www.purejewels.com\/","logo":{"@type":"ImageObject","inLanguage":"de","@id":"https:\/\/www.purejewels.com\/#\/schema\/logo\/image\/","url":"https:\/\/static.purejewels.com\/wp-content\/uploads\/2020\/11\/Logo-PJ-New-1.png","contentUrl":"https:\/\/static.purejewels.com\/wp-content\/uploads\/2020\/11\/Logo-PJ-New-1.png","width":150,"height":80,"caption":"PureJewels UK"},"image":{"@id":"https:\/\/www.purejewels.com\/#\/schema\/logo\/image\/"}}]}},"_links":{"self":[{"href":"https:\/\/www.purejewels.com\/de\/wp-json\/wp\/v2\/product\/310652","targetHints":{"allow":["GET"]}}],"collection":[{"href":"https:\/\/www.purejewels.com\/de\/wp-json\/wp\/v2\/product"}],"about":[{"href":"https:\/\/www.purejewels.com\/de\/wp-json\/wp\/v2\/types\/product"}],"replies":[{"embeddable":true,"href":"https:\/\/www.purejewels.com\/de\/wp-json\/wp\/v2\/comments?post=310652"}],"version-history":[{"count":3,"href":"https:\/\/www.purejewels.com\/de\/wp-json\/wp\/v2\/product\/310652\/revisions"}],"predecessor-version":[{"id":420649,"href":"https:\/\/www.purejewels.com\/de\/wp-json\/wp\/v2\/product\/310652\/revisions\/420649"}],"wp:featuredmedia":[{"embeddable":true,"href":"https:\/\/www.purejewels.com\/de\/wp-json\/wp\/v2\/media\/356534"}],"wp:attachment":[{"href":"https:\/\/www.purejewels.com\/de\/wp-json\/wp\/v2\/media?parent=310652"}],"wp:term":[{"taxonomy":"product_brand","embeddable":true,"href":"https:\/\/www.purejewels.com\/de\/wp-json\/wp\/v2\/product_brand?post=310652"},{"taxonomy":"product_cat","embeddable":true,"href":"https:\/\/www.purejewels.com\/de\/wp-json\/wp\/v2\/product_cat?post=310652"},{"taxonomy":"product_tag","embeddable":true,"href":"https:\/\/www.purejewels.com\/de\/wp-json\/wp\/v2\/product_tag?post=310652"}],"curies":[{"name":"wp","href":"https:\/\/api.w.org\/{rel}","templated":true}]}}