{"id":310659,"date":"2019-07-25T17:36:20","date_gmt":"2019-07-25T16:36:20","guid":{"rendered":"https:\/\/www.purejewels.com\/?post_type=product&#038;p=310659"},"modified":"2025-11-11T05:17:04","modified_gmt":"2025-11-11T05:17:04","slug":"ehering-aus-22ct-indischem-gold","status":"publish","type":"product","link":"https:\/\/www.purejewels.com\/de\/product\/22ct-indian-gold-wedding-band\/","title":{"rendered":"22ct Indisches Gold Hochzeitsband"},"content":{"rendered":"<p>Dieser exquisite 22-kar\u00e4tige Ehering aus indischem Gold ist ein atemberaubendes St\u00fcck, das sich perfekt f\u00fcr Ihren besonderen Tag eignet. Der mit Pr\u00e4zision und Sorgfalt gefertigte Ehering wiegt 2,1 Gramm und ist in der Gr\u00f6\u00dfe K1\/2 erh\u00e4ltlich. Jedes St\u00fcck ist vom London Assay Office gepunzt, was seine Echtheit und Qualit\u00e4t garantiert.<\/p>\n<p>Dieser zeitlose Ehering kann auch auf Bestellung angefertigt werden, damit er perfekt auf Ihre Fingergr\u00f6\u00dfe passt. Er wird in einer sch\u00f6nen Pr\u00e4sentationsbox geliefert, und die Lieferung ist f\u00fcr Sie kostenlos. Kombinieren Sie ihn mit dem passenden 22 Karat Gold Verlobungsring, besetzt mit Cubic Zirkonia Steinen f\u00fcr einen kompletten und koordinierten Look.<\/p>\n<p>Egal, ob Sie einen traditionellen indischen Ehering oder ein einzigartiges Schmuckst\u00fcck suchen, dieser 22ct Indian Gold Wedding Band ist die perfekte Wahl. Bestellen Sie jetzt und machen Sie Ihren besonderen Tag noch denkw\u00fcrdiger mit diesem atemberaubenden Goldring von PureJewels UK.<\/p>","protected":false},"excerpt":{"rendered":"<ul>\n<li>22ct Indisches Gold Hochzeitsband<\/li>\n<li>Wt. 2.1 gms<\/li>\n<li>Gr\u00f6\u00dfe K1\/2<\/li>\n<li>Sku 30743<\/li>\n<li>Kann auf Bestellung in Ihrer Fingergr\u00f6\u00dfe angefertigt werden<\/li>\n<li>Alle Preise inklusive Mehrwertsteuer<\/li>\n<li>Der Preis beinhaltet nicht den passenden Verlobungsring.<\/li>\n<li>Alle unsere Produkte sind vom London Assay Office gestempelt.<\/li>\n<li>Mit Pr\u00e4sentationsbox<\/li>\n<li>Lieferung inbegriffen<\/li>\n<li>Kontaktieren Sie uns, um weitere \u00e4hnliche Designs und Videos zu sehen<\/li>\n<\/ul>\n<p>&nbsp;<\/p>\n<p>Passender Verlobungsring verf\u00fcgbar<\/p>\n<ul>\n<li>22 Karat Gold Verlobungsring<\/li>\n<li>Besetzt mit Cubic Zirkonia Stein<\/li>\n<li>Sku 30741<\/li>\n<li>Gr\u00f6\u00dfe N<\/li>\n<li>Gewicht 3,2g<\/li>\n<li>Kann auf Bestellung in Ihrer Fingergr\u00f6\u00dfe angefertigt werden<\/li>\n<li>Alle Preise inklusive Mehrwertsteuer<\/li>\n<\/ul>","protected":false},"featured_media":315681,"comment_status":"closed","ping_status":"closed","template":"","meta":{"_eb_attr":"","_crsspst_to_jayantr4sg-hostcom":false},"product_brand":[],"product_cat":[1640,1229,229,1573],"product_tag":[],"class_list":{"0":"post-310659","1":"product","2":"type-product","3":"status-publish","4":"has-post-thumbnail","6":"product_cat-22ct-gold-bands","7":"product_cat-22ct-gold-jewellery","8":"product_cat-wedding-bands","9":"product_cat-wedding-gifts","11":"first","12":"outofstock","13":"taxable","14":"shipping-taxable","15":"product-type-simple","16":"add-to-wishlist-before_image"},"yoast_head":"<!-- This site is optimized with the Yoast SEO plugin v27.3 - https:\/\/yoast.com\/product\/yoast-seo-wordpress\/ -->\n<title>22ct Indian Gold Wedding Band in size K 1\/2 | PureJewels UK<\/title>\n<meta name=\"description\" content=\"Our 22ct Indian gold wedding bands are hallmarked by the London Assay Office, ensuring their authenticity. Order your 22ct Indian gold wedding band.\" \/>\n<meta name=\"robots\" content=\"index, follow, max-snippet:-1, max-image-preview:large, max-video-preview:-1\" \/>\n<link rel=\"canonical\" href=\"https:\/\/www.purejewels.com\/de\/produkt-2\/ehering-aus-22ct-indischem-gold\/\" \/>\n<meta property=\"og:locale\" content=\"de_DE\" \/>\n<meta property=\"og:type\" content=\"article\" \/>\n<meta property=\"og:title\" content=\"22ct Indian Gold Wedding Band in size K 1\/2 | PureJewels UK\" \/>\n<meta property=\"og:description\" content=\"Our 22ct Indian gold wedding bands are hallmarked by the London Assay Office, ensuring their authenticity. Order your 22ct Indian gold wedding band.\" \/>\n<meta property=\"og:url\" content=\"https:\/\/www.purejewels.com\/de\/produkt-2\/ehering-aus-22ct-indischem-gold\/\" \/>\n<meta property=\"og:site_name\" content=\"PureJewels UK\" \/>\n<meta property=\"article:modified_time\" content=\"2025-11-11T05:17:04+00:00\" \/>\n<meta property=\"og:image\" content=\"https:\/\/www.purejewels.com\/wp-content\/uploads\/2020\/07\/137025362.jpg\" \/>\n\t<meta property=\"og:image:width\" content=\"1000\" \/>\n\t<meta property=\"og:image:height\" content=\"1000\" \/>\n\t<meta property=\"og:image:type\" content=\"image\/jpeg\" \/>\n<meta name=\"twitter:card\" content=\"summary_large_image\" \/>\n<meta name=\"twitter:label1\" content=\"Gesch\u00e4tzte Lesezeit\" \/>\n\t<meta name=\"twitter:data1\" content=\"1\u00a0Minute\" \/>\n<script type=\"application\/ld+json\" class=\"yoast-schema-graph\">{\"@context\":\"https:\\\/\\\/schema.org\",\"@graph\":[{\"@type\":[\"WebPage\",\"ItemPage\"],\"@id\":\"https:\\\/\\\/www.purejewels.com\\\/product\\\/22ct-indian-gold-wedding-band\\\/\",\"url\":\"https:\\\/\\\/www.purejewels.com\\\/product\\\/22ct-indian-gold-wedding-band\\\/\",\"name\":\"22ct Indian Gold Wedding Band in size K 1\\\/2 | PureJewels UK\",\"isPartOf\":{\"@id\":\"https:\\\/\\\/www.purejewels.com\\\/#website\"},\"primaryImageOfPage\":{\"@id\":\"https:\\\/\\\/www.purejewels.com\\\/product\\\/22ct-indian-gold-wedding-band\\\/#primaryimage\"},\"image\":{\"@id\":\"https:\\\/\\\/www.purejewels.com\\\/product\\\/22ct-indian-gold-wedding-band\\\/#primaryimage\"},\"thumbnailUrl\":\"https:\\\/\\\/static.purejewels.com\\\/wp-content\\\/uploads\\\/2020\\\/07\\\/137025362.jpg\",\"datePublished\":\"2019-07-25T16:36:20+00:00\",\"dateModified\":\"2025-11-11T05:17:04+00:00\",\"description\":\"Our 22ct Indian gold wedding bands are hallmarked by the London Assay Office, ensuring their authenticity. Order your 22ct Indian gold wedding band.\",\"breadcrumb\":{\"@id\":\"https:\\\/\\\/www.purejewels.com\\\/product\\\/22ct-indian-gold-wedding-band\\\/#breadcrumb\"},\"inLanguage\":\"de\",\"potentialAction\":[{\"@type\":\"ReadAction\",\"target\":[\"https:\\\/\\\/www.purejewels.com\\\/product\\\/22ct-indian-gold-wedding-band\\\/\"]}]},{\"@type\":\"ImageObject\",\"inLanguage\":\"de\",\"@id\":\"https:\\\/\\\/www.purejewels.com\\\/product\\\/22ct-indian-gold-wedding-band\\\/#primaryimage\",\"url\":\"https:\\\/\\\/static.purejewels.com\\\/wp-content\\\/uploads\\\/2020\\\/07\\\/137025362.jpg\",\"contentUrl\":\"https:\\\/\\\/static.purejewels.com\\\/wp-content\\\/uploads\\\/2020\\\/07\\\/137025362.jpg\",\"width\":1000,\"height\":1000,\"caption\":\"22ct Indian Gold Wedding BandWt. 2.1gSize K1\\\/2Sku 30743Can be made to order to your finger sizeAll prices include VATPrice does not include the matching engagement ring.All our products are hallmarked by London Assay OfficeComes With Presentation BoxDelivery IncludedContact us to see more similar designs &amp; videos&nbsp;Matching Engagement Ring available22 Carat Gold Engagement RingStudded With Cubic Zirconia stoneSku 30741Size NWeight 3.2gCan be made to order to your finger sizeAll prices include VATPrice \u00a3225&nbsp;\"},{\"@type\":\"BreadcrumbList\",\"@id\":\"https:\\\/\\\/www.purejewels.com\\\/product\\\/22ct-indian-gold-wedding-band\\\/#breadcrumb\",\"itemListElement\":[{\"@type\":\"ListItem\",\"position\":1,\"name\":\"Home\",\"item\":\"https:\\\/\\\/www.purejewels.com\\\/\"},{\"@type\":\"ListItem\",\"position\":2,\"name\":\"Shop\",\"item\":\"https:\\\/\\\/www.purejewels.com\\\/shop\\\/\"},{\"@type\":\"ListItem\",\"position\":3,\"name\":\"22ct Indian Gold Wedding Band\"}]},{\"@type\":\"WebSite\",\"@id\":\"https:\\\/\\\/www.purejewels.com\\\/#website\",\"url\":\"https:\\\/\\\/www.purejewels.com\\\/\",\"name\":\"PureJewels UK\",\"description\":\"Share the Love\",\"publisher\":{\"@id\":\"https:\\\/\\\/www.purejewels.com\\\/#organization\"},\"potentialAction\":[{\"@type\":\"SearchAction\",\"target\":{\"@type\":\"EntryPoint\",\"urlTemplate\":\"https:\\\/\\\/www.purejewels.com\\\/?s={search_term_string}\"},\"query-input\":{\"@type\":\"PropertyValueSpecification\",\"valueRequired\":true,\"valueName\":\"search_term_string\"}}],\"inLanguage\":\"de\"},{\"@type\":\"Organization\",\"@id\":\"https:\\\/\\\/www.purejewels.com\\\/#organization\",\"name\":\"PureJewels UK\",\"url\":\"https:\\\/\\\/www.purejewels.com\\\/\",\"logo\":{\"@type\":\"ImageObject\",\"inLanguage\":\"de\",\"@id\":\"https:\\\/\\\/www.purejewels.com\\\/#\\\/schema\\\/logo\\\/image\\\/\",\"url\":\"https:\\\/\\\/static.purejewels.com\\\/wp-content\\\/uploads\\\/2020\\\/11\\\/Logo-PJ-New-1.png\",\"contentUrl\":\"https:\\\/\\\/static.purejewels.com\\\/wp-content\\\/uploads\\\/2020\\\/11\\\/Logo-PJ-New-1.png\",\"width\":150,\"height\":80,\"caption\":\"PureJewels UK\"},\"image\":{\"@id\":\"https:\\\/\\\/www.purejewels.com\\\/#\\\/schema\\\/logo\\\/image\\\/\"}}]}<\/script>\n<!-- \/ Yoast SEO plugin. -->","yoast_head_json":{"title":"22ct Indisches Gold Ehering in Gr\u00f6\u00dfe K 1\/2 | PureJewels UK","description":"Unsere Eheringe aus 22-kar\u00e4tigem indischem Gold sind vom London Assay Office gepunzt, was ihre Echtheit garantiert. Bestellen Sie Ihren Ehering aus 22 Karat indischem Gold.","robots":{"index":"index","follow":"follow","max-snippet":"max-snippet:-1","max-image-preview":"max-image-preview:large","max-video-preview":"max-video-preview:-1"},"canonical":"https:\/\/www.purejewels.com\/de\/produkt-2\/ehering-aus-22ct-indischem-gold\/","og_locale":"de_DE","og_type":"article","og_title":"22ct Indian Gold Wedding Band in size K 1\/2 | PureJewels UK","og_description":"Our 22ct Indian gold wedding bands are hallmarked by the London Assay Office, ensuring their authenticity. Order your 22ct Indian gold wedding band.","og_url":"https:\/\/www.purejewels.com\/de\/produkt-2\/ehering-aus-22ct-indischem-gold\/","og_site_name":"PureJewels UK","article_modified_time":"2025-11-11T05:17:04+00:00","og_image":[{"width":1000,"height":1000,"url":"https:\/\/www.purejewels.com\/wp-content\/uploads\/2020\/07\/137025362.jpg","type":"image\/jpeg"}],"twitter_card":"summary_large_image","twitter_misc":{"Gesch\u00e4tzte Lesezeit":"1\u00a0Minute"},"schema":{"@context":"https:\/\/schema.org","@graph":[{"@type":["WebPage","ItemPage"],"@id":"https:\/\/www.purejewels.com\/product\/22ct-indian-gold-wedding-band\/","url":"https:\/\/www.purejewels.com\/product\/22ct-indian-gold-wedding-band\/","name":"22ct Indisches Gold Ehering in Gr\u00f6\u00dfe K 1\/2 | PureJewels UK","isPartOf":{"@id":"https:\/\/www.purejewels.com\/#website"},"primaryImageOfPage":{"@id":"https:\/\/www.purejewels.com\/product\/22ct-indian-gold-wedding-band\/#primaryimage"},"image":{"@id":"https:\/\/www.purejewels.com\/product\/22ct-indian-gold-wedding-band\/#primaryimage"},"thumbnailUrl":"https:\/\/static.purejewels.com\/wp-content\/uploads\/2020\/07\/137025362.jpg","datePublished":"2019-07-25T16:36:20+00:00","dateModified":"2025-11-11T05:17:04+00:00","description":"Unsere Eheringe aus 22-kar\u00e4tigem indischem Gold sind vom London Assay Office gepunzt, was ihre Echtheit garantiert. Bestellen Sie Ihren Ehering aus 22 Karat indischem Gold.","breadcrumb":{"@id":"https:\/\/www.purejewels.com\/product\/22ct-indian-gold-wedding-band\/#breadcrumb"},"inLanguage":"de","potentialAction":[{"@type":"ReadAction","target":["https:\/\/www.purejewels.com\/product\/22ct-indian-gold-wedding-band\/"]}]},{"@type":"ImageObject","inLanguage":"de","@id":"https:\/\/www.purejewels.com\/product\/22ct-indian-gold-wedding-band\/#primaryimage","url":"https:\/\/static.purejewels.com\/wp-content\/uploads\/2020\/07\/137025362.jpg","contentUrl":"https:\/\/static.purejewels.com\/wp-content\/uploads\/2020\/07\/137025362.jpg","width":1000,"height":1000,"caption":"22ct Indian Gold Wedding BandWt. 2.1gSize K1\/2Sku 30743Can be made to order to your finger sizeAll prices include VATPrice does not include the matching engagement ring.All our products are hallmarked by London Assay OfficeComes With Presentation BoxDelivery IncludedContact us to see more similar designs &amp; videos&nbsp;Matching Engagement Ring available22 Carat Gold Engagement RingStudded With Cubic Zirconia stoneSku 30741Size NWeight 3.2gCan be made to order to your finger sizeAll prices include VATPrice \u00a3225&nbsp;"},{"@type":"BreadcrumbList","@id":"https:\/\/www.purejewels.com\/product\/22ct-indian-gold-wedding-band\/#breadcrumb","itemListElement":[{"@type":"ListItem","position":1,"name":"Home","item":"https:\/\/www.purejewels.com\/"},{"@type":"ListItem","position":2,"name":"Shop","item":"https:\/\/www.purejewels.com\/shop\/"},{"@type":"ListItem","position":3,"name":"22ct Indian Gold Wedding Band"}]},{"@type":"WebSite","@id":"https:\/\/www.purejewels.com\/#website","url":"https:\/\/www.purejewels.com\/","name":"PureJewels UK","description":"Teile die Liebe","publisher":{"@id":"https:\/\/www.purejewels.com\/#organization"},"potentialAction":[{"@type":"SearchAction","target":{"@type":"EntryPoint","urlTemplate":"https:\/\/www.purejewels.com\/?s={search_term_string}"},"query-input":{"@type":"PropertyValueSpecification","valueRequired":true,"valueName":"search_term_string"}}],"inLanguage":"de"},{"@type":"Organization","@id":"https:\/\/www.purejewels.com\/#organization","name":"PureJewels UK","url":"https:\/\/www.purejewels.com\/","logo":{"@type":"ImageObject","inLanguage":"de","@id":"https:\/\/www.purejewels.com\/#\/schema\/logo\/image\/","url":"https:\/\/static.purejewels.com\/wp-content\/uploads\/2020\/11\/Logo-PJ-New-1.png","contentUrl":"https:\/\/static.purejewels.com\/wp-content\/uploads\/2020\/11\/Logo-PJ-New-1.png","width":150,"height":80,"caption":"PureJewels UK"},"image":{"@id":"https:\/\/www.purejewels.com\/#\/schema\/logo\/image\/"}}]}},"_links":{"self":[{"href":"https:\/\/www.purejewels.com\/de\/wp-json\/wp\/v2\/product\/310659","targetHints":{"allow":["GET"]}}],"collection":[{"href":"https:\/\/www.purejewels.com\/de\/wp-json\/wp\/v2\/product"}],"about":[{"href":"https:\/\/www.purejewels.com\/de\/wp-json\/wp\/v2\/types\/product"}],"replies":[{"embeddable":true,"href":"https:\/\/www.purejewels.com\/de\/wp-json\/wp\/v2\/comments?post=310659"}],"version-history":[{"count":1,"href":"https:\/\/www.purejewels.com\/de\/wp-json\/wp\/v2\/product\/310659\/revisions"}],"predecessor-version":[{"id":420715,"href":"https:\/\/www.purejewels.com\/de\/wp-json\/wp\/v2\/product\/310659\/revisions\/420715"}],"wp:featuredmedia":[{"embeddable":true,"href":"https:\/\/www.purejewels.com\/de\/wp-json\/wp\/v2\/media\/315681"}],"wp:attachment":[{"href":"https:\/\/www.purejewels.com\/de\/wp-json\/wp\/v2\/media?parent=310659"}],"wp:term":[{"taxonomy":"product_brand","embeddable":true,"href":"https:\/\/www.purejewels.com\/de\/wp-json\/wp\/v2\/product_brand?post=310659"},{"taxonomy":"product_cat","embeddable":true,"href":"https:\/\/www.purejewels.com\/de\/wp-json\/wp\/v2\/product_cat?post=310659"},{"taxonomy":"product_tag","embeddable":true,"href":"https:\/\/www.purejewels.com\/de\/wp-json\/wp\/v2\/product_tag?post=310659"}],"curies":[{"name":"wp","href":"https:\/\/api.w.org\/{rel}","templated":true}]}}