{"id":310693,"date":"2019-07-12T10:09:53","date_gmt":"2019-07-12T09:09:53","guid":{"rendered":"https:\/\/www.purejewels.com\/?post_type=product&#038;p=310693"},"modified":"2026-03-30T10:07:20","modified_gmt":"2026-03-30T09:07:20","slug":"22-karat-indischer-goldring-fur-manner","status":"publish","type":"product","link":"https:\/\/www.purejewels.com\/de\/product\/22-carat-indian-gold-ring-for-men\/","title":{"rendered":"22 Karat Indischer Goldring f\u00fcr M\u00e4nner"},"content":{"rendered":"<h3><strong><b>Gestaltung <\/b><\/strong><\/h3>\n<p><span style=\"font-weight: 400;\">Dieser goldene Herrenring von Purejewels ist wie die personifizierte Perfektion. Von Hand aus reinem 22K Gold gefertigt, ist dieser Herrenring ein Allrounder, da er zu verschiedenen Stilen und Kleidungsst\u00fccken passen kann. Dieser <a href=\"https:\/\/www.purejewels.com\/de\/produkt-kategorie\/22-karatiger-goldschmuck\/goldringe\/herrenringe\/\">22K Gold Herrenring<\/a> beginnt mit einem ovalen Design auf der Oberseite, das wundersch\u00f6n geschliffen und poliert wurde, so dass es mit dem Schaft des Rings verschmilzt.<\/span><\/p>\n<h3><strong><b>Inspiration<\/b><\/strong><\/h3>\n<p><span style=\"font-weight: 400;\">Herrenaccessoires wird nicht die geb\u00fchrende Bedeutung beigemessen, die sie verdienen, oder? Ein paar elegante Accessoires hier und da k\u00f6nnen einen Look von 50 auf 100 bringen und genau deshalb sind sie ein wesentlicher Bestandteil des Looks, wenn man sich anzieht.<\/span><\/p>\n<h3><strong><b>Stil<\/b><\/strong><\/h3>\n<p><span style=\"font-weight: 400;\">Dieser elegante und luxuri\u00f6se Ring eignet sich perfekt f\u00fcr den Alltag, kann aber auch zu anderen Anl\u00e4ssen getragen werden. Kombinieren Sie ihn mit Kurtas f\u00fcr traditionelle Anl\u00e4sse, oder mit einem Smoking f\u00fcr Ihren Anzug und Krawatte Abend oder sogar tragen Sie ihn l\u00e4ssig jeden Tag mit Ihrer B\u00fcrokleidung und Casuals, es ist so flexibel ein Design.<\/span><\/p>","protected":false},"excerpt":{"rendered":"<ul>\n<li>22 Karat Indischer Goldring f\u00fcr M\u00e4nner<\/li>\n<li>Ring-Gewicht 8,7 g<\/li>\n<li>SKU. 30835<\/li>\n<li>Gr\u00f6\u00dfe U1\/2<\/li>\n<li>Kann auf Bestellung in Ihrer Fingergr\u00f6\u00dfe angefertigt werden.<\/li>\n<li>Alle unsere Produkte sind vom London Assay Office gestempelt.<\/li>\n<li>Mit Pr\u00e4sentationsbox<\/li>\n<li>Lieferung inbegriffen<\/li>\n<li>Alle Preise inklusive Mehrwertsteuer<\/li>\n<li>Kontaktieren Sie uns \/ Live-Chat mit uns f\u00fcr Video von Produkt<\/li>\n<\/ul>","protected":false},"featured_media":310694,"comment_status":"closed","ping_status":"closed","template":"","meta":{"_eb_attr":"","_crsspst_to_jayantr4sg-hostcom":false},"product_brand":[],"product_cat":[1640,1571,1784,1572,1573],"product_tag":[],"class_list":{"0":"post-310693","1":"product","2":"type-product","3":"status-publish","4":"has-post-thumbnail","6":"product_cat-22ct-gold-bands","7":"product_cat-fathers-day-gifts","8":"product_cat-gents-rings","9":"product_cat-mens-jewellery","10":"product_cat-wedding-gifts","12":"first","13":"outofstock","14":"taxable","15":"shipping-taxable","16":"product-type-simple","17":"add-to-wishlist-before_image"},"yoast_head":"<!-- This site is optimized with the Yoast SEO plugin v27.3 - https:\/\/yoast.com\/product\/yoast-seo-wordpress\/ -->\n<title>22 carat Gold Ring For Men, Can be made to order to your finger size<\/title>\n<meta name=\"description\" content=\"This 22K gold men&#039;s ring starts with an oval-shaped design on top that has been buffed &amp; polished to blend into the shank of the ring\" \/>\n<meta name=\"robots\" content=\"index, follow, max-snippet:-1, max-image-preview:large, max-video-preview:-1\" \/>\n<link rel=\"canonical\" href=\"https:\/\/www.purejewels.com\/de\/produkt-2\/22-karat-indischer-goldring-fur-manner\/\" \/>\n<meta property=\"og:locale\" content=\"de_DE\" \/>\n<meta property=\"og:type\" content=\"article\" \/>\n<meta property=\"og:title\" content=\"22 carat Gold Ring For Men, Can be made to order to your finger size\" \/>\n<meta property=\"og:description\" content=\"This 22K gold men&#039;s ring starts with an oval-shaped design on top that has been buffed &amp; polished to blend into the shank of the ring\" \/>\n<meta property=\"og:url\" content=\"https:\/\/www.purejewels.com\/de\/produkt-2\/22-karat-indischer-goldring-fur-manner\/\" \/>\n<meta property=\"og:site_name\" content=\"PureJewels UK\" \/>\n<meta property=\"article:modified_time\" content=\"2026-03-30T09:07:20+00:00\" \/>\n<meta property=\"og:image\" content=\"https:\/\/static.purejewels.com\/wp-content\/uploads\/2019\/07\/S009.jpg\" \/>\n\t<meta property=\"og:image:width\" content=\"1000\" \/>\n\t<meta property=\"og:image:height\" content=\"1000\" \/>\n\t<meta property=\"og:image:type\" content=\"image\/jpeg\" \/>\n<meta name=\"twitter:card\" content=\"summary_large_image\" \/>\n<meta name=\"twitter:label1\" content=\"Gesch\u00e4tzte Lesezeit\" \/>\n\t<meta name=\"twitter:data1\" content=\"1\u00a0Minute\" \/>\n<script type=\"application\/ld+json\" class=\"yoast-schema-graph\">{\"@context\":\"https:\\\/\\\/schema.org\",\"@graph\":[{\"@type\":[\"WebPage\",\"ItemPage\"],\"@id\":\"https:\\\/\\\/www.purejewels.com\\\/product\\\/22-carat-indian-gold-ring-for-men\\\/\",\"url\":\"https:\\\/\\\/www.purejewels.com\\\/product\\\/22-carat-indian-gold-ring-for-men\\\/\",\"name\":\"22 carat Gold Ring For Men, Can be made to order to your finger size\",\"isPartOf\":{\"@id\":\"https:\\\/\\\/www.purejewels.com\\\/#website\"},\"primaryImageOfPage\":{\"@id\":\"https:\\\/\\\/www.purejewels.com\\\/product\\\/22-carat-indian-gold-ring-for-men\\\/#primaryimage\"},\"image\":{\"@id\":\"https:\\\/\\\/www.purejewels.com\\\/product\\\/22-carat-indian-gold-ring-for-men\\\/#primaryimage\"},\"thumbnailUrl\":\"https:\\\/\\\/static.purejewels.com\\\/wp-content\\\/uploads\\\/2019\\\/07\\\/S009.jpg\",\"datePublished\":\"2019-07-12T09:09:53+00:00\",\"dateModified\":\"2026-03-30T09:07:20+00:00\",\"description\":\"This 22K gold men's ring starts with an oval-shaped design on top that has been buffed & polished to blend into the shank of the ring\",\"breadcrumb\":{\"@id\":\"https:\\\/\\\/www.purejewels.com\\\/product\\\/22-carat-indian-gold-ring-for-men\\\/#breadcrumb\"},\"inLanguage\":\"de\",\"potentialAction\":[{\"@type\":\"ReadAction\",\"target\":[\"https:\\\/\\\/www.purejewels.com\\\/product\\\/22-carat-indian-gold-ring-for-men\\\/\"]}]},{\"@type\":\"ImageObject\",\"inLanguage\":\"de\",\"@id\":\"https:\\\/\\\/www.purejewels.com\\\/product\\\/22-carat-indian-gold-ring-for-men\\\/#primaryimage\",\"url\":\"https:\\\/\\\/static.purejewels.com\\\/wp-content\\\/uploads\\\/2019\\\/07\\\/S009.jpg\",\"contentUrl\":\"https:\\\/\\\/static.purejewels.com\\\/wp-content\\\/uploads\\\/2019\\\/07\\\/S009.jpg\",\"width\":1000,\"height\":1000,\"caption\":\"S009\"},{\"@type\":\"BreadcrumbList\",\"@id\":\"https:\\\/\\\/www.purejewels.com\\\/product\\\/22-carat-indian-gold-ring-for-men\\\/#breadcrumb\",\"itemListElement\":[{\"@type\":\"ListItem\",\"position\":1,\"name\":\"Home\",\"item\":\"https:\\\/\\\/www.purejewels.com\\\/\"},{\"@type\":\"ListItem\",\"position\":2,\"name\":\"Shop\",\"item\":\"https:\\\/\\\/www.purejewels.com\\\/shop\\\/\"},{\"@type\":\"ListItem\",\"position\":3,\"name\":\"22 Carat Indian Gold Ring For Men\"}]},{\"@type\":\"WebSite\",\"@id\":\"https:\\\/\\\/www.purejewels.com\\\/#website\",\"url\":\"https:\\\/\\\/www.purejewels.com\\\/\",\"name\":\"PureJewels UK\",\"description\":\"Share the Love\",\"publisher\":{\"@id\":\"https:\\\/\\\/www.purejewels.com\\\/#organization\"},\"potentialAction\":[{\"@type\":\"SearchAction\",\"target\":{\"@type\":\"EntryPoint\",\"urlTemplate\":\"https:\\\/\\\/www.purejewels.com\\\/?s={search_term_string}\"},\"query-input\":{\"@type\":\"PropertyValueSpecification\",\"valueRequired\":true,\"valueName\":\"search_term_string\"}}],\"inLanguage\":\"de\"},{\"@type\":\"Organization\",\"@id\":\"https:\\\/\\\/www.purejewels.com\\\/#organization\",\"name\":\"PureJewels UK\",\"url\":\"https:\\\/\\\/www.purejewels.com\\\/\",\"logo\":{\"@type\":\"ImageObject\",\"inLanguage\":\"de\",\"@id\":\"https:\\\/\\\/www.purejewels.com\\\/#\\\/schema\\\/logo\\\/image\\\/\",\"url\":\"https:\\\/\\\/static.purejewels.com\\\/wp-content\\\/uploads\\\/2020\\\/11\\\/Logo-PJ-New-1.png\",\"contentUrl\":\"https:\\\/\\\/static.purejewels.com\\\/wp-content\\\/uploads\\\/2020\\\/11\\\/Logo-PJ-New-1.png\",\"width\":150,\"height\":80,\"caption\":\"PureJewels UK\"},\"image\":{\"@id\":\"https:\\\/\\\/www.purejewels.com\\\/#\\\/schema\\\/logo\\\/image\\\/\"}}]}<\/script>\n<!-- \/ Yoast SEO plugin. -->","yoast_head_json":{"title":"22 Karat Gold Ring f\u00fcr M\u00e4nner, kann auf Bestellung in Ihrer Fingergr\u00f6\u00dfe angefertigt werden","description":"Dieser Herrenring aus 22 Karat Gold beginnt mit einem ovalen Design auf der Oberseite, das geschliffen und poliert wurde, um mit dem Schaft des Rings zu verschmelzen.","robots":{"index":"index","follow":"follow","max-snippet":"max-snippet:-1","max-image-preview":"max-image-preview:large","max-video-preview":"max-video-preview:-1"},"canonical":"https:\/\/www.purejewels.com\/de\/produkt-2\/22-karat-indischer-goldring-fur-manner\/","og_locale":"de_DE","og_type":"article","og_title":"22 carat Gold Ring For Men, Can be made to order to your finger size","og_description":"This 22K gold men's ring starts with an oval-shaped design on top that has been buffed & polished to blend into the shank of the ring","og_url":"https:\/\/www.purejewels.com\/de\/produkt-2\/22-karat-indischer-goldring-fur-manner\/","og_site_name":"PureJewels UK","article_modified_time":"2026-03-30T09:07:20+00:00","og_image":[{"width":1000,"height":1000,"url":"https:\/\/static.purejewels.com\/wp-content\/uploads\/2019\/07\/S009.jpg","type":"image\/jpeg"}],"twitter_card":"summary_large_image","twitter_misc":{"Gesch\u00e4tzte Lesezeit":"1\u00a0Minute"},"schema":{"@context":"https:\/\/schema.org","@graph":[{"@type":["WebPage","ItemPage"],"@id":"https:\/\/www.purejewels.com\/product\/22-carat-indian-gold-ring-for-men\/","url":"https:\/\/www.purejewels.com\/product\/22-carat-indian-gold-ring-for-men\/","name":"22 Karat Gold Ring f\u00fcr M\u00e4nner, kann auf Bestellung in Ihrer Fingergr\u00f6\u00dfe angefertigt werden","isPartOf":{"@id":"https:\/\/www.purejewels.com\/#website"},"primaryImageOfPage":{"@id":"https:\/\/www.purejewels.com\/product\/22-carat-indian-gold-ring-for-men\/#primaryimage"},"image":{"@id":"https:\/\/www.purejewels.com\/product\/22-carat-indian-gold-ring-for-men\/#primaryimage"},"thumbnailUrl":"https:\/\/static.purejewels.com\/wp-content\/uploads\/2019\/07\/S009.jpg","datePublished":"2019-07-12T09:09:53+00:00","dateModified":"2026-03-30T09:07:20+00:00","description":"Dieser Herrenring aus 22 Karat Gold beginnt mit einem ovalen Design auf der Oberseite, das geschliffen und poliert wurde, um mit dem Schaft des Rings zu verschmelzen.","breadcrumb":{"@id":"https:\/\/www.purejewels.com\/product\/22-carat-indian-gold-ring-for-men\/#breadcrumb"},"inLanguage":"de","potentialAction":[{"@type":"ReadAction","target":["https:\/\/www.purejewels.com\/product\/22-carat-indian-gold-ring-for-men\/"]}]},{"@type":"ImageObject","inLanguage":"de","@id":"https:\/\/www.purejewels.com\/product\/22-carat-indian-gold-ring-for-men\/#primaryimage","url":"https:\/\/static.purejewels.com\/wp-content\/uploads\/2019\/07\/S009.jpg","contentUrl":"https:\/\/static.purejewels.com\/wp-content\/uploads\/2019\/07\/S009.jpg","width":1000,"height":1000,"caption":"S009"},{"@type":"BreadcrumbList","@id":"https:\/\/www.purejewels.com\/product\/22-carat-indian-gold-ring-for-men\/#breadcrumb","itemListElement":[{"@type":"ListItem","position":1,"name":"Home","item":"https:\/\/www.purejewels.com\/"},{"@type":"ListItem","position":2,"name":"Shop","item":"https:\/\/www.purejewels.com\/shop\/"},{"@type":"ListItem","position":3,"name":"22 Carat Indian Gold Ring For Men"}]},{"@type":"WebSite","@id":"https:\/\/www.purejewels.com\/#website","url":"https:\/\/www.purejewels.com\/","name":"PureJewels UK","description":"Teile die Liebe","publisher":{"@id":"https:\/\/www.purejewels.com\/#organization"},"potentialAction":[{"@type":"SearchAction","target":{"@type":"EntryPoint","urlTemplate":"https:\/\/www.purejewels.com\/?s={search_term_string}"},"query-input":{"@type":"PropertyValueSpecification","valueRequired":true,"valueName":"search_term_string"}}],"inLanguage":"de"},{"@type":"Organization","@id":"https:\/\/www.purejewels.com\/#organization","name":"PureJewels UK","url":"https:\/\/www.purejewels.com\/","logo":{"@type":"ImageObject","inLanguage":"de","@id":"https:\/\/www.purejewels.com\/#\/schema\/logo\/image\/","url":"https:\/\/static.purejewels.com\/wp-content\/uploads\/2020\/11\/Logo-PJ-New-1.png","contentUrl":"https:\/\/static.purejewels.com\/wp-content\/uploads\/2020\/11\/Logo-PJ-New-1.png","width":150,"height":80,"caption":"PureJewels UK"},"image":{"@id":"https:\/\/www.purejewels.com\/#\/schema\/logo\/image\/"}}]}},"_links":{"self":[{"href":"https:\/\/www.purejewels.com\/de\/wp-json\/wp\/v2\/product\/310693","targetHints":{"allow":["GET"]}}],"collection":[{"href":"https:\/\/www.purejewels.com\/de\/wp-json\/wp\/v2\/product"}],"about":[{"href":"https:\/\/www.purejewels.com\/de\/wp-json\/wp\/v2\/types\/product"}],"replies":[{"embeddable":true,"href":"https:\/\/www.purejewels.com\/de\/wp-json\/wp\/v2\/comments?post=310693"}],"version-history":[{"count":1,"href":"https:\/\/www.purejewels.com\/de\/wp-json\/wp\/v2\/product\/310693\/revisions"}],"predecessor-version":[{"id":427793,"href":"https:\/\/www.purejewels.com\/de\/wp-json\/wp\/v2\/product\/310693\/revisions\/427793"}],"wp:featuredmedia":[{"embeddable":true,"href":"https:\/\/www.purejewels.com\/de\/wp-json\/wp\/v2\/media\/310694"}],"wp:attachment":[{"href":"https:\/\/www.purejewels.com\/de\/wp-json\/wp\/v2\/media?parent=310693"}],"wp:term":[{"taxonomy":"product_brand","embeddable":true,"href":"https:\/\/www.purejewels.com\/de\/wp-json\/wp\/v2\/product_brand?post=310693"},{"taxonomy":"product_cat","embeddable":true,"href":"https:\/\/www.purejewels.com\/de\/wp-json\/wp\/v2\/product_cat?post=310693"},{"taxonomy":"product_tag","embeddable":true,"href":"https:\/\/www.purejewels.com\/de\/wp-json\/wp\/v2\/product_tag?post=310693"}],"curies":[{"name":"wp","href":"https:\/\/api.w.org\/{rel}","templated":true}]}}