{"id":310702,"date":"2019-07-29T16:31:36","date_gmt":"2019-07-29T15:31:36","guid":{"rendered":"https:\/\/www.purejewels.com\/?post_type=product&#038;p=310702"},"modified":"2026-02-09T09:33:58","modified_gmt":"2026-02-09T09:33:58","slug":"22-kt-gold-breite-jali-choker-halskette","status":"publish","type":"product","link":"https:\/\/www.purejewels.com\/de\/product\/22-ct-gold-wide-jali-choker-necklace\/","title":{"rendered":"22 Karat Gold Breite Jali Choker Halskette\u00a0"},"content":{"rendered":"<p>Diese exquisite 22 Karat Gold breite Jali Choker Halskette ist ein atemberaubendes St\u00fcck aus unserer Jali Filigree Kollektion, perfekt um jedem Outfit einen Hauch von Eleganz zu verleihen. Gefertigt aus 22 Karat Gold, wiegt diese filigrane Halskette 45,7 Gramm und ist vom London Assay Office f\u00fcr die Echtheit gepunzt.<\/p>\n<p>Das filigrane Design dieser Halskette macht sie zu einem einzigartigen und auff\u00e4lligen Schmuckst\u00fcck, das sich perfekt f\u00fcr besondere Anl\u00e4sse oder als auff\u00e4lliges Accessoire im Alltag eignet. Der Choker-Stil verleiht jedem Dekollet\u00e9 einen Hauch von Glamour und macht sie zu einer vielseitigen und zeitlosen Erg\u00e4nzung Ihrer Schmucksammlung.<\/p>\n<p>Diese Halskette ist wundersch\u00f6n in einer Pr\u00e4sentationsbox verpackt und damit ein ideales Geschenk f\u00fcr eine geliebte Person oder eine besondere Freude f\u00fcr Sie selbst. Verpassen Sie nicht die Gelegenheit, diese luxuri\u00f6se goldene Halskette f\u00fcr Damen zu besitzen. Bestellen Sie jetzt f\u00fcr eine schnelle Lieferung und werten Sie Ihren Stil mit diesem exquisiten Schmuckst\u00fcck auf.<\/p>","protected":false},"excerpt":{"rendered":"<table class=\"sh_desc\">\n<tbody>\n<tr>\n<td>Art der Halskette<\/td>\n<td>Filigrane Halskette<\/td>\n<\/tr>\n<tr>\n<td>SKU<\/td>\n<td>42975<\/td>\n<\/tr>\n<tr>\n<td>Gewicht<\/td>\n<td>45,7 Gramm<\/td>\n<\/tr>\n<tr>\n<td>Metall<\/td>\n<td>22ct Gold<\/td>\n<\/tr>\n<tr>\n<td>Sammlung<\/td>\n<td><strong>Jali Filigree Kollektion<\/strong><\/td>\n<\/tr>\n<tr>\n<td>Wahrzeichen<\/td>\n<td>22ct Gold gestempelt von London Assay Office<\/td>\n<\/tr>\n<tr>\n<td>Entgelte<\/td>\n<td>Lieferung und Mehrwertsteuer inbegriffen<\/td>\n<\/tr>\n<tr>\n<td>Verpackung<\/td>\n<td>Mit Pr\u00e4sentationsbox<\/td>\n<\/tr>\n<tr>\n<td>Mehr Informationen<\/td>\n<td>\n<ul>\n<li>Live-Chat mit uns f\u00fcr Verf\u00fcgbarkeit und mehr Bilder<\/li>\n<li>Erkunden Sie unser <strong>Goldschmuck-Set<\/strong><\/li>\n<\/ul>\n<\/td>\n<\/tr>\n<\/tbody>\n<\/table>","protected":false},"featured_media":348123,"comment_status":"closed","ping_status":"closed","template":"","meta":{"_eb_attr":"","_crsspst_to_jayantr4sg-hostcom":true},"product_brand":[],"product_cat":[5950,1625,1782,236,1781,1229,1253,252,1778,1573,5349],"product_tag":[],"class_list":{"0":"post-310702","1":"product","2":"type-product","3":"status-publish","4":"has-post-thumbnail","6":"product_cat-bridal-necklace","7":"product_cat-bridal-set","8":"product_cat-choker-necklaces","9":"product_cat-collections","10":"product_cat-filligree-necklaces","11":"product_cat-22ct-gold-jewellery","12":"product_cat-gold-necklaces","13":"product_cat-jali-collections","14":"product_cat-short-necklaces","15":"product_cat-wedding-gifts","16":"product_cat-yellow-gold-jewellery","18":"first","19":"instock","20":"taxable","21":"shipping-taxable","22":"purchasable","23":"product-type-simple","24":"add-to-wishlist-before_image"},"yoast_head":"<!-- This site is optimized with the Yoast SEO plugin v27.3 - https:\/\/yoast.com\/product\/yoast-seo-wordpress\/ -->\n<title>22 Carat Gold Wide Jali Choker Necklace\u00a0| PureJewels UK<\/title>\n<meta name=\"description\" content=\"Order your stunning 22 Carat Gold Wide Jali Filigree Choker Necklace today! Elevate your style with this exquisite piece. Shop now and embrace luxury!\" \/>\n<meta name=\"robots\" content=\"index, follow, max-snippet:-1, max-image-preview:large, max-video-preview:-1\" \/>\n<link rel=\"canonical\" href=\"https:\/\/www.purejewels.com\/de\/produkt-2\/22-kt-gold-breite-jali-choker-halskette\/\" \/>\n<meta property=\"og:locale\" content=\"de_DE\" \/>\n<meta property=\"og:type\" content=\"article\" \/>\n<meta property=\"og:title\" content=\"22 Carat Gold Wide Jali Choker Necklace\u00a0| PureJewels UK\" \/>\n<meta property=\"og:description\" content=\"Order your stunning 22 Carat Gold Wide Jali Filigree Choker Necklace today! Elevate your style with this exquisite piece. Shop now and embrace luxury!\" \/>\n<meta property=\"og:url\" content=\"https:\/\/www.purejewels.com\/de\/produkt-2\/22-kt-gold-breite-jali-choker-halskette\/\" \/>\n<meta property=\"og:site_name\" content=\"PureJewels UK\" \/>\n<meta property=\"article:modified_time\" content=\"2026-02-09T09:33:58+00:00\" \/>\n<meta property=\"og:image\" content=\"https:\/\/static.purejewels.com\/wp-content\/uploads\/2019\/07\/42975-1.jpg\" \/>\n\t<meta property=\"og:image:width\" content=\"1000\" \/>\n\t<meta property=\"og:image:height\" content=\"1000\" \/>\n\t<meta property=\"og:image:type\" content=\"image\/jpeg\" \/>\n<meta name=\"twitter:card\" content=\"summary_large_image\" \/>\n<meta name=\"twitter:label1\" content=\"Gesch\u00e4tzte Lesezeit\" \/>\n\t<meta name=\"twitter:data1\" content=\"1\u00a0Minute\" \/>\n<script type=\"application\/ld+json\" class=\"yoast-schema-graph\">{\"@context\":\"https:\\\/\\\/schema.org\",\"@graph\":[{\"@type\":[\"WebPage\",\"ItemPage\"],\"@id\":\"https:\\\/\\\/www.purejewels.com\\\/product\\\/22-ct-gold-wide-jali-choker-necklace\\\/\",\"url\":\"https:\\\/\\\/www.purejewels.com\\\/product\\\/22-ct-gold-wide-jali-choker-necklace\\\/\",\"name\":\"22 Carat Gold Wide Jali Choker Necklace\u00a0| PureJewels UK\",\"isPartOf\":{\"@id\":\"https:\\\/\\\/www.purejewels.com\\\/#website\"},\"primaryImageOfPage\":{\"@id\":\"https:\\\/\\\/www.purejewels.com\\\/product\\\/22-ct-gold-wide-jali-choker-necklace\\\/#primaryimage\"},\"image\":{\"@id\":\"https:\\\/\\\/www.purejewels.com\\\/product\\\/22-ct-gold-wide-jali-choker-necklace\\\/#primaryimage\"},\"thumbnailUrl\":\"https:\\\/\\\/static.purejewels.com\\\/wp-content\\\/uploads\\\/2019\\\/07\\\/42975-1.jpg\",\"datePublished\":\"2019-07-29T15:31:36+00:00\",\"dateModified\":\"2026-02-09T09:33:58+00:00\",\"description\":\"Order your stunning 22 Carat Gold Wide Jali Filigree Choker Necklace today! Elevate your style with this exquisite piece. Shop now and embrace luxury!\",\"breadcrumb\":{\"@id\":\"https:\\\/\\\/www.purejewels.com\\\/product\\\/22-ct-gold-wide-jali-choker-necklace\\\/#breadcrumb\"},\"inLanguage\":\"de\",\"potentialAction\":[{\"@type\":\"ReadAction\",\"target\":[\"https:\\\/\\\/www.purejewels.com\\\/product\\\/22-ct-gold-wide-jali-choker-necklace\\\/\"]}]},{\"@type\":\"ImageObject\",\"inLanguage\":\"de\",\"@id\":\"https:\\\/\\\/www.purejewels.com\\\/product\\\/22-ct-gold-wide-jali-choker-necklace\\\/#primaryimage\",\"url\":\"https:\\\/\\\/static.purejewels.com\\\/wp-content\\\/uploads\\\/2019\\\/07\\\/42975-1.jpg\",\"contentUrl\":\"https:\\\/\\\/static.purejewels.com\\\/wp-content\\\/uploads\\\/2019\\\/07\\\/42975-1.jpg\",\"width\":1000,\"height\":1000,\"caption\":\"22 Carat Gold Wide Jali Choker Necklace\u00a0\"},{\"@type\":\"BreadcrumbList\",\"@id\":\"https:\\\/\\\/www.purejewels.com\\\/product\\\/22-ct-gold-wide-jali-choker-necklace\\\/#breadcrumb\",\"itemListElement\":[{\"@type\":\"ListItem\",\"position\":1,\"name\":\"Home\",\"item\":\"https:\\\/\\\/www.purejewels.com\\\/\"},{\"@type\":\"ListItem\",\"position\":2,\"name\":\"Shop\",\"item\":\"https:\\\/\\\/www.purejewels.com\\\/shop\\\/\"},{\"@type\":\"ListItem\",\"position\":3,\"name\":\"22 Carat Gold Wide Jali Choker Necklace\u00a0\"}]},{\"@type\":\"WebSite\",\"@id\":\"https:\\\/\\\/www.purejewels.com\\\/#website\",\"url\":\"https:\\\/\\\/www.purejewels.com\\\/\",\"name\":\"PureJewels UK\",\"description\":\"Share the Love\",\"publisher\":{\"@id\":\"https:\\\/\\\/www.purejewels.com\\\/#organization\"},\"potentialAction\":[{\"@type\":\"SearchAction\",\"target\":{\"@type\":\"EntryPoint\",\"urlTemplate\":\"https:\\\/\\\/www.purejewels.com\\\/?s={search_term_string}\"},\"query-input\":{\"@type\":\"PropertyValueSpecification\",\"valueRequired\":true,\"valueName\":\"search_term_string\"}}],\"inLanguage\":\"de\"},{\"@type\":\"Organization\",\"@id\":\"https:\\\/\\\/www.purejewels.com\\\/#organization\",\"name\":\"PureJewels UK\",\"url\":\"https:\\\/\\\/www.purejewels.com\\\/\",\"logo\":{\"@type\":\"ImageObject\",\"inLanguage\":\"de\",\"@id\":\"https:\\\/\\\/www.purejewels.com\\\/#\\\/schema\\\/logo\\\/image\\\/\",\"url\":\"https:\\\/\\\/static.purejewels.com\\\/wp-content\\\/uploads\\\/2020\\\/11\\\/Logo-PJ-New-1.png\",\"contentUrl\":\"https:\\\/\\\/static.purejewels.com\\\/wp-content\\\/uploads\\\/2020\\\/11\\\/Logo-PJ-New-1.png\",\"width\":150,\"height\":80,\"caption\":\"PureJewels UK\"},\"image\":{\"@id\":\"https:\\\/\\\/www.purejewels.com\\\/#\\\/schema\\\/logo\\\/image\\\/\"}}]}<\/script>\n<!-- \/ Yoast SEO plugin. -->","yoast_head_json":{"title":"22 Karat Gold Breite Jali Choker Halskette | PureJewels UK","description":"Bestellen Sie Ihre atemberaubende 22 Karat Gold breite Jali Filigree Choker Halskette noch heute! Erh\u00f6hen Sie Ihren Stil mit diesem exquisiten St\u00fcck. Kaufen Sie jetzt und genie\u00dfen Sie den Luxus!","robots":{"index":"index","follow":"follow","max-snippet":"max-snippet:-1","max-image-preview":"max-image-preview:large","max-video-preview":"max-video-preview:-1"},"canonical":"https:\/\/www.purejewels.com\/de\/produkt-2\/22-kt-gold-breite-jali-choker-halskette\/","og_locale":"de_DE","og_type":"article","og_title":"22 Carat Gold Wide Jali Choker Necklace\u00a0| PureJewels UK","og_description":"Order your stunning 22 Carat Gold Wide Jali Filigree Choker Necklace today! Elevate your style with this exquisite piece. Shop now and embrace luxury!","og_url":"https:\/\/www.purejewels.com\/de\/produkt-2\/22-kt-gold-breite-jali-choker-halskette\/","og_site_name":"PureJewels UK","article_modified_time":"2026-02-09T09:33:58+00:00","og_image":[{"width":1000,"height":1000,"url":"https:\/\/static.purejewels.com\/wp-content\/uploads\/2019\/07\/42975-1.jpg","type":"image\/jpeg"}],"twitter_card":"summary_large_image","twitter_misc":{"Gesch\u00e4tzte Lesezeit":"1\u00a0Minute"},"schema":{"@context":"https:\/\/schema.org","@graph":[{"@type":["WebPage","ItemPage"],"@id":"https:\/\/www.purejewels.com\/product\/22-ct-gold-wide-jali-choker-necklace\/","url":"https:\/\/www.purejewels.com\/product\/22-ct-gold-wide-jali-choker-necklace\/","name":"22 Karat Gold Breite Jali Choker Halskette | PureJewels UK","isPartOf":{"@id":"https:\/\/www.purejewels.com\/#website"},"primaryImageOfPage":{"@id":"https:\/\/www.purejewels.com\/product\/22-ct-gold-wide-jali-choker-necklace\/#primaryimage"},"image":{"@id":"https:\/\/www.purejewels.com\/product\/22-ct-gold-wide-jali-choker-necklace\/#primaryimage"},"thumbnailUrl":"https:\/\/static.purejewels.com\/wp-content\/uploads\/2019\/07\/42975-1.jpg","datePublished":"2019-07-29T15:31:36+00:00","dateModified":"2026-02-09T09:33:58+00:00","description":"Bestellen Sie Ihre atemberaubende 22 Karat Gold breite Jali Filigree Choker Halskette noch heute! Erh\u00f6hen Sie Ihren Stil mit diesem exquisiten St\u00fcck. Kaufen Sie jetzt und genie\u00dfen Sie den Luxus!","breadcrumb":{"@id":"https:\/\/www.purejewels.com\/product\/22-ct-gold-wide-jali-choker-necklace\/#breadcrumb"},"inLanguage":"de","potentialAction":[{"@type":"ReadAction","target":["https:\/\/www.purejewels.com\/product\/22-ct-gold-wide-jali-choker-necklace\/"]}]},{"@type":"ImageObject","inLanguage":"de","@id":"https:\/\/www.purejewels.com\/product\/22-ct-gold-wide-jali-choker-necklace\/#primaryimage","url":"https:\/\/static.purejewels.com\/wp-content\/uploads\/2019\/07\/42975-1.jpg","contentUrl":"https:\/\/static.purejewels.com\/wp-content\/uploads\/2019\/07\/42975-1.jpg","width":1000,"height":1000,"caption":"22 Carat Gold Wide Jali Choker Necklace\u00a0"},{"@type":"BreadcrumbList","@id":"https:\/\/www.purejewels.com\/product\/22-ct-gold-wide-jali-choker-necklace\/#breadcrumb","itemListElement":[{"@type":"ListItem","position":1,"name":"Home","item":"https:\/\/www.purejewels.com\/"},{"@type":"ListItem","position":2,"name":"Shop","item":"https:\/\/www.purejewels.com\/shop\/"},{"@type":"ListItem","position":3,"name":"22 Carat Gold Wide Jali Choker Necklace\u00a0"}]},{"@type":"WebSite","@id":"https:\/\/www.purejewels.com\/#website","url":"https:\/\/www.purejewels.com\/","name":"PureJewels UK","description":"Teile die Liebe","publisher":{"@id":"https:\/\/www.purejewels.com\/#organization"},"potentialAction":[{"@type":"SearchAction","target":{"@type":"EntryPoint","urlTemplate":"https:\/\/www.purejewels.com\/?s={search_term_string}"},"query-input":{"@type":"PropertyValueSpecification","valueRequired":true,"valueName":"search_term_string"}}],"inLanguage":"de"},{"@type":"Organization","@id":"https:\/\/www.purejewels.com\/#organization","name":"PureJewels UK","url":"https:\/\/www.purejewels.com\/","logo":{"@type":"ImageObject","inLanguage":"de","@id":"https:\/\/www.purejewels.com\/#\/schema\/logo\/image\/","url":"https:\/\/static.purejewels.com\/wp-content\/uploads\/2020\/11\/Logo-PJ-New-1.png","contentUrl":"https:\/\/static.purejewels.com\/wp-content\/uploads\/2020\/11\/Logo-PJ-New-1.png","width":150,"height":80,"caption":"PureJewels UK"},"image":{"@id":"https:\/\/www.purejewels.com\/#\/schema\/logo\/image\/"}}]}},"_links":{"self":[{"href":"https:\/\/www.purejewels.com\/de\/wp-json\/wp\/v2\/product\/310702","targetHints":{"allow":["GET"]}}],"collection":[{"href":"https:\/\/www.purejewels.com\/de\/wp-json\/wp\/v2\/product"}],"about":[{"href":"https:\/\/www.purejewels.com\/de\/wp-json\/wp\/v2\/types\/product"}],"replies":[{"embeddable":true,"href":"https:\/\/www.purejewels.com\/de\/wp-json\/wp\/v2\/comments?post=310702"}],"version-history":[{"count":3,"href":"https:\/\/www.purejewels.com\/de\/wp-json\/wp\/v2\/product\/310702\/revisions"}],"predecessor-version":[{"id":420838,"href":"https:\/\/www.purejewels.com\/de\/wp-json\/wp\/v2\/product\/310702\/revisions\/420838"}],"wp:featuredmedia":[{"embeddable":true,"href":"https:\/\/www.purejewels.com\/de\/wp-json\/wp\/v2\/media\/348123"}],"wp:attachment":[{"href":"https:\/\/www.purejewels.com\/de\/wp-json\/wp\/v2\/media?parent=310702"}],"wp:term":[{"taxonomy":"product_brand","embeddable":true,"href":"https:\/\/www.purejewels.com\/de\/wp-json\/wp\/v2\/product_brand?post=310702"},{"taxonomy":"product_cat","embeddable":true,"href":"https:\/\/www.purejewels.com\/de\/wp-json\/wp\/v2\/product_cat?post=310702"},{"taxonomy":"product_tag","embeddable":true,"href":"https:\/\/www.purejewels.com\/de\/wp-json\/wp\/v2\/product_tag?post=310702"}],"curies":[{"name":"wp","href":"https:\/\/api.w.org\/{rel}","templated":true}]}}