{"id":310820,"date":"2019-08-09T08:57:17","date_gmt":"2019-08-09T07:57:17","guid":{"rendered":"https:\/\/www.purejewels.com\/?post_type=product&#038;p=310820"},"modified":"2026-01-10T16:15:33","modified_gmt":"2026-01-10T16:15:33","slug":"moderner-armreif-aus-22-karat-gold-mit-glitzer","status":"publish","type":"product","link":"https:\/\/www.purejewels.com\/de\/product\/22ct-gold-sparkle-modern-bangle\/","title":{"rendered":"22 Karat Gold Doppel-Glitzer-Kugelarmband"},"content":{"rendered":"<p>Dieser doppelt funkelnde Armreif aus 22 Karat Gold besticht durch sein elegantes Doppelband-Design mit vier diamantgeschliffenen Kugeln, die bei jeder Bewegung wundersch\u00f6n schimmern. Das offene Design sorgt f\u00fcr eine ausgewogene und moderne \u00c4sthetik und macht den Armreif zu einem alltagstauglichen Schmuckst\u00fcck. Jede geformte Kugel ist aufwendig strukturiert, um das Licht aus jedem Winkel zu reflektieren und dem Handgelenk m\u00fchelos Glanz zu verleihen. Die glatten B\u00e4nder aus reichhaltigem 22-kar\u00e4tigem Gold sorgen f\u00fcr einen hohen Tragekomfort und ein poliertes, luxuri\u00f6ses Gef\u00fchl. Der sichere Verschluss garantiert einen sicheren Sitz den ganzen Tag \u00fcber. Dieses St\u00fcck mit britischer Punzierung, die die Reinheit des Goldes und die vertrauensw\u00fcrdige Handwerkskunst garantiert, verbindet zeitgen\u00f6ssischen Stil mit zeitloser Eleganz. Ein vielseitiges Accessoire, das sowohl l\u00e4ssige Looks als auch besondere Anl\u00e4sse aufwertet.<\/p>","protected":false},"excerpt":{"rendered":"<ul>\n<li>22ct Gold Sparkle modern Armreif<\/li>\n<li>Geeignet f\u00fcr Modern-Daily-Office-Kleidung<\/li>\n<li>Mit Rhodium-Finish<\/li>\n<li>Gewicht. 25.1 g<\/li>\n<li>SKU. 30840<\/li>\n<li>Alle unsere Produkte sind vom London Assay Office gestempelt.<\/li>\n<li>Alle Armreifen werden mit Geschenkbox geliefert<\/li>\n<li>Lieferung inbegriffen<\/li>\n<li>Alle Preise inklusive Mehrwertsteuer<\/li>\n<li>Kontaktieren Sie uns \/ chatten Sie mit uns f\u00fcr ein Live-Video des Produkts<\/li>\n<\/ul>","protected":false},"featured_media":310973,"comment_status":"closed","ping_status":"closed","template":"","meta":{"_eb_attr":"","_crsspst_to_jayantr4sg-hostcom":false},"product_brand":[],"product_cat":[1659,1627,1657,248,1574],"product_tag":[],"class_list":{"0":"post-310820","1":"product","2":"type-product","3":"status-publish","4":"has-post-thumbnail","6":"product_cat-bridal-and-party-wear-gold-kada-bangle","7":"product_cat-ladies-bracelet","8":"product_cat-single-bangle","9":"product_cat-sparkle-collections","10":"product_cat-womens-jewellery","12":"first","13":"outofstock","14":"taxable","15":"shipping-taxable","16":"product-type-simple","17":"add-to-wishlist-before_image"},"yoast_head":"<!-- This site is optimized with the Yoast SEO plugin v27.5 - https:\/\/yoast.com\/product\/yoast-seo-wordpress\/ -->\n<title>Modern Double Band 22ct Gold Sparkle Bangle | PureJewels<\/title>\n<meta name=\"description\" content=\"Explore our modern double-band 22ct Gold sparkle bangle with diamond-cut detailing. UK hallmarked for purity and crafted for everyday luxury and gifting.\" \/>\n<meta name=\"robots\" content=\"index, follow, max-snippet:-1, max-image-preview:large, max-video-preview:-1\" \/>\n<link rel=\"canonical\" href=\"https:\/\/www.purejewels.com\/de\/produkt-2\/moderner-armreif-aus-22-karat-gold-mit-glitzer\/\" \/>\n<meta property=\"og:locale\" content=\"de_DE\" \/>\n<meta property=\"og:type\" content=\"article\" \/>\n<meta property=\"og:title\" content=\"Modern Double Band 22ct Gold Sparkle Bangle | PureJewels\" \/>\n<meta property=\"og:description\" content=\"Explore our modern double-band 22ct Gold sparkle bangle with diamond-cut detailing. UK hallmarked for purity and crafted for everyday luxury and gifting.\" \/>\n<meta property=\"og:url\" content=\"https:\/\/www.purejewels.com\/de\/produkt-2\/moderner-armreif-aus-22-karat-gold-mit-glitzer\/\" \/>\n<meta property=\"og:site_name\" content=\"PureJewels UK\" \/>\n<meta property=\"article:modified_time\" content=\"2026-01-10T16:15:33+00:00\" \/>\n<meta property=\"og:image\" content=\"https:\/\/www.purejewels.com\/wp-content\/uploads\/2019\/08\/30840_001-1.jpg\" \/>\n\t<meta property=\"og:image:width\" content=\"1000\" \/>\n\t<meta property=\"og:image:height\" content=\"1000\" \/>\n\t<meta property=\"og:image:type\" content=\"image\/jpeg\" \/>\n<meta name=\"twitter:card\" content=\"summary_large_image\" \/>\n<meta name=\"twitter:label1\" content=\"Gesch\u00e4tzte Lesezeit\" \/>\n\t<meta name=\"twitter:data1\" content=\"1\u00a0Minute\" \/>\n<script type=\"application\/ld+json\" class=\"yoast-schema-graph\">{\"@context\":\"https:\\\/\\\/schema.org\",\"@graph\":[{\"@type\":[\"WebPage\",\"ItemPage\"],\"@id\":\"https:\\\/\\\/www.purejewels.com\\\/product\\\/22ct-gold-sparkle-modern-bangle\\\/\",\"url\":\"https:\\\/\\\/www.purejewels.com\\\/product\\\/22ct-gold-sparkle-modern-bangle\\\/\",\"name\":\"Modern Double Band 22ct Gold Sparkle Bangle | PureJewels\",\"isPartOf\":{\"@id\":\"https:\\\/\\\/www.purejewels.com\\\/#website\"},\"primaryImageOfPage\":{\"@id\":\"https:\\\/\\\/www.purejewels.com\\\/product\\\/22ct-gold-sparkle-modern-bangle\\\/#primaryimage\"},\"image\":{\"@id\":\"https:\\\/\\\/www.purejewels.com\\\/product\\\/22ct-gold-sparkle-modern-bangle\\\/#primaryimage\"},\"thumbnailUrl\":\"https:\\\/\\\/static.purejewels.com\\\/wp-content\\\/uploads\\\/2019\\\/08\\\/30840_001-1.jpg\",\"datePublished\":\"2019-08-09T07:57:17+00:00\",\"dateModified\":\"2026-01-10T16:15:33+00:00\",\"description\":\"Explore our modern double-band 22ct Gold sparkle bangle with diamond-cut detailing. UK hallmarked for purity and crafted for everyday luxury and gifting.\",\"breadcrumb\":{\"@id\":\"https:\\\/\\\/www.purejewels.com\\\/product\\\/22ct-gold-sparkle-modern-bangle\\\/#breadcrumb\"},\"inLanguage\":\"de\",\"potentialAction\":[{\"@type\":\"ReadAction\",\"target\":[\"https:\\\/\\\/www.purejewels.com\\\/product\\\/22ct-gold-sparkle-modern-bangle\\\/\"]}]},{\"@type\":\"ImageObject\",\"inLanguage\":\"de\",\"@id\":\"https:\\\/\\\/www.purejewels.com\\\/product\\\/22ct-gold-sparkle-modern-bangle\\\/#primaryimage\",\"url\":\"https:\\\/\\\/static.purejewels.com\\\/wp-content\\\/uploads\\\/2019\\\/08\\\/30840_001-1.jpg\",\"contentUrl\":\"https:\\\/\\\/static.purejewels.com\\\/wp-content\\\/uploads\\\/2019\\\/08\\\/30840_001-1.jpg\",\"width\":1000,\"height\":1000,\"caption\":\"30840_001-1\"},{\"@type\":\"BreadcrumbList\",\"@id\":\"https:\\\/\\\/www.purejewels.com\\\/product\\\/22ct-gold-sparkle-modern-bangle\\\/#breadcrumb\",\"itemListElement\":[{\"@type\":\"ListItem\",\"position\":1,\"name\":\"Home\",\"item\":\"https:\\\/\\\/www.purejewels.com\\\/\"},{\"@type\":\"ListItem\",\"position\":2,\"name\":\"Shop\",\"item\":\"https:\\\/\\\/www.purejewels.com\\\/shop\\\/\"},{\"@type\":\"ListItem\",\"position\":3,\"name\":\"22ct Gold Double Sparkle Ball Bangle\"}]},{\"@type\":\"WebSite\",\"@id\":\"https:\\\/\\\/www.purejewels.com\\\/#website\",\"url\":\"https:\\\/\\\/www.purejewels.com\\\/\",\"name\":\"PureJewels UK\",\"description\":\"Share the Love\",\"publisher\":{\"@id\":\"https:\\\/\\\/www.purejewels.com\\\/#organization\"},\"potentialAction\":[{\"@type\":\"SearchAction\",\"target\":{\"@type\":\"EntryPoint\",\"urlTemplate\":\"https:\\\/\\\/www.purejewels.com\\\/?s={search_term_string}\"},\"query-input\":{\"@type\":\"PropertyValueSpecification\",\"valueRequired\":true,\"valueName\":\"search_term_string\"}}],\"inLanguage\":\"de\"},{\"@type\":\"Organization\",\"@id\":\"https:\\\/\\\/www.purejewels.com\\\/#organization\",\"name\":\"PureJewels UK\",\"url\":\"https:\\\/\\\/www.purejewels.com\\\/\",\"logo\":{\"@type\":\"ImageObject\",\"inLanguage\":\"de\",\"@id\":\"https:\\\/\\\/www.purejewels.com\\\/#\\\/schema\\\/logo\\\/image\\\/\",\"url\":\"https:\\\/\\\/static.purejewels.com\\\/wp-content\\\/uploads\\\/2020\\\/11\\\/Logo-PJ-New-1.png\",\"contentUrl\":\"https:\\\/\\\/static.purejewels.com\\\/wp-content\\\/uploads\\\/2020\\\/11\\\/Logo-PJ-New-1.png\",\"width\":150,\"height\":80,\"caption\":\"PureJewels UK\"},\"image\":{\"@id\":\"https:\\\/\\\/www.purejewels.com\\\/#\\\/schema\\\/logo\\\/image\\\/\"}}]}<\/script>\n<!-- \/ Yoast SEO plugin. -->","yoast_head_json":{"title":"Moderner Doppelband-Armreif aus 22 Karat Gold mit Glitzer | PureJewels","description":"Entdecken Sie unseren modernen Doppelband-Armreif aus 22 Karat Gold mit Diamantschliff-Details. Mit britischem Feingehaltsstempel und f\u00fcr den t\u00e4glichen Luxus und als Geschenk gefertigt.","robots":{"index":"index","follow":"follow","max-snippet":"max-snippet:-1","max-image-preview":"max-image-preview:large","max-video-preview":"max-video-preview:-1"},"canonical":"https:\/\/www.purejewels.com\/de\/produkt-2\/moderner-armreif-aus-22-karat-gold-mit-glitzer\/","og_locale":"de_DE","og_type":"article","og_title":"Modern Double Band 22ct Gold Sparkle Bangle | PureJewels","og_description":"Explore our modern double-band 22ct Gold sparkle bangle with diamond-cut detailing. UK hallmarked for purity and crafted for everyday luxury and gifting.","og_url":"https:\/\/www.purejewels.com\/de\/produkt-2\/moderner-armreif-aus-22-karat-gold-mit-glitzer\/","og_site_name":"PureJewels UK","article_modified_time":"2026-01-10T16:15:33+00:00","og_image":[{"width":1000,"height":1000,"url":"https:\/\/www.purejewels.com\/wp-content\/uploads\/2019\/08\/30840_001-1.jpg","type":"image\/jpeg"}],"twitter_card":"summary_large_image","twitter_misc":{"Gesch\u00e4tzte Lesezeit":"1\u00a0Minute"},"schema":{"@context":"https:\/\/schema.org","@graph":[{"@type":["WebPage","ItemPage"],"@id":"https:\/\/www.purejewels.com\/product\/22ct-gold-sparkle-modern-bangle\/","url":"https:\/\/www.purejewels.com\/product\/22ct-gold-sparkle-modern-bangle\/","name":"Moderner Doppelband-Armreif aus 22 Karat Gold mit Glitzer | PureJewels","isPartOf":{"@id":"https:\/\/www.purejewels.com\/#website"},"primaryImageOfPage":{"@id":"https:\/\/www.purejewels.com\/product\/22ct-gold-sparkle-modern-bangle\/#primaryimage"},"image":{"@id":"https:\/\/www.purejewels.com\/product\/22ct-gold-sparkle-modern-bangle\/#primaryimage"},"thumbnailUrl":"https:\/\/static.purejewels.com\/wp-content\/uploads\/2019\/08\/30840_001-1.jpg","datePublished":"2019-08-09T07:57:17+00:00","dateModified":"2026-01-10T16:15:33+00:00","description":"Entdecken Sie unseren modernen Doppelband-Armreif aus 22 Karat Gold mit Diamantschliff-Details. Mit britischem Feingehaltsstempel und f\u00fcr den t\u00e4glichen Luxus und als Geschenk gefertigt.","breadcrumb":{"@id":"https:\/\/www.purejewels.com\/product\/22ct-gold-sparkle-modern-bangle\/#breadcrumb"},"inLanguage":"de","potentialAction":[{"@type":"ReadAction","target":["https:\/\/www.purejewels.com\/product\/22ct-gold-sparkle-modern-bangle\/"]}]},{"@type":"ImageObject","inLanguage":"de","@id":"https:\/\/www.purejewels.com\/product\/22ct-gold-sparkle-modern-bangle\/#primaryimage","url":"https:\/\/static.purejewels.com\/wp-content\/uploads\/2019\/08\/30840_001-1.jpg","contentUrl":"https:\/\/static.purejewels.com\/wp-content\/uploads\/2019\/08\/30840_001-1.jpg","width":1000,"height":1000,"caption":"30840_001-1"},{"@type":"BreadcrumbList","@id":"https:\/\/www.purejewels.com\/product\/22ct-gold-sparkle-modern-bangle\/#breadcrumb","itemListElement":[{"@type":"ListItem","position":1,"name":"Home","item":"https:\/\/www.purejewels.com\/"},{"@type":"ListItem","position":2,"name":"Shop","item":"https:\/\/www.purejewels.com\/shop\/"},{"@type":"ListItem","position":3,"name":"22ct Gold Double Sparkle Ball Bangle"}]},{"@type":"WebSite","@id":"https:\/\/www.purejewels.com\/#website","url":"https:\/\/www.purejewels.com\/","name":"PureJewels UK","description":"Teile die Liebe","publisher":{"@id":"https:\/\/www.purejewels.com\/#organization"},"potentialAction":[{"@type":"SearchAction","target":{"@type":"EntryPoint","urlTemplate":"https:\/\/www.purejewels.com\/?s={search_term_string}"},"query-input":{"@type":"PropertyValueSpecification","valueRequired":true,"valueName":"search_term_string"}}],"inLanguage":"de"},{"@type":"Organization","@id":"https:\/\/www.purejewels.com\/#organization","name":"PureJewels UK","url":"https:\/\/www.purejewels.com\/","logo":{"@type":"ImageObject","inLanguage":"de","@id":"https:\/\/www.purejewels.com\/#\/schema\/logo\/image\/","url":"https:\/\/static.purejewels.com\/wp-content\/uploads\/2020\/11\/Logo-PJ-New-1.png","contentUrl":"https:\/\/static.purejewels.com\/wp-content\/uploads\/2020\/11\/Logo-PJ-New-1.png","width":150,"height":80,"caption":"PureJewels UK"},"image":{"@id":"https:\/\/www.purejewels.com\/#\/schema\/logo\/image\/"}}]}},"_links":{"self":[{"href":"https:\/\/www.purejewels.com\/de\/wp-json\/wp\/v2\/product\/310820","targetHints":{"allow":["GET"]}}],"collection":[{"href":"https:\/\/www.purejewels.com\/de\/wp-json\/wp\/v2\/product"}],"about":[{"href":"https:\/\/www.purejewels.com\/de\/wp-json\/wp\/v2\/types\/product"}],"replies":[{"embeddable":true,"href":"https:\/\/www.purejewels.com\/de\/wp-json\/wp\/v2\/comments?post=310820"}],"version-history":[{"count":2,"href":"https:\/\/www.purejewels.com\/de\/wp-json\/wp\/v2\/product\/310820\/revisions"}],"predecessor-version":[{"id":421886,"href":"https:\/\/www.purejewels.com\/de\/wp-json\/wp\/v2\/product\/310820\/revisions\/421886"}],"wp:featuredmedia":[{"embeddable":true,"href":"https:\/\/www.purejewels.com\/de\/wp-json\/wp\/v2\/media\/310973"}],"wp:attachment":[{"href":"https:\/\/www.purejewels.com\/de\/wp-json\/wp\/v2\/media?parent=310820"}],"wp:term":[{"taxonomy":"product_brand","embeddable":true,"href":"https:\/\/www.purejewels.com\/de\/wp-json\/wp\/v2\/product_brand?post=310820"},{"taxonomy":"product_cat","embeddable":true,"href":"https:\/\/www.purejewels.com\/de\/wp-json\/wp\/v2\/product_cat?post=310820"},{"taxonomy":"product_tag","embeddable":true,"href":"https:\/\/www.purejewels.com\/de\/wp-json\/wp\/v2\/product_tag?post=310820"}],"curies":[{"name":"wp","href":"https:\/\/api.w.org\/{rel}","templated":true}]}}