{"id":310826,"date":"2019-08-09T09:13:25","date_gmt":"2019-08-09T08:13:25","guid":{"rendered":"https:\/\/www.purejewels.com\/?post_type=product&#038;p=310826"},"modified":"2025-05-22T11:20:16","modified_gmt":"2025-05-22T10:20:16","slug":"22-karat-gold-jali-lange-kette-mit-anhanger","status":"publish","type":"product","link":"https:\/\/www.purejewels.com\/de\/product\/22-carat-gold-jali-long-necklace-with-pendant\/","title":{"rendered":"22 Karat Gold Jali Lange Halskette mit Anh\u00e4nger"},"content":{"rendered":"<ul>\n<li>22 Karat Gold Jali Lange Halskette mit Anh\u00e4nger<\/li>\n<li>Leichte Halskette<\/li>\n<li>Passend dazu <a href=\"https:\/\/www.purejewels.com\/de\/product\/22ct-gold-ladies-stud-earring-with-rhodium-finish-46497\/\">Ohrring<\/a> verf\u00fcgbar<\/li>\n<li>Gewicht: 13,5 g<\/li>\n<li>SKU. 30883<\/li>\n<li>Alle Preise inklusive Mehrwertsteuer<\/li>\n<li>Alle unsere Produkte sind vom London Assay Office gestempelt.<\/li>\n<li>Alle Sets kommen mit Pr\u00e4sentationsbox<\/li>\n<li>Lieferung inbegriffen<\/li>\n<li>Live-Chat mit uns f\u00fcr die Verf\u00fcgbarkeit und mehr Bilder von \u00e4hnlichen Designs derzeit auf Lager<\/li>\n<\/ul>\n<p>Ein sch\u00f6ner indischer Klassiker aus unserer Jali-Kollektion: Diese leichte Halskette aus 22 Karat Gold ist stilvoll und vielseitig.<\/p>\n<p>Er ist ein Klassiker aus den Gew\u00f6lben des indischen Schmucks.  Unser charmanter Jali-Anh\u00e4nger ist authentisch und traditionell.<\/p>\n<p>Obwohl unsere Jali-Kollektion vom alten Indien inspiriert ist, wurde sie von einem britischen Team mit Blick auf den modernen Stil entworfen.<\/p>\n<p>Dieser von antiken Tempelschmuckdesigns beeinflusste Anh\u00e4nger ist mit schimmernden Goldkugeln in einem dramatischen Tropfen vollendet.  Das strukturierte Detail weist Elemente von Filigranit\u00e4t auf, mit gitterf\u00f6rmiger Goldarbeit entlang der Kette.  Der Anh\u00e4nger aus gl\u00e4nzendem 22-kar\u00e4tigem Gold hat eine wunderbare S\u00e4ttigung, die von innen zu leuchten scheint.<\/p>\n<p>Beachten Sie, dass dieses Modell l\u00e4nger ist, so dass es sich perfekt mit einem Halsband oder einer Kette kombinieren l\u00e4sst. <a href=\"https:\/\/www.purejewels.com\/de\/product-category\/22ct-gold-jewellery\/gold-mangalsutras\/\">mangalsutra<\/a>; verschiedene Goldfarben f\u00fcr einen wirklich modernen Effekt.<\/p>\n<p>Die PureJewels Jali-Kollektion bietet antikes Filigran in 22-kar\u00e4tigem Gold f\u00fcr alle, die einen traditionellen indischen Look lieben.  W\u00e4hlen Sie die St\u00fccke aus und kombinieren Sie sie, um ein vollst\u00e4ndig koordiniertes Set zu kreieren - wenn Sie Hilfe ben\u00f6tigen, versuchen Sie, uns im Live Chat zu kontaktieren.<\/p>","protected":false},"excerpt":{"rendered":"<ul>\n<li>22 Karat Gold Jali Lange Halskette mit Anh\u00e4nger<\/li>\n<li>Leichte Halskette<\/li>\n<li>Passender Ohrring verf\u00fcgbar<\/li>\n<li>Gewicht: 13,5 g<\/li>\n<li>SKU. 30883<\/li>\n<li>Alle Preise inklusive Mehrwertsteuer<\/li>\n<li>Alle unsere Produkte sind vom London Assay Office gestempelt.<\/li>\n<li>Alle Sets kommen mit Pr\u00e4sentationsbox<\/li>\n<li>Lieferung inbegriffen<\/li>\n<li>Live-Chat mit uns f\u00fcr die Verf\u00fcgbarkeit und mehr Bilder von \u00e4hnlichen Designs derzeit auf Lager<\/li>\n<\/ul>","protected":false},"featured_media":310981,"comment_status":"closed","ping_status":"closed","template":"","meta":{"_eb_attr":"","_crsspst_to_jayantr4sg-hostcom":true},"product_brand":[],"product_cat":[252,1574],"product_tag":[],"class_list":{"0":"post-310826","1":"product","2":"type-product","3":"status-publish","4":"has-post-thumbnail","6":"product_cat-jali-collections","7":"product_cat-womens-jewellery","9":"first","10":"outofstock","11":"taxable","12":"shipping-taxable","13":"product-type-simple","14":"add-to-wishlist-before_image"},"yoast_head":"<!-- This site is optimized with the Yoast SEO plugin v27.3 - https:\/\/yoast.com\/product\/yoast-seo-wordpress\/ -->\n<title>22 Carat Gold Jali Long Necklace with Pendant - PureJewels UK<\/title>\n<meta name=\"robots\" content=\"index, follow, max-snippet:-1, max-image-preview:large, max-video-preview:-1\" \/>\n<link rel=\"canonical\" href=\"https:\/\/www.purejewels.com\/de\/produkt-2\/22-karat-gold-jali-lange-kette-mit-anhanger\/\" \/>\n<meta property=\"og:locale\" content=\"de_DE\" \/>\n<meta property=\"og:type\" content=\"article\" \/>\n<meta property=\"og:title\" content=\"22 Carat Gold Jali Long Necklace with Pendant - PureJewels UK\" \/>\n<meta property=\"og:description\" content=\"22 Carat Gold Jali Long Necklace with pendant  Light weight Necklace  Matching earring available  Wt : 13.5 g  SKU. 30883  All prices include VAT  All our products are hallmarked by London Assay Office  All Sets comes with presentation Box  Delivery Included  Live chat with us for availability and more images of similar designs currently in stock\" \/>\n<meta property=\"og:url\" content=\"https:\/\/www.purejewels.com\/de\/produkt-2\/22-karat-gold-jali-lange-kette-mit-anhanger\/\" \/>\n<meta property=\"og:site_name\" content=\"PureJewels UK\" \/>\n<meta property=\"article:modified_time\" content=\"2025-05-22T10:20:16+00:00\" \/>\n<meta property=\"og:image\" content=\"https:\/\/www.purejewels.com\/wp-content\/uploads\/2019\/08\/30883-1.jpg\" \/>\n\t<meta property=\"og:image:width\" content=\"1000\" \/>\n\t<meta property=\"og:image:height\" content=\"1000\" \/>\n\t<meta property=\"og:image:type\" content=\"image\/jpeg\" \/>\n<meta name=\"twitter:card\" content=\"summary_large_image\" \/>\n<meta name=\"twitter:label1\" content=\"Gesch\u00e4tzte Lesezeit\" \/>\n\t<meta name=\"twitter:data1\" content=\"1\u00a0Minute\" \/>\n<script type=\"application\/ld+json\" class=\"yoast-schema-graph\">{\"@context\":\"https:\\\/\\\/schema.org\",\"@graph\":[{\"@type\":[\"WebPage\",\"ItemPage\"],\"@id\":\"https:\\\/\\\/www.purejewels.com\\\/product\\\/22-carat-gold-jali-long-necklace-with-pendant\\\/\",\"url\":\"https:\\\/\\\/www.purejewels.com\\\/product\\\/22-carat-gold-jali-long-necklace-with-pendant\\\/\",\"name\":\"22 Carat Gold Jali Long Necklace with Pendant - PureJewels UK\",\"isPartOf\":{\"@id\":\"https:\\\/\\\/www.purejewels.com\\\/#website\"},\"primaryImageOfPage\":{\"@id\":\"https:\\\/\\\/www.purejewels.com\\\/product\\\/22-carat-gold-jali-long-necklace-with-pendant\\\/#primaryimage\"},\"image\":{\"@id\":\"https:\\\/\\\/www.purejewels.com\\\/product\\\/22-carat-gold-jali-long-necklace-with-pendant\\\/#primaryimage\"},\"thumbnailUrl\":\"https:\\\/\\\/static.purejewels.com\\\/wp-content\\\/uploads\\\/2019\\\/08\\\/30883-1.jpg\",\"datePublished\":\"2019-08-09T08:13:25+00:00\",\"dateModified\":\"2025-05-22T10:20:16+00:00\",\"breadcrumb\":{\"@id\":\"https:\\\/\\\/www.purejewels.com\\\/product\\\/22-carat-gold-jali-long-necklace-with-pendant\\\/#breadcrumb\"},\"inLanguage\":\"de\",\"potentialAction\":[{\"@type\":\"ReadAction\",\"target\":[\"https:\\\/\\\/www.purejewels.com\\\/product\\\/22-carat-gold-jali-long-necklace-with-pendant\\\/\"]}]},{\"@type\":\"ImageObject\",\"inLanguage\":\"de\",\"@id\":\"https:\\\/\\\/www.purejewels.com\\\/product\\\/22-carat-gold-jali-long-necklace-with-pendant\\\/#primaryimage\",\"url\":\"https:\\\/\\\/static.purejewels.com\\\/wp-content\\\/uploads\\\/2019\\\/08\\\/30883-1.jpg\",\"contentUrl\":\"https:\\\/\\\/static.purejewels.com\\\/wp-content\\\/uploads\\\/2019\\\/08\\\/30883-1.jpg\",\"width\":1000,\"height\":1000,\"caption\":\"30883-1\"},{\"@type\":\"BreadcrumbList\",\"@id\":\"https:\\\/\\\/www.purejewels.com\\\/product\\\/22-carat-gold-jali-long-necklace-with-pendant\\\/#breadcrumb\",\"itemListElement\":[{\"@type\":\"ListItem\",\"position\":1,\"name\":\"Home\",\"item\":\"https:\\\/\\\/www.purejewels.com\\\/\"},{\"@type\":\"ListItem\",\"position\":2,\"name\":\"Shop\",\"item\":\"https:\\\/\\\/www.purejewels.com\\\/shop\\\/\"},{\"@type\":\"ListItem\",\"position\":3,\"name\":\"22 Carat Gold Jali Long Necklace with Pendant\"}]},{\"@type\":\"WebSite\",\"@id\":\"https:\\\/\\\/www.purejewels.com\\\/#website\",\"url\":\"https:\\\/\\\/www.purejewels.com\\\/\",\"name\":\"PureJewels UK\",\"description\":\"Share the Love\",\"publisher\":{\"@id\":\"https:\\\/\\\/www.purejewels.com\\\/#organization\"},\"potentialAction\":[{\"@type\":\"SearchAction\",\"target\":{\"@type\":\"EntryPoint\",\"urlTemplate\":\"https:\\\/\\\/www.purejewels.com\\\/?s={search_term_string}\"},\"query-input\":{\"@type\":\"PropertyValueSpecification\",\"valueRequired\":true,\"valueName\":\"search_term_string\"}}],\"inLanguage\":\"de\"},{\"@type\":\"Organization\",\"@id\":\"https:\\\/\\\/www.purejewels.com\\\/#organization\",\"name\":\"PureJewels UK\",\"url\":\"https:\\\/\\\/www.purejewels.com\\\/\",\"logo\":{\"@type\":\"ImageObject\",\"inLanguage\":\"de\",\"@id\":\"https:\\\/\\\/www.purejewels.com\\\/#\\\/schema\\\/logo\\\/image\\\/\",\"url\":\"https:\\\/\\\/static.purejewels.com\\\/wp-content\\\/uploads\\\/2020\\\/11\\\/Logo-PJ-New-1.png\",\"contentUrl\":\"https:\\\/\\\/static.purejewels.com\\\/wp-content\\\/uploads\\\/2020\\\/11\\\/Logo-PJ-New-1.png\",\"width\":150,\"height\":80,\"caption\":\"PureJewels UK\"},\"image\":{\"@id\":\"https:\\\/\\\/www.purejewels.com\\\/#\\\/schema\\\/logo\\\/image\\\/\"}}]}<\/script>\n<!-- \/ Yoast SEO plugin. -->","yoast_head_json":{"title":"22 Karat Gold Jali lange Halskette mit Anh\u00e4nger - PureJewels UK","robots":{"index":"index","follow":"follow","max-snippet":"max-snippet:-1","max-image-preview":"max-image-preview:large","max-video-preview":"max-video-preview:-1"},"canonical":"https:\/\/www.purejewels.com\/de\/produkt-2\/22-karat-gold-jali-lange-kette-mit-anhanger\/","og_locale":"de_DE","og_type":"article","og_title":"22 Carat Gold Jali Long Necklace with Pendant - PureJewels UK","og_description":"22 Carat Gold Jali Long Necklace with pendant  Light weight Necklace  Matching earring available  Wt : 13.5 g  SKU. 30883  All prices include VAT  All our products are hallmarked by London Assay Office  All Sets comes with presentation Box  Delivery Included  Live chat with us for availability and more images of similar designs currently in stock","og_url":"https:\/\/www.purejewels.com\/de\/produkt-2\/22-karat-gold-jali-lange-kette-mit-anhanger\/","og_site_name":"PureJewels UK","article_modified_time":"2025-05-22T10:20:16+00:00","og_image":[{"width":1000,"height":1000,"url":"https:\/\/www.purejewels.com\/wp-content\/uploads\/2019\/08\/30883-1.jpg","type":"image\/jpeg"}],"twitter_card":"summary_large_image","twitter_misc":{"Gesch\u00e4tzte Lesezeit":"1\u00a0Minute"},"schema":{"@context":"https:\/\/schema.org","@graph":[{"@type":["WebPage","ItemPage"],"@id":"https:\/\/www.purejewels.com\/product\/22-carat-gold-jali-long-necklace-with-pendant\/","url":"https:\/\/www.purejewels.com\/product\/22-carat-gold-jali-long-necklace-with-pendant\/","name":"22 Karat Gold Jali lange Halskette mit Anh\u00e4nger - PureJewels UK","isPartOf":{"@id":"https:\/\/www.purejewels.com\/#website"},"primaryImageOfPage":{"@id":"https:\/\/www.purejewels.com\/product\/22-carat-gold-jali-long-necklace-with-pendant\/#primaryimage"},"image":{"@id":"https:\/\/www.purejewels.com\/product\/22-carat-gold-jali-long-necklace-with-pendant\/#primaryimage"},"thumbnailUrl":"https:\/\/static.purejewels.com\/wp-content\/uploads\/2019\/08\/30883-1.jpg","datePublished":"2019-08-09T08:13:25+00:00","dateModified":"2025-05-22T10:20:16+00:00","breadcrumb":{"@id":"https:\/\/www.purejewels.com\/product\/22-carat-gold-jali-long-necklace-with-pendant\/#breadcrumb"},"inLanguage":"de","potentialAction":[{"@type":"ReadAction","target":["https:\/\/www.purejewels.com\/product\/22-carat-gold-jali-long-necklace-with-pendant\/"]}]},{"@type":"ImageObject","inLanguage":"de","@id":"https:\/\/www.purejewels.com\/product\/22-carat-gold-jali-long-necklace-with-pendant\/#primaryimage","url":"https:\/\/static.purejewels.com\/wp-content\/uploads\/2019\/08\/30883-1.jpg","contentUrl":"https:\/\/static.purejewels.com\/wp-content\/uploads\/2019\/08\/30883-1.jpg","width":1000,"height":1000,"caption":"30883-1"},{"@type":"BreadcrumbList","@id":"https:\/\/www.purejewels.com\/product\/22-carat-gold-jali-long-necklace-with-pendant\/#breadcrumb","itemListElement":[{"@type":"ListItem","position":1,"name":"Home","item":"https:\/\/www.purejewels.com\/"},{"@type":"ListItem","position":2,"name":"Shop","item":"https:\/\/www.purejewels.com\/shop\/"},{"@type":"ListItem","position":3,"name":"22 Carat Gold Jali Long Necklace with Pendant"}]},{"@type":"WebSite","@id":"https:\/\/www.purejewels.com\/#website","url":"https:\/\/www.purejewels.com\/","name":"PureJewels UK","description":"Teile die Liebe","publisher":{"@id":"https:\/\/www.purejewels.com\/#organization"},"potentialAction":[{"@type":"SearchAction","target":{"@type":"EntryPoint","urlTemplate":"https:\/\/www.purejewels.com\/?s={search_term_string}"},"query-input":{"@type":"PropertyValueSpecification","valueRequired":true,"valueName":"search_term_string"}}],"inLanguage":"de"},{"@type":"Organization","@id":"https:\/\/www.purejewels.com\/#organization","name":"PureJewels UK","url":"https:\/\/www.purejewels.com\/","logo":{"@type":"ImageObject","inLanguage":"de","@id":"https:\/\/www.purejewels.com\/#\/schema\/logo\/image\/","url":"https:\/\/static.purejewels.com\/wp-content\/uploads\/2020\/11\/Logo-PJ-New-1.png","contentUrl":"https:\/\/static.purejewels.com\/wp-content\/uploads\/2020\/11\/Logo-PJ-New-1.png","width":150,"height":80,"caption":"PureJewels UK"},"image":{"@id":"https:\/\/www.purejewels.com\/#\/schema\/logo\/image\/"}}]}},"_links":{"self":[{"href":"https:\/\/www.purejewels.com\/de\/wp-json\/wp\/v2\/product\/310826","targetHints":{"allow":["GET"]}}],"collection":[{"href":"https:\/\/www.purejewels.com\/de\/wp-json\/wp\/v2\/product"}],"about":[{"href":"https:\/\/www.purejewels.com\/de\/wp-json\/wp\/v2\/types\/product"}],"replies":[{"embeddable":true,"href":"https:\/\/www.purejewels.com\/de\/wp-json\/wp\/v2\/comments?post=310826"}],"version-history":[{"count":1,"href":"https:\/\/www.purejewels.com\/de\/wp-json\/wp\/v2\/product\/310826\/revisions"}],"predecessor-version":[{"id":385407,"href":"https:\/\/www.purejewels.com\/de\/wp-json\/wp\/v2\/product\/310826\/revisions\/385407"}],"wp:featuredmedia":[{"embeddable":true,"href":"https:\/\/www.purejewels.com\/de\/wp-json\/wp\/v2\/media\/310981"}],"wp:attachment":[{"href":"https:\/\/www.purejewels.com\/de\/wp-json\/wp\/v2\/media?parent=310826"}],"wp:term":[{"taxonomy":"product_brand","embeddable":true,"href":"https:\/\/www.purejewels.com\/de\/wp-json\/wp\/v2\/product_brand?post=310826"},{"taxonomy":"product_cat","embeddable":true,"href":"https:\/\/www.purejewels.com\/de\/wp-json\/wp\/v2\/product_cat?post=310826"},{"taxonomy":"product_tag","embeddable":true,"href":"https:\/\/www.purejewels.com\/de\/wp-json\/wp\/v2\/product_tag?post=310826"}],"curies":[{"name":"wp","href":"https:\/\/api.w.org\/{rel}","templated":true}]}}