{"id":310830,"date":"2019-08-09T09:26:53","date_gmt":"2019-08-09T08:26:53","guid":{"rendered":"https:\/\/www.purejewels.com\/?post_type=product&#038;p=310830"},"modified":"2025-03-21T10:57:58","modified_gmt":"2025-03-21T10:57:58","slug":"22-karat-gold-choker-kette-mit-kugeln","status":"publish","type":"product","link":"https:\/\/www.purejewels.com\/de\/product\/22ct-gold-choker-chain-with-balls\/","title":{"rendered":"22ct Gold Choker Kette mit Perle"},"content":{"rendered":"<p>Wenn Ihr Stil elegant und unaufdringlich ist, haben Sie hier eine beneidenswert schicke Wahl getroffen.  Unser zartes <a href=\"https:\/\/www.purejewels.com\/de\/product\/22ct-gold-jali-filigree-ring-jali-collection-31926\/\">22ct<\/a> <a href=\"https:\/\/www.purejewels.com\/de\/product\/22-carat-gold-choker-necklace-5\/\">Gold-Kropfband<\/a> Kette ist gepunktet mit <a href=\"https:\/\/www.purejewels.com\/de\/product\/22ct-gold-pretty-ladies-bracelet-7-inches-42354\/\">Gold-K\u00fcgelchen<\/a> f\u00fcr ein luxuri\u00f6ses Finish.  Es ist unendlich tragbar - der perfekte Abschluss f\u00fcr fast jedes Outfit.<\/p>\n<p>Die Liebe ist eine Reise voller goldener Momente und ergreifender Tr\u00e4nen.  Wir haben diese romantische Goldkette entworfen, um die Drehungen und Wendungen in einem Leben voller Liebe einzufangen.<\/p>\n<p>Wenn Sie ein St\u00fcck suchen, das Sie jeden Tag tragen k\u00f6nnen, das Klasse und Luxus verk\u00f6rpert, mit einem Hauch von indischem Design... dann werden Sie dieses zarte St\u00fcck lieben. <a href=\"https:\/\/www.purejewels.com\/de\/product-category\/22ct-gold-jewellery\/gold-necklaces\/\">goldene Halskette<\/a>.  Die detaillierten Goldkugeln sind ein Merkmal des klassischen indischen Schmucks, aber wir haben sie sparsamer eingesetzt, um einen eleganten Effekt zu erzielen.  Das Ergebnis ist ein wundersch\u00f6n modernes <a href=\"https:\/\/www.purejewels.com\/de\/product\/22ct-gold-fancy-choker-chain-with-pendant-18-inch-43022\/\">Kropfband<\/a> Goldkette f\u00fcr Frauen, die ihrem Look einen Hauch von indischer Kultur verleihen m\u00f6chten. Sie ist ein wunderbares Geschenk und ein sensationeller Anfang f\u00fcr ein Hochzeitsschmuck-Set.<\/p>\n<p>Haben Sie Lust, etwas Neues auszuprobieren?  Diese goldene Choker-Kette ist die perfekte Grundlage f\u00fcr einen Stapel Ihrer Lieblings-Halsketten.  Variieren Sie die L\u00e4nge und f\u00fcgen Sie nach Lust und Laune ein paar Schmuckst\u00fccke hinzu.  F\u00fcgen Sie verschiedene Goldt\u00f6ne hinzu (wir haben <a href=\"https:\/\/www.purejewels.com\/de\/product-category\/22ct-gold-jewellery\/gold-chains\/\">Ketten<\/a> in Ros\u00e9- und Wei\u00dfgold) f\u00fcr einen Insta-Look, der sich sehen lassen kann.<\/p>","protected":false},"excerpt":{"rendered":"<ul>\n<li>22ct Gold Choker Kette mit Perlen<\/li>\n<li>Wt. 7 gms<\/li>\n<li>SKU. 46918<\/li>\n<li>L\u00e4nge: 18 Zoll<\/li>\n<li>Alle Preise inklusive Mehrwertsteuer<\/li>\n<li>22ct Gold gestempelt von London Assay Office<\/li>\n<li>Alle Sets werden mit Pr\u00e4sentationsbox geliefert<\/li>\n<li>Lieferung inbegriffen<\/li>\n<li>Live-Chat mit uns f\u00fcr die Verf\u00fcgbarkeit und mehr Bilder von \u00e4hnlichen Designs derzeit auf Lager<\/li>\n<\/ul>","protected":false},"featured_media":352581,"comment_status":"closed","ping_status":"closed","template":"","meta":{"_eb_attr":"","_crsspst_to_jayantr4sg-hostcom":true},"product_brand":[],"product_cat":[5025,1617,1698,1773,1574],"product_tag":[],"class_list":{"0":"post-310830","1":"product","2":"type-product","3":"status-publish","4":"has-post-thumbnail","6":"product_cat-18-inch-choker-chain","7":"product_cat-fancy-mala-chains","8":"product_cat-choker-chains","9":"product_cat-ladies-chains","10":"product_cat-womens-jewellery","12":"first","13":"outofstock","14":"taxable","15":"shipping-taxable","16":"product-type-simple","17":"add-to-wishlist-before_image"},"yoast_head":"<!-- This site is optimized with the Yoast SEO plugin v27.3 - https:\/\/yoast.com\/product\/yoast-seo-wordpress\/ -->\n<title>Choker Chain Lond in 22ct Gold | Purejewels.com<\/title>\n<meta name=\"description\" content=\"Gold Choker Chain Online | Buy Certified Jewellery Online in UK | Fast Delivery | Easy Returns | 100% Hallmarked Jewellery\" \/>\n<meta name=\"robots\" content=\"index, follow, max-snippet:-1, max-image-preview:large, max-video-preview:-1\" \/>\n<link rel=\"canonical\" href=\"https:\/\/www.purejewels.com\/de\/produkt-2\/22-karat-gold-choker-kette-mit-kugeln\/\" \/>\n<meta property=\"og:locale\" content=\"de_DE\" \/>\n<meta property=\"og:type\" content=\"article\" \/>\n<meta property=\"og:title\" content=\"Choker Chain Lond in 22ct Gold | Purejewels.com\" \/>\n<meta property=\"og:description\" content=\"Gold Choker Chain Online | Buy Certified Jewellery Online in UK | Fast Delivery | Easy Returns | 100% Hallmarked Jewellery\" \/>\n<meta property=\"og:url\" content=\"https:\/\/www.purejewels.com\/de\/produkt-2\/22-karat-gold-choker-kette-mit-kugeln\/\" \/>\n<meta property=\"og:site_name\" content=\"PureJewels UK\" \/>\n<meta property=\"article:modified_time\" content=\"2025-03-21T10:57:58+00:00\" \/>\n<meta property=\"og:image\" content=\"https:\/\/www.purejewels.com\/wp-content\/uploads\/2019\/08\/1664614440_42343-1.jpg\" \/>\n\t<meta property=\"og:image:width\" content=\"1\" \/>\n\t<meta property=\"og:image:height\" content=\"1\" \/>\n\t<meta property=\"og:image:type\" content=\"image\/jpeg\" \/>\n<meta name=\"twitter:card\" content=\"summary_large_image\" \/>\n<meta name=\"twitter:label1\" content=\"Gesch\u00e4tzte Lesezeit\" \/>\n\t<meta name=\"twitter:data1\" content=\"1\u00a0Minute\" \/>\n<script type=\"application\/ld+json\" class=\"yoast-schema-graph\">{\"@context\":\"https:\\\/\\\/schema.org\",\"@graph\":[{\"@type\":[\"WebPage\",\"ItemPage\"],\"@id\":\"https:\\\/\\\/www.purejewels.com\\\/product\\\/22ct-gold-choker-chain-with-balls\\\/\",\"url\":\"https:\\\/\\\/www.purejewels.com\\\/product\\\/22ct-gold-choker-chain-with-balls\\\/\",\"name\":\"Choker Chain Lond in 22ct Gold | Purejewels.com\",\"isPartOf\":{\"@id\":\"https:\\\/\\\/www.purejewels.com\\\/#website\"},\"primaryImageOfPage\":{\"@id\":\"https:\\\/\\\/www.purejewels.com\\\/product\\\/22ct-gold-choker-chain-with-balls\\\/#primaryimage\"},\"image\":{\"@id\":\"https:\\\/\\\/www.purejewels.com\\\/product\\\/22ct-gold-choker-chain-with-balls\\\/#primaryimage\"},\"thumbnailUrl\":\"https:\\\/\\\/static.purejewels.com\\\/wp-content\\\/uploads\\\/2019\\\/08\\\/1664614440_42343-1.jpg\",\"datePublished\":\"2019-08-09T08:26:53+00:00\",\"dateModified\":\"2025-03-21T10:57:58+00:00\",\"description\":\"Gold Choker Chain Online | Buy Certified Jewellery Online in UK | Fast Delivery | Easy Returns | 100% Hallmarked Jewellery\",\"breadcrumb\":{\"@id\":\"https:\\\/\\\/www.purejewels.com\\\/product\\\/22ct-gold-choker-chain-with-balls\\\/#breadcrumb\"},\"inLanguage\":\"de\",\"potentialAction\":[{\"@type\":\"ReadAction\",\"target\":[\"https:\\\/\\\/www.purejewels.com\\\/product\\\/22ct-gold-choker-chain-with-balls\\\/\"]}]},{\"@type\":\"ImageObject\",\"inLanguage\":\"de\",\"@id\":\"https:\\\/\\\/www.purejewels.com\\\/product\\\/22ct-gold-choker-chain-with-balls\\\/#primaryimage\",\"url\":\"https:\\\/\\\/static.purejewels.com\\\/wp-content\\\/uploads\\\/2019\\\/08\\\/1664614440_42343-1.jpg\",\"contentUrl\":\"https:\\\/\\\/static.purejewels.com\\\/wp-content\\\/uploads\\\/2019\\\/08\\\/1664614440_42343-1.jpg\",\"caption\":\"Bead chain\"},{\"@type\":\"BreadcrumbList\",\"@id\":\"https:\\\/\\\/www.purejewels.com\\\/product\\\/22ct-gold-choker-chain-with-balls\\\/#breadcrumb\",\"itemListElement\":[{\"@type\":\"ListItem\",\"position\":1,\"name\":\"Home\",\"item\":\"https:\\\/\\\/www.purejewels.com\\\/\"},{\"@type\":\"ListItem\",\"position\":2,\"name\":\"Shop\",\"item\":\"https:\\\/\\\/www.purejewels.com\\\/shop\\\/\"},{\"@type\":\"ListItem\",\"position\":3,\"name\":\"22ct Gold Choker Chain with Bead\"}]},{\"@type\":\"WebSite\",\"@id\":\"https:\\\/\\\/www.purejewels.com\\\/#website\",\"url\":\"https:\\\/\\\/www.purejewels.com\\\/\",\"name\":\"PureJewels UK\",\"description\":\"Share the Love\",\"publisher\":{\"@id\":\"https:\\\/\\\/www.purejewels.com\\\/#organization\"},\"potentialAction\":[{\"@type\":\"SearchAction\",\"target\":{\"@type\":\"EntryPoint\",\"urlTemplate\":\"https:\\\/\\\/www.purejewels.com\\\/?s={search_term_string}\"},\"query-input\":{\"@type\":\"PropertyValueSpecification\",\"valueRequired\":true,\"valueName\":\"search_term_string\"}}],\"inLanguage\":\"de\"},{\"@type\":\"Organization\",\"@id\":\"https:\\\/\\\/www.purejewels.com\\\/#organization\",\"name\":\"PureJewels UK\",\"url\":\"https:\\\/\\\/www.purejewels.com\\\/\",\"logo\":{\"@type\":\"ImageObject\",\"inLanguage\":\"de\",\"@id\":\"https:\\\/\\\/www.purejewels.com\\\/#\\\/schema\\\/logo\\\/image\\\/\",\"url\":\"https:\\\/\\\/static.purejewels.com\\\/wp-content\\\/uploads\\\/2020\\\/11\\\/Logo-PJ-New-1.png\",\"contentUrl\":\"https:\\\/\\\/static.purejewels.com\\\/wp-content\\\/uploads\\\/2020\\\/11\\\/Logo-PJ-New-1.png\",\"width\":150,\"height\":80,\"caption\":\"PureJewels UK\"},\"image\":{\"@id\":\"https:\\\/\\\/www.purejewels.com\\\/#\\\/schema\\\/logo\\\/image\\\/\"}}]}<\/script>\n<!-- \/ Yoast SEO plugin. -->","yoast_head_json":{"title":"Choker Kette Lond in 22ct Gold | Purejewels.com","description":"Gold Choker Chain Online | Buy Certified Jewellery Online in UK | Fast Delivery | Easy Returns | 100% Hallmarked Jewellery","robots":{"index":"index","follow":"follow","max-snippet":"max-snippet:-1","max-image-preview":"max-image-preview:large","max-video-preview":"max-video-preview:-1"},"canonical":"https:\/\/www.purejewels.com\/de\/produkt-2\/22-karat-gold-choker-kette-mit-kugeln\/","og_locale":"de_DE","og_type":"article","og_title":"Choker Chain Lond in 22ct Gold | Purejewels.com","og_description":"Gold Choker Chain Online | Buy Certified Jewellery Online in UK | Fast Delivery | Easy Returns | 100% Hallmarked Jewellery","og_url":"https:\/\/www.purejewels.com\/de\/produkt-2\/22-karat-gold-choker-kette-mit-kugeln\/","og_site_name":"PureJewels UK","article_modified_time":"2025-03-21T10:57:58+00:00","og_image":[{"url":"https:\/\/www.purejewels.com\/wp-content\/uploads\/2019\/08\/1664614440_42343-1.jpg","width":1,"height":1,"type":"image\/jpeg"}],"twitter_card":"summary_large_image","twitter_misc":{"Gesch\u00e4tzte Lesezeit":"1\u00a0Minute"},"schema":{"@context":"https:\/\/schema.org","@graph":[{"@type":["WebPage","ItemPage"],"@id":"https:\/\/www.purejewels.com\/product\/22ct-gold-choker-chain-with-balls\/","url":"https:\/\/www.purejewels.com\/product\/22ct-gold-choker-chain-with-balls\/","name":"Choker Kette Lond in 22ct Gold | Purejewels.com","isPartOf":{"@id":"https:\/\/www.purejewels.com\/#website"},"primaryImageOfPage":{"@id":"https:\/\/www.purejewels.com\/product\/22ct-gold-choker-chain-with-balls\/#primaryimage"},"image":{"@id":"https:\/\/www.purejewels.com\/product\/22ct-gold-choker-chain-with-balls\/#primaryimage"},"thumbnailUrl":"https:\/\/static.purejewels.com\/wp-content\/uploads\/2019\/08\/1664614440_42343-1.jpg","datePublished":"2019-08-09T08:26:53+00:00","dateModified":"2025-03-21T10:57:58+00:00","description":"Gold Choker Chain Online | Buy Certified Jewellery Online in UK | Fast Delivery | Easy Returns | 100% Hallmarked Jewellery","breadcrumb":{"@id":"https:\/\/www.purejewels.com\/product\/22ct-gold-choker-chain-with-balls\/#breadcrumb"},"inLanguage":"de","potentialAction":[{"@type":"ReadAction","target":["https:\/\/www.purejewels.com\/product\/22ct-gold-choker-chain-with-balls\/"]}]},{"@type":"ImageObject","inLanguage":"de","@id":"https:\/\/www.purejewels.com\/product\/22ct-gold-choker-chain-with-balls\/#primaryimage","url":"https:\/\/static.purejewels.com\/wp-content\/uploads\/2019\/08\/1664614440_42343-1.jpg","contentUrl":"https:\/\/static.purejewels.com\/wp-content\/uploads\/2019\/08\/1664614440_42343-1.jpg","caption":"Bead chain"},{"@type":"BreadcrumbList","@id":"https:\/\/www.purejewels.com\/product\/22ct-gold-choker-chain-with-balls\/#breadcrumb","itemListElement":[{"@type":"ListItem","position":1,"name":"Home","item":"https:\/\/www.purejewels.com\/"},{"@type":"ListItem","position":2,"name":"Shop","item":"https:\/\/www.purejewels.com\/shop\/"},{"@type":"ListItem","position":3,"name":"22ct Gold Choker Chain with Bead"}]},{"@type":"WebSite","@id":"https:\/\/www.purejewels.com\/#website","url":"https:\/\/www.purejewels.com\/","name":"PureJewels UK","description":"Teile die Liebe","publisher":{"@id":"https:\/\/www.purejewels.com\/#organization"},"potentialAction":[{"@type":"SearchAction","target":{"@type":"EntryPoint","urlTemplate":"https:\/\/www.purejewels.com\/?s={search_term_string}"},"query-input":{"@type":"PropertyValueSpecification","valueRequired":true,"valueName":"search_term_string"}}],"inLanguage":"de"},{"@type":"Organization","@id":"https:\/\/www.purejewels.com\/#organization","name":"PureJewels UK","url":"https:\/\/www.purejewels.com\/","logo":{"@type":"ImageObject","inLanguage":"de","@id":"https:\/\/www.purejewels.com\/#\/schema\/logo\/image\/","url":"https:\/\/static.purejewels.com\/wp-content\/uploads\/2020\/11\/Logo-PJ-New-1.png","contentUrl":"https:\/\/static.purejewels.com\/wp-content\/uploads\/2020\/11\/Logo-PJ-New-1.png","width":150,"height":80,"caption":"PureJewels UK"},"image":{"@id":"https:\/\/www.purejewels.com\/#\/schema\/logo\/image\/"}}]}},"_links":{"self":[{"href":"https:\/\/www.purejewels.com\/de\/wp-json\/wp\/v2\/product\/310830","targetHints":{"allow":["GET"]}}],"collection":[{"href":"https:\/\/www.purejewels.com\/de\/wp-json\/wp\/v2\/product"}],"about":[{"href":"https:\/\/www.purejewels.com\/de\/wp-json\/wp\/v2\/types\/product"}],"replies":[{"embeddable":true,"href":"https:\/\/www.purejewels.com\/de\/wp-json\/wp\/v2\/comments?post=310830"}],"version-history":[{"count":1,"href":"https:\/\/www.purejewels.com\/de\/wp-json\/wp\/v2\/product\/310830\/revisions"}],"predecessor-version":[{"id":389613,"href":"https:\/\/www.purejewels.com\/de\/wp-json\/wp\/v2\/product\/310830\/revisions\/389613"}],"wp:featuredmedia":[{"embeddable":true,"href":"https:\/\/www.purejewels.com\/de\/wp-json\/wp\/v2\/media\/352581"}],"wp:attachment":[{"href":"https:\/\/www.purejewels.com\/de\/wp-json\/wp\/v2\/media?parent=310830"}],"wp:term":[{"taxonomy":"product_brand","embeddable":true,"href":"https:\/\/www.purejewels.com\/de\/wp-json\/wp\/v2\/product_brand?post=310830"},{"taxonomy":"product_cat","embeddable":true,"href":"https:\/\/www.purejewels.com\/de\/wp-json\/wp\/v2\/product_cat?post=310830"},{"taxonomy":"product_tag","embeddable":true,"href":"https:\/\/www.purejewels.com\/de\/wp-json\/wp\/v2\/product_tag?post=310830"}],"curies":[{"name":"wp","href":"https:\/\/api.w.org\/{rel}","templated":true}]}}