{"id":310842,"date":"2019-08-09T10:27:32","date_gmt":"2019-08-09T09:27:32","guid":{"rendered":"https:\/\/www.purejewels.com\/?post_type=product&#038;p=310842"},"modified":"2026-01-06T06:58:46","modified_gmt":"2026-01-06T06:58:46","slug":"filigraner-ohrring-aus-22-karat-gold-33990","status":"publish","type":"product","link":"https:\/\/www.purejewels.com\/de\/product\/22-carat-gold-filigree-earring\/","title":{"rendered":"22 Karat Gold Filigran Asiatische Brautohrringe"},"content":{"rendered":"<p>Diese exquisiten Brautohrringe aus 22 Karat Goldfiligran sind eine Hommage an asiatische Handwerkskunst und kulturellen Reichtum \u2013 eine k\u00f6nigliche Erg\u00e4nzung f\u00fcr jedes Brautensemble.<\/p>\n<p>Das Design wurde in aufwendiger Handarbeit nach der alten Kunst der Filigranarbeit gefertigt und zeichnet sich durch filigrane Blumen- und Paisley-Motive aus, die aus feinen, gedrehten Goldf\u00e4den bestehen. Die gewellten Details und die symmetrische Form zeugen von der meisterhaften Goldschmiedekunst vieler Generationen.<\/p>\n<p>Darunter h\u00e4ngen goldene Perlenb\u00fcschel und durchbrochene Tropfen, die sich bei jeder Bewegung wiegen \u2013 ein Symbol f\u00fcr Anmut und Feierlichkeit. Das Licht tanzt durch jede Kurve und verleiht diesen Ohrringen einen kunstvollen und zugleich \u00e4therischen Charakter. Ihre beachtliche Gr\u00f6\u00dfe sorgt f\u00fcr einen selbstbewussten Auftritt, doch dank ihres offenen Gitterdesigns sind sie \u00fcberraschend leicht zu tragen.<\/p>","protected":false},"excerpt":{"rendered":"<p>Feiern Sie die Eleganz der Braut mit diesen handgefertigten Ohrringen aus 22 Karat Gold, die sich durch traditionelle Filigranarbeit und anmutige Anh\u00e4ngerelemente auszeichnen \u2013 entworfen f\u00fcr zeitlose Sch\u00f6nheit.<\/p>\n<ul>\n<li>22 Karat Gold Filigran Asiatischer Braut-Ohrring UK<\/li>\n<li>In feiner Handarbeit gefertigte Filigranarbeit<\/li>\n<li>Gewicht : 8.4 g<\/li>\n<li>SKU. 30832<\/li>\n<li>Alle Preise inklusive Mehrwertsteuer<\/li>\n<li>Alle unsere Produkte sind vom London Assay Office gestempelt.<\/li>\n<li>Alle Sets kommen mit Pr\u00e4sentationsbox<\/li>\n<li>Lieferung inbegriffen<\/li>\n<li>Chatten Sie mit uns, um die Live-Bilder aller 22ct gold Bridal Kollektion in unserem Upton Park Store zu sehen.<\/li>\n<\/ul>","protected":false},"featured_media":310843,"comment_status":"closed","ping_status":"closed","template":"","meta":{"_eb_attr":"","_crsspst_to_jayantr4sg-hostcom":true},"product_brand":[],"product_cat":[1685,1254,252,1574],"product_tag":[4122],"class_list":{"0":"post-310842","1":"product","2":"type-product","3":"status-publish","4":"has-post-thumbnail","6":"product_cat-drop-earrings","7":"product_cat-gold-earrings","8":"product_cat-jali-collections","9":"product_cat-womens-jewellery","10":"product_tag-earrings-for-sale","12":"first","13":"outofstock","14":"sale","15":"taxable","16":"shipping-taxable","17":"product-type-simple","18":"add-to-wishlist-before_image"},"yoast_head":"<!-- This site is optimized with the Yoast SEO plugin v27.4 - https:\/\/yoast.com\/product\/yoast-seo-wordpress\/ -->\n<title>22ct Gold Filigree Bridal Earrings | Heritage Design by PureJewels<\/title>\n<meta name=\"description\" content=\"Intricately handcrafted in 22ct gold, these filigree bridal earrings blend traditional Asian design with heirloom artistry. A radiant choice for your special day.\" \/>\n<meta name=\"robots\" content=\"index, follow, max-snippet:-1, max-image-preview:large, max-video-preview:-1\" \/>\n<link rel=\"canonical\" href=\"https:\/\/www.purejewels.com\/de\/produkt-2\/filigraner-ohrring-aus-22-karat-gold-33990\/\" \/>\n<meta property=\"og:locale\" content=\"de_DE\" \/>\n<meta property=\"og:type\" content=\"article\" \/>\n<meta property=\"og:title\" content=\"22ct Gold Filigree Bridal Earrings | Heritage Design by PureJewels\" \/>\n<meta property=\"og:description\" content=\"Intricately handcrafted in 22ct gold, these filigree bridal earrings blend traditional Asian design with heirloom artistry. A radiant choice for your special day.\" \/>\n<meta property=\"og:url\" content=\"https:\/\/www.purejewels.com\/de\/produkt-2\/filigraner-ohrring-aus-22-karat-gold-33990\/\" \/>\n<meta property=\"og:site_name\" content=\"PureJewels UK\" \/>\n<meta property=\"article:modified_time\" content=\"2026-01-06T06:58:46+00:00\" \/>\n<meta property=\"og:image\" content=\"https:\/\/static.purejewels.com\/wp-content\/uploads\/2019\/08\/30832.jpg\" \/>\n\t<meta property=\"og:image:width\" content=\"1000\" \/>\n\t<meta property=\"og:image:height\" content=\"1000\" \/>\n\t<meta property=\"og:image:type\" content=\"image\/jpeg\" \/>\n<meta name=\"twitter:card\" content=\"summary_large_image\" \/>\n<meta name=\"twitter:label1\" content=\"Gesch\u00e4tzte Lesezeit\" \/>\n\t<meta name=\"twitter:data1\" content=\"1\u00a0Minute\" \/>\n<script type=\"application\/ld+json\" class=\"yoast-schema-graph\">{\"@context\":\"https:\\\/\\\/schema.org\",\"@graph\":[{\"@type\":[\"WebPage\",\"ItemPage\"],\"@id\":\"https:\\\/\\\/www.purejewels.com\\\/product\\\/22-carat-gold-filigree-earring\\\/\",\"url\":\"https:\\\/\\\/www.purejewels.com\\\/product\\\/22-carat-gold-filigree-earring\\\/\",\"name\":\"22ct Gold Filigree Bridal Earrings | Heritage Design by PureJewels\",\"isPartOf\":{\"@id\":\"https:\\\/\\\/www.purejewels.com\\\/#website\"},\"primaryImageOfPage\":{\"@id\":\"https:\\\/\\\/www.purejewels.com\\\/product\\\/22-carat-gold-filigree-earring\\\/#primaryimage\"},\"image\":{\"@id\":\"https:\\\/\\\/www.purejewels.com\\\/product\\\/22-carat-gold-filigree-earring\\\/#primaryimage\"},\"thumbnailUrl\":\"https:\\\/\\\/static.purejewels.com\\\/wp-content\\\/uploads\\\/2019\\\/08\\\/30832.jpg\",\"datePublished\":\"2019-08-09T09:27:32+00:00\",\"dateModified\":\"2026-01-06T06:58:46+00:00\",\"description\":\"Intricately handcrafted in 22ct gold, these filigree bridal earrings blend traditional Asian design with heirloom artistry. A radiant choice for your special day.\",\"breadcrumb\":{\"@id\":\"https:\\\/\\\/www.purejewels.com\\\/product\\\/22-carat-gold-filigree-earring\\\/#breadcrumb\"},\"inLanguage\":\"de\",\"potentialAction\":[{\"@type\":\"ReadAction\",\"target\":[\"https:\\\/\\\/www.purejewels.com\\\/product\\\/22-carat-gold-filigree-earring\\\/\"]}]},{\"@type\":\"ImageObject\",\"inLanguage\":\"de\",\"@id\":\"https:\\\/\\\/www.purejewels.com\\\/product\\\/22-carat-gold-filigree-earring\\\/#primaryimage\",\"url\":\"https:\\\/\\\/static.purejewels.com\\\/wp-content\\\/uploads\\\/2019\\\/08\\\/30832.jpg\",\"contentUrl\":\"https:\\\/\\\/static.purejewels.com\\\/wp-content\\\/uploads\\\/2019\\\/08\\\/30832.jpg\",\"width\":1000,\"height\":1000,\"caption\":\"30832\"},{\"@type\":\"BreadcrumbList\",\"@id\":\"https:\\\/\\\/www.purejewels.com\\\/product\\\/22-carat-gold-filigree-earring\\\/#breadcrumb\",\"itemListElement\":[{\"@type\":\"ListItem\",\"position\":1,\"name\":\"Home\",\"item\":\"https:\\\/\\\/www.purejewels.com\\\/\"},{\"@type\":\"ListItem\",\"position\":2,\"name\":\"Shop\",\"item\":\"https:\\\/\\\/www.purejewels.com\\\/shop\\\/\"},{\"@type\":\"ListItem\",\"position\":3,\"name\":\"22ct Gold Filigree Asian Bridal Earrings\"}]},{\"@type\":\"WebSite\",\"@id\":\"https:\\\/\\\/www.purejewels.com\\\/#website\",\"url\":\"https:\\\/\\\/www.purejewels.com\\\/\",\"name\":\"PureJewels UK\",\"description\":\"Share the Love\",\"publisher\":{\"@id\":\"https:\\\/\\\/www.purejewels.com\\\/#organization\"},\"potentialAction\":[{\"@type\":\"SearchAction\",\"target\":{\"@type\":\"EntryPoint\",\"urlTemplate\":\"https:\\\/\\\/www.purejewels.com\\\/?s={search_term_string}\"},\"query-input\":{\"@type\":\"PropertyValueSpecification\",\"valueRequired\":true,\"valueName\":\"search_term_string\"}}],\"inLanguage\":\"de\"},{\"@type\":\"Organization\",\"@id\":\"https:\\\/\\\/www.purejewels.com\\\/#organization\",\"name\":\"PureJewels UK\",\"url\":\"https:\\\/\\\/www.purejewels.com\\\/\",\"logo\":{\"@type\":\"ImageObject\",\"inLanguage\":\"de\",\"@id\":\"https:\\\/\\\/www.purejewels.com\\\/#\\\/schema\\\/logo\\\/image\\\/\",\"url\":\"https:\\\/\\\/static.purejewels.com\\\/wp-content\\\/uploads\\\/2020\\\/11\\\/Logo-PJ-New-1.png\",\"contentUrl\":\"https:\\\/\\\/static.purejewels.com\\\/wp-content\\\/uploads\\\/2020\\\/11\\\/Logo-PJ-New-1.png\",\"width\":150,\"height\":80,\"caption\":\"PureJewels UK\"},\"image\":{\"@id\":\"https:\\\/\\\/www.purejewels.com\\\/#\\\/schema\\\/logo\\\/image\\\/\"}}]}<\/script>\n<!-- \/ Yoast SEO plugin. -->","yoast_head_json":{"title":"22 Karat Gold Filigran-Brautohrringe | Heritage Design von PureJewels","description":"Diese filigranen Brautohrringe sind aufwendig aus 22 Karat Gold handgefertigt und verbinden traditionelles asiatisches Design mit kunstvoller Handwerkskunst. Eine strahlende Wahl f\u00fcr Ihren besonderen Tag.","robots":{"index":"index","follow":"follow","max-snippet":"max-snippet:-1","max-image-preview":"max-image-preview:large","max-video-preview":"max-video-preview:-1"},"canonical":"https:\/\/www.purejewels.com\/de\/produkt-2\/filigraner-ohrring-aus-22-karat-gold-33990\/","og_locale":"de_DE","og_type":"article","og_title":"22ct Gold Filigree Bridal Earrings | Heritage Design by PureJewels","og_description":"Intricately handcrafted in 22ct gold, these filigree bridal earrings blend traditional Asian design with heirloom artistry. A radiant choice for your special day.","og_url":"https:\/\/www.purejewels.com\/de\/produkt-2\/filigraner-ohrring-aus-22-karat-gold-33990\/","og_site_name":"PureJewels UK","article_modified_time":"2026-01-06T06:58:46+00:00","og_image":[{"width":1000,"height":1000,"url":"https:\/\/static.purejewels.com\/wp-content\/uploads\/2019\/08\/30832.jpg","type":"image\/jpeg"}],"twitter_card":"summary_large_image","twitter_misc":{"Gesch\u00e4tzte Lesezeit":"1\u00a0Minute"},"schema":{"@context":"https:\/\/schema.org","@graph":[{"@type":["WebPage","ItemPage"],"@id":"https:\/\/www.purejewels.com\/product\/22-carat-gold-filigree-earring\/","url":"https:\/\/www.purejewels.com\/product\/22-carat-gold-filigree-earring\/","name":"22 Karat Gold Filigran-Brautohrringe | Heritage Design von PureJewels","isPartOf":{"@id":"https:\/\/www.purejewels.com\/#website"},"primaryImageOfPage":{"@id":"https:\/\/www.purejewels.com\/product\/22-carat-gold-filigree-earring\/#primaryimage"},"image":{"@id":"https:\/\/www.purejewels.com\/product\/22-carat-gold-filigree-earring\/#primaryimage"},"thumbnailUrl":"https:\/\/static.purejewels.com\/wp-content\/uploads\/2019\/08\/30832.jpg","datePublished":"2019-08-09T09:27:32+00:00","dateModified":"2026-01-06T06:58:46+00:00","description":"Diese filigranen Brautohrringe sind aufwendig aus 22 Karat Gold handgefertigt und verbinden traditionelles asiatisches Design mit kunstvoller Handwerkskunst. Eine strahlende Wahl f\u00fcr Ihren besonderen Tag.","breadcrumb":{"@id":"https:\/\/www.purejewels.com\/product\/22-carat-gold-filigree-earring\/#breadcrumb"},"inLanguage":"de","potentialAction":[{"@type":"ReadAction","target":["https:\/\/www.purejewels.com\/product\/22-carat-gold-filigree-earring\/"]}]},{"@type":"ImageObject","inLanguage":"de","@id":"https:\/\/www.purejewels.com\/product\/22-carat-gold-filigree-earring\/#primaryimage","url":"https:\/\/static.purejewels.com\/wp-content\/uploads\/2019\/08\/30832.jpg","contentUrl":"https:\/\/static.purejewels.com\/wp-content\/uploads\/2019\/08\/30832.jpg","width":1000,"height":1000,"caption":"30832"},{"@type":"BreadcrumbList","@id":"https:\/\/www.purejewels.com\/product\/22-carat-gold-filigree-earring\/#breadcrumb","itemListElement":[{"@type":"ListItem","position":1,"name":"Home","item":"https:\/\/www.purejewels.com\/"},{"@type":"ListItem","position":2,"name":"Shop","item":"https:\/\/www.purejewels.com\/shop\/"},{"@type":"ListItem","position":3,"name":"22ct Gold Filigree Asian Bridal Earrings"}]},{"@type":"WebSite","@id":"https:\/\/www.purejewels.com\/#website","url":"https:\/\/www.purejewels.com\/","name":"PureJewels UK","description":"Teile die Liebe","publisher":{"@id":"https:\/\/www.purejewels.com\/#organization"},"potentialAction":[{"@type":"SearchAction","target":{"@type":"EntryPoint","urlTemplate":"https:\/\/www.purejewels.com\/?s={search_term_string}"},"query-input":{"@type":"PropertyValueSpecification","valueRequired":true,"valueName":"search_term_string"}}],"inLanguage":"de"},{"@type":"Organization","@id":"https:\/\/www.purejewels.com\/#organization","name":"PureJewels UK","url":"https:\/\/www.purejewels.com\/","logo":{"@type":"ImageObject","inLanguage":"de","@id":"https:\/\/www.purejewels.com\/#\/schema\/logo\/image\/","url":"https:\/\/static.purejewels.com\/wp-content\/uploads\/2020\/11\/Logo-PJ-New-1.png","contentUrl":"https:\/\/static.purejewels.com\/wp-content\/uploads\/2020\/11\/Logo-PJ-New-1.png","width":150,"height":80,"caption":"PureJewels UK"},"image":{"@id":"https:\/\/www.purejewels.com\/#\/schema\/logo\/image\/"}}]}},"_links":{"self":[{"href":"https:\/\/www.purejewels.com\/de\/wp-json\/wp\/v2\/product\/310842","targetHints":{"allow":["GET"]}}],"collection":[{"href":"https:\/\/www.purejewels.com\/de\/wp-json\/wp\/v2\/product"}],"about":[{"href":"https:\/\/www.purejewels.com\/de\/wp-json\/wp\/v2\/types\/product"}],"replies":[{"embeddable":true,"href":"https:\/\/www.purejewels.com\/de\/wp-json\/wp\/v2\/comments?post=310842"}],"version-history":[{"count":3,"href":"https:\/\/www.purejewels.com\/de\/wp-json\/wp\/v2\/product\/310842\/revisions"}],"predecessor-version":[{"id":423287,"href":"https:\/\/www.purejewels.com\/de\/wp-json\/wp\/v2\/product\/310842\/revisions\/423287"}],"wp:featuredmedia":[{"embeddable":true,"href":"https:\/\/www.purejewels.com\/de\/wp-json\/wp\/v2\/media\/310843"}],"wp:attachment":[{"href":"https:\/\/www.purejewels.com\/de\/wp-json\/wp\/v2\/media?parent=310842"}],"wp:term":[{"taxonomy":"product_brand","embeddable":true,"href":"https:\/\/www.purejewels.com\/de\/wp-json\/wp\/v2\/product_brand?post=310842"},{"taxonomy":"product_cat","embeddable":true,"href":"https:\/\/www.purejewels.com\/de\/wp-json\/wp\/v2\/product_cat?post=310842"},{"taxonomy":"product_tag","embeddable":true,"href":"https:\/\/www.purejewels.com\/de\/wp-json\/wp\/v2\/product_tag?post=310842"}],"curies":[{"name":"wp","href":"https:\/\/api.w.org\/{rel}","templated":true}]}}