{"id":311041,"date":"2019-09-02T16:34:06","date_gmt":"2019-09-02T15:34:06","guid":{"rendered":"https:\/\/www.purejewels.com\/?post_type=product&#038;p=311041"},"modified":"2025-09-16T12:44:07","modified_gmt":"2025-09-16T11:44:07","slug":"22kt-gold-box-kette-in-16-zoll-2","status":"publish","type":"product","link":"https:\/\/www.purejewels.com\/de\/product\/22kt-gold-box-chain-in-16-inches-2\/","title":{"rendered":"22kt Gold Box Kette in 16 Zoll"},"content":{"rendered":"<p data-start=\"260\" data-end=\"535\">Die <strong data-start=\"264\" data-end=\"287\"><a href=\"https:\/\/www.purejewels.com\/de\/product-category\/22ct-gold-jewellery\/\">22kt Gold<\/a> <a href=\"https:\/\/www.purejewels.com\/de\/product\/22ct-gold-box-chain-2\/\">Box-Kette<\/a><\/strong> ist ein zeitloses, unverzichtbares Accessoire, das mit Pr\u00e4zision gefertigt wurde und sowohl St\u00e4rke als auch Eleganz bietet. Die quadratisch geformten Glieder bilden eine schlanke, geometrische Silhouette, die das Licht wundersch\u00f6n reflektiert und der Kette bei jeder Bewegung ein subtiles, aber strahlendes Funkeln verleiht.<\/p>\n<p data-start=\"537\" data-end=\"802\">Entworfen in einem klassischen <strong data-start=\"559\" data-end=\"577\">16-Zoll-L\u00e4nge<\/strong>Diese Kette liegt anmutig am Dekollet\u00e9 an und ist vielseitig im Alltag tragbar. Sie ist perfekt, wenn sie allein getragen wird, und l\u00e4sst sich auch nahtlos mit Anh\u00e4ngern kombinieren, sodass Sie Ihren Look individuell gestalten k\u00f6nnen.<\/p>\n<p data-start=\"804\" data-end=\"1063\">Handgefertigt in <strong data-start=\"819\" data-end=\"844\">hochreines 22-kar\u00e4tiges Gold<\/strong>Dieses Schmuckst\u00fcck verk\u00f6rpert Langlebigkeit, Raffinesse und Tradition und ist zur Gew\u00e4hrleistung der Echtheit gepunzt. Die Schachtelkette ist ein fester Bestandteil der Schmuckschatulle und wird f\u00fcr ihren best\u00e4ndigen Stil und ihre F\u00e4higkeit, jeden Anlass zu erg\u00e4nzen, gefeiert.<\/p>","protected":false},"excerpt":{"rendered":"<ul>\n<li>22kt Gold Box Kette in 16 Zoll<\/li>\n<li>Gewicht: 2,4 g<\/li>\n<li>SKU . 25130<\/li>\n<li>Alle Preise inklusive Mehrwertsteuer<\/li>\n<li>22ct Gold gestempelt von London Assay Office<\/li>\n<li>Mit Pr\u00e4sentationsbox<\/li>\n<li>Lieferung inbegriffen<\/li>\n<li>Live-Chat mit uns f\u00fcr die Verf\u00fcgbarkeit und mehr Bilder von \u00e4hnlichen Designs derzeit auf Lager<\/li>\n<\/ul>","protected":false},"featured_media":306874,"comment_status":"closed","ping_status":"closed","template":"","meta":{"_eb_attr":"","_crsspst_to_jayantr4sg-hostcom":false},"product_brand":[],"product_cat":[1772,1773],"product_tag":[],"class_list":{"0":"post-311041","1":"product","2":"type-product","3":"status-publish","4":"has-post-thumbnail","6":"product_cat-kids-chains","7":"product_cat-ladies-chains","9":"first","10":"outofstock","11":"featured","12":"taxable","13":"shipping-taxable","14":"product-type-simple","15":"add-to-wishlist-before_image"},"yoast_head":"<!-- This site is optimized with the Yoast SEO plugin v27.3 - https:\/\/yoast.com\/product\/yoast-seo-wordpress\/ -->\n<title>22kt Gold Box Chain in 16 inches - \u00a3144.00 (SKU:25130).<\/title>\n<meta name=\"description\" content=\"Purejewels - Specialists in Diamond, Platinum, 22ct 22kt gold - 22kt Gold Box Chain in 16 inches \u00a3144.00 (SKU:25130)\" \/>\n<meta name=\"robots\" content=\"index, follow, max-snippet:-1, max-image-preview:large, max-video-preview:-1\" \/>\n<link rel=\"canonical\" href=\"https:\/\/www.purejewels.com\/de\/produkt-2\/22kt-gold-box-kette-in-16-zoll-2\/\" \/>\n<meta property=\"og:locale\" content=\"de_DE\" \/>\n<meta property=\"og:type\" content=\"article\" \/>\n<meta property=\"og:title\" content=\"22kt Gold Box Chain in 16 inches - \u00a3144.00 (SKU:25130).\" \/>\n<meta property=\"og:description\" content=\"Purejewels - Specialists in Diamond, Platinum, 22ct 22kt gold - 22kt Gold Box Chain in 16 inches \u00a3144.00 (SKU:25130)\" \/>\n<meta property=\"og:url\" content=\"https:\/\/www.purejewels.com\/de\/produkt-2\/22kt-gold-box-kette-in-16-zoll-2\/\" \/>\n<meta property=\"og:site_name\" content=\"PureJewels UK\" \/>\n<meta property=\"article:modified_time\" content=\"2025-09-16T11:44:07+00:00\" \/>\n<meta property=\"og:image\" content=\"https:\/\/www.purejewels.com\/wp-content\/uploads\/2018\/12\/23950_1-1.png\" \/>\n\t<meta property=\"og:image:width\" content=\"1000\" \/>\n\t<meta property=\"og:image:height\" content=\"1000\" \/>\n\t<meta property=\"og:image:type\" content=\"image\/png\" \/>\n<meta name=\"twitter:card\" content=\"summary_large_image\" \/>\n<meta name=\"twitter:label1\" content=\"Gesch\u00e4tzte Lesezeit\" \/>\n\t<meta name=\"twitter:data1\" content=\"1\u00a0Minute\" \/>\n<script type=\"application\/ld+json\" class=\"yoast-schema-graph\">{\"@context\":\"https:\\\/\\\/schema.org\",\"@graph\":[{\"@type\":[\"WebPage\",\"ItemPage\"],\"@id\":\"https:\\\/\\\/www.purejewels.com\\\/product\\\/22kt-gold-box-chain-in-16-inches-2\\\/\",\"url\":\"https:\\\/\\\/www.purejewels.com\\\/product\\\/22kt-gold-box-chain-in-16-inches-2\\\/\",\"name\":\"22kt Gold Box Chain in 16 inches - \u00a3144.00 (SKU:25130).\",\"isPartOf\":{\"@id\":\"https:\\\/\\\/www.purejewels.com\\\/#website\"},\"primaryImageOfPage\":{\"@id\":\"https:\\\/\\\/www.purejewels.com\\\/product\\\/22kt-gold-box-chain-in-16-inches-2\\\/#primaryimage\"},\"image\":{\"@id\":\"https:\\\/\\\/www.purejewels.com\\\/product\\\/22kt-gold-box-chain-in-16-inches-2\\\/#primaryimage\"},\"thumbnailUrl\":\"https:\\\/\\\/static.purejewels.com\\\/wp-content\\\/uploads\\\/2018\\\/12\\\/23950_1-1.png\",\"datePublished\":\"2019-09-02T15:34:06+00:00\",\"dateModified\":\"2025-09-16T11:44:07+00:00\",\"description\":\"Purejewels - Specialists in Diamond, Platinum, 22ct 22kt gold - 22kt Gold Box Chain in 16 inches \u00a3144.00 (SKU:25130)\",\"breadcrumb\":{\"@id\":\"https:\\\/\\\/www.purejewels.com\\\/product\\\/22kt-gold-box-chain-in-16-inches-2\\\/#breadcrumb\"},\"inLanguage\":\"de\",\"potentialAction\":[{\"@type\":\"ReadAction\",\"target\":[\"https:\\\/\\\/www.purejewels.com\\\/product\\\/22kt-gold-box-chain-in-16-inches-2\\\/\"]}]},{\"@type\":\"ImageObject\",\"inLanguage\":\"de\",\"@id\":\"https:\\\/\\\/www.purejewels.com\\\/product\\\/22kt-gold-box-chain-in-16-inches-2\\\/#primaryimage\",\"url\":\"https:\\\/\\\/static.purejewels.com\\\/wp-content\\\/uploads\\\/2018\\\/12\\\/23950_1-1.png\",\"contentUrl\":\"https:\\\/\\\/static.purejewels.com\\\/wp-content\\\/uploads\\\/2018\\\/12\\\/23950_1-1.png\",\"width\":1000,\"height\":1000,\"caption\":\"box chain light weight 33529\"},{\"@type\":\"BreadcrumbList\",\"@id\":\"https:\\\/\\\/www.purejewels.com\\\/product\\\/22kt-gold-box-chain-in-16-inches-2\\\/#breadcrumb\",\"itemListElement\":[{\"@type\":\"ListItem\",\"position\":1,\"name\":\"Home\",\"item\":\"https:\\\/\\\/www.purejewels.com\\\/\"},{\"@type\":\"ListItem\",\"position\":2,\"name\":\"Shop\",\"item\":\"https:\\\/\\\/www.purejewels.com\\\/shop\\\/\"},{\"@type\":\"ListItem\",\"position\":3,\"name\":\"22kt Gold Box Chain in 16 inches\"}]},{\"@type\":\"WebSite\",\"@id\":\"https:\\\/\\\/www.purejewels.com\\\/#website\",\"url\":\"https:\\\/\\\/www.purejewels.com\\\/\",\"name\":\"PureJewels UK\",\"description\":\"Share the Love\",\"publisher\":{\"@id\":\"https:\\\/\\\/www.purejewels.com\\\/#organization\"},\"potentialAction\":[{\"@type\":\"SearchAction\",\"target\":{\"@type\":\"EntryPoint\",\"urlTemplate\":\"https:\\\/\\\/www.purejewels.com\\\/?s={search_term_string}\"},\"query-input\":{\"@type\":\"PropertyValueSpecification\",\"valueRequired\":true,\"valueName\":\"search_term_string\"}}],\"inLanguage\":\"de\"},{\"@type\":\"Organization\",\"@id\":\"https:\\\/\\\/www.purejewels.com\\\/#organization\",\"name\":\"PureJewels UK\",\"url\":\"https:\\\/\\\/www.purejewels.com\\\/\",\"logo\":{\"@type\":\"ImageObject\",\"inLanguage\":\"de\",\"@id\":\"https:\\\/\\\/www.purejewels.com\\\/#\\\/schema\\\/logo\\\/image\\\/\",\"url\":\"https:\\\/\\\/static.purejewels.com\\\/wp-content\\\/uploads\\\/2020\\\/11\\\/Logo-PJ-New-1.png\",\"contentUrl\":\"https:\\\/\\\/static.purejewels.com\\\/wp-content\\\/uploads\\\/2020\\\/11\\\/Logo-PJ-New-1.png\",\"width\":150,\"height\":80,\"caption\":\"PureJewels UK\"},\"image\":{\"@id\":\"https:\\\/\\\/www.purejewels.com\\\/#\\\/schema\\\/logo\\\/image\\\/\"}}]}<\/script>\n<!-- \/ Yoast SEO plugin. -->","yoast_head_json":{"title":"22kt Gold Box Kette in 16 Zoll - \u00a3144.00 (SKU:25130).","description":"Purejewels - Spezialisten in Diamant, Platin, 22ct 22kt Gold - 22kt Gold Box Kette in 16 Zoll \u00a3144.00 (SKU:25130)","robots":{"index":"index","follow":"follow","max-snippet":"max-snippet:-1","max-image-preview":"max-image-preview:large","max-video-preview":"max-video-preview:-1"},"canonical":"https:\/\/www.purejewels.com\/de\/produkt-2\/22kt-gold-box-kette-in-16-zoll-2\/","og_locale":"de_DE","og_type":"article","og_title":"22kt Gold Box Chain in 16 inches - \u00a3144.00 (SKU:25130).","og_description":"Purejewels - Specialists in Diamond, Platinum, 22ct 22kt gold - 22kt Gold Box Chain in 16 inches \u00a3144.00 (SKU:25130)","og_url":"https:\/\/www.purejewels.com\/de\/produkt-2\/22kt-gold-box-kette-in-16-zoll-2\/","og_site_name":"PureJewels UK","article_modified_time":"2025-09-16T11:44:07+00:00","og_image":[{"width":1000,"height":1000,"url":"https:\/\/www.purejewels.com\/wp-content\/uploads\/2018\/12\/23950_1-1.png","type":"image\/png"}],"twitter_card":"summary_large_image","twitter_misc":{"Gesch\u00e4tzte Lesezeit":"1\u00a0Minute"},"schema":{"@context":"https:\/\/schema.org","@graph":[{"@type":["WebPage","ItemPage"],"@id":"https:\/\/www.purejewels.com\/product\/22kt-gold-box-chain-in-16-inches-2\/","url":"https:\/\/www.purejewels.com\/product\/22kt-gold-box-chain-in-16-inches-2\/","name":"22kt Gold Box Kette in 16 Zoll - \u00a3144.00 (SKU:25130).","isPartOf":{"@id":"https:\/\/www.purejewels.com\/#website"},"primaryImageOfPage":{"@id":"https:\/\/www.purejewels.com\/product\/22kt-gold-box-chain-in-16-inches-2\/#primaryimage"},"image":{"@id":"https:\/\/www.purejewels.com\/product\/22kt-gold-box-chain-in-16-inches-2\/#primaryimage"},"thumbnailUrl":"https:\/\/static.purejewels.com\/wp-content\/uploads\/2018\/12\/23950_1-1.png","datePublished":"2019-09-02T15:34:06+00:00","dateModified":"2025-09-16T11:44:07+00:00","description":"Purejewels - Spezialisten in Diamant, Platin, 22ct 22kt Gold - 22kt Gold Box Kette in 16 Zoll \u00a3144.00 (SKU:25130)","breadcrumb":{"@id":"https:\/\/www.purejewels.com\/product\/22kt-gold-box-chain-in-16-inches-2\/#breadcrumb"},"inLanguage":"de","potentialAction":[{"@type":"ReadAction","target":["https:\/\/www.purejewels.com\/product\/22kt-gold-box-chain-in-16-inches-2\/"]}]},{"@type":"ImageObject","inLanguage":"de","@id":"https:\/\/www.purejewels.com\/product\/22kt-gold-box-chain-in-16-inches-2\/#primaryimage","url":"https:\/\/static.purejewels.com\/wp-content\/uploads\/2018\/12\/23950_1-1.png","contentUrl":"https:\/\/static.purejewels.com\/wp-content\/uploads\/2018\/12\/23950_1-1.png","width":1000,"height":1000,"caption":"box chain light weight 33529"},{"@type":"BreadcrumbList","@id":"https:\/\/www.purejewels.com\/product\/22kt-gold-box-chain-in-16-inches-2\/#breadcrumb","itemListElement":[{"@type":"ListItem","position":1,"name":"Home","item":"https:\/\/www.purejewels.com\/"},{"@type":"ListItem","position":2,"name":"Shop","item":"https:\/\/www.purejewels.com\/shop\/"},{"@type":"ListItem","position":3,"name":"22kt Gold Box Chain in 16 inches"}]},{"@type":"WebSite","@id":"https:\/\/www.purejewels.com\/#website","url":"https:\/\/www.purejewels.com\/","name":"PureJewels UK","description":"Teile die Liebe","publisher":{"@id":"https:\/\/www.purejewels.com\/#organization"},"potentialAction":[{"@type":"SearchAction","target":{"@type":"EntryPoint","urlTemplate":"https:\/\/www.purejewels.com\/?s={search_term_string}"},"query-input":{"@type":"PropertyValueSpecification","valueRequired":true,"valueName":"search_term_string"}}],"inLanguage":"de"},{"@type":"Organization","@id":"https:\/\/www.purejewels.com\/#organization","name":"PureJewels UK","url":"https:\/\/www.purejewels.com\/","logo":{"@type":"ImageObject","inLanguage":"de","@id":"https:\/\/www.purejewels.com\/#\/schema\/logo\/image\/","url":"https:\/\/static.purejewels.com\/wp-content\/uploads\/2020\/11\/Logo-PJ-New-1.png","contentUrl":"https:\/\/static.purejewels.com\/wp-content\/uploads\/2020\/11\/Logo-PJ-New-1.png","width":150,"height":80,"caption":"PureJewels UK"},"image":{"@id":"https:\/\/www.purejewels.com\/#\/schema\/logo\/image\/"}}]}},"_links":{"self":[{"href":"https:\/\/www.purejewels.com\/de\/wp-json\/wp\/v2\/product\/311041","targetHints":{"allow":["GET"]}}],"collection":[{"href":"https:\/\/www.purejewels.com\/de\/wp-json\/wp\/v2\/product"}],"about":[{"href":"https:\/\/www.purejewels.com\/de\/wp-json\/wp\/v2\/types\/product"}],"replies":[{"embeddable":true,"href":"https:\/\/www.purejewels.com\/de\/wp-json\/wp\/v2\/comments?post=311041"}],"version-history":[{"count":3,"href":"https:\/\/www.purejewels.com\/de\/wp-json\/wp\/v2\/product\/311041\/revisions"}],"predecessor-version":[{"id":415472,"href":"https:\/\/www.purejewels.com\/de\/wp-json\/wp\/v2\/product\/311041\/revisions\/415472"}],"wp:featuredmedia":[{"embeddable":true,"href":"https:\/\/www.purejewels.com\/de\/wp-json\/wp\/v2\/media\/306874"}],"wp:attachment":[{"href":"https:\/\/www.purejewels.com\/de\/wp-json\/wp\/v2\/media?parent=311041"}],"wp:term":[{"taxonomy":"product_brand","embeddable":true,"href":"https:\/\/www.purejewels.com\/de\/wp-json\/wp\/v2\/product_brand?post=311041"},{"taxonomy":"product_cat","embeddable":true,"href":"https:\/\/www.purejewels.com\/de\/wp-json\/wp\/v2\/product_cat?post=311041"},{"taxonomy":"product_tag","embeddable":true,"href":"https:\/\/www.purejewels.com\/de\/wp-json\/wp\/v2\/product_tag?post=311041"}],"curies":[{"name":"wp","href":"https:\/\/api.w.org\/{rel}","templated":true}]}}