{"id":311143,"date":"2019-09-23T10:36:46","date_gmt":"2019-09-23T09:36:46","guid":{"rendered":"https:\/\/www.purejewels.com\/?post_type=product&#038;p=311143"},"modified":"2026-03-24T10:09:44","modified_gmt":"2026-03-24T10:09:44","slug":"22-karat-gold-brautkadaver-31114","status":"publish","type":"product","link":"https:\/\/www.purejewels.com\/de\/product\/22-carat-gold-bridal-kada-31114\/","title":{"rendered":"Rosetten 22ct Gold Braut Statement Kada"},"content":{"rendered":"<p>Gestaltung<br \/>\nDiese Brautkada hat eine kr\u00e4ftige runde Form, die mit aufw\u00e4ndig geschnitzten botanischen Mustern und einem definierten zentralen Motiv angereichert ist. Die Oberfl\u00e4che entfaltet sich in Schichten und schafft so eine Dimension und visuelle Tiefe, die den Blick \u00fcber das St\u00fcck zieht. Seine Pr\u00e4senz wirkt substanziell und doch gelassen und ist eine elegante Erg\u00e4nzung zu festlichem Schmuck.<\/p>\n<p>Handwerkliches K\u00f6nnen<br \/>\nDieses aus 22-kar\u00e4tigem Gold gefertigte Kada wird durch detaillierte Schnitzereien und pr\u00e4zise Verarbeitungstechniken zum Leben erweckt. Jeder Teil ist sorgf\u00e4ltig geformt, um die Harmonie des Designs zu erhalten und gleichzeitig die Haltbarkeit zu gew\u00e4hrleisten. Das Innere ist glatt verarbeitet, um das Tragen zu erleichtern. Das St\u00fcck ist in Gro\u00dfbritannien gepunzt, was die Reinheit und Qualit\u00e4t des Goldes best\u00e4tigt.<\/p>\n<p>Styling &amp; Geschenkartikel<br \/>\nDiese Kada eignet sich perfekt f\u00fcr Hochzeiten und andere wichtige Anl\u00e4sse. Sie setzt ein starkes Statement und ist gleichzeitig vielseitig im traditionellen Styling. Sie l\u00e4sst sich gut mit mehrschichtigen Armreifen kombinieren oder kann als Einzelst\u00fcck getragen werden. Eine sinnvolle Wahl f\u00fcr Hochzeiten und wichtige Momente, die eine dauerhafte Bedeutung verdienen.<\/p>","protected":false},"excerpt":{"rendered":"<ul>\n<li>Verzierte Kada aus 22-kar\u00e4tigem Gold mit antikem Finish aus unserer Rosetten-Kollektion<\/li>\n<li>Mit Schraubr\u00fccken<\/li>\n<li>Wt. 40.4 g<\/li>\n<li>SKU.  31114<\/li>\n<li>Alle Preise inklusive Mehrwertsteuer<\/li>\n<li>Alle unsere Produkte sind vom London Assay Office gestempelt.<\/li>\n<li>Mit Pr\u00e4sentationsbox<\/li>\n<li>Lieferung inbegriffen<\/li>\n<li>Kontaktieren Sie uns \/ chatten Sie mit uns auf whatsapp, um \u00e4hnliche Antique Gold Jewellery Designs zu entdecken<\/li>\n<\/ul>","protected":false},"featured_media":311189,"comment_status":"closed","ping_status":"closed","template":"","meta":{"_eb_attr":"","_crsspst_to_jayantr4sg-hostcom":false},"product_brand":[],"product_cat":[5271,5273,1656],"product_tag":[],"class_list":{"0":"post-311143","1":"product","2":"type-product","3":"status-publish","4":"has-post-thumbnail","6":"product_cat-occasion-wear-bangles","7":"product_cat-22ct-gold-poncha-bracelet","8":"product_cat-rosettes-collections","10":"first","11":"onbackorder","12":"taxable","13":"shipping-taxable","14":"product-type-simple","15":"add-to-wishlist-before_image"},"yoast_head":"<!-- This site is optimized with the Yoast SEO plugin v27.6 - https:\/\/yoast.com\/product\/yoast-seo-wordpress\/ -->\n<title>Rosettes Bridal 22ct Gold Kada Designer Piece | PureJewels UK<\/title>\n<meta name=\"description\" content=\"Explore the Rosettes bridal 22ct gold kada with detailed floral carving and bold structure. UK hallmarked and crafted for special occasions.\" \/>\n<meta name=\"robots\" content=\"index, follow, max-snippet:-1, max-image-preview:large, max-video-preview:-1\" \/>\n<link rel=\"canonical\" href=\"https:\/\/www.purejewels.com\/de\/produkt-2\/22-karat-gold-brautkadaver-31114\/\" \/>\n<meta property=\"og:locale\" content=\"de_DE\" \/>\n<meta property=\"og:type\" content=\"article\" \/>\n<meta property=\"og:title\" content=\"Rosettes Bridal 22ct Gold Kada Designer Piece | PureJewels UK\" \/>\n<meta property=\"og:description\" content=\"Explore the Rosettes bridal 22ct gold kada with detailed floral carving and bold structure. UK hallmarked and crafted for special occasions.\" \/>\n<meta property=\"og:url\" content=\"https:\/\/www.purejewels.com\/de\/produkt-2\/22-karat-gold-brautkadaver-31114\/\" \/>\n<meta property=\"og:site_name\" content=\"PureJewels UK\" \/>\n<meta property=\"article:modified_time\" content=\"2026-03-24T10:09:44+00:00\" \/>\n<meta property=\"og:image\" content=\"https:\/\/static.purejewels.com\/wp-content\/uploads\/2019\/09\/31114.jpg\" \/>\n\t<meta property=\"og:image:width\" content=\"1000\" \/>\n\t<meta property=\"og:image:height\" content=\"1000\" \/>\n\t<meta property=\"og:image:type\" content=\"image\/jpeg\" \/>\n<meta name=\"twitter:card\" content=\"summary_large_image\" \/>\n<meta name=\"twitter:label1\" content=\"Gesch\u00e4tzte Lesezeit\" \/>\n\t<meta name=\"twitter:data1\" content=\"1\u00a0Minute\" \/>\n<script type=\"application\/ld+json\" class=\"yoast-schema-graph\">{\"@context\":\"https:\\\/\\\/schema.org\",\"@graph\":[{\"@type\":[\"WebPage\",\"ItemPage\"],\"@id\":\"https:\\\/\\\/www.purejewels.com\\\/product\\\/22-carat-gold-bridal-kada-31114\\\/\",\"url\":\"https:\\\/\\\/www.purejewels.com\\\/product\\\/22-carat-gold-bridal-kada-31114\\\/\",\"name\":\"Rosettes Bridal 22ct Gold Kada Designer Piece | PureJewels UK\",\"isPartOf\":{\"@id\":\"https:\\\/\\\/www.purejewels.com\\\/#website\"},\"primaryImageOfPage\":{\"@id\":\"https:\\\/\\\/www.purejewels.com\\\/product\\\/22-carat-gold-bridal-kada-31114\\\/#primaryimage\"},\"image\":{\"@id\":\"https:\\\/\\\/www.purejewels.com\\\/product\\\/22-carat-gold-bridal-kada-31114\\\/#primaryimage\"},\"thumbnailUrl\":\"https:\\\/\\\/static.purejewels.com\\\/wp-content\\\/uploads\\\/2019\\\/09\\\/31114.jpg\",\"datePublished\":\"2019-09-23T09:36:46+00:00\",\"dateModified\":\"2026-03-24T10:09:44+00:00\",\"description\":\"Explore the Rosettes bridal 22ct gold kada with detailed floral carving and bold structure. UK hallmarked and crafted for special occasions.\",\"breadcrumb\":{\"@id\":\"https:\\\/\\\/www.purejewels.com\\\/product\\\/22-carat-gold-bridal-kada-31114\\\/#breadcrumb\"},\"inLanguage\":\"de\",\"potentialAction\":[{\"@type\":\"ReadAction\",\"target\":[\"https:\\\/\\\/www.purejewels.com\\\/product\\\/22-carat-gold-bridal-kada-31114\\\/\"]}]},{\"@type\":\"ImageObject\",\"inLanguage\":\"de\",\"@id\":\"https:\\\/\\\/www.purejewels.com\\\/product\\\/22-carat-gold-bridal-kada-31114\\\/#primaryimage\",\"url\":\"https:\\\/\\\/static.purejewels.com\\\/wp-content\\\/uploads\\\/2019\\\/09\\\/31114.jpg\",\"contentUrl\":\"https:\\\/\\\/static.purejewels.com\\\/wp-content\\\/uploads\\\/2019\\\/09\\\/31114.jpg\",\"width\":1000,\"height\":1000,\"caption\":\"31114\"},{\"@type\":\"BreadcrumbList\",\"@id\":\"https:\\\/\\\/www.purejewels.com\\\/product\\\/22-carat-gold-bridal-kada-31114\\\/#breadcrumb\",\"itemListElement\":[{\"@type\":\"ListItem\",\"position\":1,\"name\":\"Home\",\"item\":\"https:\\\/\\\/www.purejewels.com\\\/\"},{\"@type\":\"ListItem\",\"position\":2,\"name\":\"Shop\",\"item\":\"https:\\\/\\\/www.purejewels.com\\\/shop\\\/\"},{\"@type\":\"ListItem\",\"position\":3,\"name\":\"Rosettes 22ct Gold Bridal Statement Kada\"}]},{\"@type\":\"WebSite\",\"@id\":\"https:\\\/\\\/www.purejewels.com\\\/#website\",\"url\":\"https:\\\/\\\/www.purejewels.com\\\/\",\"name\":\"PureJewels UK\",\"description\":\"Share the Love\",\"publisher\":{\"@id\":\"https:\\\/\\\/www.purejewels.com\\\/#organization\"},\"potentialAction\":[{\"@type\":\"SearchAction\",\"target\":{\"@type\":\"EntryPoint\",\"urlTemplate\":\"https:\\\/\\\/www.purejewels.com\\\/?s={search_term_string}\"},\"query-input\":{\"@type\":\"PropertyValueSpecification\",\"valueRequired\":true,\"valueName\":\"search_term_string\"}}],\"inLanguage\":\"de\"},{\"@type\":\"Organization\",\"@id\":\"https:\\\/\\\/www.purejewels.com\\\/#organization\",\"name\":\"PureJewels UK\",\"url\":\"https:\\\/\\\/www.purejewels.com\\\/\",\"logo\":{\"@type\":\"ImageObject\",\"inLanguage\":\"de\",\"@id\":\"https:\\\/\\\/www.purejewels.com\\\/#\\\/schema\\\/logo\\\/image\\\/\",\"url\":\"https:\\\/\\\/static.purejewels.com\\\/wp-content\\\/uploads\\\/2020\\\/11\\\/Logo-PJ-New-1.png\",\"contentUrl\":\"https:\\\/\\\/static.purejewels.com\\\/wp-content\\\/uploads\\\/2020\\\/11\\\/Logo-PJ-New-1.png\",\"width\":150,\"height\":80,\"caption\":\"PureJewels UK\"},\"image\":{\"@id\":\"https:\\\/\\\/www.purejewels.com\\\/#\\\/schema\\\/logo\\\/image\\\/\"}}]}<\/script>\n<!-- \/ Yoast SEO plugin. -->","yoast_head_json":{"title":"Rosetten Braut 22ct Gold Kada Designer St\u00fcck | PureJewels UK","description":"Entdecken Sie die Rosetten Braut 22ct Gold Kada mit detaillierten floralen Schnitzerei und k\u00fchne Struktur. UK-gepunzt und f\u00fcr besondere Anl\u00e4sse gefertigt.","robots":{"index":"index","follow":"follow","max-snippet":"max-snippet:-1","max-image-preview":"max-image-preview:large","max-video-preview":"max-video-preview:-1"},"canonical":"https:\/\/www.purejewels.com\/de\/produkt-2\/22-karat-gold-brautkadaver-31114\/","og_locale":"de_DE","og_type":"article","og_title":"Rosettes Bridal 22ct Gold Kada Designer Piece | PureJewels UK","og_description":"Explore the Rosettes bridal 22ct gold kada with detailed floral carving and bold structure. UK hallmarked and crafted for special occasions.","og_url":"https:\/\/www.purejewels.com\/de\/produkt-2\/22-karat-gold-brautkadaver-31114\/","og_site_name":"PureJewels UK","article_modified_time":"2026-03-24T10:09:44+00:00","og_image":[{"width":1000,"height":1000,"url":"https:\/\/static.purejewels.com\/wp-content\/uploads\/2019\/09\/31114.jpg","type":"image\/jpeg"}],"twitter_card":"summary_large_image","twitter_misc":{"Gesch\u00e4tzte Lesezeit":"1\u00a0Minute"},"schema":{"@context":"https:\/\/schema.org","@graph":[{"@type":["WebPage","ItemPage"],"@id":"https:\/\/www.purejewels.com\/product\/22-carat-gold-bridal-kada-31114\/","url":"https:\/\/www.purejewels.com\/product\/22-carat-gold-bridal-kada-31114\/","name":"Rosetten Braut 22ct Gold Kada Designer St\u00fcck | PureJewels UK","isPartOf":{"@id":"https:\/\/www.purejewels.com\/#website"},"primaryImageOfPage":{"@id":"https:\/\/www.purejewels.com\/product\/22-carat-gold-bridal-kada-31114\/#primaryimage"},"image":{"@id":"https:\/\/www.purejewels.com\/product\/22-carat-gold-bridal-kada-31114\/#primaryimage"},"thumbnailUrl":"https:\/\/static.purejewels.com\/wp-content\/uploads\/2019\/09\/31114.jpg","datePublished":"2019-09-23T09:36:46+00:00","dateModified":"2026-03-24T10:09:44+00:00","description":"Entdecken Sie die Rosetten Braut 22ct Gold Kada mit detaillierten floralen Schnitzerei und k\u00fchne Struktur. UK-gepunzt und f\u00fcr besondere Anl\u00e4sse gefertigt.","breadcrumb":{"@id":"https:\/\/www.purejewels.com\/product\/22-carat-gold-bridal-kada-31114\/#breadcrumb"},"inLanguage":"de","potentialAction":[{"@type":"ReadAction","target":["https:\/\/www.purejewels.com\/product\/22-carat-gold-bridal-kada-31114\/"]}]},{"@type":"ImageObject","inLanguage":"de","@id":"https:\/\/www.purejewels.com\/product\/22-carat-gold-bridal-kada-31114\/#primaryimage","url":"https:\/\/static.purejewels.com\/wp-content\/uploads\/2019\/09\/31114.jpg","contentUrl":"https:\/\/static.purejewels.com\/wp-content\/uploads\/2019\/09\/31114.jpg","width":1000,"height":1000,"caption":"31114"},{"@type":"BreadcrumbList","@id":"https:\/\/www.purejewels.com\/product\/22-carat-gold-bridal-kada-31114\/#breadcrumb","itemListElement":[{"@type":"ListItem","position":1,"name":"Home","item":"https:\/\/www.purejewels.com\/"},{"@type":"ListItem","position":2,"name":"Shop","item":"https:\/\/www.purejewels.com\/shop\/"},{"@type":"ListItem","position":3,"name":"Rosettes 22ct Gold Bridal Statement Kada"}]},{"@type":"WebSite","@id":"https:\/\/www.purejewels.com\/#website","url":"https:\/\/www.purejewels.com\/","name":"PureJewels UK","description":"Teile die Liebe","publisher":{"@id":"https:\/\/www.purejewels.com\/#organization"},"potentialAction":[{"@type":"SearchAction","target":{"@type":"EntryPoint","urlTemplate":"https:\/\/www.purejewels.com\/?s={search_term_string}"},"query-input":{"@type":"PropertyValueSpecification","valueRequired":true,"valueName":"search_term_string"}}],"inLanguage":"de"},{"@type":"Organization","@id":"https:\/\/www.purejewels.com\/#organization","name":"PureJewels UK","url":"https:\/\/www.purejewels.com\/","logo":{"@type":"ImageObject","inLanguage":"de","@id":"https:\/\/www.purejewels.com\/#\/schema\/logo\/image\/","url":"https:\/\/static.purejewels.com\/wp-content\/uploads\/2020\/11\/Logo-PJ-New-1.png","contentUrl":"https:\/\/static.purejewels.com\/wp-content\/uploads\/2020\/11\/Logo-PJ-New-1.png","width":150,"height":80,"caption":"PureJewels UK"},"image":{"@id":"https:\/\/www.purejewels.com\/#\/schema\/logo\/image\/"}}]}},"_links":{"self":[{"href":"https:\/\/www.purejewels.com\/de\/wp-json\/wp\/v2\/product\/311143","targetHints":{"allow":["GET"]}}],"collection":[{"href":"https:\/\/www.purejewels.com\/de\/wp-json\/wp\/v2\/product"}],"about":[{"href":"https:\/\/www.purejewels.com\/de\/wp-json\/wp\/v2\/types\/product"}],"replies":[{"embeddable":true,"href":"https:\/\/www.purejewels.com\/de\/wp-json\/wp\/v2\/comments?post=311143"}],"version-history":[{"count":3,"href":"https:\/\/www.purejewels.com\/de\/wp-json\/wp\/v2\/product\/311143\/revisions"}],"predecessor-version":[{"id":427534,"href":"https:\/\/www.purejewels.com\/de\/wp-json\/wp\/v2\/product\/311143\/revisions\/427534"}],"wp:featuredmedia":[{"embeddable":true,"href":"https:\/\/www.purejewels.com\/de\/wp-json\/wp\/v2\/media\/311189"}],"wp:attachment":[{"href":"https:\/\/www.purejewels.com\/de\/wp-json\/wp\/v2\/media?parent=311143"}],"wp:term":[{"taxonomy":"product_brand","embeddable":true,"href":"https:\/\/www.purejewels.com\/de\/wp-json\/wp\/v2\/product_brand?post=311143"},{"taxonomy":"product_cat","embeddable":true,"href":"https:\/\/www.purejewels.com\/de\/wp-json\/wp\/v2\/product_cat?post=311143"},{"taxonomy":"product_tag","embeddable":true,"href":"https:\/\/www.purejewels.com\/de\/wp-json\/wp\/v2\/product_tag?post=311143"}],"curies":[{"name":"wp","href":"https:\/\/api.w.org\/{rel}","templated":true}]}}