{"id":311163,"date":"2019-09-23T11:00:59","date_gmt":"2019-09-23T10:00:59","guid":{"rendered":"https:\/\/www.purejewels.com\/?post_type=product&#038;p=311163"},"modified":"2025-12-11T05:17:18","modified_gmt":"2025-12-11T05:17:18","slug":"22-karat-gold-indische-ohrringe-31100","status":"publish","type":"product","link":"https:\/\/www.purejewels.com\/de\/product\/22-carat-gold-indian-earrings-31100\/","title":{"rendered":"22 Karat Gold Antike Polki-Ohrringe mit Weinrebenmotiv"},"content":{"rendered":"<h3 data-start=\"757\" data-end=\"773\"><strong data-start=\"761\" data-end=\"771\">Gestaltung<\/strong><\/h3>\n<p data-start=\"774\" data-end=\"1175\">Inspiriert von der Eleganz traditioneller indischer Schmuckst\u00fccke, sind diese <a href=\"https:\/\/www.purejewels.com\/de\/product-category\/22ct-gold-jewellery\/gold-earrings\/\">Ohrringe<\/a> zeichnen sich durch eine rankenartige Silhouette aus, die in zarte Blumenmotive \u00fcbergeht. Jedes St\u00fcck ist mit leuchtenden Polki-Steinen verziert, die in Bl\u00fctenbl\u00e4ttern angeordnet sind und eine ausdrucksstarke Mischung aus organischer Form und strahlendem Glanz bilden. Die <a href=\"https:\/\/www.purejewels.com\/de\/armari-collection\/\">antikes Finish<\/a> verleiht Tiefe und Charakter und gibt den Ohrringen einen Hauch von Tradition, der jahrhundertelange Handwerkskunst w\u00fcrdigt.<\/p>\n<h3 data-start=\"1177\" data-end=\"1200\"><strong data-start=\"1181\" data-end=\"1198\">Handwerkliches K\u00f6nnen<\/strong><\/h3>\n<p data-start=\"1201\" data-end=\"1558\">Die Ohrringe sind sorgf\u00e4ltig aus 22 Karat Gold gefertigt und zeichnen sich durch detaillierte Gravuren, strukturierte Ranken und einzeln gesetzte Polki-Steine aus. Das antike Finish unterstreicht die Konturen und traditionellen Motive und hebt die Kunstfertigkeit jedes einzelnen Elements hervor. Jedes Paar ist in Gro\u00dfbritannien punziert, was die zertifizierte Reinheit und das Bekenntnis von PureJewels zu feiner Handwerkskunst garantiert.<\/p>\n<h3 data-start=\"1560\" data-end=\"1587\"><strong data-start=\"1564\" data-end=\"1585\">Styling &amp; Geschenkartikel<\/strong><\/h3>\n<p data-start=\"1588\" data-end=\"1947\">Diese Ohrringe eignen sich perfekt f\u00fcr Hochzeiten, festliche Anl\u00e4sse und kulturelle Veranstaltungen und lassen sich wunderbar mit Lehengas, Saris oder reich bestickten Outfits kombinieren. Ihr warmer Goldton und ihr Vintage-Charme erg\u00e4nzen auch moderne indo-westliche Looks. Ein bedeutungsvolles Geschenk f\u00fcr Br\u00e4ute, Familienfeiern oder alle, die klassischen indischen Schmuck mit einem Hauch von Kunstfertigkeit sch\u00e4tzen.<\/p>","protected":false},"excerpt":{"rendered":"<p>Diese kunstvollen Ohrringe aus 22 Karat Gold sind mit Polki-gefassten Blumenmotiven und einem skulpturalen Rankenmuster mit Antik-Finish verziert. Ein wundersch\u00f6nes traditionelles Paar f\u00fcr festliche und besondere Anl\u00e4sse.<\/p>\n<ul>\n<li>Indische Ohrringe aus 22 Karat Gold<\/li>\n<li>Mit Polki-Steinen und antikem Finish<\/li>\n<li>Wt. 5.6 g<\/li>\n<li>SKU. 31100<\/li>\n<li>Alle Preise inklusive Mehrwertsteuer<\/li>\n<li>Alle unsere Produkte sind vom London Assay Office gestempelt.<\/li>\n<li>Mit Pr\u00e4sentationsbox<\/li>\n<li>Lieferung inbegriffen<\/li>\n<li>Chatten Sie mit uns, um die gesamte neue Kollektion asiatischer Braut-Goldketten und Ohrringe zu sehen, die in unserem Gesch\u00e4ft in Forest Gate, London, Gro\u00dfbritannien, erh\u00e4ltlich ist.<\/li>\n<\/ul>","protected":false},"featured_media":311192,"comment_status":"closed","ping_status":"closed","template":"","meta":{"_eb_attr":"","_crsspst_to_jayantr4sg-hostcom":false},"product_brand":[],"product_cat":[1482],"product_tag":[],"class_list":{"0":"post-311163","1":"product","2":"type-product","3":"status-publish","4":"has-post-thumbnail","6":"product_cat-uncategorized","8":"first","9":"outofstock","10":"sale","11":"taxable","12":"shipping-taxable","13":"product-type-simple","14":"add-to-wishlist-before_image"},"yoast_head":"<!-- This site is optimized with the Yoast SEO plugin v27.6 - https:\/\/yoast.com\/product\/yoast-seo-wordpress\/ -->\n<title>Polki Stone 22ct Gold Earrings | Indian Antique Design<\/title>\n<meta name=\"description\" content=\"Celebrate traditional elegance with 22ct gold earrings embellished with Polki stones and an artisanal antique finish. Free delivery across the UK.\" \/>\n<meta name=\"robots\" content=\"index, follow, max-snippet:-1, max-image-preview:large, max-video-preview:-1\" \/>\n<link rel=\"canonical\" href=\"https:\/\/www.purejewels.com\/de\/produkt-2\/22-karat-gold-indische-ohrringe-31100\/\" \/>\n<meta property=\"og:locale\" content=\"de_DE\" \/>\n<meta property=\"og:type\" content=\"article\" \/>\n<meta property=\"og:title\" content=\"Polki Stone 22ct Gold Earrings | Indian Antique Design\" \/>\n<meta property=\"og:description\" content=\"Celebrate traditional elegance with 22ct gold earrings embellished with Polki stones and an artisanal antique finish. Free delivery across the UK.\" \/>\n<meta property=\"og:url\" content=\"https:\/\/www.purejewels.com\/de\/produkt-2\/22-karat-gold-indische-ohrringe-31100\/\" \/>\n<meta property=\"og:site_name\" content=\"PureJewels UK\" \/>\n<meta property=\"article:modified_time\" content=\"2025-12-11T05:17:18+00:00\" \/>\n<meta property=\"og:image\" content=\"https:\/\/static.purejewels.com\/wp-content\/uploads\/2019\/09\/31100-1.jpg\" \/>\n\t<meta property=\"og:image:width\" content=\"1000\" \/>\n\t<meta property=\"og:image:height\" content=\"1000\" \/>\n\t<meta property=\"og:image:type\" content=\"image\/jpeg\" \/>\n<meta name=\"twitter:card\" content=\"summary_large_image\" \/>\n<meta name=\"twitter:label1\" content=\"Gesch\u00e4tzte Lesezeit\" \/>\n\t<meta name=\"twitter:data1\" content=\"1\u00a0Minute\" \/>\n<script type=\"application\/ld+json\" class=\"yoast-schema-graph\">{\"@context\":\"https:\\\/\\\/schema.org\",\"@graph\":[{\"@type\":[\"WebPage\",\"ItemPage\"],\"@id\":\"https:\\\/\\\/www.purejewels.com\\\/product\\\/22-carat-gold-indian-earrings-31100\\\/\",\"url\":\"https:\\\/\\\/www.purejewels.com\\\/product\\\/22-carat-gold-indian-earrings-31100\\\/\",\"name\":\"Polki Stone 22ct Gold Earrings | Indian Antique Design\",\"isPartOf\":{\"@id\":\"https:\\\/\\\/www.purejewels.com\\\/#website\"},\"primaryImageOfPage\":{\"@id\":\"https:\\\/\\\/www.purejewels.com\\\/product\\\/22-carat-gold-indian-earrings-31100\\\/#primaryimage\"},\"image\":{\"@id\":\"https:\\\/\\\/www.purejewels.com\\\/product\\\/22-carat-gold-indian-earrings-31100\\\/#primaryimage\"},\"thumbnailUrl\":\"https:\\\/\\\/static.purejewels.com\\\/wp-content\\\/uploads\\\/2019\\\/09\\\/31100-1.jpg\",\"datePublished\":\"2019-09-23T10:00:59+00:00\",\"dateModified\":\"2025-12-11T05:17:18+00:00\",\"description\":\"Celebrate traditional elegance with 22ct gold earrings embellished with Polki stones and an artisanal antique finish. Free delivery across the UK.\",\"breadcrumb\":{\"@id\":\"https:\\\/\\\/www.purejewels.com\\\/product\\\/22-carat-gold-indian-earrings-31100\\\/#breadcrumb\"},\"inLanguage\":\"de\",\"potentialAction\":[{\"@type\":\"ReadAction\",\"target\":[\"https:\\\/\\\/www.purejewels.com\\\/product\\\/22-carat-gold-indian-earrings-31100\\\/\"]}]},{\"@type\":\"ImageObject\",\"inLanguage\":\"de\",\"@id\":\"https:\\\/\\\/www.purejewels.com\\\/product\\\/22-carat-gold-indian-earrings-31100\\\/#primaryimage\",\"url\":\"https:\\\/\\\/static.purejewels.com\\\/wp-content\\\/uploads\\\/2019\\\/09\\\/31100-1.jpg\",\"contentUrl\":\"https:\\\/\\\/static.purejewels.com\\\/wp-content\\\/uploads\\\/2019\\\/09\\\/31100-1.jpg\",\"width\":1000,\"height\":1000,\"caption\":\"31100-1\"},{\"@type\":\"BreadcrumbList\",\"@id\":\"https:\\\/\\\/www.purejewels.com\\\/product\\\/22-carat-gold-indian-earrings-31100\\\/#breadcrumb\",\"itemListElement\":[{\"@type\":\"ListItem\",\"position\":1,\"name\":\"Home\",\"item\":\"https:\\\/\\\/www.purejewels.com\\\/\"},{\"@type\":\"ListItem\",\"position\":2,\"name\":\"Shop\",\"item\":\"https:\\\/\\\/www.purejewels.com\\\/shop\\\/\"},{\"@type\":\"ListItem\",\"position\":3,\"name\":\"22ct Gold Antique Polki Vine Earrings\"}]},{\"@type\":\"WebSite\",\"@id\":\"https:\\\/\\\/www.purejewels.com\\\/#website\",\"url\":\"https:\\\/\\\/www.purejewels.com\\\/\",\"name\":\"PureJewels UK\",\"description\":\"Share the Love\",\"publisher\":{\"@id\":\"https:\\\/\\\/www.purejewels.com\\\/#organization\"},\"potentialAction\":[{\"@type\":\"SearchAction\",\"target\":{\"@type\":\"EntryPoint\",\"urlTemplate\":\"https:\\\/\\\/www.purejewels.com\\\/?s={search_term_string}\"},\"query-input\":{\"@type\":\"PropertyValueSpecification\",\"valueRequired\":true,\"valueName\":\"search_term_string\"}}],\"inLanguage\":\"de\"},{\"@type\":\"Organization\",\"@id\":\"https:\\\/\\\/www.purejewels.com\\\/#organization\",\"name\":\"PureJewels UK\",\"url\":\"https:\\\/\\\/www.purejewels.com\\\/\",\"logo\":{\"@type\":\"ImageObject\",\"inLanguage\":\"de\",\"@id\":\"https:\\\/\\\/www.purejewels.com\\\/#\\\/schema\\\/logo\\\/image\\\/\",\"url\":\"https:\\\/\\\/static.purejewels.com\\\/wp-content\\\/uploads\\\/2020\\\/11\\\/Logo-PJ-New-1.png\",\"contentUrl\":\"https:\\\/\\\/static.purejewels.com\\\/wp-content\\\/uploads\\\/2020\\\/11\\\/Logo-PJ-New-1.png\",\"width\":150,\"height\":80,\"caption\":\"PureJewels UK\"},\"image\":{\"@id\":\"https:\\\/\\\/www.purejewels.com\\\/#\\\/schema\\\/logo\\\/image\\\/\"}}]}<\/script>\n<!-- \/ Yoast SEO plugin. -->","yoast_head_json":{"title":"Polki Stone 22 Karat Gold Ohrringe | Indisches Antikdesign","description":"Feiern Sie traditionelle Eleganz mit Ohrringen aus 22 Karat Gold, verziert mit Polki-Steinen und einem handwerklichen Antik-Finish. Kostenlose Lieferung innerhalb Gro\u00dfbritanniens.","robots":{"index":"index","follow":"follow","max-snippet":"max-snippet:-1","max-image-preview":"max-image-preview:large","max-video-preview":"max-video-preview:-1"},"canonical":"https:\/\/www.purejewels.com\/de\/produkt-2\/22-karat-gold-indische-ohrringe-31100\/","og_locale":"de_DE","og_type":"article","og_title":"Polki Stone 22ct Gold Earrings | Indian Antique Design","og_description":"Celebrate traditional elegance with 22ct gold earrings embellished with Polki stones and an artisanal antique finish. Free delivery across the UK.","og_url":"https:\/\/www.purejewels.com\/de\/produkt-2\/22-karat-gold-indische-ohrringe-31100\/","og_site_name":"PureJewels UK","article_modified_time":"2025-12-11T05:17:18+00:00","og_image":[{"width":1000,"height":1000,"url":"https:\/\/static.purejewels.com\/wp-content\/uploads\/2019\/09\/31100-1.jpg","type":"image\/jpeg"}],"twitter_card":"summary_large_image","twitter_misc":{"Gesch\u00e4tzte Lesezeit":"1\u00a0Minute"},"schema":{"@context":"https:\/\/schema.org","@graph":[{"@type":["WebPage","ItemPage"],"@id":"https:\/\/www.purejewels.com\/product\/22-carat-gold-indian-earrings-31100\/","url":"https:\/\/www.purejewels.com\/product\/22-carat-gold-indian-earrings-31100\/","name":"Polki Stone 22 Karat Gold Ohrringe | Indisches Antikdesign","isPartOf":{"@id":"https:\/\/www.purejewels.com\/#website"},"primaryImageOfPage":{"@id":"https:\/\/www.purejewels.com\/product\/22-carat-gold-indian-earrings-31100\/#primaryimage"},"image":{"@id":"https:\/\/www.purejewels.com\/product\/22-carat-gold-indian-earrings-31100\/#primaryimage"},"thumbnailUrl":"https:\/\/static.purejewels.com\/wp-content\/uploads\/2019\/09\/31100-1.jpg","datePublished":"2019-09-23T10:00:59+00:00","dateModified":"2025-12-11T05:17:18+00:00","description":"Feiern Sie traditionelle Eleganz mit Ohrringen aus 22 Karat Gold, verziert mit Polki-Steinen und einem handwerklichen Antik-Finish. Kostenlose Lieferung innerhalb Gro\u00dfbritanniens.","breadcrumb":{"@id":"https:\/\/www.purejewels.com\/product\/22-carat-gold-indian-earrings-31100\/#breadcrumb"},"inLanguage":"de","potentialAction":[{"@type":"ReadAction","target":["https:\/\/www.purejewels.com\/product\/22-carat-gold-indian-earrings-31100\/"]}]},{"@type":"ImageObject","inLanguage":"de","@id":"https:\/\/www.purejewels.com\/product\/22-carat-gold-indian-earrings-31100\/#primaryimage","url":"https:\/\/static.purejewels.com\/wp-content\/uploads\/2019\/09\/31100-1.jpg","contentUrl":"https:\/\/static.purejewels.com\/wp-content\/uploads\/2019\/09\/31100-1.jpg","width":1000,"height":1000,"caption":"31100-1"},{"@type":"BreadcrumbList","@id":"https:\/\/www.purejewels.com\/product\/22-carat-gold-indian-earrings-31100\/#breadcrumb","itemListElement":[{"@type":"ListItem","position":1,"name":"Home","item":"https:\/\/www.purejewels.com\/"},{"@type":"ListItem","position":2,"name":"Shop","item":"https:\/\/www.purejewels.com\/shop\/"},{"@type":"ListItem","position":3,"name":"22ct Gold Antique Polki Vine Earrings"}]},{"@type":"WebSite","@id":"https:\/\/www.purejewels.com\/#website","url":"https:\/\/www.purejewels.com\/","name":"PureJewels UK","description":"Teile die Liebe","publisher":{"@id":"https:\/\/www.purejewels.com\/#organization"},"potentialAction":[{"@type":"SearchAction","target":{"@type":"EntryPoint","urlTemplate":"https:\/\/www.purejewels.com\/?s={search_term_string}"},"query-input":{"@type":"PropertyValueSpecification","valueRequired":true,"valueName":"search_term_string"}}],"inLanguage":"de"},{"@type":"Organization","@id":"https:\/\/www.purejewels.com\/#organization","name":"PureJewels UK","url":"https:\/\/www.purejewels.com\/","logo":{"@type":"ImageObject","inLanguage":"de","@id":"https:\/\/www.purejewels.com\/#\/schema\/logo\/image\/","url":"https:\/\/static.purejewels.com\/wp-content\/uploads\/2020\/11\/Logo-PJ-New-1.png","contentUrl":"https:\/\/static.purejewels.com\/wp-content\/uploads\/2020\/11\/Logo-PJ-New-1.png","width":150,"height":80,"caption":"PureJewels UK"},"image":{"@id":"https:\/\/www.purejewels.com\/#\/schema\/logo\/image\/"}}]}},"_links":{"self":[{"href":"https:\/\/www.purejewels.com\/de\/wp-json\/wp\/v2\/product\/311163","targetHints":{"allow":["GET"]}}],"collection":[{"href":"https:\/\/www.purejewels.com\/de\/wp-json\/wp\/v2\/product"}],"about":[{"href":"https:\/\/www.purejewels.com\/de\/wp-json\/wp\/v2\/types\/product"}],"replies":[{"embeddable":true,"href":"https:\/\/www.purejewels.com\/de\/wp-json\/wp\/v2\/comments?post=311163"}],"version-history":[{"count":4,"href":"https:\/\/www.purejewels.com\/de\/wp-json\/wp\/v2\/product\/311163\/revisions"}],"predecessor-version":[{"id":422934,"href":"https:\/\/www.purejewels.com\/de\/wp-json\/wp\/v2\/product\/311163\/revisions\/422934"}],"wp:featuredmedia":[{"embeddable":true,"href":"https:\/\/www.purejewels.com\/de\/wp-json\/wp\/v2\/media\/311192"}],"wp:attachment":[{"href":"https:\/\/www.purejewels.com\/de\/wp-json\/wp\/v2\/media?parent=311163"}],"wp:term":[{"taxonomy":"product_brand","embeddable":true,"href":"https:\/\/www.purejewels.com\/de\/wp-json\/wp\/v2\/product_brand?post=311163"},{"taxonomy":"product_cat","embeddable":true,"href":"https:\/\/www.purejewels.com\/de\/wp-json\/wp\/v2\/product_cat?post=311163"},{"taxonomy":"product_tag","embeddable":true,"href":"https:\/\/www.purejewels.com\/de\/wp-json\/wp\/v2\/product_tag?post=311163"}],"curies":[{"name":"wp","href":"https:\/\/api.w.org\/{rel}","templated":true}]}}