{"id":311221,"date":"2019-10-01T13:45:46","date_gmt":"2019-10-01T12:45:46","guid":{"rendered":"https:\/\/www.purejewels.com\/?post_type=product&#038;p=311221"},"modified":"2026-01-06T08:08:49","modified_gmt":"2026-01-06T08:08:49","slug":"anhanger-aus-22k-gelbgold-mit-antikem-finish","status":"publish","type":"product","link":"https:\/\/www.purejewels.com\/de\/product\/22k-yellow-gold-pendant-with-antique-finish\/","title":{"rendered":"22k Gelbgold Anh\u00e4nger mit antikem Finish"},"content":{"rendered":"<p>&nbsp;<\/p>\n<ul>\n<li>Wt. 9.2 g<\/li>\n<li>Durchmesser 25mm<\/li>\n<li>SKU. 31168<\/li>\n<\/ul>","protected":false},"excerpt":{"rendered":"<ul>\n<li>22k Gelbgold Anh\u00e4nger mit antikem Finish<\/li>\n<li>Wt. 9.2 gms<\/li>\n<li>Durchmesser 25mm<\/li>\n<li>SKU. 31168<\/li>\n<li>Kette ist nicht im Preis enthalten<\/li>\n<li>Alle Preise inklusive Mehrwertsteuer<\/li>\n<li>Alle unsere Produkte sind vom London Assay Office gestempelt.<\/li>\n<li>Alle unsere Gold-Anh\u00e4nger kommt mit Geschenk-Box<\/li>\n<li>Lieferung inbegriffen<\/li>\n<li>Kontaktieren Sie uns \/ chatten Sie mit uns, um unsere Kollektion von indischen Goldanh\u00e4ngern zu sehen<\/li>\n<\/ul>","protected":false},"featured_media":317553,"comment_status":"closed","ping_status":"closed","template":"","meta":{"_eb_attr":"","_crsspst_to_jayantr4sg-hostcom":false},"product_brand":[],"product_cat":[1791,1770,1255,1767,1656,1573,1574],"product_tag":[],"class_list":{"0":"post-311221","1":"product","2":"type-product","3":"status-publish","4":"has-post-thumbnail","6":"product_cat-anniversary-gifts","7":"product_cat-fancy-pendants","8":"product_cat-gold-pendants","9":"product_cat-ladies-pendants","10":"product_cat-rosettes-collections","11":"product_cat-wedding-gifts","12":"product_cat-womens-jewellery","14":"first","15":"outofstock","16":"sale","17":"taxable","18":"shipping-taxable","19":"product-type-simple","20":"add-to-wishlist-before_image"},"yoast_head":"<!-- This site is optimized with the Yoast SEO plugin v27.3 - https:\/\/yoast.com\/product\/yoast-seo-wordpress\/ -->\n<title>22k Yellow Gold Pendant with antique finish | PureJewels<\/title>\n<meta name=\"description\" content=\"Explore our Gold Pendants collection online and Purchase 22k Yellow Gold Pendant with antique finish. Gold pendant Comes with Presentation Box.\" \/>\n<meta name=\"robots\" content=\"index, follow, max-snippet:-1, max-image-preview:large, max-video-preview:-1\" \/>\n<link rel=\"canonical\" href=\"https:\/\/www.purejewels.com\/de\/produkt-2\/anhanger-aus-22k-gelbgold-mit-antikem-finish\/\" \/>\n<meta property=\"og:locale\" content=\"de_DE\" \/>\n<meta property=\"og:type\" content=\"article\" \/>\n<meta property=\"og:title\" content=\"22k Yellow Gold Pendant with antique finish | PureJewels\" \/>\n<meta property=\"og:description\" content=\"Explore our Gold Pendants collection online and Purchase 22k Yellow Gold Pendant with antique finish. Gold pendant Comes with Presentation Box.\" \/>\n<meta property=\"og:url\" content=\"https:\/\/www.purejewels.com\/de\/produkt-2\/anhanger-aus-22k-gelbgold-mit-antikem-finish\/\" \/>\n<meta property=\"og:site_name\" content=\"PureJewels UK\" \/>\n<meta property=\"article:modified_time\" content=\"2026-01-06T08:08:49+00:00\" \/>\n<meta property=\"og:image\" content=\"https:\/\/www.purejewels.com\/wp-content\/uploads\/2020\/09\/image186654696.jpg\" \/>\n\t<meta property=\"og:image:width\" content=\"1000\" \/>\n\t<meta property=\"og:image:height\" content=\"1000\" \/>\n\t<meta property=\"og:image:type\" content=\"image\/jpeg\" \/>\n<meta name=\"twitter:card\" content=\"summary_large_image\" \/>\n<script type=\"application\/ld+json\" class=\"yoast-schema-graph\">{\"@context\":\"https:\\\/\\\/schema.org\",\"@graph\":[{\"@type\":[\"WebPage\",\"ItemPage\"],\"@id\":\"https:\\\/\\\/www.purejewels.com\\\/product\\\/22k-yellow-gold-pendant-with-antique-finish\\\/\",\"url\":\"https:\\\/\\\/www.purejewels.com\\\/product\\\/22k-yellow-gold-pendant-with-antique-finish\\\/\",\"name\":\"22k Yellow Gold Pendant with antique finish | PureJewels\",\"isPartOf\":{\"@id\":\"https:\\\/\\\/www.purejewels.com\\\/#website\"},\"primaryImageOfPage\":{\"@id\":\"https:\\\/\\\/www.purejewels.com\\\/product\\\/22k-yellow-gold-pendant-with-antique-finish\\\/#primaryimage\"},\"image\":{\"@id\":\"https:\\\/\\\/www.purejewels.com\\\/product\\\/22k-yellow-gold-pendant-with-antique-finish\\\/#primaryimage\"},\"thumbnailUrl\":\"https:\\\/\\\/static.purejewels.com\\\/wp-content\\\/uploads\\\/2020\\\/09\\\/image186654696.jpg\",\"datePublished\":\"2019-10-01T12:45:46+00:00\",\"dateModified\":\"2026-01-06T08:08:49+00:00\",\"description\":\"Explore our Gold Pendants collection online and Purchase 22k Yellow Gold Pendant with antique finish. Gold pendant Comes with Presentation Box.\",\"breadcrumb\":{\"@id\":\"https:\\\/\\\/www.purejewels.com\\\/product\\\/22k-yellow-gold-pendant-with-antique-finish\\\/#breadcrumb\"},\"inLanguage\":\"de\",\"potentialAction\":[{\"@type\":\"ReadAction\",\"target\":[\"https:\\\/\\\/www.purejewels.com\\\/product\\\/22k-yellow-gold-pendant-with-antique-finish\\\/\"]}]},{\"@type\":\"ImageObject\",\"inLanguage\":\"de\",\"@id\":\"https:\\\/\\\/www.purejewels.com\\\/product\\\/22k-yellow-gold-pendant-with-antique-finish\\\/#primaryimage\",\"url\":\"https:\\\/\\\/static.purejewels.com\\\/wp-content\\\/uploads\\\/2020\\\/09\\\/image186654696.jpg\",\"contentUrl\":\"https:\\\/\\\/static.purejewels.com\\\/wp-content\\\/uploads\\\/2020\\\/09\\\/image186654696.jpg\",\"width\":1000,\"height\":1000,\"caption\":\"22k Yellow Gold Pendant with antique finishWt. 9.2 gDiameter 25mmSKU. 31168Chain is not included in the PriceAll prices include VATAll our products are hallmarked by London Assay OfficeAll our Gold pendant Comes with Presentation BoxDelivery IncludedContact us \\\/ chat with us to see our collection of Indian Gold Pendant sets\"},{\"@type\":\"BreadcrumbList\",\"@id\":\"https:\\\/\\\/www.purejewels.com\\\/product\\\/22k-yellow-gold-pendant-with-antique-finish\\\/#breadcrumb\",\"itemListElement\":[{\"@type\":\"ListItem\",\"position\":1,\"name\":\"Home\",\"item\":\"https:\\\/\\\/www.purejewels.com\\\/\"},{\"@type\":\"ListItem\",\"position\":2,\"name\":\"Shop\",\"item\":\"https:\\\/\\\/www.purejewels.com\\\/shop\\\/\"},{\"@type\":\"ListItem\",\"position\":3,\"name\":\"22k Yellow Gold Pendant with antique finish\"}]},{\"@type\":\"WebSite\",\"@id\":\"https:\\\/\\\/www.purejewels.com\\\/#website\",\"url\":\"https:\\\/\\\/www.purejewels.com\\\/\",\"name\":\"PureJewels UK\",\"description\":\"Share the Love\",\"publisher\":{\"@id\":\"https:\\\/\\\/www.purejewels.com\\\/#organization\"},\"potentialAction\":[{\"@type\":\"SearchAction\",\"target\":{\"@type\":\"EntryPoint\",\"urlTemplate\":\"https:\\\/\\\/www.purejewels.com\\\/?s={search_term_string}\"},\"query-input\":{\"@type\":\"PropertyValueSpecification\",\"valueRequired\":true,\"valueName\":\"search_term_string\"}}],\"inLanguage\":\"de\"},{\"@type\":\"Organization\",\"@id\":\"https:\\\/\\\/www.purejewels.com\\\/#organization\",\"name\":\"PureJewels UK\",\"url\":\"https:\\\/\\\/www.purejewels.com\\\/\",\"logo\":{\"@type\":\"ImageObject\",\"inLanguage\":\"de\",\"@id\":\"https:\\\/\\\/www.purejewels.com\\\/#\\\/schema\\\/logo\\\/image\\\/\",\"url\":\"https:\\\/\\\/static.purejewels.com\\\/wp-content\\\/uploads\\\/2020\\\/11\\\/Logo-PJ-New-1.png\",\"contentUrl\":\"https:\\\/\\\/static.purejewels.com\\\/wp-content\\\/uploads\\\/2020\\\/11\\\/Logo-PJ-New-1.png\",\"width\":150,\"height\":80,\"caption\":\"PureJewels UK\"},\"image\":{\"@id\":\"https:\\\/\\\/www.purejewels.com\\\/#\\\/schema\\\/logo\\\/image\\\/\"}}]}<\/script>\n<!-- \/ Yoast SEO plugin. -->","yoast_head_json":{"title":"22k Gelbgold-Anh\u00e4nger mit antikem Finish | PureJewels","description":"Entdecken Sie unsere Gold-Anh\u00e4nger-Kollektion online und kaufen Sie 22k Gelbgold-Anh\u00e4nger mit antiker Oberfl\u00e4che. Gold-Anh\u00e4nger kommt mit Pr\u00e4sentationsbox.","robots":{"index":"index","follow":"follow","max-snippet":"max-snippet:-1","max-image-preview":"max-image-preview:large","max-video-preview":"max-video-preview:-1"},"canonical":"https:\/\/www.purejewels.com\/de\/produkt-2\/anhanger-aus-22k-gelbgold-mit-antikem-finish\/","og_locale":"de_DE","og_type":"article","og_title":"22k Yellow Gold Pendant with antique finish | PureJewels","og_description":"Explore our Gold Pendants collection online and Purchase 22k Yellow Gold Pendant with antique finish. Gold pendant Comes with Presentation Box.","og_url":"https:\/\/www.purejewels.com\/de\/produkt-2\/anhanger-aus-22k-gelbgold-mit-antikem-finish\/","og_site_name":"PureJewels UK","article_modified_time":"2026-01-06T08:08:49+00:00","og_image":[{"width":1000,"height":1000,"url":"https:\/\/www.purejewels.com\/wp-content\/uploads\/2020\/09\/image186654696.jpg","type":"image\/jpeg"}],"twitter_card":"summary_large_image","schema":{"@context":"https:\/\/schema.org","@graph":[{"@type":["WebPage","ItemPage"],"@id":"https:\/\/www.purejewels.com\/product\/22k-yellow-gold-pendant-with-antique-finish\/","url":"https:\/\/www.purejewels.com\/product\/22k-yellow-gold-pendant-with-antique-finish\/","name":"22k Gelbgold-Anh\u00e4nger mit antikem Finish | PureJewels","isPartOf":{"@id":"https:\/\/www.purejewels.com\/#website"},"primaryImageOfPage":{"@id":"https:\/\/www.purejewels.com\/product\/22k-yellow-gold-pendant-with-antique-finish\/#primaryimage"},"image":{"@id":"https:\/\/www.purejewels.com\/product\/22k-yellow-gold-pendant-with-antique-finish\/#primaryimage"},"thumbnailUrl":"https:\/\/static.purejewels.com\/wp-content\/uploads\/2020\/09\/image186654696.jpg","datePublished":"2019-10-01T12:45:46+00:00","dateModified":"2026-01-06T08:08:49+00:00","description":"Entdecken Sie unsere Gold-Anh\u00e4nger-Kollektion online und kaufen Sie 22k Gelbgold-Anh\u00e4nger mit antiker Oberfl\u00e4che. Gold-Anh\u00e4nger kommt mit Pr\u00e4sentationsbox.","breadcrumb":{"@id":"https:\/\/www.purejewels.com\/product\/22k-yellow-gold-pendant-with-antique-finish\/#breadcrumb"},"inLanguage":"de","potentialAction":[{"@type":"ReadAction","target":["https:\/\/www.purejewels.com\/product\/22k-yellow-gold-pendant-with-antique-finish\/"]}]},{"@type":"ImageObject","inLanguage":"de","@id":"https:\/\/www.purejewels.com\/product\/22k-yellow-gold-pendant-with-antique-finish\/#primaryimage","url":"https:\/\/static.purejewels.com\/wp-content\/uploads\/2020\/09\/image186654696.jpg","contentUrl":"https:\/\/static.purejewels.com\/wp-content\/uploads\/2020\/09\/image186654696.jpg","width":1000,"height":1000,"caption":"22k Yellow Gold Pendant with antique finishWt. 9.2 gDiameter 25mmSKU. 31168Chain is not included in the PriceAll prices include VATAll our products are hallmarked by London Assay OfficeAll our Gold pendant Comes with Presentation BoxDelivery IncludedContact us \/ chat with us to see our collection of Indian Gold Pendant sets"},{"@type":"BreadcrumbList","@id":"https:\/\/www.purejewels.com\/product\/22k-yellow-gold-pendant-with-antique-finish\/#breadcrumb","itemListElement":[{"@type":"ListItem","position":1,"name":"Home","item":"https:\/\/www.purejewels.com\/"},{"@type":"ListItem","position":2,"name":"Shop","item":"https:\/\/www.purejewels.com\/shop\/"},{"@type":"ListItem","position":3,"name":"22k Yellow Gold Pendant with antique finish"}]},{"@type":"WebSite","@id":"https:\/\/www.purejewels.com\/#website","url":"https:\/\/www.purejewels.com\/","name":"PureJewels UK","description":"Teile die Liebe","publisher":{"@id":"https:\/\/www.purejewels.com\/#organization"},"potentialAction":[{"@type":"SearchAction","target":{"@type":"EntryPoint","urlTemplate":"https:\/\/www.purejewels.com\/?s={search_term_string}"},"query-input":{"@type":"PropertyValueSpecification","valueRequired":true,"valueName":"search_term_string"}}],"inLanguage":"de"},{"@type":"Organization","@id":"https:\/\/www.purejewels.com\/#organization","name":"PureJewels UK","url":"https:\/\/www.purejewels.com\/","logo":{"@type":"ImageObject","inLanguage":"de","@id":"https:\/\/www.purejewels.com\/#\/schema\/logo\/image\/","url":"https:\/\/static.purejewels.com\/wp-content\/uploads\/2020\/11\/Logo-PJ-New-1.png","contentUrl":"https:\/\/static.purejewels.com\/wp-content\/uploads\/2020\/11\/Logo-PJ-New-1.png","width":150,"height":80,"caption":"PureJewels UK"},"image":{"@id":"https:\/\/www.purejewels.com\/#\/schema\/logo\/image\/"}}]}},"_links":{"self":[{"href":"https:\/\/www.purejewels.com\/de\/wp-json\/wp\/v2\/product\/311221","targetHints":{"allow":["GET"]}}],"collection":[{"href":"https:\/\/www.purejewels.com\/de\/wp-json\/wp\/v2\/product"}],"about":[{"href":"https:\/\/www.purejewels.com\/de\/wp-json\/wp\/v2\/types\/product"}],"replies":[{"embeddable":true,"href":"https:\/\/www.purejewels.com\/de\/wp-json\/wp\/v2\/comments?post=311221"}],"version-history":[{"count":1,"href":"https:\/\/www.purejewels.com\/de\/wp-json\/wp\/v2\/product\/311221\/revisions"}],"predecessor-version":[{"id":388528,"href":"https:\/\/www.purejewels.com\/de\/wp-json\/wp\/v2\/product\/311221\/revisions\/388528"}],"wp:featuredmedia":[{"embeddable":true,"href":"https:\/\/www.purejewels.com\/de\/wp-json\/wp\/v2\/media\/317553"}],"wp:attachment":[{"href":"https:\/\/www.purejewels.com\/de\/wp-json\/wp\/v2\/media?parent=311221"}],"wp:term":[{"taxonomy":"product_brand","embeddable":true,"href":"https:\/\/www.purejewels.com\/de\/wp-json\/wp\/v2\/product_brand?post=311221"},{"taxonomy":"product_cat","embeddable":true,"href":"https:\/\/www.purejewels.com\/de\/wp-json\/wp\/v2\/product_cat?post=311221"},{"taxonomy":"product_tag","embeddable":true,"href":"https:\/\/www.purejewels.com\/de\/wp-json\/wp\/v2\/product_tag?post=311221"}],"curies":[{"name":"wp","href":"https:\/\/api.w.org\/{rel}","templated":true}]}}