{"id":311231,"date":"2019-10-01T13:55:39","date_gmt":"2019-10-01T12:55:39","guid":{"rendered":"https:\/\/www.purejewels.com\/?post_type=product&#038;p=311231"},"modified":"2026-01-07T05:15:38","modified_gmt":"2026-01-07T05:15:38","slug":"ring-aus-22-karat-gold-mit-antikem-finish-5","status":"publish","type":"product","link":"https:\/\/www.purejewels.com\/de\/product\/22-carat-gold-ring-with-antique-finish-5\/","title":{"rendered":"22 Karat Gold Ring mit Blumenmuster und Antik-Finish | Gr\u00f6\u00dfe J"},"content":{"rendered":"<p>Diese <a href=\"https:\/\/www.purejewels.com\/de\/product\/22ct-gold-ring-antique-ring-41034\/\">22 Karat Gold Ring<\/a> mit <a href=\"https:\/\/www.purejewels.com\/de\/armari-collection\/\">Antike Ausf\u00fchrung<\/a> spiegelt den Reichtum traditioneller indischer Schmuckkunst wider. Der Ring ist mit skulpturalen Blumenelementen verziert, die sorgf\u00e4ltig gestaltet wurden, um Textur, Tiefe und ein Gef\u00fchl f\u00fcr traditionelle Handwerkskunst zu vermitteln.<\/p>\n<p>Die antike Oberfl\u00e4che unterstreicht die Details und verleiht dem Ring eine zeitlose Eleganz, die an Erbst\u00fccke erinnert, die \u00fcber Generationen weitergegeben wurden. Sein strukturiertes und dennoch bequemes Band sorgt f\u00fcr einen sicheren und angenehmen Sitz, sodass er auch \u00fcber l\u00e4ngere Zeit getragen werden kann.<\/p>\n<p>Dieser Ring in Gr\u00f6\u00dfe J eignet sich ideal f\u00fcr festliche Anl\u00e4sse, kulturelle Feierlichkeiten oder als unverwechselbares Statement-St\u00fcck f\u00fcr alle, die kunstvollen Goldschmuck sch\u00e4tzen. Mit seiner eleganten Balance aus Tradition und Handwerkskunst ist er ein Schmuckst\u00fcck, das Sie \u00fcber Jahre hinweg begeistern wird.<\/p>","protected":false},"excerpt":{"rendered":"<p>Ein aufwendig gearbeiteter Ring aus 22 Karat Gold mit Antik-Finish, entworfen in Gr\u00f6\u00dfe J und inspiriert von traditionellen Blumenmotiven.<\/p>\n<ul>\n<li>22 Karat Gold Ring mit antikem Finish<\/li>\n<li>Gewicht: 6,6 g<\/li>\n<li>Gr\u00f6\u00dfe. J<\/li>\n<li>SKU. 31177<\/li>\n<li>Alle Preise inklusive Mehrwertsteuer<\/li>\n<li>22ct Gold gestempelt von London Assay Office<\/li>\n<li>Mit Pr\u00e4sentationsbox<\/li>\n<li>Lieferung inbegriffen<\/li>\n<li>Live-Chat mit uns f\u00fcr die Verf\u00fcgbarkeit und mehr Bilder von \u00e4hnlichen Designs derzeit auf Lager<\/li>\n<\/ul>","protected":false},"featured_media":312990,"comment_status":"closed","ping_status":"closed","template":"","meta":{"_eb_attr":"","_crsspst_to_jayantr4sg-hostcom":false},"product_brand":[],"product_cat":[1235],"product_tag":[],"class_list":{"0":"post-311231","1":"product","2":"type-product","3":"status-publish","4":"has-post-thumbnail","6":"product_cat-gold-rings","8":"first","9":"outofstock","10":"taxable","11":"shipping-taxable","12":"product-type-simple","13":"add-to-wishlist-before_image"},"yoast_head":"<!-- This site is optimized with the Yoast SEO plugin v27.3 - https:\/\/yoast.com\/product\/yoast-seo-wordpress\/ -->\n<title>22 Carat Gold Antique Finish Ring Size J | Gold Jewellery<\/title>\n<meta name=\"description\" content=\"Beautifully crafted 22 carat gold ring with an antique finish, size J. Featuring intricate floral detailing inspired by classic Indian jewellery.\" \/>\n<meta name=\"robots\" content=\"index, follow, max-snippet:-1, max-image-preview:large, max-video-preview:-1\" \/>\n<link rel=\"canonical\" href=\"https:\/\/www.purejewels.com\/de\/produkt-2\/ring-aus-22-karat-gold-mit-antikem-finish-5\/\" \/>\n<meta property=\"og:locale\" content=\"de_DE\" \/>\n<meta property=\"og:type\" content=\"article\" \/>\n<meta property=\"og:title\" content=\"22 Carat Gold Antique Finish Ring Size J | Gold Jewellery\" \/>\n<meta property=\"og:description\" content=\"Beautifully crafted 22 carat gold ring with an antique finish, size J. Featuring intricate floral detailing inspired by classic Indian jewellery.\" \/>\n<meta property=\"og:url\" content=\"https:\/\/www.purejewels.com\/de\/produkt-2\/ring-aus-22-karat-gold-mit-antikem-finish-5\/\" \/>\n<meta property=\"og:site_name\" content=\"PureJewels UK\" \/>\n<meta property=\"article:modified_time\" content=\"2026-01-07T05:15:38+00:00\" \/>\n<meta property=\"og:image\" content=\"https:\/\/static.purejewels.com\/wp-content\/uploads\/2020\/03\/139781667.jpg\" \/>\n\t<meta property=\"og:image:width\" content=\"1000\" \/>\n\t<meta property=\"og:image:height\" content=\"1000\" \/>\n\t<meta property=\"og:image:type\" content=\"image\/jpeg\" \/>\n<meta name=\"twitter:card\" content=\"summary_large_image\" \/>\n<meta name=\"twitter:label1\" content=\"Gesch\u00e4tzte Lesezeit\" \/>\n\t<meta name=\"twitter:data1\" content=\"1\u00a0Minute\" \/>\n<script type=\"application\/ld+json\" class=\"yoast-schema-graph\">{\"@context\":\"https:\\\/\\\/schema.org\",\"@graph\":[{\"@type\":[\"WebPage\",\"ItemPage\"],\"@id\":\"https:\\\/\\\/www.purejewels.com\\\/product\\\/22-carat-gold-ring-with-antique-finish-5\\\/\",\"url\":\"https:\\\/\\\/www.purejewels.com\\\/product\\\/22-carat-gold-ring-with-antique-finish-5\\\/\",\"name\":\"22 Carat Gold Antique Finish Ring Size J | Gold Jewellery\",\"isPartOf\":{\"@id\":\"https:\\\/\\\/www.purejewels.com\\\/#website\"},\"primaryImageOfPage\":{\"@id\":\"https:\\\/\\\/www.purejewels.com\\\/product\\\/22-carat-gold-ring-with-antique-finish-5\\\/#primaryimage\"},\"image\":{\"@id\":\"https:\\\/\\\/www.purejewels.com\\\/product\\\/22-carat-gold-ring-with-antique-finish-5\\\/#primaryimage\"},\"thumbnailUrl\":\"https:\\\/\\\/static.purejewels.com\\\/wp-content\\\/uploads\\\/2020\\\/03\\\/139781667.jpg\",\"datePublished\":\"2019-10-01T12:55:39+00:00\",\"dateModified\":\"2026-01-07T05:15:38+00:00\",\"description\":\"Beautifully crafted 22 carat gold ring with an antique finish, size J. Featuring intricate floral detailing inspired by classic Indian jewellery.\",\"breadcrumb\":{\"@id\":\"https:\\\/\\\/www.purejewels.com\\\/product\\\/22-carat-gold-ring-with-antique-finish-5\\\/#breadcrumb\"},\"inLanguage\":\"de\",\"potentialAction\":[{\"@type\":\"ReadAction\",\"target\":[\"https:\\\/\\\/www.purejewels.com\\\/product\\\/22-carat-gold-ring-with-antique-finish-5\\\/\"]}]},{\"@type\":\"ImageObject\",\"inLanguage\":\"de\",\"@id\":\"https:\\\/\\\/www.purejewels.com\\\/product\\\/22-carat-gold-ring-with-antique-finish-5\\\/#primaryimage\",\"url\":\"https:\\\/\\\/static.purejewels.com\\\/wp-content\\\/uploads\\\/2020\\\/03\\\/139781667.jpg\",\"contentUrl\":\"https:\\\/\\\/static.purejewels.com\\\/wp-content\\\/uploads\\\/2020\\\/03\\\/139781667.jpg\",\"width\":1000,\"height\":1000,\"caption\":\"Rosettes Collection 22ct Gold Ring Antique Ring RSRG059\"},{\"@type\":\"BreadcrumbList\",\"@id\":\"https:\\\/\\\/www.purejewels.com\\\/product\\\/22-carat-gold-ring-with-antique-finish-5\\\/#breadcrumb\",\"itemListElement\":[{\"@type\":\"ListItem\",\"position\":1,\"name\":\"Home\",\"item\":\"https:\\\/\\\/www.purejewels.com\\\/\"},{\"@type\":\"ListItem\",\"position\":2,\"name\":\"Shop\",\"item\":\"https:\\\/\\\/www.purejewels.com\\\/shop\\\/\"},{\"@type\":\"ListItem\",\"position\":3,\"name\":\"22ct Gold Antique Finish Floral Ring | Size J\"}]},{\"@type\":\"WebSite\",\"@id\":\"https:\\\/\\\/www.purejewels.com\\\/#website\",\"url\":\"https:\\\/\\\/www.purejewels.com\\\/\",\"name\":\"PureJewels UK\",\"description\":\"Share the Love\",\"publisher\":{\"@id\":\"https:\\\/\\\/www.purejewels.com\\\/#organization\"},\"potentialAction\":[{\"@type\":\"SearchAction\",\"target\":{\"@type\":\"EntryPoint\",\"urlTemplate\":\"https:\\\/\\\/www.purejewels.com\\\/?s={search_term_string}\"},\"query-input\":{\"@type\":\"PropertyValueSpecification\",\"valueRequired\":true,\"valueName\":\"search_term_string\"}}],\"inLanguage\":\"de\"},{\"@type\":\"Organization\",\"@id\":\"https:\\\/\\\/www.purejewels.com\\\/#organization\",\"name\":\"PureJewels UK\",\"url\":\"https:\\\/\\\/www.purejewels.com\\\/\",\"logo\":{\"@type\":\"ImageObject\",\"inLanguage\":\"de\",\"@id\":\"https:\\\/\\\/www.purejewels.com\\\/#\\\/schema\\\/logo\\\/image\\\/\",\"url\":\"https:\\\/\\\/static.purejewels.com\\\/wp-content\\\/uploads\\\/2020\\\/11\\\/Logo-PJ-New-1.png\",\"contentUrl\":\"https:\\\/\\\/static.purejewels.com\\\/wp-content\\\/uploads\\\/2020\\\/11\\\/Logo-PJ-New-1.png\",\"width\":150,\"height\":80,\"caption\":\"PureJewels UK\"},\"image\":{\"@id\":\"https:\\\/\\\/www.purejewels.com\\\/#\\\/schema\\\/logo\\\/image\\\/\"}}]}<\/script>\n<!-- \/ Yoast SEO plugin. -->","yoast_head_json":{"title":"22 Karat Gold Ring mit Antik-Finish Gr\u00f6\u00dfe J | Goldschmuck","description":"Wundersch\u00f6n gearbeiteter Ring aus 22 Karat Gold mit Antik-Finish, Gr\u00f6\u00dfe J. Mit aufwendigen floralen Details, inspiriert von klassischem indischem Schmuck.","robots":{"index":"index","follow":"follow","max-snippet":"max-snippet:-1","max-image-preview":"max-image-preview:large","max-video-preview":"max-video-preview:-1"},"canonical":"https:\/\/www.purejewels.com\/de\/produkt-2\/ring-aus-22-karat-gold-mit-antikem-finish-5\/","og_locale":"de_DE","og_type":"article","og_title":"22 Carat Gold Antique Finish Ring Size J | Gold Jewellery","og_description":"Beautifully crafted 22 carat gold ring with an antique finish, size J. Featuring intricate floral detailing inspired by classic Indian jewellery.","og_url":"https:\/\/www.purejewels.com\/de\/produkt-2\/ring-aus-22-karat-gold-mit-antikem-finish-5\/","og_site_name":"PureJewels UK","article_modified_time":"2026-01-07T05:15:38+00:00","og_image":[{"width":1000,"height":1000,"url":"https:\/\/static.purejewels.com\/wp-content\/uploads\/2020\/03\/139781667.jpg","type":"image\/jpeg"}],"twitter_card":"summary_large_image","twitter_misc":{"Gesch\u00e4tzte Lesezeit":"1\u00a0Minute"},"schema":{"@context":"https:\/\/schema.org","@graph":[{"@type":["WebPage","ItemPage"],"@id":"https:\/\/www.purejewels.com\/product\/22-carat-gold-ring-with-antique-finish-5\/","url":"https:\/\/www.purejewels.com\/product\/22-carat-gold-ring-with-antique-finish-5\/","name":"22 Karat Gold Ring mit Antik-Finish Gr\u00f6\u00dfe J | Goldschmuck","isPartOf":{"@id":"https:\/\/www.purejewels.com\/#website"},"primaryImageOfPage":{"@id":"https:\/\/www.purejewels.com\/product\/22-carat-gold-ring-with-antique-finish-5\/#primaryimage"},"image":{"@id":"https:\/\/www.purejewels.com\/product\/22-carat-gold-ring-with-antique-finish-5\/#primaryimage"},"thumbnailUrl":"https:\/\/static.purejewels.com\/wp-content\/uploads\/2020\/03\/139781667.jpg","datePublished":"2019-10-01T12:55:39+00:00","dateModified":"2026-01-07T05:15:38+00:00","description":"Wundersch\u00f6n gearbeiteter Ring aus 22 Karat Gold mit Antik-Finish, Gr\u00f6\u00dfe J. Mit aufwendigen floralen Details, inspiriert von klassischem indischem Schmuck.","breadcrumb":{"@id":"https:\/\/www.purejewels.com\/product\/22-carat-gold-ring-with-antique-finish-5\/#breadcrumb"},"inLanguage":"de","potentialAction":[{"@type":"ReadAction","target":["https:\/\/www.purejewels.com\/product\/22-carat-gold-ring-with-antique-finish-5\/"]}]},{"@type":"ImageObject","inLanguage":"de","@id":"https:\/\/www.purejewels.com\/product\/22-carat-gold-ring-with-antique-finish-5\/#primaryimage","url":"https:\/\/static.purejewels.com\/wp-content\/uploads\/2020\/03\/139781667.jpg","contentUrl":"https:\/\/static.purejewels.com\/wp-content\/uploads\/2020\/03\/139781667.jpg","width":1000,"height":1000,"caption":"Rosettes Collection 22ct Gold Ring Antique Ring RSRG059"},{"@type":"BreadcrumbList","@id":"https:\/\/www.purejewels.com\/product\/22-carat-gold-ring-with-antique-finish-5\/#breadcrumb","itemListElement":[{"@type":"ListItem","position":1,"name":"Home","item":"https:\/\/www.purejewels.com\/"},{"@type":"ListItem","position":2,"name":"Shop","item":"https:\/\/www.purejewels.com\/shop\/"},{"@type":"ListItem","position":3,"name":"22ct Gold Antique Finish Floral Ring | Size J"}]},{"@type":"WebSite","@id":"https:\/\/www.purejewels.com\/#website","url":"https:\/\/www.purejewels.com\/","name":"PureJewels UK","description":"Teile die Liebe","publisher":{"@id":"https:\/\/www.purejewels.com\/#organization"},"potentialAction":[{"@type":"SearchAction","target":{"@type":"EntryPoint","urlTemplate":"https:\/\/www.purejewels.com\/?s={search_term_string}"},"query-input":{"@type":"PropertyValueSpecification","valueRequired":true,"valueName":"search_term_string"}}],"inLanguage":"de"},{"@type":"Organization","@id":"https:\/\/www.purejewels.com\/#organization","name":"PureJewels UK","url":"https:\/\/www.purejewels.com\/","logo":{"@type":"ImageObject","inLanguage":"de","@id":"https:\/\/www.purejewels.com\/#\/schema\/logo\/image\/","url":"https:\/\/static.purejewels.com\/wp-content\/uploads\/2020\/11\/Logo-PJ-New-1.png","contentUrl":"https:\/\/static.purejewels.com\/wp-content\/uploads\/2020\/11\/Logo-PJ-New-1.png","width":150,"height":80,"caption":"PureJewels UK"},"image":{"@id":"https:\/\/www.purejewels.com\/#\/schema\/logo\/image\/"}}]}},"_links":{"self":[{"href":"https:\/\/www.purejewels.com\/de\/wp-json\/wp\/v2\/product\/311231","targetHints":{"allow":["GET"]}}],"collection":[{"href":"https:\/\/www.purejewels.com\/de\/wp-json\/wp\/v2\/product"}],"about":[{"href":"https:\/\/www.purejewels.com\/de\/wp-json\/wp\/v2\/types\/product"}],"replies":[{"embeddable":true,"href":"https:\/\/www.purejewels.com\/de\/wp-json\/wp\/v2\/comments?post=311231"}],"version-history":[{"count":2,"href":"https:\/\/www.purejewels.com\/de\/wp-json\/wp\/v2\/product\/311231\/revisions"}],"predecessor-version":[{"id":424142,"href":"https:\/\/www.purejewels.com\/de\/wp-json\/wp\/v2\/product\/311231\/revisions\/424142"}],"wp:featuredmedia":[{"embeddable":true,"href":"https:\/\/www.purejewels.com\/de\/wp-json\/wp\/v2\/media\/312990"}],"wp:attachment":[{"href":"https:\/\/www.purejewels.com\/de\/wp-json\/wp\/v2\/media?parent=311231"}],"wp:term":[{"taxonomy":"product_brand","embeddable":true,"href":"https:\/\/www.purejewels.com\/de\/wp-json\/wp\/v2\/product_brand?post=311231"},{"taxonomy":"product_cat","embeddable":true,"href":"https:\/\/www.purejewels.com\/de\/wp-json\/wp\/v2\/product_cat?post=311231"},{"taxonomy":"product_tag","embeddable":true,"href":"https:\/\/www.purejewels.com\/de\/wp-json\/wp\/v2\/product_tag?post=311231"}],"curies":[{"name":"wp","href":"https:\/\/api.w.org\/{rel}","templated":true}]}}