{"id":311351,"date":"2019-10-07T17:19:38","date_gmt":"2019-10-07T16:19:38","guid":{"rendered":"https:\/\/www.purejewels.com\/?post_type=product&#038;p=311351"},"modified":"2026-03-05T12:59:50","modified_gmt":"2026-03-05T12:59:50","slug":"22k-gold-seil-kette-22-zoll","status":"publish","type":"product","link":"https:\/\/www.purejewels.com\/de\/product\/22k-gold-rope-chain-22-inches\/","title":{"rendered":"22k Gold Rope Kette 22 Zoll"},"content":{"rendered":"<p>Von Natur aus weich und elegant, ist dieses <a href=\"https:\/\/www.purejewels.com\/de\/product\/22ct-gold-jali-filigree-ring-jali-collection-31926\/\">22ct<\/a> <a href=\"https:\/\/www.purejewels.com\/de\/product\/22ct-gold-rope-chain-53063\/\">Goldseilkette<\/a> gie\u00dft Luxus in jeden Zentimeter seiner selbst. Die seidenen Str\u00e4nge aus 22-kar\u00e4tigem Gold, die auf raffinierte Weise miteinander verbunden sind, inspirieren sich an dem Muster eines Seils: Diese 22-kar\u00e4tige Goldkette ist die perfekte Kette f\u00fcr alle, die ihrer Sammlung etwas Glanz und Schimmer verleihen m\u00f6chten. Herausragend unter all den <a href=\"https:\/\/www.purejewels.com\/de\/produkt-kategorie\/22-karatiger-goldschmuck\/goldketten\/\">22-kar\u00e4tige Goldkette<\/a> Designs bietet diese Seilkette Vielseitigkeit und Luxus in jeder Umgebung. Erh\u00e4ltlich in 4 verschiedenen L\u00e4ngen von 16\u201d 18\u201d 20\u201d 22\u201d ist diese 22ct Kette ideal f\u00fcr jeden. Sie kann auf Anfrage in verschiedenen Goldt\u00f6nen hergestellt werden. Diese Kette wurde mit h\u00f6chster Qualit\u00e4t und Sorgfalt entworfen und verbindet Qualit\u00e4t mit Luxus zu einem exquisiten St\u00fcck.<\/p>","protected":false},"excerpt":{"rendered":"<ul>\n<li>22k Gold Rope Kette 22 Zoll<\/li>\n<li>Gewicht: 7,2 g<\/li>\n<li>L\u00e4nge: 22? Zoll<\/li>\n<li>Sku.30629<\/li>\n<li>Alle Preise inklusive Mehrwertsteuer<\/li>\n<li>Alle unsere Produkte sind vom London Assay Office gestempelt.<\/li>\n<li>Mit Pr\u00e4sentationsbox<\/li>\n<li>Lieferung inbegriffen<\/li>\n<li>Chatten Sie mit uns f\u00fcr mehr L\u00e4ngen und Gewichte von \u00e4hnlichen gold rope chain uk<\/li>\n<\/ul>","protected":false},"featured_media":304614,"comment_status":"closed","ping_status":"closed","template":"","meta":{"_eb_attr":"","_crsspst_to_jayantr4sg-hostcom":false},"product_brand":[],"product_cat":[1475,1773,1774],"product_tag":[],"class_list":{"0":"post-311351","1":"product","2":"type-product","3":"status-publish","4":"has-post-thumbnail","6":"product_cat-gold-chains","7":"product_cat-ladies-chains","8":"product_cat-mens-chains","10":"first","11":"outofstock","12":"taxable","13":"shipping-taxable","14":"product-type-simple","15":"add-to-wishlist-before_image"},"yoast_head":"<!-- This site is optimized with the Yoast SEO plugin v27.3 - https:\/\/yoast.com\/product\/yoast-seo-wordpress\/ -->\n<title>22ct Gold Rope Chain Available in 4 different lengths of 16\u201d 18\u201d 20\u201d 22\u201d<\/title>\n<meta name=\"description\" content=\"Soft and elegant by nature, this 22ct Gold Rope Chain pours luxury into every inch of itself. Order online for free UK delivery.\" \/>\n<meta name=\"robots\" content=\"index, follow, max-snippet:-1, max-image-preview:large, max-video-preview:-1\" \/>\n<link rel=\"canonical\" href=\"https:\/\/www.purejewels.com\/de\/produkt-2\/22k-gold-seil-kette-22-zoll\/\" \/>\n<meta property=\"og:locale\" content=\"de_DE\" \/>\n<meta property=\"og:type\" content=\"article\" \/>\n<meta property=\"og:title\" content=\"22ct Gold Rope Chain Available in 4 different lengths of 16\u201d 18\u201d 20\u201d 22\u201d\" \/>\n<meta property=\"og:description\" content=\"Soft and elegant by nature, this 22ct Gold Rope Chain pours luxury into every inch of itself. Order online for free UK delivery.\" \/>\n<meta property=\"og:url\" content=\"https:\/\/www.purejewels.com\/de\/produkt-2\/22k-gold-seil-kette-22-zoll\/\" \/>\n<meta property=\"og:site_name\" content=\"PureJewels UK\" \/>\n<meta property=\"article:modified_time\" content=\"2026-03-05T12:59:50+00:00\" \/>\n<meta property=\"og:image\" content=\"https:\/\/static.purejewels.com\/wp-content\/uploads\/2018\/05\/23860_11.png\" \/>\n\t<meta property=\"og:image:width\" content=\"1000\" \/>\n\t<meta property=\"og:image:height\" content=\"1000\" \/>\n\t<meta property=\"og:image:type\" content=\"image\/png\" \/>\n<meta name=\"twitter:card\" content=\"summary_large_image\" \/>\n<meta name=\"twitter:label1\" content=\"Gesch\u00e4tzte Lesezeit\" \/>\n\t<meta name=\"twitter:data1\" content=\"1\u00a0Minute\" \/>\n<script type=\"application\/ld+json\" class=\"yoast-schema-graph\">{\"@context\":\"https:\\\/\\\/schema.org\",\"@graph\":[{\"@type\":[\"WebPage\",\"ItemPage\"],\"@id\":\"https:\\\/\\\/www.purejewels.com\\\/product\\\/22k-gold-rope-chain-22-inches\\\/\",\"url\":\"https:\\\/\\\/www.purejewels.com\\\/product\\\/22k-gold-rope-chain-22-inches\\\/\",\"name\":\"22ct Gold Rope Chain Available in 4 different lengths of 16\u201d 18\u201d 20\u201d 22\u201d\",\"isPartOf\":{\"@id\":\"https:\\\/\\\/www.purejewels.com\\\/#website\"},\"primaryImageOfPage\":{\"@id\":\"https:\\\/\\\/www.purejewels.com\\\/product\\\/22k-gold-rope-chain-22-inches\\\/#primaryimage\"},\"image\":{\"@id\":\"https:\\\/\\\/www.purejewels.com\\\/product\\\/22k-gold-rope-chain-22-inches\\\/#primaryimage\"},\"thumbnailUrl\":\"https:\\\/\\\/static.purejewels.com\\\/wp-content\\\/uploads\\\/2018\\\/05\\\/23860_11.png\",\"datePublished\":\"2019-10-07T16:19:38+00:00\",\"dateModified\":\"2026-03-05T12:59:50+00:00\",\"description\":\"Soft and elegant by nature, this 22ct Gold Rope Chain pours luxury into every inch of itself. Order online for free UK delivery.\",\"breadcrumb\":{\"@id\":\"https:\\\/\\\/www.purejewels.com\\\/product\\\/22k-gold-rope-chain-22-inches\\\/#breadcrumb\"},\"inLanguage\":\"de\",\"potentialAction\":[{\"@type\":\"ReadAction\",\"target\":[\"https:\\\/\\\/www.purejewels.com\\\/product\\\/22k-gold-rope-chain-22-inches\\\/\"]}]},{\"@type\":\"ImageObject\",\"inLanguage\":\"de\",\"@id\":\"https:\\\/\\\/www.purejewels.com\\\/product\\\/22k-gold-rope-chain-22-inches\\\/#primaryimage\",\"url\":\"https:\\\/\\\/static.purejewels.com\\\/wp-content\\\/uploads\\\/2018\\\/05\\\/23860_11.png\",\"contentUrl\":\"https:\\\/\\\/static.purejewels.com\\\/wp-content\\\/uploads\\\/2018\\\/05\\\/23860_11.png\",\"width\":1000,\"height\":1000,\"caption\":\"Rope Solid medium weight\"},{\"@type\":\"BreadcrumbList\",\"@id\":\"https:\\\/\\\/www.purejewels.com\\\/product\\\/22k-gold-rope-chain-22-inches\\\/#breadcrumb\",\"itemListElement\":[{\"@type\":\"ListItem\",\"position\":1,\"name\":\"Home\",\"item\":\"https:\\\/\\\/www.purejewels.com\\\/\"},{\"@type\":\"ListItem\",\"position\":2,\"name\":\"Shop\",\"item\":\"https:\\\/\\\/www.purejewels.com\\\/shop\\\/\"},{\"@type\":\"ListItem\",\"position\":3,\"name\":\"22k Gold Rope Chain 22 inches\"}]},{\"@type\":\"WebSite\",\"@id\":\"https:\\\/\\\/www.purejewels.com\\\/#website\",\"url\":\"https:\\\/\\\/www.purejewels.com\\\/\",\"name\":\"PureJewels UK\",\"description\":\"Share the Love\",\"publisher\":{\"@id\":\"https:\\\/\\\/www.purejewels.com\\\/#organization\"},\"potentialAction\":[{\"@type\":\"SearchAction\",\"target\":{\"@type\":\"EntryPoint\",\"urlTemplate\":\"https:\\\/\\\/www.purejewels.com\\\/?s={search_term_string}\"},\"query-input\":{\"@type\":\"PropertyValueSpecification\",\"valueRequired\":true,\"valueName\":\"search_term_string\"}}],\"inLanguage\":\"de\"},{\"@type\":\"Organization\",\"@id\":\"https:\\\/\\\/www.purejewels.com\\\/#organization\",\"name\":\"PureJewels UK\",\"url\":\"https:\\\/\\\/www.purejewels.com\\\/\",\"logo\":{\"@type\":\"ImageObject\",\"inLanguage\":\"de\",\"@id\":\"https:\\\/\\\/www.purejewels.com\\\/#\\\/schema\\\/logo\\\/image\\\/\",\"url\":\"https:\\\/\\\/static.purejewels.com\\\/wp-content\\\/uploads\\\/2020\\\/11\\\/Logo-PJ-New-1.png\",\"contentUrl\":\"https:\\\/\\\/static.purejewels.com\\\/wp-content\\\/uploads\\\/2020\\\/11\\\/Logo-PJ-New-1.png\",\"width\":150,\"height\":80,\"caption\":\"PureJewels UK\"},\"image\":{\"@id\":\"https:\\\/\\\/www.purejewels.com\\\/#\\\/schema\\\/logo\\\/image\\\/\"}}]}<\/script>\n<!-- \/ Yoast SEO plugin. -->","yoast_head_json":{"title":"22ct Gold Rope Chain Erh\u00e4ltlich in 4 verschiedenen L\u00e4ngen von 16\" 18\" 20\" 22\"","description":"Diese von Natur aus weiche und elegante 22-kar\u00e4tige Goldkette verspr\u00fcht Luxus in jedem Zentimeter ihrer L\u00e4nge. Bestellen Sie online f\u00fcr eine kostenlose Lieferung nach Gro\u00dfbritannien.","robots":{"index":"index","follow":"follow","max-snippet":"max-snippet:-1","max-image-preview":"max-image-preview:large","max-video-preview":"max-video-preview:-1"},"canonical":"https:\/\/www.purejewels.com\/de\/produkt-2\/22k-gold-seil-kette-22-zoll\/","og_locale":"de_DE","og_type":"article","og_title":"22ct Gold Rope Chain Available in 4 different lengths of 16\u201d 18\u201d 20\u201d 22\u201d","og_description":"Soft and elegant by nature, this 22ct Gold Rope Chain pours luxury into every inch of itself. Order online for free UK delivery.","og_url":"https:\/\/www.purejewels.com\/de\/produkt-2\/22k-gold-seil-kette-22-zoll\/","og_site_name":"PureJewels UK","article_modified_time":"2026-03-05T12:59:50+00:00","og_image":[{"width":1000,"height":1000,"url":"https:\/\/static.purejewels.com\/wp-content\/uploads\/2018\/05\/23860_11.png","type":"image\/png"}],"twitter_card":"summary_large_image","twitter_misc":{"Gesch\u00e4tzte Lesezeit":"1\u00a0Minute"},"schema":{"@context":"https:\/\/schema.org","@graph":[{"@type":["WebPage","ItemPage"],"@id":"https:\/\/www.purejewels.com\/product\/22k-gold-rope-chain-22-inches\/","url":"https:\/\/www.purejewels.com\/product\/22k-gold-rope-chain-22-inches\/","name":"22ct Gold Rope Chain Erh\u00e4ltlich in 4 verschiedenen L\u00e4ngen von 16\" 18\" 20\" 22\"","isPartOf":{"@id":"https:\/\/www.purejewels.com\/#website"},"primaryImageOfPage":{"@id":"https:\/\/www.purejewels.com\/product\/22k-gold-rope-chain-22-inches\/#primaryimage"},"image":{"@id":"https:\/\/www.purejewels.com\/product\/22k-gold-rope-chain-22-inches\/#primaryimage"},"thumbnailUrl":"https:\/\/static.purejewels.com\/wp-content\/uploads\/2018\/05\/23860_11.png","datePublished":"2019-10-07T16:19:38+00:00","dateModified":"2026-03-05T12:59:50+00:00","description":"Diese von Natur aus weiche und elegante 22-kar\u00e4tige Goldkette verspr\u00fcht Luxus in jedem Zentimeter ihrer L\u00e4nge. Bestellen Sie online f\u00fcr eine kostenlose Lieferung nach Gro\u00dfbritannien.","breadcrumb":{"@id":"https:\/\/www.purejewels.com\/product\/22k-gold-rope-chain-22-inches\/#breadcrumb"},"inLanguage":"de","potentialAction":[{"@type":"ReadAction","target":["https:\/\/www.purejewels.com\/product\/22k-gold-rope-chain-22-inches\/"]}]},{"@type":"ImageObject","inLanguage":"de","@id":"https:\/\/www.purejewels.com\/product\/22k-gold-rope-chain-22-inches\/#primaryimage","url":"https:\/\/static.purejewels.com\/wp-content\/uploads\/2018\/05\/23860_11.png","contentUrl":"https:\/\/static.purejewels.com\/wp-content\/uploads\/2018\/05\/23860_11.png","width":1000,"height":1000,"caption":"Rope Solid medium weight"},{"@type":"BreadcrumbList","@id":"https:\/\/www.purejewels.com\/product\/22k-gold-rope-chain-22-inches\/#breadcrumb","itemListElement":[{"@type":"ListItem","position":1,"name":"Home","item":"https:\/\/www.purejewels.com\/"},{"@type":"ListItem","position":2,"name":"Shop","item":"https:\/\/www.purejewels.com\/shop\/"},{"@type":"ListItem","position":3,"name":"22k Gold Rope Chain 22 inches"}]},{"@type":"WebSite","@id":"https:\/\/www.purejewels.com\/#website","url":"https:\/\/www.purejewels.com\/","name":"PureJewels UK","description":"Teile die Liebe","publisher":{"@id":"https:\/\/www.purejewels.com\/#organization"},"potentialAction":[{"@type":"SearchAction","target":{"@type":"EntryPoint","urlTemplate":"https:\/\/www.purejewels.com\/?s={search_term_string}"},"query-input":{"@type":"PropertyValueSpecification","valueRequired":true,"valueName":"search_term_string"}}],"inLanguage":"de"},{"@type":"Organization","@id":"https:\/\/www.purejewels.com\/#organization","name":"PureJewels UK","url":"https:\/\/www.purejewels.com\/","logo":{"@type":"ImageObject","inLanguage":"de","@id":"https:\/\/www.purejewels.com\/#\/schema\/logo\/image\/","url":"https:\/\/static.purejewels.com\/wp-content\/uploads\/2020\/11\/Logo-PJ-New-1.png","contentUrl":"https:\/\/static.purejewels.com\/wp-content\/uploads\/2020\/11\/Logo-PJ-New-1.png","width":150,"height":80,"caption":"PureJewels UK"},"image":{"@id":"https:\/\/www.purejewels.com\/#\/schema\/logo\/image\/"}}]}},"_links":{"self":[{"href":"https:\/\/www.purejewels.com\/de\/wp-json\/wp\/v2\/product\/311351","targetHints":{"allow":["GET"]}}],"collection":[{"href":"https:\/\/www.purejewels.com\/de\/wp-json\/wp\/v2\/product"}],"about":[{"href":"https:\/\/www.purejewels.com\/de\/wp-json\/wp\/v2\/types\/product"}],"replies":[{"embeddable":true,"href":"https:\/\/www.purejewels.com\/de\/wp-json\/wp\/v2\/comments?post=311351"}],"version-history":[{"count":1,"href":"https:\/\/www.purejewels.com\/de\/wp-json\/wp\/v2\/product\/311351\/revisions"}],"predecessor-version":[{"id":426692,"href":"https:\/\/www.purejewels.com\/de\/wp-json\/wp\/v2\/product\/311351\/revisions\/426692"}],"wp:featuredmedia":[{"embeddable":true,"href":"https:\/\/www.purejewels.com\/de\/wp-json\/wp\/v2\/media\/304614"}],"wp:attachment":[{"href":"https:\/\/www.purejewels.com\/de\/wp-json\/wp\/v2\/media?parent=311351"}],"wp:term":[{"taxonomy":"product_brand","embeddable":true,"href":"https:\/\/www.purejewels.com\/de\/wp-json\/wp\/v2\/product_brand?post=311351"},{"taxonomy":"product_cat","embeddable":true,"href":"https:\/\/www.purejewels.com\/de\/wp-json\/wp\/v2\/product_cat?post=311351"},{"taxonomy":"product_tag","embeddable":true,"href":"https:\/\/www.purejewels.com\/de\/wp-json\/wp\/v2\/product_tag?post=311351"}],"curies":[{"name":"wp","href":"https:\/\/api.w.org\/{rel}","templated":true}]}}