{"id":311422,"date":"2019-10-15T13:07:58","date_gmt":"2019-10-15T12:07:58","guid":{"rendered":"https:\/\/www.purejewels.com\/?post_type=product&#038;p=311422"},"modified":"2026-03-19T07:39:42","modified_gmt":"2026-03-19T07:39:42","slug":"purejewels-ganesh-silber-tola","status":"publish","type":"product","link":"https:\/\/www.purejewels.com\/de\/product\/purejewels-ganesh-silver-tola\/","title":{"rendered":"PureJewels Ganesh Silber Tola"},"content":{"rendered":"<h4>Gott Ganesha<\/h4>\n<h4>Ganesha, der elefantenk\u00f6pfige Sohn von Shiva und Parvati, ist die beliebteste Gottheit des Hinduismus. Er wird auch Ganapati genannt, ist der Gott des Anfangs, der Hindernisse beseitigt und wird vor jeder gr\u00f6\u00dferen Unternehmung verehrt.<\/h4>\n<p data-start=\"439\" data-end=\"706\"><strong data-start=\"439\" data-end=\"456\">Handwerkliches K\u00f6nnen<\/strong><br data-start=\"456\" data-end=\"459\" \/>Jede Tola ist aus Feinsilber gepr\u00e4gt und hochglanzpoliert. Sie ist in Perfektion gefertigt und verbindet Kunstfertigkeit mit spiritueller Bedeutung. Das Design spiegelt Pr\u00e4zision und Reinheit wider - gestempelt und zertifiziert, um dauerhaften Glanz und Authentizit\u00e4t zu gew\u00e4hrleisten.<\/p>\n<p data-start=\"708\" data-end=\"990\"><strong data-start=\"708\" data-end=\"729\">Styling\/Geschenke<\/strong><br data-start=\"729\" data-end=\"732\" \/>Diese silberne Tola ist ideal f\u00fcr festliche Geschenke, Pooja-Zeremonien oder als Andenken an gl\u00fccksverhei\u00dfende Anl\u00e4sse. Sie bringt den Segen f\u00fcr Erfolg und Schutz. Ihre elegante Pr\u00e4sentation macht sie zu einem aufmerksamen Zeichen des guten Willens f\u00fcr pers\u00f6nliche und feierliche Geschenke.<\/p>","protected":false},"excerpt":{"rendered":"<p>Ekadanta Ganesha wird f\u00fcr seine Klugheit und Weisheit verehrt und ist auch als Schutzpatron des Lernens bekannt. Der Legende nach schrieb er das indische Epos Mahabharata nieder, das ihm der alte Weise Vyasa mit seinem abgebrochenen Sto\u00dfzahn diktierte.<\/p>\n<p>PureJewels garantiert hiermit das Gewicht und den Silbergehalt als eine Tola mit einem Reinheitsgrad von 0,9999 und h\u00f6chster Silberqualit\u00e4t.<\/p>\n<p><strong>Jahr der Ausgabe:<\/strong> 2019<br \/>\n<strong>Legierung:<\/strong> 0,9999 Ag<br \/>\n<strong>Gewicht:<\/strong> 1 Tola, 3\/8 Feinunze, 11,7 Gramm<br \/>\n<strong>Durchmesser:<\/strong> 27mm<br \/>\n<strong>Beenden:<\/strong> Unzirkuliert<br \/>\n<strong>Entwurf:<\/strong> PureJewels<br \/>\n<strong>Gestrichen:<\/strong> London, England<br \/>\n<strong>SKU:<\/strong> 43895<\/p>\n<p>Die Tola ist standardisiert als 180 Feinkorn (11,7 Gramm) oder genau 3\/8 Feinunze. Urspr\u00fcnglich ein vedisches Ma\u00df von 100 Ratti-Samen aus dem 16. Jahrhundert, wurde es 1833 in das britisch-indische System f\u00fcr Gewichte und Ma\u00dfe \u00fcbernommen.<\/p>","protected":false},"featured_media":418380,"comment_status":"closed","ping_status":"closed","template":"","meta":{"_eb_attr":"","_crsspst_to_jayantr4sg-hostcom":false},"product_brand":[],"product_cat":[1473,1793,1269,1647],"product_tag":[],"class_list":{"0":"post-311422","1":"product","2":"type-product","3":"status-publish","4":"has-post-thumbnail","6":"product_cat-bars-coins","7":"product_cat-diwali-gifts","8":"product_cat-purejewels-silver-tola","9":"product_cat-silver-coins","11":"first","12":"instock","13":"taxable","14":"shipping-taxable","15":"purchasable","16":"product-type-simple","17":"add-to-wishlist-before_image"},"yoast_head":"<!-- This site is optimized with the Yoast SEO plugin v27.3 - https:\/\/yoast.com\/product\/yoast-seo-wordpress\/ -->\n<title>1 Tola Ganesh Silver Coin by PureJewels available online<\/title>\n<meta name=\"description\" content=\"PureJewels hereby guarantee the weight and silver content as one Tola at 0.9999 purity and the highest quality silver. Free and fast UK delivery.\" \/>\n<meta name=\"robots\" content=\"index, follow, max-snippet:-1, max-image-preview:large, max-video-preview:-1\" \/>\n<link rel=\"canonical\" href=\"https:\/\/www.purejewels.com\/de\/produkt-2\/purejewels-ganesh-silber-tola\/\" \/>\n<meta property=\"og:locale\" content=\"de_DE\" \/>\n<meta property=\"og:type\" content=\"article\" \/>\n<meta property=\"og:title\" content=\"1 Tola Ganesh Silver Coin by PureJewels available online\" \/>\n<meta property=\"og:description\" content=\"PureJewels hereby guarantee the weight and silver content as one Tola at 0.9999 purity and the highest quality silver. Free and fast UK delivery.\" \/>\n<meta property=\"og:url\" content=\"https:\/\/www.purejewels.com\/de\/produkt-2\/purejewels-ganesh-silber-tola\/\" \/>\n<meta property=\"og:site_name\" content=\"PureJewels UK\" \/>\n<meta property=\"article:modified_time\" content=\"2026-03-19T07:39:42+00:00\" \/>\n<meta property=\"og:image\" content=\"https:\/\/static.purejewels.com\/wp-content\/uploads\/2019\/10\/ganpati-diwali-tola.jpg\" \/>\n\t<meta property=\"og:image:width\" content=\"1000\" \/>\n\t<meta property=\"og:image:height\" content=\"1000\" \/>\n\t<meta property=\"og:image:type\" content=\"image\/jpeg\" \/>\n<meta name=\"twitter:card\" content=\"summary_large_image\" \/>\n<meta name=\"twitter:label1\" content=\"Gesch\u00e4tzte Lesezeit\" \/>\n\t<meta name=\"twitter:data1\" content=\"1\u00a0Minute\" \/>\n<script type=\"application\/ld+json\" class=\"yoast-schema-graph\">{\"@context\":\"https:\\\/\\\/schema.org\",\"@graph\":[{\"@type\":[\"WebPage\",\"ItemPage\"],\"@id\":\"https:\\\/\\\/www.purejewels.com\\\/product\\\/purejewels-ganesh-silver-tola\\\/\",\"url\":\"https:\\\/\\\/www.purejewels.com\\\/product\\\/purejewels-ganesh-silver-tola\\\/\",\"name\":\"1 Tola Ganesh Silver Coin by PureJewels available online\",\"isPartOf\":{\"@id\":\"https:\\\/\\\/www.purejewels.com\\\/#website\"},\"primaryImageOfPage\":{\"@id\":\"https:\\\/\\\/www.purejewels.com\\\/product\\\/purejewels-ganesh-silver-tola\\\/#primaryimage\"},\"image\":{\"@id\":\"https:\\\/\\\/www.purejewels.com\\\/product\\\/purejewels-ganesh-silver-tola\\\/#primaryimage\"},\"thumbnailUrl\":\"https:\\\/\\\/static.purejewels.com\\\/wp-content\\\/uploads\\\/2019\\\/10\\\/ganpati-diwali-tola.jpg\",\"datePublished\":\"2019-10-15T12:07:58+00:00\",\"dateModified\":\"2026-03-19T07:39:42+00:00\",\"description\":\"PureJewels hereby guarantee the weight and silver content as one Tola at 0.9999 purity and the highest quality silver. Free and fast UK delivery.\",\"breadcrumb\":{\"@id\":\"https:\\\/\\\/www.purejewels.com\\\/product\\\/purejewels-ganesh-silver-tola\\\/#breadcrumb\"},\"inLanguage\":\"de\",\"potentialAction\":[{\"@type\":\"ReadAction\",\"target\":[\"https:\\\/\\\/www.purejewels.com\\\/product\\\/purejewels-ganesh-silver-tola\\\/\"]}]},{\"@type\":\"ImageObject\",\"inLanguage\":\"de\",\"@id\":\"https:\\\/\\\/www.purejewels.com\\\/product\\\/purejewels-ganesh-silver-tola\\\/#primaryimage\",\"url\":\"https:\\\/\\\/static.purejewels.com\\\/wp-content\\\/uploads\\\/2019\\\/10\\\/ganpati-diwali-tola.jpg\",\"contentUrl\":\"https:\\\/\\\/static.purejewels.com\\\/wp-content\\\/uploads\\\/2019\\\/10\\\/ganpati-diwali-tola.jpg\",\"width\":1000,\"height\":1000,\"caption\":\"PureJewels Ganesh Silver Tola\"},{\"@type\":\"BreadcrumbList\",\"@id\":\"https:\\\/\\\/www.purejewels.com\\\/product\\\/purejewels-ganesh-silver-tola\\\/#breadcrumb\",\"itemListElement\":[{\"@type\":\"ListItem\",\"position\":1,\"name\":\"Home\",\"item\":\"https:\\\/\\\/www.purejewels.com\\\/\"},{\"@type\":\"ListItem\",\"position\":2,\"name\":\"Shop\",\"item\":\"https:\\\/\\\/www.purejewels.com\\\/shop\\\/\"},{\"@type\":\"ListItem\",\"position\":3,\"name\":\"PureJewels Ganesh Silver Tola\"}]},{\"@type\":\"WebSite\",\"@id\":\"https:\\\/\\\/www.purejewels.com\\\/#website\",\"url\":\"https:\\\/\\\/www.purejewels.com\\\/\",\"name\":\"PureJewels UK\",\"description\":\"Share the Love\",\"publisher\":{\"@id\":\"https:\\\/\\\/www.purejewels.com\\\/#organization\"},\"potentialAction\":[{\"@type\":\"SearchAction\",\"target\":{\"@type\":\"EntryPoint\",\"urlTemplate\":\"https:\\\/\\\/www.purejewels.com\\\/?s={search_term_string}\"},\"query-input\":{\"@type\":\"PropertyValueSpecification\",\"valueRequired\":true,\"valueName\":\"search_term_string\"}}],\"inLanguage\":\"de\"},{\"@type\":\"Organization\",\"@id\":\"https:\\\/\\\/www.purejewels.com\\\/#organization\",\"name\":\"PureJewels UK\",\"url\":\"https:\\\/\\\/www.purejewels.com\\\/\",\"logo\":{\"@type\":\"ImageObject\",\"inLanguage\":\"de\",\"@id\":\"https:\\\/\\\/www.purejewels.com\\\/#\\\/schema\\\/logo\\\/image\\\/\",\"url\":\"https:\\\/\\\/static.purejewels.com\\\/wp-content\\\/uploads\\\/2020\\\/11\\\/Logo-PJ-New-1.png\",\"contentUrl\":\"https:\\\/\\\/static.purejewels.com\\\/wp-content\\\/uploads\\\/2020\\\/11\\\/Logo-PJ-New-1.png\",\"width\":150,\"height\":80,\"caption\":\"PureJewels UK\"},\"image\":{\"@id\":\"https:\\\/\\\/www.purejewels.com\\\/#\\\/schema\\\/logo\\\/image\\\/\"}}]}<\/script>\n<!-- \/ Yoast SEO plugin. -->","yoast_head_json":{"title":"1 Tola Ganesh Silberm\u00fcnze von PureJewels online erh\u00e4ltlich","description":"PureJewels garantiert hiermit das Gewicht und den Silbergehalt als eine Tola mit einem Reinheitsgrad von 0,9999 und die h\u00f6chste Silberqualit\u00e4t. Kostenlose und schnelle Lieferung in Gro\u00dfbritannien.","robots":{"index":"index","follow":"follow","max-snippet":"max-snippet:-1","max-image-preview":"max-image-preview:large","max-video-preview":"max-video-preview:-1"},"canonical":"https:\/\/www.purejewels.com\/de\/produkt-2\/purejewels-ganesh-silber-tola\/","og_locale":"de_DE","og_type":"article","og_title":"1 Tola Ganesh Silver Coin by PureJewels available online","og_description":"PureJewels hereby guarantee the weight and silver content as one Tola at 0.9999 purity and the highest quality silver. Free and fast UK delivery.","og_url":"https:\/\/www.purejewels.com\/de\/produkt-2\/purejewels-ganesh-silber-tola\/","og_site_name":"PureJewels UK","article_modified_time":"2026-03-19T07:39:42+00:00","og_image":[{"width":1000,"height":1000,"url":"https:\/\/static.purejewels.com\/wp-content\/uploads\/2019\/10\/ganpati-diwali-tola.jpg","type":"image\/jpeg"}],"twitter_card":"summary_large_image","twitter_misc":{"Gesch\u00e4tzte Lesezeit":"1\u00a0Minute"},"schema":{"@context":"https:\/\/schema.org","@graph":[{"@type":["WebPage","ItemPage"],"@id":"https:\/\/www.purejewels.com\/product\/purejewels-ganesh-silver-tola\/","url":"https:\/\/www.purejewels.com\/product\/purejewels-ganesh-silver-tola\/","name":"1 Tola Ganesh Silberm\u00fcnze von PureJewels online erh\u00e4ltlich","isPartOf":{"@id":"https:\/\/www.purejewels.com\/#website"},"primaryImageOfPage":{"@id":"https:\/\/www.purejewels.com\/product\/purejewels-ganesh-silver-tola\/#primaryimage"},"image":{"@id":"https:\/\/www.purejewels.com\/product\/purejewels-ganesh-silver-tola\/#primaryimage"},"thumbnailUrl":"https:\/\/static.purejewels.com\/wp-content\/uploads\/2019\/10\/ganpati-diwali-tola.jpg","datePublished":"2019-10-15T12:07:58+00:00","dateModified":"2026-03-19T07:39:42+00:00","description":"PureJewels garantiert hiermit das Gewicht und den Silbergehalt als eine Tola mit einem Reinheitsgrad von 0,9999 und die h\u00f6chste Silberqualit\u00e4t. Kostenlose und schnelle Lieferung in Gro\u00dfbritannien.","breadcrumb":{"@id":"https:\/\/www.purejewels.com\/product\/purejewels-ganesh-silver-tola\/#breadcrumb"},"inLanguage":"de","potentialAction":[{"@type":"ReadAction","target":["https:\/\/www.purejewels.com\/product\/purejewels-ganesh-silver-tola\/"]}]},{"@type":"ImageObject","inLanguage":"de","@id":"https:\/\/www.purejewels.com\/product\/purejewels-ganesh-silver-tola\/#primaryimage","url":"https:\/\/static.purejewels.com\/wp-content\/uploads\/2019\/10\/ganpati-diwali-tola.jpg","contentUrl":"https:\/\/static.purejewels.com\/wp-content\/uploads\/2019\/10\/ganpati-diwali-tola.jpg","width":1000,"height":1000,"caption":"PureJewels Ganesh Silver Tola"},{"@type":"BreadcrumbList","@id":"https:\/\/www.purejewels.com\/product\/purejewels-ganesh-silver-tola\/#breadcrumb","itemListElement":[{"@type":"ListItem","position":1,"name":"Home","item":"https:\/\/www.purejewels.com\/"},{"@type":"ListItem","position":2,"name":"Shop","item":"https:\/\/www.purejewels.com\/shop\/"},{"@type":"ListItem","position":3,"name":"PureJewels Ganesh Silver Tola"}]},{"@type":"WebSite","@id":"https:\/\/www.purejewels.com\/#website","url":"https:\/\/www.purejewels.com\/","name":"PureJewels UK","description":"Teile die Liebe","publisher":{"@id":"https:\/\/www.purejewels.com\/#organization"},"potentialAction":[{"@type":"SearchAction","target":{"@type":"EntryPoint","urlTemplate":"https:\/\/www.purejewels.com\/?s={search_term_string}"},"query-input":{"@type":"PropertyValueSpecification","valueRequired":true,"valueName":"search_term_string"}}],"inLanguage":"de"},{"@type":"Organization","@id":"https:\/\/www.purejewels.com\/#organization","name":"PureJewels UK","url":"https:\/\/www.purejewels.com\/","logo":{"@type":"ImageObject","inLanguage":"de","@id":"https:\/\/www.purejewels.com\/#\/schema\/logo\/image\/","url":"https:\/\/static.purejewels.com\/wp-content\/uploads\/2020\/11\/Logo-PJ-New-1.png","contentUrl":"https:\/\/static.purejewels.com\/wp-content\/uploads\/2020\/11\/Logo-PJ-New-1.png","width":150,"height":80,"caption":"PureJewels UK"},"image":{"@id":"https:\/\/www.purejewels.com\/#\/schema\/logo\/image\/"}}]}},"_links":{"self":[{"href":"https:\/\/www.purejewels.com\/de\/wp-json\/wp\/v2\/product\/311422","targetHints":{"allow":["GET"]}}],"collection":[{"href":"https:\/\/www.purejewels.com\/de\/wp-json\/wp\/v2\/product"}],"about":[{"href":"https:\/\/www.purejewels.com\/de\/wp-json\/wp\/v2\/types\/product"}],"replies":[{"embeddable":true,"href":"https:\/\/www.purejewels.com\/de\/wp-json\/wp\/v2\/comments?post=311422"}],"version-history":[{"count":6,"href":"https:\/\/www.purejewels.com\/de\/wp-json\/wp\/v2\/product\/311422\/revisions"}],"predecessor-version":[{"id":427357,"href":"https:\/\/www.purejewels.com\/de\/wp-json\/wp\/v2\/product\/311422\/revisions\/427357"}],"wp:featuredmedia":[{"embeddable":true,"href":"https:\/\/www.purejewels.com\/de\/wp-json\/wp\/v2\/media\/418380"}],"wp:attachment":[{"href":"https:\/\/www.purejewels.com\/de\/wp-json\/wp\/v2\/media?parent=311422"}],"wp:term":[{"taxonomy":"product_brand","embeddable":true,"href":"https:\/\/www.purejewels.com\/de\/wp-json\/wp\/v2\/product_brand?post=311422"},{"taxonomy":"product_cat","embeddable":true,"href":"https:\/\/www.purejewels.com\/de\/wp-json\/wp\/v2\/product_cat?post=311422"},{"taxonomy":"product_tag","embeddable":true,"href":"https:\/\/www.purejewels.com\/de\/wp-json\/wp\/v2\/product_tag?post=311422"}],"curies":[{"name":"wp","href":"https:\/\/api.w.org\/{rel}","templated":true}]}}