{"id":311465,"date":"2019-10-18T13:17:42","date_gmt":"2019-10-18T12:17:42","guid":{"rendered":"https:\/\/www.purejewels.com\/?post_type=product&#038;p=311465"},"modified":"2026-01-06T08:43:28","modified_gmt":"2026-01-06T08:43:28","slug":"22ct-britisch-gepunztes-brautcollier","status":"publish","type":"product","link":"https:\/\/www.purejewels.com\/de\/product\/22ct-british-hallmarked-bridal-necklace\/","title":{"rendered":"22ct British Hallmarked Bridal Halskette"},"content":{"rendered":"<p>&nbsp;<\/p>\n<ul>\n<li>Gewicht: 26,5 g<\/li>\n<li>Sku 31242<\/li>\n<\/ul>","protected":false},"excerpt":{"rendered":"<ul>\n<li>22ct British Hallmarked Bridal Halskette<\/li>\n<li>U-Kropfband mit herabh\u00e4ngendem Anh\u00e4nger\/Steifer Hals<\/li>\n<li>Hergestellt aus 22 Karat Gelbgold<\/li>\n<li>Gewicht: 26,5 g<\/li>\n<li>Sku 31242<\/li>\n<li>Alle Preise inklusive Mehrwertsteuer<\/li>\n<li>Alle unsere Produkte sind vom London Assay Office gestempelt.<\/li>\n<li>Alle Sets werden mit Pr\u00e4sentationsbox geliefert<\/li>\n<li>Lieferung inbegriffen<\/li>\n<li>Live-Chat mit uns f\u00fcr die Verf\u00fcgbarkeit und mehr Bilder von \u00e4hnlichen Designs derzeit auf Lager<\/li>\n<\/ul>","protected":false},"featured_media":314285,"comment_status":"closed","ping_status":"closed","template":"","meta":{"_eb_attr":"","_crsspst_to_jayantr4sg-hostcom":true},"product_brand":[],"product_cat":[1791,1625,1782,1781,252],"product_tag":[],"class_list":{"0":"post-311465","1":"product","2":"type-product","3":"status-publish","4":"has-post-thumbnail","6":"product_cat-anniversary-gifts","7":"product_cat-bridal-set","8":"product_cat-choker-necklaces","9":"product_cat-filligree-necklaces","10":"product_cat-jali-collections","12":"first","13":"outofstock","14":"taxable","15":"shipping-taxable","16":"product-type-simple","17":"add-to-wishlist-before_image"},"yoast_head":"<!-- This site is optimized with the Yoast SEO plugin v27.3 - https:\/\/yoast.com\/product\/yoast-seo-wordpress\/ -->\n<title>22ct British Hallmarked Bridal Necklace - PureJewels UK<\/title>\n<meta name=\"robots\" content=\"index, follow, max-snippet:-1, max-image-preview:large, max-video-preview:-1\" \/>\n<link rel=\"canonical\" href=\"https:\/\/www.purejewels.com\/de\/produkt-2\/22ct-britisch-gepunztes-brautcollier\/\" \/>\n<meta property=\"og:locale\" content=\"de_DE\" \/>\n<meta property=\"og:type\" content=\"article\" \/>\n<meta property=\"og:title\" content=\"22ct British Hallmarked Bridal Necklace - PureJewels UK\" \/>\n<meta property=\"og:description\" content=\"22ct British Hallmarked Bridal Necklace  U Choker with a Drop Pendant\/Stiff Neck  Made in 22ct Yellow Gold  Wt: 26.5 gms  Sku 31242  All prices include VAT  All our products are hallmarked by London Assay Office  All set comes with presentation Box  Delivery Included  Live chat with us for availability and more images of similar designs currently in stock\" \/>\n<meta property=\"og:url\" content=\"https:\/\/www.purejewels.com\/de\/produkt-2\/22ct-britisch-gepunztes-brautcollier\/\" \/>\n<meta property=\"og:site_name\" content=\"PureJewels UK\" \/>\n<meta property=\"article:modified_time\" content=\"2026-01-06T08:43:28+00:00\" \/>\n<meta property=\"og:image\" content=\"https:\/\/www.purejewels.com\/wp-content\/uploads\/2020\/05\/142260966.jpg\" \/>\n\t<meta property=\"og:image:width\" content=\"1000\" \/>\n\t<meta property=\"og:image:height\" content=\"1000\" \/>\n\t<meta property=\"og:image:type\" content=\"image\/jpeg\" \/>\n<meta name=\"twitter:card\" content=\"summary_large_image\" \/>\n<meta name=\"twitter:label1\" content=\"Gesch\u00e4tzte Lesezeit\" \/>\n\t<meta name=\"twitter:data1\" content=\"1\u00a0Minute\" \/>\n<script type=\"application\/ld+json\" class=\"yoast-schema-graph\">{\"@context\":\"https:\\\/\\\/schema.org\",\"@graph\":[{\"@type\":[\"WebPage\",\"ItemPage\"],\"@id\":\"https:\\\/\\\/www.purejewels.com\\\/product\\\/22ct-british-hallmarked-bridal-necklace\\\/\",\"url\":\"https:\\\/\\\/www.purejewels.com\\\/product\\\/22ct-british-hallmarked-bridal-necklace\\\/\",\"name\":\"22ct British Hallmarked Bridal Necklace - PureJewels UK\",\"isPartOf\":{\"@id\":\"https:\\\/\\\/www.purejewels.com\\\/#website\"},\"primaryImageOfPage\":{\"@id\":\"https:\\\/\\\/www.purejewels.com\\\/product\\\/22ct-british-hallmarked-bridal-necklace\\\/#primaryimage\"},\"image\":{\"@id\":\"https:\\\/\\\/www.purejewels.com\\\/product\\\/22ct-british-hallmarked-bridal-necklace\\\/#primaryimage\"},\"thumbnailUrl\":\"https:\\\/\\\/static.purejewels.com\\\/wp-content\\\/uploads\\\/2020\\\/05\\\/142260966.jpg\",\"datePublished\":\"2019-10-18T12:17:42+00:00\",\"dateModified\":\"2026-01-06T08:43:28+00:00\",\"breadcrumb\":{\"@id\":\"https:\\\/\\\/www.purejewels.com\\\/product\\\/22ct-british-hallmarked-bridal-necklace\\\/#breadcrumb\"},\"inLanguage\":\"de\",\"potentialAction\":[{\"@type\":\"ReadAction\",\"target\":[\"https:\\\/\\\/www.purejewels.com\\\/product\\\/22ct-british-hallmarked-bridal-necklace\\\/\"]}]},{\"@type\":\"ImageObject\",\"inLanguage\":\"de\",\"@id\":\"https:\\\/\\\/www.purejewels.com\\\/product\\\/22ct-british-hallmarked-bridal-necklace\\\/#primaryimage\",\"url\":\"https:\\\/\\\/static.purejewels.com\\\/wp-content\\\/uploads\\\/2020\\\/05\\\/142260966.jpg\",\"contentUrl\":\"https:\\\/\\\/static.purejewels.com\\\/wp-content\\\/uploads\\\/2020\\\/05\\\/142260966.jpg\",\"width\":1000,\"height\":1000,\"caption\":\"22ct Gold Asian Bridal NecklaceStiff U Choker with a Drop PendantWt: 25.2 gSku 31238All prices include VATAll our products are hallmarked by London Assay OfficeAll set comes with presentation BoxDelivery IncludedLive chat with us for availability and more images of similar designs currently in stock\"},{\"@type\":\"BreadcrumbList\",\"@id\":\"https:\\\/\\\/www.purejewels.com\\\/product\\\/22ct-british-hallmarked-bridal-necklace\\\/#breadcrumb\",\"itemListElement\":[{\"@type\":\"ListItem\",\"position\":1,\"name\":\"Home\",\"item\":\"https:\\\/\\\/www.purejewels.com\\\/\"},{\"@type\":\"ListItem\",\"position\":2,\"name\":\"Shop\",\"item\":\"https:\\\/\\\/www.purejewels.com\\\/shop\\\/\"},{\"@type\":\"ListItem\",\"position\":3,\"name\":\"22ct British Hallmarked Bridal Necklace\"}]},{\"@type\":\"WebSite\",\"@id\":\"https:\\\/\\\/www.purejewels.com\\\/#website\",\"url\":\"https:\\\/\\\/www.purejewels.com\\\/\",\"name\":\"PureJewels UK\",\"description\":\"Share the Love\",\"publisher\":{\"@id\":\"https:\\\/\\\/www.purejewels.com\\\/#organization\"},\"potentialAction\":[{\"@type\":\"SearchAction\",\"target\":{\"@type\":\"EntryPoint\",\"urlTemplate\":\"https:\\\/\\\/www.purejewels.com\\\/?s={search_term_string}\"},\"query-input\":{\"@type\":\"PropertyValueSpecification\",\"valueRequired\":true,\"valueName\":\"search_term_string\"}}],\"inLanguage\":\"de\"},{\"@type\":\"Organization\",\"@id\":\"https:\\\/\\\/www.purejewels.com\\\/#organization\",\"name\":\"PureJewels UK\",\"url\":\"https:\\\/\\\/www.purejewels.com\\\/\",\"logo\":{\"@type\":\"ImageObject\",\"inLanguage\":\"de\",\"@id\":\"https:\\\/\\\/www.purejewels.com\\\/#\\\/schema\\\/logo\\\/image\\\/\",\"url\":\"https:\\\/\\\/static.purejewels.com\\\/wp-content\\\/uploads\\\/2020\\\/11\\\/Logo-PJ-New-1.png\",\"contentUrl\":\"https:\\\/\\\/static.purejewels.com\\\/wp-content\\\/uploads\\\/2020\\\/11\\\/Logo-PJ-New-1.png\",\"width\":150,\"height\":80,\"caption\":\"PureJewels UK\"},\"image\":{\"@id\":\"https:\\\/\\\/www.purejewels.com\\\/#\\\/schema\\\/logo\\\/image\\\/\"}}]}<\/script>\n<!-- \/ Yoast SEO plugin. -->","yoast_head_json":{"title":"22ct British Hallmarked Bridal Halskette - PureJewels UK","robots":{"index":"index","follow":"follow","max-snippet":"max-snippet:-1","max-image-preview":"max-image-preview:large","max-video-preview":"max-video-preview:-1"},"canonical":"https:\/\/www.purejewels.com\/de\/produkt-2\/22ct-britisch-gepunztes-brautcollier\/","og_locale":"de_DE","og_type":"article","og_title":"22ct British Hallmarked Bridal Necklace - PureJewels UK","og_description":"22ct British Hallmarked Bridal Necklace  U Choker with a Drop Pendant\/Stiff Neck  Made in 22ct Yellow Gold  Wt: 26.5 gms  Sku 31242  All prices include VAT  All our products are hallmarked by London Assay Office  All set comes with presentation Box  Delivery Included  Live chat with us for availability and more images of similar designs currently in stock","og_url":"https:\/\/www.purejewels.com\/de\/produkt-2\/22ct-britisch-gepunztes-brautcollier\/","og_site_name":"PureJewels UK","article_modified_time":"2026-01-06T08:43:28+00:00","og_image":[{"width":1000,"height":1000,"url":"https:\/\/www.purejewels.com\/wp-content\/uploads\/2020\/05\/142260966.jpg","type":"image\/jpeg"}],"twitter_card":"summary_large_image","twitter_misc":{"Gesch\u00e4tzte Lesezeit":"1\u00a0Minute"},"schema":{"@context":"https:\/\/schema.org","@graph":[{"@type":["WebPage","ItemPage"],"@id":"https:\/\/www.purejewels.com\/product\/22ct-british-hallmarked-bridal-necklace\/","url":"https:\/\/www.purejewels.com\/product\/22ct-british-hallmarked-bridal-necklace\/","name":"22ct British Hallmarked Bridal Halskette - PureJewels UK","isPartOf":{"@id":"https:\/\/www.purejewels.com\/#website"},"primaryImageOfPage":{"@id":"https:\/\/www.purejewels.com\/product\/22ct-british-hallmarked-bridal-necklace\/#primaryimage"},"image":{"@id":"https:\/\/www.purejewels.com\/product\/22ct-british-hallmarked-bridal-necklace\/#primaryimage"},"thumbnailUrl":"https:\/\/static.purejewels.com\/wp-content\/uploads\/2020\/05\/142260966.jpg","datePublished":"2019-10-18T12:17:42+00:00","dateModified":"2026-01-06T08:43:28+00:00","breadcrumb":{"@id":"https:\/\/www.purejewels.com\/product\/22ct-british-hallmarked-bridal-necklace\/#breadcrumb"},"inLanguage":"de","potentialAction":[{"@type":"ReadAction","target":["https:\/\/www.purejewels.com\/product\/22ct-british-hallmarked-bridal-necklace\/"]}]},{"@type":"ImageObject","inLanguage":"de","@id":"https:\/\/www.purejewels.com\/product\/22ct-british-hallmarked-bridal-necklace\/#primaryimage","url":"https:\/\/static.purejewels.com\/wp-content\/uploads\/2020\/05\/142260966.jpg","contentUrl":"https:\/\/static.purejewels.com\/wp-content\/uploads\/2020\/05\/142260966.jpg","width":1000,"height":1000,"caption":"22ct Gold Asian Bridal NecklaceStiff U Choker with a Drop PendantWt: 25.2 gSku 31238All prices include VATAll our products are hallmarked by London Assay OfficeAll set comes with presentation BoxDelivery IncludedLive chat with us for availability and more images of similar designs currently in stock"},{"@type":"BreadcrumbList","@id":"https:\/\/www.purejewels.com\/product\/22ct-british-hallmarked-bridal-necklace\/#breadcrumb","itemListElement":[{"@type":"ListItem","position":1,"name":"Home","item":"https:\/\/www.purejewels.com\/"},{"@type":"ListItem","position":2,"name":"Shop","item":"https:\/\/www.purejewels.com\/shop\/"},{"@type":"ListItem","position":3,"name":"22ct British Hallmarked Bridal Necklace"}]},{"@type":"WebSite","@id":"https:\/\/www.purejewels.com\/#website","url":"https:\/\/www.purejewels.com\/","name":"PureJewels UK","description":"Teile die Liebe","publisher":{"@id":"https:\/\/www.purejewels.com\/#organization"},"potentialAction":[{"@type":"SearchAction","target":{"@type":"EntryPoint","urlTemplate":"https:\/\/www.purejewels.com\/?s={search_term_string}"},"query-input":{"@type":"PropertyValueSpecification","valueRequired":true,"valueName":"search_term_string"}}],"inLanguage":"de"},{"@type":"Organization","@id":"https:\/\/www.purejewels.com\/#organization","name":"PureJewels UK","url":"https:\/\/www.purejewels.com\/","logo":{"@type":"ImageObject","inLanguage":"de","@id":"https:\/\/www.purejewels.com\/#\/schema\/logo\/image\/","url":"https:\/\/static.purejewels.com\/wp-content\/uploads\/2020\/11\/Logo-PJ-New-1.png","contentUrl":"https:\/\/static.purejewels.com\/wp-content\/uploads\/2020\/11\/Logo-PJ-New-1.png","width":150,"height":80,"caption":"PureJewels UK"},"image":{"@id":"https:\/\/www.purejewels.com\/#\/schema\/logo\/image\/"}}]}},"_links":{"self":[{"href":"https:\/\/www.purejewels.com\/de\/wp-json\/wp\/v2\/product\/311465","targetHints":{"allow":["GET"]}}],"collection":[{"href":"https:\/\/www.purejewels.com\/de\/wp-json\/wp\/v2\/product"}],"about":[{"href":"https:\/\/www.purejewels.com\/de\/wp-json\/wp\/v2\/types\/product"}],"replies":[{"embeddable":true,"href":"https:\/\/www.purejewels.com\/de\/wp-json\/wp\/v2\/comments?post=311465"}],"version-history":[{"count":1,"href":"https:\/\/www.purejewels.com\/de\/wp-json\/wp\/v2\/product\/311465\/revisions"}],"predecessor-version":[{"id":385420,"href":"https:\/\/www.purejewels.com\/de\/wp-json\/wp\/v2\/product\/311465\/revisions\/385420"}],"wp:featuredmedia":[{"embeddable":true,"href":"https:\/\/www.purejewels.com\/de\/wp-json\/wp\/v2\/media\/314285"}],"wp:attachment":[{"href":"https:\/\/www.purejewels.com\/de\/wp-json\/wp\/v2\/media?parent=311465"}],"wp:term":[{"taxonomy":"product_brand","embeddable":true,"href":"https:\/\/www.purejewels.com\/de\/wp-json\/wp\/v2\/product_brand?post=311465"},{"taxonomy":"product_cat","embeddable":true,"href":"https:\/\/www.purejewels.com\/de\/wp-json\/wp\/v2\/product_cat?post=311465"},{"taxonomy":"product_tag","embeddable":true,"href":"https:\/\/www.purejewels.com\/de\/wp-json\/wp\/v2\/product_tag?post=311465"}],"curies":[{"name":"wp","href":"https:\/\/api.w.org\/{rel}","templated":true}]}}