{"id":311468,"date":"2019-10-18T13:07:19","date_gmt":"2019-10-18T12:07:19","guid":{"rendered":"https:\/\/www.purejewels.com\/?post_type=product&#038;p=311468"},"modified":"2026-01-06T06:58:48","modified_gmt":"2026-01-06T06:58:48","slug":"22ct-gold-indischer-braut-ohrring-31239","status":"publish","type":"product","link":"https:\/\/www.purejewels.com\/de\/product\/22ct-gold-indian-bridal-earring-31239\/","title":{"rendered":"22 Karat Gold-Filigran-Ohrringe mit floralen Akzenten"},"content":{"rendered":"<p><strong>Entwurf:<\/strong><br \/>\nDiese wundersch\u00f6nen Ohrringe sind eine Hommage an die zeitlose Kunst der Jali-Filigranarbeit. Mit ihrem mehrschichtigen Tropfendesign betonen die Ohrringe symmetrische Jali-Muster, die von zarten Blumenbord\u00fcren umgeben sind. Der untere Anh\u00e4nger sorgt f\u00fcr Bewegung und verst\u00e4rkt die visuelle Tiefe, wodurch sie zu einem wahren Schmuckst\u00fcck voller Anmut werden.<\/p>\n<p><strong>Handwerkliches K\u00f6nnen:<\/strong><br \/>\nJedes Element ist aus reinem 22-kar\u00e4tigem Gelbgold handgefertigt und spiegelt die au\u00dfergew\u00f6hnliche Filigranarbeit wider. Das aufwendige Gitterdesign in Kombination mit gepr\u00e4gten Blumenmotiven und goldenen Perlendetails zeugt von der Kunstfertigkeit und Pr\u00e4zision des Handwerkers.<\/p>\n<p><strong>Stil:<\/strong><br \/>\nDiese Ohrringe eignen sich ideal f\u00fcr festliche Anl\u00e4sse, kulturelle Veranstaltungen oder Hochzeiten und verleihen jedem traditionellen Outfit einen edlen Touch. Ihr reich verzierter Stil passt perfekt zu Saris, Lehengas und ethnischen Kleidern und macht sie zu einem unverzichtbaren Bestandteil jeder Schmuckkollektion.<\/p>","protected":false},"excerpt":{"rendered":"<p>Elegante Ohrringe aus 22 Karat Gold mit detaillierter Jali-Filigranarbeit und floralen Tropfenelementen \u2013 eine exquisite Mischung aus Tradition und Raffinesse.<\/p>\n<ul>\n<li>22ct Gold indischer Braut-Ohrring<\/li>\n<li>Hergestellt aus 22 Karat Gelbgold<\/li>\n<li>Wt: 8.7 g<\/li>\n<li>Sku 31239<\/li>\n<li>Alle Preise inklusive Mehrwertsteuer<\/li>\n<li>Alle unsere Produkte sind vom London Assay Office gestempelt.<\/li>\n<li>Alle Sets werden mit Pr\u00e4sentationsbox geliefert<\/li>\n<li>Lieferung inbegriffen<\/li>\n<li>Entdecken Sie unsere Kollektion\u00a0<strong>Ohrringe f\u00fcr Braut und Hochzeit<\/strong><\/li>\n<li>Live-Chat mit uns f\u00fcr die Verf\u00fcgbarkeit und mehr Bilder von \u00e4hnlichen Designs derzeit in stoc<\/li>\n<\/ul>","protected":false},"featured_media":314290,"comment_status":"closed","ping_status":"closed","template":"","meta":{"_eb_attr":"","_crsspst_to_jayantr4sg-hostcom":true},"product_brand":[],"product_cat":[1685,252],"product_tag":[],"class_list":{"0":"post-311468","1":"product","2":"type-product","3":"status-publish","4":"has-post-thumbnail","6":"product_cat-drop-earrings","7":"product_cat-jali-collections","9":"first","10":"outofstock","11":"sale","12":"taxable","13":"shipping-taxable","14":"product-type-simple","15":"add-to-wishlist-before_image"},"yoast_head":"<!-- This site is optimized with the Yoast SEO plugin v27.3 - https:\/\/yoast.com\/product\/yoast-seo-wordpress\/ -->\n<title>22ct Gold Jali Filigree Earrings | Traditional Drop Floral Design<\/title>\n<meta name=\"description\" content=\"Explore handcrafted 22ct gold jali filigree drop earrings with intricate floral designs. A perfect traditional statement for weddings and festive occasions.\" \/>\n<meta name=\"robots\" content=\"index, follow, max-snippet:-1, max-image-preview:large, max-video-preview:-1\" \/>\n<link rel=\"canonical\" href=\"https:\/\/www.purejewels.com\/de\/produkt-2\/22ct-gold-indischer-braut-ohrring-31239\/\" \/>\n<meta property=\"og:locale\" content=\"de_DE\" \/>\n<meta property=\"og:type\" content=\"article\" \/>\n<meta property=\"og:title\" content=\"22ct Gold Jali Filigree Earrings | Traditional Drop Floral Design\" \/>\n<meta property=\"og:description\" content=\"Explore handcrafted 22ct gold jali filigree drop earrings with intricate floral designs. A perfect traditional statement for weddings and festive occasions.\" \/>\n<meta property=\"og:url\" content=\"https:\/\/www.purejewels.com\/de\/produkt-2\/22ct-gold-indischer-braut-ohrring-31239\/\" \/>\n<meta property=\"og:site_name\" content=\"PureJewels UK\" \/>\n<meta property=\"article:modified_time\" content=\"2026-01-06T06:58:48+00:00\" \/>\n<meta property=\"og:image\" content=\"https:\/\/static.purejewels.com\/wp-content\/uploads\/2020\/05\/142260958.jpg\" \/>\n\t<meta property=\"og:image:width\" content=\"1000\" \/>\n\t<meta property=\"og:image:height\" content=\"1000\" \/>\n\t<meta property=\"og:image:type\" content=\"image\/jpeg\" \/>\n<meta name=\"twitter:card\" content=\"summary_large_image\" \/>\n<meta name=\"twitter:label1\" content=\"Gesch\u00e4tzte Lesezeit\" \/>\n\t<meta name=\"twitter:data1\" content=\"1\u00a0Minute\" \/>\n<script type=\"application\/ld+json\" class=\"yoast-schema-graph\">{\"@context\":\"https:\\\/\\\/schema.org\",\"@graph\":[{\"@type\":[\"WebPage\",\"ItemPage\"],\"@id\":\"https:\\\/\\\/www.purejewels.com\\\/product\\\/22ct-gold-indian-bridal-earring-31239\\\/\",\"url\":\"https:\\\/\\\/www.purejewels.com\\\/product\\\/22ct-gold-indian-bridal-earring-31239\\\/\",\"name\":\"22ct Gold Jali Filigree Earrings | Traditional Drop Floral Design\",\"isPartOf\":{\"@id\":\"https:\\\/\\\/www.purejewels.com\\\/#website\"},\"primaryImageOfPage\":{\"@id\":\"https:\\\/\\\/www.purejewels.com\\\/product\\\/22ct-gold-indian-bridal-earring-31239\\\/#primaryimage\"},\"image\":{\"@id\":\"https:\\\/\\\/www.purejewels.com\\\/product\\\/22ct-gold-indian-bridal-earring-31239\\\/#primaryimage\"},\"thumbnailUrl\":\"https:\\\/\\\/static.purejewels.com\\\/wp-content\\\/uploads\\\/2020\\\/05\\\/142260958.jpg\",\"datePublished\":\"2019-10-18T12:07:19+00:00\",\"dateModified\":\"2026-01-06T06:58:48+00:00\",\"description\":\"Explore handcrafted 22ct gold jali filigree drop earrings with intricate floral designs. A perfect traditional statement for weddings and festive occasions.\",\"breadcrumb\":{\"@id\":\"https:\\\/\\\/www.purejewels.com\\\/product\\\/22ct-gold-indian-bridal-earring-31239\\\/#breadcrumb\"},\"inLanguage\":\"de\",\"potentialAction\":[{\"@type\":\"ReadAction\",\"target\":[\"https:\\\/\\\/www.purejewels.com\\\/product\\\/22ct-gold-indian-bridal-earring-31239\\\/\"]}]},{\"@type\":\"ImageObject\",\"inLanguage\":\"de\",\"@id\":\"https:\\\/\\\/www.purejewels.com\\\/product\\\/22ct-gold-indian-bridal-earring-31239\\\/#primaryimage\",\"url\":\"https:\\\/\\\/static.purejewels.com\\\/wp-content\\\/uploads\\\/2020\\\/05\\\/142260958.jpg\",\"contentUrl\":\"https:\\\/\\\/static.purejewels.com\\\/wp-content\\\/uploads\\\/2020\\\/05\\\/142260958.jpg\",\"width\":1000,\"height\":1000,\"caption\":\"22ct Gold Indian Bridal EarringMade in 22ct Yellow GoldWt: 8.7 gSku 31239All prices include VATAll our products are hallmarked by London Assay OfficeAll set comes with presentation BoxDelivery IncludedLive chat with us for availability and more images of similar designs currently in stock\"},{\"@type\":\"BreadcrumbList\",\"@id\":\"https:\\\/\\\/www.purejewels.com\\\/product\\\/22ct-gold-indian-bridal-earring-31239\\\/#breadcrumb\",\"itemListElement\":[{\"@type\":\"ListItem\",\"position\":1,\"name\":\"Home\",\"item\":\"https:\\\/\\\/www.purejewels.com\\\/\"},{\"@type\":\"ListItem\",\"position\":2,\"name\":\"Shop\",\"item\":\"https:\\\/\\\/www.purejewels.com\\\/shop\\\/\"},{\"@type\":\"ListItem\",\"position\":3,\"name\":\"22ct Gold Filigree Drop Earrings with Floral Accents\"}]},{\"@type\":\"WebSite\",\"@id\":\"https:\\\/\\\/www.purejewels.com\\\/#website\",\"url\":\"https:\\\/\\\/www.purejewels.com\\\/\",\"name\":\"PureJewels UK\",\"description\":\"Share the Love\",\"publisher\":{\"@id\":\"https:\\\/\\\/www.purejewels.com\\\/#organization\"},\"potentialAction\":[{\"@type\":\"SearchAction\",\"target\":{\"@type\":\"EntryPoint\",\"urlTemplate\":\"https:\\\/\\\/www.purejewels.com\\\/?s={search_term_string}\"},\"query-input\":{\"@type\":\"PropertyValueSpecification\",\"valueRequired\":true,\"valueName\":\"search_term_string\"}}],\"inLanguage\":\"de\"},{\"@type\":\"Organization\",\"@id\":\"https:\\\/\\\/www.purejewels.com\\\/#organization\",\"name\":\"PureJewels UK\",\"url\":\"https:\\\/\\\/www.purejewels.com\\\/\",\"logo\":{\"@type\":\"ImageObject\",\"inLanguage\":\"de\",\"@id\":\"https:\\\/\\\/www.purejewels.com\\\/#\\\/schema\\\/logo\\\/image\\\/\",\"url\":\"https:\\\/\\\/static.purejewels.com\\\/wp-content\\\/uploads\\\/2020\\\/11\\\/Logo-PJ-New-1.png\",\"contentUrl\":\"https:\\\/\\\/static.purejewels.com\\\/wp-content\\\/uploads\\\/2020\\\/11\\\/Logo-PJ-New-1.png\",\"width\":150,\"height\":80,\"caption\":\"PureJewels UK\"},\"image\":{\"@id\":\"https:\\\/\\\/www.purejewels.com\\\/#\\\/schema\\\/logo\\\/image\\\/\"}}]}<\/script>\n<!-- \/ Yoast SEO plugin. -->","yoast_head_json":{"title":"22 Karat Gold Jali Filigran-Ohrringe | Traditionelles Blumen-Design","description":"Entdecken Sie handgefertigte Ohrringe aus 22 Karat Gold mit filigranen Jali-Motiven und aufwendigen Blumenmustern. Ein perfektes traditionelles Statement f\u00fcr Hochzeiten und festliche Anl\u00e4sse.","robots":{"index":"index","follow":"follow","max-snippet":"max-snippet:-1","max-image-preview":"max-image-preview:large","max-video-preview":"max-video-preview:-1"},"canonical":"https:\/\/www.purejewels.com\/de\/produkt-2\/22ct-gold-indischer-braut-ohrring-31239\/","og_locale":"de_DE","og_type":"article","og_title":"22ct Gold Jali Filigree Earrings | Traditional Drop Floral Design","og_description":"Explore handcrafted 22ct gold jali filigree drop earrings with intricate floral designs. A perfect traditional statement for weddings and festive occasions.","og_url":"https:\/\/www.purejewels.com\/de\/produkt-2\/22ct-gold-indischer-braut-ohrring-31239\/","og_site_name":"PureJewels UK","article_modified_time":"2026-01-06T06:58:48+00:00","og_image":[{"width":1000,"height":1000,"url":"https:\/\/static.purejewels.com\/wp-content\/uploads\/2020\/05\/142260958.jpg","type":"image\/jpeg"}],"twitter_card":"summary_large_image","twitter_misc":{"Gesch\u00e4tzte Lesezeit":"1\u00a0Minute"},"schema":{"@context":"https:\/\/schema.org","@graph":[{"@type":["WebPage","ItemPage"],"@id":"https:\/\/www.purejewels.com\/product\/22ct-gold-indian-bridal-earring-31239\/","url":"https:\/\/www.purejewels.com\/product\/22ct-gold-indian-bridal-earring-31239\/","name":"22 Karat Gold Jali Filigran-Ohrringe | Traditionelles Blumen-Design","isPartOf":{"@id":"https:\/\/www.purejewels.com\/#website"},"primaryImageOfPage":{"@id":"https:\/\/www.purejewels.com\/product\/22ct-gold-indian-bridal-earring-31239\/#primaryimage"},"image":{"@id":"https:\/\/www.purejewels.com\/product\/22ct-gold-indian-bridal-earring-31239\/#primaryimage"},"thumbnailUrl":"https:\/\/static.purejewels.com\/wp-content\/uploads\/2020\/05\/142260958.jpg","datePublished":"2019-10-18T12:07:19+00:00","dateModified":"2026-01-06T06:58:48+00:00","description":"Entdecken Sie handgefertigte Ohrringe aus 22 Karat Gold mit filigranen Jali-Motiven und aufwendigen Blumenmustern. Ein perfektes traditionelles Statement f\u00fcr Hochzeiten und festliche Anl\u00e4sse.","breadcrumb":{"@id":"https:\/\/www.purejewels.com\/product\/22ct-gold-indian-bridal-earring-31239\/#breadcrumb"},"inLanguage":"de","potentialAction":[{"@type":"ReadAction","target":["https:\/\/www.purejewels.com\/product\/22ct-gold-indian-bridal-earring-31239\/"]}]},{"@type":"ImageObject","inLanguage":"de","@id":"https:\/\/www.purejewels.com\/product\/22ct-gold-indian-bridal-earring-31239\/#primaryimage","url":"https:\/\/static.purejewels.com\/wp-content\/uploads\/2020\/05\/142260958.jpg","contentUrl":"https:\/\/static.purejewels.com\/wp-content\/uploads\/2020\/05\/142260958.jpg","width":1000,"height":1000,"caption":"22ct Gold Indian Bridal EarringMade in 22ct Yellow GoldWt: 8.7 gSku 31239All prices include VATAll our products are hallmarked by London Assay OfficeAll set comes with presentation BoxDelivery IncludedLive chat with us for availability and more images of similar designs currently in stock"},{"@type":"BreadcrumbList","@id":"https:\/\/www.purejewels.com\/product\/22ct-gold-indian-bridal-earring-31239\/#breadcrumb","itemListElement":[{"@type":"ListItem","position":1,"name":"Home","item":"https:\/\/www.purejewels.com\/"},{"@type":"ListItem","position":2,"name":"Shop","item":"https:\/\/www.purejewels.com\/shop\/"},{"@type":"ListItem","position":3,"name":"22ct Gold Filigree Drop Earrings with Floral Accents"}]},{"@type":"WebSite","@id":"https:\/\/www.purejewels.com\/#website","url":"https:\/\/www.purejewels.com\/","name":"PureJewels UK","description":"Teile die Liebe","publisher":{"@id":"https:\/\/www.purejewels.com\/#organization"},"potentialAction":[{"@type":"SearchAction","target":{"@type":"EntryPoint","urlTemplate":"https:\/\/www.purejewels.com\/?s={search_term_string}"},"query-input":{"@type":"PropertyValueSpecification","valueRequired":true,"valueName":"search_term_string"}}],"inLanguage":"de"},{"@type":"Organization","@id":"https:\/\/www.purejewels.com\/#organization","name":"PureJewels UK","url":"https:\/\/www.purejewels.com\/","logo":{"@type":"ImageObject","inLanguage":"de","@id":"https:\/\/www.purejewels.com\/#\/schema\/logo\/image\/","url":"https:\/\/static.purejewels.com\/wp-content\/uploads\/2020\/11\/Logo-PJ-New-1.png","contentUrl":"https:\/\/static.purejewels.com\/wp-content\/uploads\/2020\/11\/Logo-PJ-New-1.png","width":150,"height":80,"caption":"PureJewels UK"},"image":{"@id":"https:\/\/www.purejewels.com\/#\/schema\/logo\/image\/"}}]}},"_links":{"self":[{"href":"https:\/\/www.purejewels.com\/de\/wp-json\/wp\/v2\/product\/311468","targetHints":{"allow":["GET"]}}],"collection":[{"href":"https:\/\/www.purejewels.com\/de\/wp-json\/wp\/v2\/product"}],"about":[{"href":"https:\/\/www.purejewels.com\/de\/wp-json\/wp\/v2\/types\/product"}],"replies":[{"embeddable":true,"href":"https:\/\/www.purejewels.com\/de\/wp-json\/wp\/v2\/comments?post=311468"}],"version-history":[{"count":3,"href":"https:\/\/www.purejewels.com\/de\/wp-json\/wp\/v2\/product\/311468\/revisions"}],"predecessor-version":[{"id":423897,"href":"https:\/\/www.purejewels.com\/de\/wp-json\/wp\/v2\/product\/311468\/revisions\/423897"}],"wp:featuredmedia":[{"embeddable":true,"href":"https:\/\/www.purejewels.com\/de\/wp-json\/wp\/v2\/media\/314290"}],"wp:attachment":[{"href":"https:\/\/www.purejewels.com\/de\/wp-json\/wp\/v2\/media?parent=311468"}],"wp:term":[{"taxonomy":"product_brand","embeddable":true,"href":"https:\/\/www.purejewels.com\/de\/wp-json\/wp\/v2\/product_brand?post=311468"},{"taxonomy":"product_cat","embeddable":true,"href":"https:\/\/www.purejewels.com\/de\/wp-json\/wp\/v2\/product_cat?post=311468"},{"taxonomy":"product_tag","embeddable":true,"href":"https:\/\/www.purejewels.com\/de\/wp-json\/wp\/v2\/product_tag?post=311468"}],"curies":[{"name":"wp","href":"https:\/\/api.w.org\/{rel}","templated":true}]}}