{"id":311549,"date":"2019-11-11T06:08:16","date_gmt":"2019-11-11T06:08:16","guid":{"rendered":"https:\/\/www.purejewels.com\/?post_type=product&#038;p=311549"},"modified":"2025-12-17T07:37:13","modified_gmt":"2025-12-17T07:37:13","slug":"22-karat-gold-cz-anhanger-2","status":"publish","type":"product","link":"https:\/\/www.purejewels.com\/de\/product\/22-carat-gold-cz-pendant-2\/","title":{"rendered":"22 Karat Gold Blumen-CZ-Anh\u00e4nger f\u00fcr Frauen"},"content":{"rendered":"<p>Diese Kollektion erinnert an die zeitlose Eleganz der Natur. <a href=\"https:\/\/www.purejewels.com\/de\/product\/22ct-gold-jali-filigree-ring-jali-collection-31926\/\">22ct<\/a> Der Gold Floral CZ Anh\u00e4nger ist eine Hommage an die Tradition von PureJewels, die sich durch bedeutungsvolles Design und feine Handwerkskunst auszeichnet.<\/p>\n<p>Der Anh\u00e4nger aus edlem 22-kar\u00e4tigem Gold besticht durch ein bezauberndes Blumenmotiv, dessen Bl\u00fctenbl\u00e4tter und Mitte sorgf\u00e4ltig mit funkelnden Zirkonia in wechselnden Farbt\u00f6nen besetzt sind. Die Handwerkskunst ist eine Hommage an unsere Tradition der Pr\u00e4zision und Sorgfalt, bei der jeder Stein von Hand gefasst wird, um Brillanz und Symmetrie zu maximieren.<\/p>\n<p>Dieser zarte und dennoch ausdrucksstarke Anh\u00e4nger eignet sich ideal f\u00fcr den Alltag oder als dezente Erg\u00e4nzung zu festlicher Kleidung. Ob als Liebesbeweis verschenkt oder Ihrer pers\u00f6nlichen Sammlung hinzugef\u00fcgt, er bietet einen vielseitigen Stil, der alle Jahreszeiten \u00fcberdauert.<\/p>","protected":false},"excerpt":{"rendered":"<p>Feiern Sie zeitlose Sch\u00f6nheit mit diesem Blumenanh\u00e4nger aus 22 Karat Gold, der mit brillanten Zirkoniasteinen in Pav\u00e9-Fassung verziert ist und f\u00fcr ein edles und strahlendes Finish sorgt.<\/p>\n<ul>\n<li>22ct Anh\u00e4nger mit kubischen Zirkonia Steinen besetzt<\/li>\n<li>Wt. 1.4 g<\/li>\n<li>Durchmesser 11,5 mm<\/li>\n<li>SKU. 31412<\/li>\n<li>Kette nicht enthalten.<\/li>\n<li>Alle Preise inklusive Mehrwertsteuer<\/li>\n<li>Alle unsere Produkte sind vom London Assay Office gestempelt.<\/li>\n<li>Alle Sets werden mit Pr\u00e4sentationsbox geliefert<\/li>\n<li>Lieferung inbegriffen<\/li>\n<li>Kontaktieren Sie uns \/ Live-Chat mit uns f\u00fcr das Video dieses Produkts<\/li>\n<\/ul>","protected":false},"featured_media":311781,"comment_status":"closed","ping_status":"closed","template":"","meta":{"_eb_attr":"","_crsspst_to_jayantr4sg-hostcom":false},"product_brand":[],"product_cat":[1255],"product_tag":[],"class_list":{"0":"post-311549","1":"product","2":"type-product","3":"status-publish","4":"has-post-thumbnail","6":"product_cat-gold-pendants","8":"first","9":"outofstock","10":"taxable","11":"shipping-taxable","12":"product-type-simple","13":"add-to-wishlist-before_image"},"yoast_head":"<!-- This site is optimized with the Yoast SEO plugin v27.6 - https:\/\/yoast.com\/product\/yoast-seo-wordpress\/ -->\n<title>22ct Gold CZ Flower Pendant | PureJewels Elegant Craftsmanship<\/title>\n<meta name=\"description\" content=\"A radiant 22ct gold pendant in a floral silhouette, adorned with shimmering CZ stones. An exquisite blend of heritage and modern elegance, only at PureJewels.\" \/>\n<meta name=\"robots\" content=\"index, follow, max-snippet:-1, max-image-preview:large, max-video-preview:-1\" \/>\n<link rel=\"canonical\" href=\"https:\/\/www.purejewels.com\/de\/produkt-2\/22-karat-gold-cz-anhanger-2\/\" \/>\n<meta property=\"og:locale\" content=\"de_DE\" \/>\n<meta property=\"og:type\" content=\"article\" \/>\n<meta property=\"og:title\" content=\"22ct Gold CZ Flower Pendant | PureJewels Elegant Craftsmanship\" \/>\n<meta property=\"og:description\" content=\"A radiant 22ct gold pendant in a floral silhouette, adorned with shimmering CZ stones. An exquisite blend of heritage and modern elegance, only at PureJewels.\" \/>\n<meta property=\"og:url\" content=\"https:\/\/www.purejewels.com\/de\/produkt-2\/22-karat-gold-cz-anhanger-2\/\" \/>\n<meta property=\"og:site_name\" content=\"PureJewels UK\" \/>\n<meta property=\"article:modified_time\" content=\"2025-12-17T07:37:13+00:00\" \/>\n<meta property=\"og:image\" content=\"https:\/\/static.purejewels.com\/wp-content\/uploads\/2019\/11\/31412.jpg\" \/>\n\t<meta property=\"og:image:width\" content=\"1000\" \/>\n\t<meta property=\"og:image:height\" content=\"1000\" \/>\n\t<meta property=\"og:image:type\" content=\"image\/jpeg\" \/>\n<meta name=\"twitter:card\" content=\"summary_large_image\" \/>\n<meta name=\"twitter:label1\" content=\"Gesch\u00e4tzte Lesezeit\" \/>\n\t<meta name=\"twitter:data1\" content=\"1\u00a0Minute\" \/>\n<script type=\"application\/ld+json\" class=\"yoast-schema-graph\">{\"@context\":\"https:\\\/\\\/schema.org\",\"@graph\":[{\"@type\":[\"WebPage\",\"ItemPage\"],\"@id\":\"https:\\\/\\\/www.purejewels.com\\\/product\\\/22-carat-gold-cz-pendant-2\\\/\",\"url\":\"https:\\\/\\\/www.purejewels.com\\\/product\\\/22-carat-gold-cz-pendant-2\\\/\",\"name\":\"22ct Gold CZ Flower Pendant | PureJewels Elegant Craftsmanship\",\"isPartOf\":{\"@id\":\"https:\\\/\\\/www.purejewels.com\\\/#website\"},\"primaryImageOfPage\":{\"@id\":\"https:\\\/\\\/www.purejewels.com\\\/product\\\/22-carat-gold-cz-pendant-2\\\/#primaryimage\"},\"image\":{\"@id\":\"https:\\\/\\\/www.purejewels.com\\\/product\\\/22-carat-gold-cz-pendant-2\\\/#primaryimage\"},\"thumbnailUrl\":\"https:\\\/\\\/static.purejewels.com\\\/wp-content\\\/uploads\\\/2019\\\/11\\\/31412.jpg\",\"datePublished\":\"2019-11-11T06:08:16+00:00\",\"dateModified\":\"2025-12-17T07:37:13+00:00\",\"description\":\"A radiant 22ct gold pendant in a floral silhouette, adorned with shimmering CZ stones. An exquisite blend of heritage and modern elegance, only at PureJewels.\",\"breadcrumb\":{\"@id\":\"https:\\\/\\\/www.purejewels.com\\\/product\\\/22-carat-gold-cz-pendant-2\\\/#breadcrumb\"},\"inLanguage\":\"de\",\"potentialAction\":[{\"@type\":\"ReadAction\",\"target\":[\"https:\\\/\\\/www.purejewels.com\\\/product\\\/22-carat-gold-cz-pendant-2\\\/\"]}]},{\"@type\":\"ImageObject\",\"inLanguage\":\"de\",\"@id\":\"https:\\\/\\\/www.purejewels.com\\\/product\\\/22-carat-gold-cz-pendant-2\\\/#primaryimage\",\"url\":\"https:\\\/\\\/static.purejewels.com\\\/wp-content\\\/uploads\\\/2019\\\/11\\\/31412.jpg\",\"contentUrl\":\"https:\\\/\\\/static.purejewels.com\\\/wp-content\\\/uploads\\\/2019\\\/11\\\/31412.jpg\",\"width\":1000,\"height\":1000,\"caption\":\"31412\"},{\"@type\":\"BreadcrumbList\",\"@id\":\"https:\\\/\\\/www.purejewels.com\\\/product\\\/22-carat-gold-cz-pendant-2\\\/#breadcrumb\",\"itemListElement\":[{\"@type\":\"ListItem\",\"position\":1,\"name\":\"Home\",\"item\":\"https:\\\/\\\/www.purejewels.com\\\/\"},{\"@type\":\"ListItem\",\"position\":2,\"name\":\"Shop\",\"item\":\"https:\\\/\\\/www.purejewels.com\\\/shop\\\/\"},{\"@type\":\"ListItem\",\"position\":3,\"name\":\"22ct Gold Floral CZ Pendant for Women\"}]},{\"@type\":\"WebSite\",\"@id\":\"https:\\\/\\\/www.purejewels.com\\\/#website\",\"url\":\"https:\\\/\\\/www.purejewels.com\\\/\",\"name\":\"PureJewels UK\",\"description\":\"Share the Love\",\"publisher\":{\"@id\":\"https:\\\/\\\/www.purejewels.com\\\/#organization\"},\"potentialAction\":[{\"@type\":\"SearchAction\",\"target\":{\"@type\":\"EntryPoint\",\"urlTemplate\":\"https:\\\/\\\/www.purejewels.com\\\/?s={search_term_string}\"},\"query-input\":{\"@type\":\"PropertyValueSpecification\",\"valueRequired\":true,\"valueName\":\"search_term_string\"}}],\"inLanguage\":\"de\"},{\"@type\":\"Organization\",\"@id\":\"https:\\\/\\\/www.purejewels.com\\\/#organization\",\"name\":\"PureJewels UK\",\"url\":\"https:\\\/\\\/www.purejewels.com\\\/\",\"logo\":{\"@type\":\"ImageObject\",\"inLanguage\":\"de\",\"@id\":\"https:\\\/\\\/www.purejewels.com\\\/#\\\/schema\\\/logo\\\/image\\\/\",\"url\":\"https:\\\/\\\/static.purejewels.com\\\/wp-content\\\/uploads\\\/2020\\\/11\\\/Logo-PJ-New-1.png\",\"contentUrl\":\"https:\\\/\\\/static.purejewels.com\\\/wp-content\\\/uploads\\\/2020\\\/11\\\/Logo-PJ-New-1.png\",\"width\":150,\"height\":80,\"caption\":\"PureJewels UK\"},\"image\":{\"@id\":\"https:\\\/\\\/www.purejewels.com\\\/#\\\/schema\\\/logo\\\/image\\\/\"}}]}<\/script>\n<!-- \/ Yoast SEO plugin. -->","yoast_head_json":{"title":"22 Karat Gold CZ Blumenanh\u00e4nger | PureJewels Elegante Handwerkskunst","description":"Ein strahlender Anh\u00e4nger aus 22 Karat Gold in floraler Silhouette, verziert mit funkelnden Zirkoniasteinen. Eine exquisite Mischung aus Tradition und moderner Eleganz, nur bei PureJewels.","robots":{"index":"index","follow":"follow","max-snippet":"max-snippet:-1","max-image-preview":"max-image-preview:large","max-video-preview":"max-video-preview:-1"},"canonical":"https:\/\/www.purejewels.com\/de\/produkt-2\/22-karat-gold-cz-anhanger-2\/","og_locale":"de_DE","og_type":"article","og_title":"22ct Gold CZ Flower Pendant | PureJewels Elegant Craftsmanship","og_description":"A radiant 22ct gold pendant in a floral silhouette, adorned with shimmering CZ stones. An exquisite blend of heritage and modern elegance, only at PureJewels.","og_url":"https:\/\/www.purejewels.com\/de\/produkt-2\/22-karat-gold-cz-anhanger-2\/","og_site_name":"PureJewels UK","article_modified_time":"2025-12-17T07:37:13+00:00","og_image":[{"width":1000,"height":1000,"url":"https:\/\/static.purejewels.com\/wp-content\/uploads\/2019\/11\/31412.jpg","type":"image\/jpeg"}],"twitter_card":"summary_large_image","twitter_misc":{"Gesch\u00e4tzte Lesezeit":"1\u00a0Minute"},"schema":{"@context":"https:\/\/schema.org","@graph":[{"@type":["WebPage","ItemPage"],"@id":"https:\/\/www.purejewels.com\/product\/22-carat-gold-cz-pendant-2\/","url":"https:\/\/www.purejewels.com\/product\/22-carat-gold-cz-pendant-2\/","name":"22 Karat Gold CZ Blumenanh\u00e4nger | PureJewels Elegante Handwerkskunst","isPartOf":{"@id":"https:\/\/www.purejewels.com\/#website"},"primaryImageOfPage":{"@id":"https:\/\/www.purejewels.com\/product\/22-carat-gold-cz-pendant-2\/#primaryimage"},"image":{"@id":"https:\/\/www.purejewels.com\/product\/22-carat-gold-cz-pendant-2\/#primaryimage"},"thumbnailUrl":"https:\/\/static.purejewels.com\/wp-content\/uploads\/2019\/11\/31412.jpg","datePublished":"2019-11-11T06:08:16+00:00","dateModified":"2025-12-17T07:37:13+00:00","description":"Ein strahlender Anh\u00e4nger aus 22 Karat Gold in floraler Silhouette, verziert mit funkelnden Zirkoniasteinen. Eine exquisite Mischung aus Tradition und moderner Eleganz, nur bei PureJewels.","breadcrumb":{"@id":"https:\/\/www.purejewels.com\/product\/22-carat-gold-cz-pendant-2\/#breadcrumb"},"inLanguage":"de","potentialAction":[{"@type":"ReadAction","target":["https:\/\/www.purejewels.com\/product\/22-carat-gold-cz-pendant-2\/"]}]},{"@type":"ImageObject","inLanguage":"de","@id":"https:\/\/www.purejewels.com\/product\/22-carat-gold-cz-pendant-2\/#primaryimage","url":"https:\/\/static.purejewels.com\/wp-content\/uploads\/2019\/11\/31412.jpg","contentUrl":"https:\/\/static.purejewels.com\/wp-content\/uploads\/2019\/11\/31412.jpg","width":1000,"height":1000,"caption":"31412"},{"@type":"BreadcrumbList","@id":"https:\/\/www.purejewels.com\/product\/22-carat-gold-cz-pendant-2\/#breadcrumb","itemListElement":[{"@type":"ListItem","position":1,"name":"Home","item":"https:\/\/www.purejewels.com\/"},{"@type":"ListItem","position":2,"name":"Shop","item":"https:\/\/www.purejewels.com\/shop\/"},{"@type":"ListItem","position":3,"name":"22ct Gold Floral CZ Pendant for Women"}]},{"@type":"WebSite","@id":"https:\/\/www.purejewels.com\/#website","url":"https:\/\/www.purejewels.com\/","name":"PureJewels UK","description":"Teile die Liebe","publisher":{"@id":"https:\/\/www.purejewels.com\/#organization"},"potentialAction":[{"@type":"SearchAction","target":{"@type":"EntryPoint","urlTemplate":"https:\/\/www.purejewels.com\/?s={search_term_string}"},"query-input":{"@type":"PropertyValueSpecification","valueRequired":true,"valueName":"search_term_string"}}],"inLanguage":"de"},{"@type":"Organization","@id":"https:\/\/www.purejewels.com\/#organization","name":"PureJewels UK","url":"https:\/\/www.purejewels.com\/","logo":{"@type":"ImageObject","inLanguage":"de","@id":"https:\/\/www.purejewels.com\/#\/schema\/logo\/image\/","url":"https:\/\/static.purejewels.com\/wp-content\/uploads\/2020\/11\/Logo-PJ-New-1.png","contentUrl":"https:\/\/static.purejewels.com\/wp-content\/uploads\/2020\/11\/Logo-PJ-New-1.png","width":150,"height":80,"caption":"PureJewels UK"},"image":{"@id":"https:\/\/www.purejewels.com\/#\/schema\/logo\/image\/"}}]}},"_links":{"self":[{"href":"https:\/\/www.purejewels.com\/de\/wp-json\/wp\/v2\/product\/311549","targetHints":{"allow":["GET"]}}],"collection":[{"href":"https:\/\/www.purejewels.com\/de\/wp-json\/wp\/v2\/product"}],"about":[{"href":"https:\/\/www.purejewels.com\/de\/wp-json\/wp\/v2\/types\/product"}],"replies":[{"embeddable":true,"href":"https:\/\/www.purejewels.com\/de\/wp-json\/wp\/v2\/comments?post=311549"}],"version-history":[{"count":2,"href":"https:\/\/www.purejewels.com\/de\/wp-json\/wp\/v2\/product\/311549\/revisions"}],"predecessor-version":[{"id":423276,"href":"https:\/\/www.purejewels.com\/de\/wp-json\/wp\/v2\/product\/311549\/revisions\/423276"}],"wp:featuredmedia":[{"embeddable":true,"href":"https:\/\/www.purejewels.com\/de\/wp-json\/wp\/v2\/media\/311781"}],"wp:attachment":[{"href":"https:\/\/www.purejewels.com\/de\/wp-json\/wp\/v2\/media?parent=311549"}],"wp:term":[{"taxonomy":"product_brand","embeddable":true,"href":"https:\/\/www.purejewels.com\/de\/wp-json\/wp\/v2\/product_brand?post=311549"},{"taxonomy":"product_cat","embeddable":true,"href":"https:\/\/www.purejewels.com\/de\/wp-json\/wp\/v2\/product_cat?post=311549"},{"taxonomy":"product_tag","embeddable":true,"href":"https:\/\/www.purejewels.com\/de\/wp-json\/wp\/v2\/product_tag?post=311549"}],"curies":[{"name":"wp","href":"https:\/\/api.w.org\/{rel}","templated":true}]}}