{"id":311558,"date":"2019-11-11T07:19:29","date_gmt":"2019-11-11T07:19:29","guid":{"rendered":"https:\/\/www.purejewels.com\/?post_type=product&#038;p=311558"},"modified":"2026-04-07T09:19:49","modified_gmt":"2026-04-07T08:19:49","slug":"diamant-ohrstecker-aus-18-karat-gold-31092","status":"publish","type":"product","link":"https:\/\/www.purejewels.com\/de\/product\/18ct-gold-diamond-earstuds-31092\/","title":{"rendered":"18ct Gold Diamant Kaskade Tropfen Ohrstecker Ohrringe"},"content":{"rendered":"<h3><strong>18ct Gold Diamant Ohrstecker<\/strong><\/h3>\n<p>Erh\u00f6hen Sie Ihren Stil mit diesen exquisiten <a href=\"https:\/\/www.purejewels.com\/de\/product\/18ct-white-gold-khanda-sikh-religious-pendant-6226\/\">18ct<\/a> Gold-Diamant-Ohrstecker von PureJewels UK, dem renommierten Juwelier in der Green Street. Gefertigt mit den feinsten Materialien und Experten <a href=\"https:\/\/www.purejewels.com\/de\/a-guide-to-die-stamping\/\">Handwerkskunst<\/a>sind diese Ohrstecker eine zeitlose Erg\u00e4nzung f\u00fcr jede Schmucksammlung. Funkelnde Diamanten, eingefasst in luxuri\u00f6ses Gold, sorgen f\u00fcr einen umwerfenden Look, der alle Blicke auf sich zieht. G\u00f6nnen Sie sich oder einer geliebten Person den ultimativen Hauch von Eleganz mit diesen atemberaubenden Ohrsteckern.<\/p>\n<ul>\n<li><strong>Gestaltung<\/strong>: Exquisit gearbeitete Ohrstecker mit Brillanten, die Eleganz und Raffinesse ausstrahlen.<\/li>\n<li><strong>Material<\/strong>: Hergestellt aus hochwertigem 18-kar\u00e4tigem Gold, das Langlebigkeit und ein luxuri\u00f6ses Finish garantiert.<\/li>\n<li><strong><a href=\"https:\/\/www.purejewels.com\/de\/product\/18ct-white-gold-stud-earrings-diamond-and-garnet-stone-45241\/\">Diamant-Ohrringe<\/a><\/strong>: Diese Ohrringe sind mit hochwertigen Diamanten besetzt und verspr\u00fchen zeitlosen Charme.<\/li>\n<li><strong><a href=\"https:\/\/www.purejewels.com\/de\/product\/22ct-gold-stud-earring-for-ladies-50664\/\">Statement-Ohrringe<\/a><\/strong>: K\u00fchn und doch raffiniert, entworfen, um das Herzst\u00fcck eines jeden Looks zu sein.<\/li>\n<li><strong>Luxus-Ohrringe<\/strong>: Ein perfektes Gleichgewicht zwischen Opulenz und Eleganz, ideal f\u00fcr besondere Anl\u00e4sse oder zur Aufwertung von Alltagsoutfits.<\/li>\n<\/ul>\n<p>Diese diamantenen Ohrstecker sind ein Symbol f\u00fcr Klasse und Eleganz. Sie sind ein Muss f\u00fcr jeden Schmuckliebhaber oder ein unvergessliches Geschenk f\u00fcr einen besonderen Menschen.<\/p>","protected":false},"excerpt":{"rendered":"<ul>\n<li>Diamantbesetzte Ohrringe mit Verzierungen.<\/li>\n<li>Diamant (Gewicht) - 0,31ct<\/li>\n<li>Gewicht 1,70 g<\/li>\n<li>SKU 31092<\/li>\n<li>Alle Preise inklusive Mehrwertsteuer<\/li>\n<li>\u00a0Gold gestempelt von London Assay Office<\/li>\n<li>Mit Pr\u00e4sentationsbox<\/li>\n<li>Lieferung inbegriffen<\/li>\n<li>Live-Chat mit uns f\u00fcr Verf\u00fcgbarkeit und mehr Bilder von <span data-sheets-root=\"1\">Die besten Schmuckgeschenke f\u00fcr Weihnachten<\/span><\/li>\n<\/ul>","protected":false},"featured_media":311785,"comment_status":"closed","ping_status":"closed","template":"","meta":{"_eb_attr":"","_crsspst_to_jayantr4sg-hostcom":true},"product_brand":[],"product_cat":[6086,5679,1791,1794,5458,5457,1573,1574],"product_tag":[1455],"class_list":{"0":"post-311558","1":"product","2":"type-product","3":"status-publish","4":"has-post-thumbnail","6":"product_cat-18ct-gold-earring","7":"product_cat-18ct-gold-jewellery","8":"product_cat-anniversary-gifts","9":"product_cat-christmas-gifts","10":"product_cat-diamond-earring","11":"product_cat-diamond-jewellery","12":"product_cat-wedding-gifts","13":"product_cat-womens-jewellery","14":"product_tag-diamond-studs","16":"first","17":"instock","18":"taxable","19":"shipping-taxable","20":"purchasable","21":"product-type-simple","22":"add-to-wishlist-before_image"},"yoast_head":"<!-- This site is optimized with the Yoast SEO plugin v27.5 - https:\/\/yoast.com\/product\/yoast-seo-wordpress\/ -->\n<title>18ct Gold Diamond Drop Stud Earrings UK | Floral Cascade Design<\/title>\n<meta name=\"description\" content=\"Explore 18ct gold diamond stud earrings with a flowing drop and floral cluster design, crafted for refined everyday and occasion wear.\" \/>\n<meta name=\"robots\" content=\"index, follow, max-snippet:-1, max-image-preview:large, max-video-preview:-1\" \/>\n<link rel=\"canonical\" href=\"https:\/\/www.purejewels.com\/de\/produkt-2\/diamant-ohrstecker-aus-18-karat-gold-31092\/\" \/>\n<meta property=\"og:locale\" content=\"de_DE\" \/>\n<meta property=\"og:type\" content=\"article\" \/>\n<meta property=\"og:title\" content=\"18ct Gold Diamond Drop Stud Earrings UK | Floral Cascade Design\" \/>\n<meta property=\"og:description\" content=\"Explore 18ct gold diamond stud earrings with a flowing drop and floral cluster design, crafted for refined everyday and occasion wear.\" \/>\n<meta property=\"og:url\" content=\"https:\/\/www.purejewels.com\/de\/produkt-2\/diamant-ohrstecker-aus-18-karat-gold-31092\/\" \/>\n<meta property=\"og:site_name\" content=\"PureJewels UK\" \/>\n<meta property=\"article:modified_time\" content=\"2026-04-07T08:19:49+00:00\" \/>\n<meta property=\"og:image\" content=\"https:\/\/static.purejewels.com\/wp-content\/uploads\/2019\/11\/31092.jpg\" \/>\n\t<meta property=\"og:image:width\" content=\"1000\" \/>\n\t<meta property=\"og:image:height\" content=\"1000\" \/>\n\t<meta property=\"og:image:type\" content=\"image\/jpeg\" \/>\n<meta name=\"twitter:card\" content=\"summary_large_image\" \/>\n<meta name=\"twitter:label1\" content=\"Gesch\u00e4tzte Lesezeit\" \/>\n\t<meta name=\"twitter:data1\" content=\"1\u00a0Minute\" \/>\n<script type=\"application\/ld+json\" class=\"yoast-schema-graph\">{\"@context\":\"https:\\\/\\\/schema.org\",\"@graph\":[{\"@type\":[\"WebPage\",\"ItemPage\"],\"@id\":\"https:\\\/\\\/www.purejewels.com\\\/product\\\/18ct-gold-diamond-earstuds-31092\\\/\",\"url\":\"https:\\\/\\\/www.purejewels.com\\\/product\\\/18ct-gold-diamond-earstuds-31092\\\/\",\"name\":\"18ct Gold Diamond Drop Stud Earrings UK | Floral Cascade Design\",\"isPartOf\":{\"@id\":\"https:\\\/\\\/www.purejewels.com\\\/#website\"},\"primaryImageOfPage\":{\"@id\":\"https:\\\/\\\/www.purejewels.com\\\/product\\\/18ct-gold-diamond-earstuds-31092\\\/#primaryimage\"},\"image\":{\"@id\":\"https:\\\/\\\/www.purejewels.com\\\/product\\\/18ct-gold-diamond-earstuds-31092\\\/#primaryimage\"},\"thumbnailUrl\":\"https:\\\/\\\/static.purejewels.com\\\/wp-content\\\/uploads\\\/2019\\\/11\\\/31092.jpg\",\"datePublished\":\"2019-11-11T07:19:29+00:00\",\"dateModified\":\"2026-04-07T08:19:49+00:00\",\"description\":\"Explore 18ct gold diamond stud earrings with a flowing drop and floral cluster design, crafted for refined everyday and occasion wear.\",\"breadcrumb\":{\"@id\":\"https:\\\/\\\/www.purejewels.com\\\/product\\\/18ct-gold-diamond-earstuds-31092\\\/#breadcrumb\"},\"inLanguage\":\"de\",\"potentialAction\":[{\"@type\":\"ReadAction\",\"target\":[\"https:\\\/\\\/www.purejewels.com\\\/product\\\/18ct-gold-diamond-earstuds-31092\\\/\"]}]},{\"@type\":\"ImageObject\",\"inLanguage\":\"de\",\"@id\":\"https:\\\/\\\/www.purejewels.com\\\/product\\\/18ct-gold-diamond-earstuds-31092\\\/#primaryimage\",\"url\":\"https:\\\/\\\/static.purejewels.com\\\/wp-content\\\/uploads\\\/2019\\\/11\\\/31092.jpg\",\"contentUrl\":\"https:\\\/\\\/static.purejewels.com\\\/wp-content\\\/uploads\\\/2019\\\/11\\\/31092.jpg\",\"width\":1000,\"height\":1000,\"caption\":\"31092\"},{\"@type\":\"BreadcrumbList\",\"@id\":\"https:\\\/\\\/www.purejewels.com\\\/product\\\/18ct-gold-diamond-earstuds-31092\\\/#breadcrumb\",\"itemListElement\":[{\"@type\":\"ListItem\",\"position\":1,\"name\":\"Home\",\"item\":\"https:\\\/\\\/www.purejewels.com\\\/\"},{\"@type\":\"ListItem\",\"position\":2,\"name\":\"Shop\",\"item\":\"https:\\\/\\\/www.purejewels.com\\\/shop\\\/\"},{\"@type\":\"ListItem\",\"position\":3,\"name\":\"18ct Gold Diamond Cascade Drop Stud Earrings\"}]},{\"@type\":\"WebSite\",\"@id\":\"https:\\\/\\\/www.purejewels.com\\\/#website\",\"url\":\"https:\\\/\\\/www.purejewels.com\\\/\",\"name\":\"PureJewels UK\",\"description\":\"Share the Love\",\"publisher\":{\"@id\":\"https:\\\/\\\/www.purejewels.com\\\/#organization\"},\"potentialAction\":[{\"@type\":\"SearchAction\",\"target\":{\"@type\":\"EntryPoint\",\"urlTemplate\":\"https:\\\/\\\/www.purejewels.com\\\/?s={search_term_string}\"},\"query-input\":{\"@type\":\"PropertyValueSpecification\",\"valueRequired\":true,\"valueName\":\"search_term_string\"}}],\"inLanguage\":\"de\"},{\"@type\":\"Organization\",\"@id\":\"https:\\\/\\\/www.purejewels.com\\\/#organization\",\"name\":\"PureJewels UK\",\"url\":\"https:\\\/\\\/www.purejewels.com\\\/\",\"logo\":{\"@type\":\"ImageObject\",\"inLanguage\":\"de\",\"@id\":\"https:\\\/\\\/www.purejewels.com\\\/#\\\/schema\\\/logo\\\/image\\\/\",\"url\":\"https:\\\/\\\/static.purejewels.com\\\/wp-content\\\/uploads\\\/2020\\\/11\\\/Logo-PJ-New-1.png\",\"contentUrl\":\"https:\\\/\\\/static.purejewels.com\\\/wp-content\\\/uploads\\\/2020\\\/11\\\/Logo-PJ-New-1.png\",\"width\":150,\"height\":80,\"caption\":\"PureJewels UK\"},\"image\":{\"@id\":\"https:\\\/\\\/www.purejewels.com\\\/#\\\/schema\\\/logo\\\/image\\\/\"}}]}<\/script>\n<!-- \/ Yoast SEO plugin. -->","yoast_head_json":{"title":"18ct Gold Diamond Drop Ohrstecker UK | Floral Cascade Design","description":"Entdecken Sie Diamant-Ohrstecker aus 18-kar\u00e4tigem Gold mit einem flie\u00dfenden Tropfen und einem floralen Cluster-Design, die sich sowohl f\u00fcr den Alltag als auch f\u00fcr besondere Anl\u00e4sse eignen.","robots":{"index":"index","follow":"follow","max-snippet":"max-snippet:-1","max-image-preview":"max-image-preview:large","max-video-preview":"max-video-preview:-1"},"canonical":"https:\/\/www.purejewels.com\/de\/produkt-2\/diamant-ohrstecker-aus-18-karat-gold-31092\/","og_locale":"de_DE","og_type":"article","og_title":"18ct Gold Diamond Drop Stud Earrings UK | Floral Cascade Design","og_description":"Explore 18ct gold diamond stud earrings with a flowing drop and floral cluster design, crafted for refined everyday and occasion wear.","og_url":"https:\/\/www.purejewels.com\/de\/produkt-2\/diamant-ohrstecker-aus-18-karat-gold-31092\/","og_site_name":"PureJewels UK","article_modified_time":"2026-04-07T08:19:49+00:00","og_image":[{"width":1000,"height":1000,"url":"https:\/\/static.purejewels.com\/wp-content\/uploads\/2019\/11\/31092.jpg","type":"image\/jpeg"}],"twitter_card":"summary_large_image","twitter_misc":{"Gesch\u00e4tzte Lesezeit":"1\u00a0Minute"},"schema":{"@context":"https:\/\/schema.org","@graph":[{"@type":["WebPage","ItemPage"],"@id":"https:\/\/www.purejewels.com\/product\/18ct-gold-diamond-earstuds-31092\/","url":"https:\/\/www.purejewels.com\/product\/18ct-gold-diamond-earstuds-31092\/","name":"18ct Gold Diamond Drop Ohrstecker UK | Floral Cascade Design","isPartOf":{"@id":"https:\/\/www.purejewels.com\/#website"},"primaryImageOfPage":{"@id":"https:\/\/www.purejewels.com\/product\/18ct-gold-diamond-earstuds-31092\/#primaryimage"},"image":{"@id":"https:\/\/www.purejewels.com\/product\/18ct-gold-diamond-earstuds-31092\/#primaryimage"},"thumbnailUrl":"https:\/\/static.purejewels.com\/wp-content\/uploads\/2019\/11\/31092.jpg","datePublished":"2019-11-11T07:19:29+00:00","dateModified":"2026-04-07T08:19:49+00:00","description":"Entdecken Sie Diamant-Ohrstecker aus 18-kar\u00e4tigem Gold mit einem flie\u00dfenden Tropfen und einem floralen Cluster-Design, die sich sowohl f\u00fcr den Alltag als auch f\u00fcr besondere Anl\u00e4sse eignen.","breadcrumb":{"@id":"https:\/\/www.purejewels.com\/product\/18ct-gold-diamond-earstuds-31092\/#breadcrumb"},"inLanguage":"de","potentialAction":[{"@type":"ReadAction","target":["https:\/\/www.purejewels.com\/product\/18ct-gold-diamond-earstuds-31092\/"]}]},{"@type":"ImageObject","inLanguage":"de","@id":"https:\/\/www.purejewels.com\/product\/18ct-gold-diamond-earstuds-31092\/#primaryimage","url":"https:\/\/static.purejewels.com\/wp-content\/uploads\/2019\/11\/31092.jpg","contentUrl":"https:\/\/static.purejewels.com\/wp-content\/uploads\/2019\/11\/31092.jpg","width":1000,"height":1000,"caption":"31092"},{"@type":"BreadcrumbList","@id":"https:\/\/www.purejewels.com\/product\/18ct-gold-diamond-earstuds-31092\/#breadcrumb","itemListElement":[{"@type":"ListItem","position":1,"name":"Home","item":"https:\/\/www.purejewels.com\/"},{"@type":"ListItem","position":2,"name":"Shop","item":"https:\/\/www.purejewels.com\/shop\/"},{"@type":"ListItem","position":3,"name":"18ct Gold Diamond Cascade Drop Stud Earrings"}]},{"@type":"WebSite","@id":"https:\/\/www.purejewels.com\/#website","url":"https:\/\/www.purejewels.com\/","name":"PureJewels UK","description":"Teile die Liebe","publisher":{"@id":"https:\/\/www.purejewels.com\/#organization"},"potentialAction":[{"@type":"SearchAction","target":{"@type":"EntryPoint","urlTemplate":"https:\/\/www.purejewels.com\/?s={search_term_string}"},"query-input":{"@type":"PropertyValueSpecification","valueRequired":true,"valueName":"search_term_string"}}],"inLanguage":"de"},{"@type":"Organization","@id":"https:\/\/www.purejewels.com\/#organization","name":"PureJewels UK","url":"https:\/\/www.purejewels.com\/","logo":{"@type":"ImageObject","inLanguage":"de","@id":"https:\/\/www.purejewels.com\/#\/schema\/logo\/image\/","url":"https:\/\/static.purejewels.com\/wp-content\/uploads\/2020\/11\/Logo-PJ-New-1.png","contentUrl":"https:\/\/static.purejewels.com\/wp-content\/uploads\/2020\/11\/Logo-PJ-New-1.png","width":150,"height":80,"caption":"PureJewels UK"},"image":{"@id":"https:\/\/www.purejewels.com\/#\/schema\/logo\/image\/"}}]}},"_links":{"self":[{"href":"https:\/\/www.purejewels.com\/de\/wp-json\/wp\/v2\/product\/311558","targetHints":{"allow":["GET"]}}],"collection":[{"href":"https:\/\/www.purejewels.com\/de\/wp-json\/wp\/v2\/product"}],"about":[{"href":"https:\/\/www.purejewels.com\/de\/wp-json\/wp\/v2\/types\/product"}],"replies":[{"embeddable":true,"href":"https:\/\/www.purejewels.com\/de\/wp-json\/wp\/v2\/comments?post=311558"}],"version-history":[{"count":4,"href":"https:\/\/www.purejewels.com\/de\/wp-json\/wp\/v2\/product\/311558\/revisions"}],"predecessor-version":[{"id":428139,"href":"https:\/\/www.purejewels.com\/de\/wp-json\/wp\/v2\/product\/311558\/revisions\/428139"}],"wp:featuredmedia":[{"embeddable":true,"href":"https:\/\/www.purejewels.com\/de\/wp-json\/wp\/v2\/media\/311785"}],"wp:attachment":[{"href":"https:\/\/www.purejewels.com\/de\/wp-json\/wp\/v2\/media?parent=311558"}],"wp:term":[{"taxonomy":"product_brand","embeddable":true,"href":"https:\/\/www.purejewels.com\/de\/wp-json\/wp\/v2\/product_brand?post=311558"},{"taxonomy":"product_cat","embeddable":true,"href":"https:\/\/www.purejewels.com\/de\/wp-json\/wp\/v2\/product_cat?post=311558"},{"taxonomy":"product_tag","embeddable":true,"href":"https:\/\/www.purejewels.com\/de\/wp-json\/wp\/v2\/product_tag?post=311558"}],"curies":[{"name":"wp","href":"https:\/\/api.w.org\/{rel}","templated":true}]}}