{"id":311720,"date":"2019-11-11T06:21:15","date_gmt":"2019-11-11T06:21:15","guid":{"rendered":"https:\/\/www.purejewels.com\/?post_type=product&#038;p=311720"},"modified":"2026-01-06T06:53:29","modified_gmt":"2026-01-06T06:53:29","slug":"22ct-indisches-gold-jhumkha-31761","status":"publish","type":"product","link":"https:\/\/www.purejewels.com\/de\/product\/22ct-indian-gold-jhumkha-31761\/","title":{"rendered":"Traditionelle Jhumka-Ohrringe aus 22 Karat Gold"},"content":{"rendered":"<p><strong>Gestaltung<\/strong><\/p>\n<p>Diese traditionellen Jhumka-Ohrringe aus 22 Karat Gold sind in der ikonischen kuppelf\u00f6rmigen Silhouette gestaltet, reich an Details und kultureller Symbolik. Der obere Teil verf\u00fcgt \u00fcber ein Tropfenmotiv mit feiner Filigranarbeit, w\u00e4hrend der glockenf\u00f6rmige untere Teil mit wundersch\u00f6n angeordneten, baumelnden Goldperlen verziert ist, die die Bewegung und den Glanz unterstreichen.<\/p>\n<p><strong>Handwerkliches K\u00f6nnen<\/strong><\/p>\n<p>Diese mit au\u00dfergew\u00f6hnlicher Pr\u00e4zision gefertigten Ohrringe repr\u00e4sentieren die besten indischen Techniken der Schmuckherstellung. Die aufwendige Granulation, Filigranarbeit und gew\u00f6lbte Struktur werden von erfahrenen Kunsthandwerkern von Hand gefertigt, um die Eleganz und Tiefe des Designs hervorzuheben. Jedes Element, von den symmetrischen Tropfen bis zum verzierten unteren Anh\u00e4nger im Regenschirmstil, zeugt von Qualit\u00e4t und Tradition.<\/p>\n<p><strong>Stil<\/strong><\/p>\n<p>Diese Jhumka-Ohrringe sind perfekt f\u00fcr Hochzeiten, religi\u00f6se Veranstaltungen oder festliche Anl\u00e4sse und setzen ein Statement. Ihre zeitlose Sch\u00f6nheit passt m\u00fchelos zu Saris, Lehengas oder Anarkali-Anz\u00fcgen und verleiht Ihrem Look einen Hauch von traditionellem Glamour. Ein Muss f\u00fcr alle, die die Essenz traditioneller indischer Schmuckst\u00fccke sch\u00e4tzen.<\/p>","protected":false},"excerpt":{"rendered":"<p>Elegante Jhumka-Ohrringe aus 22 Karat Gold, die aufwendige indische Handwerkskunst und zeitlosen Charme verk\u00f6rpern \u2013 perfekt f\u00fcr Hochzeiten, Festivals und Feierlichkeiten.<\/p>\n<ul>\n<li>22ct Indisches Gold Jhumkha<\/li>\n<li>Gewicht: 24,8 g<\/li>\n<li>Sku 31761<\/li>\n<li>Alle Preise inklusive Mehrwertsteuer<\/li>\n<li>Alle unsere Produkte sind vom London Assay Office gestempelt.<\/li>\n<li>Alle Sets werden mit Pr\u00e4sentationsbox geliefert<\/li>\n<li>Lieferung inbegriffen<\/li>\n<li>Live-Chat mit uns f\u00fcr die Verf\u00fcgbarkeit und mehr Bilder von \u00e4hnlichen Designs derzeit auf Lager<\/li>\n<\/ul>","protected":false},"featured_media":311783,"comment_status":"closed","ping_status":"closed","template":"","meta":{"_eb_attr":"","_crsspst_to_jayantr4sg-hostcom":true},"product_brand":[],"product_cat":[1254,252,1578,1574],"product_tag":[4122],"class_list":{"0":"post-311720","1":"product","2":"type-product","3":"status-publish","4":"has-post-thumbnail","6":"product_cat-gold-earrings","7":"product_cat-jali-collections","8":"product_cat-jhumkha-earrings","9":"product_cat-womens-jewellery","10":"product_tag-earrings-for-sale","12":"first","13":"outofstock","14":"taxable","15":"shipping-taxable","16":"product-type-simple","17":"add-to-wishlist-before_image"},"yoast_head":"<!-- This site is optimized with the Yoast SEO plugin v27.6 - https:\/\/yoast.com\/product\/yoast-seo-wordpress\/ -->\n<title>22ct Gold Jhumka Earrings | PureJewels Traditional Gold Jewellery<\/title>\n<meta name=\"description\" content=\"Shop 22ct gold traditional Jhumka earrings at PureJewels \u2013 expertly crafted with detailed design and rich heritage. A timeless addition to your jewellery collection.\" \/>\n<meta name=\"robots\" content=\"index, follow, max-snippet:-1, max-image-preview:large, max-video-preview:-1\" \/>\n<link rel=\"canonical\" href=\"https:\/\/www.purejewels.com\/de\/produkt-2\/22ct-indisches-gold-jhumkha-31761\/\" \/>\n<meta property=\"og:locale\" content=\"de_DE\" \/>\n<meta property=\"og:type\" content=\"article\" \/>\n<meta property=\"og:title\" content=\"22ct Gold Jhumka Earrings | PureJewels Traditional Gold Jewellery\" \/>\n<meta property=\"og:description\" content=\"Shop 22ct gold traditional Jhumka earrings at PureJewels \u2013 expertly crafted with detailed design and rich heritage. A timeless addition to your jewellery collection.\" \/>\n<meta property=\"og:url\" content=\"https:\/\/www.purejewels.com\/de\/produkt-2\/22ct-indisches-gold-jhumkha-31761\/\" \/>\n<meta property=\"og:site_name\" content=\"PureJewels UK\" \/>\n<meta property=\"article:modified_time\" content=\"2026-01-06T06:53:29+00:00\" \/>\n<meta property=\"og:image\" content=\"https:\/\/static.purejewels.com\/wp-content\/uploads\/2019\/11\/31761.jpg\" \/>\n\t<meta property=\"og:image:width\" content=\"1000\" \/>\n\t<meta property=\"og:image:height\" content=\"1000\" \/>\n\t<meta property=\"og:image:type\" content=\"image\/jpeg\" \/>\n<meta name=\"twitter:card\" content=\"summary_large_image\" \/>\n<meta name=\"twitter:label1\" content=\"Gesch\u00e4tzte Lesezeit\" \/>\n\t<meta name=\"twitter:data1\" content=\"1\u00a0Minute\" \/>\n<script type=\"application\/ld+json\" class=\"yoast-schema-graph\">{\"@context\":\"https:\\\/\\\/schema.org\",\"@graph\":[{\"@type\":[\"WebPage\",\"ItemPage\"],\"@id\":\"https:\\\/\\\/www.purejewels.com\\\/product\\\/22ct-indian-gold-jhumkha-31761\\\/\",\"url\":\"https:\\\/\\\/www.purejewels.com\\\/product\\\/22ct-indian-gold-jhumkha-31761\\\/\",\"name\":\"22ct Gold Jhumka Earrings | PureJewels Traditional Gold Jewellery\",\"isPartOf\":{\"@id\":\"https:\\\/\\\/www.purejewels.com\\\/#website\"},\"primaryImageOfPage\":{\"@id\":\"https:\\\/\\\/www.purejewels.com\\\/product\\\/22ct-indian-gold-jhumkha-31761\\\/#primaryimage\"},\"image\":{\"@id\":\"https:\\\/\\\/www.purejewels.com\\\/product\\\/22ct-indian-gold-jhumkha-31761\\\/#primaryimage\"},\"thumbnailUrl\":\"https:\\\/\\\/static.purejewels.com\\\/wp-content\\\/uploads\\\/2019\\\/11\\\/31761.jpg\",\"datePublished\":\"2019-11-11T06:21:15+00:00\",\"dateModified\":\"2026-01-06T06:53:29+00:00\",\"description\":\"Shop 22ct gold traditional Jhumka earrings at PureJewels \u2013 expertly crafted with detailed design and rich heritage. A timeless addition to your jewellery collection.\",\"breadcrumb\":{\"@id\":\"https:\\\/\\\/www.purejewels.com\\\/product\\\/22ct-indian-gold-jhumkha-31761\\\/#breadcrumb\"},\"inLanguage\":\"de\",\"potentialAction\":[{\"@type\":\"ReadAction\",\"target\":[\"https:\\\/\\\/www.purejewels.com\\\/product\\\/22ct-indian-gold-jhumkha-31761\\\/\"]}]},{\"@type\":\"ImageObject\",\"inLanguage\":\"de\",\"@id\":\"https:\\\/\\\/www.purejewels.com\\\/product\\\/22ct-indian-gold-jhumkha-31761\\\/#primaryimage\",\"url\":\"https:\\\/\\\/static.purejewels.com\\\/wp-content\\\/uploads\\\/2019\\\/11\\\/31761.jpg\",\"contentUrl\":\"https:\\\/\\\/static.purejewels.com\\\/wp-content\\\/uploads\\\/2019\\\/11\\\/31761.jpg\",\"width\":1000,\"height\":1000,\"caption\":\"31761\"},{\"@type\":\"BreadcrumbList\",\"@id\":\"https:\\\/\\\/www.purejewels.com\\\/product\\\/22ct-indian-gold-jhumkha-31761\\\/#breadcrumb\",\"itemListElement\":[{\"@type\":\"ListItem\",\"position\":1,\"name\":\"Home\",\"item\":\"https:\\\/\\\/www.purejewels.com\\\/\"},{\"@type\":\"ListItem\",\"position\":2,\"name\":\"Shop\",\"item\":\"https:\\\/\\\/www.purejewels.com\\\/shop\\\/\"},{\"@type\":\"ListItem\",\"position\":3,\"name\":\"22ct Gold Traditional Jhumka Earrings\"}]},{\"@type\":\"WebSite\",\"@id\":\"https:\\\/\\\/www.purejewels.com\\\/#website\",\"url\":\"https:\\\/\\\/www.purejewels.com\\\/\",\"name\":\"PureJewels UK\",\"description\":\"Share the Love\",\"publisher\":{\"@id\":\"https:\\\/\\\/www.purejewels.com\\\/#organization\"},\"potentialAction\":[{\"@type\":\"SearchAction\",\"target\":{\"@type\":\"EntryPoint\",\"urlTemplate\":\"https:\\\/\\\/www.purejewels.com\\\/?s={search_term_string}\"},\"query-input\":{\"@type\":\"PropertyValueSpecification\",\"valueRequired\":true,\"valueName\":\"search_term_string\"}}],\"inLanguage\":\"de\"},{\"@type\":\"Organization\",\"@id\":\"https:\\\/\\\/www.purejewels.com\\\/#organization\",\"name\":\"PureJewels UK\",\"url\":\"https:\\\/\\\/www.purejewels.com\\\/\",\"logo\":{\"@type\":\"ImageObject\",\"inLanguage\":\"de\",\"@id\":\"https:\\\/\\\/www.purejewels.com\\\/#\\\/schema\\\/logo\\\/image\\\/\",\"url\":\"https:\\\/\\\/static.purejewels.com\\\/wp-content\\\/uploads\\\/2020\\\/11\\\/Logo-PJ-New-1.png\",\"contentUrl\":\"https:\\\/\\\/static.purejewels.com\\\/wp-content\\\/uploads\\\/2020\\\/11\\\/Logo-PJ-New-1.png\",\"width\":150,\"height\":80,\"caption\":\"PureJewels UK\"},\"image\":{\"@id\":\"https:\\\/\\\/www.purejewels.com\\\/#\\\/schema\\\/logo\\\/image\\\/\"}}]}<\/script>\n<!-- \/ Yoast SEO plugin. -->","yoast_head_json":{"title":"22 Karat Gold Jhumka Ohrringe | PureJewels Traditioneller Goldschmuck","description":"Kaufen Sie traditionelle Jhumka-Ohrringe aus 22 Karat Gold bei PureJewels \u2013 fachm\u00e4nnisch gefertigt mit detailreichem Design und reicher Tradition. Eine zeitlose Erg\u00e4nzung f\u00fcr Ihre Schmuckkollektion.","robots":{"index":"index","follow":"follow","max-snippet":"max-snippet:-1","max-image-preview":"max-image-preview:large","max-video-preview":"max-video-preview:-1"},"canonical":"https:\/\/www.purejewels.com\/de\/produkt-2\/22ct-indisches-gold-jhumkha-31761\/","og_locale":"de_DE","og_type":"article","og_title":"22ct Gold Jhumka Earrings | PureJewels Traditional Gold Jewellery","og_description":"Shop 22ct gold traditional Jhumka earrings at PureJewels \u2013 expertly crafted with detailed design and rich heritage. A timeless addition to your jewellery collection.","og_url":"https:\/\/www.purejewels.com\/de\/produkt-2\/22ct-indisches-gold-jhumkha-31761\/","og_site_name":"PureJewels UK","article_modified_time":"2026-01-06T06:53:29+00:00","og_image":[{"width":1000,"height":1000,"url":"https:\/\/static.purejewels.com\/wp-content\/uploads\/2019\/11\/31761.jpg","type":"image\/jpeg"}],"twitter_card":"summary_large_image","twitter_misc":{"Gesch\u00e4tzte Lesezeit":"1\u00a0Minute"},"schema":{"@context":"https:\/\/schema.org","@graph":[{"@type":["WebPage","ItemPage"],"@id":"https:\/\/www.purejewels.com\/product\/22ct-indian-gold-jhumkha-31761\/","url":"https:\/\/www.purejewels.com\/product\/22ct-indian-gold-jhumkha-31761\/","name":"22 Karat Gold Jhumka Ohrringe | PureJewels Traditioneller Goldschmuck","isPartOf":{"@id":"https:\/\/www.purejewels.com\/#website"},"primaryImageOfPage":{"@id":"https:\/\/www.purejewels.com\/product\/22ct-indian-gold-jhumkha-31761\/#primaryimage"},"image":{"@id":"https:\/\/www.purejewels.com\/product\/22ct-indian-gold-jhumkha-31761\/#primaryimage"},"thumbnailUrl":"https:\/\/static.purejewels.com\/wp-content\/uploads\/2019\/11\/31761.jpg","datePublished":"2019-11-11T06:21:15+00:00","dateModified":"2026-01-06T06:53:29+00:00","description":"Kaufen Sie traditionelle Jhumka-Ohrringe aus 22 Karat Gold bei PureJewels \u2013 fachm\u00e4nnisch gefertigt mit detailreichem Design und reicher Tradition. Eine zeitlose Erg\u00e4nzung f\u00fcr Ihre Schmuckkollektion.","breadcrumb":{"@id":"https:\/\/www.purejewels.com\/product\/22ct-indian-gold-jhumkha-31761\/#breadcrumb"},"inLanguage":"de","potentialAction":[{"@type":"ReadAction","target":["https:\/\/www.purejewels.com\/product\/22ct-indian-gold-jhumkha-31761\/"]}]},{"@type":"ImageObject","inLanguage":"de","@id":"https:\/\/www.purejewels.com\/product\/22ct-indian-gold-jhumkha-31761\/#primaryimage","url":"https:\/\/static.purejewels.com\/wp-content\/uploads\/2019\/11\/31761.jpg","contentUrl":"https:\/\/static.purejewels.com\/wp-content\/uploads\/2019\/11\/31761.jpg","width":1000,"height":1000,"caption":"31761"},{"@type":"BreadcrumbList","@id":"https:\/\/www.purejewels.com\/product\/22ct-indian-gold-jhumkha-31761\/#breadcrumb","itemListElement":[{"@type":"ListItem","position":1,"name":"Home","item":"https:\/\/www.purejewels.com\/"},{"@type":"ListItem","position":2,"name":"Shop","item":"https:\/\/www.purejewels.com\/shop\/"},{"@type":"ListItem","position":3,"name":"22ct Gold Traditional Jhumka Earrings"}]},{"@type":"WebSite","@id":"https:\/\/www.purejewels.com\/#website","url":"https:\/\/www.purejewels.com\/","name":"PureJewels UK","description":"Teile die Liebe","publisher":{"@id":"https:\/\/www.purejewels.com\/#organization"},"potentialAction":[{"@type":"SearchAction","target":{"@type":"EntryPoint","urlTemplate":"https:\/\/www.purejewels.com\/?s={search_term_string}"},"query-input":{"@type":"PropertyValueSpecification","valueRequired":true,"valueName":"search_term_string"}}],"inLanguage":"de"},{"@type":"Organization","@id":"https:\/\/www.purejewels.com\/#organization","name":"PureJewels UK","url":"https:\/\/www.purejewels.com\/","logo":{"@type":"ImageObject","inLanguage":"de","@id":"https:\/\/www.purejewels.com\/#\/schema\/logo\/image\/","url":"https:\/\/static.purejewels.com\/wp-content\/uploads\/2020\/11\/Logo-PJ-New-1.png","contentUrl":"https:\/\/static.purejewels.com\/wp-content\/uploads\/2020\/11\/Logo-PJ-New-1.png","width":150,"height":80,"caption":"PureJewels UK"},"image":{"@id":"https:\/\/www.purejewels.com\/#\/schema\/logo\/image\/"}}]}},"_links":{"self":[{"href":"https:\/\/www.purejewels.com\/de\/wp-json\/wp\/v2\/product\/311720","targetHints":{"allow":["GET"]}}],"collection":[{"href":"https:\/\/www.purejewels.com\/de\/wp-json\/wp\/v2\/product"}],"about":[{"href":"https:\/\/www.purejewels.com\/de\/wp-json\/wp\/v2\/types\/product"}],"replies":[{"embeddable":true,"href":"https:\/\/www.purejewels.com\/de\/wp-json\/wp\/v2\/comments?post=311720"}],"version-history":[{"count":3,"href":"https:\/\/www.purejewels.com\/de\/wp-json\/wp\/v2\/product\/311720\/revisions"}],"predecessor-version":[{"id":424101,"href":"https:\/\/www.purejewels.com\/de\/wp-json\/wp\/v2\/product\/311720\/revisions\/424101"}],"wp:featuredmedia":[{"embeddable":true,"href":"https:\/\/www.purejewels.com\/de\/wp-json\/wp\/v2\/media\/311783"}],"wp:attachment":[{"href":"https:\/\/www.purejewels.com\/de\/wp-json\/wp\/v2\/media?parent=311720"}],"wp:term":[{"taxonomy":"product_brand","embeddable":true,"href":"https:\/\/www.purejewels.com\/de\/wp-json\/wp\/v2\/product_brand?post=311720"},{"taxonomy":"product_cat","embeddable":true,"href":"https:\/\/www.purejewels.com\/de\/wp-json\/wp\/v2\/product_cat?post=311720"},{"taxonomy":"product_tag","embeddable":true,"href":"https:\/\/www.purejewels.com\/de\/wp-json\/wp\/v2\/product_tag?post=311720"}],"curies":[{"name":"wp","href":"https:\/\/api.w.org\/{rel}","templated":true}]}}