{"id":311721,"date":"2019-11-09T09:57:45","date_gmt":"2019-11-09T09:57:45","guid":{"rendered":"https:\/\/www.purejewels.com\/?post_type=product&#038;p=311721"},"modified":"2026-02-03T09:45:02","modified_gmt":"2026-02-03T09:45:02","slug":"22ct-gold-jali-kada-armbander","status":"publish","type":"product","link":"https:\/\/www.purejewels.com\/de\/product\/22ct-gold-jali-kada-bangles\/","title":{"rendered":"22ct Gold Jali Strukturierte Kugel Einzel Kada"},"content":{"rendered":"<p>Gestaltung<\/p>\n<p>Diese Kada aus der Jali Collection zelebriert die Struktur und Wiederholung durch die Form und nicht durch offensichtliche Ornamente. Eine zentrale texturierte Goldkugel wird von fein detaillierten zylindrischen Elementen umrahmt. So entsteht eine rhythmische Komposition, die gemessen, architektonisch und leise ausdrucksstark wirkt.<\/p>\n<p>Handwerkliches K\u00f6nnen<\/p>\n<p>Handgefertigt aus massivem <a href=\"https:\/\/www.purejewels.com\/de\/product\/22ct-gold-jali-filigree-ring-jali-collection-31926\/\">22ct<\/a> Die sorgf\u00e4ltig gearbeitete Oberfl\u00e4chenstruktur der Kada aus Gold verleiht dem Schmuckst\u00fcck Tiefe und sorgt gleichzeitig f\u00fcr ein raffiniertes Profil. Jedes St\u00fcck ist mit einem sanften, strahlenden Goldglanz versehen und in Gro\u00dfbritannien f\u00fcr die Reinheitszertifizierung gestempelt, was das Engagement von PureJewels f\u00fcr Pr\u00e4zision und Authentizit\u00e4t widerspiegelt.<\/p>\n<p>Styling &amp; Geschenkartikel<\/p>\n<p>Diese Kada ist so konzipiert, dass sie bequem am Handgelenk sitzt und sich m\u00fchelos vom Alltag bis zu feierlichen Anl\u00e4ssen tragen l\u00e4sst. Sie passt sowohl zu traditioneller Kleidung als auch zu modernen Silhouetten und ist ein sch\u00f6nes Geschenk f\u00fcr Meilensteine, Jubil\u00e4en oder pers\u00f6nliche Anl\u00e4sse.<\/p>","protected":false},"excerpt":{"rendered":"<ul>\n<li>Einzelne 22ct Gold Jali Filigree Kada - der hier angegebene Preis ist f\u00fcr eine einzelne Kada<\/li>\n<li>Es ist ein hohler, filigraner Kada<\/li>\n<li>Sku 31733<\/li>\n<li>Wt: 11.9g<\/li>\n<li>Durchmesser 3,6 mm<\/li>\n<li>Gr\u00f6\u00dfe: 2,6 Zoll.<\/li>\n<li>Bitte fragen Sie nach weiteren Gr\u00f6\u00dfen<\/li>\n<li>22ct Gold gestempelt von London Assay Office<\/li>\n<li>Mit Pr\u00e4sentationsbox<\/li>\n<li>Lieferung inbegriffen<\/li>\n<li>Alle Preise inklusive Mehrwertsteuer<\/li>\n<li>Live-Chat mit uns f\u00fcr die Verf\u00fcgbarkeit und mehr Bilder von \u00e4hnlichen Designs derzeit auf Lager<\/li>\n<li><\/li>\n<\/ul>","protected":false},"featured_media":311776,"comment_status":"closed","ping_status":"closed","template":"","meta":{"_eb_attr":"","_crsspst_to_jayantr4sg-hostcom":true},"product_brand":[],"product_cat":[1559,1659,252,1570,1657,1573,1574],"product_tag":[],"class_list":{"0":"post-311721","1":"product","2":"type-product","3":"status-publish","4":"has-post-thumbnail","6":"product_cat-birthday-gifts","7":"product_cat-bridal-and-party-wear-gold-kada-bangle","8":"product_cat-jali-collections","9":"product_cat-mothers-day-gifts","10":"product_cat-single-bangle","11":"product_cat-wedding-gifts","12":"product_cat-womens-jewellery","14":"first","15":"outofstock","16":"taxable","17":"shipping-taxable","18":"product-type-simple","19":"add-to-wishlist-before_image"},"yoast_head":"<!-- This site is optimized with the Yoast SEO plugin v27.3 - https:\/\/yoast.com\/product\/yoast-seo-wordpress\/ -->\n<title>22ct Gold Jali Textured Sphere Kada | UK Hallmarked | PureJewels<\/title>\n<meta name=\"description\" content=\"Shop the 22ct Gold Jali Textured Sphere Kada from PureJewels\u2019 Jali Collection. Featuring sculpted gold spheres and fine textural detailing, UK hallmarked.\" \/>\n<meta name=\"robots\" content=\"index, follow, max-snippet:-1, max-image-preview:large, max-video-preview:-1\" \/>\n<link rel=\"canonical\" href=\"https:\/\/www.purejewels.com\/de\/produkt-2\/22ct-gold-jali-kada-armbander\/\" \/>\n<meta property=\"og:locale\" content=\"de_DE\" \/>\n<meta property=\"og:type\" content=\"article\" \/>\n<meta property=\"og:title\" content=\"22ct Gold Jali Textured Sphere Kada | UK Hallmarked | PureJewels\" \/>\n<meta property=\"og:description\" content=\"Shop the 22ct Gold Jali Textured Sphere Kada from PureJewels\u2019 Jali Collection. Featuring sculpted gold spheres and fine textural detailing, UK hallmarked.\" \/>\n<meta property=\"og:url\" content=\"https:\/\/www.purejewels.com\/de\/produkt-2\/22ct-gold-jali-kada-armbander\/\" \/>\n<meta property=\"og:site_name\" content=\"PureJewels UK\" \/>\n<meta property=\"article:modified_time\" content=\"2026-02-03T09:45:02+00:00\" \/>\n<meta property=\"og:image\" content=\"https:\/\/static.purejewels.com\/wp-content\/uploads\/2019\/11\/31733.jpg\" \/>\n\t<meta property=\"og:image:width\" content=\"1000\" \/>\n\t<meta property=\"og:image:height\" content=\"1000\" \/>\n\t<meta property=\"og:image:type\" content=\"image\/jpeg\" \/>\n<meta name=\"twitter:card\" content=\"summary_large_image\" \/>\n<meta name=\"twitter:label1\" content=\"Gesch\u00e4tzte Lesezeit\" \/>\n\t<meta name=\"twitter:data1\" content=\"1\u00a0Minute\" \/>\n<script type=\"application\/ld+json\" class=\"yoast-schema-graph\">{\"@context\":\"https:\\\/\\\/schema.org\",\"@graph\":[{\"@type\":[\"WebPage\",\"ItemPage\"],\"@id\":\"https:\\\/\\\/www.purejewels.com\\\/product\\\/22ct-gold-jali-kada-bangles\\\/\",\"url\":\"https:\\\/\\\/www.purejewels.com\\\/product\\\/22ct-gold-jali-kada-bangles\\\/\",\"name\":\"22ct Gold Jali Textured Sphere Kada | UK Hallmarked | PureJewels\",\"isPartOf\":{\"@id\":\"https:\\\/\\\/www.purejewels.com\\\/#website\"},\"primaryImageOfPage\":{\"@id\":\"https:\\\/\\\/www.purejewels.com\\\/product\\\/22ct-gold-jali-kada-bangles\\\/#primaryimage\"},\"image\":{\"@id\":\"https:\\\/\\\/www.purejewels.com\\\/product\\\/22ct-gold-jali-kada-bangles\\\/#primaryimage\"},\"thumbnailUrl\":\"https:\\\/\\\/static.purejewels.com\\\/wp-content\\\/uploads\\\/2019\\\/11\\\/31733.jpg\",\"datePublished\":\"2019-11-09T09:57:45+00:00\",\"dateModified\":\"2026-02-03T09:45:02+00:00\",\"description\":\"Shop the 22ct Gold Jali Textured Sphere Kada from PureJewels\u2019 Jali Collection. Featuring sculpted gold spheres and fine textural detailing, UK hallmarked.\",\"breadcrumb\":{\"@id\":\"https:\\\/\\\/www.purejewels.com\\\/product\\\/22ct-gold-jali-kada-bangles\\\/#breadcrumb\"},\"inLanguage\":\"de\",\"potentialAction\":[{\"@type\":\"ReadAction\",\"target\":[\"https:\\\/\\\/www.purejewels.com\\\/product\\\/22ct-gold-jali-kada-bangles\\\/\"]}]},{\"@type\":\"ImageObject\",\"inLanguage\":\"de\",\"@id\":\"https:\\\/\\\/www.purejewels.com\\\/product\\\/22ct-gold-jali-kada-bangles\\\/#primaryimage\",\"url\":\"https:\\\/\\\/static.purejewels.com\\\/wp-content\\\/uploads\\\/2019\\\/11\\\/31733.jpg\",\"contentUrl\":\"https:\\\/\\\/static.purejewels.com\\\/wp-content\\\/uploads\\\/2019\\\/11\\\/31733.jpg\",\"width\":1000,\"height\":1000,\"caption\":\"31733\"},{\"@type\":\"BreadcrumbList\",\"@id\":\"https:\\\/\\\/www.purejewels.com\\\/product\\\/22ct-gold-jali-kada-bangles\\\/#breadcrumb\",\"itemListElement\":[{\"@type\":\"ListItem\",\"position\":1,\"name\":\"Home\",\"item\":\"https:\\\/\\\/www.purejewels.com\\\/\"},{\"@type\":\"ListItem\",\"position\":2,\"name\":\"Shop\",\"item\":\"https:\\\/\\\/www.purejewels.com\\\/shop\\\/\"},{\"@type\":\"ListItem\",\"position\":3,\"name\":\"22ct Gold Jali Textured Sphere Single Kada\"}]},{\"@type\":\"WebSite\",\"@id\":\"https:\\\/\\\/www.purejewels.com\\\/#website\",\"url\":\"https:\\\/\\\/www.purejewels.com\\\/\",\"name\":\"PureJewels UK\",\"description\":\"Share the Love\",\"publisher\":{\"@id\":\"https:\\\/\\\/www.purejewels.com\\\/#organization\"},\"potentialAction\":[{\"@type\":\"SearchAction\",\"target\":{\"@type\":\"EntryPoint\",\"urlTemplate\":\"https:\\\/\\\/www.purejewels.com\\\/?s={search_term_string}\"},\"query-input\":{\"@type\":\"PropertyValueSpecification\",\"valueRequired\":true,\"valueName\":\"search_term_string\"}}],\"inLanguage\":\"de\"},{\"@type\":\"Organization\",\"@id\":\"https:\\\/\\\/www.purejewels.com\\\/#organization\",\"name\":\"PureJewels UK\",\"url\":\"https:\\\/\\\/www.purejewels.com\\\/\",\"logo\":{\"@type\":\"ImageObject\",\"inLanguage\":\"de\",\"@id\":\"https:\\\/\\\/www.purejewels.com\\\/#\\\/schema\\\/logo\\\/image\\\/\",\"url\":\"https:\\\/\\\/static.purejewels.com\\\/wp-content\\\/uploads\\\/2020\\\/11\\\/Logo-PJ-New-1.png\",\"contentUrl\":\"https:\\\/\\\/static.purejewels.com\\\/wp-content\\\/uploads\\\/2020\\\/11\\\/Logo-PJ-New-1.png\",\"width\":150,\"height\":80,\"caption\":\"PureJewels UK\"},\"image\":{\"@id\":\"https:\\\/\\\/www.purejewels.com\\\/#\\\/schema\\\/logo\\\/image\\\/\"}}]}<\/script>\n<!-- \/ Yoast SEO plugin. -->","yoast_head_json":{"title":"22ct Gold Jali strukturierte Kugel Kada | UK gestempelt | PureJewels","description":"Kaufen Sie die 22ct Gold Jali Textured Sphere Kada aus PureJewels\u2019 Jali Collection. Mit skulptierten Goldkugeln und feinen strukturierten Details, UK-gepunzt.","robots":{"index":"index","follow":"follow","max-snippet":"max-snippet:-1","max-image-preview":"max-image-preview:large","max-video-preview":"max-video-preview:-1"},"canonical":"https:\/\/www.purejewels.com\/de\/produkt-2\/22ct-gold-jali-kada-armbander\/","og_locale":"de_DE","og_type":"article","og_title":"22ct Gold Jali Textured Sphere Kada | UK Hallmarked | PureJewels","og_description":"Shop the 22ct Gold Jali Textured Sphere Kada from PureJewels\u2019 Jali Collection. Featuring sculpted gold spheres and fine textural detailing, UK hallmarked.","og_url":"https:\/\/www.purejewels.com\/de\/produkt-2\/22ct-gold-jali-kada-armbander\/","og_site_name":"PureJewels UK","article_modified_time":"2026-02-03T09:45:02+00:00","og_image":[{"width":1000,"height":1000,"url":"https:\/\/static.purejewels.com\/wp-content\/uploads\/2019\/11\/31733.jpg","type":"image\/jpeg"}],"twitter_card":"summary_large_image","twitter_misc":{"Gesch\u00e4tzte Lesezeit":"1\u00a0Minute"},"schema":{"@context":"https:\/\/schema.org","@graph":[{"@type":["WebPage","ItemPage"],"@id":"https:\/\/www.purejewels.com\/product\/22ct-gold-jali-kada-bangles\/","url":"https:\/\/www.purejewels.com\/product\/22ct-gold-jali-kada-bangles\/","name":"22ct Gold Jali strukturierte Kugel Kada | UK gestempelt | PureJewels","isPartOf":{"@id":"https:\/\/www.purejewels.com\/#website"},"primaryImageOfPage":{"@id":"https:\/\/www.purejewels.com\/product\/22ct-gold-jali-kada-bangles\/#primaryimage"},"image":{"@id":"https:\/\/www.purejewels.com\/product\/22ct-gold-jali-kada-bangles\/#primaryimage"},"thumbnailUrl":"https:\/\/static.purejewels.com\/wp-content\/uploads\/2019\/11\/31733.jpg","datePublished":"2019-11-09T09:57:45+00:00","dateModified":"2026-02-03T09:45:02+00:00","description":"Kaufen Sie die 22ct Gold Jali Textured Sphere Kada aus PureJewels\u2019 Jali Collection. Mit skulptierten Goldkugeln und feinen strukturierten Details, UK-gepunzt.","breadcrumb":{"@id":"https:\/\/www.purejewels.com\/product\/22ct-gold-jali-kada-bangles\/#breadcrumb"},"inLanguage":"de","potentialAction":[{"@type":"ReadAction","target":["https:\/\/www.purejewels.com\/product\/22ct-gold-jali-kada-bangles\/"]}]},{"@type":"ImageObject","inLanguage":"de","@id":"https:\/\/www.purejewels.com\/product\/22ct-gold-jali-kada-bangles\/#primaryimage","url":"https:\/\/static.purejewels.com\/wp-content\/uploads\/2019\/11\/31733.jpg","contentUrl":"https:\/\/static.purejewels.com\/wp-content\/uploads\/2019\/11\/31733.jpg","width":1000,"height":1000,"caption":"31733"},{"@type":"BreadcrumbList","@id":"https:\/\/www.purejewels.com\/product\/22ct-gold-jali-kada-bangles\/#breadcrumb","itemListElement":[{"@type":"ListItem","position":1,"name":"Home","item":"https:\/\/www.purejewels.com\/"},{"@type":"ListItem","position":2,"name":"Shop","item":"https:\/\/www.purejewels.com\/shop\/"},{"@type":"ListItem","position":3,"name":"22ct Gold Jali Textured Sphere Single Kada"}]},{"@type":"WebSite","@id":"https:\/\/www.purejewels.com\/#website","url":"https:\/\/www.purejewels.com\/","name":"PureJewels UK","description":"Teile die Liebe","publisher":{"@id":"https:\/\/www.purejewels.com\/#organization"},"potentialAction":[{"@type":"SearchAction","target":{"@type":"EntryPoint","urlTemplate":"https:\/\/www.purejewels.com\/?s={search_term_string}"},"query-input":{"@type":"PropertyValueSpecification","valueRequired":true,"valueName":"search_term_string"}}],"inLanguage":"de"},{"@type":"Organization","@id":"https:\/\/www.purejewels.com\/#organization","name":"PureJewels UK","url":"https:\/\/www.purejewels.com\/","logo":{"@type":"ImageObject","inLanguage":"de","@id":"https:\/\/www.purejewels.com\/#\/schema\/logo\/image\/","url":"https:\/\/static.purejewels.com\/wp-content\/uploads\/2020\/11\/Logo-PJ-New-1.png","contentUrl":"https:\/\/static.purejewels.com\/wp-content\/uploads\/2020\/11\/Logo-PJ-New-1.png","width":150,"height":80,"caption":"PureJewels UK"},"image":{"@id":"https:\/\/www.purejewels.com\/#\/schema\/logo\/image\/"}}]}},"_links":{"self":[{"href":"https:\/\/www.purejewels.com\/de\/wp-json\/wp\/v2\/product\/311721","targetHints":{"allow":["GET"]}}],"collection":[{"href":"https:\/\/www.purejewels.com\/de\/wp-json\/wp\/v2\/product"}],"about":[{"href":"https:\/\/www.purejewels.com\/de\/wp-json\/wp\/v2\/types\/product"}],"replies":[{"embeddable":true,"href":"https:\/\/www.purejewels.com\/de\/wp-json\/wp\/v2\/comments?post=311721"}],"version-history":[{"count":3,"href":"https:\/\/www.purejewels.com\/de\/wp-json\/wp\/v2\/product\/311721\/revisions"}],"predecessor-version":[{"id":425593,"href":"https:\/\/www.purejewels.com\/de\/wp-json\/wp\/v2\/product\/311721\/revisions\/425593"}],"wp:featuredmedia":[{"embeddable":true,"href":"https:\/\/www.purejewels.com\/de\/wp-json\/wp\/v2\/media\/311776"}],"wp:attachment":[{"href":"https:\/\/www.purejewels.com\/de\/wp-json\/wp\/v2\/media?parent=311721"}],"wp:term":[{"taxonomy":"product_brand","embeddable":true,"href":"https:\/\/www.purejewels.com\/de\/wp-json\/wp\/v2\/product_brand?post=311721"},{"taxonomy":"product_cat","embeddable":true,"href":"https:\/\/www.purejewels.com\/de\/wp-json\/wp\/v2\/product_cat?post=311721"},{"taxonomy":"product_tag","embeddable":true,"href":"https:\/\/www.purejewels.com\/de\/wp-json\/wp\/v2\/product_tag?post=311721"}],"curies":[{"name":"wp","href":"https:\/\/api.w.org\/{rel}","templated":true}]}}