{"id":311722,"date":"2019-11-09T09:53:44","date_gmt":"2019-11-09T09:53:44","guid":{"rendered":"https:\/\/www.purejewels.com\/?post_type=product&#038;p=311722"},"modified":"2025-12-22T11:59:25","modified_gmt":"2025-12-22T11:59:25","slug":"ohrstecker-aus-22-karat-gold-mit-zirkonia-3","status":"publish","type":"product","link":"https:\/\/www.purejewels.com\/de\/product\/22ct-gold-cubic-zirconia-stud-earring-3\/","title":{"rendered":"22 Karat Gold Runde CZ Cluster Ohrstecker"},"content":{"rendered":"<p><strong>Entwurf:<\/strong><br \/>\nDiese Ohrringe zeichnen sich durch ein auff\u00e4lliges kreisf\u00f6rmiges Cluster-Design aus, das aus sorgf\u00e4ltig gefassten Zirkoniasteinen besteht. Die gleichm\u00e4\u00dfige Anordnung verst\u00e4rkt die Symmetrie und Brillanz und erzeugt einen Sonnenstrahl-Effekt, der von der Mitte nach au\u00dfen strahlt. Die klassische runde Silhouette sorgt daf\u00fcr, dass sie zeitlos und vielseitig einsetzbar bleiben.<\/p>\n<p><strong>Handwerkliches K\u00f6nnen:<\/strong><br \/>\nDiese Ohrringe sind fachm\u00e4nnisch aus 22 Karat Gold handgefertigt und spiegeln sowohl in ihrer Form als auch in ihrer Funktion h\u00f6chste Qualit\u00e4t wider. Jeder Stein ist f\u00fcr eine optimale Lichtreflexion in Krappenfassungen gefasst und so befestigt, dass er dauerhaft funkelt. Die Oberfl\u00e4che ist perfekt poliert, wodurch der Glanz sowohl des Goldes als auch der Steine noch verst\u00e4rkt wird.<\/p>\n<p><strong>Stil:<\/strong><br \/>\nDiese Ohrringe eignen sich sowohl f\u00fcr formelle Anl\u00e4sse als auch f\u00fcr den Alltag und bieten die perfekte Balance zwischen dezentem Glamour und auff\u00e4lligem Glanz. Ein Must-have f\u00fcr alle, die zeitlose Eleganz mit modernem Touch sch\u00e4tzen.<\/p>","protected":false},"excerpt":{"rendered":"<p>Ein brillanter Cluster aus Zirkonia, gefasst in edlem 22-kar\u00e4tigem Gold, macht diese runden Ohrstecker zu einem funkelnden Must-have f\u00fcr Ihre Schmuckkollektion.<\/p>\n<ul>\n<li>22ct Gold kubischer Zirkonia Ohrstecker<\/li>\n<li>Wt . 1.1 g<\/li>\n<li>Durchmesser. 6,1 mm<\/li>\n<li>SKU. 31738<\/li>\n<li>Alle Preise inklusive Mehrwertsteuer<\/li>\n<li>Alle unsere Produkte sind vom London Assay Office gestempelt.<\/li>\n<li>Kommt mit Pr\u00e4sentation Box<\/li>\n<li>Lieferung inbegriffen<\/li>\n<li>Kontaktieren Sie uns \/ chatten Sie mit uns, um ein Video des Produkts zu sehen<\/li>\n<\/ul>","protected":false},"featured_media":311775,"comment_status":"closed","ping_status":"closed","template":"","meta":{"_eb_attr":"","_crsspst_to_jayantr4sg-hostcom":false},"product_brand":[],"product_cat":[1576,1577],"product_tag":[],"class_list":{"0":"post-311722","1":"product","2":"type-product","3":"status-publish","4":"has-post-thumbnail","6":"product_cat-childrens-jewellery","7":"product_cat-stud-earrings","9":"first","10":"outofstock","11":"taxable","12":"shipping-taxable","13":"product-type-simple","14":"add-to-wishlist-before_image"},"yoast_head":"<!-- This site is optimized with the Yoast SEO plugin v27.3 - https:\/\/yoast.com\/product\/yoast-seo-wordpress\/ -->\n<title>22ct Gold Round Earrings | Elegant Gold Jewellery PureJewels<\/title>\n<meta name=\"description\" content=\"Discover timeless sparkle with 22ct gold round stud earrings, featuring a dazzling cluster of cubic zirconia. Elegant, lightweight, and perfect for every occasion.\" \/>\n<meta name=\"robots\" content=\"index, follow, max-snippet:-1, max-image-preview:large, max-video-preview:-1\" \/>\n<link rel=\"canonical\" href=\"https:\/\/www.purejewels.com\/de\/produkt-2\/ohrstecker-aus-22-karat-gold-mit-zirkonia-3\/\" \/>\n<meta property=\"og:locale\" content=\"de_DE\" \/>\n<meta property=\"og:type\" content=\"article\" \/>\n<meta property=\"og:title\" content=\"22ct Gold Round Earrings | Elegant Gold Jewellery PureJewels\" \/>\n<meta property=\"og:description\" content=\"Discover timeless sparkle with 22ct gold round stud earrings, featuring a dazzling cluster of cubic zirconia. Elegant, lightweight, and perfect for every occasion.\" \/>\n<meta property=\"og:url\" content=\"https:\/\/www.purejewels.com\/de\/produkt-2\/ohrstecker-aus-22-karat-gold-mit-zirkonia-3\/\" \/>\n<meta property=\"og:site_name\" content=\"PureJewels UK\" \/>\n<meta property=\"article:modified_time\" content=\"2025-12-22T11:59:25+00:00\" \/>\n<meta property=\"og:image\" content=\"https:\/\/static.purejewels.com\/wp-content\/uploads\/2019\/11\/31738.jpg\" \/>\n\t<meta property=\"og:image:width\" content=\"1000\" \/>\n\t<meta property=\"og:image:height\" content=\"1000\" \/>\n\t<meta property=\"og:image:type\" content=\"image\/jpeg\" \/>\n<meta name=\"twitter:card\" content=\"summary_large_image\" \/>\n<meta name=\"twitter:label1\" content=\"Gesch\u00e4tzte Lesezeit\" \/>\n\t<meta name=\"twitter:data1\" content=\"1\u00a0Minute\" \/>\n<script type=\"application\/ld+json\" class=\"yoast-schema-graph\">{\"@context\":\"https:\\\/\\\/schema.org\",\"@graph\":[{\"@type\":[\"WebPage\",\"ItemPage\"],\"@id\":\"https:\\\/\\\/www.purejewels.com\\\/product\\\/22ct-gold-cubic-zirconia-stud-earring-3\\\/\",\"url\":\"https:\\\/\\\/www.purejewels.com\\\/product\\\/22ct-gold-cubic-zirconia-stud-earring-3\\\/\",\"name\":\"22ct Gold Round Earrings | Elegant Gold Jewellery PureJewels\",\"isPartOf\":{\"@id\":\"https:\\\/\\\/www.purejewels.com\\\/#website\"},\"primaryImageOfPage\":{\"@id\":\"https:\\\/\\\/www.purejewels.com\\\/product\\\/22ct-gold-cubic-zirconia-stud-earring-3\\\/#primaryimage\"},\"image\":{\"@id\":\"https:\\\/\\\/www.purejewels.com\\\/product\\\/22ct-gold-cubic-zirconia-stud-earring-3\\\/#primaryimage\"},\"thumbnailUrl\":\"https:\\\/\\\/static.purejewels.com\\\/wp-content\\\/uploads\\\/2019\\\/11\\\/31738.jpg\",\"datePublished\":\"2019-11-09T09:53:44+00:00\",\"dateModified\":\"2025-12-22T11:59:25+00:00\",\"description\":\"Discover timeless sparkle with 22ct gold round stud earrings, featuring a dazzling cluster of cubic zirconia. Elegant, lightweight, and perfect for every occasion.\",\"breadcrumb\":{\"@id\":\"https:\\\/\\\/www.purejewels.com\\\/product\\\/22ct-gold-cubic-zirconia-stud-earring-3\\\/#breadcrumb\"},\"inLanguage\":\"de\",\"potentialAction\":[{\"@type\":\"ReadAction\",\"target\":[\"https:\\\/\\\/www.purejewels.com\\\/product\\\/22ct-gold-cubic-zirconia-stud-earring-3\\\/\"]}]},{\"@type\":\"ImageObject\",\"inLanguage\":\"de\",\"@id\":\"https:\\\/\\\/www.purejewels.com\\\/product\\\/22ct-gold-cubic-zirconia-stud-earring-3\\\/#primaryimage\",\"url\":\"https:\\\/\\\/static.purejewels.com\\\/wp-content\\\/uploads\\\/2019\\\/11\\\/31738.jpg\",\"contentUrl\":\"https:\\\/\\\/static.purejewels.com\\\/wp-content\\\/uploads\\\/2019\\\/11\\\/31738.jpg\",\"width\":1000,\"height\":1000,\"caption\":\"31738\"},{\"@type\":\"BreadcrumbList\",\"@id\":\"https:\\\/\\\/www.purejewels.com\\\/product\\\/22ct-gold-cubic-zirconia-stud-earring-3\\\/#breadcrumb\",\"itemListElement\":[{\"@type\":\"ListItem\",\"position\":1,\"name\":\"Home\",\"item\":\"https:\\\/\\\/www.purejewels.com\\\/\"},{\"@type\":\"ListItem\",\"position\":2,\"name\":\"Shop\",\"item\":\"https:\\\/\\\/www.purejewels.com\\\/shop\\\/\"},{\"@type\":\"ListItem\",\"position\":3,\"name\":\"22ct Gold Round CZ Cluster Stud Earrings\"}]},{\"@type\":\"WebSite\",\"@id\":\"https:\\\/\\\/www.purejewels.com\\\/#website\",\"url\":\"https:\\\/\\\/www.purejewels.com\\\/\",\"name\":\"PureJewels UK\",\"description\":\"Share the Love\",\"publisher\":{\"@id\":\"https:\\\/\\\/www.purejewels.com\\\/#organization\"},\"potentialAction\":[{\"@type\":\"SearchAction\",\"target\":{\"@type\":\"EntryPoint\",\"urlTemplate\":\"https:\\\/\\\/www.purejewels.com\\\/?s={search_term_string}\"},\"query-input\":{\"@type\":\"PropertyValueSpecification\",\"valueRequired\":true,\"valueName\":\"search_term_string\"}}],\"inLanguage\":\"de\"},{\"@type\":\"Organization\",\"@id\":\"https:\\\/\\\/www.purejewels.com\\\/#organization\",\"name\":\"PureJewels UK\",\"url\":\"https:\\\/\\\/www.purejewels.com\\\/\",\"logo\":{\"@type\":\"ImageObject\",\"inLanguage\":\"de\",\"@id\":\"https:\\\/\\\/www.purejewels.com\\\/#\\\/schema\\\/logo\\\/image\\\/\",\"url\":\"https:\\\/\\\/static.purejewels.com\\\/wp-content\\\/uploads\\\/2020\\\/11\\\/Logo-PJ-New-1.png\",\"contentUrl\":\"https:\\\/\\\/static.purejewels.com\\\/wp-content\\\/uploads\\\/2020\\\/11\\\/Logo-PJ-New-1.png\",\"width\":150,\"height\":80,\"caption\":\"PureJewels UK\"},\"image\":{\"@id\":\"https:\\\/\\\/www.purejewels.com\\\/#\\\/schema\\\/logo\\\/image\\\/\"}}]}<\/script>\n<!-- \/ Yoast SEO plugin. -->","yoast_head_json":{"title":"22 Karat Gold Ohrringe | Eleganter Goldschmuck PureJewels","description":"Entdecken Sie zeitlosen Glanz mit diesen runden Ohrsteckern aus 22 Karat Gold, die mit einem funkelnden Cluster aus Zirkonia verziert sind. Elegant, leicht und perfekt f\u00fcr jeden Anlass.","robots":{"index":"index","follow":"follow","max-snippet":"max-snippet:-1","max-image-preview":"max-image-preview:large","max-video-preview":"max-video-preview:-1"},"canonical":"https:\/\/www.purejewels.com\/de\/produkt-2\/ohrstecker-aus-22-karat-gold-mit-zirkonia-3\/","og_locale":"de_DE","og_type":"article","og_title":"22ct Gold Round Earrings | Elegant Gold Jewellery PureJewels","og_description":"Discover timeless sparkle with 22ct gold round stud earrings, featuring a dazzling cluster of cubic zirconia. Elegant, lightweight, and perfect for every occasion.","og_url":"https:\/\/www.purejewels.com\/de\/produkt-2\/ohrstecker-aus-22-karat-gold-mit-zirkonia-3\/","og_site_name":"PureJewels UK","article_modified_time":"2025-12-22T11:59:25+00:00","og_image":[{"width":1000,"height":1000,"url":"https:\/\/static.purejewels.com\/wp-content\/uploads\/2019\/11\/31738.jpg","type":"image\/jpeg"}],"twitter_card":"summary_large_image","twitter_misc":{"Gesch\u00e4tzte Lesezeit":"1\u00a0Minute"},"schema":{"@context":"https:\/\/schema.org","@graph":[{"@type":["WebPage","ItemPage"],"@id":"https:\/\/www.purejewels.com\/product\/22ct-gold-cubic-zirconia-stud-earring-3\/","url":"https:\/\/www.purejewels.com\/product\/22ct-gold-cubic-zirconia-stud-earring-3\/","name":"22 Karat Gold Ohrringe | Eleganter Goldschmuck PureJewels","isPartOf":{"@id":"https:\/\/www.purejewels.com\/#website"},"primaryImageOfPage":{"@id":"https:\/\/www.purejewels.com\/product\/22ct-gold-cubic-zirconia-stud-earring-3\/#primaryimage"},"image":{"@id":"https:\/\/www.purejewels.com\/product\/22ct-gold-cubic-zirconia-stud-earring-3\/#primaryimage"},"thumbnailUrl":"https:\/\/static.purejewels.com\/wp-content\/uploads\/2019\/11\/31738.jpg","datePublished":"2019-11-09T09:53:44+00:00","dateModified":"2025-12-22T11:59:25+00:00","description":"Entdecken Sie zeitlosen Glanz mit diesen runden Ohrsteckern aus 22 Karat Gold, die mit einem funkelnden Cluster aus Zirkonia verziert sind. Elegant, leicht und perfekt f\u00fcr jeden Anlass.","breadcrumb":{"@id":"https:\/\/www.purejewels.com\/product\/22ct-gold-cubic-zirconia-stud-earring-3\/#breadcrumb"},"inLanguage":"de","potentialAction":[{"@type":"ReadAction","target":["https:\/\/www.purejewels.com\/product\/22ct-gold-cubic-zirconia-stud-earring-3\/"]}]},{"@type":"ImageObject","inLanguage":"de","@id":"https:\/\/www.purejewels.com\/product\/22ct-gold-cubic-zirconia-stud-earring-3\/#primaryimage","url":"https:\/\/static.purejewels.com\/wp-content\/uploads\/2019\/11\/31738.jpg","contentUrl":"https:\/\/static.purejewels.com\/wp-content\/uploads\/2019\/11\/31738.jpg","width":1000,"height":1000,"caption":"31738"},{"@type":"BreadcrumbList","@id":"https:\/\/www.purejewels.com\/product\/22ct-gold-cubic-zirconia-stud-earring-3\/#breadcrumb","itemListElement":[{"@type":"ListItem","position":1,"name":"Home","item":"https:\/\/www.purejewels.com\/"},{"@type":"ListItem","position":2,"name":"Shop","item":"https:\/\/www.purejewels.com\/shop\/"},{"@type":"ListItem","position":3,"name":"22ct Gold Round CZ Cluster Stud Earrings"}]},{"@type":"WebSite","@id":"https:\/\/www.purejewels.com\/#website","url":"https:\/\/www.purejewels.com\/","name":"PureJewels UK","description":"Teile die Liebe","publisher":{"@id":"https:\/\/www.purejewels.com\/#organization"},"potentialAction":[{"@type":"SearchAction","target":{"@type":"EntryPoint","urlTemplate":"https:\/\/www.purejewels.com\/?s={search_term_string}"},"query-input":{"@type":"PropertyValueSpecification","valueRequired":true,"valueName":"search_term_string"}}],"inLanguage":"de"},{"@type":"Organization","@id":"https:\/\/www.purejewels.com\/#organization","name":"PureJewels UK","url":"https:\/\/www.purejewels.com\/","logo":{"@type":"ImageObject","inLanguage":"de","@id":"https:\/\/www.purejewels.com\/#\/schema\/logo\/image\/","url":"https:\/\/static.purejewels.com\/wp-content\/uploads\/2020\/11\/Logo-PJ-New-1.png","contentUrl":"https:\/\/static.purejewels.com\/wp-content\/uploads\/2020\/11\/Logo-PJ-New-1.png","width":150,"height":80,"caption":"PureJewels UK"},"image":{"@id":"https:\/\/www.purejewels.com\/#\/schema\/logo\/image\/"}}]}},"_links":{"self":[{"href":"https:\/\/www.purejewels.com\/de\/wp-json\/wp\/v2\/product\/311722","targetHints":{"allow":["GET"]}}],"collection":[{"href":"https:\/\/www.purejewels.com\/de\/wp-json\/wp\/v2\/product"}],"about":[{"href":"https:\/\/www.purejewels.com\/de\/wp-json\/wp\/v2\/types\/product"}],"replies":[{"embeddable":true,"href":"https:\/\/www.purejewels.com\/de\/wp-json\/wp\/v2\/comments?post=311722"}],"version-history":[{"count":3,"href":"https:\/\/www.purejewels.com\/de\/wp-json\/wp\/v2\/product\/311722\/revisions"}],"predecessor-version":[{"id":423686,"href":"https:\/\/www.purejewels.com\/de\/wp-json\/wp\/v2\/product\/311722\/revisions\/423686"}],"wp:featuredmedia":[{"embeddable":true,"href":"https:\/\/www.purejewels.com\/de\/wp-json\/wp\/v2\/media\/311775"}],"wp:attachment":[{"href":"https:\/\/www.purejewels.com\/de\/wp-json\/wp\/v2\/media?parent=311722"}],"wp:term":[{"taxonomy":"product_brand","embeddable":true,"href":"https:\/\/www.purejewels.com\/de\/wp-json\/wp\/v2\/product_brand?post=311722"},{"taxonomy":"product_cat","embeddable":true,"href":"https:\/\/www.purejewels.com\/de\/wp-json\/wp\/v2\/product_cat?post=311722"},{"taxonomy":"product_tag","embeddable":true,"href":"https:\/\/www.purejewels.com\/de\/wp-json\/wp\/v2\/product_tag?post=311722"}],"curies":[{"name":"wp","href":"https:\/\/api.w.org\/{rel}","templated":true}]}}