{"id":311843,"date":"2019-11-13T13:53:42","date_gmt":"2019-11-13T13:53:42","guid":{"rendered":"https:\/\/www.purejewels.com\/?post_type=product&#038;p=311843"},"modified":"2026-01-22T10:54:25","modified_gmt":"2026-01-22T10:54:25","slug":"ohrring-aus-22-karat-gold-19","status":"publish","type":"product","link":"https:\/\/www.purejewels.com\/de\/product\/22ct-gold-earring-19\/","title":{"rendered":"22ct Gold Blau &amp; Wei\u00df CZ Oval Ohrstecker"},"content":{"rendered":"<p>Gestaltung<\/p>\n<p>Diese ovalen Ohrstecker haben ein sanft gew\u00f6lbtes Profil und sind mit einer harmonischen Anordnung von blauen und wei\u00dfen Zirkonia besetzt. Die kontrastierenden Steine sorgen f\u00fcr Tiefe und Rhythmus auf der Oberfl\u00e4che, w\u00e4hrend die abgerundete Form den Ohrringen eine zeitlose, skulpturale Qualit\u00e4t verleiht. Das ausgewogene und ausdrucksstarke Design bietet Farbe, ohne das Gold zu \u00fcberlagern.<\/p>\n<p>Handwerkliches K\u00f6nnen<\/p>\n<p>Handgefertigt aus gl\u00e4nzendem 22-kar\u00e4tigem Gold, jedes <a href=\"https:\/\/www.purejewels.com\/de\/product\/22ct-gold-ladies-stud-earring-with-rhodium-finish-46497\/\">Ohrring<\/a> ist sorgf\u00e4ltig mit pr\u00e4zisionsgeschliffenen Zirkonia besetzt, um ein gleichm\u00e4\u00dfiges Funkeln und eine sichere Platzierung zu gew\u00e4hrleisten. Der perlenbesetzte Goldrahmen verst\u00e4rkt die Textur und Definition und spiegelt die traditionelle Handwerkskunst mit einem modernen Finish wider. Jedes St\u00fcck ist im Vereinigten K\u00f6nigreich f\u00fcr die Reinheitszertifizierung gepunzt.<\/p>\n<p>Styling &amp; Geschenkartikel<\/p>\n<p>Diese Ohrstecker eignen sich perfekt, um dem Alltagslook Farbe zu verleihen oder die Abendgarderobe aufzuwerten. Sie passen sowohl zu klassischen als auch zu modernen Styles. Ihre raffinierte Gr\u00f6\u00dfe macht sie ideal f\u00fcr den Alltag, f\u00fcr festliche Anl\u00e4sse und als liebevolles Geschenk f\u00fcr Geburtstage, Jubil\u00e4en und andere Feierlichkeiten. Eine vielseitige Wahl f\u00fcr alle, die dezente Farben mit reichem Goldakzent m\u00f6gen.<\/p>","protected":false},"excerpt":{"rendered":"<ul>\n<li>22ct Gold Ohrring mit Cubic-Zirconia Stein<\/li>\n<li>Wt. 2 gm<\/li>\n<li>SKU. 31425<\/li>\n<li>Alle Preise inklusive Mehrwertsteuer<\/li>\n<li>Alle unsere Produkte sind vom London Assay Office gestempelt.<\/li>\n<li>Alle Sets kommen mit Pr\u00e4sentationsbox<\/li>\n<li>Lieferung inbegriffen<\/li>\n<li>Kontaktieren Sie uns \/ Live-Chat mit uns f\u00fcr das Video von diesem Produkt<\/li>\n<\/ul>","protected":false},"featured_media":312406,"comment_status":"closed","ping_status":"closed","template":"","meta":{"_eb_attr":"","_crsspst_to_jayantr4sg-hostcom":false},"product_brand":[],"product_cat":[1577],"product_tag":[],"class_list":{"0":"post-311843","1":"product","2":"type-product","3":"status-publish","4":"has-post-thumbnail","6":"product_cat-stud-earrings","8":"first","9":"outofstock","10":"taxable","11":"shipping-taxable","12":"product-type-simple","13":"add-to-wishlist-before_image"},"yoast_head":"<!-- This site is optimized with the Yoast SEO plugin v27.3 - https:\/\/yoast.com\/product\/yoast-seo-wordpress\/ -->\n<title>22ct Gold Blue &amp; White CZ Oval Stud Earrings | in PureJewels UK<\/title>\n<meta name=\"description\" content=\"Discover handcrafted 22ct gold oval stud earrings set with blue and white cubic zirconia, offering a vibrant yet refined gold statement.\" \/>\n<meta name=\"robots\" content=\"index, follow, max-snippet:-1, max-image-preview:large, max-video-preview:-1\" \/>\n<link rel=\"canonical\" href=\"https:\/\/www.purejewels.com\/de\/produkt-2\/ohrring-aus-22-karat-gold-19\/\" \/>\n<meta property=\"og:locale\" content=\"de_DE\" \/>\n<meta property=\"og:type\" content=\"article\" \/>\n<meta property=\"og:title\" content=\"22ct Gold Blue &amp; White CZ Oval Stud Earrings | in PureJewels UK\" \/>\n<meta property=\"og:description\" content=\"Discover handcrafted 22ct gold oval stud earrings set with blue and white cubic zirconia, offering a vibrant yet refined gold statement.\" \/>\n<meta property=\"og:url\" content=\"https:\/\/www.purejewels.com\/de\/produkt-2\/ohrring-aus-22-karat-gold-19\/\" \/>\n<meta property=\"og:site_name\" content=\"PureJewels UK\" \/>\n<meta property=\"article:modified_time\" content=\"2026-01-22T10:54:25+00:00\" \/>\n<meta property=\"og:image\" content=\"https:\/\/static.purejewels.com\/wp-content\/uploads\/2019\/11\/31425-1.jpg\" \/>\n\t<meta property=\"og:image:width\" content=\"466\" \/>\n\t<meta property=\"og:image:height\" content=\"699\" \/>\n\t<meta property=\"og:image:type\" content=\"image\/jpeg\" \/>\n<meta name=\"twitter:card\" content=\"summary_large_image\" \/>\n<meta name=\"twitter:label1\" content=\"Gesch\u00e4tzte Lesezeit\" \/>\n\t<meta name=\"twitter:data1\" content=\"1\u00a0Minute\" \/>\n<script type=\"application\/ld+json\" class=\"yoast-schema-graph\">{\"@context\":\"https:\\\/\\\/schema.org\",\"@graph\":[{\"@type\":[\"WebPage\",\"ItemPage\"],\"@id\":\"https:\\\/\\\/www.purejewels.com\\\/product\\\/22ct-gold-earring-19\\\/\",\"url\":\"https:\\\/\\\/www.purejewels.com\\\/product\\\/22ct-gold-earring-19\\\/\",\"name\":\"22ct Gold Blue & White CZ Oval Stud Earrings | in PureJewels UK\",\"isPartOf\":{\"@id\":\"https:\\\/\\\/www.purejewels.com\\\/#website\"},\"primaryImageOfPage\":{\"@id\":\"https:\\\/\\\/www.purejewels.com\\\/product\\\/22ct-gold-earring-19\\\/#primaryimage\"},\"image\":{\"@id\":\"https:\\\/\\\/www.purejewels.com\\\/product\\\/22ct-gold-earring-19\\\/#primaryimage\"},\"thumbnailUrl\":\"https:\\\/\\\/static.purejewels.com\\\/wp-content\\\/uploads\\\/2019\\\/11\\\/31425-1.jpg\",\"datePublished\":\"2019-11-13T13:53:42+00:00\",\"dateModified\":\"2026-01-22T10:54:25+00:00\",\"description\":\"Discover handcrafted 22ct gold oval stud earrings set with blue and white cubic zirconia, offering a vibrant yet refined gold statement.\",\"breadcrumb\":{\"@id\":\"https:\\\/\\\/www.purejewels.com\\\/product\\\/22ct-gold-earring-19\\\/#breadcrumb\"},\"inLanguage\":\"de\",\"potentialAction\":[{\"@type\":\"ReadAction\",\"target\":[\"https:\\\/\\\/www.purejewels.com\\\/product\\\/22ct-gold-earring-19\\\/\"]}]},{\"@type\":\"ImageObject\",\"inLanguage\":\"de\",\"@id\":\"https:\\\/\\\/www.purejewels.com\\\/product\\\/22ct-gold-earring-19\\\/#primaryimage\",\"url\":\"https:\\\/\\\/static.purejewels.com\\\/wp-content\\\/uploads\\\/2019\\\/11\\\/31425-1.jpg\",\"contentUrl\":\"https:\\\/\\\/static.purejewels.com\\\/wp-content\\\/uploads\\\/2019\\\/11\\\/31425-1.jpg\",\"width\":466,\"height\":699,\"caption\":\"31425-1\"},{\"@type\":\"BreadcrumbList\",\"@id\":\"https:\\\/\\\/www.purejewels.com\\\/product\\\/22ct-gold-earring-19\\\/#breadcrumb\",\"itemListElement\":[{\"@type\":\"ListItem\",\"position\":1,\"name\":\"Home\",\"item\":\"https:\\\/\\\/www.purejewels.com\\\/\"},{\"@type\":\"ListItem\",\"position\":2,\"name\":\"Shop\",\"item\":\"https:\\\/\\\/www.purejewels.com\\\/shop\\\/\"},{\"@type\":\"ListItem\",\"position\":3,\"name\":\"22ct Gold Blue &#038; White CZ Oval Stud Earrings\"}]},{\"@type\":\"WebSite\",\"@id\":\"https:\\\/\\\/www.purejewels.com\\\/#website\",\"url\":\"https:\\\/\\\/www.purejewels.com\\\/\",\"name\":\"PureJewels UK\",\"description\":\"Share the Love\",\"publisher\":{\"@id\":\"https:\\\/\\\/www.purejewels.com\\\/#organization\"},\"potentialAction\":[{\"@type\":\"SearchAction\",\"target\":{\"@type\":\"EntryPoint\",\"urlTemplate\":\"https:\\\/\\\/www.purejewels.com\\\/?s={search_term_string}\"},\"query-input\":{\"@type\":\"PropertyValueSpecification\",\"valueRequired\":true,\"valueName\":\"search_term_string\"}}],\"inLanguage\":\"de\"},{\"@type\":\"Organization\",\"@id\":\"https:\\\/\\\/www.purejewels.com\\\/#organization\",\"name\":\"PureJewels UK\",\"url\":\"https:\\\/\\\/www.purejewels.com\\\/\",\"logo\":{\"@type\":\"ImageObject\",\"inLanguage\":\"de\",\"@id\":\"https:\\\/\\\/www.purejewels.com\\\/#\\\/schema\\\/logo\\\/image\\\/\",\"url\":\"https:\\\/\\\/static.purejewels.com\\\/wp-content\\\/uploads\\\/2020\\\/11\\\/Logo-PJ-New-1.png\",\"contentUrl\":\"https:\\\/\\\/static.purejewels.com\\\/wp-content\\\/uploads\\\/2020\\\/11\\\/Logo-PJ-New-1.png\",\"width\":150,\"height\":80,\"caption\":\"PureJewels UK\"},\"image\":{\"@id\":\"https:\\\/\\\/www.purejewels.com\\\/#\\\/schema\\\/logo\\\/image\\\/\"}}]}<\/script>\n<!-- \/ Yoast SEO plugin. -->","yoast_head_json":{"title":"22ct Gold Blau &amp; Wei\u00df CZ Oval Ohrstecker | in PureJewels UK","description":"Entdecken Sie die handgefertigten ovalen Ohrstecker aus 22-kar\u00e4tigem Gold, besetzt mit blauen und wei\u00dfen Zirkonia, die ein lebhaftes und doch raffiniertes Statement abgeben.","robots":{"index":"index","follow":"follow","max-snippet":"max-snippet:-1","max-image-preview":"max-image-preview:large","max-video-preview":"max-video-preview:-1"},"canonical":"https:\/\/www.purejewels.com\/de\/produkt-2\/ohrring-aus-22-karat-gold-19\/","og_locale":"de_DE","og_type":"article","og_title":"22ct Gold Blue & White CZ Oval Stud Earrings | in PureJewels UK","og_description":"Discover handcrafted 22ct gold oval stud earrings set with blue and white cubic zirconia, offering a vibrant yet refined gold statement.","og_url":"https:\/\/www.purejewels.com\/de\/produkt-2\/ohrring-aus-22-karat-gold-19\/","og_site_name":"PureJewels UK","article_modified_time":"2026-01-22T10:54:25+00:00","og_image":[{"width":466,"height":699,"url":"https:\/\/static.purejewels.com\/wp-content\/uploads\/2019\/11\/31425-1.jpg","type":"image\/jpeg"}],"twitter_card":"summary_large_image","twitter_misc":{"Gesch\u00e4tzte Lesezeit":"1\u00a0Minute"},"schema":{"@context":"https:\/\/schema.org","@graph":[{"@type":["WebPage","ItemPage"],"@id":"https:\/\/www.purejewels.com\/product\/22ct-gold-earring-19\/","url":"https:\/\/www.purejewels.com\/product\/22ct-gold-earring-19\/","name":"22ct Gold Blau &amp; Wei\u00df CZ Oval Ohrstecker | in PureJewels UK","isPartOf":{"@id":"https:\/\/www.purejewels.com\/#website"},"primaryImageOfPage":{"@id":"https:\/\/www.purejewels.com\/product\/22ct-gold-earring-19\/#primaryimage"},"image":{"@id":"https:\/\/www.purejewels.com\/product\/22ct-gold-earring-19\/#primaryimage"},"thumbnailUrl":"https:\/\/static.purejewels.com\/wp-content\/uploads\/2019\/11\/31425-1.jpg","datePublished":"2019-11-13T13:53:42+00:00","dateModified":"2026-01-22T10:54:25+00:00","description":"Entdecken Sie die handgefertigten ovalen Ohrstecker aus 22-kar\u00e4tigem Gold, besetzt mit blauen und wei\u00dfen Zirkonia, die ein lebhaftes und doch raffiniertes Statement abgeben.","breadcrumb":{"@id":"https:\/\/www.purejewels.com\/product\/22ct-gold-earring-19\/#breadcrumb"},"inLanguage":"de","potentialAction":[{"@type":"ReadAction","target":["https:\/\/www.purejewels.com\/product\/22ct-gold-earring-19\/"]}]},{"@type":"ImageObject","inLanguage":"de","@id":"https:\/\/www.purejewels.com\/product\/22ct-gold-earring-19\/#primaryimage","url":"https:\/\/static.purejewels.com\/wp-content\/uploads\/2019\/11\/31425-1.jpg","contentUrl":"https:\/\/static.purejewels.com\/wp-content\/uploads\/2019\/11\/31425-1.jpg","width":466,"height":699,"caption":"31425-1"},{"@type":"BreadcrumbList","@id":"https:\/\/www.purejewels.com\/product\/22ct-gold-earring-19\/#breadcrumb","itemListElement":[{"@type":"ListItem","position":1,"name":"Home","item":"https:\/\/www.purejewels.com\/"},{"@type":"ListItem","position":2,"name":"Shop","item":"https:\/\/www.purejewels.com\/shop\/"},{"@type":"ListItem","position":3,"name":"22ct Gold Blue &#038; White CZ Oval Stud Earrings"}]},{"@type":"WebSite","@id":"https:\/\/www.purejewels.com\/#website","url":"https:\/\/www.purejewels.com\/","name":"PureJewels UK","description":"Teile die Liebe","publisher":{"@id":"https:\/\/www.purejewels.com\/#organization"},"potentialAction":[{"@type":"SearchAction","target":{"@type":"EntryPoint","urlTemplate":"https:\/\/www.purejewels.com\/?s={search_term_string}"},"query-input":{"@type":"PropertyValueSpecification","valueRequired":true,"valueName":"search_term_string"}}],"inLanguage":"de"},{"@type":"Organization","@id":"https:\/\/www.purejewels.com\/#organization","name":"PureJewels UK","url":"https:\/\/www.purejewels.com\/","logo":{"@type":"ImageObject","inLanguage":"de","@id":"https:\/\/www.purejewels.com\/#\/schema\/logo\/image\/","url":"https:\/\/static.purejewels.com\/wp-content\/uploads\/2020\/11\/Logo-PJ-New-1.png","contentUrl":"https:\/\/static.purejewels.com\/wp-content\/uploads\/2020\/11\/Logo-PJ-New-1.png","width":150,"height":80,"caption":"PureJewels UK"},"image":{"@id":"https:\/\/www.purejewels.com\/#\/schema\/logo\/image\/"}}]}},"_links":{"self":[{"href":"https:\/\/www.purejewels.com\/de\/wp-json\/wp\/v2\/product\/311843","targetHints":{"allow":["GET"]}}],"collection":[{"href":"https:\/\/www.purejewels.com\/de\/wp-json\/wp\/v2\/product"}],"about":[{"href":"https:\/\/www.purejewels.com\/de\/wp-json\/wp\/v2\/types\/product"}],"replies":[{"embeddable":true,"href":"https:\/\/www.purejewels.com\/de\/wp-json\/wp\/v2\/comments?post=311843"}],"version-history":[{"count":1,"href":"https:\/\/www.purejewels.com\/de\/wp-json\/wp\/v2\/product\/311843\/revisions"}],"predecessor-version":[{"id":425112,"href":"https:\/\/www.purejewels.com\/de\/wp-json\/wp\/v2\/product\/311843\/revisions\/425112"}],"wp:featuredmedia":[{"embeddable":true,"href":"https:\/\/www.purejewels.com\/de\/wp-json\/wp\/v2\/media\/312406"}],"wp:attachment":[{"href":"https:\/\/www.purejewels.com\/de\/wp-json\/wp\/v2\/media?parent=311843"}],"wp:term":[{"taxonomy":"product_brand","embeddable":true,"href":"https:\/\/www.purejewels.com\/de\/wp-json\/wp\/v2\/product_brand?post=311843"},{"taxonomy":"product_cat","embeddable":true,"href":"https:\/\/www.purejewels.com\/de\/wp-json\/wp\/v2\/product_cat?post=311843"},{"taxonomy":"product_tag","embeddable":true,"href":"https:\/\/www.purejewels.com\/de\/wp-json\/wp\/v2\/product_tag?post=311843"}],"curies":[{"name":"wp","href":"https:\/\/api.w.org\/{rel}","templated":true}]}}