{"id":311847,"date":"2019-11-14T06:55:49","date_gmt":"2019-11-14T06:55:49","guid":{"rendered":"https:\/\/www.purejewels.com\/?post_type=product&#038;p=311847"},"modified":"2026-01-23T09:14:12","modified_gmt":"2026-01-23T09:14:12","slug":"22ct-anhanger-mit-zirkoniasteinen-besetzt-2","status":"publish","type":"product","link":"https:\/\/www.purejewels.com\/de\/product\/22ct-pendant-studded-with-cubic-zirconia-stones-2\/","title":{"rendered":"22ct Gold Pav\u00e9 CZ Anh\u00e4nger Halskette"},"content":{"rendered":"<ul>\n<li><a href=\"https:\/\/www.purejewels.com\/de\/product\/22ct-gold-jali-filigree-ring-jali-collection-31926\/\">22ct<\/a> Anh\u00e4nger mit Cubic-Zirkonia-Steinen besetzt<\/li>\n<li>Wt. 1.3 g<\/li>\n<li>SKU. 31422<\/li>\n<li>Kette nicht enthalten.<\/li>\n<li>Alle Preise inklusive Mehrwertsteuer<\/li>\n<li>Alle unsere Produkte sind vom London Assay Office gestempelt.<\/li>\n<li>Alle Sets werden mit Pr\u00e4sentationsbox geliefert<\/li>\n<li>Lieferung inbegriffen<\/li>\n<li>Kontaktieren Sie uns \/ Live-Chat mit uns f\u00fcr das Video dieses Produkts<\/li>\n<\/ul>","protected":false},"excerpt":{"rendered":"<ul>\n<li>22ct Anh\u00e4nger mit kubischen Zirkonia Steinen besetzt<\/li>\n<li>Wt. 1.3 g<\/li>\n<li>SKU. 31422<\/li>\n<li>Kette nicht enthalten.<\/li>\n<li>Alle Preise inklusive Mehrwertsteuer<\/li>\n<li>Alle unsere Produkte sind vom London Assay Office gestempelt.<\/li>\n<li>Alle Sets werden mit Pr\u00e4sentationsbox geliefert<\/li>\n<li>Lieferung inbegriffen<\/li>\n<li>Kontaktieren Sie uns \/ Live-Chat mit uns f\u00fcr das Video dieses Produkts<\/li>\n<\/ul>","protected":false},"featured_media":311848,"comment_status":"closed","ping_status":"closed","template":"","meta":{"_eb_attr":"","_crsspst_to_jayantr4sg-hostcom":false},"product_brand":[],"product_cat":[1767,1575,1574],"product_tag":[],"class_list":{"0":"post-311847","1":"product","2":"type-product","3":"status-publish","4":"has-post-thumbnail","6":"product_cat-ladies-pendants","7":"product_cat-teenage-jewellery","8":"product_cat-womens-jewellery","10":"first","11":"outofstock","12":"taxable","13":"shipping-taxable","14":"product-type-simple","15":"add-to-wishlist-before_image"},"yoast_head":"<!-- This site is optimized with the Yoast SEO plugin v27.3 - https:\/\/yoast.com\/product\/yoast-seo-wordpress\/ -->\n<title>22ct Pav\u00e9 CZ Pendant | Handcrafted Gold Necklace | PureJewels<\/title>\n<meta name=\"description\" content=\"Shop the 22ct Gold Pav\u00e9 CZ Pendant from PureJewels. Featuring a cube-inspired form set with shimmering cubic zirconia, this handcrafted pendant brings subtle brilliance to everyday gold.\" \/>\n<meta name=\"robots\" content=\"index, follow, max-snippet:-1, max-image-preview:large, max-video-preview:-1\" \/>\n<link rel=\"canonical\" href=\"https:\/\/www.purejewels.com\/de\/produkt-2\/22ct-anhanger-mit-zirkoniasteinen-besetzt-2\/\" \/>\n<meta property=\"og:locale\" content=\"de_DE\" \/>\n<meta property=\"og:type\" content=\"article\" \/>\n<meta property=\"og:title\" content=\"22ct Pav\u00e9 CZ Pendant | Handcrafted Gold Necklace | PureJewels\" \/>\n<meta property=\"og:description\" content=\"Shop the 22ct Gold Pav\u00e9 CZ Pendant from PureJewels. Featuring a cube-inspired form set with shimmering cubic zirconia, this handcrafted pendant brings subtle brilliance to everyday gold.\" \/>\n<meta property=\"og:url\" content=\"https:\/\/www.purejewels.com\/de\/produkt-2\/22ct-anhanger-mit-zirkoniasteinen-besetzt-2\/\" \/>\n<meta property=\"og:site_name\" content=\"PureJewels UK\" \/>\n<meta property=\"article:modified_time\" content=\"2026-01-23T09:14:12+00:00\" \/>\n<meta property=\"og:image\" content=\"https:\/\/static.purejewels.com\/wp-content\/uploads\/2019\/11\/31422.jpg\" \/>\n\t<meta property=\"og:image:width\" content=\"1000\" \/>\n\t<meta property=\"og:image:height\" content=\"1000\" \/>\n\t<meta property=\"og:image:type\" content=\"image\/jpeg\" \/>\n<meta name=\"twitter:card\" content=\"summary_large_image\" \/>\n<meta name=\"twitter:label1\" content=\"Gesch\u00e4tzte Lesezeit\" \/>\n\t<meta name=\"twitter:data1\" content=\"1\u00a0Minute\" \/>\n<script type=\"application\/ld+json\" class=\"yoast-schema-graph\">{\"@context\":\"https:\\\/\\\/schema.org\",\"@graph\":[{\"@type\":[\"WebPage\",\"ItemPage\"],\"@id\":\"https:\\\/\\\/www.purejewels.com\\\/product\\\/22ct-pendant-studded-with-cubic-zirconia-stones-2\\\/\",\"url\":\"https:\\\/\\\/www.purejewels.com\\\/product\\\/22ct-pendant-studded-with-cubic-zirconia-stones-2\\\/\",\"name\":\"22ct Pav\u00e9 CZ Pendant | Handcrafted Gold Necklace | PureJewels\",\"isPartOf\":{\"@id\":\"https:\\\/\\\/www.purejewels.com\\\/#website\"},\"primaryImageOfPage\":{\"@id\":\"https:\\\/\\\/www.purejewels.com\\\/product\\\/22ct-pendant-studded-with-cubic-zirconia-stones-2\\\/#primaryimage\"},\"image\":{\"@id\":\"https:\\\/\\\/www.purejewels.com\\\/product\\\/22ct-pendant-studded-with-cubic-zirconia-stones-2\\\/#primaryimage\"},\"thumbnailUrl\":\"https:\\\/\\\/static.purejewels.com\\\/wp-content\\\/uploads\\\/2019\\\/11\\\/31422.jpg\",\"datePublished\":\"2019-11-14T06:55:49+00:00\",\"dateModified\":\"2026-01-23T09:14:12+00:00\",\"description\":\"Shop the 22ct Gold Pav\u00e9 CZ Pendant from PureJewels. Featuring a cube-inspired form set with shimmering cubic zirconia, this handcrafted pendant brings subtle brilliance to everyday gold.\",\"breadcrumb\":{\"@id\":\"https:\\\/\\\/www.purejewels.com\\\/product\\\/22ct-pendant-studded-with-cubic-zirconia-stones-2\\\/#breadcrumb\"},\"inLanguage\":\"de\",\"potentialAction\":[{\"@type\":\"ReadAction\",\"target\":[\"https:\\\/\\\/www.purejewels.com\\\/product\\\/22ct-pendant-studded-with-cubic-zirconia-stones-2\\\/\"]}]},{\"@type\":\"ImageObject\",\"inLanguage\":\"de\",\"@id\":\"https:\\\/\\\/www.purejewels.com\\\/product\\\/22ct-pendant-studded-with-cubic-zirconia-stones-2\\\/#primaryimage\",\"url\":\"https:\\\/\\\/static.purejewels.com\\\/wp-content\\\/uploads\\\/2019\\\/11\\\/31422.jpg\",\"contentUrl\":\"https:\\\/\\\/static.purejewels.com\\\/wp-content\\\/uploads\\\/2019\\\/11\\\/31422.jpg\",\"width\":1000,\"height\":1000,\"caption\":\"31422\"},{\"@type\":\"BreadcrumbList\",\"@id\":\"https:\\\/\\\/www.purejewels.com\\\/product\\\/22ct-pendant-studded-with-cubic-zirconia-stones-2\\\/#breadcrumb\",\"itemListElement\":[{\"@type\":\"ListItem\",\"position\":1,\"name\":\"Home\",\"item\":\"https:\\\/\\\/www.purejewels.com\\\/\"},{\"@type\":\"ListItem\",\"position\":2,\"name\":\"Shop\",\"item\":\"https:\\\/\\\/www.purejewels.com\\\/shop\\\/\"},{\"@type\":\"ListItem\",\"position\":3,\"name\":\"22ct Gold Pav\u00e9 CZ Pendant Necklace\"}]},{\"@type\":\"WebSite\",\"@id\":\"https:\\\/\\\/www.purejewels.com\\\/#website\",\"url\":\"https:\\\/\\\/www.purejewels.com\\\/\",\"name\":\"PureJewels UK\",\"description\":\"Share the Love\",\"publisher\":{\"@id\":\"https:\\\/\\\/www.purejewels.com\\\/#organization\"},\"potentialAction\":[{\"@type\":\"SearchAction\",\"target\":{\"@type\":\"EntryPoint\",\"urlTemplate\":\"https:\\\/\\\/www.purejewels.com\\\/?s={search_term_string}\"},\"query-input\":{\"@type\":\"PropertyValueSpecification\",\"valueRequired\":true,\"valueName\":\"search_term_string\"}}],\"inLanguage\":\"de\"},{\"@type\":\"Organization\",\"@id\":\"https:\\\/\\\/www.purejewels.com\\\/#organization\",\"name\":\"PureJewels UK\",\"url\":\"https:\\\/\\\/www.purejewels.com\\\/\",\"logo\":{\"@type\":\"ImageObject\",\"inLanguage\":\"de\",\"@id\":\"https:\\\/\\\/www.purejewels.com\\\/#\\\/schema\\\/logo\\\/image\\\/\",\"url\":\"https:\\\/\\\/static.purejewels.com\\\/wp-content\\\/uploads\\\/2020\\\/11\\\/Logo-PJ-New-1.png\",\"contentUrl\":\"https:\\\/\\\/static.purejewels.com\\\/wp-content\\\/uploads\\\/2020\\\/11\\\/Logo-PJ-New-1.png\",\"width\":150,\"height\":80,\"caption\":\"PureJewels UK\"},\"image\":{\"@id\":\"https:\\\/\\\/www.purejewels.com\\\/#\\\/schema\\\/logo\\\/image\\\/\"}}]}<\/script>\n<!-- \/ Yoast SEO plugin. -->","yoast_head_json":{"title":"22ct Pav\u00e9 CZ Anh\u00e4nger | Handgefertigte Gold Halskette | PureJewels","description":"Kaufen Sie den 22ct Gold Pav\u00e9 CZ Anh\u00e4nger von PureJewels. Mit einer von W\u00fcrfeln inspirierten Form, die mit schimmernden Zirkonia besetzt ist, bringt dieser handgefertigte Anh\u00e4nger subtilen Glanz in das Alltagsgold.","robots":{"index":"index","follow":"follow","max-snippet":"max-snippet:-1","max-image-preview":"max-image-preview:large","max-video-preview":"max-video-preview:-1"},"canonical":"https:\/\/www.purejewels.com\/de\/produkt-2\/22ct-anhanger-mit-zirkoniasteinen-besetzt-2\/","og_locale":"de_DE","og_type":"article","og_title":"22ct Pav\u00e9 CZ Pendant | Handcrafted Gold Necklace | PureJewels","og_description":"Shop the 22ct Gold Pav\u00e9 CZ Pendant from PureJewels. Featuring a cube-inspired form set with shimmering cubic zirconia, this handcrafted pendant brings subtle brilliance to everyday gold.","og_url":"https:\/\/www.purejewels.com\/de\/produkt-2\/22ct-anhanger-mit-zirkoniasteinen-besetzt-2\/","og_site_name":"PureJewels UK","article_modified_time":"2026-01-23T09:14:12+00:00","og_image":[{"width":1000,"height":1000,"url":"https:\/\/static.purejewels.com\/wp-content\/uploads\/2019\/11\/31422.jpg","type":"image\/jpeg"}],"twitter_card":"summary_large_image","twitter_misc":{"Gesch\u00e4tzte Lesezeit":"1\u00a0Minute"},"schema":{"@context":"https:\/\/schema.org","@graph":[{"@type":["WebPage","ItemPage"],"@id":"https:\/\/www.purejewels.com\/product\/22ct-pendant-studded-with-cubic-zirconia-stones-2\/","url":"https:\/\/www.purejewels.com\/product\/22ct-pendant-studded-with-cubic-zirconia-stones-2\/","name":"22ct Pav\u00e9 CZ Anh\u00e4nger | Handgefertigte Gold Halskette | PureJewels","isPartOf":{"@id":"https:\/\/www.purejewels.com\/#website"},"primaryImageOfPage":{"@id":"https:\/\/www.purejewels.com\/product\/22ct-pendant-studded-with-cubic-zirconia-stones-2\/#primaryimage"},"image":{"@id":"https:\/\/www.purejewels.com\/product\/22ct-pendant-studded-with-cubic-zirconia-stones-2\/#primaryimage"},"thumbnailUrl":"https:\/\/static.purejewels.com\/wp-content\/uploads\/2019\/11\/31422.jpg","datePublished":"2019-11-14T06:55:49+00:00","dateModified":"2026-01-23T09:14:12+00:00","description":"Kaufen Sie den 22ct Gold Pav\u00e9 CZ Anh\u00e4nger von PureJewels. Mit einer von W\u00fcrfeln inspirierten Form, die mit schimmernden Zirkonia besetzt ist, bringt dieser handgefertigte Anh\u00e4nger subtilen Glanz in das Alltagsgold.","breadcrumb":{"@id":"https:\/\/www.purejewels.com\/product\/22ct-pendant-studded-with-cubic-zirconia-stones-2\/#breadcrumb"},"inLanguage":"de","potentialAction":[{"@type":"ReadAction","target":["https:\/\/www.purejewels.com\/product\/22ct-pendant-studded-with-cubic-zirconia-stones-2\/"]}]},{"@type":"ImageObject","inLanguage":"de","@id":"https:\/\/www.purejewels.com\/product\/22ct-pendant-studded-with-cubic-zirconia-stones-2\/#primaryimage","url":"https:\/\/static.purejewels.com\/wp-content\/uploads\/2019\/11\/31422.jpg","contentUrl":"https:\/\/static.purejewels.com\/wp-content\/uploads\/2019\/11\/31422.jpg","width":1000,"height":1000,"caption":"31422"},{"@type":"BreadcrumbList","@id":"https:\/\/www.purejewels.com\/product\/22ct-pendant-studded-with-cubic-zirconia-stones-2\/#breadcrumb","itemListElement":[{"@type":"ListItem","position":1,"name":"Home","item":"https:\/\/www.purejewels.com\/"},{"@type":"ListItem","position":2,"name":"Shop","item":"https:\/\/www.purejewels.com\/shop\/"},{"@type":"ListItem","position":3,"name":"22ct Gold Pav\u00e9 CZ Pendant Necklace"}]},{"@type":"WebSite","@id":"https:\/\/www.purejewels.com\/#website","url":"https:\/\/www.purejewels.com\/","name":"PureJewels UK","description":"Teile die Liebe","publisher":{"@id":"https:\/\/www.purejewels.com\/#organization"},"potentialAction":[{"@type":"SearchAction","target":{"@type":"EntryPoint","urlTemplate":"https:\/\/www.purejewels.com\/?s={search_term_string}"},"query-input":{"@type":"PropertyValueSpecification","valueRequired":true,"valueName":"search_term_string"}}],"inLanguage":"de"},{"@type":"Organization","@id":"https:\/\/www.purejewels.com\/#organization","name":"PureJewels UK","url":"https:\/\/www.purejewels.com\/","logo":{"@type":"ImageObject","inLanguage":"de","@id":"https:\/\/www.purejewels.com\/#\/schema\/logo\/image\/","url":"https:\/\/static.purejewels.com\/wp-content\/uploads\/2020\/11\/Logo-PJ-New-1.png","contentUrl":"https:\/\/static.purejewels.com\/wp-content\/uploads\/2020\/11\/Logo-PJ-New-1.png","width":150,"height":80,"caption":"PureJewels UK"},"image":{"@id":"https:\/\/www.purejewels.com\/#\/schema\/logo\/image\/"}}]}},"_links":{"self":[{"href":"https:\/\/www.purejewels.com\/de\/wp-json\/wp\/v2\/product\/311847","targetHints":{"allow":["GET"]}}],"collection":[{"href":"https:\/\/www.purejewels.com\/de\/wp-json\/wp\/v2\/product"}],"about":[{"href":"https:\/\/www.purejewels.com\/de\/wp-json\/wp\/v2\/types\/product"}],"replies":[{"embeddable":true,"href":"https:\/\/www.purejewels.com\/de\/wp-json\/wp\/v2\/comments?post=311847"}],"version-history":[{"count":2,"href":"https:\/\/www.purejewels.com\/de\/wp-json\/wp\/v2\/product\/311847\/revisions"}],"predecessor-version":[{"id":425168,"href":"https:\/\/www.purejewels.com\/de\/wp-json\/wp\/v2\/product\/311847\/revisions\/425168"}],"wp:featuredmedia":[{"embeddable":true,"href":"https:\/\/www.purejewels.com\/de\/wp-json\/wp\/v2\/media\/311848"}],"wp:attachment":[{"href":"https:\/\/www.purejewels.com\/de\/wp-json\/wp\/v2\/media?parent=311847"}],"wp:term":[{"taxonomy":"product_brand","embeddable":true,"href":"https:\/\/www.purejewels.com\/de\/wp-json\/wp\/v2\/product_brand?post=311847"},{"taxonomy":"product_cat","embeddable":true,"href":"https:\/\/www.purejewels.com\/de\/wp-json\/wp\/v2\/product_cat?post=311847"},{"taxonomy":"product_tag","embeddable":true,"href":"https:\/\/www.purejewels.com\/de\/wp-json\/wp\/v2\/product_tag?post=311847"}],"curies":[{"name":"wp","href":"https:\/\/api.w.org\/{rel}","templated":true}]}}