{"id":311861,"date":"2019-11-18T10:11:59","date_gmt":"2019-11-18T10:11:59","guid":{"rendered":"https:\/\/www.purejewels.com\/?post_type=product&#038;p=311861"},"modified":"2025-12-09T10:57:27","modified_gmt":"2025-12-09T10:57:27","slug":"ohrring-aus-22-karat-gold-3","status":"publish","type":"product","link":"https:\/\/www.purejewels.com\/de\/product\/22-carat-gold-hoop-earring-3\/","title":{"rendered":"22 Karat Gold Daily Chic Tassel Hoops"},"content":{"rendered":"<h4 data-start=\"636\" data-end=\"651\"><strong data-start=\"641\" data-end=\"651\">Gestaltung<\/strong><\/h4>\n<p data-start=\"652\" data-end=\"887\">Diese Creolen haben ein elegantes Design f\u00fcr den Alltag und sind mit einer anmutigen Quaste verziert, die f\u00fcr subtile Bewegung sorgt. Die polierten Akzente und geometrischen Strukturen verleihen den schlichten Creolen einen modernen Look, der sich perfekt f\u00fcr den Alltag eignet.<\/p>\n<h4 data-start=\"889\" data-end=\"911\"><strong data-start=\"894\" data-end=\"911\">Handwerkliches K\u00f6nnen<\/strong><\/h4>\n<p data-start=\"912\" data-end=\"1146\">Fachm\u00e4nnisch aus reinem 22-kar\u00e4tigem Gold handgefertigt, mit pr\u00e4zisen Details und einem sicheren B\u00fcgelmechanismus f\u00fcr einfaches Tragen. Vollst\u00e4ndig in Gro\u00dfbritannien punziert, was die Goldreinheit und die hochwertige Handwerkskunst best\u00e4tigt. Ein komfortables Design, das f\u00fcr h\u00e4ufiges Tragen gedacht ist.<\/p>\n<h4 data-start=\"1148\" data-end=\"1174\"><strong data-start=\"1153\" data-end=\"1174\">Styling &amp; Geschenkartikel<\/strong><\/h4>\n<p data-start=\"1175\" data-end=\"1387\">Ein schicker Abschluss f\u00fcr legere Outfits, B\u00fcro-Looks und dezente Festtagskleidung. Diese vielseitigen Ohrringe eignen sich auch hervorragend als Geschenk, um pers\u00f6nliche Meilensteine und allt\u00e4gliche Momente mit einem Hauch von Gold zu feiern.<\/p>","protected":false},"excerpt":{"rendered":"<p>Leichte 22-kar\u00e4tige Gold-Creolen mit stilvollen Quasten, in Gro\u00dfbritannien punziert und f\u00fcr allt\u00e4gliche Eleganz entworfen.<\/p>\n<ul>\n<li>22 Karat Gold-Reif-Ohrring mit Kugeltropfen<\/li>\n<li>Ohrring f\u00fcr das t\u00e4gliche Tragen geeignet<\/li>\n<li>Wt . 4.5 g<\/li>\n<li>SKU. 31964<\/li>\n<li>Alle Preise inklusive Mehrwertsteuer<\/li>\n<li>Alle unsere Produkte sind vom London Assay Office gestempelt.<\/li>\n<li>Kommt mit Pr\u00e4sentationsbox<\/li>\n<li>Lieferung inbegriffen<\/li>\n<li>Kontaktieren Sie uns \/ chatten Sie mit uns, um ein Live-Video des Produkts zu sehen<\/li>\n<\/ul>","protected":false},"featured_media":311872,"comment_status":"closed","ping_status":"closed","template":"","meta":{"_eb_attr":"","_crsspst_to_jayantr4sg-hostcom":false},"product_brand":[],"product_cat":[1579,1574],"product_tag":[],"class_list":{"0":"post-311861","1":"product","2":"type-product","3":"status-publish","4":"has-post-thumbnail","6":"product_cat-hoop-earrings","7":"product_cat-womens-jewellery","9":"first","10":"outofstock","11":"taxable","12":"shipping-taxable","13":"product-type-simple","14":"add-to-wishlist-before_image"},"yoast_head":"<!-- This site is optimized with the Yoast SEO plugin v27.3 - https:\/\/yoast.com\/product\/yoast-seo-wordpress\/ -->\n<title>Lightweight 22ct Gold Tassel Hoop Earrings | PureJewels UK<\/title>\n<meta name=\"description\" content=\"Everyday 22ct gold hoop earrings with a chic tassel drop detail. Lightweight and UK hallmarked for daily comfort style and shine.\" \/>\n<meta name=\"robots\" content=\"index, follow, max-snippet:-1, max-image-preview:large, max-video-preview:-1\" \/>\n<link rel=\"canonical\" href=\"https:\/\/www.purejewels.com\/de\/produkt-2\/ohrring-aus-22-karat-gold-3\/\" \/>\n<meta property=\"og:locale\" content=\"de_DE\" \/>\n<meta property=\"og:type\" content=\"article\" \/>\n<meta property=\"og:title\" content=\"Lightweight 22ct Gold Tassel Hoop Earrings | PureJewels UK\" \/>\n<meta property=\"og:description\" content=\"Everyday 22ct gold hoop earrings with a chic tassel drop detail. Lightweight and UK hallmarked for daily comfort style and shine.\" \/>\n<meta property=\"og:url\" content=\"https:\/\/www.purejewels.com\/de\/produkt-2\/ohrring-aus-22-karat-gold-3\/\" \/>\n<meta property=\"og:site_name\" content=\"PureJewels UK\" \/>\n<meta property=\"article:modified_time\" content=\"2025-12-09T10:57:27+00:00\" \/>\n<meta property=\"og:image\" content=\"https:\/\/static.purejewels.com\/wp-content\/uploads\/2019\/11\/I003.jpg\" \/>\n\t<meta property=\"og:image:width\" content=\"1000\" \/>\n\t<meta property=\"og:image:height\" content=\"1000\" \/>\n\t<meta property=\"og:image:type\" content=\"image\/jpeg\" \/>\n<meta name=\"twitter:card\" content=\"summary_large_image\" \/>\n<meta name=\"twitter:label1\" content=\"Gesch\u00e4tzte Lesezeit\" \/>\n\t<meta name=\"twitter:data1\" content=\"1\u00a0Minute\" \/>\n<script type=\"application\/ld+json\" class=\"yoast-schema-graph\">{\"@context\":\"https:\\\/\\\/schema.org\",\"@graph\":[{\"@type\":[\"WebPage\",\"ItemPage\"],\"@id\":\"https:\\\/\\\/www.purejewels.com\\\/product\\\/22-carat-gold-hoop-earring-3\\\/\",\"url\":\"https:\\\/\\\/www.purejewels.com\\\/product\\\/22-carat-gold-hoop-earring-3\\\/\",\"name\":\"Lightweight 22ct Gold Tassel Hoop Earrings | PureJewels UK\",\"isPartOf\":{\"@id\":\"https:\\\/\\\/www.purejewels.com\\\/#website\"},\"primaryImageOfPage\":{\"@id\":\"https:\\\/\\\/www.purejewels.com\\\/product\\\/22-carat-gold-hoop-earring-3\\\/#primaryimage\"},\"image\":{\"@id\":\"https:\\\/\\\/www.purejewels.com\\\/product\\\/22-carat-gold-hoop-earring-3\\\/#primaryimage\"},\"thumbnailUrl\":\"https:\\\/\\\/static.purejewels.com\\\/wp-content\\\/uploads\\\/2019\\\/11\\\/I003.jpg\",\"datePublished\":\"2019-11-18T10:11:59+00:00\",\"dateModified\":\"2025-12-09T10:57:27+00:00\",\"description\":\"Everyday 22ct gold hoop earrings with a chic tassel drop detail. Lightweight and UK hallmarked for daily comfort style and shine.\",\"breadcrumb\":{\"@id\":\"https:\\\/\\\/www.purejewels.com\\\/product\\\/22-carat-gold-hoop-earring-3\\\/#breadcrumb\"},\"inLanguage\":\"de\",\"potentialAction\":[{\"@type\":\"ReadAction\",\"target\":[\"https:\\\/\\\/www.purejewels.com\\\/product\\\/22-carat-gold-hoop-earring-3\\\/\"]}]},{\"@type\":\"ImageObject\",\"inLanguage\":\"de\",\"@id\":\"https:\\\/\\\/www.purejewels.com\\\/product\\\/22-carat-gold-hoop-earring-3\\\/#primaryimage\",\"url\":\"https:\\\/\\\/static.purejewels.com\\\/wp-content\\\/uploads\\\/2019\\\/11\\\/I003.jpg\",\"contentUrl\":\"https:\\\/\\\/static.purejewels.com\\\/wp-content\\\/uploads\\\/2019\\\/11\\\/I003.jpg\",\"width\":1000,\"height\":1000,\"caption\":\"31964\"},{\"@type\":\"BreadcrumbList\",\"@id\":\"https:\\\/\\\/www.purejewels.com\\\/product\\\/22-carat-gold-hoop-earring-3\\\/#breadcrumb\",\"itemListElement\":[{\"@type\":\"ListItem\",\"position\":1,\"name\":\"Home\",\"item\":\"https:\\\/\\\/www.purejewels.com\\\/\"},{\"@type\":\"ListItem\",\"position\":2,\"name\":\"Shop\",\"item\":\"https:\\\/\\\/www.purejewels.com\\\/shop\\\/\"},{\"@type\":\"ListItem\",\"position\":3,\"name\":\"22ct Gold Daily Chic Tassel Hoops\"}]},{\"@type\":\"WebSite\",\"@id\":\"https:\\\/\\\/www.purejewels.com\\\/#website\",\"url\":\"https:\\\/\\\/www.purejewels.com\\\/\",\"name\":\"PureJewels UK\",\"description\":\"Share the Love\",\"publisher\":{\"@id\":\"https:\\\/\\\/www.purejewels.com\\\/#organization\"},\"potentialAction\":[{\"@type\":\"SearchAction\",\"target\":{\"@type\":\"EntryPoint\",\"urlTemplate\":\"https:\\\/\\\/www.purejewels.com\\\/?s={search_term_string}\"},\"query-input\":{\"@type\":\"PropertyValueSpecification\",\"valueRequired\":true,\"valueName\":\"search_term_string\"}}],\"inLanguage\":\"de\"},{\"@type\":\"Organization\",\"@id\":\"https:\\\/\\\/www.purejewels.com\\\/#organization\",\"name\":\"PureJewels UK\",\"url\":\"https:\\\/\\\/www.purejewels.com\\\/\",\"logo\":{\"@type\":\"ImageObject\",\"inLanguage\":\"de\",\"@id\":\"https:\\\/\\\/www.purejewels.com\\\/#\\\/schema\\\/logo\\\/image\\\/\",\"url\":\"https:\\\/\\\/static.purejewels.com\\\/wp-content\\\/uploads\\\/2020\\\/11\\\/Logo-PJ-New-1.png\",\"contentUrl\":\"https:\\\/\\\/static.purejewels.com\\\/wp-content\\\/uploads\\\/2020\\\/11\\\/Logo-PJ-New-1.png\",\"width\":150,\"height\":80,\"caption\":\"PureJewels UK\"},\"image\":{\"@id\":\"https:\\\/\\\/www.purejewels.com\\\/#\\\/schema\\\/logo\\\/image\\\/\"}}]}<\/script>\n<!-- \/ Yoast SEO plugin. -->","yoast_head_json":{"title":"Leichte 22 Karat Gold-Tassel-Creolen | PureJewels UK","description":"Alltagstaugliche Ohrringe aus 22 Karat Gold mit schickem Quasten-Detail. Leicht und mit britischer Punzierung f\u00fcr t\u00e4glichen Tragekomfort und Glanz.","robots":{"index":"index","follow":"follow","max-snippet":"max-snippet:-1","max-image-preview":"max-image-preview:large","max-video-preview":"max-video-preview:-1"},"canonical":"https:\/\/www.purejewels.com\/de\/produkt-2\/ohrring-aus-22-karat-gold-3\/","og_locale":"de_DE","og_type":"article","og_title":"Lightweight 22ct Gold Tassel Hoop Earrings | PureJewels UK","og_description":"Everyday 22ct gold hoop earrings with a chic tassel drop detail. Lightweight and UK hallmarked for daily comfort style and shine.","og_url":"https:\/\/www.purejewels.com\/de\/produkt-2\/ohrring-aus-22-karat-gold-3\/","og_site_name":"PureJewels UK","article_modified_time":"2025-12-09T10:57:27+00:00","og_image":[{"width":1000,"height":1000,"url":"https:\/\/static.purejewels.com\/wp-content\/uploads\/2019\/11\/I003.jpg","type":"image\/jpeg"}],"twitter_card":"summary_large_image","twitter_misc":{"Gesch\u00e4tzte Lesezeit":"1\u00a0Minute"},"schema":{"@context":"https:\/\/schema.org","@graph":[{"@type":["WebPage","ItemPage"],"@id":"https:\/\/www.purejewels.com\/product\/22-carat-gold-hoop-earring-3\/","url":"https:\/\/www.purejewels.com\/product\/22-carat-gold-hoop-earring-3\/","name":"Leichte 22 Karat Gold-Tassel-Creolen | PureJewels UK","isPartOf":{"@id":"https:\/\/www.purejewels.com\/#website"},"primaryImageOfPage":{"@id":"https:\/\/www.purejewels.com\/product\/22-carat-gold-hoop-earring-3\/#primaryimage"},"image":{"@id":"https:\/\/www.purejewels.com\/product\/22-carat-gold-hoop-earring-3\/#primaryimage"},"thumbnailUrl":"https:\/\/static.purejewels.com\/wp-content\/uploads\/2019\/11\/I003.jpg","datePublished":"2019-11-18T10:11:59+00:00","dateModified":"2025-12-09T10:57:27+00:00","description":"Alltagstaugliche Ohrringe aus 22 Karat Gold mit schickem Quasten-Detail. Leicht und mit britischer Punzierung f\u00fcr t\u00e4glichen Tragekomfort und Glanz.","breadcrumb":{"@id":"https:\/\/www.purejewels.com\/product\/22-carat-gold-hoop-earring-3\/#breadcrumb"},"inLanguage":"de","potentialAction":[{"@type":"ReadAction","target":["https:\/\/www.purejewels.com\/product\/22-carat-gold-hoop-earring-3\/"]}]},{"@type":"ImageObject","inLanguage":"de","@id":"https:\/\/www.purejewels.com\/product\/22-carat-gold-hoop-earring-3\/#primaryimage","url":"https:\/\/static.purejewels.com\/wp-content\/uploads\/2019\/11\/I003.jpg","contentUrl":"https:\/\/static.purejewels.com\/wp-content\/uploads\/2019\/11\/I003.jpg","width":1000,"height":1000,"caption":"31964"},{"@type":"BreadcrumbList","@id":"https:\/\/www.purejewels.com\/product\/22-carat-gold-hoop-earring-3\/#breadcrumb","itemListElement":[{"@type":"ListItem","position":1,"name":"Home","item":"https:\/\/www.purejewels.com\/"},{"@type":"ListItem","position":2,"name":"Shop","item":"https:\/\/www.purejewels.com\/shop\/"},{"@type":"ListItem","position":3,"name":"22ct Gold Daily Chic Tassel Hoops"}]},{"@type":"WebSite","@id":"https:\/\/www.purejewels.com\/#website","url":"https:\/\/www.purejewels.com\/","name":"PureJewels UK","description":"Teile die Liebe","publisher":{"@id":"https:\/\/www.purejewels.com\/#organization"},"potentialAction":[{"@type":"SearchAction","target":{"@type":"EntryPoint","urlTemplate":"https:\/\/www.purejewels.com\/?s={search_term_string}"},"query-input":{"@type":"PropertyValueSpecification","valueRequired":true,"valueName":"search_term_string"}}],"inLanguage":"de"},{"@type":"Organization","@id":"https:\/\/www.purejewels.com\/#organization","name":"PureJewels UK","url":"https:\/\/www.purejewels.com\/","logo":{"@type":"ImageObject","inLanguage":"de","@id":"https:\/\/www.purejewels.com\/#\/schema\/logo\/image\/","url":"https:\/\/static.purejewels.com\/wp-content\/uploads\/2020\/11\/Logo-PJ-New-1.png","contentUrl":"https:\/\/static.purejewels.com\/wp-content\/uploads\/2020\/11\/Logo-PJ-New-1.png","width":150,"height":80,"caption":"PureJewels UK"},"image":{"@id":"https:\/\/www.purejewels.com\/#\/schema\/logo\/image\/"}}]}},"_links":{"self":[{"href":"https:\/\/www.purejewels.com\/de\/wp-json\/wp\/v2\/product\/311861","targetHints":{"allow":["GET"]}}],"collection":[{"href":"https:\/\/www.purejewels.com\/de\/wp-json\/wp\/v2\/product"}],"about":[{"href":"https:\/\/www.purejewels.com\/de\/wp-json\/wp\/v2\/types\/product"}],"replies":[{"embeddable":true,"href":"https:\/\/www.purejewels.com\/de\/wp-json\/wp\/v2\/comments?post=311861"}],"version-history":[{"count":2,"href":"https:\/\/www.purejewels.com\/de\/wp-json\/wp\/v2\/product\/311861\/revisions"}],"predecessor-version":[{"id":422754,"href":"https:\/\/www.purejewels.com\/de\/wp-json\/wp\/v2\/product\/311861\/revisions\/422754"}],"wp:featuredmedia":[{"embeddable":true,"href":"https:\/\/www.purejewels.com\/de\/wp-json\/wp\/v2\/media\/311872"}],"wp:attachment":[{"href":"https:\/\/www.purejewels.com\/de\/wp-json\/wp\/v2\/media?parent=311861"}],"wp:term":[{"taxonomy":"product_brand","embeddable":true,"href":"https:\/\/www.purejewels.com\/de\/wp-json\/wp\/v2\/product_brand?post=311861"},{"taxonomy":"product_cat","embeddable":true,"href":"https:\/\/www.purejewels.com\/de\/wp-json\/wp\/v2\/product_cat?post=311861"},{"taxonomy":"product_tag","embeddable":true,"href":"https:\/\/www.purejewels.com\/de\/wp-json\/wp\/v2\/product_tag?post=311861"}],"curies":[{"name":"wp","href":"https:\/\/api.w.org\/{rel}","templated":true}]}}