{"id":311887,"date":"2019-11-21T06:53:36","date_gmt":"2019-11-21T06:53:36","guid":{"rendered":"https:\/\/www.purejewels.com\/?post_type=product&#038;p=311887"},"modified":"2026-03-17T06:39:58","modified_gmt":"2026-03-17T06:39:58","slug":"goldenes-kropfband","status":"publish","type":"product","link":"https:\/\/www.purejewels.com\/de\/product\/gold-choker-neckalce\/","title":{"rendered":"Minimalistische Perlenkette aus 22 Karat Gold"},"content":{"rendered":"<p><strong>Designkonzept<\/strong><\/p>\n<p>Die Minimal Beaded Necklace ist von Schlichtheit und Ausgewogenheit inspiriert. Jede einzelne Goldperle wurde mit Bedacht entlang der Kette platziert, um ein Gef\u00fchl von Rhythmus und Harmonie zu erzeugen. Das Design folgt der Philosophie \"weniger ist mehr\" und l\u00e4sst die subtilen Details durchscheinen. Die klare Silhouette und die sanfte Symmetrie machen es zu einem zeitlosen Schmuckst\u00fcck, das den modernen Lebensstil erg\u00e4nzt und gleichzeitig die W\u00e4rme des traditionellen Goldschmucks beibeh\u00e4lt.<\/p>\n<p><strong>Handwerkliches K\u00f6nnen<\/strong><\/p>\n<p>Gefertigt aus hochreinem <a href=\"https:\/\/www.purejewels.com\/de\/product\/22ct-gold-jali-filigree-ring-jali-collection-31926\/\">22ct<\/a> Diese Halskette aus Gold zeichnet sich durch raffinierte Details und Pr\u00e4zision aus. Jede Perle ist sorgf\u00e4ltig geformt und hat eine strukturierte Oberfl\u00e4che, die das Licht sanft reflektiert, w\u00e4hrend die feine Kette f\u00fcr einen glatten und bequemen Fall sorgt. Die Abst\u00e4nde zwischen den Perlen sind sorgf\u00e4ltig ausbalanciert, um einen harmonischen Fluss zu schaffen, der die Handwerkskunst und die Liebe zum Detail widerspiegelt, f\u00fcr die PureJewels steht.<\/p>\n<p><strong>Styling-Ideen<\/strong><\/p>\n<p>Die Minimal Beaded Necklace ist perfekt f\u00fcr die Eleganz des Alltags. Tragen Sie sie allein f\u00fcr einen subtilen, polierten Look oder kombinieren Sie sie mit anderen Goldketten, um einen modernen, gestapelten Stil zu kreieren. Ihr vielseitiges Design passt sowohl zu legeren als auch zu formellen Outfits und macht sie zu einer zeitlosen Erg\u00e4nzung f\u00fcr jede Schmucksammlung.<\/p>","protected":false},"excerpt":{"rendered":"<p>Die 22ct Gold Minimal Beaded Necklace besteht aus einer feinen Kette, die mit zarten Goldperlen verziert ist. Das aus strahlendem 22-kar\u00e4tigem Gold gefertigte Schmuckst\u00fcck bietet schlichte Eleganz f\u00fcr den Alltag.<\/p>\n<ul>\n<li>Metall. 22ct Gold<\/li>\n<li>Wt. 13.5 g<\/li>\n<li>L\u00e4nge 20 Zoll<\/li>\n<li>SKU. 31960<\/li>\n<li>Alle Preise inklusive Mehrwertsteuer<\/li>\n<li>Alle unsere Produkte sind vom London Assay Office gestempelt.<\/li>\n<li>Alle Sets werden mit Pr\u00e4sentationsbox geliefert<\/li>\n<li>Lieferung inbegriffen<\/li>\n<li>Setzen Sie sich mit uns in Verbindung, um das gesamte Sortiment an Choker-Halsketten im Gesch\u00e4ft zu sehen.<\/li>\n<\/ul>\n<p>&nbsp;<\/p>\n<p>&nbsp;<\/p>","protected":false},"featured_media":315878,"comment_status":"closed","ping_status":"closed","template":"","meta":{"_eb_attr":"","_crsspst_to_jayantr4sg-hostcom":false},"product_brand":[],"product_cat":[1482],"product_tag":[],"class_list":{"0":"post-311887","1":"product","2":"type-product","3":"status-publish","4":"has-post-thumbnail","6":"product_cat-uncategorized","8":"first","9":"outofstock","10":"taxable","11":"shipping-taxable","12":"product-type-simple","13":"add-to-wishlist-before_image"},"yoast_head":"<!-- This site is optimized with the Yoast SEO plugin v27.3 - https:\/\/yoast.com\/product\/yoast-seo-wordpress\/ -->\n<title>Shop Elegant 22ct Gold Beaded Necklace | Minimal Gold Jewellery<\/title>\n<meta name=\"description\" content=\"Discover the 22ct Gold Minimal Beaded Necklace featuring delicate gold bead accents on a fine chain. A timeless piece crafted for everyday elegance and effortless styling.\" \/>\n<meta name=\"robots\" content=\"index, follow, max-snippet:-1, max-image-preview:large, max-video-preview:-1\" \/>\n<link rel=\"canonical\" href=\"https:\/\/www.purejewels.com\/de\/produkt-2\/goldenes-kropfband\/\" \/>\n<meta property=\"og:locale\" content=\"de_DE\" \/>\n<meta property=\"og:type\" content=\"article\" \/>\n<meta property=\"og:title\" content=\"Shop Elegant 22ct Gold Beaded Necklace | Minimal Gold Jewellery\" \/>\n<meta property=\"og:description\" content=\"Discover the 22ct Gold Minimal Beaded Necklace featuring delicate gold bead accents on a fine chain. A timeless piece crafted for everyday elegance and effortless styling.\" \/>\n<meta property=\"og:url\" content=\"https:\/\/www.purejewels.com\/de\/produkt-2\/goldenes-kropfband\/\" \/>\n<meta property=\"og:site_name\" content=\"PureJewels UK\" \/>\n<meta property=\"article:modified_time\" content=\"2026-03-17T06:39:58+00:00\" \/>\n<meta property=\"og:image\" content=\"https:\/\/static.purejewels.com\/wp-content\/uploads\/2020\/07\/image175936345.jpg\" \/>\n\t<meta property=\"og:image:width\" content=\"1000\" \/>\n\t<meta property=\"og:image:height\" content=\"1000\" \/>\n\t<meta property=\"og:image:type\" content=\"image\/jpeg\" \/>\n<meta name=\"twitter:card\" content=\"summary_large_image\" \/>\n<meta name=\"twitter:label1\" content=\"Gesch\u00e4tzte Lesezeit\" \/>\n\t<meta name=\"twitter:data1\" content=\"1\u00a0Minute\" \/>\n<script type=\"application\/ld+json\" class=\"yoast-schema-graph\">{\"@context\":\"https:\\\/\\\/schema.org\",\"@graph\":[{\"@type\":[\"WebPage\",\"ItemPage\"],\"@id\":\"https:\\\/\\\/www.purejewels.com\\\/product\\\/gold-choker-neckalce\\\/\",\"url\":\"https:\\\/\\\/www.purejewels.com\\\/product\\\/gold-choker-neckalce\\\/\",\"name\":\"Shop Elegant 22ct Gold Beaded Necklace | Minimal Gold Jewellery\",\"isPartOf\":{\"@id\":\"https:\\\/\\\/www.purejewels.com\\\/#website\"},\"primaryImageOfPage\":{\"@id\":\"https:\\\/\\\/www.purejewels.com\\\/product\\\/gold-choker-neckalce\\\/#primaryimage\"},\"image\":{\"@id\":\"https:\\\/\\\/www.purejewels.com\\\/product\\\/gold-choker-neckalce\\\/#primaryimage\"},\"thumbnailUrl\":\"https:\\\/\\\/static.purejewels.com\\\/wp-content\\\/uploads\\\/2020\\\/07\\\/image175936345.jpg\",\"datePublished\":\"2019-11-21T06:53:36+00:00\",\"dateModified\":\"2026-03-17T06:39:58+00:00\",\"description\":\"Discover the 22ct Gold Minimal Beaded Necklace featuring delicate gold bead accents on a fine chain. A timeless piece crafted for everyday elegance and effortless styling.\",\"breadcrumb\":{\"@id\":\"https:\\\/\\\/www.purejewels.com\\\/product\\\/gold-choker-neckalce\\\/#breadcrumb\"},\"inLanguage\":\"de\",\"potentialAction\":[{\"@type\":\"ReadAction\",\"target\":[\"https:\\\/\\\/www.purejewels.com\\\/product\\\/gold-choker-neckalce\\\/\"]}]},{\"@type\":\"ImageObject\",\"inLanguage\":\"de\",\"@id\":\"https:\\\/\\\/www.purejewels.com\\\/product\\\/gold-choker-neckalce\\\/#primaryimage\",\"url\":\"https:\\\/\\\/static.purejewels.com\\\/wp-content\\\/uploads\\\/2020\\\/07\\\/image175936345.jpg\",\"contentUrl\":\"https:\\\/\\\/static.purejewels.com\\\/wp-content\\\/uploads\\\/2020\\\/07\\\/image175936345.jpg\",\"width\":1000,\"height\":1000},{\"@type\":\"BreadcrumbList\",\"@id\":\"https:\\\/\\\/www.purejewels.com\\\/product\\\/gold-choker-neckalce\\\/#breadcrumb\",\"itemListElement\":[{\"@type\":\"ListItem\",\"position\":1,\"name\":\"Home\",\"item\":\"https:\\\/\\\/www.purejewels.com\\\/\"},{\"@type\":\"ListItem\",\"position\":2,\"name\":\"Shop\",\"item\":\"https:\\\/\\\/www.purejewels.com\\\/shop\\\/\"},{\"@type\":\"ListItem\",\"position\":3,\"name\":\"22ct Gold Minimal Beaded Necklace\"}]},{\"@type\":\"WebSite\",\"@id\":\"https:\\\/\\\/www.purejewels.com\\\/#website\",\"url\":\"https:\\\/\\\/www.purejewels.com\\\/\",\"name\":\"PureJewels UK\",\"description\":\"Share the Love\",\"publisher\":{\"@id\":\"https:\\\/\\\/www.purejewels.com\\\/#organization\"},\"potentialAction\":[{\"@type\":\"SearchAction\",\"target\":{\"@type\":\"EntryPoint\",\"urlTemplate\":\"https:\\\/\\\/www.purejewels.com\\\/?s={search_term_string}\"},\"query-input\":{\"@type\":\"PropertyValueSpecification\",\"valueRequired\":true,\"valueName\":\"search_term_string\"}}],\"inLanguage\":\"de\"},{\"@type\":\"Organization\",\"@id\":\"https:\\\/\\\/www.purejewels.com\\\/#organization\",\"name\":\"PureJewels UK\",\"url\":\"https:\\\/\\\/www.purejewels.com\\\/\",\"logo\":{\"@type\":\"ImageObject\",\"inLanguage\":\"de\",\"@id\":\"https:\\\/\\\/www.purejewels.com\\\/#\\\/schema\\\/logo\\\/image\\\/\",\"url\":\"https:\\\/\\\/static.purejewels.com\\\/wp-content\\\/uploads\\\/2020\\\/11\\\/Logo-PJ-New-1.png\",\"contentUrl\":\"https:\\\/\\\/static.purejewels.com\\\/wp-content\\\/uploads\\\/2020\\\/11\\\/Logo-PJ-New-1.png\",\"width\":150,\"height\":80,\"caption\":\"PureJewels UK\"},\"image\":{\"@id\":\"https:\\\/\\\/www.purejewels.com\\\/#\\\/schema\\\/logo\\\/image\\\/\"}}]}<\/script>\n<!-- \/ Yoast SEO plugin. -->","yoast_head_json":{"title":"Elegante 22-kar\u00e4tige Goldperlenkette einkaufen | Minimalistischer Goldschmuck","description":"Entdecken Sie die 22ct Gold Minimal Beaded Necklace mit zarten goldenen Perlenakzenten an einer feinen Kette. Ein zeitloses Schmuckst\u00fcck f\u00fcr die Eleganz des Alltags und m\u00fcheloses Styling.","robots":{"index":"index","follow":"follow","max-snippet":"max-snippet:-1","max-image-preview":"max-image-preview:large","max-video-preview":"max-video-preview:-1"},"canonical":"https:\/\/www.purejewels.com\/de\/produkt-2\/goldenes-kropfband\/","og_locale":"de_DE","og_type":"article","og_title":"Shop Elegant 22ct Gold Beaded Necklace | Minimal Gold Jewellery","og_description":"Discover the 22ct Gold Minimal Beaded Necklace featuring delicate gold bead accents on a fine chain. A timeless piece crafted for everyday elegance and effortless styling.","og_url":"https:\/\/www.purejewels.com\/de\/produkt-2\/goldenes-kropfband\/","og_site_name":"PureJewels UK","article_modified_time":"2026-03-17T06:39:58+00:00","og_image":[{"width":1000,"height":1000,"url":"https:\/\/static.purejewels.com\/wp-content\/uploads\/2020\/07\/image175936345.jpg","type":"image\/jpeg"}],"twitter_card":"summary_large_image","twitter_misc":{"Gesch\u00e4tzte Lesezeit":"1\u00a0Minute"},"schema":{"@context":"https:\/\/schema.org","@graph":[{"@type":["WebPage","ItemPage"],"@id":"https:\/\/www.purejewels.com\/product\/gold-choker-neckalce\/","url":"https:\/\/www.purejewels.com\/product\/gold-choker-neckalce\/","name":"Elegante 22-kar\u00e4tige Goldperlenkette einkaufen | Minimalistischer Goldschmuck","isPartOf":{"@id":"https:\/\/www.purejewels.com\/#website"},"primaryImageOfPage":{"@id":"https:\/\/www.purejewels.com\/product\/gold-choker-neckalce\/#primaryimage"},"image":{"@id":"https:\/\/www.purejewels.com\/product\/gold-choker-neckalce\/#primaryimage"},"thumbnailUrl":"https:\/\/static.purejewels.com\/wp-content\/uploads\/2020\/07\/image175936345.jpg","datePublished":"2019-11-21T06:53:36+00:00","dateModified":"2026-03-17T06:39:58+00:00","description":"Entdecken Sie die 22ct Gold Minimal Beaded Necklace mit zarten goldenen Perlenakzenten an einer feinen Kette. Ein zeitloses Schmuckst\u00fcck f\u00fcr die Eleganz des Alltags und m\u00fcheloses Styling.","breadcrumb":{"@id":"https:\/\/www.purejewels.com\/product\/gold-choker-neckalce\/#breadcrumb"},"inLanguage":"de","potentialAction":[{"@type":"ReadAction","target":["https:\/\/www.purejewels.com\/product\/gold-choker-neckalce\/"]}]},{"@type":"ImageObject","inLanguage":"de","@id":"https:\/\/www.purejewels.com\/product\/gold-choker-neckalce\/#primaryimage","url":"https:\/\/static.purejewels.com\/wp-content\/uploads\/2020\/07\/image175936345.jpg","contentUrl":"https:\/\/static.purejewels.com\/wp-content\/uploads\/2020\/07\/image175936345.jpg","width":1000,"height":1000},{"@type":"BreadcrumbList","@id":"https:\/\/www.purejewels.com\/product\/gold-choker-neckalce\/#breadcrumb","itemListElement":[{"@type":"ListItem","position":1,"name":"Home","item":"https:\/\/www.purejewels.com\/"},{"@type":"ListItem","position":2,"name":"Shop","item":"https:\/\/www.purejewels.com\/shop\/"},{"@type":"ListItem","position":3,"name":"22ct Gold Minimal Beaded Necklace"}]},{"@type":"WebSite","@id":"https:\/\/www.purejewels.com\/#website","url":"https:\/\/www.purejewels.com\/","name":"PureJewels UK","description":"Teile die Liebe","publisher":{"@id":"https:\/\/www.purejewels.com\/#organization"},"potentialAction":[{"@type":"SearchAction","target":{"@type":"EntryPoint","urlTemplate":"https:\/\/www.purejewels.com\/?s={search_term_string}"},"query-input":{"@type":"PropertyValueSpecification","valueRequired":true,"valueName":"search_term_string"}}],"inLanguage":"de"},{"@type":"Organization","@id":"https:\/\/www.purejewels.com\/#organization","name":"PureJewels UK","url":"https:\/\/www.purejewels.com\/","logo":{"@type":"ImageObject","inLanguage":"de","@id":"https:\/\/www.purejewels.com\/#\/schema\/logo\/image\/","url":"https:\/\/static.purejewels.com\/wp-content\/uploads\/2020\/11\/Logo-PJ-New-1.png","contentUrl":"https:\/\/static.purejewels.com\/wp-content\/uploads\/2020\/11\/Logo-PJ-New-1.png","width":150,"height":80,"caption":"PureJewels UK"},"image":{"@id":"https:\/\/www.purejewels.com\/#\/schema\/logo\/image\/"}}]}},"_links":{"self":[{"href":"https:\/\/www.purejewels.com\/de\/wp-json\/wp\/v2\/product\/311887","targetHints":{"allow":["GET"]}}],"collection":[{"href":"https:\/\/www.purejewels.com\/de\/wp-json\/wp\/v2\/product"}],"about":[{"href":"https:\/\/www.purejewels.com\/de\/wp-json\/wp\/v2\/types\/product"}],"replies":[{"embeddable":true,"href":"https:\/\/www.purejewels.com\/de\/wp-json\/wp\/v2\/comments?post=311887"}],"version-history":[{"count":2,"href":"https:\/\/www.purejewels.com\/de\/wp-json\/wp\/v2\/product\/311887\/revisions"}],"predecessor-version":[{"id":427219,"href":"https:\/\/www.purejewels.com\/de\/wp-json\/wp\/v2\/product\/311887\/revisions\/427219"}],"wp:featuredmedia":[{"embeddable":true,"href":"https:\/\/www.purejewels.com\/de\/wp-json\/wp\/v2\/media\/315878"}],"wp:attachment":[{"href":"https:\/\/www.purejewels.com\/de\/wp-json\/wp\/v2\/media?parent=311887"}],"wp:term":[{"taxonomy":"product_brand","embeddable":true,"href":"https:\/\/www.purejewels.com\/de\/wp-json\/wp\/v2\/product_brand?post=311887"},{"taxonomy":"product_cat","embeddable":true,"href":"https:\/\/www.purejewels.com\/de\/wp-json\/wp\/v2\/product_cat?post=311887"},{"taxonomy":"product_tag","embeddable":true,"href":"https:\/\/www.purejewels.com\/de\/wp-json\/wp\/v2\/product_tag?post=311887"}],"curies":[{"name":"wp","href":"https:\/\/api.w.org\/{rel}","templated":true}]}}