{"id":311921,"date":"2019-11-28T10:04:36","date_gmt":"2019-11-28T10:04:36","guid":{"rendered":"https:\/\/www.purejewels.com\/?post_type=product&#038;p=311921"},"modified":"2026-01-06T08:08:49","modified_gmt":"2026-01-06T08:08:49","slug":"anhanger-aus-22-karat-gold-mit-rhodinierter-oberflache-2","status":"publish","type":"product","link":"https:\/\/www.purejewels.com\/de\/product\/22-carat-gold-pendant-with-rhodium-finish-2\/","title":{"rendered":"22 Karat Gold-Anh\u00e4nger, rund | Rhodium-Verzierung"},"content":{"rendered":"<p>Veredeln Sie Ihre Schmuckkollektion mit diesem exquisiten runden Anh\u00e4nger aus 22 Karat Gold, der durch seine filigrane Kunstfertigkeit und zeitlose Eleganz besticht. Der aus hochwertigem 22 Karat Gold gefertigte Anh\u00e4nger besticht durch seine wundersch\u00f6n abgerundete Silhouette, die mit zarten floralen Filigranarbeiten verziert und durch eine schimmernde Rhodiumbeschichtung f\u00fcr einen auff\u00e4lligen Kontrast erg\u00e4nzt wird.<\/p>\n<p>Der Anh\u00e4nger vereint auf harmonische Weise traditionelle Handwerkskunst und modernes Flair. Die floralen Motive auf der einen Seite sind fein detailliert und symbolisieren Anmut und Weiblichkeit, w\u00e4hrend die andere Seite eine glatte, hochglanzpolierte Goldoberfl\u00e4che aufweist, die dem Anh\u00e4nger Tiefe und Raffinesse verleiht. Ein mit Rhodium akzentuierter Wirbel teilt den Anh\u00e4nger in zwei H\u00e4lften, zieht den Blick auf sich und verleiht dem Gesamtdesign eine dynamische Note.<\/p>\n<p>Dieser Anh\u00e4nger eignet sich perfekt f\u00fcr besondere Anl\u00e4sse, Hochzeiten oder als auff\u00e4lliges Accessoire f\u00fcr den Alltag und passt sowohl zu klassischen Goldketten als auch zu modernen Stilen. Ob als Geschenk f\u00fcr einen geliebten Menschen oder als Belohnung f\u00fcr sich selbst \u2013 dieser Anh\u00e4nger ist eine sinnvolle Erg\u00e4nzung f\u00fcr jedes Schmuckk\u00e4stchen.<\/p>","protected":false},"excerpt":{"rendered":"<p>Dieser elegante runde Anh\u00e4nger aus 22 Karat Gold besticht durch sein filigranes Blumenmuster mit Rhodium-Finish und verbindet traditionellen Charme mit modernen Details. Ideal sowohl f\u00fcr den Alltag als auch f\u00fcr besondere Anl\u00e4sse.<\/p>\n<ul>\n<li>Anh\u00e4nger aus 22 Karat Gold mit Rhodiumbeschichtung<\/li>\n<li>Passendes Ohrring-Set ist zu einem bestimmten Thema erh\u00e4ltlich<\/li>\n<li>Wt. 2,7 g<\/li>\n<li>Durchmesser. 21 mm<\/li>\n<li>SKU. 30960<\/li>\n<li>Kette nicht enthalten<\/li>\n<li>Alle Preise inklusive Mehrwertsteuer<\/li>\n<li>Alle unsere Produkte sind vom London Assay Office gestempelt.<\/li>\n<li>Alle Sets werden mit Pr\u00e4sentationsbox geliefert<\/li>\n<li>Kostenlose Lieferung in ganz UK<\/li>\n<li>Kontaktieren Sie uns \/ Live-Chat mit uns F\u00fcr ein Video von besonderen Geschenken aus unserer Muttertag Schmuck Geschenke Kollektion<\/li>\n<\/ul>","protected":false},"featured_media":313086,"comment_status":"closed","ping_status":"closed","template":"","meta":{"_eb_attr":"","_crsspst_to_jayantr4sg-hostcom":false},"product_brand":[],"product_cat":[1559,1770,1767,1570,1573,1574],"product_tag":[],"class_list":{"0":"post-311921","1":"product","2":"type-product","3":"status-publish","4":"has-post-thumbnail","6":"product_cat-birthday-gifts","7":"product_cat-fancy-pendants","8":"product_cat-ladies-pendants","9":"product_cat-mothers-day-gifts","10":"product_cat-wedding-gifts","11":"product_cat-womens-jewellery","13":"first","14":"outofstock","15":"taxable","16":"shipping-taxable","17":"product-type-simple","18":"add-to-wishlist-before_image"},"yoast_head":"<!-- This site is optimized with the Yoast SEO plugin v27.3 - https:\/\/yoast.com\/product\/yoast-seo-wordpress\/ -->\n<title>22ct Gold Pendant with Rhodium Finish | Elegant Filigree Design<\/title>\n<meta name=\"description\" content=\"Discover timeless elegance with this 22ct Gold Round Pendant featuring intricate floral filigree and a shimmering rhodium finish. Perfect for gifting or special occasions.\" \/>\n<meta name=\"robots\" content=\"index, follow, max-snippet:-1, max-image-preview:large, max-video-preview:-1\" \/>\n<link rel=\"canonical\" href=\"https:\/\/www.purejewels.com\/de\/produkt-2\/anhanger-aus-22-karat-gold-mit-rhodinierter-oberflache-2\/\" \/>\n<meta property=\"og:locale\" content=\"de_DE\" \/>\n<meta property=\"og:type\" content=\"article\" \/>\n<meta property=\"og:title\" content=\"22ct Gold Pendant with Rhodium Finish | Elegant Filigree Design\" \/>\n<meta property=\"og:description\" content=\"Discover timeless elegance with this 22ct Gold Round Pendant featuring intricate floral filigree and a shimmering rhodium finish. Perfect for gifting or special occasions.\" \/>\n<meta property=\"og:url\" content=\"https:\/\/www.purejewels.com\/de\/produkt-2\/anhanger-aus-22-karat-gold-mit-rhodinierter-oberflache-2\/\" \/>\n<meta property=\"og:site_name\" content=\"PureJewels UK\" \/>\n<meta property=\"article:modified_time\" content=\"2026-01-06T08:08:49+00:00\" \/>\n<meta property=\"og:image\" content=\"https:\/\/static.purejewels.com\/wp-content\/uploads\/2020\/03\/152155130.jpg\" \/>\n\t<meta property=\"og:image:width\" content=\"1000\" \/>\n\t<meta property=\"og:image:height\" content=\"1000\" \/>\n\t<meta property=\"og:image:type\" content=\"image\/jpeg\" \/>\n<meta name=\"twitter:card\" content=\"summary_large_image\" \/>\n<meta name=\"twitter:label1\" content=\"Gesch\u00e4tzte Lesezeit\" \/>\n\t<meta name=\"twitter:data1\" content=\"1\u00a0Minute\" \/>\n<script type=\"application\/ld+json\" class=\"yoast-schema-graph\">{\"@context\":\"https:\\\/\\\/schema.org\",\"@graph\":[{\"@type\":[\"WebPage\",\"ItemPage\"],\"@id\":\"https:\\\/\\\/www.purejewels.com\\\/product\\\/22-carat-gold-pendant-with-rhodium-finish-2\\\/\",\"url\":\"https:\\\/\\\/www.purejewels.com\\\/product\\\/22-carat-gold-pendant-with-rhodium-finish-2\\\/\",\"name\":\"22ct Gold Pendant with Rhodium Finish | Elegant Filigree Design\",\"isPartOf\":{\"@id\":\"https:\\\/\\\/www.purejewels.com\\\/#website\"},\"primaryImageOfPage\":{\"@id\":\"https:\\\/\\\/www.purejewels.com\\\/product\\\/22-carat-gold-pendant-with-rhodium-finish-2\\\/#primaryimage\"},\"image\":{\"@id\":\"https:\\\/\\\/www.purejewels.com\\\/product\\\/22-carat-gold-pendant-with-rhodium-finish-2\\\/#primaryimage\"},\"thumbnailUrl\":\"https:\\\/\\\/static.purejewels.com\\\/wp-content\\\/uploads\\\/2020\\\/03\\\/152155130.jpg\",\"datePublished\":\"2019-11-28T10:04:36+00:00\",\"dateModified\":\"2026-01-06T08:08:49+00:00\",\"description\":\"Discover timeless elegance with this 22ct Gold Round Pendant featuring intricate floral filigree and a shimmering rhodium finish. Perfect for gifting or special occasions.\",\"breadcrumb\":{\"@id\":\"https:\\\/\\\/www.purejewels.com\\\/product\\\/22-carat-gold-pendant-with-rhodium-finish-2\\\/#breadcrumb\"},\"inLanguage\":\"de\",\"potentialAction\":[{\"@type\":\"ReadAction\",\"target\":[\"https:\\\/\\\/www.purejewels.com\\\/product\\\/22-carat-gold-pendant-with-rhodium-finish-2\\\/\"]}]},{\"@type\":\"ImageObject\",\"inLanguage\":\"de\",\"@id\":\"https:\\\/\\\/www.purejewels.com\\\/product\\\/22-carat-gold-pendant-with-rhodium-finish-2\\\/#primaryimage\",\"url\":\"https:\\\/\\\/static.purejewels.com\\\/wp-content\\\/uploads\\\/2020\\\/03\\\/152155130.jpg\",\"contentUrl\":\"https:\\\/\\\/static.purejewels.com\\\/wp-content\\\/uploads\\\/2020\\\/03\\\/152155130.jpg\",\"width\":1000,\"height\":1000,\"caption\":\"22 carat Gold pendant with Rhodium finishMatching Earring set is available on particular themeWt. 2.7 gDiameter. 21mmSKU. 30960Chain not includedAll prices include VATAll our Products are Hallmarked by London Assay OfficeAll Sets Comes With Presentation BoxFree Delivery Across UKContact us\\\/chat with us to explore 22 carat Gold jewellery online\"},{\"@type\":\"BreadcrumbList\",\"@id\":\"https:\\\/\\\/www.purejewels.com\\\/product\\\/22-carat-gold-pendant-with-rhodium-finish-2\\\/#breadcrumb\",\"itemListElement\":[{\"@type\":\"ListItem\",\"position\":1,\"name\":\"Home\",\"item\":\"https:\\\/\\\/www.purejewels.com\\\/\"},{\"@type\":\"ListItem\",\"position\":2,\"name\":\"Shop\",\"item\":\"https:\\\/\\\/www.purejewels.com\\\/shop\\\/\"},{\"@type\":\"ListItem\",\"position\":3,\"name\":\"22ct Gold Round Pendant | Rhodium Detailing\"}]},{\"@type\":\"WebSite\",\"@id\":\"https:\\\/\\\/www.purejewels.com\\\/#website\",\"url\":\"https:\\\/\\\/www.purejewels.com\\\/\",\"name\":\"PureJewels UK\",\"description\":\"Share the Love\",\"publisher\":{\"@id\":\"https:\\\/\\\/www.purejewels.com\\\/#organization\"},\"potentialAction\":[{\"@type\":\"SearchAction\",\"target\":{\"@type\":\"EntryPoint\",\"urlTemplate\":\"https:\\\/\\\/www.purejewels.com\\\/?s={search_term_string}\"},\"query-input\":{\"@type\":\"PropertyValueSpecification\",\"valueRequired\":true,\"valueName\":\"search_term_string\"}}],\"inLanguage\":\"de\"},{\"@type\":\"Organization\",\"@id\":\"https:\\\/\\\/www.purejewels.com\\\/#organization\",\"name\":\"PureJewels UK\",\"url\":\"https:\\\/\\\/www.purejewels.com\\\/\",\"logo\":{\"@type\":\"ImageObject\",\"inLanguage\":\"de\",\"@id\":\"https:\\\/\\\/www.purejewels.com\\\/#\\\/schema\\\/logo\\\/image\\\/\",\"url\":\"https:\\\/\\\/static.purejewels.com\\\/wp-content\\\/uploads\\\/2020\\\/11\\\/Logo-PJ-New-1.png\",\"contentUrl\":\"https:\\\/\\\/static.purejewels.com\\\/wp-content\\\/uploads\\\/2020\\\/11\\\/Logo-PJ-New-1.png\",\"width\":150,\"height\":80,\"caption\":\"PureJewels UK\"},\"image\":{\"@id\":\"https:\\\/\\\/www.purejewels.com\\\/#\\\/schema\\\/logo\\\/image\\\/\"}}]}<\/script>\n<!-- \/ Yoast SEO plugin. -->","yoast_head_json":{"title":"22 Karat Goldanh\u00e4nger mit Rhodiumbeschichtung | Elegantes Filigran-Design","description":"Entdecken Sie zeitlose Eleganz mit diesem runden Anh\u00e4nger aus 22 Karat Gold mit aufwendiger Blumenfiligranarbeit und schimmernder Rhodiumbeschichtung. Perfekt als Geschenk oder f\u00fcr besondere Anl\u00e4sse.","robots":{"index":"index","follow":"follow","max-snippet":"max-snippet:-1","max-image-preview":"max-image-preview:large","max-video-preview":"max-video-preview:-1"},"canonical":"https:\/\/www.purejewels.com\/de\/produkt-2\/anhanger-aus-22-karat-gold-mit-rhodinierter-oberflache-2\/","og_locale":"de_DE","og_type":"article","og_title":"22ct Gold Pendant with Rhodium Finish | Elegant Filigree Design","og_description":"Discover timeless elegance with this 22ct Gold Round Pendant featuring intricate floral filigree and a shimmering rhodium finish. Perfect for gifting or special occasions.","og_url":"https:\/\/www.purejewels.com\/de\/produkt-2\/anhanger-aus-22-karat-gold-mit-rhodinierter-oberflache-2\/","og_site_name":"PureJewels UK","article_modified_time":"2026-01-06T08:08:49+00:00","og_image":[{"width":1000,"height":1000,"url":"https:\/\/static.purejewels.com\/wp-content\/uploads\/2020\/03\/152155130.jpg","type":"image\/jpeg"}],"twitter_card":"summary_large_image","twitter_misc":{"Gesch\u00e4tzte Lesezeit":"1\u00a0Minute"},"schema":{"@context":"https:\/\/schema.org","@graph":[{"@type":["WebPage","ItemPage"],"@id":"https:\/\/www.purejewels.com\/product\/22-carat-gold-pendant-with-rhodium-finish-2\/","url":"https:\/\/www.purejewels.com\/product\/22-carat-gold-pendant-with-rhodium-finish-2\/","name":"22 Karat Goldanh\u00e4nger mit Rhodiumbeschichtung | Elegantes Filigran-Design","isPartOf":{"@id":"https:\/\/www.purejewels.com\/#website"},"primaryImageOfPage":{"@id":"https:\/\/www.purejewels.com\/product\/22-carat-gold-pendant-with-rhodium-finish-2\/#primaryimage"},"image":{"@id":"https:\/\/www.purejewels.com\/product\/22-carat-gold-pendant-with-rhodium-finish-2\/#primaryimage"},"thumbnailUrl":"https:\/\/static.purejewels.com\/wp-content\/uploads\/2020\/03\/152155130.jpg","datePublished":"2019-11-28T10:04:36+00:00","dateModified":"2026-01-06T08:08:49+00:00","description":"Entdecken Sie zeitlose Eleganz mit diesem runden Anh\u00e4nger aus 22 Karat Gold mit aufwendiger Blumenfiligranarbeit und schimmernder Rhodiumbeschichtung. Perfekt als Geschenk oder f\u00fcr besondere Anl\u00e4sse.","breadcrumb":{"@id":"https:\/\/www.purejewels.com\/product\/22-carat-gold-pendant-with-rhodium-finish-2\/#breadcrumb"},"inLanguage":"de","potentialAction":[{"@type":"ReadAction","target":["https:\/\/www.purejewels.com\/product\/22-carat-gold-pendant-with-rhodium-finish-2\/"]}]},{"@type":"ImageObject","inLanguage":"de","@id":"https:\/\/www.purejewels.com\/product\/22-carat-gold-pendant-with-rhodium-finish-2\/#primaryimage","url":"https:\/\/static.purejewels.com\/wp-content\/uploads\/2020\/03\/152155130.jpg","contentUrl":"https:\/\/static.purejewels.com\/wp-content\/uploads\/2020\/03\/152155130.jpg","width":1000,"height":1000,"caption":"22 carat Gold pendant with Rhodium finishMatching Earring set is available on particular themeWt. 2.7 gDiameter. 21mmSKU. 30960Chain not includedAll prices include VATAll our Products are Hallmarked by London Assay OfficeAll Sets Comes With Presentation BoxFree Delivery Across UKContact us\/chat with us to explore 22 carat Gold jewellery online"},{"@type":"BreadcrumbList","@id":"https:\/\/www.purejewels.com\/product\/22-carat-gold-pendant-with-rhodium-finish-2\/#breadcrumb","itemListElement":[{"@type":"ListItem","position":1,"name":"Home","item":"https:\/\/www.purejewels.com\/"},{"@type":"ListItem","position":2,"name":"Shop","item":"https:\/\/www.purejewels.com\/shop\/"},{"@type":"ListItem","position":3,"name":"22ct Gold Round Pendant | Rhodium Detailing"}]},{"@type":"WebSite","@id":"https:\/\/www.purejewels.com\/#website","url":"https:\/\/www.purejewels.com\/","name":"PureJewels UK","description":"Teile die Liebe","publisher":{"@id":"https:\/\/www.purejewels.com\/#organization"},"potentialAction":[{"@type":"SearchAction","target":{"@type":"EntryPoint","urlTemplate":"https:\/\/www.purejewels.com\/?s={search_term_string}"},"query-input":{"@type":"PropertyValueSpecification","valueRequired":true,"valueName":"search_term_string"}}],"inLanguage":"de"},{"@type":"Organization","@id":"https:\/\/www.purejewels.com\/#organization","name":"PureJewels UK","url":"https:\/\/www.purejewels.com\/","logo":{"@type":"ImageObject","inLanguage":"de","@id":"https:\/\/www.purejewels.com\/#\/schema\/logo\/image\/","url":"https:\/\/static.purejewels.com\/wp-content\/uploads\/2020\/11\/Logo-PJ-New-1.png","contentUrl":"https:\/\/static.purejewels.com\/wp-content\/uploads\/2020\/11\/Logo-PJ-New-1.png","width":150,"height":80,"caption":"PureJewels UK"},"image":{"@id":"https:\/\/www.purejewels.com\/#\/schema\/logo\/image\/"}}]}},"_links":{"self":[{"href":"https:\/\/www.purejewels.com\/de\/wp-json\/wp\/v2\/product\/311921","targetHints":{"allow":["GET"]}}],"collection":[{"href":"https:\/\/www.purejewels.com\/de\/wp-json\/wp\/v2\/product"}],"about":[{"href":"https:\/\/www.purejewels.com\/de\/wp-json\/wp\/v2\/types\/product"}],"replies":[{"embeddable":true,"href":"https:\/\/www.purejewels.com\/de\/wp-json\/wp\/v2\/comments?post=311921"}],"version-history":[{"count":2,"href":"https:\/\/www.purejewels.com\/de\/wp-json\/wp\/v2\/product\/311921\/revisions"}],"predecessor-version":[{"id":423311,"href":"https:\/\/www.purejewels.com\/de\/wp-json\/wp\/v2\/product\/311921\/revisions\/423311"}],"wp:featuredmedia":[{"embeddable":true,"href":"https:\/\/www.purejewels.com\/de\/wp-json\/wp\/v2\/media\/313086"}],"wp:attachment":[{"href":"https:\/\/www.purejewels.com\/de\/wp-json\/wp\/v2\/media?parent=311921"}],"wp:term":[{"taxonomy":"product_brand","embeddable":true,"href":"https:\/\/www.purejewels.com\/de\/wp-json\/wp\/v2\/product_brand?post=311921"},{"taxonomy":"product_cat","embeddable":true,"href":"https:\/\/www.purejewels.com\/de\/wp-json\/wp\/v2\/product_cat?post=311921"},{"taxonomy":"product_tag","embeddable":true,"href":"https:\/\/www.purejewels.com\/de\/wp-json\/wp\/v2\/product_tag?post=311921"}],"curies":[{"name":"wp","href":"https:\/\/api.w.org\/{rel}","templated":true}]}}