{"id":311938,"date":"2019-12-12T06:30:37","date_gmt":"2019-12-12T06:30:37","guid":{"rendered":"https:\/\/www.purejewels.com\/?post_type=product&#038;p=311938"},"modified":"2026-01-06T09:51:06","modified_gmt":"2026-01-06T09:51:06","slug":"22ct-gold-baby-armband-31972","status":"publish","type":"product","link":"https:\/\/www.purejewels.com\/de\/product\/22ct-gold-baby-bracelet-31972\/","title":{"rendered":"22 Karat Gold Babyarmband mit runden Perlen"},"content":{"rendered":"<p><strong>Gestaltung<\/strong><\/p>\n<p>Dieses Baby <a href=\"https:\/\/www.purejewels.com\/de\/product-category\/22ct-gold-jewellery\/gold-bracelet\/\">Armband<\/a> ist sorgf\u00e4ltig gestaltet und besteht aus einer durchgehenden Reihe polierter runder Perlen, die jeweils ein zartes, strukturiertes Wirbelmuster aufweisen. Seine einheitliche Schlichtheit verleiht ihm ein edles Aussehen und macht ihn gleichzeitig weich und sanft zur empfindlichen Babyhaut.<\/p>\n<p><strong>Handwerkliches K\u00f6nnen<\/strong><\/p>\n<p>Hergestellt aus reinem <a href=\"https:\/\/www.purejewels.com\/de\/product\/22ct-gold-jali-filigree-ring-jali-collection-31926\/\">22ct<\/a> Das Armband aus Gold zeugt von exzellenter Handwerkskunst mit glatten Verbindungsgliedern und sicherem Verschluss. Die leichte Struktur ist ideal f\u00fcr Babys, da sie beim Tragen bequem ist, ohne dabei an Eleganz einzub\u00fc\u00dfen.<\/p>\n<p><strong>Stil<\/strong><\/p>\n<p>Dieses Armband ist ein zeitloses Schmuckst\u00fcck, das sich f\u00fcr Neugeborene und Kleinkinder eignet und sich durch zur\u00fcckhaltende Eleganz auszeichnet. Ob als Accessoire f\u00fcr den Alltag oder als Geschenk f\u00fcr Namensgebungszeremonien oder Geburtstage \u2013 es verleiht Charme und hat einen kulturellen und emotionalen Wert.<\/p>","protected":false},"excerpt":{"rendered":"<p>Elegantes Babyarmband aus 22 Karat Gold mit polierten, runden Perlen mit Struktur. Angenehm zu tragen f\u00fcr Neugeborene und perfekt f\u00fcr den Alltag oder als Geschenk.<\/p>\n<p>22ct Gold Armband f\u00fcr neugeborenes Baby.<br \/>\nGeeignet f\u00fcr Kinder, Kinder, Kind, Kleinkind, Neugeborene.<br \/>\n22 Karat Goldschmuck mit Punzierung f\u00fcr Kinder.<br \/>\nUngef\u00e4hre L\u00e4nge: 5,5 Zoll oder 14 cm.<br \/>\nGewicht: 2,4 Gramm<br \/>\nSku 31972<br \/>\nAlle Preise inklusive Mehrwertsteuer<br \/>\n22ct Gold gestempelt von London Assay Office<br \/>\nMit Pr\u00e4sentationsbox<br \/>\nLieferung inbegriffen<br \/>\nLive-Chat mit uns f\u00fcr die Verf\u00fcgbarkeit und mehr Bilder von \u00e4hnlichen Designs derzeit auf Lager<\/p>","protected":false},"featured_media":312117,"comment_status":"closed","ping_status":"closed","template":"","meta":{"_eb_attr":"","_crsspst_to_jayantr4sg-hostcom":false},"product_brand":[],"product_cat":[1576,1324,1436],"product_tag":[],"class_list":{"0":"post-311938","1":"product","2":"type-product","3":"status-publish","4":"has-post-thumbnail","6":"product_cat-childrens-jewellery","7":"product_cat-gold-bracelet","8":"product_cat-kids-bracelet-kada","10":"first","11":"outofstock","12":"taxable","13":"shipping-taxable","14":"product-type-simple","15":"add-to-wishlist-before_image"},"yoast_head":"<!-- This site is optimized with the Yoast SEO plugin v27.3 - https:\/\/yoast.com\/product\/yoast-seo-wordpress\/ -->\n<title>22ct Gold Baby Bracelet with Beads \u2013 Elegant &amp; Lightweight<\/title>\n<meta name=\"description\" content=\"Minimalist 22ct gold bracelet for babies featuring round textured beads. Lightweight, elegant, and safe for newborns and toddlers.\" \/>\n<meta name=\"robots\" content=\"index, follow, max-snippet:-1, max-image-preview:large, max-video-preview:-1\" \/>\n<link rel=\"canonical\" href=\"https:\/\/www.purejewels.com\/de\/produkt-2\/22ct-gold-baby-armband-31972\/\" \/>\n<meta property=\"og:locale\" content=\"de_DE\" \/>\n<meta property=\"og:type\" content=\"article\" \/>\n<meta property=\"og:title\" content=\"22ct Gold Baby Bracelet with Beads \u2013 Elegant &amp; Lightweight\" \/>\n<meta property=\"og:description\" content=\"Minimalist 22ct gold bracelet for babies featuring round textured beads. Lightweight, elegant, and safe for newborns and toddlers.\" \/>\n<meta property=\"og:url\" content=\"https:\/\/www.purejewels.com\/de\/produkt-2\/22ct-gold-baby-armband-31972\/\" \/>\n<meta property=\"og:site_name\" content=\"PureJewels UK\" \/>\n<meta property=\"article:modified_time\" content=\"2026-01-06T09:51:06+00:00\" \/>\n<meta property=\"og:image\" content=\"https:\/\/static.purejewels.com\/wp-content\/uploads\/2019\/11\/31972.jpg\" \/>\n\t<meta property=\"og:image:width\" content=\"1000\" \/>\n\t<meta property=\"og:image:height\" content=\"1000\" \/>\n\t<meta property=\"og:image:type\" content=\"image\/jpeg\" \/>\n<meta name=\"twitter:card\" content=\"summary_large_image\" \/>\n<meta name=\"twitter:label1\" content=\"Gesch\u00e4tzte Lesezeit\" \/>\n\t<meta name=\"twitter:data1\" content=\"1\u00a0Minute\" \/>\n<script type=\"application\/ld+json\" class=\"yoast-schema-graph\">{\"@context\":\"https:\\\/\\\/schema.org\",\"@graph\":[{\"@type\":[\"WebPage\",\"ItemPage\"],\"@id\":\"https:\\\/\\\/www.purejewels.com\\\/product\\\/22ct-gold-baby-bracelet-31972\\\/\",\"url\":\"https:\\\/\\\/www.purejewels.com\\\/product\\\/22ct-gold-baby-bracelet-31972\\\/\",\"name\":\"22ct Gold Baby Bracelet with Beads \u2013 Elegant & Lightweight\",\"isPartOf\":{\"@id\":\"https:\\\/\\\/www.purejewels.com\\\/#website\"},\"primaryImageOfPage\":{\"@id\":\"https:\\\/\\\/www.purejewels.com\\\/product\\\/22ct-gold-baby-bracelet-31972\\\/#primaryimage\"},\"image\":{\"@id\":\"https:\\\/\\\/www.purejewels.com\\\/product\\\/22ct-gold-baby-bracelet-31972\\\/#primaryimage\"},\"thumbnailUrl\":\"https:\\\/\\\/static.purejewels.com\\\/wp-content\\\/uploads\\\/2019\\\/11\\\/31972.jpg\",\"datePublished\":\"2019-12-12T06:30:37+00:00\",\"dateModified\":\"2026-01-06T09:51:06+00:00\",\"description\":\"Minimalist 22ct gold bracelet for babies featuring round textured beads. Lightweight, elegant, and safe for newborns and toddlers.\",\"breadcrumb\":{\"@id\":\"https:\\\/\\\/www.purejewels.com\\\/product\\\/22ct-gold-baby-bracelet-31972\\\/#breadcrumb\"},\"inLanguage\":\"de\",\"potentialAction\":[{\"@type\":\"ReadAction\",\"target\":[\"https:\\\/\\\/www.purejewels.com\\\/product\\\/22ct-gold-baby-bracelet-31972\\\/\"]}]},{\"@type\":\"ImageObject\",\"inLanguage\":\"de\",\"@id\":\"https:\\\/\\\/www.purejewels.com\\\/product\\\/22ct-gold-baby-bracelet-31972\\\/#primaryimage\",\"url\":\"https:\\\/\\\/static.purejewels.com\\\/wp-content\\\/uploads\\\/2019\\\/11\\\/31972.jpg\",\"contentUrl\":\"https:\\\/\\\/static.purejewels.com\\\/wp-content\\\/uploads\\\/2019\\\/11\\\/31972.jpg\",\"width\":1000,\"height\":1000,\"caption\":\"31972\"},{\"@type\":\"BreadcrumbList\",\"@id\":\"https:\\\/\\\/www.purejewels.com\\\/product\\\/22ct-gold-baby-bracelet-31972\\\/#breadcrumb\",\"itemListElement\":[{\"@type\":\"ListItem\",\"position\":1,\"name\":\"Home\",\"item\":\"https:\\\/\\\/www.purejewels.com\\\/\"},{\"@type\":\"ListItem\",\"position\":2,\"name\":\"Shop\",\"item\":\"https:\\\/\\\/www.purejewels.com\\\/shop\\\/\"},{\"@type\":\"ListItem\",\"position\":3,\"name\":\"22ct Gold Baby Bracelet with Round Beads\"}]},{\"@type\":\"WebSite\",\"@id\":\"https:\\\/\\\/www.purejewels.com\\\/#website\",\"url\":\"https:\\\/\\\/www.purejewels.com\\\/\",\"name\":\"PureJewels UK\",\"description\":\"Share the Love\",\"publisher\":{\"@id\":\"https:\\\/\\\/www.purejewels.com\\\/#organization\"},\"potentialAction\":[{\"@type\":\"SearchAction\",\"target\":{\"@type\":\"EntryPoint\",\"urlTemplate\":\"https:\\\/\\\/www.purejewels.com\\\/?s={search_term_string}\"},\"query-input\":{\"@type\":\"PropertyValueSpecification\",\"valueRequired\":true,\"valueName\":\"search_term_string\"}}],\"inLanguage\":\"de\"},{\"@type\":\"Organization\",\"@id\":\"https:\\\/\\\/www.purejewels.com\\\/#organization\",\"name\":\"PureJewels UK\",\"url\":\"https:\\\/\\\/www.purejewels.com\\\/\",\"logo\":{\"@type\":\"ImageObject\",\"inLanguage\":\"de\",\"@id\":\"https:\\\/\\\/www.purejewels.com\\\/#\\\/schema\\\/logo\\\/image\\\/\",\"url\":\"https:\\\/\\\/static.purejewels.com\\\/wp-content\\\/uploads\\\/2020\\\/11\\\/Logo-PJ-New-1.png\",\"contentUrl\":\"https:\\\/\\\/static.purejewels.com\\\/wp-content\\\/uploads\\\/2020\\\/11\\\/Logo-PJ-New-1.png\",\"width\":150,\"height\":80,\"caption\":\"PureJewels UK\"},\"image\":{\"@id\":\"https:\\\/\\\/www.purejewels.com\\\/#\\\/schema\\\/logo\\\/image\\\/\"}}]}<\/script>\n<!-- \/ Yoast SEO plugin. -->","yoast_head_json":{"title":"22 Karat Gold Babyarmband mit Perlen \u2013 Elegant &amp; Leicht","description":"Minimalistisches Armband aus 22 Karat Gold f\u00fcr Babys mit runden, strukturierten Perlen. Leicht, elegant und sicher f\u00fcr Neugeborene und Kleinkinder.","robots":{"index":"index","follow":"follow","max-snippet":"max-snippet:-1","max-image-preview":"max-image-preview:large","max-video-preview":"max-video-preview:-1"},"canonical":"https:\/\/www.purejewels.com\/de\/produkt-2\/22ct-gold-baby-armband-31972\/","og_locale":"de_DE","og_type":"article","og_title":"22ct Gold Baby Bracelet with Beads \u2013 Elegant & Lightweight","og_description":"Minimalist 22ct gold bracelet for babies featuring round textured beads. Lightweight, elegant, and safe for newborns and toddlers.","og_url":"https:\/\/www.purejewels.com\/de\/produkt-2\/22ct-gold-baby-armband-31972\/","og_site_name":"PureJewels UK","article_modified_time":"2026-01-06T09:51:06+00:00","og_image":[{"width":1000,"height":1000,"url":"https:\/\/static.purejewels.com\/wp-content\/uploads\/2019\/11\/31972.jpg","type":"image\/jpeg"}],"twitter_card":"summary_large_image","twitter_misc":{"Gesch\u00e4tzte Lesezeit":"1\u00a0Minute"},"schema":{"@context":"https:\/\/schema.org","@graph":[{"@type":["WebPage","ItemPage"],"@id":"https:\/\/www.purejewels.com\/product\/22ct-gold-baby-bracelet-31972\/","url":"https:\/\/www.purejewels.com\/product\/22ct-gold-baby-bracelet-31972\/","name":"22 Karat Gold Babyarmband mit Perlen \u2013 Elegant &amp; Leicht","isPartOf":{"@id":"https:\/\/www.purejewels.com\/#website"},"primaryImageOfPage":{"@id":"https:\/\/www.purejewels.com\/product\/22ct-gold-baby-bracelet-31972\/#primaryimage"},"image":{"@id":"https:\/\/www.purejewels.com\/product\/22ct-gold-baby-bracelet-31972\/#primaryimage"},"thumbnailUrl":"https:\/\/static.purejewels.com\/wp-content\/uploads\/2019\/11\/31972.jpg","datePublished":"2019-12-12T06:30:37+00:00","dateModified":"2026-01-06T09:51:06+00:00","description":"Minimalistisches Armband aus 22 Karat Gold f\u00fcr Babys mit runden, strukturierten Perlen. Leicht, elegant und sicher f\u00fcr Neugeborene und Kleinkinder.","breadcrumb":{"@id":"https:\/\/www.purejewels.com\/product\/22ct-gold-baby-bracelet-31972\/#breadcrumb"},"inLanguage":"de","potentialAction":[{"@type":"ReadAction","target":["https:\/\/www.purejewels.com\/product\/22ct-gold-baby-bracelet-31972\/"]}]},{"@type":"ImageObject","inLanguage":"de","@id":"https:\/\/www.purejewels.com\/product\/22ct-gold-baby-bracelet-31972\/#primaryimage","url":"https:\/\/static.purejewels.com\/wp-content\/uploads\/2019\/11\/31972.jpg","contentUrl":"https:\/\/static.purejewels.com\/wp-content\/uploads\/2019\/11\/31972.jpg","width":1000,"height":1000,"caption":"31972"},{"@type":"BreadcrumbList","@id":"https:\/\/www.purejewels.com\/product\/22ct-gold-baby-bracelet-31972\/#breadcrumb","itemListElement":[{"@type":"ListItem","position":1,"name":"Home","item":"https:\/\/www.purejewels.com\/"},{"@type":"ListItem","position":2,"name":"Shop","item":"https:\/\/www.purejewels.com\/shop\/"},{"@type":"ListItem","position":3,"name":"22ct Gold Baby Bracelet with Round Beads"}]},{"@type":"WebSite","@id":"https:\/\/www.purejewels.com\/#website","url":"https:\/\/www.purejewels.com\/","name":"PureJewels UK","description":"Teile die Liebe","publisher":{"@id":"https:\/\/www.purejewels.com\/#organization"},"potentialAction":[{"@type":"SearchAction","target":{"@type":"EntryPoint","urlTemplate":"https:\/\/www.purejewels.com\/?s={search_term_string}"},"query-input":{"@type":"PropertyValueSpecification","valueRequired":true,"valueName":"search_term_string"}}],"inLanguage":"de"},{"@type":"Organization","@id":"https:\/\/www.purejewels.com\/#organization","name":"PureJewels UK","url":"https:\/\/www.purejewels.com\/","logo":{"@type":"ImageObject","inLanguage":"de","@id":"https:\/\/www.purejewels.com\/#\/schema\/logo\/image\/","url":"https:\/\/static.purejewels.com\/wp-content\/uploads\/2020\/11\/Logo-PJ-New-1.png","contentUrl":"https:\/\/static.purejewels.com\/wp-content\/uploads\/2020\/11\/Logo-PJ-New-1.png","width":150,"height":80,"caption":"PureJewels UK"},"image":{"@id":"https:\/\/www.purejewels.com\/#\/schema\/logo\/image\/"}}]}},"_links":{"self":[{"href":"https:\/\/www.purejewels.com\/de\/wp-json\/wp\/v2\/product\/311938","targetHints":{"allow":["GET"]}}],"collection":[{"href":"https:\/\/www.purejewels.com\/de\/wp-json\/wp\/v2\/product"}],"about":[{"href":"https:\/\/www.purejewels.com\/de\/wp-json\/wp\/v2\/types\/product"}],"replies":[{"embeddable":true,"href":"https:\/\/www.purejewels.com\/de\/wp-json\/wp\/v2\/comments?post=311938"}],"version-history":[{"count":2,"href":"https:\/\/www.purejewels.com\/de\/wp-json\/wp\/v2\/product\/311938\/revisions"}],"predecessor-version":[{"id":423458,"href":"https:\/\/www.purejewels.com\/de\/wp-json\/wp\/v2\/product\/311938\/revisions\/423458"}],"wp:featuredmedia":[{"embeddable":true,"href":"https:\/\/www.purejewels.com\/de\/wp-json\/wp\/v2\/media\/312117"}],"wp:attachment":[{"href":"https:\/\/www.purejewels.com\/de\/wp-json\/wp\/v2\/media?parent=311938"}],"wp:term":[{"taxonomy":"product_brand","embeddable":true,"href":"https:\/\/www.purejewels.com\/de\/wp-json\/wp\/v2\/product_brand?post=311938"},{"taxonomy":"product_cat","embeddable":true,"href":"https:\/\/www.purejewels.com\/de\/wp-json\/wp\/v2\/product_cat?post=311938"},{"taxonomy":"product_tag","embeddable":true,"href":"https:\/\/www.purejewels.com\/de\/wp-json\/wp\/v2\/product_tag?post=311938"}],"curies":[{"name":"wp","href":"https:\/\/api.w.org\/{rel}","templated":true}]}}