{"id":311946,"date":"2019-12-05T08:24:43","date_gmt":"2019-12-05T08:24:43","guid":{"rendered":"https:\/\/www.purejewels.com\/?post_type=product&#038;p=311946"},"modified":"2026-01-10T16:15:57","modified_gmt":"2026-01-10T16:15:57","slug":"22ct-gold-jali-kada-armreifen-2","status":"publish","type":"product","link":"https:\/\/www.purejewels.com\/de\/product\/22ct-gold-jali-kada-bangles-2\/","title":{"rendered":"22 Karat Gold-Filigran-Armreifen \u2013 Paar mit Perlen-Kuppelmotiv"},"content":{"rendered":"<p><strong>Gestaltung<\/strong><\/p>\n<p>Diese Armreifen aus 22 Karat Gold zeichnen sich durch ein faszinierendes Design aus, das in der traditionellen \u00c4sthetik verwurzelt ist. In der Mitte jedes Armreifs befindet sich ein wundersch\u00f6n gew\u00f6lbtes kreisf\u00f6rmiges Motiv, das von symmetrischen, wellenf\u00f6rmigen Filigranmustern und aufwendigen Perlenverzierungen an den R\u00e4ndern umgeben ist. Das Design verbindet klassische Eleganz mit visueller Tiefe.<\/p>\n<p><strong>Handwerkliches K\u00f6nnen<\/strong><\/p>\n<p>Jeder Armreif wird in fachm\u00e4nnischer Handarbeit unter Verwendung alter Filigrantechniken hergestellt und zeichnet sich durch feine Golddrahtarbeiten, zarte Strukturen und perfekt platzierte Goldk\u00f6rnchen aus. Das Design ohne Schrauben bewahrt die Authentizit\u00e4t und gew\u00e4hrleistet gleichzeitig Komfort und Langlebigkeit. Jedes Element ist pr\u00e4zise verarbeitet und zeugt vom Engagement von PureJewels f\u00fcr handwerkliche Exzellenz.<\/p>\n<p><strong>Stil<\/strong><\/p>\n<p>Diese Armb\u00e4nder sind reich an kulturellem Charme und eignen sich ideal f\u00fcr traditionelle und festliche Anl\u00e4sse. Ihr auff\u00e4lliges Kuppelmotiv und die filigrane Verarbeitung machen sie zu einem vielseitigen Accessoire, das perfekt zu Saris, Lehengas oder formeller ethnischer Kleidung passt. Als zeitlose Erg\u00e4nzung jeder Schmuckkollektion strahlen sie sowohl Tradition als auch Raffinesse aus.<\/p>","protected":false},"excerpt":{"rendered":"<p>Wundersch\u00f6n detaillierte Armreifen aus 22 Karat Gold mit aufwendigen Filigran- und Perlenkuppelmotiven, perfekt f\u00fcr zeitlosen traditionellen Charme.<\/p>\n<ul>\n<li>Paar 22ct Gold Jali Filigree Kada<\/li>\n<li>Kada 1 SKU : 31921 Gewicht :18.4 gms<\/li>\n<li>Kada 2 SKU : 31920 Gewicht :18.4 gms<\/li>\n<li>Gesamtgewicht : 36,8 g<\/li>\n<li>Gr\u00f6\u00dfe: 2,4 Zoll Innendurchmesser. Bitte fragen Sie nach weiteren Gr\u00f6\u00dfen<\/li>\n<li>22ct Gold gestempelt von London Assay Office<\/li>\n<li>Mit Pr\u00e4sentationsbox<\/li>\n<li>Lieferung inbegriffen<\/li>\n<li>Alle Preise inklusive Mehrwertsteuer<\/li>\n<li>Live-Chat mit uns f\u00fcr die Verf\u00fcgbarkeit und mehr Bilder von \u00e4hnlichen Designs derzeit auf Lager<\/li>\n<li><\/li>\n<\/ul>","protected":false},"featured_media":312036,"comment_status":"closed","ping_status":"closed","template":"","meta":{"_eb_attr":"","_crsspst_to_jayantr4sg-hostcom":true},"product_brand":[],"product_cat":[1659,252,1574],"product_tag":[],"class_list":{"0":"post-311946","1":"product","2":"type-product","3":"status-publish","4":"has-post-thumbnail","6":"product_cat-bridal-and-party-wear-gold-kada-bangle","7":"product_cat-jali-collections","8":"product_cat-womens-jewellery","10":"first","11":"outofstock","12":"taxable","13":"shipping-taxable","14":"product-type-simple","15":"add-to-wishlist-before_image"},"yoast_head":"<!-- This site is optimized with the Yoast SEO plugin v27.3 - https:\/\/yoast.com\/product\/yoast-seo-wordpress\/ -->\n<title>22ct Gold Filigree Bangles with Beaded Motif | PureJewels UK<\/title>\n<meta name=\"description\" content=\"Discover these handcrafted 22ct gold filigree bangles with beaded dome motifs from PureJewels UK. Traditional elegance for every occasion.\" \/>\n<meta name=\"robots\" content=\"index, follow, max-snippet:-1, max-image-preview:large, max-video-preview:-1\" \/>\n<link rel=\"canonical\" href=\"https:\/\/www.purejewels.com\/de\/produkt-2\/22ct-gold-jali-kada-armreifen-2\/\" \/>\n<meta property=\"og:locale\" content=\"de_DE\" \/>\n<meta property=\"og:type\" content=\"article\" \/>\n<meta property=\"og:title\" content=\"22ct Gold Filigree Bangles with Beaded Motif | PureJewels UK\" \/>\n<meta property=\"og:description\" content=\"Discover these handcrafted 22ct gold filigree bangles with beaded dome motifs from PureJewels UK. Traditional elegance for every occasion.\" \/>\n<meta property=\"og:url\" content=\"https:\/\/www.purejewels.com\/de\/produkt-2\/22ct-gold-jali-kada-armreifen-2\/\" \/>\n<meta property=\"og:site_name\" content=\"PureJewels UK\" \/>\n<meta property=\"article:modified_time\" content=\"2026-01-10T16:15:57+00:00\" \/>\n<meta property=\"og:image\" content=\"https:\/\/static.purejewels.com\/wp-content\/uploads\/2019\/11\/31920.jpg\" \/>\n\t<meta property=\"og:image:width\" content=\"1000\" \/>\n\t<meta property=\"og:image:height\" content=\"1000\" \/>\n\t<meta property=\"og:image:type\" content=\"image\/jpeg\" \/>\n<meta name=\"twitter:card\" content=\"summary_large_image\" \/>\n<meta name=\"twitter:label1\" content=\"Gesch\u00e4tzte Lesezeit\" \/>\n\t<meta name=\"twitter:data1\" content=\"1\u00a0Minute\" \/>\n<script type=\"application\/ld+json\" class=\"yoast-schema-graph\">{\"@context\":\"https:\\\/\\\/schema.org\",\"@graph\":[{\"@type\":[\"WebPage\",\"ItemPage\"],\"@id\":\"https:\\\/\\\/www.purejewels.com\\\/product\\\/22ct-gold-jali-kada-bangles-2\\\/\",\"url\":\"https:\\\/\\\/www.purejewels.com\\\/product\\\/22ct-gold-jali-kada-bangles-2\\\/\",\"name\":\"22ct Gold Filigree Bangles with Beaded Motif | PureJewels UK\",\"isPartOf\":{\"@id\":\"https:\\\/\\\/www.purejewels.com\\\/#website\"},\"primaryImageOfPage\":{\"@id\":\"https:\\\/\\\/www.purejewels.com\\\/product\\\/22ct-gold-jali-kada-bangles-2\\\/#primaryimage\"},\"image\":{\"@id\":\"https:\\\/\\\/www.purejewels.com\\\/product\\\/22ct-gold-jali-kada-bangles-2\\\/#primaryimage\"},\"thumbnailUrl\":\"https:\\\/\\\/static.purejewels.com\\\/wp-content\\\/uploads\\\/2019\\\/11\\\/31920.jpg\",\"datePublished\":\"2019-12-05T08:24:43+00:00\",\"dateModified\":\"2026-01-10T16:15:57+00:00\",\"description\":\"Discover these handcrafted 22ct gold filigree bangles with beaded dome motifs from PureJewels UK. Traditional elegance for every occasion.\",\"breadcrumb\":{\"@id\":\"https:\\\/\\\/www.purejewels.com\\\/product\\\/22ct-gold-jali-kada-bangles-2\\\/#breadcrumb\"},\"inLanguage\":\"de\",\"potentialAction\":[{\"@type\":\"ReadAction\",\"target\":[\"https:\\\/\\\/www.purejewels.com\\\/product\\\/22ct-gold-jali-kada-bangles-2\\\/\"]}]},{\"@type\":\"ImageObject\",\"inLanguage\":\"de\",\"@id\":\"https:\\\/\\\/www.purejewels.com\\\/product\\\/22ct-gold-jali-kada-bangles-2\\\/#primaryimage\",\"url\":\"https:\\\/\\\/static.purejewels.com\\\/wp-content\\\/uploads\\\/2019\\\/11\\\/31920.jpg\",\"contentUrl\":\"https:\\\/\\\/static.purejewels.com\\\/wp-content\\\/uploads\\\/2019\\\/11\\\/31920.jpg\",\"width\":1000,\"height\":1000,\"caption\":\"31920\"},{\"@type\":\"BreadcrumbList\",\"@id\":\"https:\\\/\\\/www.purejewels.com\\\/product\\\/22ct-gold-jali-kada-bangles-2\\\/#breadcrumb\",\"itemListElement\":[{\"@type\":\"ListItem\",\"position\":1,\"name\":\"Home\",\"item\":\"https:\\\/\\\/www.purejewels.com\\\/\"},{\"@type\":\"ListItem\",\"position\":2,\"name\":\"Shop\",\"item\":\"https:\\\/\\\/www.purejewels.com\\\/shop\\\/\"},{\"@type\":\"ListItem\",\"position\":3,\"name\":\"22ct Gold Filigree Bangles \u2013 Beaded Dome Motif Pair\"}]},{\"@type\":\"WebSite\",\"@id\":\"https:\\\/\\\/www.purejewels.com\\\/#website\",\"url\":\"https:\\\/\\\/www.purejewels.com\\\/\",\"name\":\"PureJewels UK\",\"description\":\"Share the Love\",\"publisher\":{\"@id\":\"https:\\\/\\\/www.purejewels.com\\\/#organization\"},\"potentialAction\":[{\"@type\":\"SearchAction\",\"target\":{\"@type\":\"EntryPoint\",\"urlTemplate\":\"https:\\\/\\\/www.purejewels.com\\\/?s={search_term_string}\"},\"query-input\":{\"@type\":\"PropertyValueSpecification\",\"valueRequired\":true,\"valueName\":\"search_term_string\"}}],\"inLanguage\":\"de\"},{\"@type\":\"Organization\",\"@id\":\"https:\\\/\\\/www.purejewels.com\\\/#organization\",\"name\":\"PureJewels UK\",\"url\":\"https:\\\/\\\/www.purejewels.com\\\/\",\"logo\":{\"@type\":\"ImageObject\",\"inLanguage\":\"de\",\"@id\":\"https:\\\/\\\/www.purejewels.com\\\/#\\\/schema\\\/logo\\\/image\\\/\",\"url\":\"https:\\\/\\\/static.purejewels.com\\\/wp-content\\\/uploads\\\/2020\\\/11\\\/Logo-PJ-New-1.png\",\"contentUrl\":\"https:\\\/\\\/static.purejewels.com\\\/wp-content\\\/uploads\\\/2020\\\/11\\\/Logo-PJ-New-1.png\",\"width\":150,\"height\":80,\"caption\":\"PureJewels UK\"},\"image\":{\"@id\":\"https:\\\/\\\/www.purejewels.com\\\/#\\\/schema\\\/logo\\\/image\\\/\"}}]}<\/script>\n<!-- \/ Yoast SEO plugin. -->","yoast_head_json":{"title":"22 Karat Gold-Filigranarmreifen mit Perlenmotiv | PureJewels UK","description":"Entdecken Sie diese handgefertigten Armreifen aus 22 Karat Goldfiligran mit Perlenkuppelmotiven von PureJewels UK. Traditionelle Eleganz f\u00fcr jeden Anlass.","robots":{"index":"index","follow":"follow","max-snippet":"max-snippet:-1","max-image-preview":"max-image-preview:large","max-video-preview":"max-video-preview:-1"},"canonical":"https:\/\/www.purejewels.com\/de\/produkt-2\/22ct-gold-jali-kada-armreifen-2\/","og_locale":"de_DE","og_type":"article","og_title":"22ct Gold Filigree Bangles with Beaded Motif | PureJewels UK","og_description":"Discover these handcrafted 22ct gold filigree bangles with beaded dome motifs from PureJewels UK. Traditional elegance for every occasion.","og_url":"https:\/\/www.purejewels.com\/de\/produkt-2\/22ct-gold-jali-kada-armreifen-2\/","og_site_name":"PureJewels UK","article_modified_time":"2026-01-10T16:15:57+00:00","og_image":[{"width":1000,"height":1000,"url":"https:\/\/static.purejewels.com\/wp-content\/uploads\/2019\/11\/31920.jpg","type":"image\/jpeg"}],"twitter_card":"summary_large_image","twitter_misc":{"Gesch\u00e4tzte Lesezeit":"1\u00a0Minute"},"schema":{"@context":"https:\/\/schema.org","@graph":[{"@type":["WebPage","ItemPage"],"@id":"https:\/\/www.purejewels.com\/product\/22ct-gold-jali-kada-bangles-2\/","url":"https:\/\/www.purejewels.com\/product\/22ct-gold-jali-kada-bangles-2\/","name":"22 Karat Gold-Filigranarmreifen mit Perlenmotiv | PureJewels UK","isPartOf":{"@id":"https:\/\/www.purejewels.com\/#website"},"primaryImageOfPage":{"@id":"https:\/\/www.purejewels.com\/product\/22ct-gold-jali-kada-bangles-2\/#primaryimage"},"image":{"@id":"https:\/\/www.purejewels.com\/product\/22ct-gold-jali-kada-bangles-2\/#primaryimage"},"thumbnailUrl":"https:\/\/static.purejewels.com\/wp-content\/uploads\/2019\/11\/31920.jpg","datePublished":"2019-12-05T08:24:43+00:00","dateModified":"2026-01-10T16:15:57+00:00","description":"Entdecken Sie diese handgefertigten Armreifen aus 22 Karat Goldfiligran mit Perlenkuppelmotiven von PureJewels UK. Traditionelle Eleganz f\u00fcr jeden Anlass.","breadcrumb":{"@id":"https:\/\/www.purejewels.com\/product\/22ct-gold-jali-kada-bangles-2\/#breadcrumb"},"inLanguage":"de","potentialAction":[{"@type":"ReadAction","target":["https:\/\/www.purejewels.com\/product\/22ct-gold-jali-kada-bangles-2\/"]}]},{"@type":"ImageObject","inLanguage":"de","@id":"https:\/\/www.purejewels.com\/product\/22ct-gold-jali-kada-bangles-2\/#primaryimage","url":"https:\/\/static.purejewels.com\/wp-content\/uploads\/2019\/11\/31920.jpg","contentUrl":"https:\/\/static.purejewels.com\/wp-content\/uploads\/2019\/11\/31920.jpg","width":1000,"height":1000,"caption":"31920"},{"@type":"BreadcrumbList","@id":"https:\/\/www.purejewels.com\/product\/22ct-gold-jali-kada-bangles-2\/#breadcrumb","itemListElement":[{"@type":"ListItem","position":1,"name":"Home","item":"https:\/\/www.purejewels.com\/"},{"@type":"ListItem","position":2,"name":"Shop","item":"https:\/\/www.purejewels.com\/shop\/"},{"@type":"ListItem","position":3,"name":"22ct Gold Filigree Bangles \u2013 Beaded Dome Motif Pair"}]},{"@type":"WebSite","@id":"https:\/\/www.purejewels.com\/#website","url":"https:\/\/www.purejewels.com\/","name":"PureJewels UK","description":"Teile die Liebe","publisher":{"@id":"https:\/\/www.purejewels.com\/#organization"},"potentialAction":[{"@type":"SearchAction","target":{"@type":"EntryPoint","urlTemplate":"https:\/\/www.purejewels.com\/?s={search_term_string}"},"query-input":{"@type":"PropertyValueSpecification","valueRequired":true,"valueName":"search_term_string"}}],"inLanguage":"de"},{"@type":"Organization","@id":"https:\/\/www.purejewels.com\/#organization","name":"PureJewels UK","url":"https:\/\/www.purejewels.com\/","logo":{"@type":"ImageObject","inLanguage":"de","@id":"https:\/\/www.purejewels.com\/#\/schema\/logo\/image\/","url":"https:\/\/static.purejewels.com\/wp-content\/uploads\/2020\/11\/Logo-PJ-New-1.png","contentUrl":"https:\/\/static.purejewels.com\/wp-content\/uploads\/2020\/11\/Logo-PJ-New-1.png","width":150,"height":80,"caption":"PureJewels UK"},"image":{"@id":"https:\/\/www.purejewels.com\/#\/schema\/logo\/image\/"}}]}},"_links":{"self":[{"href":"https:\/\/www.purejewels.com\/de\/wp-json\/wp\/v2\/product\/311946","targetHints":{"allow":["GET"]}}],"collection":[{"href":"https:\/\/www.purejewels.com\/de\/wp-json\/wp\/v2\/product"}],"about":[{"href":"https:\/\/www.purejewels.com\/de\/wp-json\/wp\/v2\/types\/product"}],"replies":[{"embeddable":true,"href":"https:\/\/www.purejewels.com\/de\/wp-json\/wp\/v2\/comments?post=311946"}],"version-history":[{"count":3,"href":"https:\/\/www.purejewels.com\/de\/wp-json\/wp\/v2\/product\/311946\/revisions"}],"predecessor-version":[{"id":423887,"href":"https:\/\/www.purejewels.com\/de\/wp-json\/wp\/v2\/product\/311946\/revisions\/423887"}],"wp:featuredmedia":[{"embeddable":true,"href":"https:\/\/www.purejewels.com\/de\/wp-json\/wp\/v2\/media\/312036"}],"wp:attachment":[{"href":"https:\/\/www.purejewels.com\/de\/wp-json\/wp\/v2\/media?parent=311946"}],"wp:term":[{"taxonomy":"product_brand","embeddable":true,"href":"https:\/\/www.purejewels.com\/de\/wp-json\/wp\/v2\/product_brand?post=311946"},{"taxonomy":"product_cat","embeddable":true,"href":"https:\/\/www.purejewels.com\/de\/wp-json\/wp\/v2\/product_cat?post=311946"},{"taxonomy":"product_tag","embeddable":true,"href":"https:\/\/www.purejewels.com\/de\/wp-json\/wp\/v2\/product_tag?post=311946"}],"curies":[{"name":"wp","href":"https:\/\/api.w.org\/{rel}","templated":true}]}}