{"id":312040,"date":"2019-12-05T08:37:58","date_gmt":"2019-12-05T08:37:58","guid":{"rendered":"https:\/\/www.purejewels.com\/?post_type=product&#038;p=312040"},"modified":"2026-01-10T16:15:58","modified_gmt":"2026-01-10T16:15:58","slug":"22ct-gold-jali-filigran-kada","status":"publish","type":"product","link":"https:\/\/www.purejewels.com\/de\/product\/22ct-gold-jali-filigree-kada\/","title":{"rendered":"22 Karat Gold-Filigranarmband \u2013 Traditionelles Design"},"content":{"rendered":"<p><strong>Gestaltung<\/strong><\/p>\n<p>Diese elegante <a href=\"https:\/\/www.purejewels.com\/de\/product\/22ct-gold-jali-filigree-ring-jali-collection-31926\/\">22ct<\/a> Der goldene Armreif besticht durch sein traditionelles Design, das tief in der indischen Kunst verwurzelt ist. Der Armreif ist mit filigranen Mustern und zarten Motiven verziert, die sich anmutig um das Handgelenk schl\u00e4ngeln. Die abgerundeten Enden verleihen ihm Symmetrie und Charme und verbinden dekorativen Reiz mit zeitloser \u00c4sthetik.<\/p>\n<p><strong>Handwerkliches K\u00f6nnen<\/strong><\/p>\n<p>Dieses St\u00fcck wurde von erfahrenen Handwerkern fachm\u00e4nnisch handgefertigt und zeichnet sich durch raffinierte Filigranarbeit aus, die sich in jeder Kurve und Kontur in Pr\u00e4zision widerspiegelt. Die Verwendung von hochreinem 22-kar\u00e4tigem Gold sorgt f\u00fcr ein gl\u00e4nzendes Finish und garantiert lang anhaltenden Glanz. Die Struktur ist so gestaltet, dass sie leicht zu tragen ist, mit sicherem Verschluss und bequemem Sitz, was von durchdachter Handwerkskunst zeugt.<\/p>\n<p><strong>Stil<\/strong><\/p>\n<p>Dieser Armreif ist das perfekte Accessoire f\u00fcr Hochzeiten, festliche Anl\u00e4sse oder einen von Tradition inspirierten Stil und verleiht sowohl modernen als auch traditionellen Outfits einen edlen Touch. Kombinieren Sie ihn mit Saris, Lehengas oder Salwar-Anz\u00fcgen f\u00fcr einen rundum stilvollen Look. Mit seiner zeitlosen Ausstrahlung ist dieser Armreif eine elegante Erg\u00e4nzung f\u00fcr jede anspruchsvolle Schmuckkollektion.<\/p>","protected":false},"excerpt":{"rendered":"<ul>\n<li>Einzelner filigraner Armreif aus 22 Karat Gold Jali<\/li>\n<li>Hergestellt aus 22 Karat Gelbgold<\/li>\n<li>Ein Muss f\u00fcr jede indische Braut<\/li>\n<li>SKU : 31923<\/li>\n<li>Gewicht :14.8 gms<\/li>\n<li>Gr\u00f6\u00dfe: 2,6 Zoll Innendurchmesser. F\u00fcr weitere Gr\u00f6\u00dfen bitte anfragen<\/li>\n<li>22ct Gold gestempelt von London Assay Office<\/li>\n<li>Mit Pr\u00e4sentationsbox<\/li>\n<li>Lieferung inbegriffen<\/li>\n<li>Alle Preise inklusive Mehrwertsteuer<\/li>\n<li>Live-Chat mit uns f\u00fcr die Verf\u00fcgbarkeit und mehr Bilder von \u00e4hnlichen Designs derzeit auf Lager<\/li>\n<li><\/li>\n<\/ul>","protected":false},"featured_media":312041,"comment_status":"closed","ping_status":"closed","template":"","meta":{"_eb_attr":"","_crsspst_to_jayantr4sg-hostcom":true},"product_brand":[],"product_cat":[1659,252,1574],"product_tag":[],"class_list":{"0":"post-312040","1":"product","2":"type-product","3":"status-publish","4":"has-post-thumbnail","6":"product_cat-bridal-and-party-wear-gold-kada-bangle","7":"product_cat-jali-collections","8":"product_cat-womens-jewellery","10":"first","11":"outofstock","12":"taxable","13":"shipping-taxable","14":"product-type-simple","15":"add-to-wishlist-before_image"},"yoast_head":"<!-- This site is optimized with the Yoast SEO plugin v27.3 - https:\/\/yoast.com\/product\/yoast-seo-wordpress\/ -->\n<title>22ct Gold Filigree Bangle | Traditional Indian Design | PureJewels<\/title>\n<meta name=\"robots\" content=\"index, follow, max-snippet:-1, max-image-preview:large, max-video-preview:-1\" \/>\n<link rel=\"canonical\" href=\"https:\/\/www.purejewels.com\/de\/produkt-2\/22ct-gold-jali-filigran-kada\/\" \/>\n<meta property=\"og:locale\" content=\"de_DE\" \/>\n<meta property=\"og:type\" content=\"article\" \/>\n<meta property=\"og:title\" content=\"22ct Gold Filigree Bangle | Traditional Indian Design | PureJewels\" \/>\n<meta property=\"og:description\" content=\"Single 22ct Gold Jali Filigree Bangle  Made in 22ct yellow gold  A must for every Indian Bride  SKU : 31923  Wt :14.8 gms  Size : 2.6 inch inside diameter. Please enquire for additional sizes  22ct Gold\u00a0Hallmarked by London Assay Office  Comes With Presentation Box  Delivery Included  All prices include VAT  Live chat with us for availability and more images of similar designs currently in stock\" \/>\n<meta property=\"og:url\" content=\"https:\/\/www.purejewels.com\/de\/produkt-2\/22ct-gold-jali-filigran-kada\/\" \/>\n<meta property=\"og:site_name\" content=\"PureJewels UK\" \/>\n<meta property=\"article:modified_time\" content=\"2026-01-10T16:15:58+00:00\" \/>\n<meta property=\"og:image\" content=\"https:\/\/static.purejewels.com\/wp-content\/uploads\/2019\/12\/31923.jpg\" \/>\n\t<meta property=\"og:image:width\" content=\"1000\" \/>\n\t<meta property=\"og:image:height\" content=\"1000\" \/>\n\t<meta property=\"og:image:type\" content=\"image\/jpeg\" \/>\n<meta name=\"twitter:card\" content=\"summary_large_image\" \/>\n<meta name=\"twitter:label1\" content=\"Gesch\u00e4tzte Lesezeit\" \/>\n\t<meta name=\"twitter:data1\" content=\"1\u00a0Minute\" \/>\n<script type=\"application\/ld+json\" class=\"yoast-schema-graph\">{\"@context\":\"https:\\\/\\\/schema.org\",\"@graph\":[{\"@type\":[\"WebPage\",\"ItemPage\"],\"@id\":\"https:\\\/\\\/www.purejewels.com\\\/product\\\/22ct-gold-jali-filigree-kada\\\/\",\"url\":\"https:\\\/\\\/www.purejewels.com\\\/product\\\/22ct-gold-jali-filigree-kada\\\/\",\"name\":\"22ct Gold Filigree Bangle | Traditional Indian Design | PureJewels\",\"isPartOf\":{\"@id\":\"https:\\\/\\\/www.purejewels.com\\\/#website\"},\"primaryImageOfPage\":{\"@id\":\"https:\\\/\\\/www.purejewels.com\\\/product\\\/22ct-gold-jali-filigree-kada\\\/#primaryimage\"},\"image\":{\"@id\":\"https:\\\/\\\/www.purejewels.com\\\/product\\\/22ct-gold-jali-filigree-kada\\\/#primaryimage\"},\"thumbnailUrl\":\"https:\\\/\\\/static.purejewels.com\\\/wp-content\\\/uploads\\\/2019\\\/12\\\/31923.jpg\",\"datePublished\":\"2019-12-05T08:37:58+00:00\",\"dateModified\":\"2026-01-10T16:15:58+00:00\",\"breadcrumb\":{\"@id\":\"https:\\\/\\\/www.purejewels.com\\\/product\\\/22ct-gold-jali-filigree-kada\\\/#breadcrumb\"},\"inLanguage\":\"de\",\"potentialAction\":[{\"@type\":\"ReadAction\",\"target\":[\"https:\\\/\\\/www.purejewels.com\\\/product\\\/22ct-gold-jali-filigree-kada\\\/\"]}]},{\"@type\":\"ImageObject\",\"inLanguage\":\"de\",\"@id\":\"https:\\\/\\\/www.purejewels.com\\\/product\\\/22ct-gold-jali-filigree-kada\\\/#primaryimage\",\"url\":\"https:\\\/\\\/static.purejewels.com\\\/wp-content\\\/uploads\\\/2019\\\/12\\\/31923.jpg\",\"contentUrl\":\"https:\\\/\\\/static.purejewels.com\\\/wp-content\\\/uploads\\\/2019\\\/12\\\/31923.jpg\",\"width\":1000,\"height\":1000,\"caption\":\"31923\"},{\"@type\":\"BreadcrumbList\",\"@id\":\"https:\\\/\\\/www.purejewels.com\\\/product\\\/22ct-gold-jali-filigree-kada\\\/#breadcrumb\",\"itemListElement\":[{\"@type\":\"ListItem\",\"position\":1,\"name\":\"Home\",\"item\":\"https:\\\/\\\/www.purejewels.com\\\/\"},{\"@type\":\"ListItem\",\"position\":2,\"name\":\"Shop\",\"item\":\"https:\\\/\\\/www.purejewels.com\\\/shop\\\/\"},{\"@type\":\"ListItem\",\"position\":3,\"name\":\"22ct Gold Filigree Bangle \u2013 Traditional Design\"}]},{\"@type\":\"WebSite\",\"@id\":\"https:\\\/\\\/www.purejewels.com\\\/#website\",\"url\":\"https:\\\/\\\/www.purejewels.com\\\/\",\"name\":\"PureJewels UK\",\"description\":\"Share the Love\",\"publisher\":{\"@id\":\"https:\\\/\\\/www.purejewels.com\\\/#organization\"},\"potentialAction\":[{\"@type\":\"SearchAction\",\"target\":{\"@type\":\"EntryPoint\",\"urlTemplate\":\"https:\\\/\\\/www.purejewels.com\\\/?s={search_term_string}\"},\"query-input\":{\"@type\":\"PropertyValueSpecification\",\"valueRequired\":true,\"valueName\":\"search_term_string\"}}],\"inLanguage\":\"de\"},{\"@type\":\"Organization\",\"@id\":\"https:\\\/\\\/www.purejewels.com\\\/#organization\",\"name\":\"PureJewels UK\",\"url\":\"https:\\\/\\\/www.purejewels.com\\\/\",\"logo\":{\"@type\":\"ImageObject\",\"inLanguage\":\"de\",\"@id\":\"https:\\\/\\\/www.purejewels.com\\\/#\\\/schema\\\/logo\\\/image\\\/\",\"url\":\"https:\\\/\\\/static.purejewels.com\\\/wp-content\\\/uploads\\\/2020\\\/11\\\/Logo-PJ-New-1.png\",\"contentUrl\":\"https:\\\/\\\/static.purejewels.com\\\/wp-content\\\/uploads\\\/2020\\\/11\\\/Logo-PJ-New-1.png\",\"width\":150,\"height\":80,\"caption\":\"PureJewels UK\"},\"image\":{\"@id\":\"https:\\\/\\\/www.purejewels.com\\\/#\\\/schema\\\/logo\\\/image\\\/\"}}]}<\/script>\n<!-- \/ Yoast SEO plugin. -->","yoast_head_json":{"title":"22 Karat Gold-Filigranarmband | Traditionelles indisches Design | PureJewels","robots":{"index":"index","follow":"follow","max-snippet":"max-snippet:-1","max-image-preview":"max-image-preview:large","max-video-preview":"max-video-preview:-1"},"canonical":"https:\/\/www.purejewels.com\/de\/produkt-2\/22ct-gold-jali-filigran-kada\/","og_locale":"de_DE","og_type":"article","og_title":"22ct Gold Filigree Bangle | Traditional Indian Design | PureJewels","og_description":"Single 22ct Gold Jali Filigree Bangle  Made in 22ct yellow gold  A must for every Indian Bride  SKU : 31923  Wt :14.8 gms  Size : 2.6 inch inside diameter. Please enquire for additional sizes  22ct Gold\u00a0Hallmarked by London Assay Office  Comes With Presentation Box  Delivery Included  All prices include VAT  Live chat with us for availability and more images of similar designs currently in stock","og_url":"https:\/\/www.purejewels.com\/de\/produkt-2\/22ct-gold-jali-filigran-kada\/","og_site_name":"PureJewels UK","article_modified_time":"2026-01-10T16:15:58+00:00","og_image":[{"width":1000,"height":1000,"url":"https:\/\/static.purejewels.com\/wp-content\/uploads\/2019\/12\/31923.jpg","type":"image\/jpeg"}],"twitter_card":"summary_large_image","twitter_misc":{"Gesch\u00e4tzte Lesezeit":"1\u00a0Minute"},"schema":{"@context":"https:\/\/schema.org","@graph":[{"@type":["WebPage","ItemPage"],"@id":"https:\/\/www.purejewels.com\/product\/22ct-gold-jali-filigree-kada\/","url":"https:\/\/www.purejewels.com\/product\/22ct-gold-jali-filigree-kada\/","name":"22 Karat Gold-Filigranarmband | Traditionelles indisches Design | PureJewels","isPartOf":{"@id":"https:\/\/www.purejewels.com\/#website"},"primaryImageOfPage":{"@id":"https:\/\/www.purejewels.com\/product\/22ct-gold-jali-filigree-kada\/#primaryimage"},"image":{"@id":"https:\/\/www.purejewels.com\/product\/22ct-gold-jali-filigree-kada\/#primaryimage"},"thumbnailUrl":"https:\/\/static.purejewels.com\/wp-content\/uploads\/2019\/12\/31923.jpg","datePublished":"2019-12-05T08:37:58+00:00","dateModified":"2026-01-10T16:15:58+00:00","breadcrumb":{"@id":"https:\/\/www.purejewels.com\/product\/22ct-gold-jali-filigree-kada\/#breadcrumb"},"inLanguage":"de","potentialAction":[{"@type":"ReadAction","target":["https:\/\/www.purejewels.com\/product\/22ct-gold-jali-filigree-kada\/"]}]},{"@type":"ImageObject","inLanguage":"de","@id":"https:\/\/www.purejewels.com\/product\/22ct-gold-jali-filigree-kada\/#primaryimage","url":"https:\/\/static.purejewels.com\/wp-content\/uploads\/2019\/12\/31923.jpg","contentUrl":"https:\/\/static.purejewels.com\/wp-content\/uploads\/2019\/12\/31923.jpg","width":1000,"height":1000,"caption":"31923"},{"@type":"BreadcrumbList","@id":"https:\/\/www.purejewels.com\/product\/22ct-gold-jali-filigree-kada\/#breadcrumb","itemListElement":[{"@type":"ListItem","position":1,"name":"Home","item":"https:\/\/www.purejewels.com\/"},{"@type":"ListItem","position":2,"name":"Shop","item":"https:\/\/www.purejewels.com\/shop\/"},{"@type":"ListItem","position":3,"name":"22ct Gold Filigree Bangle \u2013 Traditional Design"}]},{"@type":"WebSite","@id":"https:\/\/www.purejewels.com\/#website","url":"https:\/\/www.purejewels.com\/","name":"PureJewels UK","description":"Teile die Liebe","publisher":{"@id":"https:\/\/www.purejewels.com\/#organization"},"potentialAction":[{"@type":"SearchAction","target":{"@type":"EntryPoint","urlTemplate":"https:\/\/www.purejewels.com\/?s={search_term_string}"},"query-input":{"@type":"PropertyValueSpecification","valueRequired":true,"valueName":"search_term_string"}}],"inLanguage":"de"},{"@type":"Organization","@id":"https:\/\/www.purejewels.com\/#organization","name":"PureJewels UK","url":"https:\/\/www.purejewels.com\/","logo":{"@type":"ImageObject","inLanguage":"de","@id":"https:\/\/www.purejewels.com\/#\/schema\/logo\/image\/","url":"https:\/\/static.purejewels.com\/wp-content\/uploads\/2020\/11\/Logo-PJ-New-1.png","contentUrl":"https:\/\/static.purejewels.com\/wp-content\/uploads\/2020\/11\/Logo-PJ-New-1.png","width":150,"height":80,"caption":"PureJewels UK"},"image":{"@id":"https:\/\/www.purejewels.com\/#\/schema\/logo\/image\/"}}]}},"_links":{"self":[{"href":"https:\/\/www.purejewels.com\/de\/wp-json\/wp\/v2\/product\/312040","targetHints":{"allow":["GET"]}}],"collection":[{"href":"https:\/\/www.purejewels.com\/de\/wp-json\/wp\/v2\/product"}],"about":[{"href":"https:\/\/www.purejewels.com\/de\/wp-json\/wp\/v2\/types\/product"}],"replies":[{"embeddable":true,"href":"https:\/\/www.purejewels.com\/de\/wp-json\/wp\/v2\/comments?post=312040"}],"version-history":[{"count":3,"href":"https:\/\/www.purejewels.com\/de\/wp-json\/wp\/v2\/product\/312040\/revisions"}],"predecessor-version":[{"id":423889,"href":"https:\/\/www.purejewels.com\/de\/wp-json\/wp\/v2\/product\/312040\/revisions\/423889"}],"wp:featuredmedia":[{"embeddable":true,"href":"https:\/\/www.purejewels.com\/de\/wp-json\/wp\/v2\/media\/312041"}],"wp:attachment":[{"href":"https:\/\/www.purejewels.com\/de\/wp-json\/wp\/v2\/media?parent=312040"}],"wp:term":[{"taxonomy":"product_brand","embeddable":true,"href":"https:\/\/www.purejewels.com\/de\/wp-json\/wp\/v2\/product_brand?post=312040"},{"taxonomy":"product_cat","embeddable":true,"href":"https:\/\/www.purejewels.com\/de\/wp-json\/wp\/v2\/product_cat?post=312040"},{"taxonomy":"product_tag","embeddable":true,"href":"https:\/\/www.purejewels.com\/de\/wp-json\/wp\/v2\/product_tag?post=312040"}],"curies":[{"name":"wp","href":"https:\/\/api.w.org\/{rel}","templated":true}]}}