{"id":312167,"date":"2020-02-10T07:30:11","date_gmt":"2020-02-10T07:30:11","guid":{"rendered":"https:\/\/www.purejewels.com\/?post_type=product&#038;p=312167"},"modified":"2026-01-06T11:06:35","modified_gmt":"2026-01-06T11:06:35","slug":"weisgold-diamantring-fur-frauen","status":"publish","type":"product","link":"https:\/\/www.purejewels.com\/de\/product\/white-gold-diamond-ring-for-women\/","title":{"rendered":"Wei\u00dfgold-Diamantring mit doppeltem Halo f\u00fcr Damen"},"content":{"rendered":"<p data-start=\"634\" data-end=\"987\"><strong data-start=\"634\" data-end=\"652\">Designkonzept<\/strong><br data-start=\"652\" data-end=\"655\" \/>Der White Gold Double Halo Diamond Ring ist eine Hommage an Brillanz und Ausgewogenheit. Sein Herzst\u00fcck \u2013 ein runder Diamant im Brillantschliff \u2013 wird von zwei strahlenden Halos umgeben, die sein Licht und seine optische Anziehungskraft noch verst\u00e4rken. Das geteilte Schaftdesign verleiht ihm Tiefe und Struktur und macht ihn zu einer herausragenden Wahl f\u00fcr alle, die raffinierten Glamour sch\u00e4tzen.<\/p>\n<p data-start=\"989\" data-end=\"1282\"><strong data-start=\"989\" data-end=\"1006\">Handwerkliches K\u00f6nnen<\/strong><br data-start=\"1006\" data-end=\"1009\" \/>Dieser Ring ist aus gl\u00e4nzendem Wei\u00dfgold handgefertigt und mit sorgf\u00e4ltig gefassten Pav\u00e9-Diamanten sowohl am Halo als auch an den geteilten Schultern verziert. Die aufwendige Verarbeitung sorgt f\u00fcr maximalen Glanz aus jedem Blickwinkel. Mit einem britischen Feingehaltsstempel versehen, steht er f\u00fcr au\u00dfergew\u00f6hnliche Qualit\u00e4t und zeitlosen Charme.<\/p>\n<p data-start=\"1284\" data-end=\"1567\"><strong data-start=\"1284\" data-end=\"1301\">Styling-Ideen<\/strong><br data-start=\"1301\" data-end=\"1304\" \/>Dieser atemberaubende Verlobungsring oder ein Statement-Schmuckst\u00fcck f\u00fcr besondere Anl\u00e4sse passt wunderbar zu einem schlichten Wei\u00dfgoldring oder einem diamantbesetzten Armband. Ob solo getragen oder zusammen mit anderen Wei\u00dfgoldschmuckst\u00fccken, er verleiht jedem Look Glanz und Feminit\u00e4t.<\/p>\n<p data-start=\"1571\" data-end=\"1634\">","protected":false},"excerpt":{"rendered":"<p>Ein faszinierender Diamantring f\u00fcr Frauen, gefertigt aus Wei\u00dfgold und mit einem brillanten Mittelstein, der von einem doppelten Halo aus funkelnden Diamanten umgeben ist. Ein geteiltes Band sorgt f\u00fcr Raffinesse und Glanz und eignet sich perfekt f\u00fcr besondere Anl\u00e4sse oder f\u00fcr elegante Alltagslooks.<\/p>\n<table>\n<tbody>\n<tr>\n<td>Typ des Rings<\/td>\n<td>18ct Wei\u00dfgold Diamantring<\/td>\n<\/tr>\n<tr>\n<td>SKU<\/td>\n<td>40029<\/td>\n<\/tr>\n<tr>\n<td>Ringgr\u00f6\u00dfe<\/td>\n<td>K<\/td>\n<\/tr>\n<tr>\n<td>Metall<\/td>\n<td>Wei\u00dfgold<\/td>\n<\/tr>\n<tr>\n<td>Diamant Wt.<\/td>\n<td>0,56ct<\/td>\n<\/tr>\n<tr>\n<td>Diamant Farbe<\/td>\n<td>F<\/td>\n<\/tr>\n<tr>\n<td>Diamant-Reinheit<\/td>\n<td>VS<\/td>\n<\/tr>\n<tr>\n<td>Entgelte<\/td>\n<td>Lieferung und Mehrwertsteuer inbegriffen<\/td>\n<\/tr>\n<tr>\n<td>Verpackung<\/td>\n<td>Mit Pr\u00e4sentationsbox<\/td>\n<\/tr>\n<tr>\n<td>Mehr Informationen<\/td>\n<td>\n<ul>\n<li>Live-Chat mit uns f\u00fcr Verf\u00fcgbarkeit und mehr Bilder<\/li>\n<li>Klicken Sie hier zur \u00dcberpr\u00fcfung Ihrer\u00a0<strong>Ringgr\u00f6\u00dfe<\/strong><\/li>\n<\/ul>\n<\/td>\n<\/tr>\n<\/tbody>\n<\/table>","protected":false},"featured_media":312553,"comment_status":"closed","ping_status":"closed","template":"","meta":{"_eb_attr":"","_crsspst_to_jayantr4sg-hostcom":true},"product_brand":[],"product_cat":[5679,6085,1791,5457,5460,231,1786,6042,1569,1573,1574],"product_tag":[],"class_list":{"0":"post-312167","1":"product","2":"type-product","3":"status-publish","4":"has-post-thumbnail","6":"product_cat-18ct-gold-jewellery","7":"product_cat-18ct-gold-ring","8":"product_cat-anniversary-gifts","9":"product_cat-diamond-jewellery","10":"product_cat-diamond-ring","11":"product_cat-engagement-rings","12":"product_cat-occasional-wear-rings","13":"product_cat-solitaire-ring","14":"product_cat-valentine-day-gifts","15":"product_cat-wedding-gifts","16":"product_cat-womens-jewellery","18":"first","19":"instock","20":"taxable","21":"shipping-taxable","22":"purchasable","23":"product-type-simple","24":"add-to-wishlist-before_image"},"yoast_head":"<!-- This site is optimized with the Yoast SEO plugin v27.5 - https:\/\/yoast.com\/product\/yoast-seo-wordpress\/ -->\n<title>Buy Elegant White Gold Diamond Ring For Women Online<\/title>\n<meta name=\"description\" content=\"Perfect Engagement, Anniversary Diamond ring For Women. Double Halo With Ring Shoulders Studded With Diamonds Illuminates Center Diamond.\" \/>\n<meta name=\"robots\" content=\"index, follow, max-snippet:-1, max-image-preview:large, max-video-preview:-1\" \/>\n<link rel=\"canonical\" href=\"https:\/\/www.purejewels.com\/de\/produkt-2\/weisgold-diamantring-fur-frauen\/\" \/>\n<meta property=\"og:locale\" content=\"de_DE\" \/>\n<meta property=\"og:type\" content=\"article\" \/>\n<meta property=\"og:title\" content=\"Buy Elegant White Gold Diamond Ring For Women Online\" \/>\n<meta property=\"og:description\" content=\"Perfect Engagement, Anniversary Diamond ring For Women. Double Halo With Ring Shoulders Studded With Diamonds Illuminates Center Diamond.\" \/>\n<meta property=\"og:url\" content=\"https:\/\/www.purejewels.com\/de\/produkt-2\/weisgold-diamantring-fur-frauen\/\" \/>\n<meta property=\"og:site_name\" content=\"PureJewels UK\" \/>\n<meta property=\"article:modified_time\" content=\"2026-01-06T11:06:35+00:00\" \/>\n<meta property=\"og:image\" content=\"https:\/\/static.purejewels.com\/wp-content\/uploads\/2019\/12\/32091.jpg\" \/>\n\t<meta property=\"og:image:width\" content=\"1000\" \/>\n\t<meta property=\"og:image:height\" content=\"1000\" \/>\n\t<meta property=\"og:image:type\" content=\"image\/jpeg\" \/>\n<meta name=\"twitter:card\" content=\"summary_large_image\" \/>\n<meta name=\"twitter:label1\" content=\"Gesch\u00e4tzte Lesezeit\" \/>\n\t<meta name=\"twitter:data1\" content=\"1\u00a0Minute\" \/>\n<script type=\"application\/ld+json\" class=\"yoast-schema-graph\">{\"@context\":\"https:\\\/\\\/schema.org\",\"@graph\":[{\"@type\":[\"WebPage\",\"ItemPage\"],\"@id\":\"https:\\\/\\\/www.purejewels.com\\\/product\\\/white-gold-diamond-ring-for-women\\\/\",\"url\":\"https:\\\/\\\/www.purejewels.com\\\/product\\\/white-gold-diamond-ring-for-women\\\/\",\"name\":\"Buy Elegant White Gold Diamond Ring For Women Online\",\"isPartOf\":{\"@id\":\"https:\\\/\\\/www.purejewels.com\\\/#website\"},\"primaryImageOfPage\":{\"@id\":\"https:\\\/\\\/www.purejewels.com\\\/product\\\/white-gold-diamond-ring-for-women\\\/#primaryimage\"},\"image\":{\"@id\":\"https:\\\/\\\/www.purejewels.com\\\/product\\\/white-gold-diamond-ring-for-women\\\/#primaryimage\"},\"thumbnailUrl\":\"https:\\\/\\\/static.purejewels.com\\\/wp-content\\\/uploads\\\/2019\\\/12\\\/32091.jpg\",\"datePublished\":\"2020-02-10T07:30:11+00:00\",\"dateModified\":\"2026-01-06T11:06:35+00:00\",\"description\":\"Perfect Engagement, Anniversary Diamond ring For Women. Double Halo With Ring Shoulders Studded With Diamonds Illuminates Center Diamond.\",\"breadcrumb\":{\"@id\":\"https:\\\/\\\/www.purejewels.com\\\/product\\\/white-gold-diamond-ring-for-women\\\/#breadcrumb\"},\"inLanguage\":\"de\",\"potentialAction\":[{\"@type\":\"ReadAction\",\"target\":[\"https:\\\/\\\/www.purejewels.com\\\/product\\\/white-gold-diamond-ring-for-women\\\/\"]}]},{\"@type\":\"ImageObject\",\"inLanguage\":\"de\",\"@id\":\"https:\\\/\\\/www.purejewels.com\\\/product\\\/white-gold-diamond-ring-for-women\\\/#primaryimage\",\"url\":\"https:\\\/\\\/static.purejewels.com\\\/wp-content\\\/uploads\\\/2019\\\/12\\\/32091.jpg\",\"contentUrl\":\"https:\\\/\\\/static.purejewels.com\\\/wp-content\\\/uploads\\\/2019\\\/12\\\/32091.jpg\",\"width\":1000,\"height\":1000,\"caption\":\"32091\"},{\"@type\":\"BreadcrumbList\",\"@id\":\"https:\\\/\\\/www.purejewels.com\\\/product\\\/white-gold-diamond-ring-for-women\\\/#breadcrumb\",\"itemListElement\":[{\"@type\":\"ListItem\",\"position\":1,\"name\":\"Home\",\"item\":\"https:\\\/\\\/www.purejewels.com\\\/\"},{\"@type\":\"ListItem\",\"position\":2,\"name\":\"Shop\",\"item\":\"https:\\\/\\\/www.purejewels.com\\\/shop\\\/\"},{\"@type\":\"ListItem\",\"position\":3,\"name\":\"White Gold Double Halo Diamond Ring for Women\"}]},{\"@type\":\"WebSite\",\"@id\":\"https:\\\/\\\/www.purejewels.com\\\/#website\",\"url\":\"https:\\\/\\\/www.purejewels.com\\\/\",\"name\":\"PureJewels UK\",\"description\":\"Share the Love\",\"publisher\":{\"@id\":\"https:\\\/\\\/www.purejewels.com\\\/#organization\"},\"potentialAction\":[{\"@type\":\"SearchAction\",\"target\":{\"@type\":\"EntryPoint\",\"urlTemplate\":\"https:\\\/\\\/www.purejewels.com\\\/?s={search_term_string}\"},\"query-input\":{\"@type\":\"PropertyValueSpecification\",\"valueRequired\":true,\"valueName\":\"search_term_string\"}}],\"inLanguage\":\"de\"},{\"@type\":\"Organization\",\"@id\":\"https:\\\/\\\/www.purejewels.com\\\/#organization\",\"name\":\"PureJewels UK\",\"url\":\"https:\\\/\\\/www.purejewels.com\\\/\",\"logo\":{\"@type\":\"ImageObject\",\"inLanguage\":\"de\",\"@id\":\"https:\\\/\\\/www.purejewels.com\\\/#\\\/schema\\\/logo\\\/image\\\/\",\"url\":\"https:\\\/\\\/static.purejewels.com\\\/wp-content\\\/uploads\\\/2020\\\/11\\\/Logo-PJ-New-1.png\",\"contentUrl\":\"https:\\\/\\\/static.purejewels.com\\\/wp-content\\\/uploads\\\/2020\\\/11\\\/Logo-PJ-New-1.png\",\"width\":150,\"height\":80,\"caption\":\"PureJewels UK\"},\"image\":{\"@id\":\"https:\\\/\\\/www.purejewels.com\\\/#\\\/schema\\\/logo\\\/image\\\/\"}}]}<\/script>\n<!-- \/ Yoast SEO plugin. -->","yoast_head_json":{"title":"Eleganter Diamantring aus Wei\u00dfgold f\u00fcr Frauen online kaufen","description":"Perfekte Verlobung, Jahrestag Diamantring f\u00fcr Frauen. Double Halo mit Ring Schultern mit Diamanten besetzt leuchtet Center Diamond.","robots":{"index":"index","follow":"follow","max-snippet":"max-snippet:-1","max-image-preview":"max-image-preview:large","max-video-preview":"max-video-preview:-1"},"canonical":"https:\/\/www.purejewels.com\/de\/produkt-2\/weisgold-diamantring-fur-frauen\/","og_locale":"de_DE","og_type":"article","og_title":"Buy Elegant White Gold Diamond Ring For Women Online","og_description":"Perfect Engagement, Anniversary Diamond ring For Women. Double Halo With Ring Shoulders Studded With Diamonds Illuminates Center Diamond.","og_url":"https:\/\/www.purejewels.com\/de\/produkt-2\/weisgold-diamantring-fur-frauen\/","og_site_name":"PureJewels UK","article_modified_time":"2026-01-06T11:06:35+00:00","og_image":[{"width":1000,"height":1000,"url":"https:\/\/static.purejewels.com\/wp-content\/uploads\/2019\/12\/32091.jpg","type":"image\/jpeg"}],"twitter_card":"summary_large_image","twitter_misc":{"Gesch\u00e4tzte Lesezeit":"1\u00a0Minute"},"schema":{"@context":"https:\/\/schema.org","@graph":[{"@type":["WebPage","ItemPage"],"@id":"https:\/\/www.purejewels.com\/product\/white-gold-diamond-ring-for-women\/","url":"https:\/\/www.purejewels.com\/product\/white-gold-diamond-ring-for-women\/","name":"Eleganter Diamantring aus Wei\u00dfgold f\u00fcr Frauen online kaufen","isPartOf":{"@id":"https:\/\/www.purejewels.com\/#website"},"primaryImageOfPage":{"@id":"https:\/\/www.purejewels.com\/product\/white-gold-diamond-ring-for-women\/#primaryimage"},"image":{"@id":"https:\/\/www.purejewels.com\/product\/white-gold-diamond-ring-for-women\/#primaryimage"},"thumbnailUrl":"https:\/\/static.purejewels.com\/wp-content\/uploads\/2019\/12\/32091.jpg","datePublished":"2020-02-10T07:30:11+00:00","dateModified":"2026-01-06T11:06:35+00:00","description":"Perfekte Verlobung, Jahrestag Diamantring f\u00fcr Frauen. Double Halo mit Ring Schultern mit Diamanten besetzt leuchtet Center Diamond.","breadcrumb":{"@id":"https:\/\/www.purejewels.com\/product\/white-gold-diamond-ring-for-women\/#breadcrumb"},"inLanguage":"de","potentialAction":[{"@type":"ReadAction","target":["https:\/\/www.purejewels.com\/product\/white-gold-diamond-ring-for-women\/"]}]},{"@type":"ImageObject","inLanguage":"de","@id":"https:\/\/www.purejewels.com\/product\/white-gold-diamond-ring-for-women\/#primaryimage","url":"https:\/\/static.purejewels.com\/wp-content\/uploads\/2019\/12\/32091.jpg","contentUrl":"https:\/\/static.purejewels.com\/wp-content\/uploads\/2019\/12\/32091.jpg","width":1000,"height":1000,"caption":"32091"},{"@type":"BreadcrumbList","@id":"https:\/\/www.purejewels.com\/product\/white-gold-diamond-ring-for-women\/#breadcrumb","itemListElement":[{"@type":"ListItem","position":1,"name":"Home","item":"https:\/\/www.purejewels.com\/"},{"@type":"ListItem","position":2,"name":"Shop","item":"https:\/\/www.purejewels.com\/shop\/"},{"@type":"ListItem","position":3,"name":"White Gold Double Halo Diamond Ring for Women"}]},{"@type":"WebSite","@id":"https:\/\/www.purejewels.com\/#website","url":"https:\/\/www.purejewels.com\/","name":"PureJewels UK","description":"Teile die Liebe","publisher":{"@id":"https:\/\/www.purejewels.com\/#organization"},"potentialAction":[{"@type":"SearchAction","target":{"@type":"EntryPoint","urlTemplate":"https:\/\/www.purejewels.com\/?s={search_term_string}"},"query-input":{"@type":"PropertyValueSpecification","valueRequired":true,"valueName":"search_term_string"}}],"inLanguage":"de"},{"@type":"Organization","@id":"https:\/\/www.purejewels.com\/#organization","name":"PureJewels UK","url":"https:\/\/www.purejewels.com\/","logo":{"@type":"ImageObject","inLanguage":"de","@id":"https:\/\/www.purejewels.com\/#\/schema\/logo\/image\/","url":"https:\/\/static.purejewels.com\/wp-content\/uploads\/2020\/11\/Logo-PJ-New-1.png","contentUrl":"https:\/\/static.purejewels.com\/wp-content\/uploads\/2020\/11\/Logo-PJ-New-1.png","width":150,"height":80,"caption":"PureJewels UK"},"image":{"@id":"https:\/\/www.purejewels.com\/#\/schema\/logo\/image\/"}}]}},"_links":{"self":[{"href":"https:\/\/www.purejewels.com\/de\/wp-json\/wp\/v2\/product\/312167","targetHints":{"allow":["GET"]}}],"collection":[{"href":"https:\/\/www.purejewels.com\/de\/wp-json\/wp\/v2\/product"}],"about":[{"href":"https:\/\/www.purejewels.com\/de\/wp-json\/wp\/v2\/types\/product"}],"replies":[{"embeddable":true,"href":"https:\/\/www.purejewels.com\/de\/wp-json\/wp\/v2\/comments?post=312167"}],"version-history":[{"count":3,"href":"https:\/\/www.purejewels.com\/de\/wp-json\/wp\/v2\/product\/312167\/revisions"}],"predecessor-version":[{"id":422839,"href":"https:\/\/www.purejewels.com\/de\/wp-json\/wp\/v2\/product\/312167\/revisions\/422839"}],"wp:featuredmedia":[{"embeddable":true,"href":"https:\/\/www.purejewels.com\/de\/wp-json\/wp\/v2\/media\/312553"}],"wp:attachment":[{"href":"https:\/\/www.purejewels.com\/de\/wp-json\/wp\/v2\/media?parent=312167"}],"wp:term":[{"taxonomy":"product_brand","embeddable":true,"href":"https:\/\/www.purejewels.com\/de\/wp-json\/wp\/v2\/product_brand?post=312167"},{"taxonomy":"product_cat","embeddable":true,"href":"https:\/\/www.purejewels.com\/de\/wp-json\/wp\/v2\/product_cat?post=312167"},{"taxonomy":"product_tag","embeddable":true,"href":"https:\/\/www.purejewels.com\/de\/wp-json\/wp\/v2\/product_tag?post=312167"}],"curies":[{"name":"wp","href":"https:\/\/api.w.org\/{rel}","templated":true}]}}