{"id":312347,"date":"2020-02-03T09:55:38","date_gmt":"2020-02-03T09:55:38","guid":{"rendered":"https:\/\/www.purejewels.com\/?post_type=product&#038;p=312347"},"modified":"2026-01-19T08:48:06","modified_gmt":"2026-01-19T08:48:06","slug":"22ct-cz-stein-bali-ohrring-3","status":"publish","type":"product","link":"https:\/\/www.purejewels.com\/de\/product\/22ct-cz-stone-bali-earring-3\/","title":{"rendered":"22ct Gold Diamant-Kanal-Ohrringe"},"content":{"rendered":"<p>Gestaltung<\/p>\n<p>Diese Reif <a href=\"https:\/\/www.purejewels.com\/de\/product-category\/22ct-gold-jewellery\/gold-earrings\/\">Ohrringe<\/a> zeichnen sich durch ihre schlanke, langgestreckte ovale Form und die klaren, kanalgefassten Diamanten aus, die den vorderen Rand s\u00e4umen. Die polierte Goldfassung sorgt f\u00fcr Struktur und W\u00e4rme, w\u00e4hrend die Diamanten einen subtilen Glanz verleihen, ohne das Design zu \u00fcberw\u00e4ltigen. Die ausgewogenen und modernen Creolen bieten eine zeitlose Silhouette mit einem raffinierten Funkeln.<\/p>\n<p>Handwerkliches K\u00f6nnen<\/p>\n<p>Jeder handgefertigte Reif aus strahlendem 22-kar\u00e4tigem Gold ist sorgf\u00e4ltig verarbeitet, um glatte Konturen und einen sicheren, bequemen Sitz zu gew\u00e4hrleisten. Die Diamanten sind pr\u00e4zise in Kan\u00e4le gefasst, um Haltbarkeit und eine nahtlose Oberfl\u00e4che zu gew\u00e4hrleisten. Jedes Paar ist im Vereinigten K\u00f6nigreich f\u00fcr die Reinheitszertifizierung gestempelt und spiegelt das Engagement von PureJewels f\u00fcr Qualit\u00e4t, Authentizit\u00e4t und best\u00e4ndige Handwerkskunst wider.<\/p>\n<p>Styling &amp; Geschenkartikel<\/p>\n<p>Diese Reifringe sind perfekt f\u00fcr den Alltag und lassen sich m\u00fchelos vom Tag zum Abend tragen. Elegant allein oder in Kombination mit feinen Ohrsteckern und Anh\u00e4ngern, sind sie ein durchdachtes Geschenk f\u00fcr Geburtstage, Jahrestage und wichtige Meilensteine. Ein vielseitiges Paar, das oft getragen wird und lange Freude bereitet.<\/p>","protected":false},"excerpt":{"rendered":"<ul>\n<li>22ct Gold CZ Ohrringe<\/li>\n<li>Wt. 2.8 g<\/li>\n<li>SKU. 32270<\/li>\n<li>Alle Preise inklusive Mehrwertsteuer<\/li>\n<li>22ct Gold gestempelt von London Assay Office<\/li>\n<li>Mit Pr\u00e4sentationsbox<\/li>\n<li>Lieferung inbegriffen<\/li>\n<li>Live-Chat mit uns f\u00fcr die Verf\u00fcgbarkeit und mehr Bilder von \u00e4hnlichen Designs derzeit auf Lager<\/li>\n<\/ul>","protected":false},"featured_media":312478,"comment_status":"closed","ping_status":"closed","template":"","meta":{"_eb_attr":"","_crsspst_to_jayantr4sg-hostcom":false},"product_brand":[],"product_cat":[1559,1579,1482,1569,1574],"product_tag":[],"class_list":{"0":"post-312347","1":"product","2":"type-product","3":"status-publish","4":"has-post-thumbnail","6":"product_cat-birthday-gifts","7":"product_cat-hoop-earrings","8":"product_cat-uncategorized","9":"product_cat-valentine-day-gifts","10":"product_cat-womens-jewellery","12":"first","13":"outofstock","14":"taxable","15":"shipping-taxable","16":"product-type-simple","17":"add-to-wishlist-before_image"},"yoast_head":"<!-- This site is optimized with the Yoast SEO plugin v27.3 - https:\/\/yoast.com\/product\/yoast-seo-wordpress\/ -->\n<title>22ct Gold Diamond Channel Hoop Earrings | Elegant Hoops<\/title>\n<meta name=\"description\" content=\"Discover these handcrafted 22ct gold hoop earrings, set with sparkling diamonds in a sleek channel setting. A refined pair of hoops designed for everyday elegance and gifting.\" \/>\n<meta name=\"robots\" content=\"index, follow, max-snippet:-1, max-image-preview:large, max-video-preview:-1\" \/>\n<link rel=\"canonical\" href=\"https:\/\/www.purejewels.com\/de\/produkt-2\/22ct-cz-stein-bali-ohrring-3\/\" \/>\n<meta property=\"og:locale\" content=\"de_DE\" \/>\n<meta property=\"og:type\" content=\"article\" \/>\n<meta property=\"og:title\" content=\"22ct Gold Diamond Channel Hoop Earrings | Elegant Hoops\" \/>\n<meta property=\"og:description\" content=\"Discover these handcrafted 22ct gold hoop earrings, set with sparkling diamonds in a sleek channel setting. A refined pair of hoops designed for everyday elegance and gifting.\" \/>\n<meta property=\"og:url\" content=\"https:\/\/www.purejewels.com\/de\/produkt-2\/22ct-cz-stein-bali-ohrring-3\/\" \/>\n<meta property=\"og:site_name\" content=\"PureJewels UK\" \/>\n<meta property=\"article:modified_time\" content=\"2026-01-19T08:48:06+00:00\" \/>\n<meta property=\"og:image\" content=\"https:\/\/static.purejewels.com\/wp-content\/uploads\/2020\/01\/32270-1.jpg\" \/>\n\t<meta property=\"og:image:width\" content=\"1000\" \/>\n\t<meta property=\"og:image:height\" content=\"1000\" \/>\n\t<meta property=\"og:image:type\" content=\"image\/jpeg\" \/>\n<meta name=\"twitter:card\" content=\"summary_large_image\" \/>\n<meta name=\"twitter:label1\" content=\"Gesch\u00e4tzte Lesezeit\" \/>\n\t<meta name=\"twitter:data1\" content=\"1\u00a0Minute\" \/>\n<script type=\"application\/ld+json\" class=\"yoast-schema-graph\">{\"@context\":\"https:\\\/\\\/schema.org\",\"@graph\":[{\"@type\":[\"WebPage\",\"ItemPage\"],\"@id\":\"https:\\\/\\\/www.purejewels.com\\\/product\\\/22ct-cz-stone-bali-earring-3\\\/\",\"url\":\"https:\\\/\\\/www.purejewels.com\\\/product\\\/22ct-cz-stone-bali-earring-3\\\/\",\"name\":\"22ct Gold Diamond Channel Hoop Earrings | Elegant Hoops\",\"isPartOf\":{\"@id\":\"https:\\\/\\\/www.purejewels.com\\\/#website\"},\"primaryImageOfPage\":{\"@id\":\"https:\\\/\\\/www.purejewels.com\\\/product\\\/22ct-cz-stone-bali-earring-3\\\/#primaryimage\"},\"image\":{\"@id\":\"https:\\\/\\\/www.purejewels.com\\\/product\\\/22ct-cz-stone-bali-earring-3\\\/#primaryimage\"},\"thumbnailUrl\":\"https:\\\/\\\/static.purejewels.com\\\/wp-content\\\/uploads\\\/2020\\\/01\\\/32270-1.jpg\",\"datePublished\":\"2020-02-03T09:55:38+00:00\",\"dateModified\":\"2026-01-19T08:48:06+00:00\",\"description\":\"Discover these handcrafted 22ct gold hoop earrings, set with sparkling diamonds in a sleek channel setting. A refined pair of hoops designed for everyday elegance and gifting.\",\"breadcrumb\":{\"@id\":\"https:\\\/\\\/www.purejewels.com\\\/product\\\/22ct-cz-stone-bali-earring-3\\\/#breadcrumb\"},\"inLanguage\":\"de\",\"potentialAction\":[{\"@type\":\"ReadAction\",\"target\":[\"https:\\\/\\\/www.purejewels.com\\\/product\\\/22ct-cz-stone-bali-earring-3\\\/\"]}]},{\"@type\":\"ImageObject\",\"inLanguage\":\"de\",\"@id\":\"https:\\\/\\\/www.purejewels.com\\\/product\\\/22ct-cz-stone-bali-earring-3\\\/#primaryimage\",\"url\":\"https:\\\/\\\/static.purejewels.com\\\/wp-content\\\/uploads\\\/2020\\\/01\\\/32270-1.jpg\",\"contentUrl\":\"https:\\\/\\\/static.purejewels.com\\\/wp-content\\\/uploads\\\/2020\\\/01\\\/32270-1.jpg\",\"width\":1000,\"height\":1000,\"caption\":\"32270-1\"},{\"@type\":\"BreadcrumbList\",\"@id\":\"https:\\\/\\\/www.purejewels.com\\\/product\\\/22ct-cz-stone-bali-earring-3\\\/#breadcrumb\",\"itemListElement\":[{\"@type\":\"ListItem\",\"position\":1,\"name\":\"Home\",\"item\":\"https:\\\/\\\/www.purejewels.com\\\/\"},{\"@type\":\"ListItem\",\"position\":2,\"name\":\"Shop\",\"item\":\"https:\\\/\\\/www.purejewels.com\\\/shop\\\/\"},{\"@type\":\"ListItem\",\"position\":3,\"name\":\"22ct Gold Diamond Channel Hoop Earrings\"}]},{\"@type\":\"WebSite\",\"@id\":\"https:\\\/\\\/www.purejewels.com\\\/#website\",\"url\":\"https:\\\/\\\/www.purejewels.com\\\/\",\"name\":\"PureJewels UK\",\"description\":\"Share the Love\",\"publisher\":{\"@id\":\"https:\\\/\\\/www.purejewels.com\\\/#organization\"},\"potentialAction\":[{\"@type\":\"SearchAction\",\"target\":{\"@type\":\"EntryPoint\",\"urlTemplate\":\"https:\\\/\\\/www.purejewels.com\\\/?s={search_term_string}\"},\"query-input\":{\"@type\":\"PropertyValueSpecification\",\"valueRequired\":true,\"valueName\":\"search_term_string\"}}],\"inLanguage\":\"de\"},{\"@type\":\"Organization\",\"@id\":\"https:\\\/\\\/www.purejewels.com\\\/#organization\",\"name\":\"PureJewels UK\",\"url\":\"https:\\\/\\\/www.purejewels.com\\\/\",\"logo\":{\"@type\":\"ImageObject\",\"inLanguage\":\"de\",\"@id\":\"https:\\\/\\\/www.purejewels.com\\\/#\\\/schema\\\/logo\\\/image\\\/\",\"url\":\"https:\\\/\\\/static.purejewels.com\\\/wp-content\\\/uploads\\\/2020\\\/11\\\/Logo-PJ-New-1.png\",\"contentUrl\":\"https:\\\/\\\/static.purejewels.com\\\/wp-content\\\/uploads\\\/2020\\\/11\\\/Logo-PJ-New-1.png\",\"width\":150,\"height\":80,\"caption\":\"PureJewels UK\"},\"image\":{\"@id\":\"https:\\\/\\\/www.purejewels.com\\\/#\\\/schema\\\/logo\\\/image\\\/\"}}]}<\/script>\n<!-- \/ Yoast SEO plugin. -->","yoast_head_json":{"title":"22ct Gold Diamond Channel Hoop Ohrringe | Elegant Hoops","description":"Entdecken Sie diese handgefertigten Ohrringe aus 22-kar\u00e4tigem Gold, besetzt mit funkelnden Diamanten in einer eleganten Kanalfassung. Ein raffiniertes Paar Creolen f\u00fcr den Alltag und zum Verschenken.","robots":{"index":"index","follow":"follow","max-snippet":"max-snippet:-1","max-image-preview":"max-image-preview:large","max-video-preview":"max-video-preview:-1"},"canonical":"https:\/\/www.purejewels.com\/de\/produkt-2\/22ct-cz-stein-bali-ohrring-3\/","og_locale":"de_DE","og_type":"article","og_title":"22ct Gold Diamond Channel Hoop Earrings | Elegant Hoops","og_description":"Discover these handcrafted 22ct gold hoop earrings, set with sparkling diamonds in a sleek channel setting. A refined pair of hoops designed for everyday elegance and gifting.","og_url":"https:\/\/www.purejewels.com\/de\/produkt-2\/22ct-cz-stein-bali-ohrring-3\/","og_site_name":"PureJewels UK","article_modified_time":"2026-01-19T08:48:06+00:00","og_image":[{"width":1000,"height":1000,"url":"https:\/\/static.purejewels.com\/wp-content\/uploads\/2020\/01\/32270-1.jpg","type":"image\/jpeg"}],"twitter_card":"summary_large_image","twitter_misc":{"Gesch\u00e4tzte Lesezeit":"1\u00a0Minute"},"schema":{"@context":"https:\/\/schema.org","@graph":[{"@type":["WebPage","ItemPage"],"@id":"https:\/\/www.purejewels.com\/product\/22ct-cz-stone-bali-earring-3\/","url":"https:\/\/www.purejewels.com\/product\/22ct-cz-stone-bali-earring-3\/","name":"22ct Gold Diamond Channel Hoop Ohrringe | Elegant Hoops","isPartOf":{"@id":"https:\/\/www.purejewels.com\/#website"},"primaryImageOfPage":{"@id":"https:\/\/www.purejewels.com\/product\/22ct-cz-stone-bali-earring-3\/#primaryimage"},"image":{"@id":"https:\/\/www.purejewels.com\/product\/22ct-cz-stone-bali-earring-3\/#primaryimage"},"thumbnailUrl":"https:\/\/static.purejewels.com\/wp-content\/uploads\/2020\/01\/32270-1.jpg","datePublished":"2020-02-03T09:55:38+00:00","dateModified":"2026-01-19T08:48:06+00:00","description":"Entdecken Sie diese handgefertigten Ohrringe aus 22-kar\u00e4tigem Gold, besetzt mit funkelnden Diamanten in einer eleganten Kanalfassung. Ein raffiniertes Paar Creolen f\u00fcr den Alltag und zum Verschenken.","breadcrumb":{"@id":"https:\/\/www.purejewels.com\/product\/22ct-cz-stone-bali-earring-3\/#breadcrumb"},"inLanguage":"de","potentialAction":[{"@type":"ReadAction","target":["https:\/\/www.purejewels.com\/product\/22ct-cz-stone-bali-earring-3\/"]}]},{"@type":"ImageObject","inLanguage":"de","@id":"https:\/\/www.purejewels.com\/product\/22ct-cz-stone-bali-earring-3\/#primaryimage","url":"https:\/\/static.purejewels.com\/wp-content\/uploads\/2020\/01\/32270-1.jpg","contentUrl":"https:\/\/static.purejewels.com\/wp-content\/uploads\/2020\/01\/32270-1.jpg","width":1000,"height":1000,"caption":"32270-1"},{"@type":"BreadcrumbList","@id":"https:\/\/www.purejewels.com\/product\/22ct-cz-stone-bali-earring-3\/#breadcrumb","itemListElement":[{"@type":"ListItem","position":1,"name":"Home","item":"https:\/\/www.purejewels.com\/"},{"@type":"ListItem","position":2,"name":"Shop","item":"https:\/\/www.purejewels.com\/shop\/"},{"@type":"ListItem","position":3,"name":"22ct Gold Diamond Channel Hoop Earrings"}]},{"@type":"WebSite","@id":"https:\/\/www.purejewels.com\/#website","url":"https:\/\/www.purejewels.com\/","name":"PureJewels UK","description":"Teile die Liebe","publisher":{"@id":"https:\/\/www.purejewels.com\/#organization"},"potentialAction":[{"@type":"SearchAction","target":{"@type":"EntryPoint","urlTemplate":"https:\/\/www.purejewels.com\/?s={search_term_string}"},"query-input":{"@type":"PropertyValueSpecification","valueRequired":true,"valueName":"search_term_string"}}],"inLanguage":"de"},{"@type":"Organization","@id":"https:\/\/www.purejewels.com\/#organization","name":"PureJewels UK","url":"https:\/\/www.purejewels.com\/","logo":{"@type":"ImageObject","inLanguage":"de","@id":"https:\/\/www.purejewels.com\/#\/schema\/logo\/image\/","url":"https:\/\/static.purejewels.com\/wp-content\/uploads\/2020\/11\/Logo-PJ-New-1.png","contentUrl":"https:\/\/static.purejewels.com\/wp-content\/uploads\/2020\/11\/Logo-PJ-New-1.png","width":150,"height":80,"caption":"PureJewels UK"},"image":{"@id":"https:\/\/www.purejewels.com\/#\/schema\/logo\/image\/"}}]}},"_links":{"self":[{"href":"https:\/\/www.purejewels.com\/de\/wp-json\/wp\/v2\/product\/312347","targetHints":{"allow":["GET"]}}],"collection":[{"href":"https:\/\/www.purejewels.com\/de\/wp-json\/wp\/v2\/product"}],"about":[{"href":"https:\/\/www.purejewels.com\/de\/wp-json\/wp\/v2\/types\/product"}],"replies":[{"embeddable":true,"href":"https:\/\/www.purejewels.com\/de\/wp-json\/wp\/v2\/comments?post=312347"}],"version-history":[{"count":2,"href":"https:\/\/www.purejewels.com\/de\/wp-json\/wp\/v2\/product\/312347\/revisions"}],"predecessor-version":[{"id":424992,"href":"https:\/\/www.purejewels.com\/de\/wp-json\/wp\/v2\/product\/312347\/revisions\/424992"}],"wp:featuredmedia":[{"embeddable":true,"href":"https:\/\/www.purejewels.com\/de\/wp-json\/wp\/v2\/media\/312478"}],"wp:attachment":[{"href":"https:\/\/www.purejewels.com\/de\/wp-json\/wp\/v2\/media?parent=312347"}],"wp:term":[{"taxonomy":"product_brand","embeddable":true,"href":"https:\/\/www.purejewels.com\/de\/wp-json\/wp\/v2\/product_brand?post=312347"},{"taxonomy":"product_cat","embeddable":true,"href":"https:\/\/www.purejewels.com\/de\/wp-json\/wp\/v2\/product_cat?post=312347"},{"taxonomy":"product_tag","embeddable":true,"href":"https:\/\/www.purejewels.com\/de\/wp-json\/wp\/v2\/product_tag?post=312347"}],"curies":[{"name":"wp","href":"https:\/\/api.w.org\/{rel}","templated":true}]}}