{"id":312448,"date":"2020-02-03T09:14:11","date_gmt":"2020-02-03T09:14:11","guid":{"rendered":"https:\/\/www.purejewels.com\/?post_type=product&#038;p=312448"},"modified":"2026-01-23T06:13:10","modified_gmt":"2026-01-23T06:13:10","slug":"22ct-gold-jali-kadas-3","status":"publish","type":"product","link":"https:\/\/www.purejewels.com\/de\/product\/22ct-gold-jali-kadas-3\/","title":{"rendered":"22ct Gold Heritage Jali-Motiv Armreifen (Paar)"},"content":{"rendered":"<p>Gestaltung<\/p>\n<p>Dieses elegante Paar Armreifen zeichnet sich durch fein gegliederte Jali-Motive aus, die rhythmisch entlang der Au\u00dfenfl\u00e4che verlaufen. Kreisf\u00f6rmige und geometrische Formen sind sorgf\u00e4ltig geschichtet, um Tiefe und Textur zu erzeugen, w\u00e4hrend skulpturale Goldelemente dem Design Gleichgewicht und Symmetrie verleihen. Die Gesamtform wirkt verschn\u00f6rkelt und doch gelassen, inspiriert von klassischen architektonischen Mustern.<\/p>\n<p>Handwerkliches K\u00f6nnen<\/p>\n<p>Diese handgefertigten Armreifen aus reichem 22-kar\u00e4tigem Gold sind ein Beispiel f\u00fcr traditionelle Jali-Arbeit, bei der pr\u00e4zisionsgeschliffene Details das Licht wundersch\u00f6n mit der Oberfl\u00e4che interagieren lassen. Die Innenseite ist f\u00fcr einen angenehmen Tragekomfort glatt verarbeitet, w\u00e4hrend die Au\u00dfenseite stundenlange Handarbeit widerspiegelt. Jedes St\u00fcck wird im Vereinigten K\u00f6nigreich mit einem Feingehaltsstempel versehen, der die Echtheit und Qualit\u00e4t garantiert.<\/p>\n<p>Styling &amp; Geschenkartikel<\/p>\n<p>Diese Armreifen sind ideal f\u00fcr Hochzeiten, festliche Anl\u00e4sse und kulturelle Feiern und k\u00f6nnen als Paar getragen werden. Ihre aufwendigen Details machen sie auch zu einem sinnvollen Geschenk f\u00fcr Jubil\u00e4en, Meilensteine oder Erbst\u00fccke, denn sie bieten dauerhafte Sch\u00f6nheit, die in der Tradition verwurzelt ist.<\/p>","protected":false},"excerpt":{"rendered":"<ul>\n<li>Paar (zwei Kadas) von 22ct Gold Braut oder Party tragen Kadas -<\/li>\n<li>(Wenn Sie ein Kada wollen, fragen Sie bitte im Chat nach - der hier angegebene Preis ist f\u00fcr zwei Kadas)<\/li>\n<li>Kada 1 Wt . 27 gms<\/li>\n<li>Kada 2 Gewicht . 26.2 gms<\/li>\n<li>Gesamtgewicht . 53.2 gms<\/li>\n<li>Gr\u00f6\u00dfe: 2,6 Zoll Innendurchmesser. F\u00fcr weitere Gr\u00f6\u00dfen bitte anfragen<\/li>\n<li>Sku 32322,32323<\/li>\n<li>Das sind Kadas mit Kugeln<\/li>\n<li>Alle unsere 22 Karat Goldschmuckst\u00fccke sind vom London Assay Office gestempelt.<\/li>\n<li>Mit Pr\u00e4sentationsbox<\/li>\n<li>Lieferung inbegriffen<\/li>\n<li>Alle Preise inklusive Mehrwertsteuer<\/li>\n<li>Kontaktieren Sie uns \/ chatten Sie mit uns f\u00fcr Live-Video von 22 Karat Indian Gold Jewellery<\/li>\n<\/ul>","protected":false},"featured_media":314383,"comment_status":"closed","ping_status":"closed","template":"","meta":{"_eb_attr":"","_crsspst_to_jayantr4sg-hostcom":false},"product_brand":[],"product_cat":[1482],"product_tag":[],"class_list":{"0":"post-312448","1":"product","2":"type-product","3":"status-publish","4":"has-post-thumbnail","6":"product_cat-uncategorized","8":"first","9":"outofstock","10":"taxable","11":"shipping-taxable","12":"product-type-simple","13":"add-to-wishlist-before_image"},"yoast_head":"<!-- This site is optimized with the Yoast SEO plugin v27.3 - https:\/\/yoast.com\/product\/yoast-seo-wordpress\/ -->\n<title>22ct Gold Heritage Women Jali Bangles | PureJewels UK<\/title>\n<meta name=\"description\" content=\"Shop the 22ct Gold Heritage Jali Bangles from PureJewels UK. Featuring intricate jali motifs and sculpted gold elements, this handcrafted pair celebrates traditional artistry in radiant gold.\" \/>\n<meta name=\"robots\" content=\"index, follow, max-snippet:-1, max-image-preview:large, max-video-preview:-1\" \/>\n<link rel=\"canonical\" href=\"https:\/\/www.purejewels.com\/de\/produkt-2\/22ct-gold-jali-kadas-3\/\" \/>\n<meta property=\"og:locale\" content=\"de_DE\" \/>\n<meta property=\"og:type\" content=\"article\" \/>\n<meta property=\"og:title\" content=\"22ct Gold Heritage Women Jali Bangles | PureJewels UK\" \/>\n<meta property=\"og:description\" content=\"Shop the 22ct Gold Heritage Jali Bangles from PureJewels UK. Featuring intricate jali motifs and sculpted gold elements, this handcrafted pair celebrates traditional artistry in radiant gold.\" \/>\n<meta property=\"og:url\" content=\"https:\/\/www.purejewels.com\/de\/produkt-2\/22ct-gold-jali-kadas-3\/\" \/>\n<meta property=\"og:site_name\" content=\"PureJewels UK\" \/>\n<meta property=\"article:modified_time\" content=\"2026-01-23T06:13:10+00:00\" \/>\n<meta property=\"og:image\" content=\"https:\/\/static.purejewels.com\/wp-content\/uploads\/2020\/05\/173593173.jpg\" \/>\n\t<meta property=\"og:image:width\" content=\"1000\" \/>\n\t<meta property=\"og:image:height\" content=\"1000\" \/>\n\t<meta property=\"og:image:type\" content=\"image\/jpeg\" \/>\n<meta name=\"twitter:card\" content=\"summary_large_image\" \/>\n<meta name=\"twitter:label1\" content=\"Gesch\u00e4tzte Lesezeit\" \/>\n\t<meta name=\"twitter:data1\" content=\"1\u00a0Minute\" \/>\n<script type=\"application\/ld+json\" class=\"yoast-schema-graph\">{\"@context\":\"https:\\\/\\\/schema.org\",\"@graph\":[{\"@type\":[\"WebPage\",\"ItemPage\"],\"@id\":\"https:\\\/\\\/www.purejewels.com\\\/product\\\/22ct-gold-jali-kadas-3\\\/\",\"url\":\"https:\\\/\\\/www.purejewels.com\\\/product\\\/22ct-gold-jali-kadas-3\\\/\",\"name\":\"22ct Gold Heritage Women Jali Bangles | PureJewels UK\",\"isPartOf\":{\"@id\":\"https:\\\/\\\/www.purejewels.com\\\/#website\"},\"primaryImageOfPage\":{\"@id\":\"https:\\\/\\\/www.purejewels.com\\\/product\\\/22ct-gold-jali-kadas-3\\\/#primaryimage\"},\"image\":{\"@id\":\"https:\\\/\\\/www.purejewels.com\\\/product\\\/22ct-gold-jali-kadas-3\\\/#primaryimage\"},\"thumbnailUrl\":\"https:\\\/\\\/static.purejewels.com\\\/wp-content\\\/uploads\\\/2020\\\/05\\\/173593173.jpg\",\"datePublished\":\"2020-02-03T09:14:11+00:00\",\"dateModified\":\"2026-01-23T06:13:10+00:00\",\"description\":\"Shop the 22ct Gold Heritage Jali Bangles from PureJewels UK. Featuring intricate jali motifs and sculpted gold elements, this handcrafted pair celebrates traditional artistry in radiant gold.\",\"breadcrumb\":{\"@id\":\"https:\\\/\\\/www.purejewels.com\\\/product\\\/22ct-gold-jali-kadas-3\\\/#breadcrumb\"},\"inLanguage\":\"de\",\"potentialAction\":[{\"@type\":\"ReadAction\",\"target\":[\"https:\\\/\\\/www.purejewels.com\\\/product\\\/22ct-gold-jali-kadas-3\\\/\"]}]},{\"@type\":\"ImageObject\",\"inLanguage\":\"de\",\"@id\":\"https:\\\/\\\/www.purejewels.com\\\/product\\\/22ct-gold-jali-kadas-3\\\/#primaryimage\",\"url\":\"https:\\\/\\\/static.purejewels.com\\\/wp-content\\\/uploads\\\/2020\\\/05\\\/173593173.jpg\",\"contentUrl\":\"https:\\\/\\\/static.purejewels.com\\\/wp-content\\\/uploads\\\/2020\\\/05\\\/173593173.jpg\",\"width\":1000,\"height\":1000,\"caption\":\"Pair (two Kadas) of 22ct Gold Bridal or Party wear Kadas \u2013(If you want one Kada\u00a0 please enquire on chat \u2013 the price shown here is for two kadas)Kada 1\u00a0 Wt\u00a0 . 27\u00a0 gmsKada 2\u00a0 Wt\u00a0 . 26.2\u00a0 gmsTotal Wt . 53.2 gmsSize : 2.6 inch inside diameter. Please enquire for additional sizesSku 32322,32323These are bauble\u00a0 KadasAll our 22 carat Gold Jewellery are hallmarked by London Assay OfficeComes With Presentation BoxDelivery IncludedAll prices include VATContact us \\\/ chat with us for live video of 22 Carat Indian Gold Jewellery\"},{\"@type\":\"BreadcrumbList\",\"@id\":\"https:\\\/\\\/www.purejewels.com\\\/product\\\/22ct-gold-jali-kadas-3\\\/#breadcrumb\",\"itemListElement\":[{\"@type\":\"ListItem\",\"position\":1,\"name\":\"Home\",\"item\":\"https:\\\/\\\/www.purejewels.com\\\/\"},{\"@type\":\"ListItem\",\"position\":2,\"name\":\"Shop\",\"item\":\"https:\\\/\\\/www.purejewels.com\\\/shop\\\/\"},{\"@type\":\"ListItem\",\"position\":3,\"name\":\"22ct Gold Heritage Jali Motif Bangles (Pair)\"}]},{\"@type\":\"WebSite\",\"@id\":\"https:\\\/\\\/www.purejewels.com\\\/#website\",\"url\":\"https:\\\/\\\/www.purejewels.com\\\/\",\"name\":\"PureJewels UK\",\"description\":\"Share the Love\",\"publisher\":{\"@id\":\"https:\\\/\\\/www.purejewels.com\\\/#organization\"},\"potentialAction\":[{\"@type\":\"SearchAction\",\"target\":{\"@type\":\"EntryPoint\",\"urlTemplate\":\"https:\\\/\\\/www.purejewels.com\\\/?s={search_term_string}\"},\"query-input\":{\"@type\":\"PropertyValueSpecification\",\"valueRequired\":true,\"valueName\":\"search_term_string\"}}],\"inLanguage\":\"de\"},{\"@type\":\"Organization\",\"@id\":\"https:\\\/\\\/www.purejewels.com\\\/#organization\",\"name\":\"PureJewels UK\",\"url\":\"https:\\\/\\\/www.purejewels.com\\\/\",\"logo\":{\"@type\":\"ImageObject\",\"inLanguage\":\"de\",\"@id\":\"https:\\\/\\\/www.purejewels.com\\\/#\\\/schema\\\/logo\\\/image\\\/\",\"url\":\"https:\\\/\\\/static.purejewels.com\\\/wp-content\\\/uploads\\\/2020\\\/11\\\/Logo-PJ-New-1.png\",\"contentUrl\":\"https:\\\/\\\/static.purejewels.com\\\/wp-content\\\/uploads\\\/2020\\\/11\\\/Logo-PJ-New-1.png\",\"width\":150,\"height\":80,\"caption\":\"PureJewels UK\"},\"image\":{\"@id\":\"https:\\\/\\\/www.purejewels.com\\\/#\\\/schema\\\/logo\\\/image\\\/\"}}]}<\/script>\n<!-- \/ Yoast SEO plugin. -->","yoast_head_json":{"title":"22ct Gold Heritage Frauen Jali Armreifen | PureJewels UK","description":"Kaufen Sie die 22ct Gold Heritage Jali Armreifen von PureJewels UK. Mit komplizierten Jali-Motiven und geformten Goldelementen zelebriert dieses handgefertigte Paar traditionelle Kunstfertigkeit in strahlendem Gold.","robots":{"index":"index","follow":"follow","max-snippet":"max-snippet:-1","max-image-preview":"max-image-preview:large","max-video-preview":"max-video-preview:-1"},"canonical":"https:\/\/www.purejewels.com\/de\/produkt-2\/22ct-gold-jali-kadas-3\/","og_locale":"de_DE","og_type":"article","og_title":"22ct Gold Heritage Women Jali Bangles | PureJewels UK","og_description":"Shop the 22ct Gold Heritage Jali Bangles from PureJewels UK. Featuring intricate jali motifs and sculpted gold elements, this handcrafted pair celebrates traditional artistry in radiant gold.","og_url":"https:\/\/www.purejewels.com\/de\/produkt-2\/22ct-gold-jali-kadas-3\/","og_site_name":"PureJewels UK","article_modified_time":"2026-01-23T06:13:10+00:00","og_image":[{"width":1000,"height":1000,"url":"https:\/\/static.purejewels.com\/wp-content\/uploads\/2020\/05\/173593173.jpg","type":"image\/jpeg"}],"twitter_card":"summary_large_image","twitter_misc":{"Gesch\u00e4tzte Lesezeit":"1\u00a0Minute"},"schema":{"@context":"https:\/\/schema.org","@graph":[{"@type":["WebPage","ItemPage"],"@id":"https:\/\/www.purejewels.com\/product\/22ct-gold-jali-kadas-3\/","url":"https:\/\/www.purejewels.com\/product\/22ct-gold-jali-kadas-3\/","name":"22ct Gold Heritage Frauen Jali Armreifen | PureJewels UK","isPartOf":{"@id":"https:\/\/www.purejewels.com\/#website"},"primaryImageOfPage":{"@id":"https:\/\/www.purejewels.com\/product\/22ct-gold-jali-kadas-3\/#primaryimage"},"image":{"@id":"https:\/\/www.purejewels.com\/product\/22ct-gold-jali-kadas-3\/#primaryimage"},"thumbnailUrl":"https:\/\/static.purejewels.com\/wp-content\/uploads\/2020\/05\/173593173.jpg","datePublished":"2020-02-03T09:14:11+00:00","dateModified":"2026-01-23T06:13:10+00:00","description":"Kaufen Sie die 22ct Gold Heritage Jali Armreifen von PureJewels UK. Mit komplizierten Jali-Motiven und geformten Goldelementen zelebriert dieses handgefertigte Paar traditionelle Kunstfertigkeit in strahlendem Gold.","breadcrumb":{"@id":"https:\/\/www.purejewels.com\/product\/22ct-gold-jali-kadas-3\/#breadcrumb"},"inLanguage":"de","potentialAction":[{"@type":"ReadAction","target":["https:\/\/www.purejewels.com\/product\/22ct-gold-jali-kadas-3\/"]}]},{"@type":"ImageObject","inLanguage":"de","@id":"https:\/\/www.purejewels.com\/product\/22ct-gold-jali-kadas-3\/#primaryimage","url":"https:\/\/static.purejewels.com\/wp-content\/uploads\/2020\/05\/173593173.jpg","contentUrl":"https:\/\/static.purejewels.com\/wp-content\/uploads\/2020\/05\/173593173.jpg","width":1000,"height":1000,"caption":"Pair (two Kadas) of 22ct Gold Bridal or Party wear Kadas \u2013(If you want one Kada\u00a0 please enquire on chat \u2013 the price shown here is for two kadas)Kada 1\u00a0 Wt\u00a0 . 27\u00a0 gmsKada 2\u00a0 Wt\u00a0 . 26.2\u00a0 gmsTotal Wt . 53.2 gmsSize : 2.6 inch inside diameter. Please enquire for additional sizesSku 32322,32323These are bauble\u00a0 KadasAll our 22 carat Gold Jewellery are hallmarked by London Assay OfficeComes With Presentation BoxDelivery IncludedAll prices include VATContact us \/ chat with us for live video of 22 Carat Indian Gold Jewellery"},{"@type":"BreadcrumbList","@id":"https:\/\/www.purejewels.com\/product\/22ct-gold-jali-kadas-3\/#breadcrumb","itemListElement":[{"@type":"ListItem","position":1,"name":"Home","item":"https:\/\/www.purejewels.com\/"},{"@type":"ListItem","position":2,"name":"Shop","item":"https:\/\/www.purejewels.com\/shop\/"},{"@type":"ListItem","position":3,"name":"22ct Gold Heritage Jali Motif Bangles (Pair)"}]},{"@type":"WebSite","@id":"https:\/\/www.purejewels.com\/#website","url":"https:\/\/www.purejewels.com\/","name":"PureJewels UK","description":"Teile die Liebe","publisher":{"@id":"https:\/\/www.purejewels.com\/#organization"},"potentialAction":[{"@type":"SearchAction","target":{"@type":"EntryPoint","urlTemplate":"https:\/\/www.purejewels.com\/?s={search_term_string}"},"query-input":{"@type":"PropertyValueSpecification","valueRequired":true,"valueName":"search_term_string"}}],"inLanguage":"de"},{"@type":"Organization","@id":"https:\/\/www.purejewels.com\/#organization","name":"PureJewels UK","url":"https:\/\/www.purejewels.com\/","logo":{"@type":"ImageObject","inLanguage":"de","@id":"https:\/\/www.purejewels.com\/#\/schema\/logo\/image\/","url":"https:\/\/static.purejewels.com\/wp-content\/uploads\/2020\/11\/Logo-PJ-New-1.png","contentUrl":"https:\/\/static.purejewels.com\/wp-content\/uploads\/2020\/11\/Logo-PJ-New-1.png","width":150,"height":80,"caption":"PureJewels UK"},"image":{"@id":"https:\/\/www.purejewels.com\/#\/schema\/logo\/image\/"}}]}},"_links":{"self":[{"href":"https:\/\/www.purejewels.com\/de\/wp-json\/wp\/v2\/product\/312448","targetHints":{"allow":["GET"]}}],"collection":[{"href":"https:\/\/www.purejewels.com\/de\/wp-json\/wp\/v2\/product"}],"about":[{"href":"https:\/\/www.purejewels.com\/de\/wp-json\/wp\/v2\/types\/product"}],"replies":[{"embeddable":true,"href":"https:\/\/www.purejewels.com\/de\/wp-json\/wp\/v2\/comments?post=312448"}],"version-history":[{"count":1,"href":"https:\/\/www.purejewels.com\/de\/wp-json\/wp\/v2\/product\/312448\/revisions"}],"predecessor-version":[{"id":425144,"href":"https:\/\/www.purejewels.com\/de\/wp-json\/wp\/v2\/product\/312448\/revisions\/425144"}],"wp:featuredmedia":[{"embeddable":true,"href":"https:\/\/www.purejewels.com\/de\/wp-json\/wp\/v2\/media\/314383"}],"wp:attachment":[{"href":"https:\/\/www.purejewels.com\/de\/wp-json\/wp\/v2\/media?parent=312448"}],"wp:term":[{"taxonomy":"product_brand","embeddable":true,"href":"https:\/\/www.purejewels.com\/de\/wp-json\/wp\/v2\/product_brand?post=312448"},{"taxonomy":"product_cat","embeddable":true,"href":"https:\/\/www.purejewels.com\/de\/wp-json\/wp\/v2\/product_cat?post=312448"},{"taxonomy":"product_tag","embeddable":true,"href":"https:\/\/www.purejewels.com\/de\/wp-json\/wp\/v2\/product_tag?post=312448"}],"curies":[{"name":"wp","href":"https:\/\/api.w.org\/{rel}","templated":true}]}}