{"id":312498,"date":"2020-02-10T05:24:02","date_gmt":"2020-02-10T05:24:02","guid":{"rendered":"https:\/\/www.purejewels.com\/?post_type=product&#038;p=312498"},"modified":"2026-03-24T09:40:10","modified_gmt":"2026-03-24T09:40:10","slug":"mangalsutra-aus-22-karat-britischem-gold-mit-feingehaltsstempel-3","status":"publish","type":"product","link":"https:\/\/www.purejewels.com\/de\/product\/22ct-british-hallmarked-gold-mangalsutra-3\/","title":{"rendered":"22ct Gold Dreilagige Mangalsutra Halskette"},"content":{"rendered":"<p>Gestaltung<br \/>\nDiese <a href=\"https:\/\/www.purejewels.com\/de\/product-category\/22ct-gold-jewellery\/gold-mangalsutras\/\">mangalsutra<\/a> zeichnet sich durch eine unverwechselbare dreilagige Komposition aus, bei der schwarze Perlenstr\u00e4nge mit goldenen Perlenakzenten kombiniert werden, um einen reichhaltigen und strukturierten Look zu erzielen. Die schichtweise Anordnung schafft Tiefe und Fluss, w\u00e4hrend die oberen Details einen dekorativen Schwerpunkt bilden. Das Design spiegelt die traditionelle Symbolik mit einer aufwendigeren und ausdrucksstarken Silhouette wider.<\/p>\n<p>Handwerkliches K\u00f6nnen<br \/>\nGefertigt in <a href=\"https:\/\/www.purejewels.com\/de\/product\/22ct-gold-jali-filigree-ring-jali-collection-31926\/\">22ct<\/a> Gold, wird jeder Strang sorgf\u00e4ltig zusammengesetzt, um Flexibilit\u00e4t und Ausgewogenheit zu gew\u00e4hrleisten. Die schwarzen Perlen sind pr\u00e4zise angeordnet, um die Konsistenz zu wahren, w\u00e4hrend die goldenen Elemente W\u00e4rme und Kontrast hinzuf\u00fcgen. Die Struktur ist auf Langlebigkeit ausgelegt, ohne die Beweglichkeit zu beeintr\u00e4chtigen. Jedes St\u00fcck ist im Vereinigten K\u00f6nigreich gepunzt und garantiert zertifizierte Goldreinheit und zuverl\u00e4ssige Handwerkskunst.<\/p>\n<p>Styling &amp; Geschenkartikel<br \/>\nDiese Mangalsutra ist ideal f\u00fcr Hochzeiten, festliche Anl\u00e4sse und traditionelle Feiern und setzt ein starkes und zugleich elegantes Zeichen. Sie passt wunderbar zu ethnischer Kleidung und verleiht auch modernen Looks Charakter. Ein bedeutungsvolles und symbolisches Geschenk f\u00fcr Hochzeiten und besondere Meilensteine.<\/p>","protected":false},"excerpt":{"rendered":"<p>Design Diese Mangalsutra zeichnet sich durch eine unverwechselbare dreilagige Komposition aus, bei der schwarze Perlenstr\u00e4nge mit goldenen Perlenakzenten kombiniert werden, um einen reichen<\/p>","protected":false},"featured_media":312522,"comment_status":"closed","ping_status":"closed","template":"","meta":{"_eb_attr":"","_crsspst_to_jayantr4sg-hostcom":true},"product_brand":[],"product_cat":[1775,1284,1776,1574],"product_tag":[],"class_list":{"0":"post-312498","1":"product","2":"type-product","3":"status-publish","4":"has-post-thumbnail","6":"product_cat-daily-wear-mangalsutras","7":"product_cat-gold-mangalsutras","8":"product_cat-occasional-wear-mangalsutras","9":"product_cat-womens-jewellery","11":"first","12":"outofstock","13":"taxable","14":"shipping-taxable","15":"product-type-simple","16":"add-to-wishlist-before_image"},"yoast_head":"<!-- This site is optimized with the Yoast SEO plugin v27.3 - https:\/\/yoast.com\/product\/yoast-seo-wordpress\/ -->\n<title>22ct Gold Triple Layer Mangalsutra Necklace | PureJewels UK<\/title>\n<meta name=\"description\" content=\"Shop a 22ct gold triple layer mangalsutra with black beads and gold detailing. Handcrafted and UK hallmarked for purity and traditional wear.\" \/>\n<meta name=\"robots\" content=\"index, follow, max-snippet:-1, max-image-preview:large, max-video-preview:-1\" \/>\n<link rel=\"canonical\" href=\"https:\/\/www.purejewels.com\/de\/produkt-2\/mangalsutra-aus-22-karat-britischem-gold-mit-feingehaltsstempel-3\/\" \/>\n<meta property=\"og:locale\" content=\"de_DE\" \/>\n<meta property=\"og:type\" content=\"article\" \/>\n<meta property=\"og:title\" content=\"22ct Gold Triple Layer Mangalsutra Necklace | PureJewels UK\" \/>\n<meta property=\"og:description\" content=\"Shop a 22ct gold triple layer mangalsutra with black beads and gold detailing. Handcrafted and UK hallmarked for purity and traditional wear.\" \/>\n<meta property=\"og:url\" content=\"https:\/\/www.purejewels.com\/de\/produkt-2\/mangalsutra-aus-22-karat-britischem-gold-mit-feingehaltsstempel-3\/\" \/>\n<meta property=\"og:site_name\" content=\"PureJewels UK\" \/>\n<meta property=\"article:modified_time\" content=\"2026-03-24T09:40:10+00:00\" \/>\n<meta property=\"og:image\" content=\"https:\/\/static.purejewels.com\/wp-content\/uploads\/2020\/02\/32329.jpg\" \/>\n\t<meta property=\"og:image:width\" content=\"1000\" \/>\n\t<meta property=\"og:image:height\" content=\"1000\" \/>\n\t<meta property=\"og:image:type\" content=\"image\/jpeg\" \/>\n<meta name=\"twitter:card\" content=\"summary_large_image\" \/>\n<meta name=\"twitter:label1\" content=\"Gesch\u00e4tzte Lesezeit\" \/>\n\t<meta name=\"twitter:data1\" content=\"1\u00a0Minute\" \/>\n<script type=\"application\/ld+json\" class=\"yoast-schema-graph\">{\"@context\":\"https:\\\/\\\/schema.org\",\"@graph\":[{\"@type\":[\"WebPage\",\"ItemPage\"],\"@id\":\"https:\\\/\\\/www.purejewels.com\\\/product\\\/22ct-british-hallmarked-gold-mangalsutra-3\\\/\",\"url\":\"https:\\\/\\\/www.purejewels.com\\\/product\\\/22ct-british-hallmarked-gold-mangalsutra-3\\\/\",\"name\":\"22ct Gold Triple Layer Mangalsutra Necklace | PureJewels UK\",\"isPartOf\":{\"@id\":\"https:\\\/\\\/www.purejewels.com\\\/#website\"},\"primaryImageOfPage\":{\"@id\":\"https:\\\/\\\/www.purejewels.com\\\/product\\\/22ct-british-hallmarked-gold-mangalsutra-3\\\/#primaryimage\"},\"image\":{\"@id\":\"https:\\\/\\\/www.purejewels.com\\\/product\\\/22ct-british-hallmarked-gold-mangalsutra-3\\\/#primaryimage\"},\"thumbnailUrl\":\"https:\\\/\\\/static.purejewels.com\\\/wp-content\\\/uploads\\\/2020\\\/02\\\/32329.jpg\",\"datePublished\":\"2020-02-10T05:24:02+00:00\",\"dateModified\":\"2026-03-24T09:40:10+00:00\",\"description\":\"Shop a 22ct gold triple layer mangalsutra with black beads and gold detailing. Handcrafted and UK hallmarked for purity and traditional wear.\",\"breadcrumb\":{\"@id\":\"https:\\\/\\\/www.purejewels.com\\\/product\\\/22ct-british-hallmarked-gold-mangalsutra-3\\\/#breadcrumb\"},\"inLanguage\":\"de\",\"potentialAction\":[{\"@type\":\"ReadAction\",\"target\":[\"https:\\\/\\\/www.purejewels.com\\\/product\\\/22ct-british-hallmarked-gold-mangalsutra-3\\\/\"]}]},{\"@type\":\"ImageObject\",\"inLanguage\":\"de\",\"@id\":\"https:\\\/\\\/www.purejewels.com\\\/product\\\/22ct-british-hallmarked-gold-mangalsutra-3\\\/#primaryimage\",\"url\":\"https:\\\/\\\/static.purejewels.com\\\/wp-content\\\/uploads\\\/2020\\\/02\\\/32329.jpg\",\"contentUrl\":\"https:\\\/\\\/static.purejewels.com\\\/wp-content\\\/uploads\\\/2020\\\/02\\\/32329.jpg\",\"width\":1000,\"height\":1000,\"caption\":\"32329\"},{\"@type\":\"BreadcrumbList\",\"@id\":\"https:\\\/\\\/www.purejewels.com\\\/product\\\/22ct-british-hallmarked-gold-mangalsutra-3\\\/#breadcrumb\",\"itemListElement\":[{\"@type\":\"ListItem\",\"position\":1,\"name\":\"Home\",\"item\":\"https:\\\/\\\/www.purejewels.com\\\/\"},{\"@type\":\"ListItem\",\"position\":2,\"name\":\"Shop\",\"item\":\"https:\\\/\\\/www.purejewels.com\\\/shop\\\/\"},{\"@type\":\"ListItem\",\"position\":3,\"name\":\"22ct Gold Triple Layer Mangalsutra Necklace\"}]},{\"@type\":\"WebSite\",\"@id\":\"https:\\\/\\\/www.purejewels.com\\\/#website\",\"url\":\"https:\\\/\\\/www.purejewels.com\\\/\",\"name\":\"PureJewels UK\",\"description\":\"Share the Love\",\"publisher\":{\"@id\":\"https:\\\/\\\/www.purejewels.com\\\/#organization\"},\"potentialAction\":[{\"@type\":\"SearchAction\",\"target\":{\"@type\":\"EntryPoint\",\"urlTemplate\":\"https:\\\/\\\/www.purejewels.com\\\/?s={search_term_string}\"},\"query-input\":{\"@type\":\"PropertyValueSpecification\",\"valueRequired\":true,\"valueName\":\"search_term_string\"}}],\"inLanguage\":\"de\"},{\"@type\":\"Organization\",\"@id\":\"https:\\\/\\\/www.purejewels.com\\\/#organization\",\"name\":\"PureJewels UK\",\"url\":\"https:\\\/\\\/www.purejewels.com\\\/\",\"logo\":{\"@type\":\"ImageObject\",\"inLanguage\":\"de\",\"@id\":\"https:\\\/\\\/www.purejewels.com\\\/#\\\/schema\\\/logo\\\/image\\\/\",\"url\":\"https:\\\/\\\/static.purejewels.com\\\/wp-content\\\/uploads\\\/2020\\\/11\\\/Logo-PJ-New-1.png\",\"contentUrl\":\"https:\\\/\\\/static.purejewels.com\\\/wp-content\\\/uploads\\\/2020\\\/11\\\/Logo-PJ-New-1.png\",\"width\":150,\"height\":80,\"caption\":\"PureJewels UK\"},\"image\":{\"@id\":\"https:\\\/\\\/www.purejewels.com\\\/#\\\/schema\\\/logo\\\/image\\\/\"}}]}<\/script>\n<!-- \/ Yoast SEO plugin. -->","yoast_head_json":{"title":"22ct Gold dreifach Schicht Mangalsutra Halskette | PureJewels UK","description":"Kaufen Sie eine dreilagige Mangalsutra aus 22 Karat Gold mit schwarzen Perlen und goldenen Details. Handgefertigt und UK gestempelt f\u00fcr Reinheit und traditionellen Verschlei\u00df.","robots":{"index":"index","follow":"follow","max-snippet":"max-snippet:-1","max-image-preview":"max-image-preview:large","max-video-preview":"max-video-preview:-1"},"canonical":"https:\/\/www.purejewels.com\/de\/produkt-2\/mangalsutra-aus-22-karat-britischem-gold-mit-feingehaltsstempel-3\/","og_locale":"de_DE","og_type":"article","og_title":"22ct Gold Triple Layer Mangalsutra Necklace | PureJewels UK","og_description":"Shop a 22ct gold triple layer mangalsutra with black beads and gold detailing. Handcrafted and UK hallmarked for purity and traditional wear.","og_url":"https:\/\/www.purejewels.com\/de\/produkt-2\/mangalsutra-aus-22-karat-britischem-gold-mit-feingehaltsstempel-3\/","og_site_name":"PureJewels UK","article_modified_time":"2026-03-24T09:40:10+00:00","og_image":[{"width":1000,"height":1000,"url":"https:\/\/static.purejewels.com\/wp-content\/uploads\/2020\/02\/32329.jpg","type":"image\/jpeg"}],"twitter_card":"summary_large_image","twitter_misc":{"Gesch\u00e4tzte Lesezeit":"1\u00a0Minute"},"schema":{"@context":"https:\/\/schema.org","@graph":[{"@type":["WebPage","ItemPage"],"@id":"https:\/\/www.purejewels.com\/product\/22ct-british-hallmarked-gold-mangalsutra-3\/","url":"https:\/\/www.purejewels.com\/product\/22ct-british-hallmarked-gold-mangalsutra-3\/","name":"22ct Gold dreifach Schicht Mangalsutra Halskette | PureJewels UK","isPartOf":{"@id":"https:\/\/www.purejewels.com\/#website"},"primaryImageOfPage":{"@id":"https:\/\/www.purejewels.com\/product\/22ct-british-hallmarked-gold-mangalsutra-3\/#primaryimage"},"image":{"@id":"https:\/\/www.purejewels.com\/product\/22ct-british-hallmarked-gold-mangalsutra-3\/#primaryimage"},"thumbnailUrl":"https:\/\/static.purejewels.com\/wp-content\/uploads\/2020\/02\/32329.jpg","datePublished":"2020-02-10T05:24:02+00:00","dateModified":"2026-03-24T09:40:10+00:00","description":"Kaufen Sie eine dreilagige Mangalsutra aus 22 Karat Gold mit schwarzen Perlen und goldenen Details. Handgefertigt und UK gestempelt f\u00fcr Reinheit und traditionellen Verschlei\u00df.","breadcrumb":{"@id":"https:\/\/www.purejewels.com\/product\/22ct-british-hallmarked-gold-mangalsutra-3\/#breadcrumb"},"inLanguage":"de","potentialAction":[{"@type":"ReadAction","target":["https:\/\/www.purejewels.com\/product\/22ct-british-hallmarked-gold-mangalsutra-3\/"]}]},{"@type":"ImageObject","inLanguage":"de","@id":"https:\/\/www.purejewels.com\/product\/22ct-british-hallmarked-gold-mangalsutra-3\/#primaryimage","url":"https:\/\/static.purejewels.com\/wp-content\/uploads\/2020\/02\/32329.jpg","contentUrl":"https:\/\/static.purejewels.com\/wp-content\/uploads\/2020\/02\/32329.jpg","width":1000,"height":1000,"caption":"32329"},{"@type":"BreadcrumbList","@id":"https:\/\/www.purejewels.com\/product\/22ct-british-hallmarked-gold-mangalsutra-3\/#breadcrumb","itemListElement":[{"@type":"ListItem","position":1,"name":"Home","item":"https:\/\/www.purejewels.com\/"},{"@type":"ListItem","position":2,"name":"Shop","item":"https:\/\/www.purejewels.com\/shop\/"},{"@type":"ListItem","position":3,"name":"22ct Gold Triple Layer Mangalsutra Necklace"}]},{"@type":"WebSite","@id":"https:\/\/www.purejewels.com\/#website","url":"https:\/\/www.purejewels.com\/","name":"PureJewels UK","description":"Teile die Liebe","publisher":{"@id":"https:\/\/www.purejewels.com\/#organization"},"potentialAction":[{"@type":"SearchAction","target":{"@type":"EntryPoint","urlTemplate":"https:\/\/www.purejewels.com\/?s={search_term_string}"},"query-input":{"@type":"PropertyValueSpecification","valueRequired":true,"valueName":"search_term_string"}}],"inLanguage":"de"},{"@type":"Organization","@id":"https:\/\/www.purejewels.com\/#organization","name":"PureJewels UK","url":"https:\/\/www.purejewels.com\/","logo":{"@type":"ImageObject","inLanguage":"de","@id":"https:\/\/www.purejewels.com\/#\/schema\/logo\/image\/","url":"https:\/\/static.purejewels.com\/wp-content\/uploads\/2020\/11\/Logo-PJ-New-1.png","contentUrl":"https:\/\/static.purejewels.com\/wp-content\/uploads\/2020\/11\/Logo-PJ-New-1.png","width":150,"height":80,"caption":"PureJewels UK"},"image":{"@id":"https:\/\/www.purejewels.com\/#\/schema\/logo\/image\/"}}]}},"_links":{"self":[{"href":"https:\/\/www.purejewels.com\/de\/wp-json\/wp\/v2\/product\/312498","targetHints":{"allow":["GET"]}}],"collection":[{"href":"https:\/\/www.purejewels.com\/de\/wp-json\/wp\/v2\/product"}],"about":[{"href":"https:\/\/www.purejewels.com\/de\/wp-json\/wp\/v2\/types\/product"}],"replies":[{"embeddable":true,"href":"https:\/\/www.purejewels.com\/de\/wp-json\/wp\/v2\/comments?post=312498"}],"version-history":[{"count":2,"href":"https:\/\/www.purejewels.com\/de\/wp-json\/wp\/v2\/product\/312498\/revisions"}],"predecessor-version":[{"id":427529,"href":"https:\/\/www.purejewels.com\/de\/wp-json\/wp\/v2\/product\/312498\/revisions\/427529"}],"wp:featuredmedia":[{"embeddable":true,"href":"https:\/\/www.purejewels.com\/de\/wp-json\/wp\/v2\/media\/312522"}],"wp:attachment":[{"href":"https:\/\/www.purejewels.com\/de\/wp-json\/wp\/v2\/media?parent=312498"}],"wp:term":[{"taxonomy":"product_brand","embeddable":true,"href":"https:\/\/www.purejewels.com\/de\/wp-json\/wp\/v2\/product_brand?post=312498"},{"taxonomy":"product_cat","embeddable":true,"href":"https:\/\/www.purejewels.com\/de\/wp-json\/wp\/v2\/product_cat?post=312498"},{"taxonomy":"product_tag","embeddable":true,"href":"https:\/\/www.purejewels.com\/de\/wp-json\/wp\/v2\/product_tag?post=312498"}],"curies":[{"name":"wp","href":"https:\/\/api.w.org\/{rel}","templated":true}]}}