{"id":312504,"date":"2020-02-10T05:55:39","date_gmt":"2020-02-10T05:55:39","guid":{"rendered":"https:\/\/www.purejewels.com\/?post_type=product&#038;p=312504"},"modified":"2026-01-06T06:58:51","modified_gmt":"2026-01-06T06:58:51","slug":"filigraner-ohrring-aus-22-karat-gold-32380","status":"publish","type":"product","link":"https:\/\/www.purejewels.com\/de\/product\/22-carat-gold-filigree-earring-32380\/","title":{"rendered":"22 Karat Gold Traditionelle Jali-Ohrringe"},"content":{"rendered":"<h3 data-start=\"648\" data-end=\"662\"><strong data-start=\"652\" data-end=\"662\">Gestaltung<\/strong><\/h3>\n<p data-start=\"663\" data-end=\"898\">Diese Ohrringe zeichnen sich durch eine traditionelle Tropfenform aus, die durch detaillierte Jali-Verzierungen und kunstvolle Perlenmotive bereichert wird. Ihre mehrschichtige Komposition und die zarten, baumelnden Elemente sorgen f\u00fcr einen auff\u00e4lligen Auftritt, der sich perfekt f\u00fcr festliche Anl\u00e4sse eignet.<\/p>\n<h3 data-start=\"900\" data-end=\"921\"><strong data-start=\"904\" data-end=\"921\">Handwerkliches K\u00f6nnen<\/strong><\/h3>\n<p data-start=\"922\" data-end=\"1187\">Jedes Paar ist aus reinem 22-kar\u00e4tigem Gold gefertigt und wurde mit traditionellen Techniken, die Pr\u00e4zision und Textur hervorheben, sorgf\u00e4ltig geformt. Die warme Oberfl\u00e4che unterstreicht die Eleganz des detaillierten Gittermusters. Vollst\u00e4ndig in Gro\u00dfbritannien punziert, was Reinheit und feine Handwerkskunst garantiert.<\/p>\n<h3 data-start=\"1189\" data-end=\"1214\"><strong data-start=\"1193\" data-end=\"1214\">Styling &amp; Geschenkartikel<\/strong><\/h3>\n<p data-start=\"1215\" data-end=\"1455\">Eine mutige und wundersch\u00f6ne Wahl f\u00fcr Hochzeiten, Festivals und besondere Familienfeiern. Diese Ohrringe lassen sich m\u00fchelos mit Saris, Lehengas und klassischer indischer Kleidung kombinieren. Ein bedeutungsvolles Geschenk, das Tradition, Kunstfertigkeit und wertvolle Momente repr\u00e4sentiert.<\/p>","protected":false},"excerpt":{"rendered":"<ul>\n<li>Filigraner 22 Karat Gold-Ohrring<\/li>\n<li>Gewicht: 16,3 g<\/li>\n<li>Sku 32380<\/li>\n<li>Alle Preise inklusive Mehrwertsteuer<\/li>\n<li>Alle unsere Produkte sind vom London Assay Office gestempelt.<\/li>\n<li>Alle Ohrringe aus reinem Gold werden in einer Geschenkbox geliefert.<\/li>\n<li>Lieferung inbegriffen<\/li>\n<li>Live-Chat mit uns auf Whatsapp f\u00fcr mehr Bilder und Video von unserem indischen Stil Braut Ohrringe.<\/li>\n<\/ul>","protected":false},"featured_media":314367,"comment_status":"closed","ping_status":"closed","template":"","meta":{"_eb_attr":"","_crsspst_to_jayantr4sg-hostcom":false},"product_brand":[],"product_cat":[1685,1254],"product_tag":[],"class_list":{"0":"post-312504","1":"product","2":"type-product","3":"status-publish","4":"has-post-thumbnail","6":"product_cat-drop-earrings","7":"product_cat-gold-earrings","9":"first","10":"outofstock","11":"taxable","12":"shipping-taxable","13":"product-type-simple","14":"add-to-wishlist-before_image"},"yoast_head":"<!-- This site is optimized with the Yoast SEO plugin v27.3 - https:\/\/yoast.com\/product\/yoast-seo-wordpress\/ -->\n<title>Heritage Jali Gold Drop Earrings | PureJewels UK<\/title>\n<meta name=\"description\" content=\"Statement 22ct gold jali drop earrings with intricate detailing. UK hallmarked. Ideal for festive styling, wedding wear and cherished gifting.\" \/>\n<meta name=\"robots\" content=\"index, follow, max-snippet:-1, max-image-preview:large, max-video-preview:-1\" \/>\n<link rel=\"canonical\" href=\"https:\/\/www.purejewels.com\/de\/produkt-2\/filigraner-ohrring-aus-22-karat-gold-32380\/\" \/>\n<meta property=\"og:locale\" content=\"de_DE\" \/>\n<meta property=\"og:type\" content=\"article\" \/>\n<meta property=\"og:title\" content=\"Heritage Jali Gold Drop Earrings | PureJewels UK\" \/>\n<meta property=\"og:description\" content=\"Statement 22ct gold jali drop earrings with intricate detailing. UK hallmarked. Ideal for festive styling, wedding wear and cherished gifting.\" \/>\n<meta property=\"og:url\" content=\"https:\/\/www.purejewels.com\/de\/produkt-2\/filigraner-ohrring-aus-22-karat-gold-32380\/\" \/>\n<meta property=\"og:site_name\" content=\"PureJewels UK\" \/>\n<meta property=\"article:modified_time\" content=\"2026-01-06T06:58:51+00:00\" \/>\n<meta property=\"og:image\" content=\"https:\/\/static.purejewels.com\/wp-content\/uploads\/2020\/05\/149771630.jpg\" \/>\n\t<meta property=\"og:image:width\" content=\"1000\" \/>\n\t<meta property=\"og:image:height\" content=\"1000\" \/>\n\t<meta property=\"og:image:type\" content=\"image\/jpeg\" \/>\n<meta name=\"twitter:card\" content=\"summary_large_image\" \/>\n<meta name=\"twitter:label1\" content=\"Gesch\u00e4tzte Lesezeit\" \/>\n\t<meta name=\"twitter:data1\" content=\"1\u00a0Minute\" \/>\n<script type=\"application\/ld+json\" class=\"yoast-schema-graph\">{\"@context\":\"https:\\\/\\\/schema.org\",\"@graph\":[{\"@type\":[\"WebPage\",\"ItemPage\"],\"@id\":\"https:\\\/\\\/www.purejewels.com\\\/product\\\/22-carat-gold-filigree-earring-32380\\\/\",\"url\":\"https:\\\/\\\/www.purejewels.com\\\/product\\\/22-carat-gold-filigree-earring-32380\\\/\",\"name\":\"Heritage Jali Gold Drop Earrings | PureJewels UK\",\"isPartOf\":{\"@id\":\"https:\\\/\\\/www.purejewels.com\\\/#website\"},\"primaryImageOfPage\":{\"@id\":\"https:\\\/\\\/www.purejewels.com\\\/product\\\/22-carat-gold-filigree-earring-32380\\\/#primaryimage\"},\"image\":{\"@id\":\"https:\\\/\\\/www.purejewels.com\\\/product\\\/22-carat-gold-filigree-earring-32380\\\/#primaryimage\"},\"thumbnailUrl\":\"https:\\\/\\\/static.purejewels.com\\\/wp-content\\\/uploads\\\/2020\\\/05\\\/149771630.jpg\",\"datePublished\":\"2020-02-10T05:55:39+00:00\",\"dateModified\":\"2026-01-06T06:58:51+00:00\",\"description\":\"Statement 22ct gold jali drop earrings with intricate detailing. UK hallmarked. Ideal for festive styling, wedding wear and cherished gifting.\",\"breadcrumb\":{\"@id\":\"https:\\\/\\\/www.purejewels.com\\\/product\\\/22-carat-gold-filigree-earring-32380\\\/#breadcrumb\"},\"inLanguage\":\"de\",\"potentialAction\":[{\"@type\":\"ReadAction\",\"target\":[\"https:\\\/\\\/www.purejewels.com\\\/product\\\/22-carat-gold-filigree-earring-32380\\\/\"]}]},{\"@type\":\"ImageObject\",\"inLanguage\":\"de\",\"@id\":\"https:\\\/\\\/www.purejewels.com\\\/product\\\/22-carat-gold-filigree-earring-32380\\\/#primaryimage\",\"url\":\"https:\\\/\\\/static.purejewels.com\\\/wp-content\\\/uploads\\\/2020\\\/05\\\/149771630.jpg\",\"contentUrl\":\"https:\\\/\\\/static.purejewels.com\\\/wp-content\\\/uploads\\\/2020\\\/05\\\/149771630.jpg\",\"width\":1000,\"height\":1000,\"caption\":\"22 Carat Gold Filigree Earringwt. 16.3gSku 32380All prices include VATAll our products are hallmarked by London Assay OfficeAll Pure Gold earrings Comes With Presentation BoxDelivery IncludedLive chat with us on Whatsapp for more images and video of our Indian style Bridal Earrings.\"},{\"@type\":\"BreadcrumbList\",\"@id\":\"https:\\\/\\\/www.purejewels.com\\\/product\\\/22-carat-gold-filigree-earring-32380\\\/#breadcrumb\",\"itemListElement\":[{\"@type\":\"ListItem\",\"position\":1,\"name\":\"Home\",\"item\":\"https:\\\/\\\/www.purejewels.com\\\/\"},{\"@type\":\"ListItem\",\"position\":2,\"name\":\"Shop\",\"item\":\"https:\\\/\\\/www.purejewels.com\\\/shop\\\/\"},{\"@type\":\"ListItem\",\"position\":3,\"name\":\"22ct Gold Traditional Jali Drop Earrings\"}]},{\"@type\":\"WebSite\",\"@id\":\"https:\\\/\\\/www.purejewels.com\\\/#website\",\"url\":\"https:\\\/\\\/www.purejewels.com\\\/\",\"name\":\"PureJewels UK\",\"description\":\"Share the Love\",\"publisher\":{\"@id\":\"https:\\\/\\\/www.purejewels.com\\\/#organization\"},\"potentialAction\":[{\"@type\":\"SearchAction\",\"target\":{\"@type\":\"EntryPoint\",\"urlTemplate\":\"https:\\\/\\\/www.purejewels.com\\\/?s={search_term_string}\"},\"query-input\":{\"@type\":\"PropertyValueSpecification\",\"valueRequired\":true,\"valueName\":\"search_term_string\"}}],\"inLanguage\":\"de\"},{\"@type\":\"Organization\",\"@id\":\"https:\\\/\\\/www.purejewels.com\\\/#organization\",\"name\":\"PureJewels UK\",\"url\":\"https:\\\/\\\/www.purejewels.com\\\/\",\"logo\":{\"@type\":\"ImageObject\",\"inLanguage\":\"de\",\"@id\":\"https:\\\/\\\/www.purejewels.com\\\/#\\\/schema\\\/logo\\\/image\\\/\",\"url\":\"https:\\\/\\\/static.purejewels.com\\\/wp-content\\\/uploads\\\/2020\\\/11\\\/Logo-PJ-New-1.png\",\"contentUrl\":\"https:\\\/\\\/static.purejewels.com\\\/wp-content\\\/uploads\\\/2020\\\/11\\\/Logo-PJ-New-1.png\",\"width\":150,\"height\":80,\"caption\":\"PureJewels UK\"},\"image\":{\"@id\":\"https:\\\/\\\/www.purejewels.com\\\/#\\\/schema\\\/logo\\\/image\\\/\"}}]}<\/script>\n<!-- \/ Yoast SEO plugin. -->","yoast_head_json":{"title":"Heritage Jali Gold-Ohrringe | PureJewels UK","description":"Statement-Ohrringe aus 22 Karat Gold mit Jali-Motiv und aufwendigen Details. Mit britischer Punzierung. Ideal f\u00fcr festliche Anl\u00e4sse, Hochzeiten und als wertvolles Geschenk.","robots":{"index":"index","follow":"follow","max-snippet":"max-snippet:-1","max-image-preview":"max-image-preview:large","max-video-preview":"max-video-preview:-1"},"canonical":"https:\/\/www.purejewels.com\/de\/produkt-2\/filigraner-ohrring-aus-22-karat-gold-32380\/","og_locale":"de_DE","og_type":"article","og_title":"Heritage Jali Gold Drop Earrings | PureJewels UK","og_description":"Statement 22ct gold jali drop earrings with intricate detailing. UK hallmarked. Ideal for festive styling, wedding wear and cherished gifting.","og_url":"https:\/\/www.purejewels.com\/de\/produkt-2\/filigraner-ohrring-aus-22-karat-gold-32380\/","og_site_name":"PureJewels UK","article_modified_time":"2026-01-06T06:58:51+00:00","og_image":[{"width":1000,"height":1000,"url":"https:\/\/static.purejewels.com\/wp-content\/uploads\/2020\/05\/149771630.jpg","type":"image\/jpeg"}],"twitter_card":"summary_large_image","twitter_misc":{"Gesch\u00e4tzte Lesezeit":"1\u00a0Minute"},"schema":{"@context":"https:\/\/schema.org","@graph":[{"@type":["WebPage","ItemPage"],"@id":"https:\/\/www.purejewels.com\/product\/22-carat-gold-filigree-earring-32380\/","url":"https:\/\/www.purejewels.com\/product\/22-carat-gold-filigree-earring-32380\/","name":"Heritage Jali Gold-Ohrringe | PureJewels UK","isPartOf":{"@id":"https:\/\/www.purejewels.com\/#website"},"primaryImageOfPage":{"@id":"https:\/\/www.purejewels.com\/product\/22-carat-gold-filigree-earring-32380\/#primaryimage"},"image":{"@id":"https:\/\/www.purejewels.com\/product\/22-carat-gold-filigree-earring-32380\/#primaryimage"},"thumbnailUrl":"https:\/\/static.purejewels.com\/wp-content\/uploads\/2020\/05\/149771630.jpg","datePublished":"2020-02-10T05:55:39+00:00","dateModified":"2026-01-06T06:58:51+00:00","description":"Statement-Ohrringe aus 22 Karat Gold mit Jali-Motiv und aufwendigen Details. Mit britischer Punzierung. Ideal f\u00fcr festliche Anl\u00e4sse, Hochzeiten und als wertvolles Geschenk.","breadcrumb":{"@id":"https:\/\/www.purejewels.com\/product\/22-carat-gold-filigree-earring-32380\/#breadcrumb"},"inLanguage":"de","potentialAction":[{"@type":"ReadAction","target":["https:\/\/www.purejewels.com\/product\/22-carat-gold-filigree-earring-32380\/"]}]},{"@type":"ImageObject","inLanguage":"de","@id":"https:\/\/www.purejewels.com\/product\/22-carat-gold-filigree-earring-32380\/#primaryimage","url":"https:\/\/static.purejewels.com\/wp-content\/uploads\/2020\/05\/149771630.jpg","contentUrl":"https:\/\/static.purejewels.com\/wp-content\/uploads\/2020\/05\/149771630.jpg","width":1000,"height":1000,"caption":"22 Carat Gold Filigree Earringwt. 16.3gSku 32380All prices include VATAll our products are hallmarked by London Assay OfficeAll Pure Gold earrings Comes With Presentation BoxDelivery IncludedLive chat with us on Whatsapp for more images and video of our Indian style Bridal Earrings."},{"@type":"BreadcrumbList","@id":"https:\/\/www.purejewels.com\/product\/22-carat-gold-filigree-earring-32380\/#breadcrumb","itemListElement":[{"@type":"ListItem","position":1,"name":"Home","item":"https:\/\/www.purejewels.com\/"},{"@type":"ListItem","position":2,"name":"Shop","item":"https:\/\/www.purejewels.com\/shop\/"},{"@type":"ListItem","position":3,"name":"22ct Gold Traditional Jali Drop Earrings"}]},{"@type":"WebSite","@id":"https:\/\/www.purejewels.com\/#website","url":"https:\/\/www.purejewels.com\/","name":"PureJewels UK","description":"Teile die Liebe","publisher":{"@id":"https:\/\/www.purejewels.com\/#organization"},"potentialAction":[{"@type":"SearchAction","target":{"@type":"EntryPoint","urlTemplate":"https:\/\/www.purejewels.com\/?s={search_term_string}"},"query-input":{"@type":"PropertyValueSpecification","valueRequired":true,"valueName":"search_term_string"}}],"inLanguage":"de"},{"@type":"Organization","@id":"https:\/\/www.purejewels.com\/#organization","name":"PureJewels UK","url":"https:\/\/www.purejewels.com\/","logo":{"@type":"ImageObject","inLanguage":"de","@id":"https:\/\/www.purejewels.com\/#\/schema\/logo\/image\/","url":"https:\/\/static.purejewels.com\/wp-content\/uploads\/2020\/11\/Logo-PJ-New-1.png","contentUrl":"https:\/\/static.purejewels.com\/wp-content\/uploads\/2020\/11\/Logo-PJ-New-1.png","width":150,"height":80,"caption":"PureJewels UK"},"image":{"@id":"https:\/\/www.purejewels.com\/#\/schema\/logo\/image\/"}}]}},"_links":{"self":[{"href":"https:\/\/www.purejewels.com\/de\/wp-json\/wp\/v2\/product\/312504","targetHints":{"allow":["GET"]}}],"collection":[{"href":"https:\/\/www.purejewels.com\/de\/wp-json\/wp\/v2\/product"}],"about":[{"href":"https:\/\/www.purejewels.com\/de\/wp-json\/wp\/v2\/types\/product"}],"replies":[{"embeddable":true,"href":"https:\/\/www.purejewels.com\/de\/wp-json\/wp\/v2\/comments?post=312504"}],"version-history":[{"count":2,"href":"https:\/\/www.purejewels.com\/de\/wp-json\/wp\/v2\/product\/312504\/revisions"}],"predecessor-version":[{"id":422730,"href":"https:\/\/www.purejewels.com\/de\/wp-json\/wp\/v2\/product\/312504\/revisions\/422730"}],"wp:featuredmedia":[{"embeddable":true,"href":"https:\/\/www.purejewels.com\/de\/wp-json\/wp\/v2\/media\/314367"}],"wp:attachment":[{"href":"https:\/\/www.purejewels.com\/de\/wp-json\/wp\/v2\/media?parent=312504"}],"wp:term":[{"taxonomy":"product_brand","embeddable":true,"href":"https:\/\/www.purejewels.com\/de\/wp-json\/wp\/v2\/product_brand?post=312504"},{"taxonomy":"product_cat","embeddable":true,"href":"https:\/\/www.purejewels.com\/de\/wp-json\/wp\/v2\/product_cat?post=312504"},{"taxonomy":"product_tag","embeddable":true,"href":"https:\/\/www.purejewels.com\/de\/wp-json\/wp\/v2\/product_tag?post=312504"}],"curies":[{"name":"wp","href":"https:\/\/api.w.org\/{rel}","templated":true}]}}