{"id":312530,"date":"2020-02-10T06:05:29","date_gmt":"2020-02-10T06:05:29","guid":{"rendered":"https:\/\/www.purejewels.com\/?post_type=product&#038;p=312530"},"modified":"2026-01-06T08:43:28","modified_gmt":"2026-01-06T08:43:28","slug":"jali-22ct-gold-filigran-halskette-32379","status":"publish","type":"product","link":"https:\/\/www.purejewels.com\/de\/product\/jali-22ct-gold-filigree-necklace-32379\/","title":{"rendered":"Jali Majestic Teardrop-Halskette aus 22 Karat Gold"},"content":{"rendered":"<p data-start=\"383\" data-end=\"693\">Die Jali Majestic Teardrop Halskette aus 22-kar\u00e4tigem Gold besteht aus einem skulpturalen Kragen, der mit filigranen und winzigen Perlenmotiven besetzt ist. In der Mitte leuchtet ein verzierter Tropfenanh\u00e4nger mit einem mehrschichtigen Gitterwerk und ist mit zarten Tropfen im Ghungroo-Stil versehen, die sich beim Gehen sanft bewegen.<\/p>\n<p data-start=\"695\" data-end=\"947\" data-is-last-node=\"\" data-is-only-node=\"\">Diese aus hochreinem 22-kar\u00e4tigem Gold gefertigte Halskette f\u00e4llt wundersch\u00f6n am Dekollet\u00e9 entlang und l\u00e4sst sich perfekt mit Braut-Saris, Lehengas und Anlasskleidung kombinieren. Das Schmuckst\u00fcck bringt W\u00e4rme, Textur und k\u00f6nigliche Pr\u00e4senz zu jeder Feier.<\/p>","protected":false},"excerpt":{"rendered":"<ul>\n<li>Jali 22ct Gold filigrane Halskette<\/li>\n<li>Gewicht : 44.1 g<\/li>\n<li>SKU. 32379<\/li>\n<li>Passende Ohrringe sind f\u00fcr diese Halskette erh\u00e4ltlich<\/li>\n<li>Alle Preise inklusive Mehrwertsteuer<\/li>\n<li>Alle unsere Produkte sind vom London Assay Office gestempelt.<\/li>\n<li>Alle Sets werden mit Pr\u00e4sentationsbox geliefert<\/li>\n<li>Lieferung inbegriffen<\/li>\n<li>Kontaktieren Sie uns \/ Chatten Sie mit uns, um mehr 22ct indischen Schmuck zu entdecken<\/li>\n<\/ul>","protected":false},"featured_media":313767,"comment_status":"closed","ping_status":"closed","template":"","meta":{"_eb_attr":"","_crsspst_to_jayantr4sg-hostcom":true},"product_brand":[],"product_cat":[1625,1782,1781,252],"product_tag":[],"class_list":{"0":"post-312530","1":"product","2":"type-product","3":"status-publish","4":"has-post-thumbnail","6":"product_cat-bridal-set","7":"product_cat-choker-necklaces","8":"product_cat-filligree-necklaces","9":"product_cat-jali-collections","11":"first","12":"outofstock","13":"taxable","14":"shipping-taxable","15":"product-type-simple","16":"add-to-wishlist-before_image"},"yoast_head":"<!-- This site is optimized with the Yoast SEO plugin v27.3 - https:\/\/yoast.com\/product\/yoast-seo-wordpress\/ -->\n<title>Jali Majestic Teardrop Necklace in 22ct Gold | PureJewels UK<\/title>\n<meta name=\"description\" content=\"Jali Majestic Teardrop necklace in 22ct gold, richly detailed with filigree, lattice textures and ghungroo drops \u2013 a luxurious choice for bridal and festive wear.\" \/>\n<meta name=\"robots\" content=\"index, follow, max-snippet:-1, max-image-preview:large, max-video-preview:-1\" \/>\n<link rel=\"canonical\" href=\"https:\/\/www.purejewels.com\/de\/produkt-2\/jali-22ct-gold-filigran-halskette-32379\/\" \/>\n<meta property=\"og:locale\" content=\"de_DE\" \/>\n<meta property=\"og:type\" content=\"article\" \/>\n<meta property=\"og:title\" content=\"Jali Majestic Teardrop Necklace in 22ct Gold | PureJewels UK\" \/>\n<meta property=\"og:description\" content=\"Jali Majestic Teardrop necklace in 22ct gold, richly detailed with filigree, lattice textures and ghungroo drops \u2013 a luxurious choice for bridal and festive wear.\" \/>\n<meta property=\"og:url\" content=\"https:\/\/www.purejewels.com\/de\/produkt-2\/jali-22ct-gold-filigran-halskette-32379\/\" \/>\n<meta property=\"og:site_name\" content=\"PureJewels UK\" \/>\n<meta property=\"article:modified_time\" content=\"2026-01-06T08:43:28+00:00\" \/>\n<meta property=\"og:image\" content=\"https:\/\/www.purejewels.com\/wp-content\/uploads\/2020\/04\/149771628.jpg\" \/>\n\t<meta property=\"og:image:width\" content=\"1000\" \/>\n\t<meta property=\"og:image:height\" content=\"1000\" \/>\n\t<meta property=\"og:image:type\" content=\"image\/jpeg\" \/>\n<meta name=\"twitter:card\" content=\"summary_large_image\" \/>\n<meta name=\"twitter:label1\" content=\"Gesch\u00e4tzte Lesezeit\" \/>\n\t<meta name=\"twitter:data1\" content=\"1\u00a0Minute\" \/>\n<script type=\"application\/ld+json\" class=\"yoast-schema-graph\">{\"@context\":\"https:\\\/\\\/schema.org\",\"@graph\":[{\"@type\":[\"WebPage\",\"ItemPage\"],\"@id\":\"https:\\\/\\\/www.purejewels.com\\\/product\\\/jali-22ct-gold-filigree-necklace-32379\\\/\",\"url\":\"https:\\\/\\\/www.purejewels.com\\\/product\\\/jali-22ct-gold-filigree-necklace-32379\\\/\",\"name\":\"Jali Majestic Teardrop Necklace in 22ct Gold | PureJewels UK\",\"isPartOf\":{\"@id\":\"https:\\\/\\\/www.purejewels.com\\\/#website\"},\"primaryImageOfPage\":{\"@id\":\"https:\\\/\\\/www.purejewels.com\\\/product\\\/jali-22ct-gold-filigree-necklace-32379\\\/#primaryimage\"},\"image\":{\"@id\":\"https:\\\/\\\/www.purejewels.com\\\/product\\\/jali-22ct-gold-filigree-necklace-32379\\\/#primaryimage\"},\"thumbnailUrl\":\"https:\\\/\\\/static.purejewels.com\\\/wp-content\\\/uploads\\\/2020\\\/04\\\/149771628.jpg\",\"datePublished\":\"2020-02-10T06:05:29+00:00\",\"dateModified\":\"2026-01-06T08:43:28+00:00\",\"description\":\"Jali Majestic Teardrop necklace in 22ct gold, richly detailed with filigree, lattice textures and ghungroo drops \u2013 a luxurious choice for bridal and festive wear.\",\"breadcrumb\":{\"@id\":\"https:\\\/\\\/www.purejewels.com\\\/product\\\/jali-22ct-gold-filigree-necklace-32379\\\/#breadcrumb\"},\"inLanguage\":\"de\",\"potentialAction\":[{\"@type\":\"ReadAction\",\"target\":[\"https:\\\/\\\/www.purejewels.com\\\/product\\\/jali-22ct-gold-filigree-necklace-32379\\\/\"]}]},{\"@type\":\"ImageObject\",\"inLanguage\":\"de\",\"@id\":\"https:\\\/\\\/www.purejewels.com\\\/product\\\/jali-22ct-gold-filigree-necklace-32379\\\/#primaryimage\",\"url\":\"https:\\\/\\\/static.purejewels.com\\\/wp-content\\\/uploads\\\/2020\\\/04\\\/149771628.jpg\",\"contentUrl\":\"https:\\\/\\\/static.purejewels.com\\\/wp-content\\\/uploads\\\/2020\\\/04\\\/149771628.jpg\",\"width\":1000,\"height\":1000,\"caption\":\"22ct gold necklace - 33627\"},{\"@type\":\"BreadcrumbList\",\"@id\":\"https:\\\/\\\/www.purejewels.com\\\/product\\\/jali-22ct-gold-filigree-necklace-32379\\\/#breadcrumb\",\"itemListElement\":[{\"@type\":\"ListItem\",\"position\":1,\"name\":\"Home\",\"item\":\"https:\\\/\\\/www.purejewels.com\\\/\"},{\"@type\":\"ListItem\",\"position\":2,\"name\":\"Shop\",\"item\":\"https:\\\/\\\/www.purejewels.com\\\/shop\\\/\"},{\"@type\":\"ListItem\",\"position\":3,\"name\":\"Jali Majestic Teardrop Necklace in 22ct Gold\"}]},{\"@type\":\"WebSite\",\"@id\":\"https:\\\/\\\/www.purejewels.com\\\/#website\",\"url\":\"https:\\\/\\\/www.purejewels.com\\\/\",\"name\":\"PureJewels UK\",\"description\":\"Share the Love\",\"publisher\":{\"@id\":\"https:\\\/\\\/www.purejewels.com\\\/#organization\"},\"potentialAction\":[{\"@type\":\"SearchAction\",\"target\":{\"@type\":\"EntryPoint\",\"urlTemplate\":\"https:\\\/\\\/www.purejewels.com\\\/?s={search_term_string}\"},\"query-input\":{\"@type\":\"PropertyValueSpecification\",\"valueRequired\":true,\"valueName\":\"search_term_string\"}}],\"inLanguage\":\"de\"},{\"@type\":\"Organization\",\"@id\":\"https:\\\/\\\/www.purejewels.com\\\/#organization\",\"name\":\"PureJewels UK\",\"url\":\"https:\\\/\\\/www.purejewels.com\\\/\",\"logo\":{\"@type\":\"ImageObject\",\"inLanguage\":\"de\",\"@id\":\"https:\\\/\\\/www.purejewels.com\\\/#\\\/schema\\\/logo\\\/image\\\/\",\"url\":\"https:\\\/\\\/static.purejewels.com\\\/wp-content\\\/uploads\\\/2020\\\/11\\\/Logo-PJ-New-1.png\",\"contentUrl\":\"https:\\\/\\\/static.purejewels.com\\\/wp-content\\\/uploads\\\/2020\\\/11\\\/Logo-PJ-New-1.png\",\"width\":150,\"height\":80,\"caption\":\"PureJewels UK\"},\"image\":{\"@id\":\"https:\\\/\\\/www.purejewels.com\\\/#\\\/schema\\\/logo\\\/image\\\/\"}}]}<\/script>\n<!-- \/ Yoast SEO plugin. -->","yoast_head_json":{"title":"Jali Majestic Teardrop Halskette in 22ct Gold | PureJewels UK","description":"Jali Majestic Teardrop-Halskette aus 22-kar\u00e4tigem Gold mit filigranen Details, Gitterstrukturen und Ghungroo-Tropfen - eine luxuri\u00f6se Wahl f\u00fcr Brautmode und festliche Anl\u00e4sse.","robots":{"index":"index","follow":"follow","max-snippet":"max-snippet:-1","max-image-preview":"max-image-preview:large","max-video-preview":"max-video-preview:-1"},"canonical":"https:\/\/www.purejewels.com\/de\/produkt-2\/jali-22ct-gold-filigran-halskette-32379\/","og_locale":"de_DE","og_type":"article","og_title":"Jali Majestic Teardrop Necklace in 22ct Gold | PureJewels UK","og_description":"Jali Majestic Teardrop necklace in 22ct gold, richly detailed with filigree, lattice textures and ghungroo drops \u2013 a luxurious choice for bridal and festive wear.","og_url":"https:\/\/www.purejewels.com\/de\/produkt-2\/jali-22ct-gold-filigran-halskette-32379\/","og_site_name":"PureJewels UK","article_modified_time":"2026-01-06T08:43:28+00:00","og_image":[{"width":1000,"height":1000,"url":"https:\/\/www.purejewels.com\/wp-content\/uploads\/2020\/04\/149771628.jpg","type":"image\/jpeg"}],"twitter_card":"summary_large_image","twitter_misc":{"Gesch\u00e4tzte Lesezeit":"1\u00a0Minute"},"schema":{"@context":"https:\/\/schema.org","@graph":[{"@type":["WebPage","ItemPage"],"@id":"https:\/\/www.purejewels.com\/product\/jali-22ct-gold-filigree-necklace-32379\/","url":"https:\/\/www.purejewels.com\/product\/jali-22ct-gold-filigree-necklace-32379\/","name":"Jali Majestic Teardrop Halskette in 22ct Gold | PureJewels UK","isPartOf":{"@id":"https:\/\/www.purejewels.com\/#website"},"primaryImageOfPage":{"@id":"https:\/\/www.purejewels.com\/product\/jali-22ct-gold-filigree-necklace-32379\/#primaryimage"},"image":{"@id":"https:\/\/www.purejewels.com\/product\/jali-22ct-gold-filigree-necklace-32379\/#primaryimage"},"thumbnailUrl":"https:\/\/static.purejewels.com\/wp-content\/uploads\/2020\/04\/149771628.jpg","datePublished":"2020-02-10T06:05:29+00:00","dateModified":"2026-01-06T08:43:28+00:00","description":"Jali Majestic Teardrop-Halskette aus 22-kar\u00e4tigem Gold mit filigranen Details, Gitterstrukturen und Ghungroo-Tropfen - eine luxuri\u00f6se Wahl f\u00fcr Brautmode und festliche Anl\u00e4sse.","breadcrumb":{"@id":"https:\/\/www.purejewels.com\/product\/jali-22ct-gold-filigree-necklace-32379\/#breadcrumb"},"inLanguage":"de","potentialAction":[{"@type":"ReadAction","target":["https:\/\/www.purejewels.com\/product\/jali-22ct-gold-filigree-necklace-32379\/"]}]},{"@type":"ImageObject","inLanguage":"de","@id":"https:\/\/www.purejewels.com\/product\/jali-22ct-gold-filigree-necklace-32379\/#primaryimage","url":"https:\/\/static.purejewels.com\/wp-content\/uploads\/2020\/04\/149771628.jpg","contentUrl":"https:\/\/static.purejewels.com\/wp-content\/uploads\/2020\/04\/149771628.jpg","width":1000,"height":1000,"caption":"22ct gold necklace - 33627"},{"@type":"BreadcrumbList","@id":"https:\/\/www.purejewels.com\/product\/jali-22ct-gold-filigree-necklace-32379\/#breadcrumb","itemListElement":[{"@type":"ListItem","position":1,"name":"Home","item":"https:\/\/www.purejewels.com\/"},{"@type":"ListItem","position":2,"name":"Shop","item":"https:\/\/www.purejewels.com\/shop\/"},{"@type":"ListItem","position":3,"name":"Jali Majestic Teardrop Necklace in 22ct Gold"}]},{"@type":"WebSite","@id":"https:\/\/www.purejewels.com\/#website","url":"https:\/\/www.purejewels.com\/","name":"PureJewels UK","description":"Teile die Liebe","publisher":{"@id":"https:\/\/www.purejewels.com\/#organization"},"potentialAction":[{"@type":"SearchAction","target":{"@type":"EntryPoint","urlTemplate":"https:\/\/www.purejewels.com\/?s={search_term_string}"},"query-input":{"@type":"PropertyValueSpecification","valueRequired":true,"valueName":"search_term_string"}}],"inLanguage":"de"},{"@type":"Organization","@id":"https:\/\/www.purejewels.com\/#organization","name":"PureJewels UK","url":"https:\/\/www.purejewels.com\/","logo":{"@type":"ImageObject","inLanguage":"de","@id":"https:\/\/www.purejewels.com\/#\/schema\/logo\/image\/","url":"https:\/\/static.purejewels.com\/wp-content\/uploads\/2020\/11\/Logo-PJ-New-1.png","contentUrl":"https:\/\/static.purejewels.com\/wp-content\/uploads\/2020\/11\/Logo-PJ-New-1.png","width":150,"height":80,"caption":"PureJewels UK"},"image":{"@id":"https:\/\/www.purejewels.com\/#\/schema\/logo\/image\/"}}]}},"_links":{"self":[{"href":"https:\/\/www.purejewels.com\/de\/wp-json\/wp\/v2\/product\/312530","targetHints":{"allow":["GET"]}}],"collection":[{"href":"https:\/\/www.purejewels.com\/de\/wp-json\/wp\/v2\/product"}],"about":[{"href":"https:\/\/www.purejewels.com\/de\/wp-json\/wp\/v2\/types\/product"}],"replies":[{"embeddable":true,"href":"https:\/\/www.purejewels.com\/de\/wp-json\/wp\/v2\/comments?post=312530"}],"version-history":[{"count":3,"href":"https:\/\/www.purejewels.com\/de\/wp-json\/wp\/v2\/product\/312530\/revisions"}],"predecessor-version":[{"id":421313,"href":"https:\/\/www.purejewels.com\/de\/wp-json\/wp\/v2\/product\/312530\/revisions\/421313"}],"wp:featuredmedia":[{"embeddable":true,"href":"https:\/\/www.purejewels.com\/de\/wp-json\/wp\/v2\/media\/313767"}],"wp:attachment":[{"href":"https:\/\/www.purejewels.com\/de\/wp-json\/wp\/v2\/media?parent=312530"}],"wp:term":[{"taxonomy":"product_brand","embeddable":true,"href":"https:\/\/www.purejewels.com\/de\/wp-json\/wp\/v2\/product_brand?post=312530"},{"taxonomy":"product_cat","embeddable":true,"href":"https:\/\/www.purejewels.com\/de\/wp-json\/wp\/v2\/product_cat?post=312530"},{"taxonomy":"product_tag","embeddable":true,"href":"https:\/\/www.purejewels.com\/de\/wp-json\/wp\/v2\/product_tag?post=312530"}],"curies":[{"name":"wp","href":"https:\/\/api.w.org\/{rel}","templated":true}]}}