{"id":312542,"date":"2020-02-10T06:28:53","date_gmt":"2020-02-10T06:28:53","guid":{"rendered":"https:\/\/www.purejewels.com\/?post_type=product&#038;p=312542"},"modified":"2026-01-08T11:30:03","modified_gmt":"2026-01-08T11:30:03","slug":"22ct-indisches-gold-jhumkha-32378","status":"publish","type":"product","link":"https:\/\/www.purejewels.com\/de\/product\/22ct-indian-gold-jhumkha-32378\/","title":{"rendered":"Traditionelle indische Jhumka-Ohrringe aus 22 Karat Gold"},"content":{"rendered":"<h4 data-start=\"927\" data-end=\"952\"><strong data-start=\"932\" data-end=\"950\">Designkonzept<\/strong><\/h4>\n<p data-start=\"953\" data-end=\"1330\">Inspiriert von der Pracht des Tempelschmucks und dem poetischen Rhythmus der klassischen indischen Ornamentik, interpretieren diese Ohrringe die traditionelle <em data-start=\"1098\" data-end=\"1106\">jhumka<\/em> mit raffinierter Eleganz. Die glockenf\u00f6rmige Silhouette, ein Symbol f\u00fcr Festlichkeit und Weiblichkeit, ist mit ornamentalen Strukturen versehen und wird von einem geschnitzten Medaillon gekr\u00f6nt - jede Linie spiegelt die Anmut der kulturellen Tradition wider.<\/p>\n<h4 data-start=\"1332\" data-end=\"1356\"><strong data-start=\"1337\" data-end=\"1354\">Handwerkliches K\u00f6nnen<\/strong><\/h4>\n<p data-start=\"1357\" data-end=\"1714\">Diese in London aus feinem 22-kar\u00e4tigem Gold handgefertigten Ohrringe werden mit Ehrfurcht vor traditionellen Techniken hergestellt. Zarte Perlenfransen werden einzeln angebracht und schwingen bei jeder Bewegung mit, w\u00e4hrend die abgestufte Kuppelstruktur sowohl f\u00fcr optische Tiefe als auch f\u00fcr Ausgewogenheit sorgt. Sie sind vom London Assay Office gestempelt und spiegeln Reinheit und handwerkliche Exzellenz wider.<\/p>\n<h4 data-start=\"1716\" data-end=\"1740\"><strong data-start=\"1721\" data-end=\"1738\">Styling-Ideen<\/strong><\/h4>\n<p data-start=\"1741\" data-end=\"2034\">Diese Jhumkas sind ideal f\u00fcr Brautkleider, Tempelzeremonien und festliche Anl\u00e4sse. Kombinieren Sie sie mit einem Seidensaree oder einer bestickten Lehenga f\u00fcr einen k\u00f6niglichen Look oder kontrastieren Sie sie mit einem minimalistischen Kleid f\u00fcr ein Fusion-Ensemble. Sie sind auch ein exquisites Geschenk, das Segen, Erbe und Sch\u00f6nheit symbolisiert.<\/p>","protected":false},"excerpt":{"rendered":"<p>Diese handgefertigten Jhumka-Ohrringe aus 22-kar\u00e4tigem Gold zeichnen sich durch ein von der Tradition inspiriertes Design mit kaskadenf\u00f6rmigen Perlen aus. Eine zeitlose Wahl f\u00fcr Brautpaare und festliche Anl\u00e4sse.<\/p>\n<ul>\n<li>22ct Indisches Gold Jhumkha<\/li>\n<li>Aus unserer beliebten Jali-Kollektion.<\/li>\n<li>Wt: 12,2 g<\/li>\n<li>Sku 32378<\/li>\n<li>Alle Preise inklusive Mehrwertsteuer<\/li>\n<li>Alle unsere Produkte sind vom London Assay Office gestempelt.<\/li>\n<li>Alle Sets werden mit Pr\u00e4sentationsbox geliefert<\/li>\n<li>Lieferung inbegriffen<\/li>\n<li>Live-Chat mit uns f\u00fcr die Verf\u00fcgbarkeit und mehr Bilder von \u00e4hnlichen Designs derzeit auf Lager<\/li>\n<\/ul>","protected":false},"featured_media":312544,"comment_status":"closed","ping_status":"closed","template":"","meta":{"_eb_attr":"","_crsspst_to_jayantr4sg-hostcom":true},"product_brand":[],"product_cat":[1254,252,1578,1574],"product_tag":[],"class_list":{"0":"post-312542","1":"product","2":"type-product","3":"status-publish","4":"has-post-thumbnail","6":"product_cat-gold-earrings","7":"product_cat-jali-collections","8":"product_cat-jhumkha-earrings","9":"product_cat-womens-jewellery","11":"first","12":"outofstock","13":"taxable","14":"shipping-taxable","15":"product-type-simple","16":"add-to-wishlist-before_image"},"yoast_head":"<!-- This site is optimized with the Yoast SEO plugin v27.5 - https:\/\/yoast.com\/product\/yoast-seo-wordpress\/ -->\n<title>Elegant 22ct Indian Gold Jhumka Earrings for Weddings &amp; Gifts<\/title>\n<meta name=\"description\" content=\"Explore our handcrafted 22ct gold jhumka earrings \u2013 a perfect blend of tradition and elegance. Ideal for weddings, gifting, and cultural celebrations.\" \/>\n<meta name=\"robots\" content=\"index, follow, max-snippet:-1, max-image-preview:large, max-video-preview:-1\" \/>\n<link rel=\"canonical\" href=\"https:\/\/www.purejewels.com\/de\/produkt-2\/22ct-indisches-gold-jhumkha-32378\/\" \/>\n<meta property=\"og:locale\" content=\"de_DE\" \/>\n<meta property=\"og:type\" content=\"article\" \/>\n<meta property=\"og:title\" content=\"Elegant 22ct Indian Gold Jhumka Earrings for Weddings &amp; Gifts\" \/>\n<meta property=\"og:description\" content=\"Explore our handcrafted 22ct gold jhumka earrings \u2013 a perfect blend of tradition and elegance. Ideal for weddings, gifting, and cultural celebrations.\" \/>\n<meta property=\"og:url\" content=\"https:\/\/www.purejewels.com\/de\/produkt-2\/22ct-indisches-gold-jhumkha-32378\/\" \/>\n<meta property=\"og:site_name\" content=\"PureJewels UK\" \/>\n<meta property=\"article:modified_time\" content=\"2026-01-08T11:30:03+00:00\" \/>\n<meta property=\"og:image\" content=\"https:\/\/static.purejewels.com\/wp-content\/uploads\/2020\/02\/32378.jpg\" \/>\n\t<meta property=\"og:image:width\" content=\"1000\" \/>\n\t<meta property=\"og:image:height\" content=\"1000\" \/>\n\t<meta property=\"og:image:type\" content=\"image\/jpeg\" \/>\n<meta name=\"twitter:card\" content=\"summary_large_image\" \/>\n<meta name=\"twitter:label1\" content=\"Gesch\u00e4tzte Lesezeit\" \/>\n\t<meta name=\"twitter:data1\" content=\"1\u00a0Minute\" \/>\n<script type=\"application\/ld+json\" class=\"yoast-schema-graph\">{\"@context\":\"https:\\\/\\\/schema.org\",\"@graph\":[{\"@type\":[\"WebPage\",\"ItemPage\"],\"@id\":\"https:\\\/\\\/www.purejewels.com\\\/product\\\/22ct-indian-gold-jhumkha-32378\\\/\",\"url\":\"https:\\\/\\\/www.purejewels.com\\\/product\\\/22ct-indian-gold-jhumkha-32378\\\/\",\"name\":\"Elegant 22ct Indian Gold Jhumka Earrings for Weddings & Gifts\",\"isPartOf\":{\"@id\":\"https:\\\/\\\/www.purejewels.com\\\/#website\"},\"primaryImageOfPage\":{\"@id\":\"https:\\\/\\\/www.purejewels.com\\\/product\\\/22ct-indian-gold-jhumkha-32378\\\/#primaryimage\"},\"image\":{\"@id\":\"https:\\\/\\\/www.purejewels.com\\\/product\\\/22ct-indian-gold-jhumkha-32378\\\/#primaryimage\"},\"thumbnailUrl\":\"https:\\\/\\\/static.purejewels.com\\\/wp-content\\\/uploads\\\/2020\\\/02\\\/32378.jpg\",\"datePublished\":\"2020-02-10T06:28:53+00:00\",\"dateModified\":\"2026-01-08T11:30:03+00:00\",\"description\":\"Explore our handcrafted 22ct gold jhumka earrings \u2013 a perfect blend of tradition and elegance. Ideal for weddings, gifting, and cultural celebrations.\",\"breadcrumb\":{\"@id\":\"https:\\\/\\\/www.purejewels.com\\\/product\\\/22ct-indian-gold-jhumkha-32378\\\/#breadcrumb\"},\"inLanguage\":\"de\",\"potentialAction\":[{\"@type\":\"ReadAction\",\"target\":[\"https:\\\/\\\/www.purejewels.com\\\/product\\\/22ct-indian-gold-jhumkha-32378\\\/\"]}]},{\"@type\":\"ImageObject\",\"inLanguage\":\"de\",\"@id\":\"https:\\\/\\\/www.purejewels.com\\\/product\\\/22ct-indian-gold-jhumkha-32378\\\/#primaryimage\",\"url\":\"https:\\\/\\\/static.purejewels.com\\\/wp-content\\\/uploads\\\/2020\\\/02\\\/32378.jpg\",\"contentUrl\":\"https:\\\/\\\/static.purejewels.com\\\/wp-content\\\/uploads\\\/2020\\\/02\\\/32378.jpg\",\"width\":1000,\"height\":1000,\"caption\":\"32378\"},{\"@type\":\"BreadcrumbList\",\"@id\":\"https:\\\/\\\/www.purejewels.com\\\/product\\\/22ct-indian-gold-jhumkha-32378\\\/#breadcrumb\",\"itemListElement\":[{\"@type\":\"ListItem\",\"position\":1,\"name\":\"Home\",\"item\":\"https:\\\/\\\/www.purejewels.com\\\/\"},{\"@type\":\"ListItem\",\"position\":2,\"name\":\"Shop\",\"item\":\"https:\\\/\\\/www.purejewels.com\\\/shop\\\/\"},{\"@type\":\"ListItem\",\"position\":3,\"name\":\"22ct Gold Traditional Indian Jhumka Earrings\"}]},{\"@type\":\"WebSite\",\"@id\":\"https:\\\/\\\/www.purejewels.com\\\/#website\",\"url\":\"https:\\\/\\\/www.purejewels.com\\\/\",\"name\":\"PureJewels UK\",\"description\":\"Share the Love\",\"publisher\":{\"@id\":\"https:\\\/\\\/www.purejewels.com\\\/#organization\"},\"potentialAction\":[{\"@type\":\"SearchAction\",\"target\":{\"@type\":\"EntryPoint\",\"urlTemplate\":\"https:\\\/\\\/www.purejewels.com\\\/?s={search_term_string}\"},\"query-input\":{\"@type\":\"PropertyValueSpecification\",\"valueRequired\":true,\"valueName\":\"search_term_string\"}}],\"inLanguage\":\"de\"},{\"@type\":\"Organization\",\"@id\":\"https:\\\/\\\/www.purejewels.com\\\/#organization\",\"name\":\"PureJewels UK\",\"url\":\"https:\\\/\\\/www.purejewels.com\\\/\",\"logo\":{\"@type\":\"ImageObject\",\"inLanguage\":\"de\",\"@id\":\"https:\\\/\\\/www.purejewels.com\\\/#\\\/schema\\\/logo\\\/image\\\/\",\"url\":\"https:\\\/\\\/static.purejewels.com\\\/wp-content\\\/uploads\\\/2020\\\/11\\\/Logo-PJ-New-1.png\",\"contentUrl\":\"https:\\\/\\\/static.purejewels.com\\\/wp-content\\\/uploads\\\/2020\\\/11\\\/Logo-PJ-New-1.png\",\"width\":150,\"height\":80,\"caption\":\"PureJewels UK\"},\"image\":{\"@id\":\"https:\\\/\\\/www.purejewels.com\\\/#\\\/schema\\\/logo\\\/image\\\/\"}}]}<\/script>\n<!-- \/ Yoast SEO plugin. -->","yoast_head_json":{"title":"Elegante Jhumka-Ohrringe aus 22 Karat indischem Gold f\u00fcr Hochzeiten und Geschenke","description":"Entdecken Sie unsere handgefertigten Jhumka-Ohrringe aus 22 Karat Gold - eine perfekte Mischung aus Tradition und Eleganz. Ideal f\u00fcr Hochzeiten, Geschenke und kulturelle Feste.","robots":{"index":"index","follow":"follow","max-snippet":"max-snippet:-1","max-image-preview":"max-image-preview:large","max-video-preview":"max-video-preview:-1"},"canonical":"https:\/\/www.purejewels.com\/de\/produkt-2\/22ct-indisches-gold-jhumkha-32378\/","og_locale":"de_DE","og_type":"article","og_title":"Elegant 22ct Indian Gold Jhumka Earrings for Weddings & Gifts","og_description":"Explore our handcrafted 22ct gold jhumka earrings \u2013 a perfect blend of tradition and elegance. Ideal for weddings, gifting, and cultural celebrations.","og_url":"https:\/\/www.purejewels.com\/de\/produkt-2\/22ct-indisches-gold-jhumkha-32378\/","og_site_name":"PureJewels UK","article_modified_time":"2026-01-08T11:30:03+00:00","og_image":[{"width":1000,"height":1000,"url":"https:\/\/static.purejewels.com\/wp-content\/uploads\/2020\/02\/32378.jpg","type":"image\/jpeg"}],"twitter_card":"summary_large_image","twitter_misc":{"Gesch\u00e4tzte Lesezeit":"1\u00a0Minute"},"schema":{"@context":"https:\/\/schema.org","@graph":[{"@type":["WebPage","ItemPage"],"@id":"https:\/\/www.purejewels.com\/product\/22ct-indian-gold-jhumkha-32378\/","url":"https:\/\/www.purejewels.com\/product\/22ct-indian-gold-jhumkha-32378\/","name":"Elegante Jhumka-Ohrringe aus 22 Karat indischem Gold f\u00fcr Hochzeiten und Geschenke","isPartOf":{"@id":"https:\/\/www.purejewels.com\/#website"},"primaryImageOfPage":{"@id":"https:\/\/www.purejewels.com\/product\/22ct-indian-gold-jhumkha-32378\/#primaryimage"},"image":{"@id":"https:\/\/www.purejewels.com\/product\/22ct-indian-gold-jhumkha-32378\/#primaryimage"},"thumbnailUrl":"https:\/\/static.purejewels.com\/wp-content\/uploads\/2020\/02\/32378.jpg","datePublished":"2020-02-10T06:28:53+00:00","dateModified":"2026-01-08T11:30:03+00:00","description":"Entdecken Sie unsere handgefertigten Jhumka-Ohrringe aus 22 Karat Gold - eine perfekte Mischung aus Tradition und Eleganz. Ideal f\u00fcr Hochzeiten, Geschenke und kulturelle Feste.","breadcrumb":{"@id":"https:\/\/www.purejewels.com\/product\/22ct-indian-gold-jhumkha-32378\/#breadcrumb"},"inLanguage":"de","potentialAction":[{"@type":"ReadAction","target":["https:\/\/www.purejewels.com\/product\/22ct-indian-gold-jhumkha-32378\/"]}]},{"@type":"ImageObject","inLanguage":"de","@id":"https:\/\/www.purejewels.com\/product\/22ct-indian-gold-jhumkha-32378\/#primaryimage","url":"https:\/\/static.purejewels.com\/wp-content\/uploads\/2020\/02\/32378.jpg","contentUrl":"https:\/\/static.purejewels.com\/wp-content\/uploads\/2020\/02\/32378.jpg","width":1000,"height":1000,"caption":"32378"},{"@type":"BreadcrumbList","@id":"https:\/\/www.purejewels.com\/product\/22ct-indian-gold-jhumkha-32378\/#breadcrumb","itemListElement":[{"@type":"ListItem","position":1,"name":"Home","item":"https:\/\/www.purejewels.com\/"},{"@type":"ListItem","position":2,"name":"Shop","item":"https:\/\/www.purejewels.com\/shop\/"},{"@type":"ListItem","position":3,"name":"22ct Gold Traditional Indian Jhumka Earrings"}]},{"@type":"WebSite","@id":"https:\/\/www.purejewels.com\/#website","url":"https:\/\/www.purejewels.com\/","name":"PureJewels UK","description":"Teile die Liebe","publisher":{"@id":"https:\/\/www.purejewels.com\/#organization"},"potentialAction":[{"@type":"SearchAction","target":{"@type":"EntryPoint","urlTemplate":"https:\/\/www.purejewels.com\/?s={search_term_string}"},"query-input":{"@type":"PropertyValueSpecification","valueRequired":true,"valueName":"search_term_string"}}],"inLanguage":"de"},{"@type":"Organization","@id":"https:\/\/www.purejewels.com\/#organization","name":"PureJewels UK","url":"https:\/\/www.purejewels.com\/","logo":{"@type":"ImageObject","inLanguage":"de","@id":"https:\/\/www.purejewels.com\/#\/schema\/logo\/image\/","url":"https:\/\/static.purejewels.com\/wp-content\/uploads\/2020\/11\/Logo-PJ-New-1.png","contentUrl":"https:\/\/static.purejewels.com\/wp-content\/uploads\/2020\/11\/Logo-PJ-New-1.png","width":150,"height":80,"caption":"PureJewels UK"},"image":{"@id":"https:\/\/www.purejewels.com\/#\/schema\/logo\/image\/"}}]}},"_links":{"self":[{"href":"https:\/\/www.purejewels.com\/de\/wp-json\/wp\/v2\/product\/312542","targetHints":{"allow":["GET"]}}],"collection":[{"href":"https:\/\/www.purejewels.com\/de\/wp-json\/wp\/v2\/product"}],"about":[{"href":"https:\/\/www.purejewels.com\/de\/wp-json\/wp\/v2\/types\/product"}],"replies":[{"embeddable":true,"href":"https:\/\/www.purejewels.com\/de\/wp-json\/wp\/v2\/comments?post=312542"}],"version-history":[{"count":3,"href":"https:\/\/www.purejewels.com\/de\/wp-json\/wp\/v2\/product\/312542\/revisions"}],"predecessor-version":[{"id":424355,"href":"https:\/\/www.purejewels.com\/de\/wp-json\/wp\/v2\/product\/312542\/revisions\/424355"}],"wp:featuredmedia":[{"embeddable":true,"href":"https:\/\/www.purejewels.com\/de\/wp-json\/wp\/v2\/media\/312544"}],"wp:attachment":[{"href":"https:\/\/www.purejewels.com\/de\/wp-json\/wp\/v2\/media?parent=312542"}],"wp:term":[{"taxonomy":"product_brand","embeddable":true,"href":"https:\/\/www.purejewels.com\/de\/wp-json\/wp\/v2\/product_brand?post=312542"},{"taxonomy":"product_cat","embeddable":true,"href":"https:\/\/www.purejewels.com\/de\/wp-json\/wp\/v2\/product_cat?post=312542"},{"taxonomy":"product_tag","embeddable":true,"href":"https:\/\/www.purejewels.com\/de\/wp-json\/wp\/v2\/product_tag?post=312542"}],"curies":[{"name":"wp","href":"https:\/\/api.w.org\/{rel}","templated":true}]}}