{"id":312623,"date":"2020-02-11T11:14:40","date_gmt":"2020-02-11T11:14:40","guid":{"rendered":"https:\/\/www.purejewels.com\/?post_type=product&#038;p=312623"},"modified":"2026-01-07T06:39:03","modified_gmt":"2026-01-07T06:39:03","slug":"vinyasa-pfauenring-aus-gelbgold-2","status":"publish","type":"product","link":"https:\/\/www.purejewels.com\/de\/product\/vinyasa-peacock-ring-in-yellow-gold-2\/","title":{"rendered":"Vinyasa Diamant-Pfauenring aus 18 Karat Gelbgold"},"content":{"rendered":"<p>Unsere Vinyasa-Kollektion ist von den verschiedenen Stimmungen der Pfauen inspiriert. In Indien sind Pfauenmotive in der Schmuckherstellung traditionell sehr beliebt. Pfauen sind Symbole f\u00fcr Liebe, Sch\u00f6nheit und Eleganz und werden daher manchmal in Chitai und Schnitzereien auf Schmuckst\u00fccken verwendet, und manchmal dienen ihre Silhouetten als Inspiration f\u00fcr die Struktur der Schmuckst\u00fccke. Dieser goldene Pfauenring wurde von unseren Karigar-Meistern aus reinem 18-kar\u00e4tigem Gold gefertigt. Dieser Ring ist kein gew\u00f6hnlicher Ring, er hat eine Silhouette, die ihn von allen anderen abhebt. Unser Pfauenring wurde von Grund auf von Hand gefertigt und beginnt mit einem sch\u00f6nen Pfauenmotiv in der Mitte mit einem modernen Touch. Dieser minimalistisch anmutende Ring von Purejewels ist mit kleinen Diamanten verziert, die strategisch platziert und zart verkrustet wurden.<\/p>\n<p>Pfauenring-Designs in Gold sind sehr begehrt und dieser Ring ist perfekt, um Ihrem Look sofortigen Glamour zu verleihen und ein Statement zu setzen, ohne dabei zu \u00fcbertreiben. Du k\u00f6nntest ihn zusammen mit mehr <a href=\"https:\/\/www.purejewels.com\/de\/product-category\/22ct-gold-jewellery\/gold-rings\/\">Ringe<\/a> von Purejewels oder auch andere St\u00fccke aus unserer Vinyasa-Kollektion, um Ihren Look zu vervollst\u00e4ndigen.<\/p>","protected":false},"excerpt":{"rendered":"<ul>\n<li>18ct Gelbgold<\/li>\n<li>Gewicht des Diamanten 0,02 ct.<\/li>\n<li>SKU. 28984<\/li>\n<li>Alle Preise inklusive Mehrwertsteuer<\/li>\n<li>18ct Gold gestempelt von London Assay Office<\/li>\n<li>Mit Pr\u00e4sentationsbox<\/li>\n<li>Lieferung inbegriffen<\/li>\n<li>Live-Chat mit uns f\u00fcr die Verf\u00fcgbarkeit und mehr Bilder von \u00e4hnlichen Designs derzeit auf Lager<\/li>\n<\/ul>","protected":false},"featured_media":312624,"comment_status":"closed","ping_status":"closed","template":"","meta":{"_eb_attr":"","_crsspst_to_jayantr4sg-hostcom":false},"product_brand":[],"product_cat":[5679,1679,1559,5457,5460,1783,1786,1480],"product_tag":[64],"class_list":{"0":"post-312623","1":"product","2":"type-product","3":"status-publish","4":"has-post-thumbnail","6":"product_cat-18ct-gold-jewellery","7":"product_cat-18ct-gold-rings","8":"product_cat-birthday-gifts","9":"product_cat-diamond-jewellery","10":"product_cat-diamond-ring","11":"product_cat-ladies-rings","12":"product_cat-occasional-wear-rings","13":"product_cat-vinyasa-collections","14":"product_tag-rings","16":"first","17":"outofstock","18":"taxable","19":"shipping-taxable","20":"product-type-simple","21":"add-to-wishlist-before_image"},"yoast_head":"<!-- This site is optimized with the Yoast SEO plugin v27.5 - https:\/\/yoast.com\/product\/yoast-seo-wordpress\/ -->\n<title>Vinyasa Diamond Peacock Ring in 18ct Yellow Gold | PureJewels<\/title>\n<meta name=\"description\" content=\"Celebrate grace and flow with the Vinyasa Peacock Ring in 18ct yellow gold. Accented with diamonds, it\u2019s a symbol of elegance in motion.\" \/>\n<meta name=\"robots\" content=\"index, follow, max-snippet:-1, max-image-preview:large, max-video-preview:-1\" \/>\n<link rel=\"canonical\" href=\"https:\/\/www.purejewels.com\/de\/produkt-2\/vinyasa-pfauenring-aus-gelbgold-2\/\" \/>\n<meta property=\"og:locale\" content=\"de_DE\" \/>\n<meta property=\"og:type\" content=\"article\" \/>\n<meta property=\"og:title\" content=\"Vinyasa Diamond Peacock Ring in 18ct Yellow Gold | PureJewels\" \/>\n<meta property=\"og:description\" content=\"Celebrate grace and flow with the Vinyasa Peacock Ring in 18ct yellow gold. Accented with diamonds, it\u2019s a symbol of elegance in motion.\" \/>\n<meta property=\"og:url\" content=\"https:\/\/www.purejewels.com\/de\/produkt-2\/vinyasa-pfauenring-aus-gelbgold-2\/\" \/>\n<meta property=\"og:site_name\" content=\"PureJewels UK\" \/>\n<meta property=\"article:modified_time\" content=\"2026-01-07T06:39:03+00:00\" \/>\n<meta property=\"og:image\" content=\"https:\/\/www.purejewels.com\/wp-content\/uploads\/2020\/02\/27784_1-scaled.jpg\" \/>\n\t<meta property=\"og:image:width\" content=\"1706\" \/>\n\t<meta property=\"og:image:height\" content=\"2560\" \/>\n\t<meta property=\"og:image:type\" content=\"image\/jpeg\" \/>\n<meta name=\"twitter:card\" content=\"summary_large_image\" \/>\n<meta name=\"twitter:label1\" content=\"Gesch\u00e4tzte Lesezeit\" \/>\n\t<meta name=\"twitter:data1\" content=\"2\u00a0Minuten\" \/>\n<script type=\"application\/ld+json\" class=\"yoast-schema-graph\">{\"@context\":\"https:\\\/\\\/schema.org\",\"@graph\":[{\"@type\":[\"WebPage\",\"ItemPage\"],\"@id\":\"https:\\\/\\\/www.purejewels.com\\\/product\\\/vinyasa-peacock-ring-in-yellow-gold-2\\\/\",\"url\":\"https:\\\/\\\/www.purejewels.com\\\/product\\\/vinyasa-peacock-ring-in-yellow-gold-2\\\/\",\"name\":\"Vinyasa Diamond Peacock Ring in 18ct Yellow Gold | PureJewels\",\"isPartOf\":{\"@id\":\"https:\\\/\\\/www.purejewels.com\\\/#website\"},\"primaryImageOfPage\":{\"@id\":\"https:\\\/\\\/www.purejewels.com\\\/product\\\/vinyasa-peacock-ring-in-yellow-gold-2\\\/#primaryimage\"},\"image\":{\"@id\":\"https:\\\/\\\/www.purejewels.com\\\/product\\\/vinyasa-peacock-ring-in-yellow-gold-2\\\/#primaryimage\"},\"thumbnailUrl\":\"https:\\\/\\\/static.purejewels.com\\\/wp-content\\\/uploads\\\/2020\\\/02\\\/27784_1-scaled.jpg\",\"datePublished\":\"2020-02-11T11:14:40+00:00\",\"dateModified\":\"2026-01-07T06:39:03+00:00\",\"description\":\"Celebrate grace and flow with the Vinyasa Peacock Ring in 18ct yellow gold. Accented with diamonds, it\u2019s a symbol of elegance in motion.\",\"breadcrumb\":{\"@id\":\"https:\\\/\\\/www.purejewels.com\\\/product\\\/vinyasa-peacock-ring-in-yellow-gold-2\\\/#breadcrumb\"},\"inLanguage\":\"de\",\"potentialAction\":[{\"@type\":\"ReadAction\",\"target\":[\"https:\\\/\\\/www.purejewels.com\\\/product\\\/vinyasa-peacock-ring-in-yellow-gold-2\\\/\"]}]},{\"@type\":\"ImageObject\",\"inLanguage\":\"de\",\"@id\":\"https:\\\/\\\/www.purejewels.com\\\/product\\\/vinyasa-peacock-ring-in-yellow-gold-2\\\/#primaryimage\",\"url\":\"https:\\\/\\\/static.purejewels.com\\\/wp-content\\\/uploads\\\/2020\\\/02\\\/27784_1-scaled.jpg\",\"contentUrl\":\"https:\\\/\\\/static.purejewels.com\\\/wp-content\\\/uploads\\\/2020\\\/02\\\/27784_1-scaled.jpg\",\"width\":1706,\"height\":2560,\"caption\":\"27784_1\"},{\"@type\":\"BreadcrumbList\",\"@id\":\"https:\\\/\\\/www.purejewels.com\\\/product\\\/vinyasa-peacock-ring-in-yellow-gold-2\\\/#breadcrumb\",\"itemListElement\":[{\"@type\":\"ListItem\",\"position\":1,\"name\":\"Home\",\"item\":\"https:\\\/\\\/www.purejewels.com\\\/\"},{\"@type\":\"ListItem\",\"position\":2,\"name\":\"Shop\",\"item\":\"https:\\\/\\\/www.purejewels.com\\\/shop\\\/\"},{\"@type\":\"ListItem\",\"position\":3,\"name\":\"Vinyasa Diamond Peacock Ring in 18ct Yellow Gold\"}]},{\"@type\":\"WebSite\",\"@id\":\"https:\\\/\\\/www.purejewels.com\\\/#website\",\"url\":\"https:\\\/\\\/www.purejewels.com\\\/\",\"name\":\"PureJewels UK\",\"description\":\"Share the Love\",\"publisher\":{\"@id\":\"https:\\\/\\\/www.purejewels.com\\\/#organization\"},\"potentialAction\":[{\"@type\":\"SearchAction\",\"target\":{\"@type\":\"EntryPoint\",\"urlTemplate\":\"https:\\\/\\\/www.purejewels.com\\\/?s={search_term_string}\"},\"query-input\":{\"@type\":\"PropertyValueSpecification\",\"valueRequired\":true,\"valueName\":\"search_term_string\"}}],\"inLanguage\":\"de\"},{\"@type\":\"Organization\",\"@id\":\"https:\\\/\\\/www.purejewels.com\\\/#organization\",\"name\":\"PureJewels UK\",\"url\":\"https:\\\/\\\/www.purejewels.com\\\/\",\"logo\":{\"@type\":\"ImageObject\",\"inLanguage\":\"de\",\"@id\":\"https:\\\/\\\/www.purejewels.com\\\/#\\\/schema\\\/logo\\\/image\\\/\",\"url\":\"https:\\\/\\\/static.purejewels.com\\\/wp-content\\\/uploads\\\/2020\\\/11\\\/Logo-PJ-New-1.png\",\"contentUrl\":\"https:\\\/\\\/static.purejewels.com\\\/wp-content\\\/uploads\\\/2020\\\/11\\\/Logo-PJ-New-1.png\",\"width\":150,\"height\":80,\"caption\":\"PureJewels UK\"},\"image\":{\"@id\":\"https:\\\/\\\/www.purejewels.com\\\/#\\\/schema\\\/logo\\\/image\\\/\"}}]}<\/script>\n<!-- \/ Yoast SEO plugin. -->","yoast_head_json":{"title":"Vinyasa Diamant-Pfauenring aus 18 Karat Gelbgold | PureJewels","description":"Feiern Sie Anmut und Fluss mit dem Vinyasa Peacock Ring aus 18 Karat Gelbgold. Mit Diamanten akzentuiert, ist er ein Symbol f\u00fcr Eleganz in Bewegung.","robots":{"index":"index","follow":"follow","max-snippet":"max-snippet:-1","max-image-preview":"max-image-preview:large","max-video-preview":"max-video-preview:-1"},"canonical":"https:\/\/www.purejewels.com\/de\/produkt-2\/vinyasa-pfauenring-aus-gelbgold-2\/","og_locale":"de_DE","og_type":"article","og_title":"Vinyasa Diamond Peacock Ring in 18ct Yellow Gold | PureJewels","og_description":"Celebrate grace and flow with the Vinyasa Peacock Ring in 18ct yellow gold. Accented with diamonds, it\u2019s a symbol of elegance in motion.","og_url":"https:\/\/www.purejewels.com\/de\/produkt-2\/vinyasa-pfauenring-aus-gelbgold-2\/","og_site_name":"PureJewels UK","article_modified_time":"2026-01-07T06:39:03+00:00","og_image":[{"width":1706,"height":2560,"url":"https:\/\/www.purejewels.com\/wp-content\/uploads\/2020\/02\/27784_1-scaled.jpg","type":"image\/jpeg"}],"twitter_card":"summary_large_image","twitter_misc":{"Gesch\u00e4tzte Lesezeit":"2\u00a0Minuten"},"schema":{"@context":"https:\/\/schema.org","@graph":[{"@type":["WebPage","ItemPage"],"@id":"https:\/\/www.purejewels.com\/product\/vinyasa-peacock-ring-in-yellow-gold-2\/","url":"https:\/\/www.purejewels.com\/product\/vinyasa-peacock-ring-in-yellow-gold-2\/","name":"Vinyasa Diamant-Pfauenring aus 18 Karat Gelbgold | PureJewels","isPartOf":{"@id":"https:\/\/www.purejewels.com\/#website"},"primaryImageOfPage":{"@id":"https:\/\/www.purejewels.com\/product\/vinyasa-peacock-ring-in-yellow-gold-2\/#primaryimage"},"image":{"@id":"https:\/\/www.purejewels.com\/product\/vinyasa-peacock-ring-in-yellow-gold-2\/#primaryimage"},"thumbnailUrl":"https:\/\/static.purejewels.com\/wp-content\/uploads\/2020\/02\/27784_1-scaled.jpg","datePublished":"2020-02-11T11:14:40+00:00","dateModified":"2026-01-07T06:39:03+00:00","description":"Feiern Sie Anmut und Fluss mit dem Vinyasa Peacock Ring aus 18 Karat Gelbgold. Mit Diamanten akzentuiert, ist er ein Symbol f\u00fcr Eleganz in Bewegung.","breadcrumb":{"@id":"https:\/\/www.purejewels.com\/product\/vinyasa-peacock-ring-in-yellow-gold-2\/#breadcrumb"},"inLanguage":"de","potentialAction":[{"@type":"ReadAction","target":["https:\/\/www.purejewels.com\/product\/vinyasa-peacock-ring-in-yellow-gold-2\/"]}]},{"@type":"ImageObject","inLanguage":"de","@id":"https:\/\/www.purejewels.com\/product\/vinyasa-peacock-ring-in-yellow-gold-2\/#primaryimage","url":"https:\/\/static.purejewels.com\/wp-content\/uploads\/2020\/02\/27784_1-scaled.jpg","contentUrl":"https:\/\/static.purejewels.com\/wp-content\/uploads\/2020\/02\/27784_1-scaled.jpg","width":1706,"height":2560,"caption":"27784_1"},{"@type":"BreadcrumbList","@id":"https:\/\/www.purejewels.com\/product\/vinyasa-peacock-ring-in-yellow-gold-2\/#breadcrumb","itemListElement":[{"@type":"ListItem","position":1,"name":"Home","item":"https:\/\/www.purejewels.com\/"},{"@type":"ListItem","position":2,"name":"Shop","item":"https:\/\/www.purejewels.com\/shop\/"},{"@type":"ListItem","position":3,"name":"Vinyasa Diamond Peacock Ring in 18ct Yellow Gold"}]},{"@type":"WebSite","@id":"https:\/\/www.purejewels.com\/#website","url":"https:\/\/www.purejewels.com\/","name":"PureJewels UK","description":"Teile die Liebe","publisher":{"@id":"https:\/\/www.purejewels.com\/#organization"},"potentialAction":[{"@type":"SearchAction","target":{"@type":"EntryPoint","urlTemplate":"https:\/\/www.purejewels.com\/?s={search_term_string}"},"query-input":{"@type":"PropertyValueSpecification","valueRequired":true,"valueName":"search_term_string"}}],"inLanguage":"de"},{"@type":"Organization","@id":"https:\/\/www.purejewels.com\/#organization","name":"PureJewels UK","url":"https:\/\/www.purejewels.com\/","logo":{"@type":"ImageObject","inLanguage":"de","@id":"https:\/\/www.purejewels.com\/#\/schema\/logo\/image\/","url":"https:\/\/static.purejewels.com\/wp-content\/uploads\/2020\/11\/Logo-PJ-New-1.png","contentUrl":"https:\/\/static.purejewels.com\/wp-content\/uploads\/2020\/11\/Logo-PJ-New-1.png","width":150,"height":80,"caption":"PureJewels UK"},"image":{"@id":"https:\/\/www.purejewels.com\/#\/schema\/logo\/image\/"}}]}},"_links":{"self":[{"href":"https:\/\/www.purejewels.com\/de\/wp-json\/wp\/v2\/product\/312623","targetHints":{"allow":["GET"]}}],"collection":[{"href":"https:\/\/www.purejewels.com\/de\/wp-json\/wp\/v2\/product"}],"about":[{"href":"https:\/\/www.purejewels.com\/de\/wp-json\/wp\/v2\/types\/product"}],"replies":[{"embeddable":true,"href":"https:\/\/www.purejewels.com\/de\/wp-json\/wp\/v2\/comments?post=312623"}],"version-history":[{"count":3,"href":"https:\/\/www.purejewels.com\/de\/wp-json\/wp\/v2\/product\/312623\/revisions"}],"predecessor-version":[{"id":421090,"href":"https:\/\/www.purejewels.com\/de\/wp-json\/wp\/v2\/product\/312623\/revisions\/421090"}],"wp:featuredmedia":[{"embeddable":true,"href":"https:\/\/www.purejewels.com\/de\/wp-json\/wp\/v2\/media\/312624"}],"wp:attachment":[{"href":"https:\/\/www.purejewels.com\/de\/wp-json\/wp\/v2\/media?parent=312623"}],"wp:term":[{"taxonomy":"product_brand","embeddable":true,"href":"https:\/\/www.purejewels.com\/de\/wp-json\/wp\/v2\/product_brand?post=312623"},{"taxonomy":"product_cat","embeddable":true,"href":"https:\/\/www.purejewels.com\/de\/wp-json\/wp\/v2\/product_cat?post=312623"},{"taxonomy":"product_tag","embeddable":true,"href":"https:\/\/www.purejewels.com\/de\/wp-json\/wp\/v2\/product_tag?post=312623"}],"curies":[{"name":"wp","href":"https:\/\/api.w.org\/{rel}","templated":true}]}}