{"id":312695,"date":"2020-02-28T10:16:42","date_gmt":"2020-02-28T10:16:42","guid":{"rendered":"https:\/\/www.purejewels.com\/?post_type=product&#038;p=312695"},"modified":"2026-03-17T09:03:58","modified_gmt":"2026-03-17T09:03:58","slug":"diya-kollektion-22-kt-gold-ring","status":"publish","type":"product","link":"https:\/\/www.purejewels.com\/de\/product\/diya-collection-22ct-gold-ring\/","title":{"rendered":"Diya Kollektion 22ct Gold Diamant Crossover Ring"},"content":{"rendered":"<p>Gestaltung<br \/>\nInspiriert vom sanften Schein einer Diya, ist dieser Ring mit flie\u00dfenden, sich kreuzenden B\u00e4ndern versehen, die sich elegant um den Finger winden. Feine Reihen von Diamanten zeichnen jede Kurve nach und f\u00fchren zu einem zarten Cluster in der Mitte, der f\u00fcr Fokus und Licht sorgt. Die mehrschichtige Silhouette schafft Tiefe und sorgt gleichzeitig f\u00fcr eine raffinierte und ausgewogene Pr\u00e4senz.<\/p>\n<p>Handwerkliches K\u00f6nnen<br \/>\nDer aus 22-kar\u00e4tigem Gold gefertigte Ring strahlt einen warmen Glanz aus, der die Brillanz der einzelnen Diamanten hervorhebt. Die Steine werden sorgf\u00e4ltig von Hand entlang der B\u00e4nder gefasst, um gleichm\u00e4\u00dfige Abst\u00e4nde und eine glatte Oberfl\u00e4che zu gew\u00e4hrleisten. Jedes St\u00fcck ist im Vereinigten K\u00f6nigreich gestempelt, was die Reinheit des Goldes und die Integrit\u00e4t der Handwerkskunst best\u00e4tigt.<\/p>\n<p>Styling &amp; Geschenkartikel<br \/>\nDieser Ring ist ein auff\u00e4lliges Einzelst\u00fcck, l\u00e4sst sich aber auch wunderbar mit einfachen Goldb\u00e4ndern kombinieren, um einen mehrschichtigen Look zu erzielen. Er ist ideal f\u00fcr festliche Anl\u00e4sse und sinnvolle Geschenke und spiegelt sowohl Tradition als auch moderne Eleganz wider. Eine durchdachte Wahl f\u00fcr Geburtstage, Jahrestage oder Momente, die es verdienen, in Erinnerung zu bleiben.<\/p>","protected":false},"excerpt":{"rendered":"<ul>\n<li>22ct Gold Damenring mit ungeschliffenen Polki-Diamanten<\/li>\n<li>Ungeschliffener Polki-Diamant, Gewicht: 0,37 Karat<\/li>\n<li>Gewicht des Rings in 22ct Gold ist 3.7 grm<\/li>\n<li>Ring Gr\u00f6\u00dfe : M 1\/2<\/li>\n<li>SKU. 32673<\/li>\n<li>22ct Gold gestempelt von London Assay Office<\/li>\n<li>Mit Pr\u00e4sentationsbox<\/li>\n<li>Lieferung inbegriffen<\/li>\n<li>Alle Preise inklusive Mehrwertsteuer<\/li>\n<li>Live-Chat mit uns f\u00fcr die Verf\u00fcgbarkeit und mehr Bilder von \u00e4hnlichen Designs derzeit auf Lager<\/li>\n<\/ul>","protected":false},"featured_media":315875,"comment_status":"closed","ping_status":"closed","template":"","meta":{"_eb_attr":"","_crsspst_to_jayantr4sg-hostcom":false},"product_brand":[],"product_cat":[1791,1559,254,1235,1783,1786,1573,1574],"product_tag":[],"class_list":{"0":"post-312695","1":"product","2":"type-product","3":"status-publish","4":"has-post-thumbnail","6":"product_cat-anniversary-gifts","7":"product_cat-birthday-gifts","8":"product_cat-diya-collections","9":"product_cat-gold-rings","10":"product_cat-ladies-rings","11":"product_cat-occasional-wear-rings","12":"product_cat-wedding-gifts","13":"product_cat-womens-jewellery","15":"first","16":"outofstock","17":"taxable","18":"shipping-taxable","19":"product-type-simple","20":"add-to-wishlist-before_image"},"yoast_head":"<!-- This site is optimized with the Yoast SEO plugin v27.3 - https:\/\/yoast.com\/product\/yoast-seo-wordpress\/ -->\n<title>Diya Collection 22ct Gold Diamond Ring Size M 1\/2 | PureJewels<\/title>\n<meta name=\"description\" content=\"Explore the Diya Collection 22ct gold diamond crossover ring featuring layered bands and a delicate cluster centre. Handcrafted and UK hallmarked for purity.\" \/>\n<meta name=\"robots\" content=\"index, follow, max-snippet:-1, max-image-preview:large, max-video-preview:-1\" \/>\n<link rel=\"canonical\" href=\"https:\/\/www.purejewels.com\/de\/produkt-2\/diya-kollektion-22-kt-gold-ring\/\" \/>\n<meta property=\"og:locale\" content=\"de_DE\" \/>\n<meta property=\"og:type\" content=\"article\" \/>\n<meta property=\"og:title\" content=\"Diya Collection 22ct Gold Diamond Ring Size M 1\/2 | PureJewels\" \/>\n<meta property=\"og:description\" content=\"Explore the Diya Collection 22ct gold diamond crossover ring featuring layered bands and a delicate cluster centre. Handcrafted and UK hallmarked for purity.\" \/>\n<meta property=\"og:url\" content=\"https:\/\/www.purejewels.com\/de\/produkt-2\/diya-kollektion-22-kt-gold-ring\/\" \/>\n<meta property=\"og:site_name\" content=\"PureJewels UK\" \/>\n<meta property=\"article:modified_time\" content=\"2026-03-17T09:03:58+00:00\" \/>\n<meta property=\"og:image\" content=\"https:\/\/static.purejewels.com\/wp-content\/uploads\/2020\/07\/image175924856.jpg\" \/>\n\t<meta property=\"og:image:width\" content=\"1000\" \/>\n\t<meta property=\"og:image:height\" content=\"1000\" \/>\n\t<meta property=\"og:image:type\" content=\"image\/jpeg\" \/>\n<meta name=\"twitter:card\" content=\"summary_large_image\" \/>\n<meta name=\"twitter:label1\" content=\"Gesch\u00e4tzte Lesezeit\" \/>\n\t<meta name=\"twitter:data1\" content=\"1\u00a0Minute\" \/>\n<script type=\"application\/ld+json\" class=\"yoast-schema-graph\">{\"@context\":\"https:\\\/\\\/schema.org\",\"@graph\":[{\"@type\":[\"WebPage\",\"ItemPage\"],\"@id\":\"https:\\\/\\\/www.purejewels.com\\\/product\\\/diya-collection-22ct-gold-ring\\\/\",\"url\":\"https:\\\/\\\/www.purejewels.com\\\/product\\\/diya-collection-22ct-gold-ring\\\/\",\"name\":\"Diya Collection 22ct Gold Diamond Ring Size M 1\\\/2 | PureJewels\",\"isPartOf\":{\"@id\":\"https:\\\/\\\/www.purejewels.com\\\/#website\"},\"primaryImageOfPage\":{\"@id\":\"https:\\\/\\\/www.purejewels.com\\\/product\\\/diya-collection-22ct-gold-ring\\\/#primaryimage\"},\"image\":{\"@id\":\"https:\\\/\\\/www.purejewels.com\\\/product\\\/diya-collection-22ct-gold-ring\\\/#primaryimage\"},\"thumbnailUrl\":\"https:\\\/\\\/static.purejewels.com\\\/wp-content\\\/uploads\\\/2020\\\/07\\\/image175924856.jpg\",\"datePublished\":\"2020-02-28T10:16:42+00:00\",\"dateModified\":\"2026-03-17T09:03:58+00:00\",\"description\":\"Explore the Diya Collection 22ct gold diamond crossover ring featuring layered bands and a delicate cluster centre. Handcrafted and UK hallmarked for purity.\",\"breadcrumb\":{\"@id\":\"https:\\\/\\\/www.purejewels.com\\\/product\\\/diya-collection-22ct-gold-ring\\\/#breadcrumb\"},\"inLanguage\":\"de\",\"potentialAction\":[{\"@type\":\"ReadAction\",\"target\":[\"https:\\\/\\\/www.purejewels.com\\\/product\\\/diya-collection-22ct-gold-ring\\\/\"]}]},{\"@type\":\"ImageObject\",\"inLanguage\":\"de\",\"@id\":\"https:\\\/\\\/www.purejewels.com\\\/product\\\/diya-collection-22ct-gold-ring\\\/#primaryimage\",\"url\":\"https:\\\/\\\/static.purejewels.com\\\/wp-content\\\/uploads\\\/2020\\\/07\\\/image175924856.jpg\",\"contentUrl\":\"https:\\\/\\\/static.purejewels.com\\\/wp-content\\\/uploads\\\/2020\\\/07\\\/image175924856.jpg\",\"width\":1000,\"height\":1000,\"caption\":\"22ct Gold Ladies Ring With Uncut Polki DiamondsUncut Polki Diamond\u00a0 wt. 0.37ct caratsWeight of the Ring\u00a0 in 22ct gold is 3.7 grmRing Size : M 1\\\/2SKU. 3267322ct Gold\u00a0Hallmarked by London Assay OfficeComes With Presentation BoxDelivery IncludedAll prices include VATLive chat with us for availability and more images of similar designs currently in stock\"},{\"@type\":\"BreadcrumbList\",\"@id\":\"https:\\\/\\\/www.purejewels.com\\\/product\\\/diya-collection-22ct-gold-ring\\\/#breadcrumb\",\"itemListElement\":[{\"@type\":\"ListItem\",\"position\":1,\"name\":\"Home\",\"item\":\"https:\\\/\\\/www.purejewels.com\\\/\"},{\"@type\":\"ListItem\",\"position\":2,\"name\":\"Shop\",\"item\":\"https:\\\/\\\/www.purejewels.com\\\/shop\\\/\"},{\"@type\":\"ListItem\",\"position\":3,\"name\":\"Diya Collection 22ct Gold Diamond Crossover Ring\"}]},{\"@type\":\"WebSite\",\"@id\":\"https:\\\/\\\/www.purejewels.com\\\/#website\",\"url\":\"https:\\\/\\\/www.purejewels.com\\\/\",\"name\":\"PureJewels UK\",\"description\":\"Share the Love\",\"publisher\":{\"@id\":\"https:\\\/\\\/www.purejewels.com\\\/#organization\"},\"potentialAction\":[{\"@type\":\"SearchAction\",\"target\":{\"@type\":\"EntryPoint\",\"urlTemplate\":\"https:\\\/\\\/www.purejewels.com\\\/?s={search_term_string}\"},\"query-input\":{\"@type\":\"PropertyValueSpecification\",\"valueRequired\":true,\"valueName\":\"search_term_string\"}}],\"inLanguage\":\"de\"},{\"@type\":\"Organization\",\"@id\":\"https:\\\/\\\/www.purejewels.com\\\/#organization\",\"name\":\"PureJewels UK\",\"url\":\"https:\\\/\\\/www.purejewels.com\\\/\",\"logo\":{\"@type\":\"ImageObject\",\"inLanguage\":\"de\",\"@id\":\"https:\\\/\\\/www.purejewels.com\\\/#\\\/schema\\\/logo\\\/image\\\/\",\"url\":\"https:\\\/\\\/static.purejewels.com\\\/wp-content\\\/uploads\\\/2020\\\/11\\\/Logo-PJ-New-1.png\",\"contentUrl\":\"https:\\\/\\\/static.purejewels.com\\\/wp-content\\\/uploads\\\/2020\\\/11\\\/Logo-PJ-New-1.png\",\"width\":150,\"height\":80,\"caption\":\"PureJewels UK\"},\"image\":{\"@id\":\"https:\\\/\\\/www.purejewels.com\\\/#\\\/schema\\\/logo\\\/image\\\/\"}}]}<\/script>\n<!-- \/ Yoast SEO plugin. -->","yoast_head_json":{"title":"Diya Sammlung 22ct Gold Diamond Ring Gr\u00f6\u00dfe M 1\/2 | PureJewels","description":"Entdecken Sie den Diya Collection 22ct gold diamond crossover ring mit mehrschichtigen B\u00e4ndern und einem zarten Cluster in der Mitte. Handgefertigt und in Gro\u00dfbritannien f\u00fcr Reinheit gestempelt.","robots":{"index":"index","follow":"follow","max-snippet":"max-snippet:-1","max-image-preview":"max-image-preview:large","max-video-preview":"max-video-preview:-1"},"canonical":"https:\/\/www.purejewels.com\/de\/produkt-2\/diya-kollektion-22-kt-gold-ring\/","og_locale":"de_DE","og_type":"article","og_title":"Diya Collection 22ct Gold Diamond Ring Size M 1\/2 | PureJewels","og_description":"Explore the Diya Collection 22ct gold diamond crossover ring featuring layered bands and a delicate cluster centre. Handcrafted and UK hallmarked for purity.","og_url":"https:\/\/www.purejewels.com\/de\/produkt-2\/diya-kollektion-22-kt-gold-ring\/","og_site_name":"PureJewels UK","article_modified_time":"2026-03-17T09:03:58+00:00","og_image":[{"width":1000,"height":1000,"url":"https:\/\/static.purejewels.com\/wp-content\/uploads\/2020\/07\/image175924856.jpg","type":"image\/jpeg"}],"twitter_card":"summary_large_image","twitter_misc":{"Gesch\u00e4tzte Lesezeit":"1\u00a0Minute"},"schema":{"@context":"https:\/\/schema.org","@graph":[{"@type":["WebPage","ItemPage"],"@id":"https:\/\/www.purejewels.com\/product\/diya-collection-22ct-gold-ring\/","url":"https:\/\/www.purejewels.com\/product\/diya-collection-22ct-gold-ring\/","name":"Diya Sammlung 22ct Gold Diamond Ring Gr\u00f6\u00dfe M 1\/2 | PureJewels","isPartOf":{"@id":"https:\/\/www.purejewels.com\/#website"},"primaryImageOfPage":{"@id":"https:\/\/www.purejewels.com\/product\/diya-collection-22ct-gold-ring\/#primaryimage"},"image":{"@id":"https:\/\/www.purejewels.com\/product\/diya-collection-22ct-gold-ring\/#primaryimage"},"thumbnailUrl":"https:\/\/static.purejewels.com\/wp-content\/uploads\/2020\/07\/image175924856.jpg","datePublished":"2020-02-28T10:16:42+00:00","dateModified":"2026-03-17T09:03:58+00:00","description":"Entdecken Sie den Diya Collection 22ct gold diamond crossover ring mit mehrschichtigen B\u00e4ndern und einem zarten Cluster in der Mitte. Handgefertigt und in Gro\u00dfbritannien f\u00fcr Reinheit gestempelt.","breadcrumb":{"@id":"https:\/\/www.purejewels.com\/product\/diya-collection-22ct-gold-ring\/#breadcrumb"},"inLanguage":"de","potentialAction":[{"@type":"ReadAction","target":["https:\/\/www.purejewels.com\/product\/diya-collection-22ct-gold-ring\/"]}]},{"@type":"ImageObject","inLanguage":"de","@id":"https:\/\/www.purejewels.com\/product\/diya-collection-22ct-gold-ring\/#primaryimage","url":"https:\/\/static.purejewels.com\/wp-content\/uploads\/2020\/07\/image175924856.jpg","contentUrl":"https:\/\/static.purejewels.com\/wp-content\/uploads\/2020\/07\/image175924856.jpg","width":1000,"height":1000,"caption":"22ct Gold Ladies Ring With Uncut Polki DiamondsUncut Polki Diamond\u00a0 wt. 0.37ct caratsWeight of the Ring\u00a0 in 22ct gold is 3.7 grmRing Size : M 1\/2SKU. 3267322ct Gold\u00a0Hallmarked by London Assay OfficeComes With Presentation BoxDelivery IncludedAll prices include VATLive chat with us for availability and more images of similar designs currently in stock"},{"@type":"BreadcrumbList","@id":"https:\/\/www.purejewels.com\/product\/diya-collection-22ct-gold-ring\/#breadcrumb","itemListElement":[{"@type":"ListItem","position":1,"name":"Home","item":"https:\/\/www.purejewels.com\/"},{"@type":"ListItem","position":2,"name":"Shop","item":"https:\/\/www.purejewels.com\/shop\/"},{"@type":"ListItem","position":3,"name":"Diya Collection 22ct Gold Diamond Crossover Ring"}]},{"@type":"WebSite","@id":"https:\/\/www.purejewels.com\/#website","url":"https:\/\/www.purejewels.com\/","name":"PureJewels UK","description":"Teile die Liebe","publisher":{"@id":"https:\/\/www.purejewels.com\/#organization"},"potentialAction":[{"@type":"SearchAction","target":{"@type":"EntryPoint","urlTemplate":"https:\/\/www.purejewels.com\/?s={search_term_string}"},"query-input":{"@type":"PropertyValueSpecification","valueRequired":true,"valueName":"search_term_string"}}],"inLanguage":"de"},{"@type":"Organization","@id":"https:\/\/www.purejewels.com\/#organization","name":"PureJewels UK","url":"https:\/\/www.purejewels.com\/","logo":{"@type":"ImageObject","inLanguage":"de","@id":"https:\/\/www.purejewels.com\/#\/schema\/logo\/image\/","url":"https:\/\/static.purejewels.com\/wp-content\/uploads\/2020\/11\/Logo-PJ-New-1.png","contentUrl":"https:\/\/static.purejewels.com\/wp-content\/uploads\/2020\/11\/Logo-PJ-New-1.png","width":150,"height":80,"caption":"PureJewels UK"},"image":{"@id":"https:\/\/www.purejewels.com\/#\/schema\/logo\/image\/"}}]}},"_links":{"self":[{"href":"https:\/\/www.purejewels.com\/de\/wp-json\/wp\/v2\/product\/312695","targetHints":{"allow":["GET"]}}],"collection":[{"href":"https:\/\/www.purejewels.com\/de\/wp-json\/wp\/v2\/product"}],"about":[{"href":"https:\/\/www.purejewels.com\/de\/wp-json\/wp\/v2\/types\/product"}],"replies":[{"embeddable":true,"href":"https:\/\/www.purejewels.com\/de\/wp-json\/wp\/v2\/comments?post=312695"}],"version-history":[{"count":1,"href":"https:\/\/www.purejewels.com\/de\/wp-json\/wp\/v2\/product\/312695\/revisions"}],"predecessor-version":[{"id":427233,"href":"https:\/\/www.purejewels.com\/de\/wp-json\/wp\/v2\/product\/312695\/revisions\/427233"}],"wp:featuredmedia":[{"embeddable":true,"href":"https:\/\/www.purejewels.com\/de\/wp-json\/wp\/v2\/media\/315875"}],"wp:attachment":[{"href":"https:\/\/www.purejewels.com\/de\/wp-json\/wp\/v2\/media?parent=312695"}],"wp:term":[{"taxonomy":"product_brand","embeddable":true,"href":"https:\/\/www.purejewels.com\/de\/wp-json\/wp\/v2\/product_brand?post=312695"},{"taxonomy":"product_cat","embeddable":true,"href":"https:\/\/www.purejewels.com\/de\/wp-json\/wp\/v2\/product_cat?post=312695"},{"taxonomy":"product_tag","embeddable":true,"href":"https:\/\/www.purejewels.com\/de\/wp-json\/wp\/v2\/product_tag?post=312695"}],"curies":[{"name":"wp","href":"https:\/\/api.w.org\/{rel}","templated":true}]}}