{"id":312705,"date":"2020-02-19T06:45:34","date_gmt":"2020-02-19T06:45:34","guid":{"rendered":"https:\/\/www.purejewels.com\/?post_type=product&#038;p=312705"},"modified":"2025-11-25T08:12:00","modified_gmt":"2025-11-25T08:12:00","slug":"diya-22-kt-gold-ohrstecker-32687","status":"publish","type":"product","link":"https:\/\/www.purejewels.com\/de\/product\/diya-22ct-gold-stud-earring-32687\/","title":{"rendered":"Diya 22 Karat Gold Polki Medaillon Ohrstecker"},"content":{"rendered":"<h3 data-start=\"200\" data-end=\"224\"><strong data-start=\"204\" data-end=\"222\">Designkonzept<\/strong><\/h3>\n<p data-start=\"225\" data-end=\"645\">Die <em data-start=\"229\" data-end=\"267\">Diya 22 Karat Gold Polki Medaillon Ohrstecker<\/em> sind von antiken Medaillons inspiriert \u2013 Symbolen f\u00fcr Licht, Sch\u00f6nheit und zeitlose Feierlichkeit. Ihr kreisf\u00f6rmiges Design spiegelt Kontinuit\u00e4t und Anmut wider, mit einem strahlenden Zentrum aus Polki-Diamanten, umgeben von einem sanften Heiligenschein aus rosafarbenen Steinen. Diese Ohrringe fangen den Geist von Festlichkeit und stiller St\u00e4rke ein und spiegeln die Essenz der Diya-Kollektion wider \u2013 jeden Moment mit Bedeutung zu erhellen.<\/p>\n<h3 data-start=\"652\" data-end=\"675\"><strong data-start=\"656\" data-end=\"673\">Handwerkliches K\u00f6nnen<\/strong><\/h3>\n<p data-start=\"676\" data-end=\"1235\">Diese eleganten Ohrstecker sind aus 22 Karat Gold handgefertigt und verf\u00fcgen \u00fcber eine zentrale Anordnung von ungeschliffenen <em data-start=\"757\" data-end=\"764\">Polki<\/em> Diamanten, umrahmt von einem Ring aus rosafarbenen Edelsteinen, die alle sorgf\u00e4ltig von Hand gefasst wurden. Die Komposition ist kompakt und dennoch auff\u00e4llig \u2013 sie verbindet den Charme der alten Welt mit raffinierten Details. Die offene Polki-Fassung l\u00e4sst nat\u00fcrliches Licht einfallen, wodurch jeder Diamant noch mehr strahlt, und die Medaillonform wird durch einen polierten Goldrand abgerundet, der f\u00fcr zeitlose Eleganz sorgt. Getreu der Tradition von PureJewels zeugt jedes Detail von traditioneller Handwerkskunst und durchdachter Kunstfertigkeit.<\/p>\n<h3 data-start=\"1242\" data-end=\"1265\"><strong data-start=\"1246\" data-end=\"1263\">Styling-Ideen<\/strong><\/h3>\n<p data-start=\"1266\" data-end=\"1704\">Diese vielseitigen Medaillon-Ohrstecker werten sowohl Alltags- als auch Festtagskleidung auf. Kombinieren Sie sie mit einer Seidenbluse oder einem Sari f\u00fcr subtile Opulenz oder tragen Sie sie mit einem Blazer und zur\u00fcckgebundenen Haaren f\u00fcr einen modernen Look. Ihre warme Farbpalette passt sowohl zu neutralen als auch zu Juwelenfarben, w\u00e4hrend ihre kompakte Form sie ideal als Geschenk oder Schmuck f\u00fcr Brautpartys macht. Zur\u00fcckhaltend und doch voller Seele, sind sie ein perfekter Hauch von traditioneller Eleganz.<\/p>","protected":false},"excerpt":{"rendered":"<ul>\n<li>Diya 22 Karat Gold Ohrstecker mit ungeschliffenen Polki-Diamanten<\/li>\n<li>Das Gewicht des Ohrrings  aus 22 Karat Gold betr\u00e4gt 2 Gramm.<\/li>\n<li>Ungeschliffener Polki-Diamant, Gewicht 0,12 ct<\/li>\n<li>SKU. 32687<\/li>\n<li>Alle Preise inklusive Mehrwertsteuer<\/li>\n<li>22ct Gold gestempelt von London Assay Office<\/li>\n<li>Mit Pr\u00e4sentationsbox<\/li>\n<li>Lieferung inbegriffen<\/li>\n<li>Kontaktieren Sie uns \/ Live-Chat mit uns F\u00fcr ein Video von besonderen Geschenken aus unserer Muttertag Schmuck Geschenke Kollektion<\/li>\n<\/ul>","protected":false},"featured_media":313080,"comment_status":"closed","ping_status":"closed","template":"","meta":{"_eb_attr":"","_crsspst_to_jayantr4sg-hostcom":false},"product_brand":[],"product_cat":[1559,254,1254,1570,1577,1573,1574],"product_tag":[],"class_list":{"0":"post-312705","1":"product","2":"type-product","3":"status-publish","4":"has-post-thumbnail","6":"product_cat-birthday-gifts","7":"product_cat-diya-collections","8":"product_cat-gold-earrings","9":"product_cat-mothers-day-gifts","10":"product_cat-stud-earrings","11":"product_cat-wedding-gifts","12":"product_cat-womens-jewellery","14":"first","15":"outofstock","16":"taxable","17":"shipping-taxable","18":"product-type-simple","19":"add-to-wishlist-before_image"},"yoast_head":"<!-- This site is optimized with the Yoast SEO plugin v27.3 - https:\/\/yoast.com\/product\/yoast-seo-wordpress\/ -->\n<title>Diya 22ct Gold Polki Medallion Studs - PureJewels UK<\/title>\n<meta name=\"robots\" content=\"index, follow, max-snippet:-1, max-image-preview:large, max-video-preview:-1\" \/>\n<link rel=\"canonical\" href=\"https:\/\/www.purejewels.com\/de\/produkt-2\/diya-22-kt-gold-ohrstecker-32687\/\" \/>\n<meta property=\"og:locale\" content=\"de_DE\" \/>\n<meta property=\"og:type\" content=\"article\" \/>\n<meta property=\"og:title\" content=\"Diya 22ct Gold Polki Medallion Studs - PureJewels UK\" \/>\n<meta property=\"og:description\" content=\"Diya 22ct Gold Stud Earrings\u00a0With Uncut Polki Diamonds  Weight of the Earring\u00a0 in 22ct gold is 2 gms  Uncut Polki Diamond wt. 0.12 ct  SKU. 32687  All prices include VAT  22ct Gold Hallmarked by London Assay Office  Comes With Presentation Box  Delivery Included  Contact us \/ Live chat with us For a video of special gifts from our Mother\u2019s Day Jewellery gifts\u00a0 collection\" \/>\n<meta property=\"og:url\" content=\"https:\/\/www.purejewels.com\/de\/produkt-2\/diya-22-kt-gold-ohrstecker-32687\/\" \/>\n<meta property=\"og:site_name\" content=\"PureJewels UK\" \/>\n<meta property=\"article:modified_time\" content=\"2025-11-25T08:12:00+00:00\" \/>\n<meta property=\"og:image\" content=\"https:\/\/www.purejewels.com\/wp-content\/uploads\/2020\/03\/152152504.jpg\" \/>\n\t<meta property=\"og:image:width\" content=\"1000\" \/>\n\t<meta property=\"og:image:height\" content=\"1000\" \/>\n\t<meta property=\"og:image:type\" content=\"image\/jpeg\" \/>\n<meta name=\"twitter:card\" content=\"summary_large_image\" \/>\n<meta name=\"twitter:label1\" content=\"Gesch\u00e4tzte Lesezeit\" \/>\n\t<meta name=\"twitter:data1\" content=\"2\u00a0Minuten\" \/>\n<script type=\"application\/ld+json\" class=\"yoast-schema-graph\">{\"@context\":\"https:\\\/\\\/schema.org\",\"@graph\":[{\"@type\":[\"WebPage\",\"ItemPage\"],\"@id\":\"https:\\\/\\\/www.purejewels.com\\\/product\\\/diya-22ct-gold-stud-earring-32687\\\/\",\"url\":\"https:\\\/\\\/www.purejewels.com\\\/product\\\/diya-22ct-gold-stud-earring-32687\\\/\",\"name\":\"Diya 22ct Gold Polki Medallion Studs - PureJewels UK\",\"isPartOf\":{\"@id\":\"https:\\\/\\\/www.purejewels.com\\\/#website\"},\"primaryImageOfPage\":{\"@id\":\"https:\\\/\\\/www.purejewels.com\\\/product\\\/diya-22ct-gold-stud-earring-32687\\\/#primaryimage\"},\"image\":{\"@id\":\"https:\\\/\\\/www.purejewels.com\\\/product\\\/diya-22ct-gold-stud-earring-32687\\\/#primaryimage\"},\"thumbnailUrl\":\"https:\\\/\\\/static.purejewels.com\\\/wp-content\\\/uploads\\\/2020\\\/03\\\/152152504.jpg\",\"datePublished\":\"2020-02-19T06:45:34+00:00\",\"dateModified\":\"2025-11-25T08:12:00+00:00\",\"breadcrumb\":{\"@id\":\"https:\\\/\\\/www.purejewels.com\\\/product\\\/diya-22ct-gold-stud-earring-32687\\\/#breadcrumb\"},\"inLanguage\":\"de\",\"potentialAction\":[{\"@type\":\"ReadAction\",\"target\":[\"https:\\\/\\\/www.purejewels.com\\\/product\\\/diya-22ct-gold-stud-earring-32687\\\/\"]}]},{\"@type\":\"ImageObject\",\"inLanguage\":\"de\",\"@id\":\"https:\\\/\\\/www.purejewels.com\\\/product\\\/diya-22ct-gold-stud-earring-32687\\\/#primaryimage\",\"url\":\"https:\\\/\\\/static.purejewels.com\\\/wp-content\\\/uploads\\\/2020\\\/03\\\/152152504.jpg\",\"contentUrl\":\"https:\\\/\\\/static.purejewels.com\\\/wp-content\\\/uploads\\\/2020\\\/03\\\/152152504.jpg\",\"width\":1000,\"height\":1000,\"caption\":\"Diya 22ct Gold Stud Earrings\u00a0With Uncut Polki DiamondsWeight of the Earring\u00a0 in 22ct gold is 2 gmsUncut Polki Diamond\u00a0 wt. 0.12 ctSKU. 32687All prices include VAT22ct Gold Hallmarked by London Assay OfficeComes With Presentation BoxDelivery IncludedLive chat with us for availability and more images of similar designs currently in stock\"},{\"@type\":\"BreadcrumbList\",\"@id\":\"https:\\\/\\\/www.purejewels.com\\\/product\\\/diya-22ct-gold-stud-earring-32687\\\/#breadcrumb\",\"itemListElement\":[{\"@type\":\"ListItem\",\"position\":1,\"name\":\"Home\",\"item\":\"https:\\\/\\\/www.purejewels.com\\\/\"},{\"@type\":\"ListItem\",\"position\":2,\"name\":\"Shop\",\"item\":\"https:\\\/\\\/www.purejewels.com\\\/shop\\\/\"},{\"@type\":\"ListItem\",\"position\":3,\"name\":\"Diya 22ct Gold Polki Medallion Studs\"}]},{\"@type\":\"WebSite\",\"@id\":\"https:\\\/\\\/www.purejewels.com\\\/#website\",\"url\":\"https:\\\/\\\/www.purejewels.com\\\/\",\"name\":\"PureJewels UK\",\"description\":\"Share the Love\",\"publisher\":{\"@id\":\"https:\\\/\\\/www.purejewels.com\\\/#organization\"},\"potentialAction\":[{\"@type\":\"SearchAction\",\"target\":{\"@type\":\"EntryPoint\",\"urlTemplate\":\"https:\\\/\\\/www.purejewels.com\\\/?s={search_term_string}\"},\"query-input\":{\"@type\":\"PropertyValueSpecification\",\"valueRequired\":true,\"valueName\":\"search_term_string\"}}],\"inLanguage\":\"de\"},{\"@type\":\"Organization\",\"@id\":\"https:\\\/\\\/www.purejewels.com\\\/#organization\",\"name\":\"PureJewels UK\",\"url\":\"https:\\\/\\\/www.purejewels.com\\\/\",\"logo\":{\"@type\":\"ImageObject\",\"inLanguage\":\"de\",\"@id\":\"https:\\\/\\\/www.purejewels.com\\\/#\\\/schema\\\/logo\\\/image\\\/\",\"url\":\"https:\\\/\\\/static.purejewels.com\\\/wp-content\\\/uploads\\\/2020\\\/11\\\/Logo-PJ-New-1.png\",\"contentUrl\":\"https:\\\/\\\/static.purejewels.com\\\/wp-content\\\/uploads\\\/2020\\\/11\\\/Logo-PJ-New-1.png\",\"width\":150,\"height\":80,\"caption\":\"PureJewels UK\"},\"image\":{\"@id\":\"https:\\\/\\\/www.purejewels.com\\\/#\\\/schema\\\/logo\\\/image\\\/\"}}]}<\/script>\n<!-- \/ Yoast SEO plugin. -->","yoast_head_json":{"title":"Diya 22 Karat Gold Polki Medaillon Ohrstecker \u2013 PureJewels UK","robots":{"index":"index","follow":"follow","max-snippet":"max-snippet:-1","max-image-preview":"max-image-preview:large","max-video-preview":"max-video-preview:-1"},"canonical":"https:\/\/www.purejewels.com\/de\/produkt-2\/diya-22-kt-gold-ohrstecker-32687\/","og_locale":"de_DE","og_type":"article","og_title":"Diya 22ct Gold Polki Medallion Studs - PureJewels UK","og_description":"Diya 22ct Gold Stud Earrings\u00a0With Uncut Polki Diamonds  Weight of the Earring\u00a0 in 22ct gold is 2 gms  Uncut Polki Diamond wt. 0.12 ct  SKU. 32687  All prices include VAT  22ct Gold Hallmarked by London Assay Office  Comes With Presentation Box  Delivery Included  Contact us \/ Live chat with us For a video of special gifts from our Mother\u2019s Day Jewellery gifts\u00a0 collection","og_url":"https:\/\/www.purejewels.com\/de\/produkt-2\/diya-22-kt-gold-ohrstecker-32687\/","og_site_name":"PureJewels UK","article_modified_time":"2025-11-25T08:12:00+00:00","og_image":[{"width":1000,"height":1000,"url":"https:\/\/www.purejewels.com\/wp-content\/uploads\/2020\/03\/152152504.jpg","type":"image\/jpeg"}],"twitter_card":"summary_large_image","twitter_misc":{"Gesch\u00e4tzte Lesezeit":"2\u00a0Minuten"},"schema":{"@context":"https:\/\/schema.org","@graph":[{"@type":["WebPage","ItemPage"],"@id":"https:\/\/www.purejewels.com\/product\/diya-22ct-gold-stud-earring-32687\/","url":"https:\/\/www.purejewels.com\/product\/diya-22ct-gold-stud-earring-32687\/","name":"Diya 22 Karat Gold Polki Medaillon Ohrstecker \u2013 PureJewels UK","isPartOf":{"@id":"https:\/\/www.purejewels.com\/#website"},"primaryImageOfPage":{"@id":"https:\/\/www.purejewels.com\/product\/diya-22ct-gold-stud-earring-32687\/#primaryimage"},"image":{"@id":"https:\/\/www.purejewels.com\/product\/diya-22ct-gold-stud-earring-32687\/#primaryimage"},"thumbnailUrl":"https:\/\/static.purejewels.com\/wp-content\/uploads\/2020\/03\/152152504.jpg","datePublished":"2020-02-19T06:45:34+00:00","dateModified":"2025-11-25T08:12:00+00:00","breadcrumb":{"@id":"https:\/\/www.purejewels.com\/product\/diya-22ct-gold-stud-earring-32687\/#breadcrumb"},"inLanguage":"de","potentialAction":[{"@type":"ReadAction","target":["https:\/\/www.purejewels.com\/product\/diya-22ct-gold-stud-earring-32687\/"]}]},{"@type":"ImageObject","inLanguage":"de","@id":"https:\/\/www.purejewels.com\/product\/diya-22ct-gold-stud-earring-32687\/#primaryimage","url":"https:\/\/static.purejewels.com\/wp-content\/uploads\/2020\/03\/152152504.jpg","contentUrl":"https:\/\/static.purejewels.com\/wp-content\/uploads\/2020\/03\/152152504.jpg","width":1000,"height":1000,"caption":"Diya 22ct Gold Stud Earrings\u00a0With Uncut Polki DiamondsWeight of the Earring\u00a0 in 22ct gold is 2 gmsUncut Polki Diamond\u00a0 wt. 0.12 ctSKU. 32687All prices include VAT22ct Gold Hallmarked by London Assay OfficeComes With Presentation BoxDelivery IncludedLive chat with us for availability and more images of similar designs currently in stock"},{"@type":"BreadcrumbList","@id":"https:\/\/www.purejewels.com\/product\/diya-22ct-gold-stud-earring-32687\/#breadcrumb","itemListElement":[{"@type":"ListItem","position":1,"name":"Home","item":"https:\/\/www.purejewels.com\/"},{"@type":"ListItem","position":2,"name":"Shop","item":"https:\/\/www.purejewels.com\/shop\/"},{"@type":"ListItem","position":3,"name":"Diya 22ct Gold Polki Medallion Studs"}]},{"@type":"WebSite","@id":"https:\/\/www.purejewels.com\/#website","url":"https:\/\/www.purejewels.com\/","name":"PureJewels UK","description":"Teile die Liebe","publisher":{"@id":"https:\/\/www.purejewels.com\/#organization"},"potentialAction":[{"@type":"SearchAction","target":{"@type":"EntryPoint","urlTemplate":"https:\/\/www.purejewels.com\/?s={search_term_string}"},"query-input":{"@type":"PropertyValueSpecification","valueRequired":true,"valueName":"search_term_string"}}],"inLanguage":"de"},{"@type":"Organization","@id":"https:\/\/www.purejewels.com\/#organization","name":"PureJewels UK","url":"https:\/\/www.purejewels.com\/","logo":{"@type":"ImageObject","inLanguage":"de","@id":"https:\/\/www.purejewels.com\/#\/schema\/logo\/image\/","url":"https:\/\/static.purejewels.com\/wp-content\/uploads\/2020\/11\/Logo-PJ-New-1.png","contentUrl":"https:\/\/static.purejewels.com\/wp-content\/uploads\/2020\/11\/Logo-PJ-New-1.png","width":150,"height":80,"caption":"PureJewels UK"},"image":{"@id":"https:\/\/www.purejewels.com\/#\/schema\/logo\/image\/"}}]}},"_links":{"self":[{"href":"https:\/\/www.purejewels.com\/de\/wp-json\/wp\/v2\/product\/312705","targetHints":{"allow":["GET"]}}],"collection":[{"href":"https:\/\/www.purejewels.com\/de\/wp-json\/wp\/v2\/product"}],"about":[{"href":"https:\/\/www.purejewels.com\/de\/wp-json\/wp\/v2\/types\/product"}],"replies":[{"embeddable":true,"href":"https:\/\/www.purejewels.com\/de\/wp-json\/wp\/v2\/comments?post=312705"}],"version-history":[{"count":2,"href":"https:\/\/www.purejewels.com\/de\/wp-json\/wp\/v2\/product\/312705\/revisions"}],"predecessor-version":[{"id":421802,"href":"https:\/\/www.purejewels.com\/de\/wp-json\/wp\/v2\/product\/312705\/revisions\/421802"}],"wp:featuredmedia":[{"embeddable":true,"href":"https:\/\/www.purejewels.com\/de\/wp-json\/wp\/v2\/media\/313080"}],"wp:attachment":[{"href":"https:\/\/www.purejewels.com\/de\/wp-json\/wp\/v2\/media?parent=312705"}],"wp:term":[{"taxonomy":"product_brand","embeddable":true,"href":"https:\/\/www.purejewels.com\/de\/wp-json\/wp\/v2\/product_brand?post=312705"},{"taxonomy":"product_cat","embeddable":true,"href":"https:\/\/www.purejewels.com\/de\/wp-json\/wp\/v2\/product_cat?post=312705"},{"taxonomy":"product_tag","embeddable":true,"href":"https:\/\/www.purejewels.com\/de\/wp-json\/wp\/v2\/product_tag?post=312705"}],"curies":[{"name":"wp","href":"https:\/\/api.w.org\/{rel}","templated":true}]}}