{"id":312798,"date":"2020-02-28T11:36:34","date_gmt":"2020-02-28T11:36:34","guid":{"rendered":"https:\/\/www.purejewels.com\/?post_type=product&#038;p=312798"},"modified":"2026-01-07T05:15:39","modified_gmt":"2026-01-07T05:15:39","slug":"ring-aus-22-karat-gelbgold-32370","status":"publish","type":"product","link":"https:\/\/www.purejewels.com\/de\/product\/22ct-yellow-gold-ring-32370\/","title":{"rendered":"22 Karat Gold Ring mit gro\u00dfem Blumenfiligran"},"content":{"rendered":"<p data-start=\"553\" data-end=\"854\">Zieh die Aufmerksamkeit auf dich mit dem<strong data-start=\"580\" data-end=\"620\"> 22 Karat Gold Ring mit gro\u00dfem Blumenfiligran<\/strong>, Eine Hommage an feine Handwerkskunst und traditionelle Sch\u00f6nheit. Inspiriert von bl\u00fchenden Bl\u00fctenbl\u00e4ttern, ist dieser auff\u00e4llige Ring aufwendig aus leuchtendem 22-kar\u00e4tigem Gelbgold handgefertigt und zeichnet sich durch detaillierte Filigranarbeit aus, die handwerkliches K\u00f6nnen demonstriert.<\/p>\n<p data-start=\"856\" data-end=\"1110\">Die \u00fcberdimensionale Blumensilhouette ist auff\u00e4llig und dennoch anmutig und eignet sich daher perfekt f\u00fcr festliche Anl\u00e4sse, Brautoutfits oder bedeutungsvolle Geschenke. Durch die filigrane Durchbrucharbeit liegt es leicht am Finger, w\u00e4hrend sein traditionelles Design jedem Outfit einen zeitlosen Charme verleiht.<\/p>\n<p data-start=\"1112\" data-end=\"1239\">Dieser Ring wurde mit Sorgfalt gefertigt und ist darauf ausgelegt, zu beeindrucken. Er spiegelt das Bekenntnis von PureJewels zu eleganter Tradition und dauerhafter Qualit\u00e4t wider.<\/p>","protected":false},"excerpt":{"rendered":"<p>Ein strahlender Ring aus 22 Karat Gold mit einem aufwendigen floralen Filigran-Design. Dieses auff\u00e4llige, aber dennoch elegante Schmuckst\u00fcck eignet sich ideal f\u00fcr Hochzeiten, als Geschenk oder zu festlichen Anl\u00e4ssen.<\/p>\n<ul>\n<li>22ct Gelbgold Ring<\/li>\n<li>Ring-Gewicht 10,1 g.<\/li>\n<li>Ringgr\u00f6\u00dfe. O<\/li>\n<li>SKU.  32370<\/li>\n<li>22ct Gold gestempelt von London Assay Office<\/li>\n<li>Mit Pr\u00e4sentationsbox<\/li>\n<li>Kostenlose Lieferung in UK<\/li>\n<li>Alle Preise inklusive Mehrwertsteuer<\/li>\n<li>Kontaktieren Sie uns \/ Live-Chat mit uns F\u00fcr ein Video von besonderen Geschenken aus unserer Muttertag Schmuck Geschenke Kollektion<\/li>\n<\/ul>","protected":false},"featured_media":313075,"comment_status":"closed","ping_status":"closed","template":"","meta":{"_eb_attr":"","_crsspst_to_jayantr4sg-hostcom":true},"product_brand":[],"product_cat":[1559,1235,252,1783,1570,1786,1573,1574],"product_tag":[],"class_list":{"0":"post-312798","1":"product","2":"type-product","3":"status-publish","4":"has-post-thumbnail","6":"product_cat-birthday-gifts","7":"product_cat-gold-rings","8":"product_cat-jali-collections","9":"product_cat-ladies-rings","10":"product_cat-mothers-day-gifts","11":"product_cat-occasional-wear-rings","12":"product_cat-wedding-gifts","13":"product_cat-womens-jewellery","15":"first","16":"outofstock","17":"taxable","18":"shipping-taxable","19":"product-type-simple","20":"add-to-wishlist-before_image"},"yoast_head":"<!-- This site is optimized with the Yoast SEO plugin v27.3 - https:\/\/yoast.com\/product\/yoast-seo-wordpress\/ -->\n<title>Intricate Filigree Flower Ring in 22ct Gold | Statement Design<\/title>\n<meta name=\"description\" content=\"Shop the 22ct Gold Large Floral Filigree Ring \u2014 a bold statement piece with intricate craftsmanship. Perfect for weddings, celebrations, and elegant gifting.\" \/>\n<meta name=\"robots\" content=\"index, follow, max-snippet:-1, max-image-preview:large, max-video-preview:-1\" \/>\n<link rel=\"canonical\" href=\"https:\/\/www.purejewels.com\/de\/produkt-2\/ring-aus-22-karat-gelbgold-32370\/\" \/>\n<meta property=\"og:locale\" content=\"de_DE\" \/>\n<meta property=\"og:type\" content=\"article\" \/>\n<meta property=\"og:title\" content=\"Intricate Filigree Flower Ring in 22ct Gold | Statement Design\" \/>\n<meta property=\"og:description\" content=\"Shop the 22ct Gold Large Floral Filigree Ring \u2014 a bold statement piece with intricate craftsmanship. Perfect for weddings, celebrations, and elegant gifting.\" \/>\n<meta property=\"og:url\" content=\"https:\/\/www.purejewels.com\/de\/produkt-2\/ring-aus-22-karat-gelbgold-32370\/\" \/>\n<meta property=\"og:site_name\" content=\"PureJewels UK\" \/>\n<meta property=\"article:modified_time\" content=\"2026-01-07T05:15:39+00:00\" \/>\n<meta property=\"og:image\" content=\"https:\/\/static.purejewels.com\/wp-content\/uploads\/2020\/03\/152150506.jpg\" \/>\n\t<meta property=\"og:image:width\" content=\"1000\" \/>\n\t<meta property=\"og:image:height\" content=\"1000\" \/>\n\t<meta property=\"og:image:type\" content=\"image\/jpeg\" \/>\n<meta name=\"twitter:card\" content=\"summary_large_image\" \/>\n<meta name=\"twitter:label1\" content=\"Gesch\u00e4tzte Lesezeit\" \/>\n\t<meta name=\"twitter:data1\" content=\"1\u00a0Minute\" \/>\n<script type=\"application\/ld+json\" class=\"yoast-schema-graph\">{\"@context\":\"https:\\\/\\\/schema.org\",\"@graph\":[{\"@type\":[\"WebPage\",\"ItemPage\"],\"@id\":\"https:\\\/\\\/www.purejewels.com\\\/product\\\/22ct-yellow-gold-ring-32370\\\/\",\"url\":\"https:\\\/\\\/www.purejewels.com\\\/product\\\/22ct-yellow-gold-ring-32370\\\/\",\"name\":\"Intricate Filigree Flower Ring in 22ct Gold | Statement Design\",\"isPartOf\":{\"@id\":\"https:\\\/\\\/www.purejewels.com\\\/#website\"},\"primaryImageOfPage\":{\"@id\":\"https:\\\/\\\/www.purejewels.com\\\/product\\\/22ct-yellow-gold-ring-32370\\\/#primaryimage\"},\"image\":{\"@id\":\"https:\\\/\\\/www.purejewels.com\\\/product\\\/22ct-yellow-gold-ring-32370\\\/#primaryimage\"},\"thumbnailUrl\":\"https:\\\/\\\/static.purejewels.com\\\/wp-content\\\/uploads\\\/2020\\\/03\\\/152150506.jpg\",\"datePublished\":\"2020-02-28T11:36:34+00:00\",\"dateModified\":\"2026-01-07T05:15:39+00:00\",\"description\":\"Shop the 22ct Gold Large Floral Filigree Ring \u2014 a bold statement piece with intricate craftsmanship. Perfect for weddings, celebrations, and elegant gifting.\",\"breadcrumb\":{\"@id\":\"https:\\\/\\\/www.purejewels.com\\\/product\\\/22ct-yellow-gold-ring-32370\\\/#breadcrumb\"},\"inLanguage\":\"de\",\"potentialAction\":[{\"@type\":\"ReadAction\",\"target\":[\"https:\\\/\\\/www.purejewels.com\\\/product\\\/22ct-yellow-gold-ring-32370\\\/\"]}]},{\"@type\":\"ImageObject\",\"inLanguage\":\"de\",\"@id\":\"https:\\\/\\\/www.purejewels.com\\\/product\\\/22ct-yellow-gold-ring-32370\\\/#primaryimage\",\"url\":\"https:\\\/\\\/static.purejewels.com\\\/wp-content\\\/uploads\\\/2020\\\/03\\\/152150506.jpg\",\"contentUrl\":\"https:\\\/\\\/static.purejewels.com\\\/wp-content\\\/uploads\\\/2020\\\/03\\\/152150506.jpg\",\"width\":1000,\"height\":1000,\"caption\":\"22ct Gold Large Floral Filigree Ring\"},{\"@type\":\"BreadcrumbList\",\"@id\":\"https:\\\/\\\/www.purejewels.com\\\/product\\\/22ct-yellow-gold-ring-32370\\\/#breadcrumb\",\"itemListElement\":[{\"@type\":\"ListItem\",\"position\":1,\"name\":\"Home\",\"item\":\"https:\\\/\\\/www.purejewels.com\\\/\"},{\"@type\":\"ListItem\",\"position\":2,\"name\":\"Shop\",\"item\":\"https:\\\/\\\/www.purejewels.com\\\/shop\\\/\"},{\"@type\":\"ListItem\",\"position\":3,\"name\":\"22ct Gold Large Floral Filigree Ring\"}]},{\"@type\":\"WebSite\",\"@id\":\"https:\\\/\\\/www.purejewels.com\\\/#website\",\"url\":\"https:\\\/\\\/www.purejewels.com\\\/\",\"name\":\"PureJewels UK\",\"description\":\"Share the Love\",\"publisher\":{\"@id\":\"https:\\\/\\\/www.purejewels.com\\\/#organization\"},\"potentialAction\":[{\"@type\":\"SearchAction\",\"target\":{\"@type\":\"EntryPoint\",\"urlTemplate\":\"https:\\\/\\\/www.purejewels.com\\\/?s={search_term_string}\"},\"query-input\":{\"@type\":\"PropertyValueSpecification\",\"valueRequired\":true,\"valueName\":\"search_term_string\"}}],\"inLanguage\":\"de\"},{\"@type\":\"Organization\",\"@id\":\"https:\\\/\\\/www.purejewels.com\\\/#organization\",\"name\":\"PureJewels UK\",\"url\":\"https:\\\/\\\/www.purejewels.com\\\/\",\"logo\":{\"@type\":\"ImageObject\",\"inLanguage\":\"de\",\"@id\":\"https:\\\/\\\/www.purejewels.com\\\/#\\\/schema\\\/logo\\\/image\\\/\",\"url\":\"https:\\\/\\\/static.purejewels.com\\\/wp-content\\\/uploads\\\/2020\\\/11\\\/Logo-PJ-New-1.png\",\"contentUrl\":\"https:\\\/\\\/static.purejewels.com\\\/wp-content\\\/uploads\\\/2020\\\/11\\\/Logo-PJ-New-1.png\",\"width\":150,\"height\":80,\"caption\":\"PureJewels UK\"},\"image\":{\"@id\":\"https:\\\/\\\/www.purejewels.com\\\/#\\\/schema\\\/logo\\\/image\\\/\"}}]}<\/script>\n<!-- \/ Yoast SEO plugin. -->","yoast_head_json":{"title":"Aufwendiger Filigran-Blumenring aus 22 Karat Gold | Auff\u00e4lliges Design","description":"Entdecken Sie den gro\u00dfen Filigranring mit Blumenmuster aus 22 Karat Gold \u2013 ein auff\u00e4lliges Statement-St\u00fcck mit aufwendiger Handwerkskunst. Perfekt f\u00fcr Hochzeiten, Feierlichkeiten und als elegantes Geschenk.","robots":{"index":"index","follow":"follow","max-snippet":"max-snippet:-1","max-image-preview":"max-image-preview:large","max-video-preview":"max-video-preview:-1"},"canonical":"https:\/\/www.purejewels.com\/de\/produkt-2\/ring-aus-22-karat-gelbgold-32370\/","og_locale":"de_DE","og_type":"article","og_title":"Intricate Filigree Flower Ring in 22ct Gold | Statement Design","og_description":"Shop the 22ct Gold Large Floral Filigree Ring \u2014 a bold statement piece with intricate craftsmanship. Perfect for weddings, celebrations, and elegant gifting.","og_url":"https:\/\/www.purejewels.com\/de\/produkt-2\/ring-aus-22-karat-gelbgold-32370\/","og_site_name":"PureJewels UK","article_modified_time":"2026-01-07T05:15:39+00:00","og_image":[{"width":1000,"height":1000,"url":"https:\/\/static.purejewels.com\/wp-content\/uploads\/2020\/03\/152150506.jpg","type":"image\/jpeg"}],"twitter_card":"summary_large_image","twitter_misc":{"Gesch\u00e4tzte Lesezeit":"1\u00a0Minute"},"schema":{"@context":"https:\/\/schema.org","@graph":[{"@type":["WebPage","ItemPage"],"@id":"https:\/\/www.purejewels.com\/product\/22ct-yellow-gold-ring-32370\/","url":"https:\/\/www.purejewels.com\/product\/22ct-yellow-gold-ring-32370\/","name":"Aufwendiger Filigran-Blumenring aus 22 Karat Gold | Auff\u00e4lliges Design","isPartOf":{"@id":"https:\/\/www.purejewels.com\/#website"},"primaryImageOfPage":{"@id":"https:\/\/www.purejewels.com\/product\/22ct-yellow-gold-ring-32370\/#primaryimage"},"image":{"@id":"https:\/\/www.purejewels.com\/product\/22ct-yellow-gold-ring-32370\/#primaryimage"},"thumbnailUrl":"https:\/\/static.purejewels.com\/wp-content\/uploads\/2020\/03\/152150506.jpg","datePublished":"2020-02-28T11:36:34+00:00","dateModified":"2026-01-07T05:15:39+00:00","description":"Entdecken Sie den gro\u00dfen Filigranring mit Blumenmuster aus 22 Karat Gold \u2013 ein auff\u00e4lliges Statement-St\u00fcck mit aufwendiger Handwerkskunst. Perfekt f\u00fcr Hochzeiten, Feierlichkeiten und als elegantes Geschenk.","breadcrumb":{"@id":"https:\/\/www.purejewels.com\/product\/22ct-yellow-gold-ring-32370\/#breadcrumb"},"inLanguage":"de","potentialAction":[{"@type":"ReadAction","target":["https:\/\/www.purejewels.com\/product\/22ct-yellow-gold-ring-32370\/"]}]},{"@type":"ImageObject","inLanguage":"de","@id":"https:\/\/www.purejewels.com\/product\/22ct-yellow-gold-ring-32370\/#primaryimage","url":"https:\/\/static.purejewels.com\/wp-content\/uploads\/2020\/03\/152150506.jpg","contentUrl":"https:\/\/static.purejewels.com\/wp-content\/uploads\/2020\/03\/152150506.jpg","width":1000,"height":1000,"caption":"22ct Gold Large Floral Filigree Ring"},{"@type":"BreadcrumbList","@id":"https:\/\/www.purejewels.com\/product\/22ct-yellow-gold-ring-32370\/#breadcrumb","itemListElement":[{"@type":"ListItem","position":1,"name":"Home","item":"https:\/\/www.purejewels.com\/"},{"@type":"ListItem","position":2,"name":"Shop","item":"https:\/\/www.purejewels.com\/shop\/"},{"@type":"ListItem","position":3,"name":"22ct Gold Large Floral Filigree Ring"}]},{"@type":"WebSite","@id":"https:\/\/www.purejewels.com\/#website","url":"https:\/\/www.purejewels.com\/","name":"PureJewels UK","description":"Teile die Liebe","publisher":{"@id":"https:\/\/www.purejewels.com\/#organization"},"potentialAction":[{"@type":"SearchAction","target":{"@type":"EntryPoint","urlTemplate":"https:\/\/www.purejewels.com\/?s={search_term_string}"},"query-input":{"@type":"PropertyValueSpecification","valueRequired":true,"valueName":"search_term_string"}}],"inLanguage":"de"},{"@type":"Organization","@id":"https:\/\/www.purejewels.com\/#organization","name":"PureJewels UK","url":"https:\/\/www.purejewels.com\/","logo":{"@type":"ImageObject","inLanguage":"de","@id":"https:\/\/www.purejewels.com\/#\/schema\/logo\/image\/","url":"https:\/\/static.purejewels.com\/wp-content\/uploads\/2020\/11\/Logo-PJ-New-1.png","contentUrl":"https:\/\/static.purejewels.com\/wp-content\/uploads\/2020\/11\/Logo-PJ-New-1.png","width":150,"height":80,"caption":"PureJewels UK"},"image":{"@id":"https:\/\/www.purejewels.com\/#\/schema\/logo\/image\/"}}]}},"_links":{"self":[{"href":"https:\/\/www.purejewels.com\/de\/wp-json\/wp\/v2\/product\/312798","targetHints":{"allow":["GET"]}}],"collection":[{"href":"https:\/\/www.purejewels.com\/de\/wp-json\/wp\/v2\/product"}],"about":[{"href":"https:\/\/www.purejewels.com\/de\/wp-json\/wp\/v2\/types\/product"}],"replies":[{"embeddable":true,"href":"https:\/\/www.purejewels.com\/de\/wp-json\/wp\/v2\/comments?post=312798"}],"version-history":[{"count":3,"href":"https:\/\/www.purejewels.com\/de\/wp-json\/wp\/v2\/product\/312798\/revisions"}],"predecessor-version":[{"id":423517,"href":"https:\/\/www.purejewels.com\/de\/wp-json\/wp\/v2\/product\/312798\/revisions\/423517"}],"wp:featuredmedia":[{"embeddable":true,"href":"https:\/\/www.purejewels.com\/de\/wp-json\/wp\/v2\/media\/313075"}],"wp:attachment":[{"href":"https:\/\/www.purejewels.com\/de\/wp-json\/wp\/v2\/media?parent=312798"}],"wp:term":[{"taxonomy":"product_brand","embeddable":true,"href":"https:\/\/www.purejewels.com\/de\/wp-json\/wp\/v2\/product_brand?post=312798"},{"taxonomy":"product_cat","embeddable":true,"href":"https:\/\/www.purejewels.com\/de\/wp-json\/wp\/v2\/product_cat?post=312798"},{"taxonomy":"product_tag","embeddable":true,"href":"https:\/\/www.purejewels.com\/de\/wp-json\/wp\/v2\/product_tag?post=312798"}],"curies":[{"name":"wp","href":"https:\/\/api.w.org\/{rel}","templated":true}]}}