{"id":312824,"date":"2020-02-25T07:59:52","date_gmt":"2020-02-25T07:59:52","guid":{"rendered":"https:\/\/www.purejewels.com\/?post_type=product&#038;p=312824"},"modified":"2026-01-06T06:58:51","modified_gmt":"2026-01-06T06:58:51","slug":"22-karat-gold-ohrring","status":"publish","type":"product","link":"https:\/\/www.purejewels.com\/de\/product\/22-carat-gold-earring\/","title":{"rendered":"22 Karat Gold strukturierte Kugel-Ohrringe"},"content":{"rendered":"<h3 data-start=\"596\" data-end=\"610\"><strong data-start=\"600\" data-end=\"610\">Gestaltung<\/strong><\/h3>\n<p data-start=\"611\" data-end=\"841\">Diese Ohrringe zeichnen sich durch eine auff\u00e4llige Tropfenkomposition aus drei skulpturalen Kugelformen aus, die jeweils mit aufwendigen Details verziert sind. Die elegante Silhouette setzt ein zeitgem\u00e4\u00dfes Statement und kn\u00fcpft gleichzeitig an traditionelle Perlenstickereien an.<\/p>\n<h3 data-start=\"843\" data-end=\"864\"><strong data-start=\"847\" data-end=\"864\">Handwerkliches K\u00f6nnen<\/strong><\/h3>\n<p data-start=\"865\" data-end=\"1114\">Hergestellt aus reinem 22-kar\u00e4tigem Gold mit tief strukturierten Motiven, die f\u00fcr visuelle Tiefe und Glanz sorgen. Jede geformte Perle wird sorgf\u00e4ltig von Hand fertiggestellt, um eine reibungslose Bewegung und ein harmonisches Design zu gew\u00e4hrleisten. Vollst\u00e4ndig in Gro\u00dfbritannien punziert, was die Reinheit und Handwerkskunst best\u00e4tigt.<\/p>\n<h3 data-start=\"1116\" data-end=\"1141\"><strong data-start=\"1120\" data-end=\"1141\">Styling &amp; Geschenkartikel<\/strong><\/h3>\n<p data-start=\"1142\" data-end=\"1374\">Diese Ohrringe eignen sich perfekt f\u00fcr festliche Anl\u00e4sse und elegante Abendlooks und passen sowohl zu traditionellen als auch zu modernen Outfits. Ein durchdachtes Geschenk f\u00fcr Geburtstage, Jahrestage oder Feierlichkeiten, die einen Hauch von strahlendem Gold erfordern.<\/p>","protected":false},"excerpt":{"rendered":"<p>Geformte Ohrringe aus 22 Karat Gold mit strukturierten kugelf\u00f6rmigen Elementen und britischer Punzierung.<\/p>\n<ul>\n<li>22 Karat Gold-Ohrring<\/li>\n<li>Das Gewicht des Ohrrings betr\u00e4gt 4 Gramm<\/li>\n<li>SKU. 31164<\/li>\n<li>Alle Preise inklusive Mehrwertsteuer<\/li>\n<li>Gold gestempelt von London Assay Office<\/li>\n<li>22 Karat Gold Tropfen Ohrring Kommt mit Geschenkbox<\/li>\n<li>Lieferung inbegriffen<\/li>\n<li>Live-Chat mit uns f\u00fcr die Verf\u00fcgbarkeit und mehr Bilder von \u00e4hnlichen Designs derzeit auf Lager<\/li>\n<\/ul>","protected":false},"featured_media":311259,"comment_status":"closed","ping_status":"closed","template":"","meta":{"_eb_attr":"","_crsspst_to_jayantr4sg-hostcom":false},"product_brand":[],"product_cat":[1685,1574],"product_tag":[],"class_list":{"0":"post-312824","1":"product","2":"type-product","3":"status-publish","4":"has-post-thumbnail","6":"product_cat-drop-earrings","7":"product_cat-womens-jewellery","9":"first","10":"outofstock","11":"taxable","12":"shipping-taxable","13":"product-type-simple","14":"add-to-wishlist-before_image"},"yoast_head":"<!-- This site is optimized with the Yoast SEO plugin v27.3 - https:\/\/yoast.com\/product\/yoast-seo-wordpress\/ -->\n<title>Sculpted Bead Drop Earrings in 22ct Gold | PureJewels UK<\/title>\n<meta name=\"description\" content=\"Stylish 22ct gold drop earrings featuring sculpted textured spheres and UK hallmarking. A refined choice for celebrations and elegant gifting.\" \/>\n<meta name=\"robots\" content=\"index, follow, max-snippet:-1, max-image-preview:large, max-video-preview:-1\" \/>\n<link rel=\"canonical\" href=\"https:\/\/www.purejewels.com\/de\/produkt-2\/22-karat-gold-ohrring\/\" \/>\n<meta property=\"og:locale\" content=\"de_DE\" \/>\n<meta property=\"og:type\" content=\"article\" \/>\n<meta property=\"og:title\" content=\"Sculpted Bead Drop Earrings in 22ct Gold | PureJewels UK\" \/>\n<meta property=\"og:description\" content=\"Stylish 22ct gold drop earrings featuring sculpted textured spheres and UK hallmarking. A refined choice for celebrations and elegant gifting.\" \/>\n<meta property=\"og:url\" content=\"https:\/\/www.purejewels.com\/de\/produkt-2\/22-karat-gold-ohrring\/\" \/>\n<meta property=\"og:site_name\" content=\"PureJewels UK\" \/>\n<meta property=\"article:modified_time\" content=\"2026-01-06T06:58:51+00:00\" \/>\n<meta property=\"og:image\" content=\"https:\/\/static.purejewels.com\/wp-content\/uploads\/2019\/09\/31162.jpg\" \/>\n\t<meta property=\"og:image:width\" content=\"1000\" \/>\n\t<meta property=\"og:image:height\" content=\"1000\" \/>\n\t<meta property=\"og:image:type\" content=\"image\/jpeg\" \/>\n<meta name=\"twitter:card\" content=\"summary_large_image\" \/>\n<meta name=\"twitter:label1\" content=\"Gesch\u00e4tzte Lesezeit\" \/>\n\t<meta name=\"twitter:data1\" content=\"1\u00a0Minute\" \/>\n<script type=\"application\/ld+json\" class=\"yoast-schema-graph\">{\"@context\":\"https:\\\/\\\/schema.org\",\"@graph\":[{\"@type\":[\"WebPage\",\"ItemPage\"],\"@id\":\"https:\\\/\\\/www.purejewels.com\\\/product\\\/22-carat-gold-earring\\\/\",\"url\":\"https:\\\/\\\/www.purejewels.com\\\/product\\\/22-carat-gold-earring\\\/\",\"name\":\"Sculpted Bead Drop Earrings in 22ct Gold | PureJewels UK\",\"isPartOf\":{\"@id\":\"https:\\\/\\\/www.purejewels.com\\\/#website\"},\"primaryImageOfPage\":{\"@id\":\"https:\\\/\\\/www.purejewels.com\\\/product\\\/22-carat-gold-earring\\\/#primaryimage\"},\"image\":{\"@id\":\"https:\\\/\\\/www.purejewels.com\\\/product\\\/22-carat-gold-earring\\\/#primaryimage\"},\"thumbnailUrl\":\"https:\\\/\\\/static.purejewels.com\\\/wp-content\\\/uploads\\\/2019\\\/09\\\/31162.jpg\",\"datePublished\":\"2020-02-25T07:59:52+00:00\",\"dateModified\":\"2026-01-06T06:58:51+00:00\",\"description\":\"Stylish 22ct gold drop earrings featuring sculpted textured spheres and UK hallmarking. A refined choice for celebrations and elegant gifting.\",\"breadcrumb\":{\"@id\":\"https:\\\/\\\/www.purejewels.com\\\/product\\\/22-carat-gold-earring\\\/#breadcrumb\"},\"inLanguage\":\"de\",\"potentialAction\":[{\"@type\":\"ReadAction\",\"target\":[\"https:\\\/\\\/www.purejewels.com\\\/product\\\/22-carat-gold-earring\\\/\"]}]},{\"@type\":\"ImageObject\",\"inLanguage\":\"de\",\"@id\":\"https:\\\/\\\/www.purejewels.com\\\/product\\\/22-carat-gold-earring\\\/#primaryimage\",\"url\":\"https:\\\/\\\/static.purejewels.com\\\/wp-content\\\/uploads\\\/2019\\\/09\\\/31162.jpg\",\"contentUrl\":\"https:\\\/\\\/static.purejewels.com\\\/wp-content\\\/uploads\\\/2019\\\/09\\\/31162.jpg\",\"width\":1000,\"height\":1000,\"caption\":\"31162\"},{\"@type\":\"BreadcrumbList\",\"@id\":\"https:\\\/\\\/www.purejewels.com\\\/product\\\/22-carat-gold-earring\\\/#breadcrumb\",\"itemListElement\":[{\"@type\":\"ListItem\",\"position\":1,\"name\":\"Home\",\"item\":\"https:\\\/\\\/www.purejewels.com\\\/\"},{\"@type\":\"ListItem\",\"position\":2,\"name\":\"Shop\",\"item\":\"https:\\\/\\\/www.purejewels.com\\\/shop\\\/\"},{\"@type\":\"ListItem\",\"position\":3,\"name\":\"22ct Gold Textured Sphere Earrings\"}]},{\"@type\":\"WebSite\",\"@id\":\"https:\\\/\\\/www.purejewels.com\\\/#website\",\"url\":\"https:\\\/\\\/www.purejewels.com\\\/\",\"name\":\"PureJewels UK\",\"description\":\"Share the Love\",\"publisher\":{\"@id\":\"https:\\\/\\\/www.purejewels.com\\\/#organization\"},\"potentialAction\":[{\"@type\":\"SearchAction\",\"target\":{\"@type\":\"EntryPoint\",\"urlTemplate\":\"https:\\\/\\\/www.purejewels.com\\\/?s={search_term_string}\"},\"query-input\":{\"@type\":\"PropertyValueSpecification\",\"valueRequired\":true,\"valueName\":\"search_term_string\"}}],\"inLanguage\":\"de\"},{\"@type\":\"Organization\",\"@id\":\"https:\\\/\\\/www.purejewels.com\\\/#organization\",\"name\":\"PureJewels UK\",\"url\":\"https:\\\/\\\/www.purejewels.com\\\/\",\"logo\":{\"@type\":\"ImageObject\",\"inLanguage\":\"de\",\"@id\":\"https:\\\/\\\/www.purejewels.com\\\/#\\\/schema\\\/logo\\\/image\\\/\",\"url\":\"https:\\\/\\\/static.purejewels.com\\\/wp-content\\\/uploads\\\/2020\\\/11\\\/Logo-PJ-New-1.png\",\"contentUrl\":\"https:\\\/\\\/static.purejewels.com\\\/wp-content\\\/uploads\\\/2020\\\/11\\\/Logo-PJ-New-1.png\",\"width\":150,\"height\":80,\"caption\":\"PureJewels UK\"},\"image\":{\"@id\":\"https:\\\/\\\/www.purejewels.com\\\/#\\\/schema\\\/logo\\\/image\\\/\"}}]}<\/script>\n<!-- \/ Yoast SEO plugin. -->","yoast_head_json":{"title":"Geformte Perlen-Ohrringe aus 22 Karat Gold | PureJewels UK","description":"Stilvolle Ohrringe aus 22 Karat Gold mit geformten, strukturierten Kugeln und britischer Punzierung. Eine raffinierte Wahl f\u00fcr Feierlichkeiten und elegante Geschenke.","robots":{"index":"index","follow":"follow","max-snippet":"max-snippet:-1","max-image-preview":"max-image-preview:large","max-video-preview":"max-video-preview:-1"},"canonical":"https:\/\/www.purejewels.com\/de\/produkt-2\/22-karat-gold-ohrring\/","og_locale":"de_DE","og_type":"article","og_title":"Sculpted Bead Drop Earrings in 22ct Gold | PureJewels UK","og_description":"Stylish 22ct gold drop earrings featuring sculpted textured spheres and UK hallmarking. A refined choice for celebrations and elegant gifting.","og_url":"https:\/\/www.purejewels.com\/de\/produkt-2\/22-karat-gold-ohrring\/","og_site_name":"PureJewels UK","article_modified_time":"2026-01-06T06:58:51+00:00","og_image":[{"width":1000,"height":1000,"url":"https:\/\/static.purejewels.com\/wp-content\/uploads\/2019\/09\/31162.jpg","type":"image\/jpeg"}],"twitter_card":"summary_large_image","twitter_misc":{"Gesch\u00e4tzte Lesezeit":"1\u00a0Minute"},"schema":{"@context":"https:\/\/schema.org","@graph":[{"@type":["WebPage","ItemPage"],"@id":"https:\/\/www.purejewels.com\/product\/22-carat-gold-earring\/","url":"https:\/\/www.purejewels.com\/product\/22-carat-gold-earring\/","name":"Geformte Perlen-Ohrringe aus 22 Karat Gold | PureJewels UK","isPartOf":{"@id":"https:\/\/www.purejewels.com\/#website"},"primaryImageOfPage":{"@id":"https:\/\/www.purejewels.com\/product\/22-carat-gold-earring\/#primaryimage"},"image":{"@id":"https:\/\/www.purejewels.com\/product\/22-carat-gold-earring\/#primaryimage"},"thumbnailUrl":"https:\/\/static.purejewels.com\/wp-content\/uploads\/2019\/09\/31162.jpg","datePublished":"2020-02-25T07:59:52+00:00","dateModified":"2026-01-06T06:58:51+00:00","description":"Stilvolle Ohrringe aus 22 Karat Gold mit geformten, strukturierten Kugeln und britischer Punzierung. Eine raffinierte Wahl f\u00fcr Feierlichkeiten und elegante Geschenke.","breadcrumb":{"@id":"https:\/\/www.purejewels.com\/product\/22-carat-gold-earring\/#breadcrumb"},"inLanguage":"de","potentialAction":[{"@type":"ReadAction","target":["https:\/\/www.purejewels.com\/product\/22-carat-gold-earring\/"]}]},{"@type":"ImageObject","inLanguage":"de","@id":"https:\/\/www.purejewels.com\/product\/22-carat-gold-earring\/#primaryimage","url":"https:\/\/static.purejewels.com\/wp-content\/uploads\/2019\/09\/31162.jpg","contentUrl":"https:\/\/static.purejewels.com\/wp-content\/uploads\/2019\/09\/31162.jpg","width":1000,"height":1000,"caption":"31162"},{"@type":"BreadcrumbList","@id":"https:\/\/www.purejewels.com\/product\/22-carat-gold-earring\/#breadcrumb","itemListElement":[{"@type":"ListItem","position":1,"name":"Home","item":"https:\/\/www.purejewels.com\/"},{"@type":"ListItem","position":2,"name":"Shop","item":"https:\/\/www.purejewels.com\/shop\/"},{"@type":"ListItem","position":3,"name":"22ct Gold Textured Sphere Earrings"}]},{"@type":"WebSite","@id":"https:\/\/www.purejewels.com\/#website","url":"https:\/\/www.purejewels.com\/","name":"PureJewels UK","description":"Teile die Liebe","publisher":{"@id":"https:\/\/www.purejewels.com\/#organization"},"potentialAction":[{"@type":"SearchAction","target":{"@type":"EntryPoint","urlTemplate":"https:\/\/www.purejewels.com\/?s={search_term_string}"},"query-input":{"@type":"PropertyValueSpecification","valueRequired":true,"valueName":"search_term_string"}}],"inLanguage":"de"},{"@type":"Organization","@id":"https:\/\/www.purejewels.com\/#organization","name":"PureJewels UK","url":"https:\/\/www.purejewels.com\/","logo":{"@type":"ImageObject","inLanguage":"de","@id":"https:\/\/www.purejewels.com\/#\/schema\/logo\/image\/","url":"https:\/\/static.purejewels.com\/wp-content\/uploads\/2020\/11\/Logo-PJ-New-1.png","contentUrl":"https:\/\/static.purejewels.com\/wp-content\/uploads\/2020\/11\/Logo-PJ-New-1.png","width":150,"height":80,"caption":"PureJewels UK"},"image":{"@id":"https:\/\/www.purejewels.com\/#\/schema\/logo\/image\/"}}]}},"_links":{"self":[{"href":"https:\/\/www.purejewels.com\/de\/wp-json\/wp\/v2\/product\/312824","targetHints":{"allow":["GET"]}}],"collection":[{"href":"https:\/\/www.purejewels.com\/de\/wp-json\/wp\/v2\/product"}],"about":[{"href":"https:\/\/www.purejewels.com\/de\/wp-json\/wp\/v2\/types\/product"}],"replies":[{"embeddable":true,"href":"https:\/\/www.purejewels.com\/de\/wp-json\/wp\/v2\/comments?post=312824"}],"version-history":[{"count":2,"href":"https:\/\/www.purejewels.com\/de\/wp-json\/wp\/v2\/product\/312824\/revisions"}],"predecessor-version":[{"id":422697,"href":"https:\/\/www.purejewels.com\/de\/wp-json\/wp\/v2\/product\/312824\/revisions\/422697"}],"wp:featuredmedia":[{"embeddable":true,"href":"https:\/\/www.purejewels.com\/de\/wp-json\/wp\/v2\/media\/311259"}],"wp:attachment":[{"href":"https:\/\/www.purejewels.com\/de\/wp-json\/wp\/v2\/media?parent=312824"}],"wp:term":[{"taxonomy":"product_brand","embeddable":true,"href":"https:\/\/www.purejewels.com\/de\/wp-json\/wp\/v2\/product_brand?post=312824"},{"taxonomy":"product_cat","embeddable":true,"href":"https:\/\/www.purejewels.com\/de\/wp-json\/wp\/v2\/product_cat?post=312824"},{"taxonomy":"product_tag","embeddable":true,"href":"https:\/\/www.purejewels.com\/de\/wp-json\/wp\/v2\/product_tag?post=312824"}],"curies":[{"name":"wp","href":"https:\/\/api.w.org\/{rel}","templated":true}]}}