{"id":312862,"date":"2023-11-25T09:18:43","date_gmt":"2023-11-25T09:18:43","guid":{"rendered":"https:\/\/www.purejewels.com\/?post_type=product&#038;p=312862"},"modified":"2025-11-21T14:53:38","modified_gmt":"2025-11-21T14:53:38","slug":"22ct-gold-spiga-kette-22-zoll-52844","status":"publish","type":"product","link":"https:\/\/www.purejewels.com\/de\/product\/22ct-gold-spiga-chain-22-inches-52844\/","title":{"rendered":"22ct Gold | Spiga Kette | 22 Zoll"},"content":{"rendered":"<h3><b>Inspiration<\/b><\/h3>\n<p><span style=\"font-weight: 400;\">Die Spiga-Goldkette ist im Volksmund auch als Weizenkette bekannt. Diese aufwendig gewebten <a href=\"https:\/\/www.purejewels.com\/de\/product-category\/22ct-gold-jewellery\/gold-chains\/\">Ketten<\/a> sind nicht sehr h\u00e4ufig zu finden und k\u00f6nnen nur von den erfahrensten Karigars hergestellt werden. Sie sind sehr vielseitig und lassen sich daher leicht mit fast allem kombinieren, was man tr\u00e4gt, und sind sowohl f\u00fcr M\u00e4nner als auch f\u00fcr Frauen gedacht.<\/span><\/p>\n<h3><b>Gestaltung<\/b><\/h3>\n<p><span style=\"font-weight: 400;\">Kompliziertes Design und schlankes Aussehen, dieses <a href=\"https:\/\/www.purejewels.com\/de\/product\/22ct-gold-spiga-chain-41721\/\">goldene Spiga-Kette<\/a> Halskette von Purejewels wird in Handarbeit aus vier Gliedern aus gedrehten ovalen Kettengliedern zusammengef\u00fcgt. <a href=\"https:\/\/www.purejewels.com\/de\/product-category\/22ct-gold-jewellery\/gold-rings\/\">Ringe<\/a>. Die Glieder sind mit \u00e4u\u00dferster Pr\u00e4zision miteinander verwoben, um die elegante Struktur, Silhouette und den geflochtenen Look zu erreichen. Diese 22 Zoll lange Spiga Kette wurde in 22K Gold gefertigt und sitzt sch\u00f6n an Ihrem Hals mit einer zarten Dicke, mit einem Gewicht von etwa 11,10 Gramm.<\/span><\/p>\n<h3><b>Stil<\/b><\/h3>\n<p><span style=\"font-weight: 400;\">Unsere Spiga-Goldkette braucht nicht unbedingt einen Anh\u00e4nger oder andere Ketten, um sie zu tragen, denn sie sieht kraftvoll aus und gl\u00e4nzt hell, aber Sie k\u00f6nnen Ihren Look immer aufwerten, indem Sie eine Spiga-Kette aus Wei\u00dfgold dazu tragen. Sie passt perfekt zu Rollkragenpullovern, Blazern, hochgeschlossenen Wollpullovern und sogar zu indischen Kleidern wie Sarees und Kurtas - ja, sie ist so vielseitig, zart und einfach zu stylen.<\/span><\/p>\n<p>&nbsp;<\/p>","protected":false},"excerpt":{"rendered":"<p>Diese Spiga-Kette aus 22-kar\u00e4tigem Gold mit einem Gewicht von 11,1 Gramm zeichnet sich durch ein kompliziertes, seilartiges Geflecht aus, das Best\u00e4ndigkeit mit raffinierter Eleganz verbindet. Mit einer L\u00e4nge von 22 Zoll bietet sie einen anmutigen Faltenwurf - perfekt zum \u00dcbereinanderlegen oder zur Pr\u00e4sentation eines Anh\u00e4ngers. Die vom London Assay Office gepunzte Kette ist ein Beispiel f\u00fcr die handwerkliche Tradition von PureJewels in Sachen Feingold.<\/p>\n<p><strong>SKU:<\/strong> 52844<br \/>\n<strong>Reinheit:<\/strong>\u00a091.6% rein<br \/>\n<strong>Metall:<\/strong>\u00a022ct Gold<br \/>\n<strong>Gewicht<\/strong>: 11,10 Gramm<br \/>\n<strong>L\u00e4nge:<\/strong>\u00a020 Zoll<br \/>\n<strong>Wahrzeichen:<\/strong>\u00a022ct Gold gestempelt von UK Assay Office<\/p>\n<p><strong>Anklagen:<\/strong>\u00a0Lieferung und Mehrwertsteuer inbegriffen<br \/>\n<strong>Weitere Informationen:<\/strong>\u00a0Live-Chat mit uns f\u00fcr Verf\u00fcgbarkeit und zus\u00e4tzliche Bilder<br \/>\n<a href=\"https:\/\/www.purejewels.com\/de\/ruckgabepolitik\/\"><strong>R\u00fcckgabepolitik<\/strong><\/a><\/p>","protected":false},"featured_media":347908,"comment_status":"closed","ping_status":"closed","template":"","meta":{"_eb_attr":"","_crsspst_to_jayantr4sg-hostcom":true},"product_brand":[],"product_cat":[5016,5019,5264,1791,1559,1571,1475,1773,1572,1774,5266,1574,5349],"product_tag":[3990,65],"class_list":{"0":"post-312862","1":"product","2":"type-product","3":"status-publish","4":"has-post-thumbnail","6":"product_cat-22-inch-ladies-chain","7":"product_cat-22-inch-mens-chain","8":"product_cat-22ct-gold-chain","9":"product_cat-anniversary-gifts","10":"product_cat-birthday-gifts","11":"product_cat-fathers-day-gifts","12":"product_cat-gold-chains","13":"product_cat-ladies-chains","14":"product_cat-mens-jewellery","15":"product_cat-mens-chains","16":"product_cat-spiga-chain","17":"product_cat-womens-jewellery","18":"product_cat-yellow-gold-jewellery","19":"product_tag-22-carat-gold-chain","20":"product_tag-chains","22":"first","23":"outofstock","24":"taxable","25":"shipping-taxable","26":"product-type-simple","27":"add-to-wishlist-before_image"},"yoast_head":"<!-- This site is optimized with the Yoast SEO plugin v27.5 - https:\/\/yoast.com\/product\/yoast-seo-wordpress\/ -->\n<title>Shop this divine 22ct Gold Spiga Chain at PureJewels UK.<\/title>\n<meta name=\"description\" content=\"Shop the charming 22ct Gold Spiga chain in the UK. Daily Wear designed to match your lifestyle. Fast delivery &amp; easy returns.\" \/>\n<meta name=\"robots\" content=\"index, follow, max-snippet:-1, max-image-preview:large, max-video-preview:-1\" \/>\n<link rel=\"canonical\" href=\"https:\/\/www.purejewels.com\/de\/produkt-2\/22ct-gold-spiga-kette-22-zoll-52844\/\" \/>\n<meta property=\"og:locale\" content=\"de_DE\" \/>\n<meta property=\"og:type\" content=\"article\" \/>\n<meta property=\"og:title\" content=\"Shop this divine 22ct Gold Spiga Chain at PureJewels UK.\" \/>\n<meta property=\"og:description\" content=\"Shop the charming 22ct Gold Spiga chain in the UK. Daily Wear designed to match your lifestyle. Fast delivery &amp; easy returns.\" \/>\n<meta property=\"og:url\" content=\"https:\/\/www.purejewels.com\/de\/produkt-2\/22ct-gold-spiga-kette-22-zoll-52844\/\" \/>\n<meta property=\"og:site_name\" content=\"PureJewels UK\" \/>\n<meta property=\"article:modified_time\" content=\"2025-11-21T14:53:38+00:00\" \/>\n<meta property=\"og:image\" content=\"https:\/\/www.purejewels.com\/wp-content\/uploads\/2020\/02\/SKU-45471-scaled.jpg\" \/>\n\t<meta property=\"og:image:width\" content=\"2560\" \/>\n\t<meta property=\"og:image:height\" content=\"2560\" \/>\n\t<meta property=\"og:image:type\" content=\"image\/jpeg\" \/>\n<meta name=\"twitter:card\" content=\"summary_large_image\" \/>\n<meta name=\"twitter:label1\" content=\"Gesch\u00e4tzte Lesezeit\" \/>\n\t<meta name=\"twitter:data1\" content=\"2\u00a0Minuten\" \/>\n<script type=\"application\/ld+json\" class=\"yoast-schema-graph\">{\"@context\":\"https:\\\/\\\/schema.org\",\"@graph\":[{\"@type\":[\"WebPage\",\"ItemPage\"],\"@id\":\"https:\\\/\\\/www.purejewels.com\\\/product\\\/22ct-gold-spiga-chain-22-inches-52844\\\/\",\"url\":\"https:\\\/\\\/www.purejewels.com\\\/product\\\/22ct-gold-spiga-chain-22-inches-52844\\\/\",\"name\":\"Shop this divine 22ct Gold Spiga Chain at PureJewels UK.\",\"isPartOf\":{\"@id\":\"https:\\\/\\\/www.purejewels.com\\\/#website\"},\"primaryImageOfPage\":{\"@id\":\"https:\\\/\\\/www.purejewels.com\\\/product\\\/22ct-gold-spiga-chain-22-inches-52844\\\/#primaryimage\"},\"image\":{\"@id\":\"https:\\\/\\\/www.purejewels.com\\\/product\\\/22ct-gold-spiga-chain-22-inches-52844\\\/#primaryimage\"},\"thumbnailUrl\":\"https:\\\/\\\/static.purejewels.com\\\/wp-content\\\/uploads\\\/2020\\\/02\\\/SKU-45471-scaled.jpg\",\"datePublished\":\"2023-11-25T09:18:43+00:00\",\"dateModified\":\"2025-11-21T14:53:38+00:00\",\"description\":\"Shop the charming 22ct Gold Spiga chain in the UK. Daily Wear designed to match your lifestyle. Fast delivery & easy returns.\",\"breadcrumb\":{\"@id\":\"https:\\\/\\\/www.purejewels.com\\\/product\\\/22ct-gold-spiga-chain-22-inches-52844\\\/#breadcrumb\"},\"inLanguage\":\"de\",\"potentialAction\":[{\"@type\":\"ReadAction\",\"target\":[\"https:\\\/\\\/www.purejewels.com\\\/product\\\/22ct-gold-spiga-chain-22-inches-52844\\\/\"]}]},{\"@type\":\"ImageObject\",\"inLanguage\":\"de\",\"@id\":\"https:\\\/\\\/www.purejewels.com\\\/product\\\/22ct-gold-spiga-chain-22-inches-52844\\\/#primaryimage\",\"url\":\"https:\\\/\\\/static.purejewels.com\\\/wp-content\\\/uploads\\\/2020\\\/02\\\/SKU-45471-scaled.jpg\",\"contentUrl\":\"https:\\\/\\\/static.purejewels.com\\\/wp-content\\\/uploads\\\/2020\\\/02\\\/SKU-45471-scaled.jpg\",\"width\":2560,\"height\":2560,\"caption\":\"22ct Gold Spiga Chain\"},{\"@type\":\"BreadcrumbList\",\"@id\":\"https:\\\/\\\/www.purejewels.com\\\/product\\\/22ct-gold-spiga-chain-22-inches-52844\\\/#breadcrumb\",\"itemListElement\":[{\"@type\":\"ListItem\",\"position\":1,\"name\":\"Home\",\"item\":\"https:\\\/\\\/www.purejewels.com\\\/\"},{\"@type\":\"ListItem\",\"position\":2,\"name\":\"Shop\",\"item\":\"https:\\\/\\\/www.purejewels.com\\\/shop\\\/\"},{\"@type\":\"ListItem\",\"position\":3,\"name\":\"22ct Gold | Spiga Chain | 22 Inches\"}]},{\"@type\":\"WebSite\",\"@id\":\"https:\\\/\\\/www.purejewels.com\\\/#website\",\"url\":\"https:\\\/\\\/www.purejewels.com\\\/\",\"name\":\"PureJewels UK\",\"description\":\"Share the Love\",\"publisher\":{\"@id\":\"https:\\\/\\\/www.purejewels.com\\\/#organization\"},\"potentialAction\":[{\"@type\":\"SearchAction\",\"target\":{\"@type\":\"EntryPoint\",\"urlTemplate\":\"https:\\\/\\\/www.purejewels.com\\\/?s={search_term_string}\"},\"query-input\":{\"@type\":\"PropertyValueSpecification\",\"valueRequired\":true,\"valueName\":\"search_term_string\"}}],\"inLanguage\":\"de\"},{\"@type\":\"Organization\",\"@id\":\"https:\\\/\\\/www.purejewels.com\\\/#organization\",\"name\":\"PureJewels UK\",\"url\":\"https:\\\/\\\/www.purejewels.com\\\/\",\"logo\":{\"@type\":\"ImageObject\",\"inLanguage\":\"de\",\"@id\":\"https:\\\/\\\/www.purejewels.com\\\/#\\\/schema\\\/logo\\\/image\\\/\",\"url\":\"https:\\\/\\\/static.purejewels.com\\\/wp-content\\\/uploads\\\/2020\\\/11\\\/Logo-PJ-New-1.png\",\"contentUrl\":\"https:\\\/\\\/static.purejewels.com\\\/wp-content\\\/uploads\\\/2020\\\/11\\\/Logo-PJ-New-1.png\",\"width\":150,\"height\":80,\"caption\":\"PureJewels UK\"},\"image\":{\"@id\":\"https:\\\/\\\/www.purejewels.com\\\/#\\\/schema\\\/logo\\\/image\\\/\"}}]}<\/script>\n<!-- \/ Yoast SEO plugin. -->","yoast_head_json":{"title":"Kaufen Sie diese g\u00f6ttliche 22ct Gold Spiga Kette bei PureJewels UK.","description":"Shoppen Sie die charmante 22ct Gold Spiga Kette in Gro\u00dfbritannien. T\u00e4gliche Kleidung, die zu Ihrem Lebensstil passt. Schnelle Lieferung &amp; einfache R\u00fcckgabe.","robots":{"index":"index","follow":"follow","max-snippet":"max-snippet:-1","max-image-preview":"max-image-preview:large","max-video-preview":"max-video-preview:-1"},"canonical":"https:\/\/www.purejewels.com\/de\/produkt-2\/22ct-gold-spiga-kette-22-zoll-52844\/","og_locale":"de_DE","og_type":"article","og_title":"Shop this divine 22ct Gold Spiga Chain at PureJewels UK.","og_description":"Shop the charming 22ct Gold Spiga chain in the UK. Daily Wear designed to match your lifestyle. Fast delivery & easy returns.","og_url":"https:\/\/www.purejewels.com\/de\/produkt-2\/22ct-gold-spiga-kette-22-zoll-52844\/","og_site_name":"PureJewels UK","article_modified_time":"2025-11-21T14:53:38+00:00","og_image":[{"width":2560,"height":2560,"url":"https:\/\/www.purejewels.com\/wp-content\/uploads\/2020\/02\/SKU-45471-scaled.jpg","type":"image\/jpeg"}],"twitter_card":"summary_large_image","twitter_misc":{"Gesch\u00e4tzte Lesezeit":"2\u00a0Minuten"},"schema":{"@context":"https:\/\/schema.org","@graph":[{"@type":["WebPage","ItemPage"],"@id":"https:\/\/www.purejewels.com\/product\/22ct-gold-spiga-chain-22-inches-52844\/","url":"https:\/\/www.purejewels.com\/product\/22ct-gold-spiga-chain-22-inches-52844\/","name":"Kaufen Sie diese g\u00f6ttliche 22ct Gold Spiga Kette bei PureJewels UK.","isPartOf":{"@id":"https:\/\/www.purejewels.com\/#website"},"primaryImageOfPage":{"@id":"https:\/\/www.purejewels.com\/product\/22ct-gold-spiga-chain-22-inches-52844\/#primaryimage"},"image":{"@id":"https:\/\/www.purejewels.com\/product\/22ct-gold-spiga-chain-22-inches-52844\/#primaryimage"},"thumbnailUrl":"https:\/\/static.purejewels.com\/wp-content\/uploads\/2020\/02\/SKU-45471-scaled.jpg","datePublished":"2023-11-25T09:18:43+00:00","dateModified":"2025-11-21T14:53:38+00:00","description":"Shoppen Sie die charmante 22ct Gold Spiga Kette in Gro\u00dfbritannien. T\u00e4gliche Kleidung, die zu Ihrem Lebensstil passt. Schnelle Lieferung &amp; einfache R\u00fcckgabe.","breadcrumb":{"@id":"https:\/\/www.purejewels.com\/product\/22ct-gold-spiga-chain-22-inches-52844\/#breadcrumb"},"inLanguage":"de","potentialAction":[{"@type":"ReadAction","target":["https:\/\/www.purejewels.com\/product\/22ct-gold-spiga-chain-22-inches-52844\/"]}]},{"@type":"ImageObject","inLanguage":"de","@id":"https:\/\/www.purejewels.com\/product\/22ct-gold-spiga-chain-22-inches-52844\/#primaryimage","url":"https:\/\/static.purejewels.com\/wp-content\/uploads\/2020\/02\/SKU-45471-scaled.jpg","contentUrl":"https:\/\/static.purejewels.com\/wp-content\/uploads\/2020\/02\/SKU-45471-scaled.jpg","width":2560,"height":2560,"caption":"22ct Gold Spiga Chain"},{"@type":"BreadcrumbList","@id":"https:\/\/www.purejewels.com\/product\/22ct-gold-spiga-chain-22-inches-52844\/#breadcrumb","itemListElement":[{"@type":"ListItem","position":1,"name":"Home","item":"https:\/\/www.purejewels.com\/"},{"@type":"ListItem","position":2,"name":"Shop","item":"https:\/\/www.purejewels.com\/shop\/"},{"@type":"ListItem","position":3,"name":"22ct Gold | Spiga Chain | 22 Inches"}]},{"@type":"WebSite","@id":"https:\/\/www.purejewels.com\/#website","url":"https:\/\/www.purejewels.com\/","name":"PureJewels UK","description":"Teile die Liebe","publisher":{"@id":"https:\/\/www.purejewels.com\/#organization"},"potentialAction":[{"@type":"SearchAction","target":{"@type":"EntryPoint","urlTemplate":"https:\/\/www.purejewels.com\/?s={search_term_string}"},"query-input":{"@type":"PropertyValueSpecification","valueRequired":true,"valueName":"search_term_string"}}],"inLanguage":"de"},{"@type":"Organization","@id":"https:\/\/www.purejewels.com\/#organization","name":"PureJewels UK","url":"https:\/\/www.purejewels.com\/","logo":{"@type":"ImageObject","inLanguage":"de","@id":"https:\/\/www.purejewels.com\/#\/schema\/logo\/image\/","url":"https:\/\/static.purejewels.com\/wp-content\/uploads\/2020\/11\/Logo-PJ-New-1.png","contentUrl":"https:\/\/static.purejewels.com\/wp-content\/uploads\/2020\/11\/Logo-PJ-New-1.png","width":150,"height":80,"caption":"PureJewels UK"},"image":{"@id":"https:\/\/www.purejewels.com\/#\/schema\/logo\/image\/"}}]}},"_links":{"self":[{"href":"https:\/\/www.purejewels.com\/de\/wp-json\/wp\/v2\/product\/312862","targetHints":{"allow":["GET"]}}],"collection":[{"href":"https:\/\/www.purejewels.com\/de\/wp-json\/wp\/v2\/product"}],"about":[{"href":"https:\/\/www.purejewels.com\/de\/wp-json\/wp\/v2\/types\/product"}],"replies":[{"embeddable":true,"href":"https:\/\/www.purejewels.com\/de\/wp-json\/wp\/v2\/comments?post=312862"}],"version-history":[{"count":3,"href":"https:\/\/www.purejewels.com\/de\/wp-json\/wp\/v2\/product\/312862\/revisions"}],"predecessor-version":[{"id":412091,"href":"https:\/\/www.purejewels.com\/de\/wp-json\/wp\/v2\/product\/312862\/revisions\/412091"}],"wp:featuredmedia":[{"embeddable":true,"href":"https:\/\/www.purejewels.com\/de\/wp-json\/wp\/v2\/media\/347908"}],"wp:attachment":[{"href":"https:\/\/www.purejewels.com\/de\/wp-json\/wp\/v2\/media?parent=312862"}],"wp:term":[{"taxonomy":"product_brand","embeddable":true,"href":"https:\/\/www.purejewels.com\/de\/wp-json\/wp\/v2\/product_brand?post=312862"},{"taxonomy":"product_cat","embeddable":true,"href":"https:\/\/www.purejewels.com\/de\/wp-json\/wp\/v2\/product_cat?post=312862"},{"taxonomy":"product_tag","embeddable":true,"href":"https:\/\/www.purejewels.com\/de\/wp-json\/wp\/v2\/product_tag?post=312862"}],"curies":[{"name":"wp","href":"https:\/\/api.w.org\/{rel}","templated":true}]}}